{"id":2666,"date":"2019-02-11T08:08:29","date_gmt":"2019-02-11T07:08:29","guid":{"rendered":"https:\/\/sysmatec.ch\/produit\/balance-kern-kb\/"},"modified":"2022-03-05T11:07:50","modified_gmt":"2022-03-05T10:07:50","slug":"waage-kern-kb","status":"publish","type":"product","link":"https:\/\/sysmatec.ch\/de\/Produkt\/waage-kern-kb\/","title":{"rendered":"Waage KERN KB"},"content":{"rendered":"<ul>\n<li>Gut geeignet f\u00fcr eichpflichtige Anwendungen \u2013 hochpr\u00e4zise Pr\u00e4zisionswaage mit Eichzulassung [M]<\/li>\n<li>Scht\u00fcckz\u00e4hlen-Funktion. Genaues Z\u00e4hlen: Die automatische Referenzoptimierung verbessert stufenweise den Durchschnittswert des Teilegewichts<\/li>\n<li>Numerischer Taravorabzug f\u00fcr bekanntes Beh\u00e4ltergewicht. N\u00fctzlich bei F\u00fcllmengenkontrollen<\/li>\n<li>Bedienerf\u00fchrung Step by Step im Display<\/li>\n<li>Netzadapter 220 V \/ 9 V inklusiv<\/li>\n<li>Datenschnittstelle: RS232<\/li>\n<li>Datentransfert an PC oder Drucker (ISO\/GLP Protokolierung) wie:\n<ul>\n<li>KERN YKT-01<\/li>\n<li>KERN YKB-01<\/li>\n<\/ul>\n<\/li>\n<li>Edelstahl W\u00e4geplatte<\/li>\n<li>Abmessung (BxTxH): 165 x 230 x 80 mm<\/li>\n<li>Modelle KB650-2NM und KB6500-1NM auch mit Eichzulassung (M)<\/li>\n<li>Zul\u00e4ssiger Umgebungstemperaturbereich: KB-N: 10 \u00b0C\/40 \u00b0C, KB-NM: 10 \u00b0C\/30 \u00b0C<\/li>\n<\/ul>\n<table border=\"1\" width=\"636\" cellspacing=\"0\" cellpadding=\"2\">\n<tbody>\n<tr>\n<td>Modell<\/td>\n<td width=\"10%\">Ablesbarkeit<\/td>\n<td width=\"10%\">W\u00e4gebereich<\/td>\n<td width=\"10%\">Reproduzierbarkeit<\/td>\n<td width=\"10%\">Linearit\u00e4t<\/td>\n<td width=\"10%\">W\u00e4geplatte<\/td>\n<\/tr>\n<tr>\n<td><\/td>\n<td width=\"10%\">g<\/td>\n<td width=\"10%\">g<\/td>\n<td width=\"10%\">g<\/td>\n<td width=\"10%\">g<\/td>\n<td width=\"10%\">mm<\/td>\n<\/tr>\n<tr>\n<td>KB120-3N<\/td>\n<td width=\"10%\">0,001<\/td>\n<td width=\"10%\">120<\/td>\n<td width=\"10%\">0,001<\/td>\n<td width=\"10%\">\u00b10,003<\/td>\n<td width=\"10%\">Durch. 81<\/td>\n<\/tr>\n<tr>\n<td>KB240-3N<\/td>\n<td width=\"10%\">0,001<\/td>\n<td width=\"10%\">240<\/td>\n<td width=\"10%\">0,001<\/td>\n<td width=\"10%\">\u00b10,003<\/td>\n<td width=\"10%\">Durch. 81<\/td>\n<\/tr>\n<tr>\n<td>KB360-3N<\/td>\n<td width=\"10%\">0,001<\/td>\n<td width=\"10%\">360<\/td>\n<td width=\"10%\">0,001<\/td>\n<td width=\"10%\">\u00b10,005<\/td>\n<td width=\"10%\">Durch. 81<\/td>\n<\/tr>\n<tr>\n<td>KB1200-2N<\/td>\n<td width=\"10%\">0,01<\/td>\n<td width=\"10%\">1200<\/td>\n<td width=\"10%\">0,01<\/td>\n<td width=\"10%\">\u00b10,03<\/td>\n<td width=\"10%\">130&#215;130<\/td>\n<\/tr>\n<tr>\n<td>KB2000-2N<\/td>\n<td width=\"10%\">0,01<\/td>\n<td width=\"10%\">2000<\/td>\n<td width=\"10%\">0,01<\/td>\n<td width=\"10%\">\u00b10,03<\/td>\n<td width=\"10%\">130&#215;130<\/td>\n<\/tr>\n<tr>\n<td>KB2400-2N<\/td>\n<td width=\"10%\">0,01<\/td>\n<td width=\"10%\">2400<\/td>\n<td width=\"10%\">0,01<\/td>\n<td width=\"10%\">\u00b10,03<\/td>\n<td width=\"10%\">130&#215;130<\/td>\n<\/tr>\n<tr>\n<td>KB3600-2N<\/td>\n<td width=\"10%\">0,01<\/td>\n<td width=\"10%\">3600<\/td>\n<td width=\"10%\">0,01<\/td>\n<td width=\"10%\">\u00b10,05<\/td>\n<td width=\"10%\">130&#215;130<\/td>\n<\/tr>\n<tr>\n<td>KB10K0.05N<\/td>\n<td width=\"10%\">0,05<\/td>\n<td width=\"10%\">10000<\/td>\n<td width=\"10%\">0,05<\/td>\n<td width=\"10%\">\u00b10,15<\/td>\n<td width=\"10%\">150&#215;170<\/td>\n<\/tr>\n<tr>\n<td>KB10000-1N<\/td>\n<td width=\"10%\">0,1<\/td>\n<td width=\"10%\">10000<\/td>\n<td width=\"10%\">0,1<\/td>\n<td width=\"10%\">\u00b10,3<\/td>\n<td width=\"10%\">150&#215;170<\/td>\n<\/tr>\n<tr>\n<td>KB650-2NM<\/td>\n<td width=\"10%\">0,01<\/td>\n<td width=\"10%\">650<\/td>\n<td width=\"10%\">0,01<\/td>\n<td width=\"10%\">0,03<\/td>\n<td width=\"10%\">130&#215;130<\/td>\n<\/tr>\n<tr>\n<td>KB6500-1NM<\/td>\n<td width=\"10%\">0,1<\/td>\n<td width=\"10%\">6500<\/td>\n<td width=\"10%\">0,1<\/td>\n<td width=\"10%\">0,3<\/td>\n<td width=\"10%\">150&#215;170<\/td>\n<\/tr>\n<\/tbody>\n<\/table>\n","protected":false},"excerpt":{"rendered":"<p>Laborwaage 0-120 g bis 0-10000 g<\/p>\n","protected":false},"featured_media":22590,"template":"","meta":{"_crdt_document":""},"product_brand":[],"product_cat":[165,346],"product_tag":[],"class_list":{"0":"post-2666","1":"product","2":"type-product","3":"status-publish","4":"has-post-thumbnail","6":"product_cat-gewicht","7":"product_cat-labor","9":"first","10":"instock","11":"taxable","12":"shipping-taxable","13":"purchasable","14":"product-type-variable"},"yoast_head":"<!-- This site is optimized with the Yoast SEO plugin v27.3 - https:\/\/yoast.com\/product\/yoast-seo-wordpress\/ -->\n<title>Waage KERN KB - Sysmatec<\/title>\n<meta name=\"description\" content=\"Kompakte und einfach zu bedienende zertifizierte Pr\u00e4zisions-Laborwaage. Verschiedene Versionen mit Messbereichen von 0-120 bis 0-10000 g.\" \/>\n<meta name=\"robots\" content=\"index, follow, max-snippet:-1, max-image-preview:large, max-video-preview:-1\" \/>\n<link rel=\"canonical\" href=\"https:\/\/sysmatec.ch\/de\/produit\/waage-kern-kb\/\" \/>\n<meta property=\"og:locale\" content=\"de_DE\" \/>\n<meta property=\"og:type\" content=\"article\" \/>\n<meta property=\"og:title\" content=\"Waage KERN KB - Sysmatec\" \/>\n<meta property=\"og:description\" content=\"Kompakte und einfach zu bedienende zertifizierte Pr\u00e4zisions-Laborwaage. Verschiedene Versionen mit Messbereichen von 0-120 bis 0-10000 g.\" \/>\n<meta property=\"og:url\" content=\"https:\/\/sysmatec.ch\/de\/produit\/waage-kern-kb\/\" \/>\n<meta property=\"og:site_name\" content=\"Sysmatec\" \/>\n<meta property=\"article:modified_time\" content=\"2022-03-05T10:07:50+00:00\" \/>\n<meta property=\"og:image\" content=\"https:\/\/sysmatec.ch\/wp-content\/uploads\/2019\/02\/Balance_KB-6500-1N.jpg\" \/>\n\t<meta property=\"og:image:width\" content=\"894\" \/>\n\t<meta property=\"og:image:height\" content=\"800\" \/>\n\t<meta property=\"og:image:type\" content=\"image\/jpeg\" \/>\n<meta name=\"twitter:card\" content=\"summary_large_image\" \/>\n<meta name=\"twitter:label1\" content=\"Gesch\u00e4tzte Lesezeit\" \/>\n\t<meta name=\"twitter:data1\" content=\"1\u00a0Minute\" \/>\n<script type=\"application\/ld+json\" class=\"yoast-schema-graph\">{\"@context\":\"https:\\\/\\\/schema.org\",\"@graph\":[{\"@type\":\"WebPage\",\"@id\":\"https:\\\/\\\/sysmatec.ch\\\/de\\\/produit\\\/waage-kern-kb\\\/\",\"url\":\"https:\\\/\\\/sysmatec.ch\\\/de\\\/produit\\\/waage-kern-kb\\\/\",\"name\":\"Waage KERN KB - Sysmatec\",\"isPartOf\":{\"@id\":\"https:\\\/\\\/sysmatec.ch\\\/de\\\/#website\"},\"primaryImageOfPage\":{\"@id\":\"https:\\\/\\\/sysmatec.ch\\\/de\\\/produit\\\/waage-kern-kb\\\/#primaryimage\"},\"image\":{\"@id\":\"https:\\\/\\\/sysmatec.ch\\\/de\\\/produit\\\/waage-kern-kb\\\/#primaryimage\"},\"thumbnailUrl\":\"https:\\\/\\\/sysmatec.ch\\\/wp-content\\\/uploads\\\/2019\\\/02\\\/Balance_KB-6500-1N.jpg\",\"datePublished\":\"2019-02-11T07:08:29+00:00\",\"dateModified\":\"2022-03-05T10:07:50+00:00\",\"description\":\"Kompakte und einfach zu bedienende zertifizierte Pr\u00e4zisions-Laborwaage. Verschiedene Versionen mit Messbereichen von 0-120 bis 0-10000 g.\",\"breadcrumb\":{\"@id\":\"https:\\\/\\\/sysmatec.ch\\\/de\\\/produit\\\/waage-kern-kb\\\/#breadcrumb\"},\"inLanguage\":\"de\",\"potentialAction\":[{\"@type\":\"ReadAction\",\"target\":[\"https:\\\/\\\/sysmatec.ch\\\/de\\\/produit\\\/waage-kern-kb\\\/\"]}]},{\"@type\":\"ImageObject\",\"inLanguage\":\"de\",\"@id\":\"https:\\\/\\\/sysmatec.ch\\\/de\\\/produit\\\/waage-kern-kb\\\/#primaryimage\",\"url\":\"https:\\\/\\\/sysmatec.ch\\\/wp-content\\\/uploads\\\/2019\\\/02\\\/Balance_KB-6500-1N.jpg\",\"contentUrl\":\"https:\\\/\\\/sysmatec.ch\\\/wp-content\\\/uploads\\\/2019\\\/02\\\/Balance_KB-6500-1N.jpg\",\"width\":894,\"height\":800,\"caption\":\"OLYMPUS DIGITAL CAMERA\"},{\"@type\":\"BreadcrumbList\",\"@id\":\"https:\\\/\\\/sysmatec.ch\\\/de\\\/produit\\\/waage-kern-kb\\\/#breadcrumb\",\"itemListElement\":[{\"@type\":\"ListItem\",\"position\":1,\"name\":\"Accueil\",\"item\":\"https:\\\/\\\/sysmatec.ch\\\/de\\\/\"},{\"@type\":\"ListItem\",\"position\":2,\"name\":\"Die Aktivit\u00e4t von Sysmatec\",\"item\":\"https:\\\/\\\/sysmatec.ch\\\/de\\\/\"},{\"@type\":\"ListItem\",\"position\":3,\"name\":\"Waage KERN KB\"}]},{\"@type\":\"WebSite\",\"@id\":\"https:\\\/\\\/sysmatec.ch\\\/de\\\/#website\",\"url\":\"https:\\\/\\\/sysmatec.ch\\\/de\\\/\",\"name\":\"Sysmatec\",\"description\":\"Equipement de laboratoire et logiciels\",\"publisher\":{\"@id\":\"https:\\\/\\\/sysmatec.ch\\\/de\\\/#organization\"},\"potentialAction\":[{\"@type\":\"SearchAction\",\"target\":{\"@type\":\"EntryPoint\",\"urlTemplate\":\"https:\\\/\\\/sysmatec.ch\\\/de\\\/?s={search_term_string}\"},\"query-input\":{\"@type\":\"PropertyValueSpecification\",\"valueRequired\":true,\"valueName\":\"search_term_string\"}}],\"inLanguage\":\"de\"},{\"@type\":\"Organization\",\"@id\":\"https:\\\/\\\/sysmatec.ch\\\/de\\\/#organization\",\"name\":\"Sysmatec\",\"url\":\"https:\\\/\\\/sysmatec.ch\\\/de\\\/\",\"logo\":{\"@type\":\"ImageObject\",\"inLanguage\":\"de\",\"@id\":\"https:\\\/\\\/sysmatec.ch\\\/de\\\/#\\\/schema\\\/logo\\\/image\\\/\",\"url\":\"https:\\\/\\\/sysmatec.ch\\\/wp-content\\\/uploads\\\/2018\\\/11\\\/LogoSysmatec.jpg\",\"contentUrl\":\"https:\\\/\\\/sysmatec.ch\\\/wp-content\\\/uploads\\\/2018\\\/11\\\/LogoSysmatec.jpg\",\"width\":301,\"height\":297,\"caption\":\"Sysmatec\"},\"image\":{\"@id\":\"https:\\\/\\\/sysmatec.ch\\\/de\\\/#\\\/schema\\\/logo\\\/image\\\/\"}}]}<\/script>\n<!-- \/ Yoast SEO plugin. -->","yoast_head_json":{"title":"Waage KERN KB - Sysmatec","description":"Kompakte und einfach zu bedienende zertifizierte Pr\u00e4zisions-Laborwaage. Verschiedene Versionen mit Messbereichen von 0-120 bis 0-10000 g.","robots":{"index":"index","follow":"follow","max-snippet":"max-snippet:-1","max-image-preview":"max-image-preview:large","max-video-preview":"max-video-preview:-1"},"canonical":"https:\/\/sysmatec.ch\/de\/produit\/waage-kern-kb\/","og_locale":"de_DE","og_type":"article","og_title":"Waage KERN KB - Sysmatec","og_description":"Kompakte und einfach zu bedienende zertifizierte Pr\u00e4zisions-Laborwaage. Verschiedene Versionen mit Messbereichen von 0-120 bis 0-10000 g.","og_url":"https:\/\/sysmatec.ch\/de\/produit\/waage-kern-kb\/","og_site_name":"Sysmatec","article_modified_time":"2022-03-05T10:07:50+00:00","og_image":[{"width":894,"height":800,"url":"https:\/\/sysmatec.ch\/wp-content\/uploads\/2019\/02\/Balance_KB-6500-1N.jpg","type":"image\/jpeg"}],"twitter_card":"summary_large_image","twitter_misc":{"Gesch\u00e4tzte Lesezeit":"1\u00a0Minute"},"schema":{"@context":"https:\/\/schema.org","@graph":[{"@type":"WebPage","@id":"https:\/\/sysmatec.ch\/de\/produit\/waage-kern-kb\/","url":"https:\/\/sysmatec.ch\/de\/produit\/waage-kern-kb\/","name":"Waage KERN KB - Sysmatec","isPartOf":{"@id":"https:\/\/sysmatec.ch\/de\/#website"},"primaryImageOfPage":{"@id":"https:\/\/sysmatec.ch\/de\/produit\/waage-kern-kb\/#primaryimage"},"image":{"@id":"https:\/\/sysmatec.ch\/de\/produit\/waage-kern-kb\/#primaryimage"},"thumbnailUrl":"https:\/\/sysmatec.ch\/wp-content\/uploads\/2019\/02\/Balance_KB-6500-1N.jpg","datePublished":"2019-02-11T07:08:29+00:00","dateModified":"2022-03-05T10:07:50+00:00","description":"Kompakte und einfach zu bedienende zertifizierte Pr\u00e4zisions-Laborwaage. Verschiedene Versionen mit Messbereichen von 0-120 bis 0-10000 g.","breadcrumb":{"@id":"https:\/\/sysmatec.ch\/de\/produit\/waage-kern-kb\/#breadcrumb"},"inLanguage":"de","potentialAction":[{"@type":"ReadAction","target":["https:\/\/sysmatec.ch\/de\/produit\/waage-kern-kb\/"]}]},{"@type":"ImageObject","inLanguage":"de","@id":"https:\/\/sysmatec.ch\/de\/produit\/waage-kern-kb\/#primaryimage","url":"https:\/\/sysmatec.ch\/wp-content\/uploads\/2019\/02\/Balance_KB-6500-1N.jpg","contentUrl":"https:\/\/sysmatec.ch\/wp-content\/uploads\/2019\/02\/Balance_KB-6500-1N.jpg","width":894,"height":800,"caption":"OLYMPUS DIGITAL CAMERA"},{"@type":"BreadcrumbList","@id":"https:\/\/sysmatec.ch\/de\/produit\/waage-kern-kb\/#breadcrumb","itemListElement":[{"@type":"ListItem","position":1,"name":"Accueil","item":"https:\/\/sysmatec.ch\/de\/"},{"@type":"ListItem","position":2,"name":"Die Aktivit\u00e4t von Sysmatec","item":"https:\/\/sysmatec.ch\/de\/"},{"@type":"ListItem","position":3,"name":"Waage KERN KB"}]},{"@type":"WebSite","@id":"https:\/\/sysmatec.ch\/de\/#website","url":"https:\/\/sysmatec.ch\/de\/","name":"Sysmatec","description":"Equipement de laboratoire et logiciels","publisher":{"@id":"https:\/\/sysmatec.ch\/de\/#organization"},"potentialAction":[{"@type":"SearchAction","target":{"@type":"EntryPoint","urlTemplate":"https:\/\/sysmatec.ch\/de\/?s={search_term_string}"},"query-input":{"@type":"PropertyValueSpecification","valueRequired":true,"valueName":"search_term_string"}}],"inLanguage":"de"},{"@type":"Organization","@id":"https:\/\/sysmatec.ch\/de\/#organization","name":"Sysmatec","url":"https:\/\/sysmatec.ch\/de\/","logo":{"@type":"ImageObject","inLanguage":"de","@id":"https:\/\/sysmatec.ch\/de\/#\/schema\/logo\/image\/","url":"https:\/\/sysmatec.ch\/wp-content\/uploads\/2018\/11\/LogoSysmatec.jpg","contentUrl":"https:\/\/sysmatec.ch\/wp-content\/uploads\/2018\/11\/LogoSysmatec.jpg","width":301,"height":297,"caption":"Sysmatec"},"image":{"@id":"https:\/\/sysmatec.ch\/de\/#\/schema\/logo\/image\/"}}]}},"_links":{"self":[{"href":"https:\/\/sysmatec.ch\/de\/wp-json\/wp\/v2\/product\/2666","targetHints":{"allow":["GET"]}}],"collection":[{"href":"https:\/\/sysmatec.ch\/de\/wp-json\/wp\/v2\/product"}],"about":[{"href":"https:\/\/sysmatec.ch\/de\/wp-json\/wp\/v2\/types\/product"}],"wp:featuredmedia":[{"embeddable":true,"href":"https:\/\/sysmatec.ch\/de\/wp-json\/wp\/v2\/media\/22590"}],"wp:attachment":[{"href":"https:\/\/sysmatec.ch\/de\/wp-json\/wp\/v2\/media?parent=2666"}],"wp:term":[{"taxonomy":"product_brand","embeddable":true,"href":"https:\/\/sysmatec.ch\/de\/wp-json\/wp\/v2\/product_brand?post=2666"},{"taxonomy":"product_cat","embeddable":true,"href":"https:\/\/sysmatec.ch\/de\/wp-json\/wp\/v2\/product_cat?post=2666"},{"taxonomy":"product_tag","embeddable":true,"href":"https:\/\/sysmatec.ch\/de\/wp-json\/wp\/v2\/product_tag?post=2666"}],"curies":[{"name":"wp","href":"https:\/\/api.w.org\/{rel}","templated":true}]}}