{"id":2653,"date":"2019-02-10T21:03:13","date_gmt":"2019-02-10T20:03:13","guid":{"rendered":"https:\/\/sysmatec.ch\/produit\/balance-kern-ew-n-eg-n\/"},"modified":"2022-03-05T11:38:24","modified_gmt":"2022-03-05T10:38:24","slug":"waage-kern-ew-n-eg-n","status":"publish","type":"product","link":"https:\/\/sysmatec.ch\/de\/Produkt\/waage-kern-ew-n-eg-n\/","title":{"rendered":"Waage KERN EW-N\/EG-N"},"content":{"rendered":"<ul>\n<li>Waage mit dem robusten Stimmgabel-W\u00e4gesystem<\/li>\n<li>Kapazit\u00e4tsanzeige: Ein ansteigendes Leuchtband zeigt den noch verf\u00fcgbaren W\u00e4gebereich an<\/li>\n<li>Genaues Z\u00e4hlen: Die automatische Referenzoptimierung verbessert stufenweise den Durchschnittswert des Teilegewichts<\/li>\n<li>Summieren von Z\u00e4hlteilen<\/li>\n<li>Windschutz serienm\u00e4\u00dfig f\u00fcr Modelle mit W\u00e4geplattengr\u00f6\u00dfe \u00d8 118 mm. Abnehmbarer Deckel mit \u00d6ffnung zum Pipettieren, W\u00e4geraum B\u00d7T\u00d7H 158\u00d7130\u00d778 mm<\/li>\n<li>function piece counting<\/li>\n<li>adapter 220 V \/ 9 V included<\/li>\n<li>interface: RS232<\/li>\n<li>data transfert to a computer or a printer (like KERN YKB-01 or\u00a0KERN YKT-01)<\/li>\n<li>stainless steel weighting plate<\/li>\n<li>GLP with printer KERN YKT-01<\/li>\n<li>dimensions (WxDxH): 192 x 265 x 87 mm<\/li>\n<li>EG-NM: Interne Justierschaltung \u00fcber Drehknopf an der Seite garantiert hohe Genauigkeit und macht standortunabh\u00e4ngig<\/li>\n<li>EW-NM: Justierprogramm CAL zum Einstellen der Genauigkeit mittels eines externen Pr\u00fcfgewichts<\/li>\n<\/ul>\n<table border=\"1\" width=\"636\" cellspacing=\"0\" cellpadding=\"2\">\n<tbody>\n<tr>\n<td>Waage Modell<\/td>\n<td width=\"10%\">Ablesbarkeit<\/td>\n<td width=\"10%\">W\u00e4gebereich<\/td>\n<td width=\"10%\">Reproduzierbarkeit<\/td>\n<td width=\"10%\">Linearit\u00e4t<\/td>\n<td width=\"10%\">W\u00e4geplatte<\/td>\n<\/tr>\n<tr>\n<td><\/td>\n<td width=\"10%\">g<\/td>\n<td width=\"10%\">g<\/td>\n<td width=\"10%\">g<\/td>\n<td width=\"10%\">g<\/td>\n<td width=\"10%\">mm<\/td>\n<\/tr>\n<tr>\n<td>EW 220-3NM<\/td>\n<td width=\"10%\">0,001<\/td>\n<td width=\"10%\">220<\/td>\n<td width=\"10%\">0,001<\/td>\n<td width=\"10%\">\u00b10,002<\/td>\n<td width=\"10%\">Durch. 118<\/td>\n<\/tr>\n<tr>\n<td>EW 420-3NM<\/td>\n<td width=\"10%\">0,001<\/td>\n<td width=\"10%\">420<\/td>\n<td width=\"10%\">0,001<\/td>\n<td width=\"10%\">\u00b10,003<\/td>\n<td width=\"10%\">Durch. 118<\/td>\n<\/tr>\n<tr>\n<td>EW 620-2NM<\/td>\n<td width=\"10%\">0,001<\/td>\n<td width=\"10%\">620<\/td>\n<td width=\"10%\">0,001<\/td>\n<td width=\"10%\">\u00b10,003<\/td>\n<td width=\"10%\">Durch. 118<\/td>\n<\/tr>\n<tr>\n<td>EW 820-2NM<\/td>\n<td width=\"10%\">0,01<\/td>\n<td width=\"10%\">820<\/td>\n<td width=\"10%\">0,01<\/td>\n<td width=\"10%\">\u00b10,01<\/td>\n<td width=\"10%\">170&#215;142<\/td>\n<\/tr>\n<tr>\n<td>EW 2200-2NM<\/td>\n<td width=\"10%\">0,01<\/td>\n<td width=\"10%\">2200<\/td>\n<td width=\"10%\">0,01<\/td>\n<td width=\"10%\">\u00b10,01<\/td>\n<td width=\"10%\">180&#215;160<\/td>\n<\/tr>\n<tr>\n<td>EW 4200-2NM<\/td>\n<td width=\"10%\">0,01<\/td>\n<td width=\"10%\">4200<\/td>\n<td width=\"10%\">0,01<\/td>\n<td width=\"10%\">\u00b10,02<\/td>\n<td width=\"10%\">180&#215;160<\/td>\n<\/tr>\n<tr>\n<td>EW 6200-2NM<\/td>\n<td width=\"10%\">0,01<\/td>\n<td width=\"10%\">6200<\/td>\n<td width=\"10%\">0,01<\/td>\n<td width=\"10%\">\u00b10,03<\/td>\n<td width=\"10%\">180&#215;160<\/td>\n<\/tr>\n<tr>\n<td>EW 12000-1NM<\/td>\n<td width=\"10%\">0,1<\/td>\n<td width=\"10%\">12000<\/td>\n<td width=\"10%\">0,1<\/td>\n<td width=\"10%\">\u00b10,2<\/td>\n<td width=\"10%\">180&#215;160<\/td>\n<\/tr>\n<tr>\n<td>EG 220-3NM<\/td>\n<td width=\"10%\">0,001<\/td>\n<td width=\"10%\">220<\/td>\n<td width=\"10%\">0,001<\/td>\n<td width=\"10%\">\u00b10,002<\/td>\n<td width=\"10%\">Durch. 118<\/td>\n<\/tr>\n<tr>\n<td>EG 420-3NM<\/td>\n<td width=\"10%\">0,001<\/td>\n<td width=\"10%\">420<\/td>\n<td width=\"10%\">0,001<\/td>\n<td width=\"10%\">\u00b10,003<\/td>\n<td width=\"10%\">Durch. 118<\/td>\n<\/tr>\n<tr>\n<td>EG 620-3NM<\/td>\n<td width=\"10%\">0,001<\/td>\n<td width=\"10%\">620<\/td>\n<td width=\"10%\">0,001<\/td>\n<td width=\"10%\">\u00b10,003<\/td>\n<td width=\"10%\">Durch. 118<\/td>\n<\/tr>\n<tr>\n<td>EG 2200-2NM<\/td>\n<td width=\"10%\">0,01<\/td>\n<td width=\"10%\">2200<\/td>\n<td width=\"10%\">0,01<\/td>\n<td width=\"10%\">\u00b10,01<\/td>\n<td width=\"10%\">180&#215;160<\/td>\n<\/tr>\n<tr>\n<td>EG 4200-2NM<\/td>\n<td width=\"10%\">0,01<\/td>\n<td width=\"10%\">4200<\/td>\n<td width=\"10%\">0,01<\/td>\n<td width=\"10%\">\u00b10,2<\/td>\n<td width=\"10%\">180&#215;160<\/td>\n<\/tr>\n<\/tbody>\n<\/table>\n","protected":false},"excerpt":{"rendered":"<p>Pr\u00e4zision-Laborwaage 0-220 g bis 0-12000 g<\/p>\n","protected":false},"featured_media":22571,"template":"","meta":{"_crdt_document":""},"product_brand":[],"product_cat":[165,346],"product_tag":[],"class_list":{"0":"post-2653","1":"product","2":"type-product","3":"status-publish","4":"has-post-thumbnail","6":"product_cat-gewicht","7":"product_cat-labor","9":"first","10":"instock","11":"taxable","12":"shipping-taxable","13":"purchasable","14":"product-type-variable"},"yoast_head":"<!-- This site is optimized with the Yoast SEO plugin v27.3 - https:\/\/yoast.com\/product\/yoast-seo-wordpress\/ -->\n<title>Waage KERN EW-N\/EG-N - Sysmatec<\/title>\n<meta name=\"description\" content=\"Kompakte und einfach zu bedienende Pr\u00e4zisions-Laborwaage. Verschiedene Versionen mit Messbereichen von 0-220 bis 0-12000 g.\" \/>\n<meta name=\"robots\" content=\"index, follow, max-snippet:-1, max-image-preview:large, max-video-preview:-1\" \/>\n<link rel=\"canonical\" href=\"https:\/\/sysmatec.ch\/de\/produit\/waage-kern-ew-n-eg-n\/\" \/>\n<meta property=\"og:locale\" content=\"de_DE\" \/>\n<meta property=\"og:type\" content=\"article\" \/>\n<meta property=\"og:title\" content=\"Waage KERN EW-N\/EG-N - Sysmatec\" \/>\n<meta property=\"og:description\" content=\"Kompakte und einfach zu bedienende Pr\u00e4zisions-Laborwaage. Verschiedene Versionen mit Messbereichen von 0-220 bis 0-12000 g.\" \/>\n<meta property=\"og:url\" content=\"https:\/\/sysmatec.ch\/de\/produit\/waage-kern-ew-n-eg-n\/\" \/>\n<meta property=\"og:site_name\" content=\"Sysmatec\" \/>\n<meta property=\"article:modified_time\" content=\"2022-03-05T10:38:24+00:00\" \/>\n<meta property=\"og:image\" content=\"https:\/\/sysmatec.ch\/wp-content\/uploads\/2019\/02\/Balance_EW-N.jpg\" \/>\n\t<meta property=\"og:image:width\" content=\"1716\" \/>\n\t<meta property=\"og:image:height\" content=\"1580\" \/>\n\t<meta property=\"og:image:type\" content=\"image\/jpeg\" \/>\n<meta name=\"twitter:card\" content=\"summary_large_image\" \/>\n<meta name=\"twitter:label1\" content=\"Gesch\u00e4tzte Lesezeit\" \/>\n\t<meta name=\"twitter:data1\" content=\"1\u00a0Minute\" \/>\n<script type=\"application\/ld+json\" class=\"yoast-schema-graph\">{\"@context\":\"https:\\\/\\\/schema.org\",\"@graph\":[{\"@type\":\"WebPage\",\"@id\":\"https:\\\/\\\/sysmatec.ch\\\/de\\\/produit\\\/waage-kern-ew-n-eg-n\\\/\",\"url\":\"https:\\\/\\\/sysmatec.ch\\\/de\\\/produit\\\/waage-kern-ew-n-eg-n\\\/\",\"name\":\"Waage KERN EW-N\\\/EG-N - Sysmatec\",\"isPartOf\":{\"@id\":\"https:\\\/\\\/sysmatec.ch\\\/de\\\/#website\"},\"primaryImageOfPage\":{\"@id\":\"https:\\\/\\\/sysmatec.ch\\\/de\\\/produit\\\/waage-kern-ew-n-eg-n\\\/#primaryimage\"},\"image\":{\"@id\":\"https:\\\/\\\/sysmatec.ch\\\/de\\\/produit\\\/waage-kern-ew-n-eg-n\\\/#primaryimage\"},\"thumbnailUrl\":\"https:\\\/\\\/sysmatec.ch\\\/wp-content\\\/uploads\\\/2019\\\/02\\\/Balance_EW-N.jpg\",\"datePublished\":\"2019-02-10T20:03:13+00:00\",\"dateModified\":\"2022-03-05T10:38:24+00:00\",\"description\":\"Kompakte und einfach zu bedienende Pr\u00e4zisions-Laborwaage. Verschiedene Versionen mit Messbereichen von 0-220 bis 0-12000 g.\",\"breadcrumb\":{\"@id\":\"https:\\\/\\\/sysmatec.ch\\\/de\\\/produit\\\/waage-kern-ew-n-eg-n\\\/#breadcrumb\"},\"inLanguage\":\"de\",\"potentialAction\":[{\"@type\":\"ReadAction\",\"target\":[\"https:\\\/\\\/sysmatec.ch\\\/de\\\/produit\\\/waage-kern-ew-n-eg-n\\\/\"]}]},{\"@type\":\"ImageObject\",\"inLanguage\":\"de\",\"@id\":\"https:\\\/\\\/sysmatec.ch\\\/de\\\/produit\\\/waage-kern-ew-n-eg-n\\\/#primaryimage\",\"url\":\"https:\\\/\\\/sysmatec.ch\\\/wp-content\\\/uploads\\\/2019\\\/02\\\/Balance_EW-N.jpg\",\"contentUrl\":\"https:\\\/\\\/sysmatec.ch\\\/wp-content\\\/uploads\\\/2019\\\/02\\\/Balance_EW-N.jpg\",\"width\":1716,\"height\":1580,\"caption\":\"OLYMPUS DIGITAL CAMERA\"},{\"@type\":\"BreadcrumbList\",\"@id\":\"https:\\\/\\\/sysmatec.ch\\\/de\\\/produit\\\/waage-kern-ew-n-eg-n\\\/#breadcrumb\",\"itemListElement\":[{\"@type\":\"ListItem\",\"position\":1,\"name\":\"Accueil\",\"item\":\"https:\\\/\\\/sysmatec.ch\\\/de\\\/\"},{\"@type\":\"ListItem\",\"position\":2,\"name\":\"Die Aktivit\u00e4t von Sysmatec\",\"item\":\"https:\\\/\\\/sysmatec.ch\\\/de\\\/\"},{\"@type\":\"ListItem\",\"position\":3,\"name\":\"Waage KERN EW-N\\\/EG-N\"}]},{\"@type\":\"WebSite\",\"@id\":\"https:\\\/\\\/sysmatec.ch\\\/de\\\/#website\",\"url\":\"https:\\\/\\\/sysmatec.ch\\\/de\\\/\",\"name\":\"Sysmatec\",\"description\":\"Equipement de laboratoire et logiciels\",\"publisher\":{\"@id\":\"https:\\\/\\\/sysmatec.ch\\\/de\\\/#organization\"},\"potentialAction\":[{\"@type\":\"SearchAction\",\"target\":{\"@type\":\"EntryPoint\",\"urlTemplate\":\"https:\\\/\\\/sysmatec.ch\\\/de\\\/?s={search_term_string}\"},\"query-input\":{\"@type\":\"PropertyValueSpecification\",\"valueRequired\":true,\"valueName\":\"search_term_string\"}}],\"inLanguage\":\"de\"},{\"@type\":\"Organization\",\"@id\":\"https:\\\/\\\/sysmatec.ch\\\/de\\\/#organization\",\"name\":\"Sysmatec\",\"url\":\"https:\\\/\\\/sysmatec.ch\\\/de\\\/\",\"logo\":{\"@type\":\"ImageObject\",\"inLanguage\":\"de\",\"@id\":\"https:\\\/\\\/sysmatec.ch\\\/de\\\/#\\\/schema\\\/logo\\\/image\\\/\",\"url\":\"https:\\\/\\\/sysmatec.ch\\\/wp-content\\\/uploads\\\/2018\\\/11\\\/LogoSysmatec.jpg\",\"contentUrl\":\"https:\\\/\\\/sysmatec.ch\\\/wp-content\\\/uploads\\\/2018\\\/11\\\/LogoSysmatec.jpg\",\"width\":301,\"height\":297,\"caption\":\"Sysmatec\"},\"image\":{\"@id\":\"https:\\\/\\\/sysmatec.ch\\\/de\\\/#\\\/schema\\\/logo\\\/image\\\/\"}}]}<\/script>\n<!-- \/ Yoast SEO plugin. -->","yoast_head_json":{"title":"Waage KERN EW-N\/EG-N - Sysmatec","description":"Kompakte und einfach zu bedienende Pr\u00e4zisions-Laborwaage. Verschiedene Versionen mit Messbereichen von 0-220 bis 0-12000 g.","robots":{"index":"index","follow":"follow","max-snippet":"max-snippet:-1","max-image-preview":"max-image-preview:large","max-video-preview":"max-video-preview:-1"},"canonical":"https:\/\/sysmatec.ch\/de\/produit\/waage-kern-ew-n-eg-n\/","og_locale":"de_DE","og_type":"article","og_title":"Waage KERN EW-N\/EG-N - Sysmatec","og_description":"Kompakte und einfach zu bedienende Pr\u00e4zisions-Laborwaage. Verschiedene Versionen mit Messbereichen von 0-220 bis 0-12000 g.","og_url":"https:\/\/sysmatec.ch\/de\/produit\/waage-kern-ew-n-eg-n\/","og_site_name":"Sysmatec","article_modified_time":"2022-03-05T10:38:24+00:00","og_image":[{"width":1716,"height":1580,"url":"https:\/\/sysmatec.ch\/wp-content\/uploads\/2019\/02\/Balance_EW-N.jpg","type":"image\/jpeg"}],"twitter_card":"summary_large_image","twitter_misc":{"Gesch\u00e4tzte Lesezeit":"1\u00a0Minute"},"schema":{"@context":"https:\/\/schema.org","@graph":[{"@type":"WebPage","@id":"https:\/\/sysmatec.ch\/de\/produit\/waage-kern-ew-n-eg-n\/","url":"https:\/\/sysmatec.ch\/de\/produit\/waage-kern-ew-n-eg-n\/","name":"Waage KERN EW-N\/EG-N - Sysmatec","isPartOf":{"@id":"https:\/\/sysmatec.ch\/de\/#website"},"primaryImageOfPage":{"@id":"https:\/\/sysmatec.ch\/de\/produit\/waage-kern-ew-n-eg-n\/#primaryimage"},"image":{"@id":"https:\/\/sysmatec.ch\/de\/produit\/waage-kern-ew-n-eg-n\/#primaryimage"},"thumbnailUrl":"https:\/\/sysmatec.ch\/wp-content\/uploads\/2019\/02\/Balance_EW-N.jpg","datePublished":"2019-02-10T20:03:13+00:00","dateModified":"2022-03-05T10:38:24+00:00","description":"Kompakte und einfach zu bedienende Pr\u00e4zisions-Laborwaage. Verschiedene Versionen mit Messbereichen von 0-220 bis 0-12000 g.","breadcrumb":{"@id":"https:\/\/sysmatec.ch\/de\/produit\/waage-kern-ew-n-eg-n\/#breadcrumb"},"inLanguage":"de","potentialAction":[{"@type":"ReadAction","target":["https:\/\/sysmatec.ch\/de\/produit\/waage-kern-ew-n-eg-n\/"]}]},{"@type":"ImageObject","inLanguage":"de","@id":"https:\/\/sysmatec.ch\/de\/produit\/waage-kern-ew-n-eg-n\/#primaryimage","url":"https:\/\/sysmatec.ch\/wp-content\/uploads\/2019\/02\/Balance_EW-N.jpg","contentUrl":"https:\/\/sysmatec.ch\/wp-content\/uploads\/2019\/02\/Balance_EW-N.jpg","width":1716,"height":1580,"caption":"OLYMPUS DIGITAL CAMERA"},{"@type":"BreadcrumbList","@id":"https:\/\/sysmatec.ch\/de\/produit\/waage-kern-ew-n-eg-n\/#breadcrumb","itemListElement":[{"@type":"ListItem","position":1,"name":"Accueil","item":"https:\/\/sysmatec.ch\/de\/"},{"@type":"ListItem","position":2,"name":"Die Aktivit\u00e4t von Sysmatec","item":"https:\/\/sysmatec.ch\/de\/"},{"@type":"ListItem","position":3,"name":"Waage KERN EW-N\/EG-N"}]},{"@type":"WebSite","@id":"https:\/\/sysmatec.ch\/de\/#website","url":"https:\/\/sysmatec.ch\/de\/","name":"Sysmatec","description":"Equipement de laboratoire et logiciels","publisher":{"@id":"https:\/\/sysmatec.ch\/de\/#organization"},"potentialAction":[{"@type":"SearchAction","target":{"@type":"EntryPoint","urlTemplate":"https:\/\/sysmatec.ch\/de\/?s={search_term_string}"},"query-input":{"@type":"PropertyValueSpecification","valueRequired":true,"valueName":"search_term_string"}}],"inLanguage":"de"},{"@type":"Organization","@id":"https:\/\/sysmatec.ch\/de\/#organization","name":"Sysmatec","url":"https:\/\/sysmatec.ch\/de\/","logo":{"@type":"ImageObject","inLanguage":"de","@id":"https:\/\/sysmatec.ch\/de\/#\/schema\/logo\/image\/","url":"https:\/\/sysmatec.ch\/wp-content\/uploads\/2018\/11\/LogoSysmatec.jpg","contentUrl":"https:\/\/sysmatec.ch\/wp-content\/uploads\/2018\/11\/LogoSysmatec.jpg","width":301,"height":297,"caption":"Sysmatec"},"image":{"@id":"https:\/\/sysmatec.ch\/de\/#\/schema\/logo\/image\/"}}]}},"_links":{"self":[{"href":"https:\/\/sysmatec.ch\/de\/wp-json\/wp\/v2\/product\/2653","targetHints":{"allow":["GET"]}}],"collection":[{"href":"https:\/\/sysmatec.ch\/de\/wp-json\/wp\/v2\/product"}],"about":[{"href":"https:\/\/sysmatec.ch\/de\/wp-json\/wp\/v2\/types\/product"}],"wp:featuredmedia":[{"embeddable":true,"href":"https:\/\/sysmatec.ch\/de\/wp-json\/wp\/v2\/media\/22571"}],"wp:attachment":[{"href":"https:\/\/sysmatec.ch\/de\/wp-json\/wp\/v2\/media?parent=2653"}],"wp:term":[{"taxonomy":"product_brand","embeddable":true,"href":"https:\/\/sysmatec.ch\/de\/wp-json\/wp\/v2\/product_brand?post=2653"},{"taxonomy":"product_cat","embeddable":true,"href":"https:\/\/sysmatec.ch\/de\/wp-json\/wp\/v2\/product_cat?post=2653"},{"taxonomy":"product_tag","embeddable":true,"href":"https:\/\/sysmatec.ch\/de\/wp-json\/wp\/v2\/product_tag?post=2653"}],"curies":[{"name":"wp","href":"https:\/\/api.w.org\/{rel}","templated":true}]}}