{"id":2623,"date":"2019-02-10T20:04:22","date_gmt":"2019-02-10T19:04:22","guid":{"rendered":"https:\/\/sysmatec.ch\/produit\/balance-scolaire-kern-emb-s\/"},"modified":"2022-03-05T14:26:14","modified_gmt":"2022-03-05T13:26:14","slug":"schulwaage-kern-emb-s","status":"publish","type":"product","link":"https:\/\/sysmatec.ch\/de\/Produkt\/schulwaage-kern-emb-s\/","title":{"rendered":"Schulwaage KERN EMB-S"},"content":{"rendered":"<ul>\n<li type=\"disc\">einfache und komfortable 2-Tasten-Bedienung, dadurch auch gut f\u00fcr den Schul- und Lehrbetrieb geeignet<\/li>\n<li type=\"disc\">Zuwiegefunktion vereinfacht Rezeptieren<\/li>\n<li type=\"disc\">Besonders flache Bauweise<\/li>\n<li type=\"disc\">Sicheres und rutschfreies Aufstellen durch Gummif\u00fc\u00dfe<\/li>\n<li type=\"disc\">Stapelbar zur platzsparenden Aufbewahrung<\/li>\n<li type=\"disc\">Eine praktische Transportsicherung verhindert ein \u00dcberlasten der W\u00e4getechnik w\u00e4hrend des Aufbewahrens oder Transportierens<\/li>\n<li type=\"disc\">Haken f\u00fcr Unterflurw\u00e4gungen serienm\u00e4\u00dfig<\/li>\n<li type=\"disc\">Die einzelnen Modelle werden im preisg\u00fcnstigen 5er Set geliefert. Einzellieferung ist nicht m\u00f6glich<\/li>\n<\/ul>\n<table border=\"1\" width=\"577\" cellspacing=\"0\" cellpadding=\"2\">\n<tbody>\n<tr>\n<td>Modell<\/td>\n<td width=\"10%\">Ablesbarkeit<\/td>\n<td width=\"10%\">W\u00e4gebereich<\/td>\n<td width=\"10%\">Reproduzierbarkeit<\/td>\n<td width=\"10%\">Linearit\u00e4t<\/td>\n<\/tr>\n<tr>\n<td><\/td>\n<td width=\"10%\">g<\/td>\n<td width=\"10%\">g<\/td>\n<td width=\"10%\">g<\/td>\n<td width=\"10%\">g<\/td>\n<\/tr>\n<tr>\n<td>EMB 200-1SS05<\/td>\n<td width=\"10%\">0.1<\/td>\n<td width=\"10%\">200<\/td>\n<td width=\"10%\">0.2<\/td>\n<td width=\"10%\">\u00b10.3<\/td>\n<\/tr>\n<tr>\n<td>EMB 500-1SS05<\/td>\n<td width=\"10%\">0.1<\/td>\n<td width=\"10%\">5000<\/td>\n<td width=\"10%\">0.2<\/td>\n<td width=\"10%\">\u00b10.3<\/td>\n<\/tr>\n<tr>\n<td>EMB 2000-0SS05<\/td>\n<td width=\"10%\">1<\/td>\n<td width=\"10%\">2000<\/td>\n<td width=\"10%\">2<\/td>\n<td width=\"10%\">\u00b13<\/td>\n<\/tr>\n<tr>\n<td>EMB 5000-0SS05<\/td>\n<td width=\"10%\">1<\/td>\n<td width=\"10%\">5000<\/td>\n<td width=\"10%\">2<\/td>\n<td width=\"10%\">\u00b13<\/td>\n<\/tr>\n<\/tbody>\n<\/table>\n","protected":false},"excerpt":{"rendered":"<p>Schulwaage 0-200 bis 0-5000 g.<\/p>\n","protected":false},"featured_media":2621,"template":"","meta":{"_crdt_document":""},"product_brand":[],"product_cat":[165,346],"product_tag":[],"class_list":{"0":"post-2623","1":"product","2":"type-product","3":"status-publish","4":"has-post-thumbnail","6":"product_cat-gewicht","7":"product_cat-labor","9":"first","10":"instock","11":"taxable","12":"shipping-taxable","13":"purchasable","14":"product-type-variable"},"yoast_head":"<!-- This site is optimized with the Yoast SEO plugin v27.4 - https:\/\/yoast.com\/product\/yoast-seo-wordpress\/ -->\n<title>Schulwaage KERN EMB-S - Sysmatec<\/title>\n<meta name=\"description\" content=\"Kompakte und einfach zu bedienende, stapelbare Waage, gut geeignet f\u00fcr die Schulumgebung. Verschiedene Versionen mit Bereichen von 0-200 bis 0-5000 g.\" \/>\n<meta name=\"robots\" content=\"index, follow, max-snippet:-1, max-image-preview:large, max-video-preview:-1\" \/>\n<link rel=\"canonical\" href=\"https:\/\/sysmatec.ch\/de\/produit\/schulwaage-kern-emb-s\/\" \/>\n<meta property=\"og:locale\" content=\"de_DE\" \/>\n<meta property=\"og:type\" content=\"article\" \/>\n<meta property=\"og:title\" content=\"Schulwaage KERN EMB-S - Sysmatec\" \/>\n<meta property=\"og:description\" content=\"Kompakte und einfach zu bedienende, stapelbare Waage, gut geeignet f\u00fcr die Schulumgebung. Verschiedene Versionen mit Bereichen von 0-200 bis 0-5000 g.\" \/>\n<meta property=\"og:url\" content=\"https:\/\/sysmatec.ch\/de\/produit\/schulwaage-kern-emb-s\/\" \/>\n<meta property=\"og:site_name\" content=\"Sysmatec\" \/>\n<meta property=\"article:modified_time\" content=\"2022-03-05T13:26:14+00:00\" \/>\n<meta property=\"og:image\" content=\"https:\/\/sysmatec.ch\/wp-content\/uploads\/2019\/02\/Balance_KernEMBS.jpg\" \/>\n\t<meta property=\"og:image:width\" content=\"178\" \/>\n\t<meta property=\"og:image:height\" content=\"166\" \/>\n\t<meta property=\"og:image:type\" content=\"image\/jpeg\" \/>\n<meta name=\"twitter:card\" content=\"summary_large_image\" \/>\n<script type=\"application\/ld+json\" class=\"yoast-schema-graph\">{\"@context\":\"https:\\\/\\\/schema.org\",\"@graph\":[{\"@type\":\"WebPage\",\"@id\":\"https:\\\/\\\/sysmatec.ch\\\/de\\\/produit\\\/schulwaage-kern-emb-s\\\/\",\"url\":\"https:\\\/\\\/sysmatec.ch\\\/de\\\/produit\\\/schulwaage-kern-emb-s\\\/\",\"name\":\"Schulwaage KERN EMB-S - Sysmatec\",\"isPartOf\":{\"@id\":\"https:\\\/\\\/sysmatec.ch\\\/de\\\/#website\"},\"primaryImageOfPage\":{\"@id\":\"https:\\\/\\\/sysmatec.ch\\\/de\\\/produit\\\/schulwaage-kern-emb-s\\\/#primaryimage\"},\"image\":{\"@id\":\"https:\\\/\\\/sysmatec.ch\\\/de\\\/produit\\\/schulwaage-kern-emb-s\\\/#primaryimage\"},\"thumbnailUrl\":\"https:\\\/\\\/sysmatec.ch\\\/wp-content\\\/uploads\\\/2019\\\/02\\\/Balance_KernEMBS.jpg\",\"datePublished\":\"2019-02-10T19:04:22+00:00\",\"dateModified\":\"2022-03-05T13:26:14+00:00\",\"description\":\"Kompakte und einfach zu bedienende, stapelbare Waage, gut geeignet f\u00fcr die Schulumgebung. Verschiedene Versionen mit Bereichen von 0-200 bis 0-5000 g.\",\"breadcrumb\":{\"@id\":\"https:\\\/\\\/sysmatec.ch\\\/de\\\/produit\\\/schulwaage-kern-emb-s\\\/#breadcrumb\"},\"inLanguage\":\"de\",\"potentialAction\":[{\"@type\":\"ReadAction\",\"target\":[\"https:\\\/\\\/sysmatec.ch\\\/de\\\/produit\\\/schulwaage-kern-emb-s\\\/\"]}]},{\"@type\":\"ImageObject\",\"inLanguage\":\"de\",\"@id\":\"https:\\\/\\\/sysmatec.ch\\\/de\\\/produit\\\/schulwaage-kern-emb-s\\\/#primaryimage\",\"url\":\"https:\\\/\\\/sysmatec.ch\\\/wp-content\\\/uploads\\\/2019\\\/02\\\/Balance_KernEMBS.jpg\",\"contentUrl\":\"https:\\\/\\\/sysmatec.ch\\\/wp-content\\\/uploads\\\/2019\\\/02\\\/Balance_KernEMBS.jpg\",\"width\":178,\"height\":166},{\"@type\":\"BreadcrumbList\",\"@id\":\"https:\\\/\\\/sysmatec.ch\\\/de\\\/produit\\\/schulwaage-kern-emb-s\\\/#breadcrumb\",\"itemListElement\":[{\"@type\":\"ListItem\",\"position\":1,\"name\":\"Accueil\",\"item\":\"https:\\\/\\\/sysmatec.ch\\\/de\\\/\"},{\"@type\":\"ListItem\",\"position\":2,\"name\":\"Die Aktivit\u00e4t von Sysmatec\",\"item\":\"https:\\\/\\\/sysmatec.ch\\\/de\\\/\"},{\"@type\":\"ListItem\",\"position\":3,\"name\":\"Schulwaage KERN EMB-S\"}]},{\"@type\":\"WebSite\",\"@id\":\"https:\\\/\\\/sysmatec.ch\\\/de\\\/#website\",\"url\":\"https:\\\/\\\/sysmatec.ch\\\/de\\\/\",\"name\":\"Sysmatec\",\"description\":\"Equipement de laboratoire et logiciels\",\"publisher\":{\"@id\":\"https:\\\/\\\/sysmatec.ch\\\/de\\\/#organization\"},\"potentialAction\":[{\"@type\":\"SearchAction\",\"target\":{\"@type\":\"EntryPoint\",\"urlTemplate\":\"https:\\\/\\\/sysmatec.ch\\\/de\\\/?s={search_term_string}\"},\"query-input\":{\"@type\":\"PropertyValueSpecification\",\"valueRequired\":true,\"valueName\":\"search_term_string\"}}],\"inLanguage\":\"de\"},{\"@type\":\"Organization\",\"@id\":\"https:\\\/\\\/sysmatec.ch\\\/de\\\/#organization\",\"name\":\"Sysmatec\",\"url\":\"https:\\\/\\\/sysmatec.ch\\\/de\\\/\",\"logo\":{\"@type\":\"ImageObject\",\"inLanguage\":\"de\",\"@id\":\"https:\\\/\\\/sysmatec.ch\\\/de\\\/#\\\/schema\\\/logo\\\/image\\\/\",\"url\":\"https:\\\/\\\/sysmatec.ch\\\/wp-content\\\/uploads\\\/2018\\\/11\\\/LogoSysmatec.jpg\",\"contentUrl\":\"https:\\\/\\\/sysmatec.ch\\\/wp-content\\\/uploads\\\/2018\\\/11\\\/LogoSysmatec.jpg\",\"width\":301,\"height\":297,\"caption\":\"Sysmatec\"},\"image\":{\"@id\":\"https:\\\/\\\/sysmatec.ch\\\/de\\\/#\\\/schema\\\/logo\\\/image\\\/\"}}]}<\/script>\n<!-- \/ Yoast SEO plugin. -->","yoast_head_json":{"title":"Schulwaage KERN EMB-S - Sysmatec","description":"Kompakte und einfach zu bedienende, stapelbare Waage, gut geeignet f\u00fcr die Schulumgebung. Verschiedene Versionen mit Bereichen von 0-200 bis 0-5000 g.","robots":{"index":"index","follow":"follow","max-snippet":"max-snippet:-1","max-image-preview":"max-image-preview:large","max-video-preview":"max-video-preview:-1"},"canonical":"https:\/\/sysmatec.ch\/de\/produit\/schulwaage-kern-emb-s\/","og_locale":"de_DE","og_type":"article","og_title":"Schulwaage KERN EMB-S - Sysmatec","og_description":"Kompakte und einfach zu bedienende, stapelbare Waage, gut geeignet f\u00fcr die Schulumgebung. Verschiedene Versionen mit Bereichen von 0-200 bis 0-5000 g.","og_url":"https:\/\/sysmatec.ch\/de\/produit\/schulwaage-kern-emb-s\/","og_site_name":"Sysmatec","article_modified_time":"2022-03-05T13:26:14+00:00","og_image":[{"width":178,"height":166,"url":"https:\/\/sysmatec.ch\/wp-content\/uploads\/2019\/02\/Balance_KernEMBS.jpg","type":"image\/jpeg"}],"twitter_card":"summary_large_image","schema":{"@context":"https:\/\/schema.org","@graph":[{"@type":"WebPage","@id":"https:\/\/sysmatec.ch\/de\/produit\/schulwaage-kern-emb-s\/","url":"https:\/\/sysmatec.ch\/de\/produit\/schulwaage-kern-emb-s\/","name":"Schulwaage KERN EMB-S - Sysmatec","isPartOf":{"@id":"https:\/\/sysmatec.ch\/de\/#website"},"primaryImageOfPage":{"@id":"https:\/\/sysmatec.ch\/de\/produit\/schulwaage-kern-emb-s\/#primaryimage"},"image":{"@id":"https:\/\/sysmatec.ch\/de\/produit\/schulwaage-kern-emb-s\/#primaryimage"},"thumbnailUrl":"https:\/\/sysmatec.ch\/wp-content\/uploads\/2019\/02\/Balance_KernEMBS.jpg","datePublished":"2019-02-10T19:04:22+00:00","dateModified":"2022-03-05T13:26:14+00:00","description":"Kompakte und einfach zu bedienende, stapelbare Waage, gut geeignet f\u00fcr die Schulumgebung. Verschiedene Versionen mit Bereichen von 0-200 bis 0-5000 g.","breadcrumb":{"@id":"https:\/\/sysmatec.ch\/de\/produit\/schulwaage-kern-emb-s\/#breadcrumb"},"inLanguage":"de","potentialAction":[{"@type":"ReadAction","target":["https:\/\/sysmatec.ch\/de\/produit\/schulwaage-kern-emb-s\/"]}]},{"@type":"ImageObject","inLanguage":"de","@id":"https:\/\/sysmatec.ch\/de\/produit\/schulwaage-kern-emb-s\/#primaryimage","url":"https:\/\/sysmatec.ch\/wp-content\/uploads\/2019\/02\/Balance_KernEMBS.jpg","contentUrl":"https:\/\/sysmatec.ch\/wp-content\/uploads\/2019\/02\/Balance_KernEMBS.jpg","width":178,"height":166},{"@type":"BreadcrumbList","@id":"https:\/\/sysmatec.ch\/de\/produit\/schulwaage-kern-emb-s\/#breadcrumb","itemListElement":[{"@type":"ListItem","position":1,"name":"Accueil","item":"https:\/\/sysmatec.ch\/de\/"},{"@type":"ListItem","position":2,"name":"Die Aktivit\u00e4t von Sysmatec","item":"https:\/\/sysmatec.ch\/de\/"},{"@type":"ListItem","position":3,"name":"Schulwaage KERN EMB-S"}]},{"@type":"WebSite","@id":"https:\/\/sysmatec.ch\/de\/#website","url":"https:\/\/sysmatec.ch\/de\/","name":"Sysmatec","description":"Equipement de laboratoire et logiciels","publisher":{"@id":"https:\/\/sysmatec.ch\/de\/#organization"},"potentialAction":[{"@type":"SearchAction","target":{"@type":"EntryPoint","urlTemplate":"https:\/\/sysmatec.ch\/de\/?s={search_term_string}"},"query-input":{"@type":"PropertyValueSpecification","valueRequired":true,"valueName":"search_term_string"}}],"inLanguage":"de"},{"@type":"Organization","@id":"https:\/\/sysmatec.ch\/de\/#organization","name":"Sysmatec","url":"https:\/\/sysmatec.ch\/de\/","logo":{"@type":"ImageObject","inLanguage":"de","@id":"https:\/\/sysmatec.ch\/de\/#\/schema\/logo\/image\/","url":"https:\/\/sysmatec.ch\/wp-content\/uploads\/2018\/11\/LogoSysmatec.jpg","contentUrl":"https:\/\/sysmatec.ch\/wp-content\/uploads\/2018\/11\/LogoSysmatec.jpg","width":301,"height":297,"caption":"Sysmatec"},"image":{"@id":"https:\/\/sysmatec.ch\/de\/#\/schema\/logo\/image\/"}}]}},"_links":{"self":[{"href":"https:\/\/sysmatec.ch\/de\/wp-json\/wp\/v2\/product\/2623","targetHints":{"allow":["GET"]}}],"collection":[{"href":"https:\/\/sysmatec.ch\/de\/wp-json\/wp\/v2\/product"}],"about":[{"href":"https:\/\/sysmatec.ch\/de\/wp-json\/wp\/v2\/types\/product"}],"wp:featuredmedia":[{"embeddable":true,"href":"https:\/\/sysmatec.ch\/de\/wp-json\/wp\/v2\/media\/2621"}],"wp:attachment":[{"href":"https:\/\/sysmatec.ch\/de\/wp-json\/wp\/v2\/media?parent=2623"}],"wp:term":[{"taxonomy":"product_brand","embeddable":true,"href":"https:\/\/sysmatec.ch\/de\/wp-json\/wp\/v2\/product_brand?post=2623"},{"taxonomy":"product_cat","embeddable":true,"href":"https:\/\/sysmatec.ch\/de\/wp-json\/wp\/v2\/product_cat?post=2623"},{"taxonomy":"product_tag","embeddable":true,"href":"https:\/\/sysmatec.ch\/de\/wp-json\/wp\/v2\/product_tag?post=2623"}],"curies":[{"name":"wp","href":"https:\/\/api.w.org\/{rel}","templated":true}]}}