{"id":25769,"date":"2021-08-10T10:04:00","date_gmt":"2021-08-10T08:04:00","guid":{"rendered":"https:\/\/sysmatec.ch\/?post_type=product&#038;p=25769"},"modified":"2021-10-04T20:48:14","modified_gmt":"2021-10-04T18:48:14","slug":"uv-vis-miniatur-spektrophotometer-atp1010","status":"publish","type":"product","link":"https:\/\/sysmatec.ch\/de\/Produkt\/uv-vis-miniatur-spektrophotometer-atp1010\/","title":{"rendered":"UV-Vis Miniatur Spektrophotometer ATP1010"},"content":{"rendered":"<p><span class=\"VIiyi\" lang=\"de\"><span class=\"JLqJ4b ChMk0b\" data-language-for-alternatives=\"de\" data-language-to-translate-into=\"en\" data-phrase-index=\"0\">Dieses Spektrophotmeter verwendet UV-verst\u00e4rktes lineares CMOS mit 512 Pixeln. Die UV-Sensibilit\u00e4t ist um das 20-fache verbessert.<\/span> <span class=\"JLqJ4b ChMk0b\" data-language-for-alternatives=\"de\" data-language-to-translate-into=\"en\" data-phrase-index=\"1\">Der ATP1010 ist \u00e4u\u00dferst zuverl\u00e4ssig, ultraschnell, kosteng\u00fcnstig und kann an Miniaturspektrophotometer f\u00fcr verschiedene Umgebungsanwendungen wie Online-Tests angepasst werden.<\/span><\/span><\/p>\n<p><span class=\"VIiyi\" lang=\"de\"><span class=\"JLqJ4b ChMk0b\" data-language-for-alternatives=\"de\" data-language-to-translate-into=\"en\" data-phrase-index=\"0\">ATP1010 ist ideal f\u00fcr UV-, sichtbare und nahe Infrarot-Spektroskopieanwendungen.<\/span> <span class=\"JLqJ4b ChMk0b\" data-language-for-alternatives=\"de\" data-language-to-translate-into=\"en\" data-phrase-index=\"1\">Es stehen verschiedene Schlitze, Gitter, Spiegel und Filter zur Verf\u00fcgung.<\/span> <span class=\"JLqJ4b ChMk0b\" data-language-for-alternatives=\"de\" data-language-to-translate-into=\"en\" data-phrase-index=\"2\">Abh\u00e4ngig von Ihren Anforderungen k\u00f6nnen Sie Spektrometer f\u00fcr verschiedene Anwendungen konfigurieren.<\/span> <span class=\"JLqJ4b ChMk0b\" data-language-for-alternatives=\"de\" data-language-to-translate-into=\"en\" data-phrase-index=\"3\">Spektralbereiche von 180 nm bis 1100 nm, die spektrale Aufl\u00f6sung kann von 0.2 bis 5.0 nm gew\u00e4hlt werden.<\/span><\/span><\/p>\n<p><span class=\"VIiyi\" lang=\"de\"><span class=\"JLqJ4b ChMk0b\" data-language-for-alternatives=\"de\" data-language-to-translate-into=\"en\" data-phrase-index=\"0\">Das Spektrophotometer kann Lichtwellenleiter-Eingangslicht oder Freiraum-Eingangslicht von der SMA905-Schnittstelle empfangen, es gem\u00e4\u00df der eingestellten Integrationszeit messen und das Messergebnis \u00fcber USB2.0 (High Speed) oder UART ausgeben.<\/span><\/span><\/p>\n<p>&nbsp;<\/p>\n<table class=\"attribute\" cellspacing=\"0\">\n<thead>\n<tr>\n<td colspan=\"2\">DETECTOR<\/td>\n<\/tr>\n<\/thead>\n<tbody>\n<tr>\n<td>Detector Typ<\/td>\n<td>Linear CMOS<\/td>\n<\/tr>\n<tr>\n<td>Spectral Bereich<\/td>\n<td>180-1100 nm<\/td>\n<\/tr>\n<tr>\n<td>Effective Pixels<\/td>\n<td>512<\/td>\n<\/tr>\n<tr>\n<td>Sensibilt\u00e4t<\/td>\n<td>1300V\/(lx-s)<\/td>\n<\/tr>\n<tr>\n<td>Dunkel Grndl\u00e4rm<\/td>\n<td>13RMS@13\u2103<\/td>\n<\/tr>\n<tr>\n<td>Pixel Gr\u00f6sse<\/td>\n<td>14 \u00d7 200 \u03bcm<\/td>\n<\/tr>\n<\/tbody>\n<thead>\n<tr>\n<td colspan=\"2\">Optische Parameter<\/td>\n<\/tr>\n<\/thead>\n<tbody>\n<tr>\n<td>Optische Aufl\u00f6sung<\/td>\n<td>0.2-5 nm \uff08Slit size &amp; spectral range\uff09<\/td>\n<\/tr>\n<tr>\n<td>Focal Distance<\/td>\n<td>28 mm for incidence \/ 28 mm for \u00a0output<\/td>\n<\/tr>\n<tr>\n<td>Dynamic Range<\/td>\n<td>10000\uff1a1<\/td>\n<\/tr>\n<tr>\n<td>SNR<\/td>\n<td>&gt; 450:1<\/td>\n<\/tr>\n<tr>\n<td>Optical Design<\/td>\n<td>F\/4 Crossed C-T<\/td>\n<\/tr>\n<\/tbody>\n<thead>\n<tr>\n<td colspan=\"2\">Elektrische Parameter<\/td>\n<\/tr>\n<\/thead>\n<tbody>\n<tr>\n<td>A\/D Konverter<\/td>\n<td>16 \u00a0bit<\/td>\n<\/tr>\n<tr>\n<td>Stromspeisung<\/td>\n<td>DC 4.5 5.5 V (type @5V)<\/td>\n<\/tr>\n<tr>\n<td>Umgebungsfeuchte<\/td>\n<td>&lt; 90%RH<\/td>\n<\/tr>\n<tr>\n<td>Integration Time<\/td>\n<td>0.1 ms ~ 10 min<\/td>\n<\/tr>\n<tr>\n<td>Stromverbrauch<\/td>\n<td>&lt;200 mA<\/td>\n<\/tr>\n<tr>\n<td>Lagerungstemperatur<\/td>\n<td>-20\u00b0C \u00a0bis +70\u00b0C<\/td>\n<\/tr>\n<tr>\n<td>Arbeitstemperatur<\/td>\n<td>-10\u00b0C \u00a0bis +50\u00b0C<\/td>\n<\/tr>\n<\/tbody>\n<thead>\n<tr>\n<td colspan=\"2\">Pyhsische Parameter<\/td>\n<\/tr>\n<\/thead>\n<tbody>\n<tr>\n<td>Gr\u00f6sse<\/td>\n<td>45\u00d742\u00d723 mm<\/td>\n<\/tr>\n<tr>\n<td>Gewicht<\/td>\n<td>60g<\/td>\n<\/tr>\n<\/tbody>\n<\/table>\n","protected":false},"excerpt":{"rendered":"<p><span class=\"VIiyi\" lang=\"de\"><span class=\"JLqJ4b ChMk0b\" data-language-for-alternatives=\"de\" data-language-to-translate-into=\"en\" data-phrase-index=\"0\">Kosteng\u00fcnstiges und kompaktes UV-Vis-Spektrophotometer, kann mit optischen Fiber ben\u00fctzt werden.<\/span><\/span><\/p>\n","protected":false},"featured_media":25773,"template":"","meta":{"_crdt_document":""},"product_brand":[],"product_cat":[224],"product_tag":[],"class_list":{"0":"post-25769","1":"product","2":"type-product","3":"status-publish","4":"has-post-thumbnail","6":"product_cat-spektrophotometer","8":"first","9":"instock","10":"taxable","11":"shipping-taxable","12":"product-type-simple"},"yoast_head":"<!-- This site is optimized with the Yoast SEO plugin v27.3 - https:\/\/yoast.com\/product\/yoast-seo-wordpress\/ -->\n<title>UV-Vis Miniatur Spektrophotometer ATP1010 - Sysmatec<\/title>\n<meta name=\"description\" content=\"Kosteng\u00fcnstiges UV-Vis-Spektrophotometer. Es ist kompakt, leicht und kann an eine Glasfaser angeschlossen werden. Stromversorgung \u00fcber USB-Anschluss.\" \/>\n<meta name=\"robots\" content=\"index, follow, max-snippet:-1, max-image-preview:large, max-video-preview:-1\" \/>\n<link rel=\"canonical\" href=\"https:\/\/sysmatec.ch\/de\/produit\/uv-vis-miniatur-spektrophotometer-atp1010\/\" \/>\n<meta property=\"og:locale\" content=\"de_DE\" \/>\n<meta property=\"og:type\" content=\"article\" \/>\n<meta property=\"og:title\" content=\"UV-Vis Miniatur Spektrophotometer ATP1010 - Sysmatec\" \/>\n<meta property=\"og:description\" content=\"Kosteng\u00fcnstiges UV-Vis-Spektrophotometer. Es ist kompakt, leicht und kann an eine Glasfaser angeschlossen werden. Stromversorgung \u00fcber USB-Anschluss.\" \/>\n<meta property=\"og:url\" content=\"https:\/\/sysmatec.ch\/de\/produit\/uv-vis-miniatur-spektrophotometer-atp1010\/\" \/>\n<meta property=\"og:site_name\" content=\"Sysmatec\" \/>\n<meta property=\"article:modified_time\" content=\"2021-10-04T18:48:14+00:00\" \/>\n<meta property=\"og:image\" content=\"https:\/\/sysmatec.ch\/wp-content\/uploads\/2021\/08\/Spectrophometre_OptoskyATP1010.jpg\" \/>\n\t<meta property=\"og:image:width\" content=\"1525\" \/>\n\t<meta property=\"og:image:height\" content=\"1317\" \/>\n\t<meta property=\"og:image:type\" content=\"image\/jpeg\" \/>\n<meta name=\"twitter:card\" content=\"summary_large_image\" \/>\n<meta name=\"twitter:label1\" content=\"Gesch\u00e4tzte Lesezeit\" \/>\n\t<meta name=\"twitter:data1\" content=\"1\u00a0Minute\" \/>\n<script type=\"application\/ld+json\" class=\"yoast-schema-graph\">{\"@context\":\"https:\\\/\\\/schema.org\",\"@graph\":[{\"@type\":\"WebPage\",\"@id\":\"https:\\\/\\\/sysmatec.ch\\\/de\\\/produit\\\/uv-vis-miniatur-spektrophotometer-atp1010\\\/\",\"url\":\"https:\\\/\\\/sysmatec.ch\\\/de\\\/produit\\\/uv-vis-miniatur-spektrophotometer-atp1010\\\/\",\"name\":\"UV-Vis Miniatur Spektrophotometer ATP1010 - Sysmatec\",\"isPartOf\":{\"@id\":\"https:\\\/\\\/sysmatec.ch\\\/de\\\/#website\"},\"primaryImageOfPage\":{\"@id\":\"https:\\\/\\\/sysmatec.ch\\\/de\\\/produit\\\/uv-vis-miniatur-spektrophotometer-atp1010\\\/#primaryimage\"},\"image\":{\"@id\":\"https:\\\/\\\/sysmatec.ch\\\/de\\\/produit\\\/uv-vis-miniatur-spektrophotometer-atp1010\\\/#primaryimage\"},\"thumbnailUrl\":\"https:\\\/\\\/sysmatec.ch\\\/wp-content\\\/uploads\\\/2021\\\/08\\\/Spectrophometre_OptoskyATP1010.jpg\",\"datePublished\":\"2021-08-10T08:04:00+00:00\",\"dateModified\":\"2021-10-04T18:48:14+00:00\",\"description\":\"Kosteng\u00fcnstiges UV-Vis-Spektrophotometer. Es ist kompakt, leicht und kann an eine Glasfaser angeschlossen werden. Stromversorgung \u00fcber USB-Anschluss.\",\"breadcrumb\":{\"@id\":\"https:\\\/\\\/sysmatec.ch\\\/de\\\/produit\\\/uv-vis-miniatur-spektrophotometer-atp1010\\\/#breadcrumb\"},\"inLanguage\":\"de\",\"potentialAction\":[{\"@type\":\"ReadAction\",\"target\":[\"https:\\\/\\\/sysmatec.ch\\\/de\\\/produit\\\/uv-vis-miniatur-spektrophotometer-atp1010\\\/\"]}]},{\"@type\":\"ImageObject\",\"inLanguage\":\"de\",\"@id\":\"https:\\\/\\\/sysmatec.ch\\\/de\\\/produit\\\/uv-vis-miniatur-spektrophotometer-atp1010\\\/#primaryimage\",\"url\":\"https:\\\/\\\/sysmatec.ch\\\/wp-content\\\/uploads\\\/2021\\\/08\\\/Spectrophometre_OptoskyATP1010.jpg\",\"contentUrl\":\"https:\\\/\\\/sysmatec.ch\\\/wp-content\\\/uploads\\\/2021\\\/08\\\/Spectrophometre_OptoskyATP1010.jpg\",\"width\":1525,\"height\":1317,\"caption\":\"Spectrophotom\u00e8tre\"},{\"@type\":\"BreadcrumbList\",\"@id\":\"https:\\\/\\\/sysmatec.ch\\\/de\\\/produit\\\/uv-vis-miniatur-spektrophotometer-atp1010\\\/#breadcrumb\",\"itemListElement\":[{\"@type\":\"ListItem\",\"position\":1,\"name\":\"Accueil\",\"item\":\"https:\\\/\\\/sysmatec.ch\\\/de\\\/\"},{\"@type\":\"ListItem\",\"position\":2,\"name\":\"Die Aktivit\u00e4t von Sysmatec\",\"item\":\"https:\\\/\\\/sysmatec.ch\\\/de\\\/\"},{\"@type\":\"ListItem\",\"position\":3,\"name\":\"UV-Vis Miniatur Spektrophotometer ATP1010\"}]},{\"@type\":\"WebSite\",\"@id\":\"https:\\\/\\\/sysmatec.ch\\\/de\\\/#website\",\"url\":\"https:\\\/\\\/sysmatec.ch\\\/de\\\/\",\"name\":\"Sysmatec\",\"description\":\"Equipement de laboratoire et logiciels\",\"publisher\":{\"@id\":\"https:\\\/\\\/sysmatec.ch\\\/de\\\/#organization\"},\"potentialAction\":[{\"@type\":\"SearchAction\",\"target\":{\"@type\":\"EntryPoint\",\"urlTemplate\":\"https:\\\/\\\/sysmatec.ch\\\/de\\\/?s={search_term_string}\"},\"query-input\":{\"@type\":\"PropertyValueSpecification\",\"valueRequired\":true,\"valueName\":\"search_term_string\"}}],\"inLanguage\":\"de\"},{\"@type\":\"Organization\",\"@id\":\"https:\\\/\\\/sysmatec.ch\\\/de\\\/#organization\",\"name\":\"Sysmatec\",\"url\":\"https:\\\/\\\/sysmatec.ch\\\/de\\\/\",\"logo\":{\"@type\":\"ImageObject\",\"inLanguage\":\"de\",\"@id\":\"https:\\\/\\\/sysmatec.ch\\\/de\\\/#\\\/schema\\\/logo\\\/image\\\/\",\"url\":\"https:\\\/\\\/sysmatec.ch\\\/wp-content\\\/uploads\\\/2018\\\/11\\\/LogoSysmatec.jpg\",\"contentUrl\":\"https:\\\/\\\/sysmatec.ch\\\/wp-content\\\/uploads\\\/2018\\\/11\\\/LogoSysmatec.jpg\",\"width\":301,\"height\":297,\"caption\":\"Sysmatec\"},\"image\":{\"@id\":\"https:\\\/\\\/sysmatec.ch\\\/de\\\/#\\\/schema\\\/logo\\\/image\\\/\"}}]}<\/script>\n<!-- \/ Yoast SEO plugin. -->","yoast_head_json":{"title":"UV-Vis Miniatur Spektrophotometer ATP1010 - Sysmatec","description":"Kosteng\u00fcnstiges UV-Vis-Spektrophotometer. Es ist kompakt, leicht und kann an eine Glasfaser angeschlossen werden. Stromversorgung \u00fcber USB-Anschluss.","robots":{"index":"index","follow":"follow","max-snippet":"max-snippet:-1","max-image-preview":"max-image-preview:large","max-video-preview":"max-video-preview:-1"},"canonical":"https:\/\/sysmatec.ch\/de\/produit\/uv-vis-miniatur-spektrophotometer-atp1010\/","og_locale":"de_DE","og_type":"article","og_title":"UV-Vis Miniatur Spektrophotometer ATP1010 - Sysmatec","og_description":"Kosteng\u00fcnstiges UV-Vis-Spektrophotometer. Es ist kompakt, leicht und kann an eine Glasfaser angeschlossen werden. Stromversorgung \u00fcber USB-Anschluss.","og_url":"https:\/\/sysmatec.ch\/de\/produit\/uv-vis-miniatur-spektrophotometer-atp1010\/","og_site_name":"Sysmatec","article_modified_time":"2021-10-04T18:48:14+00:00","og_image":[{"width":1525,"height":1317,"url":"https:\/\/sysmatec.ch\/wp-content\/uploads\/2021\/08\/Spectrophometre_OptoskyATP1010.jpg","type":"image\/jpeg"}],"twitter_card":"summary_large_image","twitter_misc":{"Gesch\u00e4tzte Lesezeit":"1\u00a0Minute"},"schema":{"@context":"https:\/\/schema.org","@graph":[{"@type":"WebPage","@id":"https:\/\/sysmatec.ch\/de\/produit\/uv-vis-miniatur-spektrophotometer-atp1010\/","url":"https:\/\/sysmatec.ch\/de\/produit\/uv-vis-miniatur-spektrophotometer-atp1010\/","name":"UV-Vis Miniatur Spektrophotometer ATP1010 - Sysmatec","isPartOf":{"@id":"https:\/\/sysmatec.ch\/de\/#website"},"primaryImageOfPage":{"@id":"https:\/\/sysmatec.ch\/de\/produit\/uv-vis-miniatur-spektrophotometer-atp1010\/#primaryimage"},"image":{"@id":"https:\/\/sysmatec.ch\/de\/produit\/uv-vis-miniatur-spektrophotometer-atp1010\/#primaryimage"},"thumbnailUrl":"https:\/\/sysmatec.ch\/wp-content\/uploads\/2021\/08\/Spectrophometre_OptoskyATP1010.jpg","datePublished":"2021-08-10T08:04:00+00:00","dateModified":"2021-10-04T18:48:14+00:00","description":"Kosteng\u00fcnstiges UV-Vis-Spektrophotometer. Es ist kompakt, leicht und kann an eine Glasfaser angeschlossen werden. Stromversorgung \u00fcber USB-Anschluss.","breadcrumb":{"@id":"https:\/\/sysmatec.ch\/de\/produit\/uv-vis-miniatur-spektrophotometer-atp1010\/#breadcrumb"},"inLanguage":"de","potentialAction":[{"@type":"ReadAction","target":["https:\/\/sysmatec.ch\/de\/produit\/uv-vis-miniatur-spektrophotometer-atp1010\/"]}]},{"@type":"ImageObject","inLanguage":"de","@id":"https:\/\/sysmatec.ch\/de\/produit\/uv-vis-miniatur-spektrophotometer-atp1010\/#primaryimage","url":"https:\/\/sysmatec.ch\/wp-content\/uploads\/2021\/08\/Spectrophometre_OptoskyATP1010.jpg","contentUrl":"https:\/\/sysmatec.ch\/wp-content\/uploads\/2021\/08\/Spectrophometre_OptoskyATP1010.jpg","width":1525,"height":1317,"caption":"Spectrophotom\u00e8tre"},{"@type":"BreadcrumbList","@id":"https:\/\/sysmatec.ch\/de\/produit\/uv-vis-miniatur-spektrophotometer-atp1010\/#breadcrumb","itemListElement":[{"@type":"ListItem","position":1,"name":"Accueil","item":"https:\/\/sysmatec.ch\/de\/"},{"@type":"ListItem","position":2,"name":"Die Aktivit\u00e4t von Sysmatec","item":"https:\/\/sysmatec.ch\/de\/"},{"@type":"ListItem","position":3,"name":"UV-Vis Miniatur Spektrophotometer ATP1010"}]},{"@type":"WebSite","@id":"https:\/\/sysmatec.ch\/de\/#website","url":"https:\/\/sysmatec.ch\/de\/","name":"Sysmatec","description":"Equipement de laboratoire et logiciels","publisher":{"@id":"https:\/\/sysmatec.ch\/de\/#organization"},"potentialAction":[{"@type":"SearchAction","target":{"@type":"EntryPoint","urlTemplate":"https:\/\/sysmatec.ch\/de\/?s={search_term_string}"},"query-input":{"@type":"PropertyValueSpecification","valueRequired":true,"valueName":"search_term_string"}}],"inLanguage":"de"},{"@type":"Organization","@id":"https:\/\/sysmatec.ch\/de\/#organization","name":"Sysmatec","url":"https:\/\/sysmatec.ch\/de\/","logo":{"@type":"ImageObject","inLanguage":"de","@id":"https:\/\/sysmatec.ch\/de\/#\/schema\/logo\/image\/","url":"https:\/\/sysmatec.ch\/wp-content\/uploads\/2018\/11\/LogoSysmatec.jpg","contentUrl":"https:\/\/sysmatec.ch\/wp-content\/uploads\/2018\/11\/LogoSysmatec.jpg","width":301,"height":297,"caption":"Sysmatec"},"image":{"@id":"https:\/\/sysmatec.ch\/de\/#\/schema\/logo\/image\/"}}]}},"_links":{"self":[{"href":"https:\/\/sysmatec.ch\/de\/wp-json\/wp\/v2\/product\/25769","targetHints":{"allow":["GET"]}}],"collection":[{"href":"https:\/\/sysmatec.ch\/de\/wp-json\/wp\/v2\/product"}],"about":[{"href":"https:\/\/sysmatec.ch\/de\/wp-json\/wp\/v2\/types\/product"}],"wp:featuredmedia":[{"embeddable":true,"href":"https:\/\/sysmatec.ch\/de\/wp-json\/wp\/v2\/media\/25773"}],"wp:attachment":[{"href":"https:\/\/sysmatec.ch\/de\/wp-json\/wp\/v2\/media?parent=25769"}],"wp:term":[{"taxonomy":"product_brand","embeddable":true,"href":"https:\/\/sysmatec.ch\/de\/wp-json\/wp\/v2\/product_brand?post=25769"},{"taxonomy":"product_cat","embeddable":true,"href":"https:\/\/sysmatec.ch\/de\/wp-json\/wp\/v2\/product_cat?post=25769"},{"taxonomy":"product_tag","embeddable":true,"href":"https:\/\/sysmatec.ch\/de\/wp-json\/wp\/v2\/product_tag?post=25769"}],"curies":[{"name":"wp","href":"https:\/\/api.w.org\/{rel}","templated":true}]}}