{"id":25762,"date":"2021-08-08T11:39:25","date_gmt":"2021-08-08T09:39:25","guid":{"rendered":"https:\/\/sysmatec.ch\/?post_type=product&#038;p=25762"},"modified":"2021-10-04T20:56:19","modified_gmt":"2021-10-04T18:56:19","slug":"digitales-hd-videomikroskop-bvm-5000n","status":"publish","type":"product","link":"https:\/\/sysmatec.ch\/de\/Produkt\/digitales-hd-videomikroskop-bvm-5000n\/","title":{"rendered":"Digitales HD-Videomikroskop BVM-5000N"},"content":{"rendered":"<p><span class=\"VIiyi\" lang=\"de\"><span class=\"JLqJ4b ChMk0b\" data-language-for-alternatives=\"de\" data-language-to-translate-into=\"en\" data-phrase-index=\"0\">Dies ist ein neues Design und ein exklusives digitales Videomikroskop.<\/span> <span class=\"JLqJ4b ChMk0b\" data-language-for-alternatives=\"de\" data-language-to-translate-into=\"en\" data-phrase-index=\"1\">Zu seinen Funktionen geh\u00f6ren Kamerazeichnung, Videoanzeige, grafische Messung, Videoaufzeichnung, die nicht nur f\u00fcr die Reparatur von Mobiltelefonen, sondern auch f\u00fcr das Schwei\u00dfen von Schmuck und Pr\u00e4zisionsschwei\u00dfarbeiten geeignet ist.<\/span> <span class=\"JLqJ4b ChMk0b\" data-language-for-alternatives=\"de\" data-language-to-translate-into=\"en\" data-phrase-index=\"2\">Details der 10-100-fachen Vergr\u00f6\u00dferung werden auf einem 11,6-Zoll-Bildschirm mit 1080\u00a0HD-Aufl\u00f6sung angezeigt.<\/span> <span class=\"JLqJ4b ChMk0b\" data-language-for-alternatives=\"de\" data-language-to-translate-into=\"en\" data-phrase-index=\"3\">Die grafische Messfunktion dieses Mikroskops hilft Ihnen, weitere Probleme zu l\u00f6sen.<\/span><\/span><\/p>\n<p>Mikroskop:<\/p>\n<ul>\n<li><span class=\"VIiyi\" lang=\"de\"><span class=\"JLqJ4b ChMk0b\" data-language-for-alternatives=\"de\" data-language-to-translate-into=\"en\" data-phrase-index=\"0\">Vergr\u00f6\u00dferungen: 10X-100X (ZOOM)<\/span><\/span><\/li>\n<li><span class=\"VIiyi\" lang=\"de\"> <span class=\"JLqJ4b ChMk0b\" data-language-for-alternatives=\"de\" data-language-to-translate-into=\"en\" data-phrase-index=\"2\">0.7-4.5X optischer Zoom<\/span><\/span><\/li>\n<li><span class=\"VIiyi\" lang=\"de\"><span class=\"JLqJ4b ChMk0b\" data-language-for-alternatives=\"de\" data-language-to-translate-into=\"en\" data-phrase-index=\"4\">Arbeitsabstand: 65mm<\/span><\/span><\/li>\n<li><span class=\"VIiyi\" lang=\"de\"><span class=\"JLqJ4b ChMk0b\" data-language-for-alternatives=\"de\" data-language-to-translate-into=\"en\" data-phrase-index=\"6\">Basisgr\u00f6\u00dfe: 260 mm (X) * 320 mm (Y)<\/span><\/span><\/li>\n<li><span class=\"VIiyi\" lang=\"de\"><span class=\"JLqJ4b ChMk0b\" data-language-for-alternatives=\"de\" data-language-to-translate-into=\"en\" data-phrase-index=\"8\">H\u00f6he des Mikroskops: 380mm<\/span><\/span><\/li>\n<li><span class=\"VIiyi\" lang=\"de\"><span class=\"JLqJ4b ChMk0b\" data-language-for-alternatives=\"de\" data-language-to-translate-into=\"en\" data-phrase-index=\"10\">Gewicht des Mikroskops: 4 kg<\/span><\/span><\/li>\n<\/ul>\n<p>Camera:<\/p>\n<ul>\n<li><span class=\"VIiyi\" lang=\"de\"><span class=\"JLqJ4b ChMk0b\" data-language-for-alternatives=\"de\" data-language-to-translate-into=\"en\" data-phrase-index=\"0\">2.0M HDMI, True Color, keine Verz\u00f6gerung.<\/span> <span class=\"JLqJ4b ChMk0b\" data-language-for-alternatives=\"de\" data-language-to-translate-into=\"en\" data-phrase-index=\"2\">max.<\/span><\/span><\/li>\n<li><span class=\"VIiyi\" lang=\"de\"><span class=\"JLqJ4b ChMk0b\" data-language-for-alternatives=\"de\" data-language-to-translate-into=\"en\" data-phrase-index=\"3\">Aufl\u00f6sung: 1920*1080<\/span><\/span><\/li>\n<li><span class=\"VIiyi\" lang=\"de\"><span class=\"JLqJ4b ChMk0b\" data-language-for-alternatives=\"de\" data-language-to-translate-into=\"en\" data-phrase-index=\"5\">Sensor: 1\/2 Zoll SONY-Sensor<\/span><\/span><\/li>\n<li><span class=\"VIiyi\" lang=\"de\"><span class=\"JLqJ4b ChMk0b\" data-language-for-alternatives=\"de\" data-language-to-translate-into=\"en\" data-phrase-index=\"7\">Pixelgr\u00f6\u00dfe: 2.75*2.75\u03bcm<\/span><\/span><\/li>\n<li><span class=\"VIiyi\" lang=\"de\"><span class=\"JLqJ4b ChMk0b\" data-language-for-alternatives=\"de\" data-language-to-translate-into=\"en\" data-phrase-index=\"9\">Bildrate: 60fps@1920*1080<\/span><\/span><\/li>\n<li><span class=\"VIiyi\" lang=\"de\"><span class=\"JLqJ4b ChMk0b\" data-language-for-alternatives=\"de\" data-language-to-translate-into=\"en\" data-phrase-index=\"11\">SNR: 65DB<\/span><\/span><\/li>\n<\/ul>\n<p>LCD Display:<\/p>\n<ul>\n<li><span class=\"VIiyi\" lang=\"de\"><span class=\"JLqJ4b ChMk0b\" data-language-for-alternatives=\"de\" data-language-to-translate-into=\"en\" data-phrase-index=\"0\">11.6-Zoll-HD-LCD-Display, 1080P, Breitbild, Multi-Winkel-Einstellung.<\/span> <span class=\"JLqJ4b ChMk0b\" data-language-for-alternatives=\"de\" data-language-to-translate-into=\"en\" data-phrase-index=\"1\">Metallschale<\/span><\/span><\/li>\n<\/ul>\n<p>Beleuchtung:<\/p>\n<ul>\n<li><span class=\"VIiyi\" lang=\"de\"><span class=\"JLqJ4b ChMk0b\" data-language-for-alternatives=\"de\" data-language-to-translate-into=\"en\" data-phrase-index=\"0\">Hochwertige LED-Beleuchtung, Helligkeit ist einstellbar<\/span><\/span><\/li>\n<\/ul>\n<p>Operation:<\/p>\n<ul>\n<li><span class=\"VIiyi\" lang=\"de\"><span class=\"JLqJ4b ChMk0b\" data-language-for-alternatives=\"de\" data-language-to-translate-into=\"en\" data-phrase-index=\"0\">Mausbedienung, Bilderfassung, U-Disk-Speicherung und Messung.<\/span><\/span><\/li>\n<\/ul>\n","protected":false},"excerpt":{"rendered":"<p><span class=\"VIiyi\" lang=\"de\"><span class=\"JLqJ4b ChMk0b\" data-language-for-alternatives=\"de\" data-language-to-translate-into=\"en\" data-phrase-index=\"0\">Digitales Videomikroskop mit 10- bis 100-facher Vergr\u00f6\u00dferung.<\/span><\/span><\/p>\n","protected":false},"featured_media":25766,"template":"","meta":{"_crdt_document":""},"product_brand":[],"product_cat":[101],"product_tag":[],"class_list":{"0":"post-25762","1":"product","2":"type-product","3":"status-publish","4":"has-post-thumbnail","6":"product_cat-mikroskopie","8":"first","9":"instock","10":"taxable","11":"shipping-taxable","12":"product-type-simple"},"yoast_head":"<!-- This site is optimized with the Yoast SEO plugin v27.4 - https:\/\/yoast.com\/product\/yoast-seo-wordpress\/ -->\n<title>Digitales HD-Videomikroskop BVM-5000N - Sysmatec<\/title>\n<meta name=\"description\" content=\"Digitalmikroskop mit integriertem Videodisplay f\u00fcr Wissenschaft, Qualit\u00e4tskontrolle und Bildungsanwendungen.\" \/>\n<meta name=\"robots\" content=\"index, follow, max-snippet:-1, max-image-preview:large, max-video-preview:-1\" \/>\n<link rel=\"canonical\" href=\"https:\/\/sysmatec.ch\/de\/produit\/digitales-hd-videomikroskop-bvm-5000n\/\" \/>\n<meta property=\"og:locale\" content=\"de_DE\" \/>\n<meta property=\"og:type\" content=\"article\" \/>\n<meta property=\"og:title\" content=\"Digitales HD-Videomikroskop BVM-5000N - Sysmatec\" \/>\n<meta property=\"og:description\" content=\"Digitalmikroskop mit integriertem Videodisplay f\u00fcr Wissenschaft, Qualit\u00e4tskontrolle und Bildungsanwendungen.\" \/>\n<meta property=\"og:url\" content=\"https:\/\/sysmatec.ch\/de\/produit\/digitales-hd-videomikroskop-bvm-5000n\/\" \/>\n<meta property=\"og:site_name\" content=\"Sysmatec\" \/>\n<meta property=\"article:modified_time\" content=\"2021-10-04T18:56:19+00:00\" \/>\n<meta property=\"og:image\" content=\"https:\/\/sysmatec.ch\/wp-content\/uploads\/2021\/08\/Microscope_BVM5000N_1.jpg\" \/>\n\t<meta property=\"og:image:width\" content=\"490\" \/>\n\t<meta property=\"og:image:height\" content=\"616\" \/>\n\t<meta property=\"og:image:type\" content=\"image\/jpeg\" \/>\n<meta name=\"twitter:card\" content=\"summary_large_image\" \/>\n<meta name=\"twitter:label1\" content=\"Gesch\u00e4tzte Lesezeit\" \/>\n\t<meta name=\"twitter:data1\" content=\"1\u00a0Minute\" \/>\n<script type=\"application\/ld+json\" class=\"yoast-schema-graph\">{\"@context\":\"https:\\\/\\\/schema.org\",\"@graph\":[{\"@type\":\"WebPage\",\"@id\":\"https:\\\/\\\/sysmatec.ch\\\/de\\\/produit\\\/digitales-hd-videomikroskop-bvm-5000n\\\/\",\"url\":\"https:\\\/\\\/sysmatec.ch\\\/de\\\/produit\\\/digitales-hd-videomikroskop-bvm-5000n\\\/\",\"name\":\"Digitales HD-Videomikroskop BVM-5000N - Sysmatec\",\"isPartOf\":{\"@id\":\"https:\\\/\\\/sysmatec.ch\\\/de\\\/#website\"},\"primaryImageOfPage\":{\"@id\":\"https:\\\/\\\/sysmatec.ch\\\/de\\\/produit\\\/digitales-hd-videomikroskop-bvm-5000n\\\/#primaryimage\"},\"image\":{\"@id\":\"https:\\\/\\\/sysmatec.ch\\\/de\\\/produit\\\/digitales-hd-videomikroskop-bvm-5000n\\\/#primaryimage\"},\"thumbnailUrl\":\"https:\\\/\\\/sysmatec.ch\\\/wp-content\\\/uploads\\\/2021\\\/08\\\/Microscope_BVM5000N_1.jpg\",\"datePublished\":\"2021-08-08T09:39:25+00:00\",\"dateModified\":\"2021-10-04T18:56:19+00:00\",\"description\":\"Digitalmikroskop mit integriertem Videodisplay f\u00fcr Wissenschaft, Qualit\u00e4tskontrolle und Bildungsanwendungen.\",\"breadcrumb\":{\"@id\":\"https:\\\/\\\/sysmatec.ch\\\/de\\\/produit\\\/digitales-hd-videomikroskop-bvm-5000n\\\/#breadcrumb\"},\"inLanguage\":\"de\",\"potentialAction\":[{\"@type\":\"ReadAction\",\"target\":[\"https:\\\/\\\/sysmatec.ch\\\/de\\\/produit\\\/digitales-hd-videomikroskop-bvm-5000n\\\/\"]}]},{\"@type\":\"ImageObject\",\"inLanguage\":\"de\",\"@id\":\"https:\\\/\\\/sysmatec.ch\\\/de\\\/produit\\\/digitales-hd-videomikroskop-bvm-5000n\\\/#primaryimage\",\"url\":\"https:\\\/\\\/sysmatec.ch\\\/wp-content\\\/uploads\\\/2021\\\/08\\\/Microscope_BVM5000N_1.jpg\",\"contentUrl\":\"https:\\\/\\\/sysmatec.ch\\\/wp-content\\\/uploads\\\/2021\\\/08\\\/Microscope_BVM5000N_1.jpg\",\"width\":490,\"height\":616,\"caption\":\"Microscope vid\u00e9o\"},{\"@type\":\"BreadcrumbList\",\"@id\":\"https:\\\/\\\/sysmatec.ch\\\/de\\\/produit\\\/digitales-hd-videomikroskop-bvm-5000n\\\/#breadcrumb\",\"itemListElement\":[{\"@type\":\"ListItem\",\"position\":1,\"name\":\"Accueil\",\"item\":\"https:\\\/\\\/sysmatec.ch\\\/de\\\/\"},{\"@type\":\"ListItem\",\"position\":2,\"name\":\"Die Aktivit\u00e4t von Sysmatec\",\"item\":\"https:\\\/\\\/sysmatec.ch\\\/de\\\/\"},{\"@type\":\"ListItem\",\"position\":3,\"name\":\"Digitales HD-Videomikroskop BVM-5000N\"}]},{\"@type\":\"WebSite\",\"@id\":\"https:\\\/\\\/sysmatec.ch\\\/de\\\/#website\",\"url\":\"https:\\\/\\\/sysmatec.ch\\\/de\\\/\",\"name\":\"Sysmatec\",\"description\":\"Equipement de laboratoire et logiciels\",\"publisher\":{\"@id\":\"https:\\\/\\\/sysmatec.ch\\\/de\\\/#organization\"},\"potentialAction\":[{\"@type\":\"SearchAction\",\"target\":{\"@type\":\"EntryPoint\",\"urlTemplate\":\"https:\\\/\\\/sysmatec.ch\\\/de\\\/?s={search_term_string}\"},\"query-input\":{\"@type\":\"PropertyValueSpecification\",\"valueRequired\":true,\"valueName\":\"search_term_string\"}}],\"inLanguage\":\"de\"},{\"@type\":\"Organization\",\"@id\":\"https:\\\/\\\/sysmatec.ch\\\/de\\\/#organization\",\"name\":\"Sysmatec\",\"url\":\"https:\\\/\\\/sysmatec.ch\\\/de\\\/\",\"logo\":{\"@type\":\"ImageObject\",\"inLanguage\":\"de\",\"@id\":\"https:\\\/\\\/sysmatec.ch\\\/de\\\/#\\\/schema\\\/logo\\\/image\\\/\",\"url\":\"https:\\\/\\\/sysmatec.ch\\\/wp-content\\\/uploads\\\/2018\\\/11\\\/LogoSysmatec.jpg\",\"contentUrl\":\"https:\\\/\\\/sysmatec.ch\\\/wp-content\\\/uploads\\\/2018\\\/11\\\/LogoSysmatec.jpg\",\"width\":301,\"height\":297,\"caption\":\"Sysmatec\"},\"image\":{\"@id\":\"https:\\\/\\\/sysmatec.ch\\\/de\\\/#\\\/schema\\\/logo\\\/image\\\/\"}}]}<\/script>\n<!-- \/ Yoast SEO plugin. -->","yoast_head_json":{"title":"Digitales HD-Videomikroskop BVM-5000N - Sysmatec","description":"Digitalmikroskop mit integriertem Videodisplay f\u00fcr Wissenschaft, Qualit\u00e4tskontrolle und Bildungsanwendungen.","robots":{"index":"index","follow":"follow","max-snippet":"max-snippet:-1","max-image-preview":"max-image-preview:large","max-video-preview":"max-video-preview:-1"},"canonical":"https:\/\/sysmatec.ch\/de\/produit\/digitales-hd-videomikroskop-bvm-5000n\/","og_locale":"de_DE","og_type":"article","og_title":"Digitales HD-Videomikroskop BVM-5000N - Sysmatec","og_description":"Digitalmikroskop mit integriertem Videodisplay f\u00fcr Wissenschaft, Qualit\u00e4tskontrolle und Bildungsanwendungen.","og_url":"https:\/\/sysmatec.ch\/de\/produit\/digitales-hd-videomikroskop-bvm-5000n\/","og_site_name":"Sysmatec","article_modified_time":"2021-10-04T18:56:19+00:00","og_image":[{"width":490,"height":616,"url":"https:\/\/sysmatec.ch\/wp-content\/uploads\/2021\/08\/Microscope_BVM5000N_1.jpg","type":"image\/jpeg"}],"twitter_card":"summary_large_image","twitter_misc":{"Gesch\u00e4tzte Lesezeit":"1\u00a0Minute"},"schema":{"@context":"https:\/\/schema.org","@graph":[{"@type":"WebPage","@id":"https:\/\/sysmatec.ch\/de\/produit\/digitales-hd-videomikroskop-bvm-5000n\/","url":"https:\/\/sysmatec.ch\/de\/produit\/digitales-hd-videomikroskop-bvm-5000n\/","name":"Digitales HD-Videomikroskop BVM-5000N - Sysmatec","isPartOf":{"@id":"https:\/\/sysmatec.ch\/de\/#website"},"primaryImageOfPage":{"@id":"https:\/\/sysmatec.ch\/de\/produit\/digitales-hd-videomikroskop-bvm-5000n\/#primaryimage"},"image":{"@id":"https:\/\/sysmatec.ch\/de\/produit\/digitales-hd-videomikroskop-bvm-5000n\/#primaryimage"},"thumbnailUrl":"https:\/\/sysmatec.ch\/wp-content\/uploads\/2021\/08\/Microscope_BVM5000N_1.jpg","datePublished":"2021-08-08T09:39:25+00:00","dateModified":"2021-10-04T18:56:19+00:00","description":"Digitalmikroskop mit integriertem Videodisplay f\u00fcr Wissenschaft, Qualit\u00e4tskontrolle und Bildungsanwendungen.","breadcrumb":{"@id":"https:\/\/sysmatec.ch\/de\/produit\/digitales-hd-videomikroskop-bvm-5000n\/#breadcrumb"},"inLanguage":"de","potentialAction":[{"@type":"ReadAction","target":["https:\/\/sysmatec.ch\/de\/produit\/digitales-hd-videomikroskop-bvm-5000n\/"]}]},{"@type":"ImageObject","inLanguage":"de","@id":"https:\/\/sysmatec.ch\/de\/produit\/digitales-hd-videomikroskop-bvm-5000n\/#primaryimage","url":"https:\/\/sysmatec.ch\/wp-content\/uploads\/2021\/08\/Microscope_BVM5000N_1.jpg","contentUrl":"https:\/\/sysmatec.ch\/wp-content\/uploads\/2021\/08\/Microscope_BVM5000N_1.jpg","width":490,"height":616,"caption":"Microscope vid\u00e9o"},{"@type":"BreadcrumbList","@id":"https:\/\/sysmatec.ch\/de\/produit\/digitales-hd-videomikroskop-bvm-5000n\/#breadcrumb","itemListElement":[{"@type":"ListItem","position":1,"name":"Accueil","item":"https:\/\/sysmatec.ch\/de\/"},{"@type":"ListItem","position":2,"name":"Die Aktivit\u00e4t von Sysmatec","item":"https:\/\/sysmatec.ch\/de\/"},{"@type":"ListItem","position":3,"name":"Digitales HD-Videomikroskop BVM-5000N"}]},{"@type":"WebSite","@id":"https:\/\/sysmatec.ch\/de\/#website","url":"https:\/\/sysmatec.ch\/de\/","name":"Sysmatec","description":"Equipement de laboratoire et logiciels","publisher":{"@id":"https:\/\/sysmatec.ch\/de\/#organization"},"potentialAction":[{"@type":"SearchAction","target":{"@type":"EntryPoint","urlTemplate":"https:\/\/sysmatec.ch\/de\/?s={search_term_string}"},"query-input":{"@type":"PropertyValueSpecification","valueRequired":true,"valueName":"search_term_string"}}],"inLanguage":"de"},{"@type":"Organization","@id":"https:\/\/sysmatec.ch\/de\/#organization","name":"Sysmatec","url":"https:\/\/sysmatec.ch\/de\/","logo":{"@type":"ImageObject","inLanguage":"de","@id":"https:\/\/sysmatec.ch\/de\/#\/schema\/logo\/image\/","url":"https:\/\/sysmatec.ch\/wp-content\/uploads\/2018\/11\/LogoSysmatec.jpg","contentUrl":"https:\/\/sysmatec.ch\/wp-content\/uploads\/2018\/11\/LogoSysmatec.jpg","width":301,"height":297,"caption":"Sysmatec"},"image":{"@id":"https:\/\/sysmatec.ch\/de\/#\/schema\/logo\/image\/"}}]}},"_links":{"self":[{"href":"https:\/\/sysmatec.ch\/de\/wp-json\/wp\/v2\/product\/25762","targetHints":{"allow":["GET"]}}],"collection":[{"href":"https:\/\/sysmatec.ch\/de\/wp-json\/wp\/v2\/product"}],"about":[{"href":"https:\/\/sysmatec.ch\/de\/wp-json\/wp\/v2\/types\/product"}],"wp:featuredmedia":[{"embeddable":true,"href":"https:\/\/sysmatec.ch\/de\/wp-json\/wp\/v2\/media\/25766"}],"wp:attachment":[{"href":"https:\/\/sysmatec.ch\/de\/wp-json\/wp\/v2\/media?parent=25762"}],"wp:term":[{"taxonomy":"product_brand","embeddable":true,"href":"https:\/\/sysmatec.ch\/de\/wp-json\/wp\/v2\/product_brand?post=25762"},{"taxonomy":"product_cat","embeddable":true,"href":"https:\/\/sysmatec.ch\/de\/wp-json\/wp\/v2\/product_cat?post=25762"},{"taxonomy":"product_tag","embeddable":true,"href":"https:\/\/sysmatec.ch\/de\/wp-json\/wp\/v2\/product_tag?post=25762"}],"curies":[{"name":"wp","href":"https:\/\/api.w.org\/{rel}","templated":true}]}}