{"id":25751,"date":"2021-08-07T11:20:31","date_gmt":"2021-08-07T09:20:31","guid":{"rendered":"https:\/\/sysmatec.ch\/?post_type=product&#038;p=25751"},"modified":"2021-10-04T21:06:16","modified_gmt":"2021-10-04T19:06:16","slug":"coronavirus-sars-cov-2-antigen-nase-infektionsverdacht-zum-selbsttest-copie","status":"publish","type":"product","link":"https:\/\/sysmatec.ch\/de\/Produkt\/coronavirus-sars-cov-2-antigen-nase-infektionsverdacht-zum-selbsttest-copie\/","title":{"rendered":"Covid-19-Antigen-Schnelltest Nase \/ Speicheltest (SARS-CoV-2)"},"content":{"rendered":"<p><span class=\"VIiyi\" lang=\"de\"><span class=\"JLqJ4b ChMk0b\" data-language-for-alternatives=\"de\" data-language-to-translate-into=\"en\" data-phrase-index=\"0\">Der SARS-CoV-2-Antigen-Schnelltest (COVID-19 Ag) ist ein chromatographischer Schnelltest zum qualitativen Nachweis des neuartigen Coronavirus SARS-CoV-2 im menschlichen Rachen- und Nasensekret und<\/span> <span class=\"JLqJ4b ChMk0b\" data-language-for-alternatives=\"de\" data-language-to-translate-into=\"en\" data-phrase-index=\"2\">Speichelprobe.<\/span> <span class=\"JLqJ4b ChMk0b\" data-language-for-alternatives=\"de\" data-language-to-translate-into=\"en\" data-phrase-index=\"3\">Nur f\u00fcr die professionelle In-vitro-Diagnostik.<\/span><\/span><\/p>\n<ul>\n<li><span class=\"VIiyi\" lang=\"de\"> <span class=\"JLqJ4b ChMk0b\" data-language-for-alternatives=\"de\" data-language-to-translate-into=\"en\" data-phrase-index=\"5\">gelistet auf der HSC EU Common List of RAT<\/span> <\/span><\/li>\n<li><span class=\"VIiyi\" lang=\"de\"><span class=\"JLqJ4b ChMk0b\" data-language-for-alternatives=\"de\" data-language-to-translate-into=\"en\" data-phrase-index=\"7\">beim BfArM f\u00fcr den gewerblichen Gebrauch gelistet (damit in Deutschland zum Verkauf zugelassen)<\/span><\/span><\/li>\n<li><span class=\"VIiyi\" lang=\"de\"><span class=\"JLqJ4b ChMk0b\" data-language-for-alternatives=\"de\" data-language-to-translate-into=\"en\" data-phrase-index=\"9\">positives P.E.I.<\/span> <span class=\"JLqJ4b ChMk0b\" data-language-for-alternatives=\"de\" data-language-to-translate-into=\"en\" data-phrase-index=\"10\">(Paul-Erlich-Institut) Auswertung<\/span><\/span><\/li>\n<li><span class=\"VIiyi\" lang=\"de\"><span class=\"JLqJ4b ChMk0b\" data-language-for-alternatives=\"de\" data-language-to-translate-into=\"en\" data-phrase-index=\"12\">in der Lage, alle neuen St\u00e4mme zu erkennen, einschlie\u00dflich Delta<\/span><\/span><\/li>\n<\/ul>\n<p>PRINZIP<\/p>\n<p>Der SARS-CoV-2-Antigenschnelltest dient dem Nachweis von SARS-CoV-2-Antigenen. Anti-SARS-CoV-2-Antik\u00f6rper sind auf der Testlinie aufgebracht und mit kolloidalem Gold verbunden. W\u00e4hrend des Tests reagiert die Probe mit dem Anti-SARS-CoV-2-Antik\u00f6rperkomplex im Teststreifen. Das Gemisch wandert dann infolge des Kapillareffekts auf der Membranchromatographisch aufw\u00e4rts und reagiert mit anderen Anti-SARS-CoV-2-Antik\u00f6rpern im Testbereich. Der Komplex bildet eine farbige Linie im Testlinienbereich.<\/p>\n<p><span class=\"VIiyi\" lang=\"de\"><span class=\"JLqJ4b ChMk0b\" data-language-for-alternatives=\"de\" data-language-to-translate-into=\"en\" data-phrase-index=\"0\">Vergleich mit einem kommerziellen Benchmark-PCR-Test an 391 Proben.<\/span><\/span><\/p>\n<table width=\"490\">\n<tbody>\n<tr>\n<td width=\"170\">Methode<\/td>\n<td width=\"80\"><\/td>\n<td colspan=\"2\" width=\"160\">PCR<\/td>\n<td width=\"80\">Total<\/td>\n<\/tr>\n<tr>\n<td><\/td>\n<td><\/td>\n<td>Positiv<\/td>\n<td>Negativ<\/td>\n<td><\/td>\n<\/tr>\n<tr>\n<td>SARS-CoV-2-Antigenschnell-<\/td>\n<td>Positiv<\/td>\n<td>87<\/td>\n<td>0<\/td>\n<td>87<\/td>\n<\/tr>\n<tr>\n<td>test (Nasenabstrich \/Speichel)<\/td>\n<td>Negativ<\/td>\n<td>4<\/td>\n<td>300<\/td>\n<td>304<\/td>\n<\/tr>\n<tr>\n<td>Total<\/td>\n<td><\/td>\n<td>91<\/td>\n<td>300<\/td>\n<td>391<\/td>\n<\/tr>\n<\/tbody>\n<\/table>\n<p>Die LoD des Tests bez\u00fcglich des N-Proteins von SARS-CoV-2 liegt bei ungef\u00e4hr 0.2 bis 0.5 ng\/ml.<\/p>\n<p>MATERIALIEN<\/p>\n<p>Mitgelieferte Materialien im Selbsttest: <span class=\"VIiyi\" lang=\"de\"><span class=\"JLqJ4b ChMk0b\" data-language-for-alternatives=\"de\" data-language-to-translate-into=\"en\" data-phrase-index=\"0\">Folienbeutel, mit Testkassetten und Trockenmittel<\/span> <span class=\"JLqJ4b ChMk0b\" data-language-for-alternatives=\"de\" data-language-to-translate-into=\"en\" data-phrase-index=\"2\">Assay-Pufferr\u00f6hrchen<\/span> <span class=\"JLqJ4b ChMk0b\" data-language-for-alternatives=\"de\" data-language-to-translate-into=\"en\" data-phrase-index=\"4\">Sterile Tupfer und Probenentnahmer\u00f6hrchen<\/span> <span class=\"JLqJ4b ChMk0b\" data-language-for-alternatives=\"de\" data-language-to-translate-into=\"en\" data-phrase-index=\"6\">Bedienungsanleitung<\/span><\/span><\/p>\n<p>Nicht mitgelieferte Materialien: Timer<\/p>\n<p>Der Test kann bei Zimmertemperatur oder im K\u00fchlschrank (2-30 \u00b0C) aufbewahrt werden. Der Teststreifen ist bis zum Ablaufdatum, das auf dem versiegelten Beutel aufgedruckt ist, stabil. Der Teststreifen darferst bei Gebrauch aus dem versiegelten Beutel genommen werden. NICHT<br \/>\nEINFRIEREN. Nicht \u00fcber das Ablaufdatum hinaus verwenden. Unter diesen Aufbewahrungsbedingungen bleibt der Test 18 Monate lang stabil<\/p>\n<p>Ref. YMC050G -1, 1 Test\/Set<\/p>\n","protected":false},"excerpt":{"rendered":"<p><span class=\"JLqJ4b ChMk0b\" data-language-for-alternatives=\"de\" data-language-to-translate-into=\"en\" data-phrase-index=\"0\">Der Covid 19 (SARS-CoV-2) -Antigen-Schnelltest ist ein schneller chromatographischer Immunoassay zum qualitativen Nachweis von SARS-CoV-2-Antigenen<\/span> <span class=\"JLqJ4b ChMk0b\" data-language-for-alternatives=\"de\" data-language-to-translate-into=\"en\" data-phrase-index=\"2\">im menschlichen Nasopharynx. Selbsttest f\u00fcr Profi.<\/span><\/p>\n","protected":false},"featured_media":25755,"template":"","meta":{"_crdt_document":""},"product_brand":[],"product_cat":[418],"product_tag":[],"class_list":{"0":"post-25751","1":"product","2":"type-product","3":"status-publish","4":"has-post-thumbnail","6":"product_cat-covid19-de","8":"first","9":"instock","10":"taxable","11":"shipping-taxable","12":"purchasable","13":"product-type-simple"},"yoast_head":"<!-- This site is optimized with the Yoast SEO plugin v27.4 - https:\/\/yoast.com\/product\/yoast-seo-wordpress\/ -->\n<title>Covid-19-Antigen-Schnelltest Nase \/ Speicheltest (SARS-CoV-2) - Sysmatec<\/title>\n<meta name=\"description\" content=\"Schnelltest zum Nachweis von Covid-19-Antigenen, SARS-CoV-2, aus einer Nasen- oder Speichelprobe: Dies ist ein chromatographischer Immunoassay.\" \/>\n<meta name=\"robots\" content=\"index, follow, max-snippet:-1, max-image-preview:large, max-video-preview:-1\" \/>\n<link rel=\"canonical\" href=\"https:\/\/sysmatec.ch\/de\/produit\/coronavirus-sars-cov-2-antigen-nase-infektionsverdacht-zum-selbsttest-copie\/\" \/>\n<meta property=\"og:locale\" content=\"de_DE\" \/>\n<meta property=\"og:type\" content=\"article\" \/>\n<meta property=\"og:title\" content=\"Covid-19-Antigen-Schnelltest Nase \/ Speicheltest (SARS-CoV-2) - Sysmatec\" \/>\n<meta property=\"og:description\" content=\"Schnelltest zum Nachweis von Covid-19-Antigenen, SARS-CoV-2, aus einer Nasen- oder Speichelprobe: Dies ist ein chromatographischer Immunoassay.\" \/>\n<meta property=\"og:url\" content=\"https:\/\/sysmatec.ch\/de\/produit\/coronavirus-sars-cov-2-antigen-nase-infektionsverdacht-zum-selbsttest-copie\/\" \/>\n<meta property=\"og:site_name\" content=\"Sysmatec\" \/>\n<meta property=\"article:modified_time\" content=\"2021-10-04T19:06:16+00:00\" \/>\n<meta property=\"og:image\" content=\"https:\/\/sysmatec.ch\/wp-content\/uploads\/2021\/08\/Covid19Test_YMC050G1Todylaboratories1.jpg\" \/>\n\t<meta property=\"og:image:width\" content=\"1000\" \/>\n\t<meta property=\"og:image:height\" content=\"750\" \/>\n\t<meta property=\"og:image:type\" content=\"image\/jpeg\" \/>\n<meta name=\"twitter:card\" content=\"summary_large_image\" \/>\n<meta name=\"twitter:label1\" content=\"Gesch\u00e4tzte Lesezeit\" \/>\n\t<meta name=\"twitter:data1\" content=\"2\u00a0Minuten\" \/>\n<script type=\"application\/ld+json\" class=\"yoast-schema-graph\">{\"@context\":\"https:\\\/\\\/schema.org\",\"@graph\":[{\"@type\":\"WebPage\",\"@id\":\"https:\\\/\\\/sysmatec.ch\\\/de\\\/produit\\\/coronavirus-sars-cov-2-antigen-nase-infektionsverdacht-zum-selbsttest-copie\\\/\",\"url\":\"https:\\\/\\\/sysmatec.ch\\\/de\\\/produit\\\/coronavirus-sars-cov-2-antigen-nase-infektionsverdacht-zum-selbsttest-copie\\\/\",\"name\":\"Covid-19-Antigen-Schnelltest Nase \\\/ Speicheltest (SARS-CoV-2) - Sysmatec\",\"isPartOf\":{\"@id\":\"https:\\\/\\\/sysmatec.ch\\\/de\\\/#website\"},\"primaryImageOfPage\":{\"@id\":\"https:\\\/\\\/sysmatec.ch\\\/de\\\/produit\\\/coronavirus-sars-cov-2-antigen-nase-infektionsverdacht-zum-selbsttest-copie\\\/#primaryimage\"},\"image\":{\"@id\":\"https:\\\/\\\/sysmatec.ch\\\/de\\\/produit\\\/coronavirus-sars-cov-2-antigen-nase-infektionsverdacht-zum-selbsttest-copie\\\/#primaryimage\"},\"thumbnailUrl\":\"https:\\\/\\\/sysmatec.ch\\\/wp-content\\\/uploads\\\/2021\\\/08\\\/Covid19Test_YMC050G1Todylaboratories1.jpg\",\"datePublished\":\"2021-08-07T09:20:31+00:00\",\"dateModified\":\"2021-10-04T19:06:16+00:00\",\"description\":\"Schnelltest zum Nachweis von Covid-19-Antigenen, SARS-CoV-2, aus einer Nasen- oder Speichelprobe: Dies ist ein chromatographischer Immunoassay.\",\"breadcrumb\":{\"@id\":\"https:\\\/\\\/sysmatec.ch\\\/de\\\/produit\\\/coronavirus-sars-cov-2-antigen-nase-infektionsverdacht-zum-selbsttest-copie\\\/#breadcrumb\"},\"inLanguage\":\"de\",\"potentialAction\":[{\"@type\":\"ReadAction\",\"target\":[\"https:\\\/\\\/sysmatec.ch\\\/de\\\/produit\\\/coronavirus-sars-cov-2-antigen-nase-infektionsverdacht-zum-selbsttest-copie\\\/\"]}]},{\"@type\":\"ImageObject\",\"inLanguage\":\"de\",\"@id\":\"https:\\\/\\\/sysmatec.ch\\\/de\\\/produit\\\/coronavirus-sars-cov-2-antigen-nase-infektionsverdacht-zum-selbsttest-copie\\\/#primaryimage\",\"url\":\"https:\\\/\\\/sysmatec.ch\\\/wp-content\\\/uploads\\\/2021\\\/08\\\/Covid19Test_YMC050G1Todylaboratories1.jpg\",\"contentUrl\":\"https:\\\/\\\/sysmatec.ch\\\/wp-content\\\/uploads\\\/2021\\\/08\\\/Covid19Test_YMC050G1Todylaboratories1.jpg\",\"width\":1000,\"height\":750,\"caption\":\"Test antig\u00e9nique Covid\"},{\"@type\":\"BreadcrumbList\",\"@id\":\"https:\\\/\\\/sysmatec.ch\\\/de\\\/produit\\\/coronavirus-sars-cov-2-antigen-nase-infektionsverdacht-zum-selbsttest-copie\\\/#breadcrumb\",\"itemListElement\":[{\"@type\":\"ListItem\",\"position\":1,\"name\":\"Accueil\",\"item\":\"https:\\\/\\\/sysmatec.ch\\\/de\\\/\"},{\"@type\":\"ListItem\",\"position\":2,\"name\":\"Die Aktivit\u00e4t von Sysmatec\",\"item\":\"https:\\\/\\\/sysmatec.ch\\\/de\\\/\"},{\"@type\":\"ListItem\",\"position\":3,\"name\":\"Covid-19-Antigen-Schnelltest Nase \\\/ Speicheltest (SARS-CoV-2)\"}]},{\"@type\":\"WebSite\",\"@id\":\"https:\\\/\\\/sysmatec.ch\\\/de\\\/#website\",\"url\":\"https:\\\/\\\/sysmatec.ch\\\/de\\\/\",\"name\":\"Sysmatec\",\"description\":\"Equipement de laboratoire et logiciels\",\"publisher\":{\"@id\":\"https:\\\/\\\/sysmatec.ch\\\/de\\\/#organization\"},\"potentialAction\":[{\"@type\":\"SearchAction\",\"target\":{\"@type\":\"EntryPoint\",\"urlTemplate\":\"https:\\\/\\\/sysmatec.ch\\\/de\\\/?s={search_term_string}\"},\"query-input\":{\"@type\":\"PropertyValueSpecification\",\"valueRequired\":true,\"valueName\":\"search_term_string\"}}],\"inLanguage\":\"de\"},{\"@type\":\"Organization\",\"@id\":\"https:\\\/\\\/sysmatec.ch\\\/de\\\/#organization\",\"name\":\"Sysmatec\",\"url\":\"https:\\\/\\\/sysmatec.ch\\\/de\\\/\",\"logo\":{\"@type\":\"ImageObject\",\"inLanguage\":\"de\",\"@id\":\"https:\\\/\\\/sysmatec.ch\\\/de\\\/#\\\/schema\\\/logo\\\/image\\\/\",\"url\":\"https:\\\/\\\/sysmatec.ch\\\/wp-content\\\/uploads\\\/2018\\\/11\\\/LogoSysmatec.jpg\",\"contentUrl\":\"https:\\\/\\\/sysmatec.ch\\\/wp-content\\\/uploads\\\/2018\\\/11\\\/LogoSysmatec.jpg\",\"width\":301,\"height\":297,\"caption\":\"Sysmatec\"},\"image\":{\"@id\":\"https:\\\/\\\/sysmatec.ch\\\/de\\\/#\\\/schema\\\/logo\\\/image\\\/\"}}]}<\/script>\n<!-- \/ Yoast SEO plugin. -->","yoast_head_json":{"title":"Covid-19-Antigen-Schnelltest Nase \/ Speicheltest (SARS-CoV-2) - Sysmatec","description":"Schnelltest zum Nachweis von Covid-19-Antigenen, SARS-CoV-2, aus einer Nasen- oder Speichelprobe: Dies ist ein chromatographischer Immunoassay.","robots":{"index":"index","follow":"follow","max-snippet":"max-snippet:-1","max-image-preview":"max-image-preview:large","max-video-preview":"max-video-preview:-1"},"canonical":"https:\/\/sysmatec.ch\/de\/produit\/coronavirus-sars-cov-2-antigen-nase-infektionsverdacht-zum-selbsttest-copie\/","og_locale":"de_DE","og_type":"article","og_title":"Covid-19-Antigen-Schnelltest Nase \/ Speicheltest (SARS-CoV-2) - Sysmatec","og_description":"Schnelltest zum Nachweis von Covid-19-Antigenen, SARS-CoV-2, aus einer Nasen- oder Speichelprobe: Dies ist ein chromatographischer Immunoassay.","og_url":"https:\/\/sysmatec.ch\/de\/produit\/coronavirus-sars-cov-2-antigen-nase-infektionsverdacht-zum-selbsttest-copie\/","og_site_name":"Sysmatec","article_modified_time":"2021-10-04T19:06:16+00:00","og_image":[{"width":1000,"height":750,"url":"https:\/\/sysmatec.ch\/wp-content\/uploads\/2021\/08\/Covid19Test_YMC050G1Todylaboratories1.jpg","type":"image\/jpeg"}],"twitter_card":"summary_large_image","twitter_misc":{"Gesch\u00e4tzte Lesezeit":"2\u00a0Minuten"},"schema":{"@context":"https:\/\/schema.org","@graph":[{"@type":"WebPage","@id":"https:\/\/sysmatec.ch\/de\/produit\/coronavirus-sars-cov-2-antigen-nase-infektionsverdacht-zum-selbsttest-copie\/","url":"https:\/\/sysmatec.ch\/de\/produit\/coronavirus-sars-cov-2-antigen-nase-infektionsverdacht-zum-selbsttest-copie\/","name":"Covid-19-Antigen-Schnelltest Nase \/ Speicheltest (SARS-CoV-2) - Sysmatec","isPartOf":{"@id":"https:\/\/sysmatec.ch\/de\/#website"},"primaryImageOfPage":{"@id":"https:\/\/sysmatec.ch\/de\/produit\/coronavirus-sars-cov-2-antigen-nase-infektionsverdacht-zum-selbsttest-copie\/#primaryimage"},"image":{"@id":"https:\/\/sysmatec.ch\/de\/produit\/coronavirus-sars-cov-2-antigen-nase-infektionsverdacht-zum-selbsttest-copie\/#primaryimage"},"thumbnailUrl":"https:\/\/sysmatec.ch\/wp-content\/uploads\/2021\/08\/Covid19Test_YMC050G1Todylaboratories1.jpg","datePublished":"2021-08-07T09:20:31+00:00","dateModified":"2021-10-04T19:06:16+00:00","description":"Schnelltest zum Nachweis von Covid-19-Antigenen, SARS-CoV-2, aus einer Nasen- oder Speichelprobe: Dies ist ein chromatographischer Immunoassay.","breadcrumb":{"@id":"https:\/\/sysmatec.ch\/de\/produit\/coronavirus-sars-cov-2-antigen-nase-infektionsverdacht-zum-selbsttest-copie\/#breadcrumb"},"inLanguage":"de","potentialAction":[{"@type":"ReadAction","target":["https:\/\/sysmatec.ch\/de\/produit\/coronavirus-sars-cov-2-antigen-nase-infektionsverdacht-zum-selbsttest-copie\/"]}]},{"@type":"ImageObject","inLanguage":"de","@id":"https:\/\/sysmatec.ch\/de\/produit\/coronavirus-sars-cov-2-antigen-nase-infektionsverdacht-zum-selbsttest-copie\/#primaryimage","url":"https:\/\/sysmatec.ch\/wp-content\/uploads\/2021\/08\/Covid19Test_YMC050G1Todylaboratories1.jpg","contentUrl":"https:\/\/sysmatec.ch\/wp-content\/uploads\/2021\/08\/Covid19Test_YMC050G1Todylaboratories1.jpg","width":1000,"height":750,"caption":"Test antig\u00e9nique Covid"},{"@type":"BreadcrumbList","@id":"https:\/\/sysmatec.ch\/de\/produit\/coronavirus-sars-cov-2-antigen-nase-infektionsverdacht-zum-selbsttest-copie\/#breadcrumb","itemListElement":[{"@type":"ListItem","position":1,"name":"Accueil","item":"https:\/\/sysmatec.ch\/de\/"},{"@type":"ListItem","position":2,"name":"Die Aktivit\u00e4t von Sysmatec","item":"https:\/\/sysmatec.ch\/de\/"},{"@type":"ListItem","position":3,"name":"Covid-19-Antigen-Schnelltest Nase \/ Speicheltest (SARS-CoV-2)"}]},{"@type":"WebSite","@id":"https:\/\/sysmatec.ch\/de\/#website","url":"https:\/\/sysmatec.ch\/de\/","name":"Sysmatec","description":"Equipement de laboratoire et logiciels","publisher":{"@id":"https:\/\/sysmatec.ch\/de\/#organization"},"potentialAction":[{"@type":"SearchAction","target":{"@type":"EntryPoint","urlTemplate":"https:\/\/sysmatec.ch\/de\/?s={search_term_string}"},"query-input":{"@type":"PropertyValueSpecification","valueRequired":true,"valueName":"search_term_string"}}],"inLanguage":"de"},{"@type":"Organization","@id":"https:\/\/sysmatec.ch\/de\/#organization","name":"Sysmatec","url":"https:\/\/sysmatec.ch\/de\/","logo":{"@type":"ImageObject","inLanguage":"de","@id":"https:\/\/sysmatec.ch\/de\/#\/schema\/logo\/image\/","url":"https:\/\/sysmatec.ch\/wp-content\/uploads\/2018\/11\/LogoSysmatec.jpg","contentUrl":"https:\/\/sysmatec.ch\/wp-content\/uploads\/2018\/11\/LogoSysmatec.jpg","width":301,"height":297,"caption":"Sysmatec"},"image":{"@id":"https:\/\/sysmatec.ch\/de\/#\/schema\/logo\/image\/"}}]}},"_links":{"self":[{"href":"https:\/\/sysmatec.ch\/de\/wp-json\/wp\/v2\/product\/25751","targetHints":{"allow":["GET"]}}],"collection":[{"href":"https:\/\/sysmatec.ch\/de\/wp-json\/wp\/v2\/product"}],"about":[{"href":"https:\/\/sysmatec.ch\/de\/wp-json\/wp\/v2\/types\/product"}],"wp:featuredmedia":[{"embeddable":true,"href":"https:\/\/sysmatec.ch\/de\/wp-json\/wp\/v2\/media\/25755"}],"wp:attachment":[{"href":"https:\/\/sysmatec.ch\/de\/wp-json\/wp\/v2\/media?parent=25751"}],"wp:term":[{"taxonomy":"product_brand","embeddable":true,"href":"https:\/\/sysmatec.ch\/de\/wp-json\/wp\/v2\/product_brand?post=25751"},{"taxonomy":"product_cat","embeddable":true,"href":"https:\/\/sysmatec.ch\/de\/wp-json\/wp\/v2\/product_cat?post=25751"},{"taxonomy":"product_tag","embeddable":true,"href":"https:\/\/sysmatec.ch\/de\/wp-json\/wp\/v2\/product_tag?post=25751"}],"curies":[{"name":"wp","href":"https:\/\/api.w.org\/{rel}","templated":true}]}}