{"id":25739,"date":"2021-08-06T18:13:09","date_gmt":"2021-08-06T16:13:09","guid":{"rendered":"https:\/\/sysmatec.ch\/?post_type=product&#038;p=25739"},"modified":"2021-10-04T21:16:19","modified_gmt":"2021-10-04T19:16:19","slug":"coronavirus-sars-cov-2-antigen-nase-infektionsverdacht-selbsttest","status":"publish","type":"product","link":"https:\/\/sysmatec.ch\/de\/Produkt\/coronavirus-sars-cov-2-antigen-nase-infektionsverdacht-selbsttest\/","title":{"rendered":"Coronavirus (SARS-CoV-2) Antigen &#8211; Nase &#8211; Infektionsverdacht &#8211; Selbsttest"},"content":{"rendered":"<p>Der SARS-CoV-2-Antigenschnelltest (Nasenabstrich) ist ein schneller chromatographischer Immuntest f\u00fcr den qualitativen Nachweis des neuartigen Coronavirus SARS-CoV-2 in Nasensekreten des Menschen.<br \/>\nDieses Produkt ist f\u00fcr den Selbsttest vorgesehen. Der Test wurde zum Nachweis des Nucleocapsid-Proteins (N-Protein) des Virus entwickelt, bei dem es sich um ein konserviertes Strukturprotein handelt, das in allen SARS-CoV-2-Mutantenst\u00e4mmen vorhanden ist. Somit kann unser Schnelltest verwendet werden, um alle Mutantenst\u00e4mme des SARS-CoV-2-Virus nachzuweisen. Mindestalter der Anwender ist 18 Jahre.<\/p>\n<ul>\n<li><span class=\"VIiyi\" lang=\"de\"><span class=\"JLqJ4b ChMk0b\" data-language-for-alternatives=\"de\" data-language-to-translate-into=\"en\" data-phrase-index=\"0\">gelistet auf der HSC EU Common List of RAT<\/span> <\/span><\/li>\n<li><span class=\"VIiyi\" lang=\"de\"><span class=\"JLqJ4b ChMk0b\" data-language-for-alternatives=\"de\" data-language-to-translate-into=\"en\" data-phrase-index=\"2\">gelistet beim BfArM zum Selbsttest (Laien)<\/span><\/span><\/li>\n<li><span class=\"VIiyi\" lang=\"de\"><span class=\"JLqJ4b ChMk0b\" data-language-for-alternatives=\"de\" data-language-to-translate-into=\"en\" data-phrase-index=\"4\">positive P.E.I (Paul Erlich Institut) Bewertung<\/span> <\/span><\/li>\n<li><span class=\"VIiyi\" lang=\"de\"><span class=\"JLqJ4b ChMk0b\" data-language-for-alternatives=\"de\" data-language-to-translate-into=\"en\" data-phrase-index=\"6\">zugelassen f\u00fcr den Verkauf in Apotheken in Deutschland (DE) und den Niederlanden (NL,<\/span><span class=\"JLqJ4b ChMk0b\" data-language-for-alternatives=\"de\" data-language-to-translate-into=\"en\" data-phrase-index=\"8\">\u00a0dies bietet die M\u00f6glichkeit des Verkaufs in Deutschland, in Apotheken, Superm\u00e4rkten etc., so dass auch Laien sich selbst testen k\u00f6nnen<\/span><\/span><\/li>\n<\/ul>\n<h2>Prinzip<\/h2>\n<p>Der SARS-CoV-2-Antigenschnelltest dient dem Nachweis von SARS-CoV-2-Antigenen. Anti-SARS-CoV-2-Antik\u00f6rper sind auf der Testlinie aufgebracht und mit kolloidalem Gold verbunden. W\u00e4hrend des Tests reagiert die Probe mit dem Anti-SARS-CoV-2-Antik\u00f6rperkomplex im Teststreifen. Das Gemisch wandert dann infolge des Kapillareffekts auf der Membranchromatographisch aufw\u00e4rts und reagiert mit anderen Anti-SARS-CoV-2-Antik\u00f6rpern im Testbereich. Der Komplex bildet eine farbige Linie im Testlinienbereich.<\/p>\n<table width=\"490\">\n<tbody>\n<tr>\n<td width=\"170\">Methode<\/td>\n<td width=\"80\"><\/td>\n<td colspan=\"2\" width=\"160\">PCR<\/td>\n<td width=\"80\">Total<\/td>\n<\/tr>\n<tr>\n<td><\/td>\n<td><\/td>\n<td>Positiv<\/td>\n<td>Negativ<\/td>\n<td><\/td>\n<\/tr>\n<tr>\n<td>SARS-CoV-2-Antigenschnell-<\/td>\n<td>Positiv<\/td>\n<td>103<\/td>\n<td>0<\/td>\n<td>103<\/td>\n<\/tr>\n<tr>\n<td>test (Nasenabstrich)<\/td>\n<td>Negativ<\/td>\n<td>7<\/td>\n<td>100<\/td>\n<td>107<\/td>\n<\/tr>\n<tr>\n<td>Total<\/td>\n<td><\/td>\n<td>110<\/td>\n<td>100<\/td>\n<td>210<\/td>\n<\/tr>\n<\/tbody>\n<\/table>\n<p>Die LoD des Tests bez\u00fcglich des N-Proteins von SARS-CoV-2 liegt bei ungef\u00e4hr 0.2 bis 0.5 ng\/ml.<\/p>\n<h2>Materialien<\/h2>\n<p>Mitgelieferte Materialien im Selbsttest: 20 Testkassetten, 20 sterile Tupfer, 20 Extraktionspuffer, 20 Extraktionsr\u00f6hrchen und -spitzen, Workstation, Verfahrenskarte Erforderliche, aber nicht mitgelieferte Materialien: Timer<\/p>\n<p>Der Test kann bei Zimmertemperatur oder im K\u00fchlschrank (2-30 \u00b0C) aufbewahrt werden. Der Teststreifen ist bis zum Ablaufdatum, das auf dem versiegelten Beutel aufgedruckt ist, stabil. Der Teststreifen darferst bei Gebrauch aus dem versiegelten Beutel genommen werden. NICHT<br \/>\nEINFRIEREN. Nicht \u00fcber das Ablaufdatum hinaus verwenden. Unter diesen Aufbewahrungsbedingungen bleibt der Test 18 Monate lang stabil<\/p>\n<p>Ref. XG001,\u00a0 20 Tests\/Set, 5 Tests\/Set oder 1 Tests\/Set<\/p>\n","protected":false},"excerpt":{"rendered":"<p><span class=\"JLqJ4b ChMk0b\" data-language-for-alternatives=\"de\" data-language-to-translate-into=\"en\" data-phrase-index=\"0\">Der Covid 19 (SARS-CoV-2) -Antigen-Schnelltest ist ein schneller chromatographischer Immunoassay zum qualitativen Nachweis von SARS-CoV-2-Antigenen<\/span> <span class=\"JLqJ4b ChMk0b\" data-language-for-alternatives=\"de\" data-language-to-translate-into=\"en\" data-phrase-index=\"2\">im menschlichen Nasopharynx. Selbsttest f\u00fcr Private.<\/span><\/p>\n","protected":false},"featured_media":25741,"template":"","meta":{"_crdt_document":""},"product_brand":[],"product_cat":[418],"product_tag":[],"class_list":{"0":"post-25739","1":"product","2":"type-product","3":"status-publish","4":"has-post-thumbnail","6":"product_cat-covid19-de","8":"first","9":"instock","10":"taxable","11":"shipping-taxable","12":"purchasable","13":"product-type-simple"},"yoast_head":"<!-- This site is optimized with the Yoast SEO plugin v27.4 - https:\/\/yoast.com\/product\/yoast-seo-wordpress\/ -->\n<title>Coronavirus (SARS-CoV-2) Antigen - Nase - Infektionsverdacht - Selbsttest - Sysmatec<\/title>\n<meta name=\"description\" content=\"Schnelltest zum Nachweis von Covid-19-Antigenen, SARS-CoV-2, aus einer Nasen- oder Speichelprobe: Antigen-Selbsttest.\" \/>\n<meta name=\"robots\" content=\"index, follow, max-snippet:-1, max-image-preview:large, max-video-preview:-1\" \/>\n<link rel=\"canonical\" href=\"https:\/\/sysmatec.ch\/de\/produit\/coronavirus-sars-cov-2-antigen-nase-infektionsverdacht-selbsttest\/\" \/>\n<meta property=\"og:locale\" content=\"de_DE\" \/>\n<meta property=\"og:type\" content=\"article\" \/>\n<meta property=\"og:title\" content=\"Coronavirus (SARS-CoV-2) Antigen - Nase - Infektionsverdacht - Selbsttest - Sysmatec\" \/>\n<meta property=\"og:description\" content=\"Schnelltest zum Nachweis von Covid-19-Antigenen, SARS-CoV-2, aus einer Nasen- oder Speichelprobe: Antigen-Selbsttest.\" \/>\n<meta property=\"og:url\" content=\"https:\/\/sysmatec.ch\/de\/produit\/coronavirus-sars-cov-2-antigen-nase-infektionsverdacht-selbsttest\/\" \/>\n<meta property=\"og:site_name\" content=\"Sysmatec\" \/>\n<meta property=\"article:modified_time\" content=\"2021-10-04T19:16:19+00:00\" \/>\n<meta property=\"og:image\" content=\"https:\/\/sysmatec.ch\/wp-content\/uploads\/2021\/08\/Covid19Test_XG001Todylaboratories1.jpg\" \/>\n\t<meta property=\"og:image:width\" content=\"918\" \/>\n\t<meta property=\"og:image:height\" content=\"556\" \/>\n\t<meta property=\"og:image:type\" content=\"image\/jpeg\" \/>\n<meta name=\"twitter:card\" content=\"summary_large_image\" \/>\n<meta name=\"twitter:label1\" content=\"Gesch\u00e4tzte Lesezeit\" \/>\n\t<meta name=\"twitter:data1\" content=\"2\u00a0Minuten\" \/>\n<script type=\"application\/ld+json\" class=\"yoast-schema-graph\">{\"@context\":\"https:\\\/\\\/schema.org\",\"@graph\":[{\"@type\":\"WebPage\",\"@id\":\"https:\\\/\\\/sysmatec.ch\\\/de\\\/produit\\\/coronavirus-sars-cov-2-antigen-nase-infektionsverdacht-selbsttest\\\/\",\"url\":\"https:\\\/\\\/sysmatec.ch\\\/de\\\/produit\\\/coronavirus-sars-cov-2-antigen-nase-infektionsverdacht-selbsttest\\\/\",\"name\":\"Coronavirus (SARS-CoV-2) Antigen - Nase - Infektionsverdacht - Selbsttest - Sysmatec\",\"isPartOf\":{\"@id\":\"https:\\\/\\\/sysmatec.ch\\\/de\\\/#website\"},\"primaryImageOfPage\":{\"@id\":\"https:\\\/\\\/sysmatec.ch\\\/de\\\/produit\\\/coronavirus-sars-cov-2-antigen-nase-infektionsverdacht-selbsttest\\\/#primaryimage\"},\"image\":{\"@id\":\"https:\\\/\\\/sysmatec.ch\\\/de\\\/produit\\\/coronavirus-sars-cov-2-antigen-nase-infektionsverdacht-selbsttest\\\/#primaryimage\"},\"thumbnailUrl\":\"https:\\\/\\\/sysmatec.ch\\\/wp-content\\\/uploads\\\/2021\\\/08\\\/Covid19Test_XG001Todylaboratories1.jpg\",\"datePublished\":\"2021-08-06T16:13:09+00:00\",\"dateModified\":\"2021-10-04T19:16:19+00:00\",\"description\":\"Schnelltest zum Nachweis von Covid-19-Antigenen, SARS-CoV-2, aus einer Nasen- oder Speichelprobe: Antigen-Selbsttest.\",\"breadcrumb\":{\"@id\":\"https:\\\/\\\/sysmatec.ch\\\/de\\\/produit\\\/coronavirus-sars-cov-2-antigen-nase-infektionsverdacht-selbsttest\\\/#breadcrumb\"},\"inLanguage\":\"de\",\"potentialAction\":[{\"@type\":\"ReadAction\",\"target\":[\"https:\\\/\\\/sysmatec.ch\\\/de\\\/produit\\\/coronavirus-sars-cov-2-antigen-nase-infektionsverdacht-selbsttest\\\/\"]}]},{\"@type\":\"ImageObject\",\"inLanguage\":\"de\",\"@id\":\"https:\\\/\\\/sysmatec.ch\\\/de\\\/produit\\\/coronavirus-sars-cov-2-antigen-nase-infektionsverdacht-selbsttest\\\/#primaryimage\",\"url\":\"https:\\\/\\\/sysmatec.ch\\\/wp-content\\\/uploads\\\/2021\\\/08\\\/Covid19Test_XG001Todylaboratories1.jpg\",\"contentUrl\":\"https:\\\/\\\/sysmatec.ch\\\/wp-content\\\/uploads\\\/2021\\\/08\\\/Covid19Test_XG001Todylaboratories1.jpg\",\"width\":918,\"height\":556},{\"@type\":\"BreadcrumbList\",\"@id\":\"https:\\\/\\\/sysmatec.ch\\\/de\\\/produit\\\/coronavirus-sars-cov-2-antigen-nase-infektionsverdacht-selbsttest\\\/#breadcrumb\",\"itemListElement\":[{\"@type\":\"ListItem\",\"position\":1,\"name\":\"Accueil\",\"item\":\"https:\\\/\\\/sysmatec.ch\\\/de\\\/\"},{\"@type\":\"ListItem\",\"position\":2,\"name\":\"Die Aktivit\u00e4t von Sysmatec\",\"item\":\"https:\\\/\\\/sysmatec.ch\\\/de\\\/\"},{\"@type\":\"ListItem\",\"position\":3,\"name\":\"Coronavirus (SARS-CoV-2) Antigen &#8211; Nase &#8211; Infektionsverdacht &#8211; Selbsttest\"}]},{\"@type\":\"WebSite\",\"@id\":\"https:\\\/\\\/sysmatec.ch\\\/de\\\/#website\",\"url\":\"https:\\\/\\\/sysmatec.ch\\\/de\\\/\",\"name\":\"Sysmatec\",\"description\":\"Equipement de laboratoire et logiciels\",\"publisher\":{\"@id\":\"https:\\\/\\\/sysmatec.ch\\\/de\\\/#organization\"},\"potentialAction\":[{\"@type\":\"SearchAction\",\"target\":{\"@type\":\"EntryPoint\",\"urlTemplate\":\"https:\\\/\\\/sysmatec.ch\\\/de\\\/?s={search_term_string}\"},\"query-input\":{\"@type\":\"PropertyValueSpecification\",\"valueRequired\":true,\"valueName\":\"search_term_string\"}}],\"inLanguage\":\"de\"},{\"@type\":\"Organization\",\"@id\":\"https:\\\/\\\/sysmatec.ch\\\/de\\\/#organization\",\"name\":\"Sysmatec\",\"url\":\"https:\\\/\\\/sysmatec.ch\\\/de\\\/\",\"logo\":{\"@type\":\"ImageObject\",\"inLanguage\":\"de\",\"@id\":\"https:\\\/\\\/sysmatec.ch\\\/de\\\/#\\\/schema\\\/logo\\\/image\\\/\",\"url\":\"https:\\\/\\\/sysmatec.ch\\\/wp-content\\\/uploads\\\/2018\\\/11\\\/LogoSysmatec.jpg\",\"contentUrl\":\"https:\\\/\\\/sysmatec.ch\\\/wp-content\\\/uploads\\\/2018\\\/11\\\/LogoSysmatec.jpg\",\"width\":301,\"height\":297,\"caption\":\"Sysmatec\"},\"image\":{\"@id\":\"https:\\\/\\\/sysmatec.ch\\\/de\\\/#\\\/schema\\\/logo\\\/image\\\/\"}}]}<\/script>\n<!-- \/ Yoast SEO plugin. -->","yoast_head_json":{"title":"Coronavirus (SARS-CoV-2) Antigen - Nase - Infektionsverdacht - Selbsttest - Sysmatec","description":"Schnelltest zum Nachweis von Covid-19-Antigenen, SARS-CoV-2, aus einer Nasen- oder Speichelprobe: Antigen-Selbsttest.","robots":{"index":"index","follow":"follow","max-snippet":"max-snippet:-1","max-image-preview":"max-image-preview:large","max-video-preview":"max-video-preview:-1"},"canonical":"https:\/\/sysmatec.ch\/de\/produit\/coronavirus-sars-cov-2-antigen-nase-infektionsverdacht-selbsttest\/","og_locale":"de_DE","og_type":"article","og_title":"Coronavirus (SARS-CoV-2) Antigen - Nase - Infektionsverdacht - Selbsttest - Sysmatec","og_description":"Schnelltest zum Nachweis von Covid-19-Antigenen, SARS-CoV-2, aus einer Nasen- oder Speichelprobe: Antigen-Selbsttest.","og_url":"https:\/\/sysmatec.ch\/de\/produit\/coronavirus-sars-cov-2-antigen-nase-infektionsverdacht-selbsttest\/","og_site_name":"Sysmatec","article_modified_time":"2021-10-04T19:16:19+00:00","og_image":[{"width":918,"height":556,"url":"https:\/\/sysmatec.ch\/wp-content\/uploads\/2021\/08\/Covid19Test_XG001Todylaboratories1.jpg","type":"image\/jpeg"}],"twitter_card":"summary_large_image","twitter_misc":{"Gesch\u00e4tzte Lesezeit":"2\u00a0Minuten"},"schema":{"@context":"https:\/\/schema.org","@graph":[{"@type":"WebPage","@id":"https:\/\/sysmatec.ch\/de\/produit\/coronavirus-sars-cov-2-antigen-nase-infektionsverdacht-selbsttest\/","url":"https:\/\/sysmatec.ch\/de\/produit\/coronavirus-sars-cov-2-antigen-nase-infektionsverdacht-selbsttest\/","name":"Coronavirus (SARS-CoV-2) Antigen - Nase - Infektionsverdacht - Selbsttest - Sysmatec","isPartOf":{"@id":"https:\/\/sysmatec.ch\/de\/#website"},"primaryImageOfPage":{"@id":"https:\/\/sysmatec.ch\/de\/produit\/coronavirus-sars-cov-2-antigen-nase-infektionsverdacht-selbsttest\/#primaryimage"},"image":{"@id":"https:\/\/sysmatec.ch\/de\/produit\/coronavirus-sars-cov-2-antigen-nase-infektionsverdacht-selbsttest\/#primaryimage"},"thumbnailUrl":"https:\/\/sysmatec.ch\/wp-content\/uploads\/2021\/08\/Covid19Test_XG001Todylaboratories1.jpg","datePublished":"2021-08-06T16:13:09+00:00","dateModified":"2021-10-04T19:16:19+00:00","description":"Schnelltest zum Nachweis von Covid-19-Antigenen, SARS-CoV-2, aus einer Nasen- oder Speichelprobe: Antigen-Selbsttest.","breadcrumb":{"@id":"https:\/\/sysmatec.ch\/de\/produit\/coronavirus-sars-cov-2-antigen-nase-infektionsverdacht-selbsttest\/#breadcrumb"},"inLanguage":"de","potentialAction":[{"@type":"ReadAction","target":["https:\/\/sysmatec.ch\/de\/produit\/coronavirus-sars-cov-2-antigen-nase-infektionsverdacht-selbsttest\/"]}]},{"@type":"ImageObject","inLanguage":"de","@id":"https:\/\/sysmatec.ch\/de\/produit\/coronavirus-sars-cov-2-antigen-nase-infektionsverdacht-selbsttest\/#primaryimage","url":"https:\/\/sysmatec.ch\/wp-content\/uploads\/2021\/08\/Covid19Test_XG001Todylaboratories1.jpg","contentUrl":"https:\/\/sysmatec.ch\/wp-content\/uploads\/2021\/08\/Covid19Test_XG001Todylaboratories1.jpg","width":918,"height":556},{"@type":"BreadcrumbList","@id":"https:\/\/sysmatec.ch\/de\/produit\/coronavirus-sars-cov-2-antigen-nase-infektionsverdacht-selbsttest\/#breadcrumb","itemListElement":[{"@type":"ListItem","position":1,"name":"Accueil","item":"https:\/\/sysmatec.ch\/de\/"},{"@type":"ListItem","position":2,"name":"Die Aktivit\u00e4t von Sysmatec","item":"https:\/\/sysmatec.ch\/de\/"},{"@type":"ListItem","position":3,"name":"Coronavirus (SARS-CoV-2) Antigen &#8211; Nase &#8211; Infektionsverdacht &#8211; Selbsttest"}]},{"@type":"WebSite","@id":"https:\/\/sysmatec.ch\/de\/#website","url":"https:\/\/sysmatec.ch\/de\/","name":"Sysmatec","description":"Equipement de laboratoire et logiciels","publisher":{"@id":"https:\/\/sysmatec.ch\/de\/#organization"},"potentialAction":[{"@type":"SearchAction","target":{"@type":"EntryPoint","urlTemplate":"https:\/\/sysmatec.ch\/de\/?s={search_term_string}"},"query-input":{"@type":"PropertyValueSpecification","valueRequired":true,"valueName":"search_term_string"}}],"inLanguage":"de"},{"@type":"Organization","@id":"https:\/\/sysmatec.ch\/de\/#organization","name":"Sysmatec","url":"https:\/\/sysmatec.ch\/de\/","logo":{"@type":"ImageObject","inLanguage":"de","@id":"https:\/\/sysmatec.ch\/de\/#\/schema\/logo\/image\/","url":"https:\/\/sysmatec.ch\/wp-content\/uploads\/2018\/11\/LogoSysmatec.jpg","contentUrl":"https:\/\/sysmatec.ch\/wp-content\/uploads\/2018\/11\/LogoSysmatec.jpg","width":301,"height":297,"caption":"Sysmatec"},"image":{"@id":"https:\/\/sysmatec.ch\/de\/#\/schema\/logo\/image\/"}}]}},"_links":{"self":[{"href":"https:\/\/sysmatec.ch\/de\/wp-json\/wp\/v2\/product\/25739","targetHints":{"allow":["GET"]}}],"collection":[{"href":"https:\/\/sysmatec.ch\/de\/wp-json\/wp\/v2\/product"}],"about":[{"href":"https:\/\/sysmatec.ch\/de\/wp-json\/wp\/v2\/types\/product"}],"wp:featuredmedia":[{"embeddable":true,"href":"https:\/\/sysmatec.ch\/de\/wp-json\/wp\/v2\/media\/25741"}],"wp:attachment":[{"href":"https:\/\/sysmatec.ch\/de\/wp-json\/wp\/v2\/media?parent=25739"}],"wp:term":[{"taxonomy":"product_brand","embeddable":true,"href":"https:\/\/sysmatec.ch\/de\/wp-json\/wp\/v2\/product_brand?post=25739"},{"taxonomy":"product_cat","embeddable":true,"href":"https:\/\/sysmatec.ch\/de\/wp-json\/wp\/v2\/product_cat?post=25739"},{"taxonomy":"product_tag","embeddable":true,"href":"https:\/\/sysmatec.ch\/de\/wp-json\/wp\/v2\/product_tag?post=25739"}],"curies":[{"name":"wp","href":"https:\/\/api.w.org\/{rel}","templated":true}]}}