{"id":25732,"date":"2021-08-06T10:55:56","date_gmt":"2021-08-06T08:55:56","guid":{"rendered":"https:\/\/sysmatec.ch\/?post_type=product&#038;p=25732"},"modified":"2021-10-04T21:25:35","modified_gmt":"2021-10-04T19:25:35","slug":"nir-spektrophotometer-atp8600","status":"publish","type":"product","link":"https:\/\/sysmatec.ch\/de\/Produkt\/nir-spektrophotometer-atp8600\/","title":{"rendered":"NIR Spektrophotometer ATP8600"},"content":{"rendered":"<p><span class=\"VIiyi\" lang=\"de\"><span class=\"JLqJ4b ChMk0b\" data-language-for-alternatives=\"de\" data-language-to-translate-into=\"en\" data-phrase-index=\"0\">ATP8600 ist ein kompaktes 900-1700-nm-NIR-Spektrophotometer.<\/span> <span class=\"JLqJ4b ChMk0b\" data-language-for-alternatives=\"de\" data-language-to-translate-into=\"en\" data-phrase-index=\"1\">Es verwendet einen InGaAs-Lineardetektor mit 256 Pixeln, eine zuverl\u00e4ssige extrem rauscharme CCD-Installation und eine K\u00fchlmethode.<\/span><\/span><\/p>\n<p><span class=\"VIiyi\" lang=\"de\"><span class=\"JLqJ4b ChMk0b\" data-language-for-alternatives=\"de\" data-language-to-translate-into=\"en\" data-phrase-index=\"3\">Das Spektrometer akzeptiert SMA905-Fasereingangs- oder Freiraumlicht und gibt gemessene Spektraldaten \u00fcber einen Typ-c- oder UART-Port aus.<\/span><\/span><\/p>\n<p><span class=\"VIiyi\" lang=\"de\"><span class=\"JLqJ4b ChMk0b\" data-language-for-alternatives=\"de\" data-language-to-translate-into=\"en\" data-phrase-index=\"5\">Es ben\u00f6tigt nur eine 5V DC-Stromversorgung und kann direkt \u00fcber USB mit Strom versorgt werden, was die Integration erleichtert.<\/span><\/span><\/p>\n<p><span class=\"VIiyi\" lang=\"de\"><span class=\"JLqJ4b ChMk0b\" data-language-for-alternatives=\"de\" data-language-to-translate-into=\"en\" data-phrase-index=\"7\">Es verf\u00fcgt \u00fcber ein kostenloses SDK, das C++, C#, Labview und Linux unterst\u00fctzt.<\/span><\/span><\/p>\n<table class=\"attribute\" cellspacing=\"0\">\n<thead>\n<tr>\n<td colspan=\"2\">Detektor<\/td>\n<\/tr>\n<\/thead>\n<tbody>\n<tr>\n<td>Pixels Dimension<\/td>\n<td>256 Pixel<\/td>\n<\/tr>\n<tr>\n<td>Full Well Capacity<\/td>\n<td>13.75 Me-<\/td>\n<\/tr>\n<tr>\n<td>Detektormodel<\/td>\n<td>Linear InGaAs CCD<\/td>\n<\/tr>\n<tr>\n<td>Sensibilit\u00e4t<\/td>\n<td>160 nV\/e-<\/td>\n<\/tr>\n<tr>\n<td>Pixelgr\u00f6sse<\/td>\n<td>25\u03bcm \u00d7 25\u03bcm<\/td>\n<\/tr>\n<\/tbody>\n<thead>\n<tr>\n<td colspan=\"2\">Systemparameter<\/td>\n<\/tr>\n<\/thead>\n<tbody>\n<tr>\n<td>Stromspeisung<\/td>\n<td>5 DC \u00b15%<\/td>\n<\/tr>\n<tr>\n<td>Gr\u00f6sse<\/td>\n<td>5, 10, 25, 50, 100, 150, 200, 300\u03bcm<\/td>\n<\/tr>\n<\/tbody>\n<thead>\n<tr>\n<td colspan=\"2\">Optische Parameter<\/td>\n<\/tr>\n<\/thead>\n<tbody>\n<tr>\n<td>Dynamic Range<\/td>\n<td>14667<\/td>\n<\/tr>\n<tr>\n<td>Arbeitstemperatur<\/td>\n<td>-10-50\u2103<\/td>\n<\/tr>\n<tr>\n<td>Arbeitsfeuchte<\/td>\n<td>&lt;90%RH<\/td>\n<\/tr>\n<tr>\n<td>Trigger<\/td>\n<td>USB Type-c or UART<\/td>\n<\/tr>\n<tr>\n<td>Wellenl\u00e4ngebereich<\/td>\n<td>900-1700 nm, andere auf Anfrage<\/td>\n<\/tr>\n<tr>\n<td>SNR<\/td>\n<td>&gt;150:1<\/td>\n<\/tr>\n<tr>\n<td>Optical Design<\/td>\n<td>f\/4, Crossed C-T<\/td>\n<\/tr>\n<\/tbody>\n<thead>\n<tr>\n<td colspan=\"2\">Elektrische Parameter<\/td>\n<\/tr>\n<\/thead>\n<tbody>\n<tr>\n<td>A\/D Aufl\u00f6sung<\/td>\n<td>16 bits<\/td>\n<\/tr>\n<tr>\n<td>Integrationszeit<\/td>\n<td>0.1-100 ms<\/td>\n<\/tr>\n<tr>\n<td>Aufl\u00f6sung<\/td>\n<td>4-20 nm (Depend on the slit, the actual spectral range)<\/td>\n<\/tr>\n<tr>\n<td>Stromaufnahme<\/td>\n<td>&lt;0.8 A<\/td>\n<\/tr>\n<tr>\n<td>Lagerungstemperatur<\/td>\n<td>-20 \u00b0C bis +70 \u00b0C<\/td>\n<\/tr>\n<tr>\n<td>Arbeitstemperatur<\/td>\n<td>-10\u00b0C to +50\u00b0C<\/td>\n<\/tr>\n<\/tbody>\n<thead>\n<tr>\n<td colspan=\"2\">Physische Parameter<\/td>\n<\/tr>\n<\/thead>\n<tbody>\n<tr>\n<td>Dimension<\/td>\n<td>102 x 57.5 x 29mm<\/td>\n<\/tr>\n<tr>\n<td>Gewicht<\/td>\n<td>280g<\/td>\n<\/tr>\n<\/tbody>\n<\/table>\n","protected":false},"excerpt":{"rendered":"<p><span class=\"VIiyi\" lang=\"de\"><span class=\"JLqJ4b ChMk0b\" data-language-for-alternatives=\"de\" data-language-to-translate-into=\"en\" data-phrase-index=\"0\">Kosteng\u00fcnstiges NIR-Spektrophotometer, mit optischen Fiber Anschluss<\/span><\/span><\/p>\n","protected":false},"featured_media":25736,"template":"","meta":{"_crdt_document":""},"product_brand":[],"product_cat":[224],"product_tag":[],"class_list":{"0":"post-25732","1":"product","2":"type-product","3":"status-publish","4":"has-post-thumbnail","6":"product_cat-spektrophotometer","8":"first","9":"instock","10":"taxable","11":"shipping-taxable","12":"product-type-simple"},"yoast_head":"<!-- This site is optimized with the Yoast SEO plugin v27.4 - https:\/\/yoast.com\/product\/yoast-seo-wordpress\/ -->\n<title>NIR Spektrophotometer ATP8600 - Sysmatec<\/title>\n<meta name=\"description\" content=\"Kosteng\u00fcnstiges, ungek\u00fchltes NIR-Spektrophotometer. Es kann mit einem Lichtwellenleiter verwendet werden. Kommunikation \u00fcber USB-Buchse.\" \/>\n<meta name=\"robots\" content=\"index, follow, max-snippet:-1, max-image-preview:large, max-video-preview:-1\" \/>\n<link rel=\"canonical\" href=\"https:\/\/sysmatec.ch\/de\/produit\/nir-spektrophotometer-atp8600\/\" \/>\n<meta property=\"og:locale\" content=\"de_DE\" \/>\n<meta property=\"og:type\" content=\"article\" \/>\n<meta property=\"og:title\" content=\"NIR Spektrophotometer ATP8600 - Sysmatec\" \/>\n<meta property=\"og:description\" content=\"Kosteng\u00fcnstiges, ungek\u00fchltes NIR-Spektrophotometer. Es kann mit einem Lichtwellenleiter verwendet werden. Kommunikation \u00fcber USB-Buchse.\" \/>\n<meta property=\"og:url\" content=\"https:\/\/sysmatec.ch\/de\/produit\/nir-spektrophotometer-atp8600\/\" \/>\n<meta property=\"og:site_name\" content=\"Sysmatec\" \/>\n<meta property=\"article:modified_time\" content=\"2021-10-04T19:25:35+00:00\" \/>\n<meta property=\"og:image\" content=\"https:\/\/sysmatec.ch\/wp-content\/uploads\/2021\/08\/Spectrophotometre_OptoskyATP8600.jpg\" \/>\n\t<meta property=\"og:image:width\" content=\"591\" \/>\n\t<meta property=\"og:image:height\" content=\"450\" \/>\n\t<meta property=\"og:image:type\" content=\"image\/jpeg\" \/>\n<meta name=\"twitter:card\" content=\"summary_large_image\" \/>\n<meta name=\"twitter:label1\" content=\"Gesch\u00e4tzte Lesezeit\" \/>\n\t<meta name=\"twitter:data1\" content=\"1\u00a0Minute\" \/>\n<script type=\"application\/ld+json\" class=\"yoast-schema-graph\">{\"@context\":\"https:\\\/\\\/schema.org\",\"@graph\":[{\"@type\":\"WebPage\",\"@id\":\"https:\\\/\\\/sysmatec.ch\\\/de\\\/produit\\\/nir-spektrophotometer-atp8600\\\/\",\"url\":\"https:\\\/\\\/sysmatec.ch\\\/de\\\/produit\\\/nir-spektrophotometer-atp8600\\\/\",\"name\":\"NIR Spektrophotometer ATP8600 - Sysmatec\",\"isPartOf\":{\"@id\":\"https:\\\/\\\/sysmatec.ch\\\/de\\\/#website\"},\"primaryImageOfPage\":{\"@id\":\"https:\\\/\\\/sysmatec.ch\\\/de\\\/produit\\\/nir-spektrophotometer-atp8600\\\/#primaryimage\"},\"image\":{\"@id\":\"https:\\\/\\\/sysmatec.ch\\\/de\\\/produit\\\/nir-spektrophotometer-atp8600\\\/#primaryimage\"},\"thumbnailUrl\":\"https:\\\/\\\/sysmatec.ch\\\/wp-content\\\/uploads\\\/2021\\\/08\\\/Spectrophotometre_OptoskyATP8600.jpg\",\"datePublished\":\"2021-08-06T08:55:56+00:00\",\"dateModified\":\"2021-10-04T19:25:35+00:00\",\"description\":\"Kosteng\u00fcnstiges, ungek\u00fchltes NIR-Spektrophotometer. Es kann mit einem Lichtwellenleiter verwendet werden. Kommunikation \u00fcber USB-Buchse.\",\"breadcrumb\":{\"@id\":\"https:\\\/\\\/sysmatec.ch\\\/de\\\/produit\\\/nir-spektrophotometer-atp8600\\\/#breadcrumb\"},\"inLanguage\":\"de\",\"potentialAction\":[{\"@type\":\"ReadAction\",\"target\":[\"https:\\\/\\\/sysmatec.ch\\\/de\\\/produit\\\/nir-spektrophotometer-atp8600\\\/\"]}]},{\"@type\":\"ImageObject\",\"inLanguage\":\"de\",\"@id\":\"https:\\\/\\\/sysmatec.ch\\\/de\\\/produit\\\/nir-spektrophotometer-atp8600\\\/#primaryimage\",\"url\":\"https:\\\/\\\/sysmatec.ch\\\/wp-content\\\/uploads\\\/2021\\\/08\\\/Spectrophotometre_OptoskyATP8600.jpg\",\"contentUrl\":\"https:\\\/\\\/sysmatec.ch\\\/wp-content\\\/uploads\\\/2021\\\/08\\\/Spectrophotometre_OptoskyATP8600.jpg\",\"width\":591,\"height\":450,\"caption\":\"spectrophotom\u00e8tre IR\"},{\"@type\":\"BreadcrumbList\",\"@id\":\"https:\\\/\\\/sysmatec.ch\\\/de\\\/produit\\\/nir-spektrophotometer-atp8600\\\/#breadcrumb\",\"itemListElement\":[{\"@type\":\"ListItem\",\"position\":1,\"name\":\"Accueil\",\"item\":\"https:\\\/\\\/sysmatec.ch\\\/de\\\/\"},{\"@type\":\"ListItem\",\"position\":2,\"name\":\"Die Aktivit\u00e4t von Sysmatec\",\"item\":\"https:\\\/\\\/sysmatec.ch\\\/de\\\/\"},{\"@type\":\"ListItem\",\"position\":3,\"name\":\"NIR Spektrophotometer ATP8600\"}]},{\"@type\":\"WebSite\",\"@id\":\"https:\\\/\\\/sysmatec.ch\\\/de\\\/#website\",\"url\":\"https:\\\/\\\/sysmatec.ch\\\/de\\\/\",\"name\":\"Sysmatec\",\"description\":\"Equipement de laboratoire et logiciels\",\"publisher\":{\"@id\":\"https:\\\/\\\/sysmatec.ch\\\/de\\\/#organization\"},\"potentialAction\":[{\"@type\":\"SearchAction\",\"target\":{\"@type\":\"EntryPoint\",\"urlTemplate\":\"https:\\\/\\\/sysmatec.ch\\\/de\\\/?s={search_term_string}\"},\"query-input\":{\"@type\":\"PropertyValueSpecification\",\"valueRequired\":true,\"valueName\":\"search_term_string\"}}],\"inLanguage\":\"de\"},{\"@type\":\"Organization\",\"@id\":\"https:\\\/\\\/sysmatec.ch\\\/de\\\/#organization\",\"name\":\"Sysmatec\",\"url\":\"https:\\\/\\\/sysmatec.ch\\\/de\\\/\",\"logo\":{\"@type\":\"ImageObject\",\"inLanguage\":\"de\",\"@id\":\"https:\\\/\\\/sysmatec.ch\\\/de\\\/#\\\/schema\\\/logo\\\/image\\\/\",\"url\":\"https:\\\/\\\/sysmatec.ch\\\/wp-content\\\/uploads\\\/2018\\\/11\\\/LogoSysmatec.jpg\",\"contentUrl\":\"https:\\\/\\\/sysmatec.ch\\\/wp-content\\\/uploads\\\/2018\\\/11\\\/LogoSysmatec.jpg\",\"width\":301,\"height\":297,\"caption\":\"Sysmatec\"},\"image\":{\"@id\":\"https:\\\/\\\/sysmatec.ch\\\/de\\\/#\\\/schema\\\/logo\\\/image\\\/\"}}]}<\/script>\n<!-- \/ Yoast SEO plugin. -->","yoast_head_json":{"title":"NIR Spektrophotometer ATP8600 - Sysmatec","description":"Kosteng\u00fcnstiges, ungek\u00fchltes NIR-Spektrophotometer. Es kann mit einem Lichtwellenleiter verwendet werden. Kommunikation \u00fcber USB-Buchse.","robots":{"index":"index","follow":"follow","max-snippet":"max-snippet:-1","max-image-preview":"max-image-preview:large","max-video-preview":"max-video-preview:-1"},"canonical":"https:\/\/sysmatec.ch\/de\/produit\/nir-spektrophotometer-atp8600\/","og_locale":"de_DE","og_type":"article","og_title":"NIR Spektrophotometer ATP8600 - Sysmatec","og_description":"Kosteng\u00fcnstiges, ungek\u00fchltes NIR-Spektrophotometer. Es kann mit einem Lichtwellenleiter verwendet werden. Kommunikation \u00fcber USB-Buchse.","og_url":"https:\/\/sysmatec.ch\/de\/produit\/nir-spektrophotometer-atp8600\/","og_site_name":"Sysmatec","article_modified_time":"2021-10-04T19:25:35+00:00","og_image":[{"width":591,"height":450,"url":"https:\/\/sysmatec.ch\/wp-content\/uploads\/2021\/08\/Spectrophotometre_OptoskyATP8600.jpg","type":"image\/jpeg"}],"twitter_card":"summary_large_image","twitter_misc":{"Gesch\u00e4tzte Lesezeit":"1\u00a0Minute"},"schema":{"@context":"https:\/\/schema.org","@graph":[{"@type":"WebPage","@id":"https:\/\/sysmatec.ch\/de\/produit\/nir-spektrophotometer-atp8600\/","url":"https:\/\/sysmatec.ch\/de\/produit\/nir-spektrophotometer-atp8600\/","name":"NIR Spektrophotometer ATP8600 - Sysmatec","isPartOf":{"@id":"https:\/\/sysmatec.ch\/de\/#website"},"primaryImageOfPage":{"@id":"https:\/\/sysmatec.ch\/de\/produit\/nir-spektrophotometer-atp8600\/#primaryimage"},"image":{"@id":"https:\/\/sysmatec.ch\/de\/produit\/nir-spektrophotometer-atp8600\/#primaryimage"},"thumbnailUrl":"https:\/\/sysmatec.ch\/wp-content\/uploads\/2021\/08\/Spectrophotometre_OptoskyATP8600.jpg","datePublished":"2021-08-06T08:55:56+00:00","dateModified":"2021-10-04T19:25:35+00:00","description":"Kosteng\u00fcnstiges, ungek\u00fchltes NIR-Spektrophotometer. Es kann mit einem Lichtwellenleiter verwendet werden. Kommunikation \u00fcber USB-Buchse.","breadcrumb":{"@id":"https:\/\/sysmatec.ch\/de\/produit\/nir-spektrophotometer-atp8600\/#breadcrumb"},"inLanguage":"de","potentialAction":[{"@type":"ReadAction","target":["https:\/\/sysmatec.ch\/de\/produit\/nir-spektrophotometer-atp8600\/"]}]},{"@type":"ImageObject","inLanguage":"de","@id":"https:\/\/sysmatec.ch\/de\/produit\/nir-spektrophotometer-atp8600\/#primaryimage","url":"https:\/\/sysmatec.ch\/wp-content\/uploads\/2021\/08\/Spectrophotometre_OptoskyATP8600.jpg","contentUrl":"https:\/\/sysmatec.ch\/wp-content\/uploads\/2021\/08\/Spectrophotometre_OptoskyATP8600.jpg","width":591,"height":450,"caption":"spectrophotom\u00e8tre IR"},{"@type":"BreadcrumbList","@id":"https:\/\/sysmatec.ch\/de\/produit\/nir-spektrophotometer-atp8600\/#breadcrumb","itemListElement":[{"@type":"ListItem","position":1,"name":"Accueil","item":"https:\/\/sysmatec.ch\/de\/"},{"@type":"ListItem","position":2,"name":"Die Aktivit\u00e4t von Sysmatec","item":"https:\/\/sysmatec.ch\/de\/"},{"@type":"ListItem","position":3,"name":"NIR Spektrophotometer ATP8600"}]},{"@type":"WebSite","@id":"https:\/\/sysmatec.ch\/de\/#website","url":"https:\/\/sysmatec.ch\/de\/","name":"Sysmatec","description":"Equipement de laboratoire et logiciels","publisher":{"@id":"https:\/\/sysmatec.ch\/de\/#organization"},"potentialAction":[{"@type":"SearchAction","target":{"@type":"EntryPoint","urlTemplate":"https:\/\/sysmatec.ch\/de\/?s={search_term_string}"},"query-input":{"@type":"PropertyValueSpecification","valueRequired":true,"valueName":"search_term_string"}}],"inLanguage":"de"},{"@type":"Organization","@id":"https:\/\/sysmatec.ch\/de\/#organization","name":"Sysmatec","url":"https:\/\/sysmatec.ch\/de\/","logo":{"@type":"ImageObject","inLanguage":"de","@id":"https:\/\/sysmatec.ch\/de\/#\/schema\/logo\/image\/","url":"https:\/\/sysmatec.ch\/wp-content\/uploads\/2018\/11\/LogoSysmatec.jpg","contentUrl":"https:\/\/sysmatec.ch\/wp-content\/uploads\/2018\/11\/LogoSysmatec.jpg","width":301,"height":297,"caption":"Sysmatec"},"image":{"@id":"https:\/\/sysmatec.ch\/de\/#\/schema\/logo\/image\/"}}]}},"_links":{"self":[{"href":"https:\/\/sysmatec.ch\/de\/wp-json\/wp\/v2\/product\/25732","targetHints":{"allow":["GET"]}}],"collection":[{"href":"https:\/\/sysmatec.ch\/de\/wp-json\/wp\/v2\/product"}],"about":[{"href":"https:\/\/sysmatec.ch\/de\/wp-json\/wp\/v2\/types\/product"}],"wp:featuredmedia":[{"embeddable":true,"href":"https:\/\/sysmatec.ch\/de\/wp-json\/wp\/v2\/media\/25736"}],"wp:attachment":[{"href":"https:\/\/sysmatec.ch\/de\/wp-json\/wp\/v2\/media?parent=25732"}],"wp:term":[{"taxonomy":"product_brand","embeddable":true,"href":"https:\/\/sysmatec.ch\/de\/wp-json\/wp\/v2\/product_brand?post=25732"},{"taxonomy":"product_cat","embeddable":true,"href":"https:\/\/sysmatec.ch\/de\/wp-json\/wp\/v2\/product_cat?post=25732"},{"taxonomy":"product_tag","embeddable":true,"href":"https:\/\/sysmatec.ch\/de\/wp-json\/wp\/v2\/product_tag?post=25732"}],"curies":[{"name":"wp","href":"https:\/\/api.w.org\/{rel}","templated":true}]}}