{"id":25725,"date":"2021-08-04T21:40:43","date_gmt":"2021-08-04T19:40:43","guid":{"rendered":"https:\/\/sysmatec.ch\/?post_type=product&#038;p=25725"},"modified":"2021-09-29T09:47:36","modified_gmt":"2021-09-29T07:47:36","slug":"modular-spektrophotometer-atp2000p","status":"publish","type":"product","link":"https:\/\/sysmatec.ch\/de\/Produkt\/modular-spektrophotometer-atp2000p\/","title":{"rendered":"Modular Spektrophotometer ATP2000P"},"content":{"rendered":"<p><span class=\"VIiyi\" lang=\"de\"><span class=\"JLqJ4b ChMk0b\" data-language-for-alternatives=\"de\" data-language-to-translate-into=\"en\" data-phrase-index=\"0\">Es ist ein rauscharmes, leistungsstarkes und kosteng\u00fcnstiges Spektrometer.<\/span><\/span><\/p>\n<p><span class=\"VIiyi\" lang=\"de\"><span class=\"JLqJ4b ChMk0b\" data-language-for-alternatives=\"de\" data-language-to-translate-into=\"en\" data-phrase-index=\"1\">Der verwendete Sensor ist ein 2048-Pixel-CCD, der im Bereich 200 bis 1100 nm messen kann.<\/span> <span class=\"JLqJ4b ChMk0b\" data-language-for-alternatives=\"de\" data-language-to-translate-into=\"en\" data-phrase-index=\"3\">Aufgrund der hohen A\/D-Wandlerfrequenz und der schnellen Daten\u00fcbertragung ist es ideal f\u00fcr die schnelle Detektion.<\/span> <span class=\"JLqJ4b ChMk0b\" data-language-for-alternatives=\"de\" data-language-to-translate-into=\"en\" data-phrase-index=\"4\">Der Speicherchip ist f\u00fcr einige fest programmierte Algorithmen verf\u00fcgbar, die die Leistung verbessern k\u00f6nnen, wie z. B. Wellenl\u00e4ngenkalibrierungskoeffizient, Linearit\u00e4tskoeffizient.<\/span> <span class=\"JLqJ4b ChMk0b\" data-language-for-alternatives=\"de\" data-language-to-translate-into=\"en\" data-phrase-index=\"5\">Es \u00fcbertr\u00e4gt das Spektrum \u00fcber die USB 2.0- oder RS232-Schnittstelle auf den PC.<\/span> <span class=\"JLqJ4b ChMk0b\" data-language-for-alternatives=\"de\" data-language-to-translate-into=\"en\" data-phrase-index=\"6\">Das Spektrometer arbeitet mit einer einzelnen +5VDC-Versorgung, die \u00fcber eine USB- oder Duo-Pin-Schnittstelle geliefert wird.<\/span><\/span><\/p>\n<p><span class=\"VIiyi\" lang=\"de\"><span class=\"JLqJ4b ChMk0b\" data-language-for-alternatives=\"de\" data-language-to-translate-into=\"en\" data-phrase-index=\"8\">F\u00fcr spezifische Entwicklungen mit C++, C#, Labview und Linux steht ein kostenloses SDK zur Verf\u00fcgung.<\/span><\/span><\/p>\n<table class=\"attribute\" cellspacing=\"0\">\n<tbody>\n<tr>\n<td>Detektortyp<\/td>\n<td>Linear COMS<\/td>\n<\/tr>\n<tr>\n<td>Aufl\u00f6sung<\/td>\n<td>2048 Pixel<\/td>\n<\/tr>\n<tr>\n<td>Pixels Dimension<\/td>\n<td>14\u03bcm\u00d7200\u03bcm<\/td>\n<\/tr>\n<tr>\n<td>Detektor Model<\/td>\n<td>Hamamtsu S11639<\/td>\n<\/tr>\n<tr>\n<td>Sensibilt\u00e4t<\/td>\n<td>1300 V\/(lx\u00b7s)<\/td>\n<\/tr>\n<tr>\n<td>Dark Noise<\/td>\n<td>0.4mVrms<\/td>\n<\/tr>\n<\/tbody>\n<thead>\n<tr>\n<td colspan=\"2\">Optische Parameter<\/td>\n<\/tr>\n<\/thead>\n<tbody>\n<tr>\n<td>Messbereich<\/td>\n<td>200-1100 nm<\/td>\n<\/tr>\n<tr>\n<td><span class=\"VIiyi\" lang=\"de\"><span class=\"JLqJ4b ChMk0b\" data-language-for-alternatives=\"de\" data-language-to-translate-into=\"fr\" data-phrase-index=\"0\">Brennweite<\/span><\/span><\/td>\n<td><span class=\"VIiyi\" lang=\"de\"><span class=\"JLqJ4b ChMk0b\" data-language-for-alternatives=\"de\" data-language-to-translate-into=\"en\" data-phrase-index=\"0\">40 mm f\u00fcr Einfall \/ 60 mm f\u00fcr Ausgang<\/span><\/span><\/td>\n<\/tr>\n<tr>\n<td><span class=\"VIiyi\" lang=\"de\"><span class=\"JLqJ4b ChMk0b\" data-language-for-alternatives=\"de\" data-language-to-translate-into=\"en\" data-phrase-index=\"0\">Optische Aufl\u00f6sung<\/span><\/span><\/td>\n<td>0.1-3 nm<\/td>\n<\/tr>\n<tr>\n<td>Anschluss<\/td>\n<td>SMA905 Stecker<\/td>\n<\/tr>\n<tr>\n<td>Signal-To-Noise<\/td>\n<td>&gt;600 : 1<\/td>\n<\/tr>\n<tr>\n<td>Dynamic Range<\/td>\n<td>5000<\/td>\n<\/tr>\n<tr>\n<td>Arbeitstemperatur<\/td>\n<td>-10\u00b0c bis + 50\u00b0c<\/td>\n<\/tr>\n<tr>\n<td><span class=\"VIiyi\" lang=\"de\"><span class=\"JLqJ4b ChMk0b\" data-language-for-alternatives=\"de\" data-language-to-translate-into=\"en\" data-phrase-index=\"0\">Numerische Blende<\/span><\/span><\/td>\n<td>0.11<\/td>\n<\/tr>\n<tr>\n<td>Arbeitsfeuchet<\/td>\n<td>&lt; 90%RH<\/td>\n<\/tr>\n<tr>\n<td>Trigger<\/td>\n<td>\u00a0Ja (IN and OUT)<\/td>\n<\/tr>\n<tr>\n<td>K\u00fchlungstemperatur<\/td>\n<td>nicht gek\u00fchlt<\/td>\n<\/tr>\n<tr>\n<td>Full Well<\/td>\n<td>NA<\/td>\n<\/tr>\n<tr>\n<td><span class=\"VIiyi\" lang=\"de\"><span class=\"JLqJ4b ChMk0b\" data-language-for-alternatives=\"de\" data-language-to-translate-into=\"en\" data-phrase-index=\"0\">Scanrate<\/span><\/span><\/td>\n<td>&lt; 1 kfps<\/td>\n<\/tr>\n<tr>\n<td>Wellenl\u00e4ngenbereich<\/td>\n<td>200-1050 nm, 350-800nm, 300-1100nm, 180-410nm, 780-1100nm<\/td>\n<\/tr>\n<\/tbody>\n<thead>\n<tr>\n<td colspan=\"2\">Optische Konfiguration<\/td>\n<\/tr>\n<\/thead>\n<tbody>\n<tr>\n<td><span class=\"VIiyi\" lang=\"de\"><span class=\"JLqJ4b ChMk0b\" data-language-for-alternatives=\"de\" data-language-to-translate-into=\"en\" data-phrase-index=\"0\">Optisches Design<\/span><\/span><\/td>\n<td><span class=\"VIiyi\" lang=\"de\"><span class=\"JLqJ4b ChMk0b\" data-language-for-alternatives=\"de\" data-language-to-translate-into=\"en\" data-phrase-index=\"0\">f\/4 gekreuzter asymmetrischer Czerny-Turner<\/span><\/span><\/td>\n<\/tr>\n<tr>\n<td><span class=\"VIiyi\" lang=\"de\"><span class=\"JLqJ4b ChMk0b\" data-language-for-alternatives=\"de\" data-language-to-translate-into=\"fr\" data-phrase-index=\"0\">Schlitzvorfall<\/span><\/span><\/td>\n<td>50 \u03bcm (5, 10, 25, 100, 150, 200 um sind optional)<\/td>\n<\/tr>\n<\/tbody>\n<thead>\n<tr>\n<td colspan=\"2\">Elektrische Parameter<\/td>\n<\/tr>\n<\/thead>\n<tbody>\n<tr>\n<td><span class=\"VIiyi\" lang=\"de\"><span class=\"JLqJ4b ChMk0b\" data-language-for-alternatives=\"de\" data-language-to-translate-into=\"en\" data-phrase-index=\"0\">Aufl\u00f6sung der A\/D-Wandlung<\/span><\/span><\/td>\n<td>16 bit<\/td>\n<\/tr>\n<tr>\n<td>Integrationszeit<\/td>\n<td>1 ms &#8211; 80 s<\/td>\n<\/tr>\n<tr>\n<td>Schnittstelle<\/td>\n<td>USB 2.0<\/td>\n<\/tr>\n<tr>\n<td>Stromspeisung<\/td>\n<td>DC 4.5 bis 5.5 V (type @5V)<\/td>\n<\/tr>\n<tr>\n<td>Stromaufnahme<\/td>\n<td>170mA@Typ.<\/td>\n<\/tr>\n<tr>\n<td>Lagertemperatur<\/td>\n<td>-30\u00b0C bis +70\u00b0C<\/td>\n<\/tr>\n<tr>\n<td>Arbeitstmperature<\/td>\n<td>-10\u00b0c bis + 50\u00b0c<\/td>\n<\/tr>\n<\/tbody>\n<thead>\n<tr>\n<td colspan=\"2\">Physikalische Parameter<\/td>\n<\/tr>\n<\/thead>\n<tbody>\n<tr>\n<td>Dimension<\/td>\n<td>102\u00d772\u00d736.3 mm<\/td>\n<\/tr>\n<tr>\n<td>Gewicht<\/td>\n<td>0.38kg<\/td>\n<\/tr>\n<tr>\n<td>Abdichtung<\/td>\n<td>Anti-sweat<\/td>\n<\/tr>\n<\/tbody>\n<\/table>\n","protected":false},"excerpt":{"rendered":"<p><span class=\"VIiyi\" lang=\"de\"><span class=\"JLqJ4b ChMk0b\" data-language-for-alternatives=\"de\" data-language-to-translate-into=\"en\" data-phrase-index=\"0\">Modulares UV-Vis-Spektrometer mit optischen Fiber Anschluss<\/span><\/span><\/p>\n","protected":false},"featured_media":25729,"template":"","meta":{"_crdt_document":""},"product_brand":[],"product_cat":[224],"product_tag":[],"class_list":{"0":"post-25725","1":"product","2":"type-product","3":"status-publish","4":"has-post-thumbnail","6":"product_cat-spektrophotometer","8":"first","9":"instock","10":"taxable","11":"shipping-taxable","12":"product-type-simple"},"yoast_head":"<!-- This site is optimized with the Yoast SEO plugin v27.3 - https:\/\/yoast.com\/product\/yoast-seo-wordpress\/ -->\n<title>Modular Spektrophotometer ATP2000P - Sysmatec<\/title>\n<meta name=\"description\" content=\"Spektrophotometer, UV-Vis, UV-Vis Spektrophotometer, sichtbar, UV, kompakter Spektrophotometer, optische Fiber\" \/>\n<meta name=\"robots\" content=\"index, follow, max-snippet:-1, max-image-preview:large, max-video-preview:-1\" \/>\n<link rel=\"canonical\" href=\"https:\/\/sysmatec.ch\/de\/produit\/modular-spektrophotometer-atp2000p\/\" \/>\n<meta property=\"og:locale\" content=\"de_DE\" \/>\n<meta property=\"og:type\" content=\"article\" \/>\n<meta property=\"og:title\" content=\"Modular Spektrophotometer ATP2000P - Sysmatec\" \/>\n<meta property=\"og:description\" content=\"Spektrophotometer, UV-Vis, UV-Vis Spektrophotometer, sichtbar, UV, kompakter Spektrophotometer, optische Fiber\" \/>\n<meta property=\"og:url\" content=\"https:\/\/sysmatec.ch\/de\/produit\/modular-spektrophotometer-atp2000p\/\" \/>\n<meta property=\"og:site_name\" content=\"Sysmatec\" \/>\n<meta property=\"article:modified_time\" content=\"2021-09-29T07:47:36+00:00\" \/>\n<meta property=\"og:image\" content=\"https:\/\/sysmatec.ch\/wp-content\/uploads\/2021\/08\/Spectrophotometre_OptoskyATP2000P.jpg\" \/>\n\t<meta property=\"og:image:width\" content=\"534\" \/>\n\t<meta property=\"og:image:height\" content=\"401\" \/>\n\t<meta property=\"og:image:type\" content=\"image\/jpeg\" \/>\n<meta name=\"twitter:card\" content=\"summary_large_image\" \/>\n<meta name=\"twitter:label1\" content=\"Gesch\u00e4tzte Lesezeit\" \/>\n\t<meta name=\"twitter:data1\" content=\"2\u00a0Minuten\" \/>\n<script type=\"application\/ld+json\" class=\"yoast-schema-graph\">{\"@context\":\"https:\\\/\\\/schema.org\",\"@graph\":[{\"@type\":\"WebPage\",\"@id\":\"https:\\\/\\\/sysmatec.ch\\\/de\\\/produit\\\/modular-spektrophotometer-atp2000p\\\/\",\"url\":\"https:\\\/\\\/sysmatec.ch\\\/de\\\/produit\\\/modular-spektrophotometer-atp2000p\\\/\",\"name\":\"Modular Spektrophotometer ATP2000P - Sysmatec\",\"isPartOf\":{\"@id\":\"https:\\\/\\\/sysmatec.ch\\\/de\\\/#website\"},\"primaryImageOfPage\":{\"@id\":\"https:\\\/\\\/sysmatec.ch\\\/de\\\/produit\\\/modular-spektrophotometer-atp2000p\\\/#primaryimage\"},\"image\":{\"@id\":\"https:\\\/\\\/sysmatec.ch\\\/de\\\/produit\\\/modular-spektrophotometer-atp2000p\\\/#primaryimage\"},\"thumbnailUrl\":\"https:\\\/\\\/sysmatec.ch\\\/wp-content\\\/uploads\\\/2021\\\/08\\\/Spectrophotometre_OptoskyATP2000P.jpg\",\"datePublished\":\"2021-08-04T19:40:43+00:00\",\"dateModified\":\"2021-09-29T07:47:36+00:00\",\"description\":\"Spektrophotometer, UV-Vis, UV-Vis Spektrophotometer, sichtbar, UV, kompakter Spektrophotometer, optische Fiber\",\"breadcrumb\":{\"@id\":\"https:\\\/\\\/sysmatec.ch\\\/de\\\/produit\\\/modular-spektrophotometer-atp2000p\\\/#breadcrumb\"},\"inLanguage\":\"de\",\"potentialAction\":[{\"@type\":\"ReadAction\",\"target\":[\"https:\\\/\\\/sysmatec.ch\\\/de\\\/produit\\\/modular-spektrophotometer-atp2000p\\\/\"]}]},{\"@type\":\"ImageObject\",\"inLanguage\":\"de\",\"@id\":\"https:\\\/\\\/sysmatec.ch\\\/de\\\/produit\\\/modular-spektrophotometer-atp2000p\\\/#primaryimage\",\"url\":\"https:\\\/\\\/sysmatec.ch\\\/wp-content\\\/uploads\\\/2021\\\/08\\\/Spectrophotometre_OptoskyATP2000P.jpg\",\"contentUrl\":\"https:\\\/\\\/sysmatec.ch\\\/wp-content\\\/uploads\\\/2021\\\/08\\\/Spectrophotometre_OptoskyATP2000P.jpg\",\"width\":534,\"height\":401,\"caption\":\"Spectroptom\u00e8tre \u00e0 fibre optique\"},{\"@type\":\"BreadcrumbList\",\"@id\":\"https:\\\/\\\/sysmatec.ch\\\/de\\\/produit\\\/modular-spektrophotometer-atp2000p\\\/#breadcrumb\",\"itemListElement\":[{\"@type\":\"ListItem\",\"position\":1,\"name\":\"Accueil\",\"item\":\"https:\\\/\\\/sysmatec.ch\\\/de\\\/\"},{\"@type\":\"ListItem\",\"position\":2,\"name\":\"Die Aktivit\u00e4t von Sysmatec\",\"item\":\"https:\\\/\\\/sysmatec.ch\\\/de\\\/\"},{\"@type\":\"ListItem\",\"position\":3,\"name\":\"Modular Spektrophotometer ATP2000P\"}]},{\"@type\":\"WebSite\",\"@id\":\"https:\\\/\\\/sysmatec.ch\\\/de\\\/#website\",\"url\":\"https:\\\/\\\/sysmatec.ch\\\/de\\\/\",\"name\":\"Sysmatec\",\"description\":\"Equipement de laboratoire et logiciels\",\"publisher\":{\"@id\":\"https:\\\/\\\/sysmatec.ch\\\/de\\\/#organization\"},\"potentialAction\":[{\"@type\":\"SearchAction\",\"target\":{\"@type\":\"EntryPoint\",\"urlTemplate\":\"https:\\\/\\\/sysmatec.ch\\\/de\\\/?s={search_term_string}\"},\"query-input\":{\"@type\":\"PropertyValueSpecification\",\"valueRequired\":true,\"valueName\":\"search_term_string\"}}],\"inLanguage\":\"de\"},{\"@type\":\"Organization\",\"@id\":\"https:\\\/\\\/sysmatec.ch\\\/de\\\/#organization\",\"name\":\"Sysmatec\",\"url\":\"https:\\\/\\\/sysmatec.ch\\\/de\\\/\",\"logo\":{\"@type\":\"ImageObject\",\"inLanguage\":\"de\",\"@id\":\"https:\\\/\\\/sysmatec.ch\\\/de\\\/#\\\/schema\\\/logo\\\/image\\\/\",\"url\":\"https:\\\/\\\/sysmatec.ch\\\/wp-content\\\/uploads\\\/2018\\\/11\\\/LogoSysmatec.jpg\",\"contentUrl\":\"https:\\\/\\\/sysmatec.ch\\\/wp-content\\\/uploads\\\/2018\\\/11\\\/LogoSysmatec.jpg\",\"width\":301,\"height\":297,\"caption\":\"Sysmatec\"},\"image\":{\"@id\":\"https:\\\/\\\/sysmatec.ch\\\/de\\\/#\\\/schema\\\/logo\\\/image\\\/\"}}]}<\/script>\n<!-- \/ Yoast SEO plugin. -->","yoast_head_json":{"title":"Modular Spektrophotometer ATP2000P - Sysmatec","description":"Spektrophotometer, UV-Vis, UV-Vis Spektrophotometer, sichtbar, UV, kompakter Spektrophotometer, optische Fiber","robots":{"index":"index","follow":"follow","max-snippet":"max-snippet:-1","max-image-preview":"max-image-preview:large","max-video-preview":"max-video-preview:-1"},"canonical":"https:\/\/sysmatec.ch\/de\/produit\/modular-spektrophotometer-atp2000p\/","og_locale":"de_DE","og_type":"article","og_title":"Modular Spektrophotometer ATP2000P - Sysmatec","og_description":"Spektrophotometer, UV-Vis, UV-Vis Spektrophotometer, sichtbar, UV, kompakter Spektrophotometer, optische Fiber","og_url":"https:\/\/sysmatec.ch\/de\/produit\/modular-spektrophotometer-atp2000p\/","og_site_name":"Sysmatec","article_modified_time":"2021-09-29T07:47:36+00:00","og_image":[{"width":534,"height":401,"url":"https:\/\/sysmatec.ch\/wp-content\/uploads\/2021\/08\/Spectrophotometre_OptoskyATP2000P.jpg","type":"image\/jpeg"}],"twitter_card":"summary_large_image","twitter_misc":{"Gesch\u00e4tzte Lesezeit":"2\u00a0Minuten"},"schema":{"@context":"https:\/\/schema.org","@graph":[{"@type":"WebPage","@id":"https:\/\/sysmatec.ch\/de\/produit\/modular-spektrophotometer-atp2000p\/","url":"https:\/\/sysmatec.ch\/de\/produit\/modular-spektrophotometer-atp2000p\/","name":"Modular Spektrophotometer ATP2000P - Sysmatec","isPartOf":{"@id":"https:\/\/sysmatec.ch\/de\/#website"},"primaryImageOfPage":{"@id":"https:\/\/sysmatec.ch\/de\/produit\/modular-spektrophotometer-atp2000p\/#primaryimage"},"image":{"@id":"https:\/\/sysmatec.ch\/de\/produit\/modular-spektrophotometer-atp2000p\/#primaryimage"},"thumbnailUrl":"https:\/\/sysmatec.ch\/wp-content\/uploads\/2021\/08\/Spectrophotometre_OptoskyATP2000P.jpg","datePublished":"2021-08-04T19:40:43+00:00","dateModified":"2021-09-29T07:47:36+00:00","description":"Spektrophotometer, UV-Vis, UV-Vis Spektrophotometer, sichtbar, UV, kompakter Spektrophotometer, optische Fiber","breadcrumb":{"@id":"https:\/\/sysmatec.ch\/de\/produit\/modular-spektrophotometer-atp2000p\/#breadcrumb"},"inLanguage":"de","potentialAction":[{"@type":"ReadAction","target":["https:\/\/sysmatec.ch\/de\/produit\/modular-spektrophotometer-atp2000p\/"]}]},{"@type":"ImageObject","inLanguage":"de","@id":"https:\/\/sysmatec.ch\/de\/produit\/modular-spektrophotometer-atp2000p\/#primaryimage","url":"https:\/\/sysmatec.ch\/wp-content\/uploads\/2021\/08\/Spectrophotometre_OptoskyATP2000P.jpg","contentUrl":"https:\/\/sysmatec.ch\/wp-content\/uploads\/2021\/08\/Spectrophotometre_OptoskyATP2000P.jpg","width":534,"height":401,"caption":"Spectroptom\u00e8tre \u00e0 fibre optique"},{"@type":"BreadcrumbList","@id":"https:\/\/sysmatec.ch\/de\/produit\/modular-spektrophotometer-atp2000p\/#breadcrumb","itemListElement":[{"@type":"ListItem","position":1,"name":"Accueil","item":"https:\/\/sysmatec.ch\/de\/"},{"@type":"ListItem","position":2,"name":"Die Aktivit\u00e4t von Sysmatec","item":"https:\/\/sysmatec.ch\/de\/"},{"@type":"ListItem","position":3,"name":"Modular Spektrophotometer ATP2000P"}]},{"@type":"WebSite","@id":"https:\/\/sysmatec.ch\/de\/#website","url":"https:\/\/sysmatec.ch\/de\/","name":"Sysmatec","description":"Equipement de laboratoire et logiciels","publisher":{"@id":"https:\/\/sysmatec.ch\/de\/#organization"},"potentialAction":[{"@type":"SearchAction","target":{"@type":"EntryPoint","urlTemplate":"https:\/\/sysmatec.ch\/de\/?s={search_term_string}"},"query-input":{"@type":"PropertyValueSpecification","valueRequired":true,"valueName":"search_term_string"}}],"inLanguage":"de"},{"@type":"Organization","@id":"https:\/\/sysmatec.ch\/de\/#organization","name":"Sysmatec","url":"https:\/\/sysmatec.ch\/de\/","logo":{"@type":"ImageObject","inLanguage":"de","@id":"https:\/\/sysmatec.ch\/de\/#\/schema\/logo\/image\/","url":"https:\/\/sysmatec.ch\/wp-content\/uploads\/2018\/11\/LogoSysmatec.jpg","contentUrl":"https:\/\/sysmatec.ch\/wp-content\/uploads\/2018\/11\/LogoSysmatec.jpg","width":301,"height":297,"caption":"Sysmatec"},"image":{"@id":"https:\/\/sysmatec.ch\/de\/#\/schema\/logo\/image\/"}}]}},"_links":{"self":[{"href":"https:\/\/sysmatec.ch\/de\/wp-json\/wp\/v2\/product\/25725","targetHints":{"allow":["GET"]}}],"collection":[{"href":"https:\/\/sysmatec.ch\/de\/wp-json\/wp\/v2\/product"}],"about":[{"href":"https:\/\/sysmatec.ch\/de\/wp-json\/wp\/v2\/types\/product"}],"wp:featuredmedia":[{"embeddable":true,"href":"https:\/\/sysmatec.ch\/de\/wp-json\/wp\/v2\/media\/25729"}],"wp:attachment":[{"href":"https:\/\/sysmatec.ch\/de\/wp-json\/wp\/v2\/media?parent=25725"}],"wp:term":[{"taxonomy":"product_brand","embeddable":true,"href":"https:\/\/sysmatec.ch\/de\/wp-json\/wp\/v2\/product_brand?post=25725"},{"taxonomy":"product_cat","embeddable":true,"href":"https:\/\/sysmatec.ch\/de\/wp-json\/wp\/v2\/product_cat?post=25725"},{"taxonomy":"product_tag","embeddable":true,"href":"https:\/\/sysmatec.ch\/de\/wp-json\/wp\/v2\/product_tag?post=25725"}],"curies":[{"name":"wp","href":"https:\/\/api.w.org\/{rel}","templated":true}]}}