{"id":25701,"date":"2021-07-23T15:32:37","date_gmt":"2021-07-23T13:32:37","guid":{"rendered":"https:\/\/sysmatec.ch\/?post_type=product&#038;p=25701"},"modified":"2021-10-04T21:43:56","modified_gmt":"2021-10-04T19:43:56","slug":"elektrolytanalysator-fuer-na-k-cl-selectalyte","status":"publish","type":"product","link":"https:\/\/sysmatec.ch\/de\/Produkt\/elektrolytanalysator-fuer-na-k-cl-selectalyte\/","title":{"rendered":"Elektrolytanalysator f\u00fcr Na+, K+, Cl- SelectaLyte"},"content":{"rendered":"<ul>\n<li><span class=\"VIiyi\" lang=\"de\"><span class=\"JLqJ4b ChMk0b\" data-language-for-alternatives=\"de\" data-language-to-translate-into=\"en\" data-phrase-index=\"0\">Direkte Messung von Na+, K+ und Cl- durch ionenselektive Elektroden<\/span><\/span><\/li>\n<li><span class=\"VIiyi\" lang=\"de\"><span class=\"JLqJ4b ChMk0b\" data-language-for-alternatives=\"de\" data-language-to-translate-into=\"en\" data-phrase-index=\"2\">Probentyp: Vollblut oder Serum<\/span><\/span><\/li>\n<li><span class=\"VIiyi\" lang=\"de\"><span class=\"JLqJ4b ChMk0b\" data-language-for-alternatives=\"de\" data-language-to-translate-into=\"en\" data-phrase-index=\"4\">Probengr\u00f6\u00dfe: 80 \u00b5L \u00b1 5 \u00b5L<\/span><\/span><\/li>\n<li><span class=\"VIiyi\" lang=\"de\"><span class=\"JLqJ4b ChMk0b\" data-language-for-alternatives=\"de\" data-language-to-translate-into=\"en\" data-phrase-index=\"6\">Effizienz: 45 Muster pro Stunde (Druck) 48 Muster pro Stunde (ohne Druck)<\/span><\/span><\/li>\n<li><span class=\"VIiyi\" lang=\"de\"><span class=\"JLqJ4b ChMk0b\" data-language-for-alternatives=\"de\" data-language-to-translate-into=\"en\" data-phrase-index=\"8\">Speicherung von Patientendaten bis zu 200 Ergebnisse<\/span><\/span><\/li>\n<li><span class=\"VIiyi\" lang=\"de\"><span class=\"JLqJ4b ChMk0b\" data-language-for-alternatives=\"de\" data-language-to-translate-into=\"en\" data-phrase-index=\"10\">Eigenst\u00e4ndiges Reagenz- und Abfallpaket<\/span><\/span><\/li>\n<\/ul>\n<p class=\"font_7\"><span class=\"VIiyi\" lang=\"de\"><span class=\"JLqJ4b ChMk0b\" data-language-for-alternatives=\"de\" data-language-to-translate-into=\"en\" data-phrase-index=\"0\">SelectaLyte und Reagenzien-\/Abfallpaket<\/span><\/span><\/p>\n<ul>\n<li><span class=\"VIiyi\" lang=\"de\"><span class=\"JLqJ4b ChMk0b\" data-language-for-alternatives=\"de\" data-language-to-translate-into=\"en\" data-phrase-index=\"2\">Reagenzienpaket ist ein in sich geschlossener Reagenzien- und Abfallbeh\u00e4lter<\/span><\/span><\/li>\n<li><span class=\"VIiyi\" lang=\"de\"><span class=\"JLqJ4b ChMk0b\" data-language-for-alternatives=\"de\" data-language-to-translate-into=\"en\" data-phrase-index=\"4\">Alle Reagenzienpackungen enthalten die OWNchip\u00ae-Technologie, die Verwendung, Installationsdatum, Chargennummer und Fl\u00fcssigkeitsst\u00e4nde verfolgt<\/span><\/span><\/li>\n<li><span class=\"VIiyi\" lang=\"de\"><span class=\"JLqJ4b ChMk0b\" data-language-for-alternatives=\"de\" data-language-to-translate-into=\"en\" data-phrase-index=\"6\">Jedes Reagenzienpaket h\u00e4lt 2 Monate oder ungef\u00e4hr 1200 Tests, abh\u00e4ngig davon, wie oft eine Kalibrierung durchgef\u00fchrt wird<\/span><\/span><\/li>\n<\/ul>\n<p class=\"font_7\"><span class=\"VIiyi\" lang=\"de\"><span class=\"JLqJ4b ChMk0b\" data-language-for-alternatives=\"de\" data-language-to-translate-into=\"en\" data-phrase-index=\"0\">SelectaLyte-Ersatzelektroden<\/span> <span class=\"JLqJ4b ChMk0b\" data-language-for-alternatives=\"de\" data-language-to-translate-into=\"en\" data-phrase-index=\"2\">Elektrode<\/span><\/span><\/p>\n<ul>\n<li class=\"font_7\"><span class=\"VIiyi\" lang=\"de\"><span class=\"JLqJ4b ChMk0b\" data-language-for-alternatives=\"de\" data-language-to-translate-into=\"en\" data-phrase-index=\"2\">Na+<\/span> <span class=\"JLqJ4b ChMk0b\" data-language-for-alternatives=\"de\" data-language-to-translate-into=\"en\" data-phrase-index=\"4\">Elektrode K+<\/span><\/span><\/li>\n<li class=\"font_7\"><span class=\"VIiyi\" lang=\"de\"><span class=\"JLqJ4b ChMk0b\" data-language-for-alternatives=\"de\" data-language-to-translate-into=\"en\" data-phrase-index=\"6\">Elektrode Cl-<\/span><\/span><\/li>\n<li class=\"font_7\"><span class=\"VIiyi\" lang=\"de\"><span class=\"JLqJ4b ChMk0b\" data-language-for-alternatives=\"de\" data-language-to-translate-into=\"en\" data-phrase-index=\"8\">Referenzelektrode<\/span><\/span><\/li>\n<li class=\"font_7\"><span class=\"VIiyi\" lang=\"de\"><span class=\"JLqJ4b ChMk0b\" data-language-for-alternatives=\"de\" data-language-to-translate-into=\"en\" data-phrase-index=\"10\">Referenzgeh\u00e4use<\/span> <\/span><\/li>\n<li class=\"font_7\"><span class=\"VIiyi\" lang=\"de\"><span class=\"JLqJ4b ChMk0b\" data-language-for-alternatives=\"de\" data-language-to-translate-into=\"en\" data-phrase-index=\"12\">Na+, K+ und Cl- Elektroden beinhalten die OWNchip\u2122 Technologie, die die Elektrodenleistung, das Installationsdatum und die Anzahl der durchgef\u00fchrten Tests \u00fcberwacht<\/span><\/span><\/li>\n<\/ul>\n<p><span class=\"VIiyi\" lang=\"de\"><span class=\"JLqJ4b ChMk0b\" data-language-for-alternatives=\"de\" data-language-to-translate-into=\"en\" data-phrase-index=\"0\">ISE Analyzer-Qualit\u00e4tskontrollkit Tri-Level<\/span><\/span><\/p>\n<ul>\n<li><span class=\"VIiyi\" lang=\"de\"><span class=\"JLqJ4b ChMk0b\" data-language-for-alternatives=\"de\" data-language-to-translate-into=\"en\" data-phrase-index=\"2\">W\u00e4ssriges Kontrollmaterial zur \u00dcberwachung der Messung von Na+, K+ und Cl- innerhalb eines klinischen Bereichs auf Analysatoren der SelectaLyte\u2122 &amp; IONyte\u00ae Serie<\/span><\/span><\/li>\n<li><span class=\"VIiyi\" lang=\"de\"><span class=\"JLqJ4b ChMk0b\" data-language-for-alternatives=\"de\" data-language-to-translate-into=\"en\" data-phrase-index=\"4\">Drei Kontrollstufen: anormal niedrig, normal, anormal hoch<\/span> <span class=\"JLqJ4b ChMk0b\" data-language-for-alternatives=\"de\" data-language-to-translate-into=\"en\" data-phrase-index=\"6\">R\u00fcckf\u00fchrbar auf NIST<\/span><\/span><\/li>\n<li><span class=\"VIiyi\" lang=\"de\"><span class=\"JLqJ4b ChMk0b\" data-language-for-alternatives=\"de\" data-language-to-translate-into=\"en\" data-phrase-index=\"8\">2 ml pro Ampulle, 30 Ampullen pro Box, 10 Ampullen pro Ebene<\/span><\/span><\/li>\n<\/ul>\n","protected":false},"excerpt":{"rendered":"<p><span class=\"VIiyi\" lang=\"de\"><span class=\"JLqJ4b ChMk0b\" data-language-for-alternatives=\"de\" data-language-to-translate-into=\"en\" data-phrase-index=\"0\">Ionenselektiver Elektrodenanalysator f\u00fcr Na+, K+, Cl-<\/span><\/span><\/p>\n","protected":false},"featured_media":25705,"template":"","meta":{"_crdt_document":""},"product_brand":[],"product_cat":[188,185,368],"product_tag":[],"class_list":{"0":"post-25701","1":"product","2":"type-product","3":"status-publish","4":"has-post-thumbnail","6":"product_cat-analyse-de","7":"product_cat-analyzer-de","8":"product_cat-chemische-verbindung","10":"first","11":"instock","12":"taxable","13":"shipping-taxable","14":"product-type-simple"},"yoast_head":"<!-- This site is optimized with the Yoast SEO plugin v27.3 - https:\/\/yoast.com\/product\/yoast-seo-wordpress\/ -->\n<title>Elektrolytanalysator f\u00fcr Na+, K+, Cl- SelectaLyte - Sysmatec<\/title>\n<meta name=\"description\" content=\"ISE-Ger\u00e4t zur Messung von Na +, K +, Cl- Ionen mit selektiven Elektroden unter Verwendung verschiedener gebrauchsfertiger Kassetten.\" \/>\n<meta name=\"robots\" content=\"index, follow, max-snippet:-1, max-image-preview:large, max-video-preview:-1\" \/>\n<link rel=\"canonical\" href=\"https:\/\/sysmatec.ch\/de\/produit\/elektrolytanalysator-fuer-na-k-cl-selectalyte\/\" \/>\n<meta property=\"og:locale\" content=\"de_DE\" \/>\n<meta property=\"og:type\" content=\"article\" \/>\n<meta property=\"og:title\" content=\"Elektrolytanalysator f\u00fcr Na+, K+, Cl- SelectaLyte - Sysmatec\" \/>\n<meta property=\"og:description\" content=\"ISE-Ger\u00e4t zur Messung von Na +, K +, Cl- Ionen mit selektiven Elektroden unter Verwendung verschiedener gebrauchsfertiger Kassetten.\" \/>\n<meta property=\"og:url\" content=\"https:\/\/sysmatec.ch\/de\/produit\/elektrolytanalysator-fuer-na-k-cl-selectalyte\/\" \/>\n<meta property=\"og:site_name\" content=\"Sysmatec\" \/>\n<meta property=\"article:modified_time\" content=\"2021-10-04T19:43:56+00:00\" \/>\n<meta property=\"og:image\" content=\"https:\/\/sysmatec.ch\/wp-content\/uploads\/2021\/07\/AnalyseurBiochimique_AwarenessSelectaLyte1.jpg\" \/>\n\t<meta property=\"og:image:width\" content=\"401\" \/>\n\t<meta property=\"og:image:height\" content=\"373\" \/>\n\t<meta property=\"og:image:type\" content=\"image\/jpeg\" \/>\n<meta name=\"twitter:card\" content=\"summary_large_image\" \/>\n<meta name=\"twitter:label1\" content=\"Gesch\u00e4tzte Lesezeit\" \/>\n\t<meta name=\"twitter:data1\" content=\"1\u00a0Minute\" \/>\n<script type=\"application\/ld+json\" class=\"yoast-schema-graph\">{\"@context\":\"https:\\\/\\\/schema.org\",\"@graph\":[{\"@type\":\"WebPage\",\"@id\":\"https:\\\/\\\/sysmatec.ch\\\/de\\\/produit\\\/elektrolytanalysator-fuer-na-k-cl-selectalyte\\\/\",\"url\":\"https:\\\/\\\/sysmatec.ch\\\/de\\\/produit\\\/elektrolytanalysator-fuer-na-k-cl-selectalyte\\\/\",\"name\":\"Elektrolytanalysator f\u00fcr Na+, K+, Cl- SelectaLyte - Sysmatec\",\"isPartOf\":{\"@id\":\"https:\\\/\\\/sysmatec.ch\\\/de\\\/#website\"},\"primaryImageOfPage\":{\"@id\":\"https:\\\/\\\/sysmatec.ch\\\/de\\\/produit\\\/elektrolytanalysator-fuer-na-k-cl-selectalyte\\\/#primaryimage\"},\"image\":{\"@id\":\"https:\\\/\\\/sysmatec.ch\\\/de\\\/produit\\\/elektrolytanalysator-fuer-na-k-cl-selectalyte\\\/#primaryimage\"},\"thumbnailUrl\":\"https:\\\/\\\/sysmatec.ch\\\/wp-content\\\/uploads\\\/2021\\\/07\\\/AnalyseurBiochimique_AwarenessSelectaLyte1.jpg\",\"datePublished\":\"2021-07-23T13:32:37+00:00\",\"dateModified\":\"2021-10-04T19:43:56+00:00\",\"description\":\"ISE-Ger\u00e4t zur Messung von Na +, K +, Cl- Ionen mit selektiven Elektroden unter Verwendung verschiedener gebrauchsfertiger Kassetten.\",\"breadcrumb\":{\"@id\":\"https:\\\/\\\/sysmatec.ch\\\/de\\\/produit\\\/elektrolytanalysator-fuer-na-k-cl-selectalyte\\\/#breadcrumb\"},\"inLanguage\":\"de\",\"potentialAction\":[{\"@type\":\"ReadAction\",\"target\":[\"https:\\\/\\\/sysmatec.ch\\\/de\\\/produit\\\/elektrolytanalysator-fuer-na-k-cl-selectalyte\\\/\"]}]},{\"@type\":\"ImageObject\",\"inLanguage\":\"de\",\"@id\":\"https:\\\/\\\/sysmatec.ch\\\/de\\\/produit\\\/elektrolytanalysator-fuer-na-k-cl-selectalyte\\\/#primaryimage\",\"url\":\"https:\\\/\\\/sysmatec.ch\\\/wp-content\\\/uploads\\\/2021\\\/07\\\/AnalyseurBiochimique_AwarenessSelectaLyte1.jpg\",\"contentUrl\":\"https:\\\/\\\/sysmatec.ch\\\/wp-content\\\/uploads\\\/2021\\\/07\\\/AnalyseurBiochimique_AwarenessSelectaLyte1.jpg\",\"width\":401,\"height\":373},{\"@type\":\"BreadcrumbList\",\"@id\":\"https:\\\/\\\/sysmatec.ch\\\/de\\\/produit\\\/elektrolytanalysator-fuer-na-k-cl-selectalyte\\\/#breadcrumb\",\"itemListElement\":[{\"@type\":\"ListItem\",\"position\":1,\"name\":\"Accueil\",\"item\":\"https:\\\/\\\/sysmatec.ch\\\/de\\\/\"},{\"@type\":\"ListItem\",\"position\":2,\"name\":\"Die Aktivit\u00e4t von Sysmatec\",\"item\":\"https:\\\/\\\/sysmatec.ch\\\/de\\\/\"},{\"@type\":\"ListItem\",\"position\":3,\"name\":\"Elektrolytanalysator f\u00fcr Na+, K+, Cl- SelectaLyte\"}]},{\"@type\":\"WebSite\",\"@id\":\"https:\\\/\\\/sysmatec.ch\\\/de\\\/#website\",\"url\":\"https:\\\/\\\/sysmatec.ch\\\/de\\\/\",\"name\":\"Sysmatec\",\"description\":\"Equipement de laboratoire et logiciels\",\"publisher\":{\"@id\":\"https:\\\/\\\/sysmatec.ch\\\/de\\\/#organization\"},\"potentialAction\":[{\"@type\":\"SearchAction\",\"target\":{\"@type\":\"EntryPoint\",\"urlTemplate\":\"https:\\\/\\\/sysmatec.ch\\\/de\\\/?s={search_term_string}\"},\"query-input\":{\"@type\":\"PropertyValueSpecification\",\"valueRequired\":true,\"valueName\":\"search_term_string\"}}],\"inLanguage\":\"de\"},{\"@type\":\"Organization\",\"@id\":\"https:\\\/\\\/sysmatec.ch\\\/de\\\/#organization\",\"name\":\"Sysmatec\",\"url\":\"https:\\\/\\\/sysmatec.ch\\\/de\\\/\",\"logo\":{\"@type\":\"ImageObject\",\"inLanguage\":\"de\",\"@id\":\"https:\\\/\\\/sysmatec.ch\\\/de\\\/#\\\/schema\\\/logo\\\/image\\\/\",\"url\":\"https:\\\/\\\/sysmatec.ch\\\/wp-content\\\/uploads\\\/2018\\\/11\\\/LogoSysmatec.jpg\",\"contentUrl\":\"https:\\\/\\\/sysmatec.ch\\\/wp-content\\\/uploads\\\/2018\\\/11\\\/LogoSysmatec.jpg\",\"width\":301,\"height\":297,\"caption\":\"Sysmatec\"},\"image\":{\"@id\":\"https:\\\/\\\/sysmatec.ch\\\/de\\\/#\\\/schema\\\/logo\\\/image\\\/\"}}]}<\/script>\n<!-- \/ Yoast SEO plugin. -->","yoast_head_json":{"title":"Elektrolytanalysator f\u00fcr Na+, K+, Cl- SelectaLyte - Sysmatec","description":"ISE-Ger\u00e4t zur Messung von Na +, K +, Cl- Ionen mit selektiven Elektroden unter Verwendung verschiedener gebrauchsfertiger Kassetten.","robots":{"index":"index","follow":"follow","max-snippet":"max-snippet:-1","max-image-preview":"max-image-preview:large","max-video-preview":"max-video-preview:-1"},"canonical":"https:\/\/sysmatec.ch\/de\/produit\/elektrolytanalysator-fuer-na-k-cl-selectalyte\/","og_locale":"de_DE","og_type":"article","og_title":"Elektrolytanalysator f\u00fcr Na+, K+, Cl- SelectaLyte - Sysmatec","og_description":"ISE-Ger\u00e4t zur Messung von Na +, K +, Cl- Ionen mit selektiven Elektroden unter Verwendung verschiedener gebrauchsfertiger Kassetten.","og_url":"https:\/\/sysmatec.ch\/de\/produit\/elektrolytanalysator-fuer-na-k-cl-selectalyte\/","og_site_name":"Sysmatec","article_modified_time":"2021-10-04T19:43:56+00:00","og_image":[{"width":401,"height":373,"url":"https:\/\/sysmatec.ch\/wp-content\/uploads\/2021\/07\/AnalyseurBiochimique_AwarenessSelectaLyte1.jpg","type":"image\/jpeg"}],"twitter_card":"summary_large_image","twitter_misc":{"Gesch\u00e4tzte Lesezeit":"1\u00a0Minute"},"schema":{"@context":"https:\/\/schema.org","@graph":[{"@type":"WebPage","@id":"https:\/\/sysmatec.ch\/de\/produit\/elektrolytanalysator-fuer-na-k-cl-selectalyte\/","url":"https:\/\/sysmatec.ch\/de\/produit\/elektrolytanalysator-fuer-na-k-cl-selectalyte\/","name":"Elektrolytanalysator f\u00fcr Na+, K+, Cl- SelectaLyte - Sysmatec","isPartOf":{"@id":"https:\/\/sysmatec.ch\/de\/#website"},"primaryImageOfPage":{"@id":"https:\/\/sysmatec.ch\/de\/produit\/elektrolytanalysator-fuer-na-k-cl-selectalyte\/#primaryimage"},"image":{"@id":"https:\/\/sysmatec.ch\/de\/produit\/elektrolytanalysator-fuer-na-k-cl-selectalyte\/#primaryimage"},"thumbnailUrl":"https:\/\/sysmatec.ch\/wp-content\/uploads\/2021\/07\/AnalyseurBiochimique_AwarenessSelectaLyte1.jpg","datePublished":"2021-07-23T13:32:37+00:00","dateModified":"2021-10-04T19:43:56+00:00","description":"ISE-Ger\u00e4t zur Messung von Na +, K +, Cl- Ionen mit selektiven Elektroden unter Verwendung verschiedener gebrauchsfertiger Kassetten.","breadcrumb":{"@id":"https:\/\/sysmatec.ch\/de\/produit\/elektrolytanalysator-fuer-na-k-cl-selectalyte\/#breadcrumb"},"inLanguage":"de","potentialAction":[{"@type":"ReadAction","target":["https:\/\/sysmatec.ch\/de\/produit\/elektrolytanalysator-fuer-na-k-cl-selectalyte\/"]}]},{"@type":"ImageObject","inLanguage":"de","@id":"https:\/\/sysmatec.ch\/de\/produit\/elektrolytanalysator-fuer-na-k-cl-selectalyte\/#primaryimage","url":"https:\/\/sysmatec.ch\/wp-content\/uploads\/2021\/07\/AnalyseurBiochimique_AwarenessSelectaLyte1.jpg","contentUrl":"https:\/\/sysmatec.ch\/wp-content\/uploads\/2021\/07\/AnalyseurBiochimique_AwarenessSelectaLyte1.jpg","width":401,"height":373},{"@type":"BreadcrumbList","@id":"https:\/\/sysmatec.ch\/de\/produit\/elektrolytanalysator-fuer-na-k-cl-selectalyte\/#breadcrumb","itemListElement":[{"@type":"ListItem","position":1,"name":"Accueil","item":"https:\/\/sysmatec.ch\/de\/"},{"@type":"ListItem","position":2,"name":"Die Aktivit\u00e4t von Sysmatec","item":"https:\/\/sysmatec.ch\/de\/"},{"@type":"ListItem","position":3,"name":"Elektrolytanalysator f\u00fcr Na+, K+, Cl- SelectaLyte"}]},{"@type":"WebSite","@id":"https:\/\/sysmatec.ch\/de\/#website","url":"https:\/\/sysmatec.ch\/de\/","name":"Sysmatec","description":"Equipement de laboratoire et logiciels","publisher":{"@id":"https:\/\/sysmatec.ch\/de\/#organization"},"potentialAction":[{"@type":"SearchAction","target":{"@type":"EntryPoint","urlTemplate":"https:\/\/sysmatec.ch\/de\/?s={search_term_string}"},"query-input":{"@type":"PropertyValueSpecification","valueRequired":true,"valueName":"search_term_string"}}],"inLanguage":"de"},{"@type":"Organization","@id":"https:\/\/sysmatec.ch\/de\/#organization","name":"Sysmatec","url":"https:\/\/sysmatec.ch\/de\/","logo":{"@type":"ImageObject","inLanguage":"de","@id":"https:\/\/sysmatec.ch\/de\/#\/schema\/logo\/image\/","url":"https:\/\/sysmatec.ch\/wp-content\/uploads\/2018\/11\/LogoSysmatec.jpg","contentUrl":"https:\/\/sysmatec.ch\/wp-content\/uploads\/2018\/11\/LogoSysmatec.jpg","width":301,"height":297,"caption":"Sysmatec"},"image":{"@id":"https:\/\/sysmatec.ch\/de\/#\/schema\/logo\/image\/"}}]}},"_links":{"self":[{"href":"https:\/\/sysmatec.ch\/de\/wp-json\/wp\/v2\/product\/25701","targetHints":{"allow":["GET"]}}],"collection":[{"href":"https:\/\/sysmatec.ch\/de\/wp-json\/wp\/v2\/product"}],"about":[{"href":"https:\/\/sysmatec.ch\/de\/wp-json\/wp\/v2\/types\/product"}],"wp:featuredmedia":[{"embeddable":true,"href":"https:\/\/sysmatec.ch\/de\/wp-json\/wp\/v2\/media\/25705"}],"wp:attachment":[{"href":"https:\/\/sysmatec.ch\/de\/wp-json\/wp\/v2\/media?parent=25701"}],"wp:term":[{"taxonomy":"product_brand","embeddable":true,"href":"https:\/\/sysmatec.ch\/de\/wp-json\/wp\/v2\/product_brand?post=25701"},{"taxonomy":"product_cat","embeddable":true,"href":"https:\/\/sysmatec.ch\/de\/wp-json\/wp\/v2\/product_cat?post=25701"},{"taxonomy":"product_tag","embeddable":true,"href":"https:\/\/sysmatec.ch\/de\/wp-json\/wp\/v2\/product_tag?post=25701"}],"curies":[{"name":"wp","href":"https:\/\/api.w.org\/{rel}","templated":true}]}}