{"id":25686,"date":"2021-07-20T08:53:56","date_gmt":"2021-07-20T06:53:56","guid":{"rendered":"https:\/\/sysmatec.ch\/?post_type=product&#038;p=25686"},"modified":"2021-10-19T11:40:27","modified_gmt":"2021-10-19T09:40:27","slug":"mikroplatten-luminometer-lumate-4400","status":"publish","type":"product","link":"https:\/\/sysmatec.ch\/de\/Produkt\/mikroplatten-luminometer-lumate-4400\/","title":{"rendered":"Mikroplatten-Luminometer Lumate 4400"},"content":{"rendered":"<p><span class=\"VIiyi\" lang=\"de\"><span class=\"JLqJ4b ChMk0b\" data-language-for-alternatives=\"de\" data-language-to-translate-into=\"fr\" data-phrase-index=\"0\" data-number-of-phrases=\"2\">Das Luminometer misst das von jeder Vertiefung der Mikrotiterplatte emittierte Licht.<\/span> <span class=\"JLqJ4b ChMk0b\" data-language-for-alternatives=\"de\" data-language-to-translate-into=\"fr\" data-phrase-index=\"1\" data-number-of-phrases=\"2\">Sie ben\u00f6tigt keine Lichtquelle wie bei der Fluoreszenz.<\/span><\/span><\/p>\n<p><span class=\"VIiyi\" lang=\"de\"><span class=\"JLqJ4b ChMk0b\" data-language-for-alternatives=\"de\" data-language-to-translate-into=\"en\" data-phrase-index=\"0\">Sein linienf\u00f6rmiges Design mit geringem Platzbedarf bietet eine hervorragende Optik f\u00fcr Labortische jeder Gr\u00f6\u00dfe.<\/span> <span class=\"JLqJ4b ChMk0b\" data-language-for-alternatives=\"de\" data-language-to-translate-into=\"en\" data-phrase-index=\"1\">Die PC-Software bietet vollen Zugriff f\u00fcr Kurvenanpassung, Berichterstellung und Datenspeicherung.<\/span><\/span><\/p>\n<p><span class=\"VIiyi\" lang=\"de\"><span class=\"JLqJ4b ChMk0b\" data-language-for-alternatives=\"de\" data-language-to-translate-into=\"en\" data-phrase-index=\"3\">Es ist ein offenes System, das es Benutzern erm\u00f6glicht, eine Vielzahl von CLIAs (Chemi Luminescent Immuno Assays) vom Gl\u00fchtyp zu programmieren.<\/span><\/span><\/p>\n<p><span class=\"VIiyi\" lang=\"de\"><span class=\"JLqJ4b ChMk0b\" data-language-for-alternatives=\"de\" data-language-to-translate-into=\"en\" data-phrase-index=\"5\">W\u00e4hlen Sie einfach einen Assay aus dem gespeicherten Men\u00fc aus und laden Sie die Platte.<\/span> <span class=\"JLqJ4b ChMk0b\" data-language-for-alternatives=\"de\" data-language-to-translate-into=\"en\" data-phrase-index=\"6\">Das Luminometer liest die Platte automatisch und misst pr\u00e4zise die Lichtleistung aus jedem Well.<\/span> <span class=\"JLqJ4b ChMk0b\" data-language-for-alternatives=\"de\" data-language-to-translate-into=\"en\" data-phrase-index=\"7\">Es verf\u00fcgt \u00fcber integrierte Berechnungen f\u00fcr Punkt-zu-Punkt-, Linear-, Log- und Logit-Regressionsmodi.<\/span> <span class=\"JLqJ4b ChMk0b\" data-language-for-alternatives=\"de\" data-language-to-translate-into=\"en\" data-phrase-index=\"8\">Eine eingebaute Referenz erm\u00f6glicht eine kontinuierliche Kalibrierung.<\/span><\/span><\/p>\n<ul>\n<li><span class=\"VIiyi\" lang=\"de\"><span class=\"JLqJ4b ChMk0b\" data-language-for-alternatives=\"de\" data-language-to-translate-into=\"en\" data-phrase-index=\"0\">Erkennungsmodus: leuchtende Lumineszenz<\/span><\/span><\/li>\n<li><span class=\"VIiyi\" lang=\"de\"><span class=\"JLqJ4b ChMk0b\" data-language-for-alternatives=\"de\" data-language-to-translate-into=\"en\" data-phrase-index=\"2\">Empfindlichkeit\/Nachweisgrenze: HRP 1 x 10-18 Mol, ALP 1 x 10-21 Mol<\/span><\/span><\/li>\n<li><span class=\"VIiyi\" lang=\"de\"><span class=\"JLqJ4b ChMk0b\" data-language-for-alternatives=\"de\" data-language-to-translate-into=\"en\" data-phrase-index=\"4\">Linearer Dynamikbereich: 10^6 RLU<\/span><\/span><\/li>\n<li><span class=\"VIiyi\" lang=\"de\"><span class=\"JLqJ4b ChMk0b\" data-language-for-alternatives=\"de\" data-language-to-translate-into=\"en\" data-phrase-index=\"6\">Detektor: Photomultiplier<\/span><\/span><\/li>\n<li><span class=\"VIiyi\" lang=\"de\"><span class=\"JLqJ4b ChMk0b\" data-language-for-alternatives=\"de\" data-language-to-translate-into=\"en\" data-phrase-index=\"8\">Spektrale Antwort: 300-650 nm<\/span><\/span><\/li>\n<li><span class=\"VIiyi\" lang=\"de\"><span class=\"JLqJ4b ChMk0b\" data-language-for-alternatives=\"de\" data-language-to-translate-into=\"en\" data-phrase-index=\"10\">Spitzenwellenl\u00e4nge: 400 nm<\/span><\/span><\/li>\n<li><span class=\"VIiyi\" lang=\"de\"><span class=\"JLqJ4b ChMk0b\" data-language-for-alternatives=\"de\" data-language-to-translate-into=\"en\" data-phrase-index=\"12\">Gef\u00e4\u00df: 96 Wells Strip Tray oder Platte<\/span><\/span><\/li>\n<li><span class=\"VIiyi\" lang=\"de\"><span class=\"JLqJ4b ChMk0b\" data-language-for-alternatives=\"de\" data-language-to-translate-into=\"en\" data-phrase-index=\"14\">Stromspeisung: 100-250 V AC, 50-60 Hz<\/span><\/span><\/li>\n<\/ul>\n","protected":false},"excerpt":{"rendered":"<p><span class=\"VIiyi\" lang=\"de\"><span class=\"JLqJ4b ChMk0b\" data-language-for-alternatives=\"de\" data-language-to-translate-into=\"en\" data-phrase-index=\"0\" data-number-of-phrases=\"1\">Chemilumineszenter halbautomatischer Analysator f\u00fcr 96-Well-Mikrotiterplatten mit Anschluss an einen Computer.<\/span><\/span><\/p>\n","protected":false},"featured_media":25690,"template":"","meta":{"_crdt_document":""},"product_brand":[],"product_cat":[364,215],"product_tag":[],"class_list":{"0":"post-25686","1":"product","2":"type-product","3":"status-publish","4":"has-post-thumbnail","6":"product_cat-leser","7":"product_cat-mikroplatte","9":"first","10":"instock","11":"taxable","12":"shipping-taxable","13":"product-type-simple"},"yoast_head":"<!-- This site is optimized with the Yoast SEO plugin v27.4 - https:\/\/yoast.com\/product\/yoast-seo-wordpress\/ -->\n<title>Mikroplatten-Luminometer Lumate 4400 - Sysmatec<\/title>\n<meta name=\"description\" content=\"96-Well Mikrotiterplatten-Luminometer, f\u00fcr Chemi Luminescent Immuno Assays (CLIA) mit Kommunikation zu einem Computer\" \/>\n<meta name=\"robots\" content=\"index, follow, max-snippet:-1, max-image-preview:large, max-video-preview:-1\" \/>\n<link rel=\"canonical\" href=\"https:\/\/sysmatec.ch\/de\/produit\/mikroplatten-luminometer-lumate-4400\/\" \/>\n<meta property=\"og:locale\" content=\"de_DE\" \/>\n<meta property=\"og:type\" content=\"article\" \/>\n<meta property=\"og:title\" content=\"Mikroplatten-Luminometer Lumate 4400 - Sysmatec\" \/>\n<meta property=\"og:description\" content=\"96-Well Mikrotiterplatten-Luminometer, f\u00fcr Chemi Luminescent Immuno Assays (CLIA) mit Kommunikation zu einem Computer\" \/>\n<meta property=\"og:url\" content=\"https:\/\/sysmatec.ch\/de\/produit\/mikroplatten-luminometer-lumate-4400\/\" \/>\n<meta property=\"og:site_name\" content=\"Sysmatec\" \/>\n<meta property=\"article:modified_time\" content=\"2021-10-19T09:40:27+00:00\" \/>\n<meta property=\"og:image\" content=\"https:\/\/sysmatec.ch\/wp-content\/uploads\/2021\/07\/Luminometre_AwarenessLumate4400.jpg\" \/>\n\t<meta property=\"og:image:width\" content=\"479\" \/>\n\t<meta property=\"og:image:height\" content=\"332\" \/>\n\t<meta property=\"og:image:type\" content=\"image\/jpeg\" \/>\n<meta name=\"twitter:card\" content=\"summary_large_image\" \/>\n<meta name=\"twitter:label1\" content=\"Gesch\u00e4tzte Lesezeit\" \/>\n\t<meta name=\"twitter:data1\" content=\"1\u00a0Minute\" \/>\n<script type=\"application\/ld+json\" class=\"yoast-schema-graph\">{\"@context\":\"https:\\\/\\\/schema.org\",\"@graph\":[{\"@type\":\"WebPage\",\"@id\":\"https:\\\/\\\/sysmatec.ch\\\/de\\\/produit\\\/mikroplatten-luminometer-lumate-4400\\\/\",\"url\":\"https:\\\/\\\/sysmatec.ch\\\/de\\\/produit\\\/mikroplatten-luminometer-lumate-4400\\\/\",\"name\":\"Mikroplatten-Luminometer Lumate 4400 - Sysmatec\",\"isPartOf\":{\"@id\":\"https:\\\/\\\/sysmatec.ch\\\/de\\\/#website\"},\"primaryImageOfPage\":{\"@id\":\"https:\\\/\\\/sysmatec.ch\\\/de\\\/produit\\\/mikroplatten-luminometer-lumate-4400\\\/#primaryimage\"},\"image\":{\"@id\":\"https:\\\/\\\/sysmatec.ch\\\/de\\\/produit\\\/mikroplatten-luminometer-lumate-4400\\\/#primaryimage\"},\"thumbnailUrl\":\"https:\\\/\\\/sysmatec.ch\\\/wp-content\\\/uploads\\\/2021\\\/07\\\/Luminometre_AwarenessLumate4400.jpg\",\"datePublished\":\"2021-07-20T06:53:56+00:00\",\"dateModified\":\"2021-10-19T09:40:27+00:00\",\"description\":\"96-Well Mikrotiterplatten-Luminometer, f\u00fcr Chemi Luminescent Immuno Assays (CLIA) mit Kommunikation zu einem Computer\",\"breadcrumb\":{\"@id\":\"https:\\\/\\\/sysmatec.ch\\\/de\\\/produit\\\/mikroplatten-luminometer-lumate-4400\\\/#breadcrumb\"},\"inLanguage\":\"de\",\"potentialAction\":[{\"@type\":\"ReadAction\",\"target\":[\"https:\\\/\\\/sysmatec.ch\\\/de\\\/produit\\\/mikroplatten-luminometer-lumate-4400\\\/\"]}]},{\"@type\":\"ImageObject\",\"inLanguage\":\"de\",\"@id\":\"https:\\\/\\\/sysmatec.ch\\\/de\\\/produit\\\/mikroplatten-luminometer-lumate-4400\\\/#primaryimage\",\"url\":\"https:\\\/\\\/sysmatec.ch\\\/wp-content\\\/uploads\\\/2021\\\/07\\\/Luminometre_AwarenessLumate4400.jpg\",\"contentUrl\":\"https:\\\/\\\/sysmatec.ch\\\/wp-content\\\/uploads\\\/2021\\\/07\\\/Luminometre_AwarenessLumate4400.jpg\",\"width\":479,\"height\":332},{\"@type\":\"BreadcrumbList\",\"@id\":\"https:\\\/\\\/sysmatec.ch\\\/de\\\/produit\\\/mikroplatten-luminometer-lumate-4400\\\/#breadcrumb\",\"itemListElement\":[{\"@type\":\"ListItem\",\"position\":1,\"name\":\"Accueil\",\"item\":\"https:\\\/\\\/sysmatec.ch\\\/de\\\/\"},{\"@type\":\"ListItem\",\"position\":2,\"name\":\"Die Aktivit\u00e4t von Sysmatec\",\"item\":\"https:\\\/\\\/sysmatec.ch\\\/de\\\/\"},{\"@type\":\"ListItem\",\"position\":3,\"name\":\"Mikroplatten-Luminometer Lumate 4400\"}]},{\"@type\":\"WebSite\",\"@id\":\"https:\\\/\\\/sysmatec.ch\\\/de\\\/#website\",\"url\":\"https:\\\/\\\/sysmatec.ch\\\/de\\\/\",\"name\":\"Sysmatec\",\"description\":\"Equipement de laboratoire et logiciels\",\"publisher\":{\"@id\":\"https:\\\/\\\/sysmatec.ch\\\/de\\\/#organization\"},\"potentialAction\":[{\"@type\":\"SearchAction\",\"target\":{\"@type\":\"EntryPoint\",\"urlTemplate\":\"https:\\\/\\\/sysmatec.ch\\\/de\\\/?s={search_term_string}\"},\"query-input\":{\"@type\":\"PropertyValueSpecification\",\"valueRequired\":true,\"valueName\":\"search_term_string\"}}],\"inLanguage\":\"de\"},{\"@type\":\"Organization\",\"@id\":\"https:\\\/\\\/sysmatec.ch\\\/de\\\/#organization\",\"name\":\"Sysmatec\",\"url\":\"https:\\\/\\\/sysmatec.ch\\\/de\\\/\",\"logo\":{\"@type\":\"ImageObject\",\"inLanguage\":\"de\",\"@id\":\"https:\\\/\\\/sysmatec.ch\\\/de\\\/#\\\/schema\\\/logo\\\/image\\\/\",\"url\":\"https:\\\/\\\/sysmatec.ch\\\/wp-content\\\/uploads\\\/2018\\\/11\\\/LogoSysmatec.jpg\",\"contentUrl\":\"https:\\\/\\\/sysmatec.ch\\\/wp-content\\\/uploads\\\/2018\\\/11\\\/LogoSysmatec.jpg\",\"width\":301,\"height\":297,\"caption\":\"Sysmatec\"},\"image\":{\"@id\":\"https:\\\/\\\/sysmatec.ch\\\/de\\\/#\\\/schema\\\/logo\\\/image\\\/\"}}]}<\/script>\n<!-- \/ Yoast SEO plugin. -->","yoast_head_json":{"title":"Mikroplatten-Luminometer Lumate 4400 - Sysmatec","description":"96-Well Mikrotiterplatten-Luminometer, f\u00fcr Chemi Luminescent Immuno Assays (CLIA) mit Kommunikation zu einem Computer","robots":{"index":"index","follow":"follow","max-snippet":"max-snippet:-1","max-image-preview":"max-image-preview:large","max-video-preview":"max-video-preview:-1"},"canonical":"https:\/\/sysmatec.ch\/de\/produit\/mikroplatten-luminometer-lumate-4400\/","og_locale":"de_DE","og_type":"article","og_title":"Mikroplatten-Luminometer Lumate 4400 - Sysmatec","og_description":"96-Well Mikrotiterplatten-Luminometer, f\u00fcr Chemi Luminescent Immuno Assays (CLIA) mit Kommunikation zu einem Computer","og_url":"https:\/\/sysmatec.ch\/de\/produit\/mikroplatten-luminometer-lumate-4400\/","og_site_name":"Sysmatec","article_modified_time":"2021-10-19T09:40:27+00:00","og_image":[{"width":479,"height":332,"url":"https:\/\/sysmatec.ch\/wp-content\/uploads\/2021\/07\/Luminometre_AwarenessLumate4400.jpg","type":"image\/jpeg"}],"twitter_card":"summary_large_image","twitter_misc":{"Gesch\u00e4tzte Lesezeit":"1\u00a0Minute"},"schema":{"@context":"https:\/\/schema.org","@graph":[{"@type":"WebPage","@id":"https:\/\/sysmatec.ch\/de\/produit\/mikroplatten-luminometer-lumate-4400\/","url":"https:\/\/sysmatec.ch\/de\/produit\/mikroplatten-luminometer-lumate-4400\/","name":"Mikroplatten-Luminometer Lumate 4400 - Sysmatec","isPartOf":{"@id":"https:\/\/sysmatec.ch\/de\/#website"},"primaryImageOfPage":{"@id":"https:\/\/sysmatec.ch\/de\/produit\/mikroplatten-luminometer-lumate-4400\/#primaryimage"},"image":{"@id":"https:\/\/sysmatec.ch\/de\/produit\/mikroplatten-luminometer-lumate-4400\/#primaryimage"},"thumbnailUrl":"https:\/\/sysmatec.ch\/wp-content\/uploads\/2021\/07\/Luminometre_AwarenessLumate4400.jpg","datePublished":"2021-07-20T06:53:56+00:00","dateModified":"2021-10-19T09:40:27+00:00","description":"96-Well Mikrotiterplatten-Luminometer, f\u00fcr Chemi Luminescent Immuno Assays (CLIA) mit Kommunikation zu einem Computer","breadcrumb":{"@id":"https:\/\/sysmatec.ch\/de\/produit\/mikroplatten-luminometer-lumate-4400\/#breadcrumb"},"inLanguage":"de","potentialAction":[{"@type":"ReadAction","target":["https:\/\/sysmatec.ch\/de\/produit\/mikroplatten-luminometer-lumate-4400\/"]}]},{"@type":"ImageObject","inLanguage":"de","@id":"https:\/\/sysmatec.ch\/de\/produit\/mikroplatten-luminometer-lumate-4400\/#primaryimage","url":"https:\/\/sysmatec.ch\/wp-content\/uploads\/2021\/07\/Luminometre_AwarenessLumate4400.jpg","contentUrl":"https:\/\/sysmatec.ch\/wp-content\/uploads\/2021\/07\/Luminometre_AwarenessLumate4400.jpg","width":479,"height":332},{"@type":"BreadcrumbList","@id":"https:\/\/sysmatec.ch\/de\/produit\/mikroplatten-luminometer-lumate-4400\/#breadcrumb","itemListElement":[{"@type":"ListItem","position":1,"name":"Accueil","item":"https:\/\/sysmatec.ch\/de\/"},{"@type":"ListItem","position":2,"name":"Die Aktivit\u00e4t von Sysmatec","item":"https:\/\/sysmatec.ch\/de\/"},{"@type":"ListItem","position":3,"name":"Mikroplatten-Luminometer Lumate 4400"}]},{"@type":"WebSite","@id":"https:\/\/sysmatec.ch\/de\/#website","url":"https:\/\/sysmatec.ch\/de\/","name":"Sysmatec","description":"Equipement de laboratoire et logiciels","publisher":{"@id":"https:\/\/sysmatec.ch\/de\/#organization"},"potentialAction":[{"@type":"SearchAction","target":{"@type":"EntryPoint","urlTemplate":"https:\/\/sysmatec.ch\/de\/?s={search_term_string}"},"query-input":{"@type":"PropertyValueSpecification","valueRequired":true,"valueName":"search_term_string"}}],"inLanguage":"de"},{"@type":"Organization","@id":"https:\/\/sysmatec.ch\/de\/#organization","name":"Sysmatec","url":"https:\/\/sysmatec.ch\/de\/","logo":{"@type":"ImageObject","inLanguage":"de","@id":"https:\/\/sysmatec.ch\/de\/#\/schema\/logo\/image\/","url":"https:\/\/sysmatec.ch\/wp-content\/uploads\/2018\/11\/LogoSysmatec.jpg","contentUrl":"https:\/\/sysmatec.ch\/wp-content\/uploads\/2018\/11\/LogoSysmatec.jpg","width":301,"height":297,"caption":"Sysmatec"},"image":{"@id":"https:\/\/sysmatec.ch\/de\/#\/schema\/logo\/image\/"}}]}},"_links":{"self":[{"href":"https:\/\/sysmatec.ch\/de\/wp-json\/wp\/v2\/product\/25686","targetHints":{"allow":["GET"]}}],"collection":[{"href":"https:\/\/sysmatec.ch\/de\/wp-json\/wp\/v2\/product"}],"about":[{"href":"https:\/\/sysmatec.ch\/de\/wp-json\/wp\/v2\/types\/product"}],"wp:featuredmedia":[{"embeddable":true,"href":"https:\/\/sysmatec.ch\/de\/wp-json\/wp\/v2\/media\/25690"}],"wp:attachment":[{"href":"https:\/\/sysmatec.ch\/de\/wp-json\/wp\/v2\/media?parent=25686"}],"wp:term":[{"taxonomy":"product_brand","embeddable":true,"href":"https:\/\/sysmatec.ch\/de\/wp-json\/wp\/v2\/product_brand?post=25686"},{"taxonomy":"product_cat","embeddable":true,"href":"https:\/\/sysmatec.ch\/de\/wp-json\/wp\/v2\/product_cat?post=25686"},{"taxonomy":"product_tag","embeddable":true,"href":"https:\/\/sysmatec.ch\/de\/wp-json\/wp\/v2\/product_tag?post=25686"}],"curies":[{"name":"wp","href":"https:\/\/api.w.org\/{rel}","templated":true}]}}