{"id":25677,"date":"2021-07-16T08:36:12","date_gmt":"2021-07-16T06:36:12","guid":{"rendered":"https:\/\/sysmatec.ch\/?post_type=product&#038;p=25677"},"modified":"2022-04-07T22:05:02","modified_gmt":"2022-04-07T20:05:02","slug":"nicht-invasiver-niveau-detektor-cld","status":"publish","type":"product","link":"https:\/\/sysmatec.ch\/de\/Produkt\/nicht-invasiver-niveau-detektor-cld\/","title":{"rendered":"Nicht-invasiver Niveau Detektor (CLD)"},"content":{"rendered":"<p>Der Introtek\u00ae Continuous Level Detector (CLD) ist ein einzigartiges gepulstes Ultraschall-, Nicht-invasiver Sensor zur genauen \u00dcberwachung von Fl\u00fcssigkeitsst\u00e4nden vom Boden eines Fl\u00e4schchen, Beh\u00e4lter oder Tank. Dieser Sensor ist f\u00fcr kleine bis gro\u00dfe Beh\u00e4lter oder Gef\u00e4\u00dfe skalierbar und als Standard erh\u00e4ltlich Konfiguration oder kann angepasst werden, um spezifische Anwendungsanforderungen zu erf\u00fcllen.<\/p>\n<p>Die patentierte Impuls-Ultraschalltechnologie von Introtek ist f\u00fcr ihre au\u00dfergew\u00f6hnliche Leistung bekannt zuverl\u00e4ssige, nicht-invasive F\u00fcllstands- und Lufterkennungsfunktionen.<\/p>\n<h2>Niveau Detektor Technische Beschreibung<\/h2>\n<ul>\n<li>Anpassbar f\u00fcr eine Vielzahl von Beh\u00e4lter-\/Gef\u00e4\u00dfdurchmessern, Tiefen und Variationen<\/li>\n<li>Zuverl\u00e4ssige impulsartige, nicht-invasive Technologie mit Elektronik Optionen nach Ihren Vorgaben<\/li>\n<li>Kontinuierliches analoges Ausgangssignal zeigt pr\u00e4zise Fl\u00fcssigkeitsst\u00e4nde an<\/li>\n<li>Integrierte Elektronik; keine abgesetzte Elektronikplatine erforderlich<\/li>\n<li>Trocken gekoppelt; kein Kopplungsgel erforderlich<\/li>\n<li>Platzsparendes Schnittstellendesign<\/li>\n<li>Hohe St\u00f6rfestigkeit gegen\u00fcber EMI und RFI<\/li>\n<li>Werkskalibriert und wartungseng<\/li>\n<li><span class=\"JLqJ4b ChMk0b\" data-language-for-alternatives=\"de\" data-language-to-translate-into=\"en\" data-phrase-index=\"0\" data-number-of-phrases=\"27\"><span class=\"Q4iAWc\">Versorgungsspannung: 5 VDC, 12 VDC oder 24 VD<\/span><\/span><\/li>\n<li><span class=\"JLqJ4b ChMk0b\" data-language-for-alternatives=\"de\" data-language-to-translate-into=\"en\" data-phrase-index=\"2\" data-number-of-phrases=\"27\"><span class=\"Q4iAWc\">Versorgungsstrom: Weniger als 50 mA<\/span><\/span><\/li>\n<li><span class=\"JLqJ4b ChMk0b\" data-language-for-alternatives=\"de\" data-language-to-translate-into=\"en\" data-phrase-index=\"4\" data-number-of-phrases=\"27\"><span class=\"Q4iAWc\">Analogausgang: <\/span><\/span><span class=\"JLqJ4b ChMk0b\" data-language-for-alternatives=\"de\" data-language-to-translate-into=\"en\" data-phrase-index=\"6\" data-number-of-phrases=\"27\"><span class=\"Q4iAWc\">0 bis 5 VDC Ausgang (oder nach Bedarf)<\/span><\/span><\/li>\n<li><span class=\"JLqJ4b ChMk0b\" data-language-for-alternatives=\"de\" data-language-to-translate-into=\"en\" data-phrase-index=\"17\" data-number-of-phrases=\"27\"><span class=\"Q4iAWc\">Logikausgang: Der Logikausgang muss einen logisch hohen Ausgang liefern, wenn der Fl\u00fcssigkeitsstand den erreicht oder \u00fcberschreitet<\/span><\/span> <span class=\"JLqJ4b ChMk0b\" data-language-for-alternatives=\"de\" data-language-to-translate-into=\"en\" data-phrase-index=\"19\" data-number-of-phrases=\"27\"><span class=\"Q4iAWc\">vorkalibrierter Sollwert.<\/span><\/span> <span class=\"JLqJ4b ChMk0b\" data-language-for-alternatives=\"de\" data-language-to-translate-into=\"en\" data-phrase-index=\"20\" data-number-of-phrases=\"27\"><span class=\"Q4iAWc\">Sollwertschwelle nach Kundenwunsch.<\/span><\/span><\/li>\n<li><span class=\"JLqJ4b ChMk0b\" data-language-for-alternatives=\"de\" data-language-to-translate-into=\"en\" data-phrase-index=\"22\" data-number-of-phrases=\"27\"><span class=\"Q4iAWc\">Betriebstemperatur: +5\u02da bis +60\u02daC<\/span><\/span><\/li>\n<li><span class=\"JLqJ4b ChMk0b\" data-language-for-alternatives=\"de\" data-language-to-translate-into=\"en\" data-phrase-index=\"24\" data-number-of-phrases=\"27\"><span class=\"Q4iAWc\">Luftfeuchtigkeit: 0 % bis 95 % nicht kondensierend<\/span><\/span><\/li>\n<\/ul>\n","protected":false},"excerpt":{"rendered":"<p>Eingriffsfreier Ultraschall-F\u00fcllstandsmessung.<\/p>\n","protected":false},"featured_media":27124,"template":"","meta":{"_crdt_document":""},"product_brand":[],"product_cat":[236,180],"product_tag":[],"class_list":{"0":"post-25677","1":"product","2":"type-product","3":"status-publish","4":"has-post-thumbnail","6":"product_cat-fuellstand","7":"product_cat-messung","9":"first","10":"instock","11":"taxable","12":"shipping-taxable","13":"product-type-simple"},"yoast_head":"<!-- This site is optimized with the Yoast SEO plugin v27.4 - https:\/\/yoast.com\/product\/yoast-seo-wordpress\/ -->\n<title>Nicht-invasiver Niveau Detektor (CLD) - Sysmatec<\/title>\n<meta name=\"description\" content=\"Eingriffsfreier Ultraschall-F\u00fcllstandsmessung, die durch die Beh\u00e4lterwand m\u00f6glich ist. Die Messung ergibt einen kontinuierlichen und genauen Wert.\" \/>\n<meta name=\"robots\" content=\"index, follow, max-snippet:-1, max-image-preview:large, max-video-preview:-1\" \/>\n<link rel=\"canonical\" href=\"https:\/\/sysmatec.ch\/de\/produit\/nicht-invasiver-niveau-detektor-cld\/\" \/>\n<meta property=\"og:locale\" content=\"de_DE\" \/>\n<meta property=\"og:type\" content=\"article\" \/>\n<meta property=\"og:title\" content=\"Nicht-invasiver Niveau Detektor (CLD) - Sysmatec\" \/>\n<meta property=\"og:description\" content=\"Eingriffsfreier Ultraschall-F\u00fcllstandsmessung, die durch die Beh\u00e4lterwand m\u00f6glich ist. Die Messung ergibt einen kontinuierlichen und genauen Wert.\" \/>\n<meta property=\"og:url\" content=\"https:\/\/sysmatec.ch\/de\/produit\/nicht-invasiver-niveau-detektor-cld\/\" \/>\n<meta property=\"og:site_name\" content=\"Sysmatec\" \/>\n<meta property=\"article:modified_time\" content=\"2022-04-07T20:05:02+00:00\" \/>\n<meta property=\"og:image\" content=\"https:\/\/sysmatec.ch\/wp-content\/uploads\/2021\/07\/Niveau_AmetekCLD-scaled.jpg\" \/>\n\t<meta property=\"og:image:width\" content=\"2560\" \/>\n\t<meta property=\"og:image:height\" content=\"1707\" \/>\n\t<meta property=\"og:image:type\" content=\"image\/jpeg\" \/>\n<meta name=\"twitter:card\" content=\"summary_large_image\" \/>\n<meta name=\"twitter:label1\" content=\"Gesch\u00e4tzte Lesezeit\" \/>\n\t<meta name=\"twitter:data1\" content=\"1\u00a0Minute\" \/>\n<script type=\"application\/ld+json\" class=\"yoast-schema-graph\">{\"@context\":\"https:\\\/\\\/schema.org\",\"@graph\":[{\"@type\":\"WebPage\",\"@id\":\"https:\\\/\\\/sysmatec.ch\\\/de\\\/produit\\\/nicht-invasiver-niveau-detektor-cld\\\/\",\"url\":\"https:\\\/\\\/sysmatec.ch\\\/de\\\/produit\\\/nicht-invasiver-niveau-detektor-cld\\\/\",\"name\":\"Nicht-invasiver Niveau Detektor (CLD) - Sysmatec\",\"isPartOf\":{\"@id\":\"https:\\\/\\\/sysmatec.ch\\\/de\\\/#website\"},\"primaryImageOfPage\":{\"@id\":\"https:\\\/\\\/sysmatec.ch\\\/de\\\/produit\\\/nicht-invasiver-niveau-detektor-cld\\\/#primaryimage\"},\"image\":{\"@id\":\"https:\\\/\\\/sysmatec.ch\\\/de\\\/produit\\\/nicht-invasiver-niveau-detektor-cld\\\/#primaryimage\"},\"thumbnailUrl\":\"https:\\\/\\\/sysmatec.ch\\\/wp-content\\\/uploads\\\/2021\\\/07\\\/Niveau_AmetekCLD-scaled.jpg\",\"datePublished\":\"2021-07-16T06:36:12+00:00\",\"dateModified\":\"2022-04-07T20:05:02+00:00\",\"description\":\"Eingriffsfreier Ultraschall-F\u00fcllstandsmessung, die durch die Beh\u00e4lterwand m\u00f6glich ist. Die Messung ergibt einen kontinuierlichen und genauen Wert.\",\"breadcrumb\":{\"@id\":\"https:\\\/\\\/sysmatec.ch\\\/de\\\/produit\\\/nicht-invasiver-niveau-detektor-cld\\\/#breadcrumb\"},\"inLanguage\":\"de\",\"potentialAction\":[{\"@type\":\"ReadAction\",\"target\":[\"https:\\\/\\\/sysmatec.ch\\\/de\\\/produit\\\/nicht-invasiver-niveau-detektor-cld\\\/\"]}]},{\"@type\":\"ImageObject\",\"inLanguage\":\"de\",\"@id\":\"https:\\\/\\\/sysmatec.ch\\\/de\\\/produit\\\/nicht-invasiver-niveau-detektor-cld\\\/#primaryimage\",\"url\":\"https:\\\/\\\/sysmatec.ch\\\/wp-content\\\/uploads\\\/2021\\\/07\\\/Niveau_AmetekCLD-scaled.jpg\",\"contentUrl\":\"https:\\\/\\\/sysmatec.ch\\\/wp-content\\\/uploads\\\/2021\\\/07\\\/Niveau_AmetekCLD-scaled.jpg\",\"width\":2560,\"height\":1707},{\"@type\":\"BreadcrumbList\",\"@id\":\"https:\\\/\\\/sysmatec.ch\\\/de\\\/produit\\\/nicht-invasiver-niveau-detektor-cld\\\/#breadcrumb\",\"itemListElement\":[{\"@type\":\"ListItem\",\"position\":1,\"name\":\"Accueil\",\"item\":\"https:\\\/\\\/sysmatec.ch\\\/de\\\/\"},{\"@type\":\"ListItem\",\"position\":2,\"name\":\"Die Aktivit\u00e4t von Sysmatec\",\"item\":\"https:\\\/\\\/sysmatec.ch\\\/de\\\/\"},{\"@type\":\"ListItem\",\"position\":3,\"name\":\"Nicht-invasiver Niveau Detektor (CLD)\"}]},{\"@type\":\"WebSite\",\"@id\":\"https:\\\/\\\/sysmatec.ch\\\/de\\\/#website\",\"url\":\"https:\\\/\\\/sysmatec.ch\\\/de\\\/\",\"name\":\"Sysmatec\",\"description\":\"Equipement de laboratoire et logiciels\",\"publisher\":{\"@id\":\"https:\\\/\\\/sysmatec.ch\\\/de\\\/#organization\"},\"potentialAction\":[{\"@type\":\"SearchAction\",\"target\":{\"@type\":\"EntryPoint\",\"urlTemplate\":\"https:\\\/\\\/sysmatec.ch\\\/de\\\/?s={search_term_string}\"},\"query-input\":{\"@type\":\"PropertyValueSpecification\",\"valueRequired\":true,\"valueName\":\"search_term_string\"}}],\"inLanguage\":\"de\"},{\"@type\":\"Organization\",\"@id\":\"https:\\\/\\\/sysmatec.ch\\\/de\\\/#organization\",\"name\":\"Sysmatec\",\"url\":\"https:\\\/\\\/sysmatec.ch\\\/de\\\/\",\"logo\":{\"@type\":\"ImageObject\",\"inLanguage\":\"de\",\"@id\":\"https:\\\/\\\/sysmatec.ch\\\/de\\\/#\\\/schema\\\/logo\\\/image\\\/\",\"url\":\"https:\\\/\\\/sysmatec.ch\\\/wp-content\\\/uploads\\\/2018\\\/11\\\/LogoSysmatec.jpg\",\"contentUrl\":\"https:\\\/\\\/sysmatec.ch\\\/wp-content\\\/uploads\\\/2018\\\/11\\\/LogoSysmatec.jpg\",\"width\":301,\"height\":297,\"caption\":\"Sysmatec\"},\"image\":{\"@id\":\"https:\\\/\\\/sysmatec.ch\\\/de\\\/#\\\/schema\\\/logo\\\/image\\\/\"}}]}<\/script>\n<!-- \/ Yoast SEO plugin. -->","yoast_head_json":{"title":"Nicht-invasiver Niveau Detektor (CLD) - Sysmatec","description":"Eingriffsfreier Ultraschall-F\u00fcllstandsmessung, die durch die Beh\u00e4lterwand m\u00f6glich ist. Die Messung ergibt einen kontinuierlichen und genauen Wert.","robots":{"index":"index","follow":"follow","max-snippet":"max-snippet:-1","max-image-preview":"max-image-preview:large","max-video-preview":"max-video-preview:-1"},"canonical":"https:\/\/sysmatec.ch\/de\/produit\/nicht-invasiver-niveau-detektor-cld\/","og_locale":"de_DE","og_type":"article","og_title":"Nicht-invasiver Niveau Detektor (CLD) - Sysmatec","og_description":"Eingriffsfreier Ultraschall-F\u00fcllstandsmessung, die durch die Beh\u00e4lterwand m\u00f6glich ist. Die Messung ergibt einen kontinuierlichen und genauen Wert.","og_url":"https:\/\/sysmatec.ch\/de\/produit\/nicht-invasiver-niveau-detektor-cld\/","og_site_name":"Sysmatec","article_modified_time":"2022-04-07T20:05:02+00:00","og_image":[{"width":2560,"height":1707,"url":"https:\/\/sysmatec.ch\/wp-content\/uploads\/2021\/07\/Niveau_AmetekCLD-scaled.jpg","type":"image\/jpeg"}],"twitter_card":"summary_large_image","twitter_misc":{"Gesch\u00e4tzte Lesezeit":"1\u00a0Minute"},"schema":{"@context":"https:\/\/schema.org","@graph":[{"@type":"WebPage","@id":"https:\/\/sysmatec.ch\/de\/produit\/nicht-invasiver-niveau-detektor-cld\/","url":"https:\/\/sysmatec.ch\/de\/produit\/nicht-invasiver-niveau-detektor-cld\/","name":"Nicht-invasiver Niveau Detektor (CLD) - Sysmatec","isPartOf":{"@id":"https:\/\/sysmatec.ch\/de\/#website"},"primaryImageOfPage":{"@id":"https:\/\/sysmatec.ch\/de\/produit\/nicht-invasiver-niveau-detektor-cld\/#primaryimage"},"image":{"@id":"https:\/\/sysmatec.ch\/de\/produit\/nicht-invasiver-niveau-detektor-cld\/#primaryimage"},"thumbnailUrl":"https:\/\/sysmatec.ch\/wp-content\/uploads\/2021\/07\/Niveau_AmetekCLD-scaled.jpg","datePublished":"2021-07-16T06:36:12+00:00","dateModified":"2022-04-07T20:05:02+00:00","description":"Eingriffsfreier Ultraschall-F\u00fcllstandsmessung, die durch die Beh\u00e4lterwand m\u00f6glich ist. Die Messung ergibt einen kontinuierlichen und genauen Wert.","breadcrumb":{"@id":"https:\/\/sysmatec.ch\/de\/produit\/nicht-invasiver-niveau-detektor-cld\/#breadcrumb"},"inLanguage":"de","potentialAction":[{"@type":"ReadAction","target":["https:\/\/sysmatec.ch\/de\/produit\/nicht-invasiver-niveau-detektor-cld\/"]}]},{"@type":"ImageObject","inLanguage":"de","@id":"https:\/\/sysmatec.ch\/de\/produit\/nicht-invasiver-niveau-detektor-cld\/#primaryimage","url":"https:\/\/sysmatec.ch\/wp-content\/uploads\/2021\/07\/Niveau_AmetekCLD-scaled.jpg","contentUrl":"https:\/\/sysmatec.ch\/wp-content\/uploads\/2021\/07\/Niveau_AmetekCLD-scaled.jpg","width":2560,"height":1707},{"@type":"BreadcrumbList","@id":"https:\/\/sysmatec.ch\/de\/produit\/nicht-invasiver-niveau-detektor-cld\/#breadcrumb","itemListElement":[{"@type":"ListItem","position":1,"name":"Accueil","item":"https:\/\/sysmatec.ch\/de\/"},{"@type":"ListItem","position":2,"name":"Die Aktivit\u00e4t von Sysmatec","item":"https:\/\/sysmatec.ch\/de\/"},{"@type":"ListItem","position":3,"name":"Nicht-invasiver Niveau Detektor (CLD)"}]},{"@type":"WebSite","@id":"https:\/\/sysmatec.ch\/de\/#website","url":"https:\/\/sysmatec.ch\/de\/","name":"Sysmatec","description":"Equipement de laboratoire et logiciels","publisher":{"@id":"https:\/\/sysmatec.ch\/de\/#organization"},"potentialAction":[{"@type":"SearchAction","target":{"@type":"EntryPoint","urlTemplate":"https:\/\/sysmatec.ch\/de\/?s={search_term_string}"},"query-input":{"@type":"PropertyValueSpecification","valueRequired":true,"valueName":"search_term_string"}}],"inLanguage":"de"},{"@type":"Organization","@id":"https:\/\/sysmatec.ch\/de\/#organization","name":"Sysmatec","url":"https:\/\/sysmatec.ch\/de\/","logo":{"@type":"ImageObject","inLanguage":"de","@id":"https:\/\/sysmatec.ch\/de\/#\/schema\/logo\/image\/","url":"https:\/\/sysmatec.ch\/wp-content\/uploads\/2018\/11\/LogoSysmatec.jpg","contentUrl":"https:\/\/sysmatec.ch\/wp-content\/uploads\/2018\/11\/LogoSysmatec.jpg","width":301,"height":297,"caption":"Sysmatec"},"image":{"@id":"https:\/\/sysmatec.ch\/de\/#\/schema\/logo\/image\/"}}]}},"_links":{"self":[{"href":"https:\/\/sysmatec.ch\/de\/wp-json\/wp\/v2\/product\/25677","targetHints":{"allow":["GET"]}}],"collection":[{"href":"https:\/\/sysmatec.ch\/de\/wp-json\/wp\/v2\/product"}],"about":[{"href":"https:\/\/sysmatec.ch\/de\/wp-json\/wp\/v2\/types\/product"}],"wp:featuredmedia":[{"embeddable":true,"href":"https:\/\/sysmatec.ch\/de\/wp-json\/wp\/v2\/media\/27124"}],"wp:attachment":[{"href":"https:\/\/sysmatec.ch\/de\/wp-json\/wp\/v2\/media?parent=25677"}],"wp:term":[{"taxonomy":"product_brand","embeddable":true,"href":"https:\/\/sysmatec.ch\/de\/wp-json\/wp\/v2\/product_brand?post=25677"},{"taxonomy":"product_cat","embeddable":true,"href":"https:\/\/sysmatec.ch\/de\/wp-json\/wp\/v2\/product_cat?post=25677"},{"taxonomy":"product_tag","embeddable":true,"href":"https:\/\/sysmatec.ch\/de\/wp-json\/wp\/v2\/product_tag?post=25677"}],"curies":[{"name":"wp","href":"https:\/\/api.w.org\/{rel}","templated":true}]}}