{"id":25667,"date":"2021-07-15T22:00:22","date_gmt":"2021-07-15T20:00:22","guid":{"rendered":"https:\/\/sysmatec.ch\/?post_type=product&#038;p=25667"},"modified":"2021-10-19T21:22:52","modified_gmt":"2021-10-19T19:22:52","slug":"positionierungs-armband-ubitrack-twc1","status":"publish","type":"product","link":"https:\/\/sysmatec.ch\/de\/Produkt\/positionierungs-armband-ubitrack-twc1\/","title":{"rendered":"Positionierungs-Armband UbiTrack-TWC1"},"content":{"rendered":"<p><span class=\"VIiyi\" lang=\"de\"><span class=\"JLqJ4b ChMk0b\" data-language-for-alternatives=\"de\" data-language-to-translate-into=\"fr\" data-phrase-index=\"0\">UbiTrack-TWC1 ist ein Smartwatch-Positionierungs-Tag, der haupts\u00e4chlich f\u00fcr die Positionsbestimmung von Personen wie \u00e4lteren Menschen oder speziellen Gruppen verwendet wird.<\/span> <span class=\"JLqJ4b ChMk0b\" data-language-for-alternatives=\"de\" data-language-to-translate-into=\"fr\" data-phrase-index=\"1\">Es unterst\u00fctzt die Zwei-Wege-Kommunikation mit UWB- und Bluetooth-Mischpositionierung.<\/span> <span class=\"JLqJ4b ChMk0b\" data-language-for-alternatives=\"de\" data-language-to-translate-into=\"fr\" data-phrase-index=\"2\">Die Uhr verf\u00fcgt \u00fcber eine physiologische \u00dcberwachung, einen elektronischen Zaun, einen Alarm, eine Schrittz\u00e4hlung und andere Funktionen.<\/span> <span class=\"JLqJ4b ChMk0b\" data-language-for-alternatives=\"de\" data-language-to-translate-into=\"fr\" data-phrase-index=\"3\">Sein OLED-Display kann Zeit, Herzfrequenz, Benachrichtigungen und andere Informationen anzeigen.<\/span><\/span><\/p>\n<p><span class=\"VIiyi\" lang=\"de\"> <span class=\"JLqJ4b ChMk0b\" data-language-for-alternatives=\"de\" data-language-to-translate-into=\"fr\" data-phrase-index=\"5\">Hauptmerkmale<\/span><\/span><\/p>\n<ul>\n<li><span class=\"VIiyi\" lang=\"de\"><span class=\"JLqJ4b ChMk0b\" data-language-for-alternatives=\"de\" data-language-to-translate-into=\"fr\" data-phrase-index=\"7\">Ber\u00fchrungsempfindlicher Bildschirm<\/span><\/span><\/li>\n<li><span class=\"VIiyi\" lang=\"de\"><span class=\"JLqJ4b ChMk0b\" data-language-for-alternatives=\"de\" data-language-to-translate-into=\"fr\" data-phrase-index=\"9\">Erkennung der Aktivit\u00e4tsintensit\u00e4t<\/span><\/span><\/li>\n<li><span class=\"VIiyi\" lang=\"de\"><span class=\"JLqJ4b ChMk0b\" data-language-for-alternatives=\"de\" data-language-to-translate-into=\"fr\" data-phrase-index=\"11\">Herzfrequenz-Messger\u00e4t<\/span><\/span><\/li>\n<li><span class=\"VIiyi\" lang=\"de\"><span class=\"JLqJ4b ChMk0b\" data-language-for-alternatives=\"de\" data-language-to-translate-into=\"fr\" data-phrase-index=\"13\">SOS-Alarm<\/span><\/span><\/li>\n<\/ul>\n","protected":false},"excerpt":{"rendered":"<p><span class=\"VIiyi\" lang=\"de\"><span class=\"JLqJ4b ChMk0b\" data-language-for-alternatives=\"de\" data-language-to-translate-into=\"fr\" data-phrase-index=\"0\" data-number-of-phrases=\"1\">Positionierungssystem, Positionierungsarmband, T\u00fcr\u00f6ffnung, Sicherheit und SOS<\/span><\/span><\/p>\n","protected":false},"featured_media":25673,"template":"","meta":{"_crdt_document":""},"product_brand":[],"product_cat":[422],"product_tag":[],"class_list":{"0":"post-25667","1":"product","2":"type-product","3":"status-publish","4":"has-post-thumbnail","6":"product_cat-position-de","8":"first","9":"instock","10":"taxable","11":"shipping-taxable","12":"product-type-simple"},"yoast_head":"<!-- This site is optimized with the Yoast SEO plugin v27.3 - https:\/\/yoast.com\/product\/yoast-seo-wordpress\/ -->\n<title>Positionierungs-Armband UbiTrack-TWC1 - Sysmatec<\/title>\n<meta name=\"description\" content=\"System zur Ortung von Personen oder Objekten im Raum, T\u00fcr\u00f6ffnung und SOS mit Ortungsbaken.\" \/>\n<meta name=\"robots\" content=\"index, follow, max-snippet:-1, max-image-preview:large, max-video-preview:-1\" \/>\n<link rel=\"canonical\" href=\"https:\/\/sysmatec.ch\/de\/produit\/positionierungs-armband-ubitrack-twc1\/\" \/>\n<meta property=\"og:locale\" content=\"de_DE\" \/>\n<meta property=\"og:type\" content=\"article\" \/>\n<meta property=\"og:title\" content=\"Positionierungs-Armband UbiTrack-TWC1 - Sysmatec\" \/>\n<meta property=\"og:description\" content=\"System zur Ortung von Personen oder Objekten im Raum, T\u00fcr\u00f6ffnung und SOS mit Ortungsbaken.\" \/>\n<meta property=\"og:url\" content=\"https:\/\/sysmatec.ch\/de\/produit\/positionierungs-armband-ubitrack-twc1\/\" \/>\n<meta property=\"og:site_name\" content=\"Sysmatec\" \/>\n<meta property=\"article:modified_time\" content=\"2021-10-19T19:22:52+00:00\" \/>\n<meta property=\"og:image\" content=\"https:\/\/sysmatec.ch\/wp-content\/uploads\/2021\/07\/Position_UbitrackTWC1.jpg\" \/>\n\t<meta property=\"og:image:width\" content=\"703\" \/>\n\t<meta property=\"og:image:height\" content=\"590\" \/>\n\t<meta property=\"og:image:type\" content=\"image\/jpeg\" \/>\n<meta name=\"twitter:card\" content=\"summary_large_image\" \/>\n<meta name=\"twitter:label1\" content=\"Gesch\u00e4tzte Lesezeit\" \/>\n\t<meta name=\"twitter:data1\" content=\"1\u00a0Minute\" \/>\n<script type=\"application\/ld+json\" class=\"yoast-schema-graph\">{\"@context\":\"https:\\\/\\\/schema.org\",\"@graph\":[{\"@type\":\"WebPage\",\"@id\":\"https:\\\/\\\/sysmatec.ch\\\/de\\\/produit\\\/positionierungs-armband-ubitrack-twc1\\\/\",\"url\":\"https:\\\/\\\/sysmatec.ch\\\/de\\\/produit\\\/positionierungs-armband-ubitrack-twc1\\\/\",\"name\":\"Positionierungs-Armband UbiTrack-TWC1 - Sysmatec\",\"isPartOf\":{\"@id\":\"https:\\\/\\\/sysmatec.ch\\\/de\\\/#website\"},\"primaryImageOfPage\":{\"@id\":\"https:\\\/\\\/sysmatec.ch\\\/de\\\/produit\\\/positionierungs-armband-ubitrack-twc1\\\/#primaryimage\"},\"image\":{\"@id\":\"https:\\\/\\\/sysmatec.ch\\\/de\\\/produit\\\/positionierungs-armband-ubitrack-twc1\\\/#primaryimage\"},\"thumbnailUrl\":\"https:\\\/\\\/sysmatec.ch\\\/wp-content\\\/uploads\\\/2021\\\/07\\\/Position_UbitrackTWC1.jpg\",\"datePublished\":\"2021-07-15T20:00:22+00:00\",\"dateModified\":\"2021-10-19T19:22:52+00:00\",\"description\":\"System zur Ortung von Personen oder Objekten im Raum, T\u00fcr\u00f6ffnung und SOS mit Ortungsbaken.\",\"breadcrumb\":{\"@id\":\"https:\\\/\\\/sysmatec.ch\\\/de\\\/produit\\\/positionierungs-armband-ubitrack-twc1\\\/#breadcrumb\"},\"inLanguage\":\"de\",\"potentialAction\":[{\"@type\":\"ReadAction\",\"target\":[\"https:\\\/\\\/sysmatec.ch\\\/de\\\/produit\\\/positionierungs-armband-ubitrack-twc1\\\/\"]}]},{\"@type\":\"ImageObject\",\"inLanguage\":\"de\",\"@id\":\"https:\\\/\\\/sysmatec.ch\\\/de\\\/produit\\\/positionierungs-armband-ubitrack-twc1\\\/#primaryimage\",\"url\":\"https:\\\/\\\/sysmatec.ch\\\/wp-content\\\/uploads\\\/2021\\\/07\\\/Position_UbitrackTWC1.jpg\",\"contentUrl\":\"https:\\\/\\\/sysmatec.ch\\\/wp-content\\\/uploads\\\/2021\\\/07\\\/Position_UbitrackTWC1.jpg\",\"width\":703,\"height\":590},{\"@type\":\"BreadcrumbList\",\"@id\":\"https:\\\/\\\/sysmatec.ch\\\/de\\\/produit\\\/positionierungs-armband-ubitrack-twc1\\\/#breadcrumb\",\"itemListElement\":[{\"@type\":\"ListItem\",\"position\":1,\"name\":\"Accueil\",\"item\":\"https:\\\/\\\/sysmatec.ch\\\/de\\\/\"},{\"@type\":\"ListItem\",\"position\":2,\"name\":\"Die Aktivit\u00e4t von Sysmatec\",\"item\":\"https:\\\/\\\/sysmatec.ch\\\/de\\\/\"},{\"@type\":\"ListItem\",\"position\":3,\"name\":\"Positionierungs-Armband UbiTrack-TWC1\"}]},{\"@type\":\"WebSite\",\"@id\":\"https:\\\/\\\/sysmatec.ch\\\/de\\\/#website\",\"url\":\"https:\\\/\\\/sysmatec.ch\\\/de\\\/\",\"name\":\"Sysmatec\",\"description\":\"Equipement de laboratoire et logiciels\",\"publisher\":{\"@id\":\"https:\\\/\\\/sysmatec.ch\\\/de\\\/#organization\"},\"potentialAction\":[{\"@type\":\"SearchAction\",\"target\":{\"@type\":\"EntryPoint\",\"urlTemplate\":\"https:\\\/\\\/sysmatec.ch\\\/de\\\/?s={search_term_string}\"},\"query-input\":{\"@type\":\"PropertyValueSpecification\",\"valueRequired\":true,\"valueName\":\"search_term_string\"}}],\"inLanguage\":\"de\"},{\"@type\":\"Organization\",\"@id\":\"https:\\\/\\\/sysmatec.ch\\\/de\\\/#organization\",\"name\":\"Sysmatec\",\"url\":\"https:\\\/\\\/sysmatec.ch\\\/de\\\/\",\"logo\":{\"@type\":\"ImageObject\",\"inLanguage\":\"de\",\"@id\":\"https:\\\/\\\/sysmatec.ch\\\/de\\\/#\\\/schema\\\/logo\\\/image\\\/\",\"url\":\"https:\\\/\\\/sysmatec.ch\\\/wp-content\\\/uploads\\\/2018\\\/11\\\/LogoSysmatec.jpg\",\"contentUrl\":\"https:\\\/\\\/sysmatec.ch\\\/wp-content\\\/uploads\\\/2018\\\/11\\\/LogoSysmatec.jpg\",\"width\":301,\"height\":297,\"caption\":\"Sysmatec\"},\"image\":{\"@id\":\"https:\\\/\\\/sysmatec.ch\\\/de\\\/#\\\/schema\\\/logo\\\/image\\\/\"}}]}<\/script>\n<!-- \/ Yoast SEO plugin. -->","yoast_head_json":{"title":"Positionierungs-Armband UbiTrack-TWC1 - Sysmatec","description":"System zur Ortung von Personen oder Objekten im Raum, T\u00fcr\u00f6ffnung und SOS mit Ortungsbaken.","robots":{"index":"index","follow":"follow","max-snippet":"max-snippet:-1","max-image-preview":"max-image-preview:large","max-video-preview":"max-video-preview:-1"},"canonical":"https:\/\/sysmatec.ch\/de\/produit\/positionierungs-armband-ubitrack-twc1\/","og_locale":"de_DE","og_type":"article","og_title":"Positionierungs-Armband UbiTrack-TWC1 - Sysmatec","og_description":"System zur Ortung von Personen oder Objekten im Raum, T\u00fcr\u00f6ffnung und SOS mit Ortungsbaken.","og_url":"https:\/\/sysmatec.ch\/de\/produit\/positionierungs-armband-ubitrack-twc1\/","og_site_name":"Sysmatec","article_modified_time":"2021-10-19T19:22:52+00:00","og_image":[{"width":703,"height":590,"url":"https:\/\/sysmatec.ch\/wp-content\/uploads\/2021\/07\/Position_UbitrackTWC1.jpg","type":"image\/jpeg"}],"twitter_card":"summary_large_image","twitter_misc":{"Gesch\u00e4tzte Lesezeit":"1\u00a0Minute"},"schema":{"@context":"https:\/\/schema.org","@graph":[{"@type":"WebPage","@id":"https:\/\/sysmatec.ch\/de\/produit\/positionierungs-armband-ubitrack-twc1\/","url":"https:\/\/sysmatec.ch\/de\/produit\/positionierungs-armband-ubitrack-twc1\/","name":"Positionierungs-Armband UbiTrack-TWC1 - Sysmatec","isPartOf":{"@id":"https:\/\/sysmatec.ch\/de\/#website"},"primaryImageOfPage":{"@id":"https:\/\/sysmatec.ch\/de\/produit\/positionierungs-armband-ubitrack-twc1\/#primaryimage"},"image":{"@id":"https:\/\/sysmatec.ch\/de\/produit\/positionierungs-armband-ubitrack-twc1\/#primaryimage"},"thumbnailUrl":"https:\/\/sysmatec.ch\/wp-content\/uploads\/2021\/07\/Position_UbitrackTWC1.jpg","datePublished":"2021-07-15T20:00:22+00:00","dateModified":"2021-10-19T19:22:52+00:00","description":"System zur Ortung von Personen oder Objekten im Raum, T\u00fcr\u00f6ffnung und SOS mit Ortungsbaken.","breadcrumb":{"@id":"https:\/\/sysmatec.ch\/de\/produit\/positionierungs-armband-ubitrack-twc1\/#breadcrumb"},"inLanguage":"de","potentialAction":[{"@type":"ReadAction","target":["https:\/\/sysmatec.ch\/de\/produit\/positionierungs-armband-ubitrack-twc1\/"]}]},{"@type":"ImageObject","inLanguage":"de","@id":"https:\/\/sysmatec.ch\/de\/produit\/positionierungs-armband-ubitrack-twc1\/#primaryimage","url":"https:\/\/sysmatec.ch\/wp-content\/uploads\/2021\/07\/Position_UbitrackTWC1.jpg","contentUrl":"https:\/\/sysmatec.ch\/wp-content\/uploads\/2021\/07\/Position_UbitrackTWC1.jpg","width":703,"height":590},{"@type":"BreadcrumbList","@id":"https:\/\/sysmatec.ch\/de\/produit\/positionierungs-armband-ubitrack-twc1\/#breadcrumb","itemListElement":[{"@type":"ListItem","position":1,"name":"Accueil","item":"https:\/\/sysmatec.ch\/de\/"},{"@type":"ListItem","position":2,"name":"Die Aktivit\u00e4t von Sysmatec","item":"https:\/\/sysmatec.ch\/de\/"},{"@type":"ListItem","position":3,"name":"Positionierungs-Armband UbiTrack-TWC1"}]},{"@type":"WebSite","@id":"https:\/\/sysmatec.ch\/de\/#website","url":"https:\/\/sysmatec.ch\/de\/","name":"Sysmatec","description":"Equipement de laboratoire et logiciels","publisher":{"@id":"https:\/\/sysmatec.ch\/de\/#organization"},"potentialAction":[{"@type":"SearchAction","target":{"@type":"EntryPoint","urlTemplate":"https:\/\/sysmatec.ch\/de\/?s={search_term_string}"},"query-input":{"@type":"PropertyValueSpecification","valueRequired":true,"valueName":"search_term_string"}}],"inLanguage":"de"},{"@type":"Organization","@id":"https:\/\/sysmatec.ch\/de\/#organization","name":"Sysmatec","url":"https:\/\/sysmatec.ch\/de\/","logo":{"@type":"ImageObject","inLanguage":"de","@id":"https:\/\/sysmatec.ch\/de\/#\/schema\/logo\/image\/","url":"https:\/\/sysmatec.ch\/wp-content\/uploads\/2018\/11\/LogoSysmatec.jpg","contentUrl":"https:\/\/sysmatec.ch\/wp-content\/uploads\/2018\/11\/LogoSysmatec.jpg","width":301,"height":297,"caption":"Sysmatec"},"image":{"@id":"https:\/\/sysmatec.ch\/de\/#\/schema\/logo\/image\/"}}]}},"_links":{"self":[{"href":"https:\/\/sysmatec.ch\/de\/wp-json\/wp\/v2\/product\/25667","targetHints":{"allow":["GET"]}}],"collection":[{"href":"https:\/\/sysmatec.ch\/de\/wp-json\/wp\/v2\/product"}],"about":[{"href":"https:\/\/sysmatec.ch\/de\/wp-json\/wp\/v2\/types\/product"}],"wp:featuredmedia":[{"embeddable":true,"href":"https:\/\/sysmatec.ch\/de\/wp-json\/wp\/v2\/media\/25673"}],"wp:attachment":[{"href":"https:\/\/sysmatec.ch\/de\/wp-json\/wp\/v2\/media?parent=25667"}],"wp:term":[{"taxonomy":"product_brand","embeddable":true,"href":"https:\/\/sysmatec.ch\/de\/wp-json\/wp\/v2\/product_brand?post=25667"},{"taxonomy":"product_cat","embeddable":true,"href":"https:\/\/sysmatec.ch\/de\/wp-json\/wp\/v2\/product_cat?post=25667"},{"taxonomy":"product_tag","embeddable":true,"href":"https:\/\/sysmatec.ch\/de\/wp-json\/wp\/v2\/product_tag?post=25667"}],"curies":[{"name":"wp","href":"https:\/\/api.w.org\/{rel}","templated":true}]}}