{"id":25619,"date":"2021-07-15T18:41:41","date_gmt":"2021-07-15T16:41:41","guid":{"rendered":"https:\/\/sysmatec.ch\/?post_type=product&#038;p=25619"},"modified":"2021-10-21T22:10:22","modified_gmt":"2021-10-21T20:10:22","slug":"festigkeits-und-homogenitaetsmessgeraet-novotest-ipsm-u-t-d","status":"publish","type":"product","link":"https:\/\/sysmatec.ch\/de\/Produkt\/festigkeits-und-homogenitaetsmessgeraet-novotest-ipsm-u-t-d\/","title":{"rendered":"Festigkeits- und Homogenit\u00e4tsmessger\u00e4t NOVOTEST IPSM-U + T + D"},"content":{"rendered":"<p><span class=\"VIiyi\" lang=\"de\"><span class=\"JLqJ4b ChMk0b\" data-language-for-alternatives=\"de\" data-language-to-translate-into=\"fr\" data-phrase-index=\"0\">Das Ger\u00e4t erm\u00f6glicht die Kontrolle der Festigkeit und Homogenit\u00e4t von Beton, Ziegeln und anderen Materialien unter der Zusammensetzung und Oberfl\u00e4chenbeschallung in Produkten und Designs f\u00fcr Bauprojekte, Inspektion von Geb\u00e4uden und Bauwerken.<\/span> <span class=\"JLqJ4b ChMk0b\" data-language-for-alternatives=\"de\" data-language-to-translate-into=\"fr\" data-phrase-index=\"1\">Es hat die Funktion, die Tiefe von Rissen durch die Oberfl\u00e4chensondierung zu bestimmen.<\/span><\/span><\/p>\n<p><span class=\"VIiyi\" lang=\"de\"><span class=\"JLqJ4b ChMk0b\" data-language-for-alternatives=\"de\" data-language-to-translate-into=\"fr\" data-phrase-index=\"0\">Es wurde entwickelt f\u00fcr:<\/span><\/span><\/p>\n<ul>\n<li><span class=\"VIiyi\" lang=\"de\"><span class=\"JLqJ4b ChMk0b\" data-language-for-alternatives=\"de\" data-language-to-translate-into=\"fr\" data-phrase-index=\"2\">Erkennung von Hohlr\u00e4umen, Rissen und Fehlern bei der Herstellung und dem Betrieb von Bauwerken (zur Prozesskontrolle und Inspektion von Anlagen)<\/span><\/span><\/li>\n<li><span class=\"VIiyi\" lang=\"de\"><span class=\"JLqJ4b ChMk0b\" data-language-for-alternatives=\"de\" data-language-to-translate-into=\"fr\" data-phrase-index=\"4\">Kontrolle und Gleichm\u00e4\u00dfigkeit der Betonfestigkeit (Richtlinien MDS 62-2.01), Bau- und Verbundwerkstoffe, Bauwerke, Br\u00fccken und Wasserwerke<\/span><\/span><\/li>\n<li><span class=\"VIiyi\" lang=\"de\"><span class=\"JLqJ4b ChMk0b\" data-language-for-alternatives=\"de\" data-language-to-translate-into=\"fr\" data-phrase-index=\"6\">Messen Sie die Tiefe von Rissen in den getesteten Materialien<\/span><\/span><\/li>\n<li><span class=\"VIiyi\" lang=\"de\"><span class=\"JLqJ4b ChMk0b\" data-language-for-alternatives=\"de\" data-language-to-translate-into=\"fr\" data-phrase-index=\"8\">Bestimmen Sie die Dichte und den Elastizit\u00e4tsmodul von Glasfaser und so weiter<\/span><\/span><\/li>\n<li><span class=\"VIiyi\" lang=\"de\"><span class=\"JLqJ4b ChMk0b\" data-language-for-alternatives=\"de\" data-language-to-translate-into=\"fr\" data-phrase-index=\"10\">Definitionen des Schallindex von Baukeramik und Schleifmitteln<\/span><\/span><\/li>\n<li><span class=\"VIiyi\" lang=\"de\"><span class=\"JLqJ4b ChMk0b\" data-language-for-alternatives=\"de\" data-language-to-translate-into=\"fr\" data-phrase-index=\"12\">Absch\u00e4tzungen von Porosit\u00e4t, Bruch und Anisotropie des Materials<\/span><\/span><\/li>\n<li><span class=\"VIiyi\" lang=\"de\"><span class=\"JLqJ4b ChMk0b\" data-language-for-alternatives=\"de\" data-language-to-translate-into=\"fr\" data-phrase-index=\"14\">den Reifegrad des Betons beim monolithischen Betonieren beurteilen<\/span><\/span><\/li>\n<li><span class=\"VIiyi\" lang=\"de\"><span class=\"JLqJ4b ChMk0b\" data-language-for-alternatives=\"de\" data-language-to-translate-into=\"fr\" data-phrase-index=\"16\">das Vorhandensein eines Signals visualisieren (A-Bild)<\/span><\/span><\/li>\n<li><span class=\"VIiyi\" lang=\"de\"><span class=\"JLqJ4b ChMk0b\" data-language-for-alternatives=\"de\" data-language-to-translate-into=\"fr\" data-phrase-index=\"18\">M\u00f6glichkeit der Kontrolle von Beton (und anderen) Konstruktionen auf innere M\u00e4ngel, Diskontinuit\u00e4ten<\/span><\/span><\/li>\n<li><span class=\"VIiyi\" lang=\"de\"> <span class=\"JLqJ4b ChMk0b\" data-language-for-alternatives=\"de\" data-language-to-translate-into=\"fr\" data-phrase-index=\"20\">Verbessern die Genauigkeit der Messung von Zeitintervallen, indem man die manuelle Auswahl des Tageskilometerz\u00e4hlers erm\u00f6glichen<\/span><\/span><\/li>\n<\/ul>\n<p><span class=\"VIiyi\" lang=\"de\"><span class=\"JLqJ4b ChMk0b\" data-language-for-alternatives=\"de\" data-language-to-translate-into=\"fr\" data-phrase-index=\"0\">Spezifikationen<\/span><\/span><\/p>\n<ul>\n<li><span class=\"VIiyi\" lang=\"de\"><span class=\"JLqJ4b ChMk0b\" data-language-for-alternatives=\"de\" data-language-to-translate-into=\"fr\" data-phrase-index=\"2\">Messbereich der Ausbreitung von Ultraschallschwingungen: 10 bis 9999 \u03bcs<\/span><\/span><\/li>\n<li><span class=\"VIiyi\" lang=\"de\"><span class=\"JLqJ4b ChMk0b\" data-language-for-alternatives=\"de\" data-language-to-translate-into=\"fr\" data-phrase-index=\"4\">Messaufl\u00f6sung der Laufzeit der Ultraschallschwingung: 0.1 \u03bcs<\/span><\/span><\/li>\n<li><span class=\"VIiyi\" lang=\"de\"><span class=\"JLqJ4b ChMk0b\" data-language-for-alternatives=\"de\" data-language-to-translate-into=\"fr\" data-phrase-index=\"6\">Arbeitsfrequenz der Ultraschallschwingungen: 50-100 kHz<\/span><\/span><\/li>\n<li><span class=\"VIiyi\" lang=\"de\"><span class=\"JLqJ4b ChMk0b\" data-language-for-alternatives=\"de\" data-language-to-translate-into=\"fr\" data-phrase-index=\"8\">Grundfl\u00e4chensondierungsma\u00dfe: 120 mm<\/span><\/span><\/li>\n<li><span class=\"VIiyi\" lang=\"de\"><span class=\"JLqJ4b ChMk0b\" data-language-for-alternatives=\"de\" data-language-to-translate-into=\"fr\" data-phrase-index=\"10\">Ausgangsspannung: bis 600 V<\/span><\/span><\/li>\n<li><span class=\"VIiyi\" lang=\"de\"><span class=\"JLqJ4b ChMk0b\" data-language-for-alternatives=\"de\" data-language-to-translate-into=\"fr\" data-phrase-index=\"12\">Speicherung der Messergebnisse: 128 (1000 Zellen)<\/span><\/span><\/li>\n<li><span class=\"VIiyi\" lang=\"de\"><span class=\"JLqJ4b ChMk0b\" data-language-for-alternatives=\"de\" data-language-to-translate-into=\"fr\" data-phrase-index=\"14\">Gesamtabmessungen von el.<\/span> <span class=\"JLqJ4b ChMk0b\" data-language-for-alternatives=\"de\" data-language-to-translate-into=\"fr\" data-phrase-index=\"15\">Einheit: 122x65x23 mm<\/span><\/span><\/li>\n<li><span class=\"VIiyi\" lang=\"de\"><span class=\"JLqJ4b ChMk0b\" data-language-for-alternatives=\"de\" data-language-to-translate-into=\"fr\" data-phrase-index=\"17\">Betriebstemperatur, \u00b0C: -20 bis +40 \u00b0C \u00b0<\/span><\/span><\/li>\n<li><span class=\"VIiyi\" lang=\"de\"><span class=\"JLqJ4b ChMk0b\" data-language-for-alternatives=\"de\" data-language-to-translate-into=\"fr\" data-phrase-index=\"19\">Stromversorgung: 2 AA-Batterien<\/span><\/span><\/li>\n<li><span class=\"VIiyi\" lang=\"de\"><span class=\"JLqJ4b ChMk0b\" data-language-for-alternatives=\"de\" data-language-to-translate-into=\"fr\" data-phrase-index=\"21\">Zeit der ununterbrochenen Arbeit: 10 Stunden<\/span><\/span><\/li>\n<li><span class=\"VIiyi\" lang=\"de\"><span class=\"JLqJ4b ChMk0b\" data-language-for-alternatives=\"de\" data-language-to-translate-into=\"fr\" data-phrase-index=\"23\">Standard: ASTM C597-16<\/span><\/span><\/li>\n<\/ul>\n","protected":false},"excerpt":{"rendered":"<p><span class=\"VIiyi\" lang=\"de\"><span class=\"JLqJ4b ChMk0b\" data-language-for-alternatives=\"de\" data-language-to-translate-into=\"fr\" data-phrase-index=\"0\">Ultraschall-Fehlerdetektor, Dickenmessung<\/span><\/span><\/p>\n","protected":false},"featured_media":25631,"template":"","meta":{"_crdt_document":""},"product_brand":[],"product_cat":[312,180],"product_tag":[],"class_list":{"0":"post-25619","1":"product","2":"type-product","3":"status-publish","4":"has-post-thumbnail","6":"product_cat-dicke","7":"product_cat-messung","9":"first","10":"instock","11":"taxable","12":"shipping-taxable","13":"product-type-simple"},"yoast_head":"<!-- This site is optimized with the Yoast SEO plugin v27.3 - https:\/\/yoast.com\/product\/yoast-seo-wordpress\/ -->\n<title>Festigkeits- und Homogenit\u00e4tsmessger\u00e4t NOVOTEST IPSM-U + T + D - Sysmatec<\/title>\n<meta name=\"description\" content=\"Ger\u00e4t zur Messung des Widerstands, der Homogenit\u00e4t von Beton und seiner M\u00e4ngel. Ultraschallmessung.\" \/>\n<meta name=\"robots\" content=\"index, follow, max-snippet:-1, max-image-preview:large, max-video-preview:-1\" \/>\n<link rel=\"canonical\" href=\"https:\/\/sysmatec.ch\/de\/produit\/festigkeits-und-homogenitaetsmessgeraet-novotest-ipsm-u-t-d\/\" \/>\n<meta property=\"og:locale\" content=\"de_DE\" \/>\n<meta property=\"og:type\" content=\"article\" \/>\n<meta property=\"og:title\" content=\"Festigkeits- und Homogenit\u00e4tsmessger\u00e4t NOVOTEST IPSM-U + T + D - Sysmatec\" \/>\n<meta property=\"og:description\" content=\"Ger\u00e4t zur Messung des Widerstands, der Homogenit\u00e4t von Beton und seiner M\u00e4ngel. Ultraschallmessung.\" \/>\n<meta property=\"og:url\" content=\"https:\/\/sysmatec.ch\/de\/produit\/festigkeits-und-homogenitaetsmessgeraet-novotest-ipsm-u-t-d\/\" \/>\n<meta property=\"og:site_name\" content=\"Sysmatec\" \/>\n<meta property=\"article:modified_time\" content=\"2021-10-21T20:10:22+00:00\" \/>\n<meta property=\"og:image\" content=\"https:\/\/sysmatec.ch\/wp-content\/uploads\/2021\/07\/DetecteurBeton_NovotestIPSM.jpg\" \/>\n\t<meta property=\"og:image:width\" content=\"1000\" \/>\n\t<meta property=\"og:image:height\" content=\"1000\" \/>\n\t<meta property=\"og:image:type\" content=\"image\/jpeg\" \/>\n<meta name=\"twitter:card\" content=\"summary_large_image\" \/>\n<meta name=\"twitter:label1\" content=\"Gesch\u00e4tzte Lesezeit\" \/>\n\t<meta name=\"twitter:data1\" content=\"1\u00a0Minute\" \/>\n<script type=\"application\/ld+json\" class=\"yoast-schema-graph\">{\"@context\":\"https:\\\/\\\/schema.org\",\"@graph\":[{\"@type\":\"WebPage\",\"@id\":\"https:\\\/\\\/sysmatec.ch\\\/de\\\/produit\\\/festigkeits-und-homogenitaetsmessgeraet-novotest-ipsm-u-t-d\\\/\",\"url\":\"https:\\\/\\\/sysmatec.ch\\\/de\\\/produit\\\/festigkeits-und-homogenitaetsmessgeraet-novotest-ipsm-u-t-d\\\/\",\"name\":\"Festigkeits- und Homogenit\u00e4tsmessger\u00e4t NOVOTEST IPSM-U + T + D - Sysmatec\",\"isPartOf\":{\"@id\":\"https:\\\/\\\/sysmatec.ch\\\/de\\\/#website\"},\"primaryImageOfPage\":{\"@id\":\"https:\\\/\\\/sysmatec.ch\\\/de\\\/produit\\\/festigkeits-und-homogenitaetsmessgeraet-novotest-ipsm-u-t-d\\\/#primaryimage\"},\"image\":{\"@id\":\"https:\\\/\\\/sysmatec.ch\\\/de\\\/produit\\\/festigkeits-und-homogenitaetsmessgeraet-novotest-ipsm-u-t-d\\\/#primaryimage\"},\"thumbnailUrl\":\"https:\\\/\\\/sysmatec.ch\\\/wp-content\\\/uploads\\\/2021\\\/07\\\/DetecteurBeton_NovotestIPSM.jpg\",\"datePublished\":\"2021-07-15T16:41:41+00:00\",\"dateModified\":\"2021-10-21T20:10:22+00:00\",\"description\":\"Ger\u00e4t zur Messung des Widerstands, der Homogenit\u00e4t von Beton und seiner M\u00e4ngel. Ultraschallmessung.\",\"breadcrumb\":{\"@id\":\"https:\\\/\\\/sysmatec.ch\\\/de\\\/produit\\\/festigkeits-und-homogenitaetsmessgeraet-novotest-ipsm-u-t-d\\\/#breadcrumb\"},\"inLanguage\":\"de\",\"potentialAction\":[{\"@type\":\"ReadAction\",\"target\":[\"https:\\\/\\\/sysmatec.ch\\\/de\\\/produit\\\/festigkeits-und-homogenitaetsmessgeraet-novotest-ipsm-u-t-d\\\/\"]}]},{\"@type\":\"ImageObject\",\"inLanguage\":\"de\",\"@id\":\"https:\\\/\\\/sysmatec.ch\\\/de\\\/produit\\\/festigkeits-und-homogenitaetsmessgeraet-novotest-ipsm-u-t-d\\\/#primaryimage\",\"url\":\"https:\\\/\\\/sysmatec.ch\\\/wp-content\\\/uploads\\\/2021\\\/07\\\/DetecteurBeton_NovotestIPSM.jpg\",\"contentUrl\":\"https:\\\/\\\/sysmatec.ch\\\/wp-content\\\/uploads\\\/2021\\\/07\\\/DetecteurBeton_NovotestIPSM.jpg\",\"width\":1000,\"height\":1000,\"caption\":\"D\u00e9tecteur de l'homog\u00e9n\u00e9it\u00e9 du b\u00e9ton\"},{\"@type\":\"BreadcrumbList\",\"@id\":\"https:\\\/\\\/sysmatec.ch\\\/de\\\/produit\\\/festigkeits-und-homogenitaetsmessgeraet-novotest-ipsm-u-t-d\\\/#breadcrumb\",\"itemListElement\":[{\"@type\":\"ListItem\",\"position\":1,\"name\":\"Accueil\",\"item\":\"https:\\\/\\\/sysmatec.ch\\\/de\\\/\"},{\"@type\":\"ListItem\",\"position\":2,\"name\":\"Die Aktivit\u00e4t von Sysmatec\",\"item\":\"https:\\\/\\\/sysmatec.ch\\\/de\\\/\"},{\"@type\":\"ListItem\",\"position\":3,\"name\":\"Festigkeits- und Homogenit\u00e4tsmessger\u00e4t NOVOTEST IPSM-U + T + D\"}]},{\"@type\":\"WebSite\",\"@id\":\"https:\\\/\\\/sysmatec.ch\\\/de\\\/#website\",\"url\":\"https:\\\/\\\/sysmatec.ch\\\/de\\\/\",\"name\":\"Sysmatec\",\"description\":\"Equipement de laboratoire et logiciels\",\"publisher\":{\"@id\":\"https:\\\/\\\/sysmatec.ch\\\/de\\\/#organization\"},\"potentialAction\":[{\"@type\":\"SearchAction\",\"target\":{\"@type\":\"EntryPoint\",\"urlTemplate\":\"https:\\\/\\\/sysmatec.ch\\\/de\\\/?s={search_term_string}\"},\"query-input\":{\"@type\":\"PropertyValueSpecification\",\"valueRequired\":true,\"valueName\":\"search_term_string\"}}],\"inLanguage\":\"de\"},{\"@type\":\"Organization\",\"@id\":\"https:\\\/\\\/sysmatec.ch\\\/de\\\/#organization\",\"name\":\"Sysmatec\",\"url\":\"https:\\\/\\\/sysmatec.ch\\\/de\\\/\",\"logo\":{\"@type\":\"ImageObject\",\"inLanguage\":\"de\",\"@id\":\"https:\\\/\\\/sysmatec.ch\\\/de\\\/#\\\/schema\\\/logo\\\/image\\\/\",\"url\":\"https:\\\/\\\/sysmatec.ch\\\/wp-content\\\/uploads\\\/2018\\\/11\\\/LogoSysmatec.jpg\",\"contentUrl\":\"https:\\\/\\\/sysmatec.ch\\\/wp-content\\\/uploads\\\/2018\\\/11\\\/LogoSysmatec.jpg\",\"width\":301,\"height\":297,\"caption\":\"Sysmatec\"},\"image\":{\"@id\":\"https:\\\/\\\/sysmatec.ch\\\/de\\\/#\\\/schema\\\/logo\\\/image\\\/\"}}]}<\/script>\n<!-- \/ Yoast SEO plugin. -->","yoast_head_json":{"title":"Festigkeits- und Homogenit\u00e4tsmessger\u00e4t NOVOTEST IPSM-U + T + D - Sysmatec","description":"Ger\u00e4t zur Messung des Widerstands, der Homogenit\u00e4t von Beton und seiner M\u00e4ngel. Ultraschallmessung.","robots":{"index":"index","follow":"follow","max-snippet":"max-snippet:-1","max-image-preview":"max-image-preview:large","max-video-preview":"max-video-preview:-1"},"canonical":"https:\/\/sysmatec.ch\/de\/produit\/festigkeits-und-homogenitaetsmessgeraet-novotest-ipsm-u-t-d\/","og_locale":"de_DE","og_type":"article","og_title":"Festigkeits- und Homogenit\u00e4tsmessger\u00e4t NOVOTEST IPSM-U + T + D - Sysmatec","og_description":"Ger\u00e4t zur Messung des Widerstands, der Homogenit\u00e4t von Beton und seiner M\u00e4ngel. Ultraschallmessung.","og_url":"https:\/\/sysmatec.ch\/de\/produit\/festigkeits-und-homogenitaetsmessgeraet-novotest-ipsm-u-t-d\/","og_site_name":"Sysmatec","article_modified_time":"2021-10-21T20:10:22+00:00","og_image":[{"width":1000,"height":1000,"url":"https:\/\/sysmatec.ch\/wp-content\/uploads\/2021\/07\/DetecteurBeton_NovotestIPSM.jpg","type":"image\/jpeg"}],"twitter_card":"summary_large_image","twitter_misc":{"Gesch\u00e4tzte Lesezeit":"1\u00a0Minute"},"schema":{"@context":"https:\/\/schema.org","@graph":[{"@type":"WebPage","@id":"https:\/\/sysmatec.ch\/de\/produit\/festigkeits-und-homogenitaetsmessgeraet-novotest-ipsm-u-t-d\/","url":"https:\/\/sysmatec.ch\/de\/produit\/festigkeits-und-homogenitaetsmessgeraet-novotest-ipsm-u-t-d\/","name":"Festigkeits- und Homogenit\u00e4tsmessger\u00e4t NOVOTEST IPSM-U + T + D - Sysmatec","isPartOf":{"@id":"https:\/\/sysmatec.ch\/de\/#website"},"primaryImageOfPage":{"@id":"https:\/\/sysmatec.ch\/de\/produit\/festigkeits-und-homogenitaetsmessgeraet-novotest-ipsm-u-t-d\/#primaryimage"},"image":{"@id":"https:\/\/sysmatec.ch\/de\/produit\/festigkeits-und-homogenitaetsmessgeraet-novotest-ipsm-u-t-d\/#primaryimage"},"thumbnailUrl":"https:\/\/sysmatec.ch\/wp-content\/uploads\/2021\/07\/DetecteurBeton_NovotestIPSM.jpg","datePublished":"2021-07-15T16:41:41+00:00","dateModified":"2021-10-21T20:10:22+00:00","description":"Ger\u00e4t zur Messung des Widerstands, der Homogenit\u00e4t von Beton und seiner M\u00e4ngel. Ultraschallmessung.","breadcrumb":{"@id":"https:\/\/sysmatec.ch\/de\/produit\/festigkeits-und-homogenitaetsmessgeraet-novotest-ipsm-u-t-d\/#breadcrumb"},"inLanguage":"de","potentialAction":[{"@type":"ReadAction","target":["https:\/\/sysmatec.ch\/de\/produit\/festigkeits-und-homogenitaetsmessgeraet-novotest-ipsm-u-t-d\/"]}]},{"@type":"ImageObject","inLanguage":"de","@id":"https:\/\/sysmatec.ch\/de\/produit\/festigkeits-und-homogenitaetsmessgeraet-novotest-ipsm-u-t-d\/#primaryimage","url":"https:\/\/sysmatec.ch\/wp-content\/uploads\/2021\/07\/DetecteurBeton_NovotestIPSM.jpg","contentUrl":"https:\/\/sysmatec.ch\/wp-content\/uploads\/2021\/07\/DetecteurBeton_NovotestIPSM.jpg","width":1000,"height":1000,"caption":"D\u00e9tecteur de l'homog\u00e9n\u00e9it\u00e9 du b\u00e9ton"},{"@type":"BreadcrumbList","@id":"https:\/\/sysmatec.ch\/de\/produit\/festigkeits-und-homogenitaetsmessgeraet-novotest-ipsm-u-t-d\/#breadcrumb","itemListElement":[{"@type":"ListItem","position":1,"name":"Accueil","item":"https:\/\/sysmatec.ch\/de\/"},{"@type":"ListItem","position":2,"name":"Die Aktivit\u00e4t von Sysmatec","item":"https:\/\/sysmatec.ch\/de\/"},{"@type":"ListItem","position":3,"name":"Festigkeits- und Homogenit\u00e4tsmessger\u00e4t NOVOTEST IPSM-U + T + D"}]},{"@type":"WebSite","@id":"https:\/\/sysmatec.ch\/de\/#website","url":"https:\/\/sysmatec.ch\/de\/","name":"Sysmatec","description":"Equipement de laboratoire et logiciels","publisher":{"@id":"https:\/\/sysmatec.ch\/de\/#organization"},"potentialAction":[{"@type":"SearchAction","target":{"@type":"EntryPoint","urlTemplate":"https:\/\/sysmatec.ch\/de\/?s={search_term_string}"},"query-input":{"@type":"PropertyValueSpecification","valueRequired":true,"valueName":"search_term_string"}}],"inLanguage":"de"},{"@type":"Organization","@id":"https:\/\/sysmatec.ch\/de\/#organization","name":"Sysmatec","url":"https:\/\/sysmatec.ch\/de\/","logo":{"@type":"ImageObject","inLanguage":"de","@id":"https:\/\/sysmatec.ch\/de\/#\/schema\/logo\/image\/","url":"https:\/\/sysmatec.ch\/wp-content\/uploads\/2018\/11\/LogoSysmatec.jpg","contentUrl":"https:\/\/sysmatec.ch\/wp-content\/uploads\/2018\/11\/LogoSysmatec.jpg","width":301,"height":297,"caption":"Sysmatec"},"image":{"@id":"https:\/\/sysmatec.ch\/de\/#\/schema\/logo\/image\/"}}]}},"_links":{"self":[{"href":"https:\/\/sysmatec.ch\/de\/wp-json\/wp\/v2\/product\/25619","targetHints":{"allow":["GET"]}}],"collection":[{"href":"https:\/\/sysmatec.ch\/de\/wp-json\/wp\/v2\/product"}],"about":[{"href":"https:\/\/sysmatec.ch\/de\/wp-json\/wp\/v2\/types\/product"}],"wp:featuredmedia":[{"embeddable":true,"href":"https:\/\/sysmatec.ch\/de\/wp-json\/wp\/v2\/media\/25631"}],"wp:attachment":[{"href":"https:\/\/sysmatec.ch\/de\/wp-json\/wp\/v2\/media?parent=25619"}],"wp:term":[{"taxonomy":"product_brand","embeddable":true,"href":"https:\/\/sysmatec.ch\/de\/wp-json\/wp\/v2\/product_brand?post=25619"},{"taxonomy":"product_cat","embeddable":true,"href":"https:\/\/sysmatec.ch\/de\/wp-json\/wp\/v2\/product_cat?post=25619"},{"taxonomy":"product_tag","embeddable":true,"href":"https:\/\/sysmatec.ch\/de\/wp-json\/wp\/v2\/product_tag?post=25619"}],"curies":[{"name":"wp","href":"https:\/\/api.w.org\/{rel}","templated":true}]}}