{"id":25592,"date":"2021-07-15T14:54:36","date_gmt":"2021-07-15T12:54:36","guid":{"rendered":"https:\/\/sysmatec.ch\/?post_type=product&#038;p=25592"},"modified":"2021-10-25T21:15:18","modified_gmt":"2021-10-25T19:15:18","slug":"ultraschall-fehlersuchgeraet-novotest-ud2301","status":"publish","type":"product","link":"https:\/\/sysmatec.ch\/de\/Produkt\/ultraschall-fehlersuchgeraet-novotest-ud2301\/","title":{"rendered":"Ultraschall-Fehlersuchger\u00e4t NOVOTEST UD2301"},"content":{"rendered":"<p><span class=\"VIiyi\" lang=\"de\"><span class=\"JLqJ4b ChMk0b\" data-language-for-alternatives=\"de\" data-language-to-translate-into=\"en\" data-phrase-index=\"0\">Der Ultraschall-Fehlerdetektor UD2301 wurde f\u00fcr die zerst\u00f6rungsfreie Pr\u00fcfung von Metallen, Kunststoffen, Glas, Verbundwerkstoffen, Schwei\u00dfnahtpr\u00fcfung und Dickenmessung der verschiedenen Produkte und Strukturen entwickelt.<\/span><\/span><\/p>\n<p><span class=\"VIiyi\" lang=\"de\"><span class=\"JLqJ4b ChMk0b\" data-language-for-alternatives=\"de\" data-language-to-translate-into=\"en\" data-phrase-index=\"2\">Der Ultraschall-Fehlermelder ist in einem kleinen Geh\u00e4use mit der optimalen Gr\u00f6\u00dfe f\u00fcr die Durchf\u00fchrung von Kontrollen in engen R\u00e4umen hergestellt.<\/span> <span class=\"JLqJ4b ChMk0b\" data-language-for-alternatives=\"de\" data-language-to-translate-into=\"en\" data-phrase-index=\"3\">Das Ger\u00e4t ist mit einem klaren Farbdisplay mit einer hohen Aufl\u00f6sung von 320 * 480 Pixeln ausgestattet, was die Benutzerfreundlichkeit des Ger\u00e4ts erheblich verbessert.<\/span><\/span><\/p>\n<h2><span class=\"VIiyi\" lang=\"de\"><span class=\"JLqJ4b ChMk0b\" data-language-for-alternatives=\"de\" data-language-to-translate-into=\"en\" data-phrase-index=\"0\">Funktion des Fehlerdetektors<\/span> <\/span><\/h2>\n<ul>\n<li><span class=\"VIiyi\" lang=\"de\"><span class=\"JLqJ4b ChMk0b\" data-language-for-alternatives=\"de\" data-language-to-translate-into=\"en\" data-phrase-index=\"2\">Kontrolle der Schwei\u00dfn\u00e4hte und des Grundmetalls;<\/span> <span class=\"JLqJ4b ChMk0b\" data-language-for-alternatives=\"de\" data-language-to-translate-into=\"en\" data-phrase-index=\"4\">&#8211; Korrosionsstellen, Risse, Delaminationen und andere innere M\u00e4ngel<\/span><\/span><\/li>\n<li><span class=\"VIiyi\" lang=\"de\"><span class=\"JLqJ4b ChMk0b\" data-language-for-alternatives=\"de\" data-language-to-translate-into=\"en\" data-phrase-index=\"6\">Bestimmung der Koordinaten und Parametersch\u00e4tzung von Fehlern wie Unstetigkeit und<\/span> <span class=\"JLqJ4b ChMk0b\" data-language-for-alternatives=\"de\" data-language-to-translate-into=\"en\" data-phrase-index=\"8\">Gleichm\u00e4\u00dfigkeit des Materials bei Produkten aus Metallen, Kunststoffen, Verbundstoffen und anderen Materialien<\/span><\/span><\/li>\n<li><span class=\"VIiyi\" lang=\"de\"><span class=\"JLqJ4b ChMk0b\" data-language-for-alternatives=\"de\" data-language-to-translate-into=\"en\" data-phrase-index=\"10\">Messung der Dicke des Produkts<\/span><\/span><\/li>\n<\/ul>\n<p><span class=\"VIiyi\" lang=\"de\"><span class=\"JLqJ4b ChMk0b\" data-language-for-alternatives=\"de\" data-language-to-translate-into=\"en\" data-phrase-index=\"12\">Der Fehlerdetektor erm\u00f6glicht die L\u00f6sung einer Vielzahl von Aufgaben &#8211; von der Dickenmessung von d\u00fcnnen<\/span> <span class=\"JLqJ4b ChMk0b\" data-language-for-alternatives=\"de\" data-language-to-translate-into=\"en\" data-phrase-index=\"14\">Produkte bis hin zur gro\u00dfformatigen Gussfehlererkennung.<\/span><\/span><\/p>\n<ul>\n<li><span class=\"VIiyi\" lang=\"de\"><span class=\"JLqJ4b\" data-language-for-alternatives=\"de\" data-language-to-translate-into=\"en\" data-phrase-index=\"0\">Betriebsfrequenzbereich: von 1 bis 10.0 MHz<\/span><\/span><\/li>\n<li><span class=\"VIiyi\" lang=\"de\"><span class=\"JLqJ4b\" data-language-for-alternatives=\"de\" data-language-to-translate-into=\"en\" data-phrase-index=\"0\">Der Bereich der gemessenen Zeitintervalle (Dauer des Abtastens): von 6 bis 1000 \u03bcs Geschwindigkeitsbereich: 1000 &#8211; 9999 m\/s<\/span><\/span><\/li>\n<li><span class=\"VIiyi\" lang=\"de\"><span class=\"JLqJ4b\" data-language-for-alternatives=\"de\" data-language-to-translate-into=\"en\" data-phrase-index=\"0\">Der Messfehler der Zeitintervalle: \u00b1 0,025 \u03bcs . nicht \u00fcberschreiten<\/span><\/span><\/li>\n<li><span class=\"VIiyi\" lang=\"de\"><span class=\"JLqJ4b\" data-language-for-alternatives=\"de\" data-language-to-translate-into=\"en\" data-phrase-index=\"0\">Maximal zul\u00e4ssiger Messfehler der Amplituden der Signale am Empf\u00e4ngereingang im Bereich von 0 bis 110 dB: \u00b1 0.5 dB nicht \u00fcberschreiten;<\/span><\/span><\/li>\n<li><span class=\"VIiyi\" lang=\"de\"><span class=\"JLqJ4b\" data-language-for-alternatives=\"de\" data-language-to-translate-into=\"en\" data-phrase-index=\"0\">Testverst\u00e4rkungsbereich: 125 dB<\/span><\/span><\/li>\n<li><span class=\"VIiyi\" lang=\"de\"><span class=\"JLqJ4b\" data-language-for-alternatives=\"de\" data-language-to-translate-into=\"en\" data-phrase-index=\"0\">Mittelwertbildung \u00fcber die Anzahl der Starts: von 1 bis 16<\/span><\/span><\/li>\n<li><span class=\"VIiyi\" lang=\"de\"><span class=\"JLqJ4b\" data-language-for-alternatives=\"de\" data-language-to-translate-into=\"en\" data-phrase-index=\"0\">Der Variationsbereich der zeitlichen Empfindlichkeitseinstellung (TVG): 40 dB Anzahl Kontrollpunkte TVG: 15<\/span><\/span><\/li>\n<li><span class=\"VIiyi\" lang=\"de\"><span class=\"JLqJ4b\" data-language-for-alternatives=\"de\" data-language-to-translate-into=\"en\" data-phrase-index=\"0\">Die Dauer des Anregungsimpulses zur Last: von 0.0 bis 0.5 \u03bcs<\/span><\/span><\/li>\n<li><span class=\"VIiyi\" lang=\"de\"><span class=\"JLqJ4b\" data-language-for-alternatives=\"de\" data-language-to-translate-into=\"en\" data-phrase-index=\"0\">Die Amplitude des Anregungsimpulses an der 50-Ohm-Last, nicht weniger: 100, 200, 300<\/span><\/span><\/li>\n<li><span class=\"VIiyi\" lang=\"de\"><span class=\"JLqJ4b\" data-language-for-alternatives=\"de\" data-language-to-translate-into=\"en\" data-phrase-index=\"0\">Betriebsfrequenzbereich des Empf\u00e4ngers auf der Ebene -3 dB: von 1 bis 10 MHz<\/span><\/span><\/li>\n<li><span class=\"VIiyi\" lang=\"de\"><span class=\"JLqJ4b\" data-language-for-alternatives=\"de\" data-language-to-translate-into=\"en\" data-phrase-index=\"0\">Abweichung der Amplituden von Eingangssignalen im Bereich von 10 bis 100 % der Bildschirmh\u00f6he nicht mehr als 1 dB<\/span><\/span><\/li>\n<li><span class=\"VIiyi\" lang=\"de\"><span class=\"JLqJ4b\" data-language-for-alternatives=\"de\" data-language-to-translate-into=\"en\" data-phrase-index=\"0\">Scannen: von 1 bis 1000 \u03bcs<\/span><\/span><\/li>\n<li><span class=\"VIiyi\" lang=\"de\"><span class=\"JLqJ4b\" data-language-for-alternatives=\"de\" data-language-to-translate-into=\"en\" data-phrase-index=\"0\">Abtastverz\u00f6gerung: von 0 bis 2000 \u03bcs<\/span><\/span><\/li>\n<li><span class=\"VIiyi\" lang=\"de\"><span class=\"JLqJ4b\" data-language-for-alternatives=\"de\" data-language-to-translate-into=\"en\" data-phrase-index=\"0\">Messbereich der Zeitintervalle: von 0 bis 1000 \u03bcs<\/span><\/span><\/li>\n<li><span class=\"VIiyi\" lang=\"de\"><span class=\"JLqJ4b\" data-language-for-alternatives=\"de\" data-language-to-translate-into=\"en\" data-phrase-index=\"0\">Einstellen einer Verz\u00f6gerung im Prisma der Sonde: von 0 bis 15 \u03bcs<\/span><\/span><\/li>\n<li><span class=\"VIiyi\" lang=\"de\"><span class=\"JLqJ4b\" data-language-for-alternatives=\"de\" data-language-to-translate-into=\"en\" data-phrase-index=\"0\">Automatische Fehlersignalisierung (AFS): Dual-Gate<\/span><\/span><\/li>\n<li><span class=\"VIiyi\" lang=\"de\"><span class=\"JLqJ4b\" data-language-for-alternatives=\"de\" data-language-to-translate-into=\"en\" data-phrase-index=\"0\">Einstellbereich der AFS-Gates: von 0 bis 2000 \u03bcs<\/span><\/span><\/li>\n<li><span class=\"VIiyi\" lang=\"de\"><span class=\"JLqJ4b\" data-language-for-alternatives=\"de\" data-language-to-translate-into=\"en\" data-phrase-index=\"0\">Einstellen der Schwellen von AFS-Gates: von 0 bis 100 % der<\/span><\/span><\/li>\n<li><span class=\"VIiyi\" lang=\"de\"><span class=\"JLqJ4b\" data-language-for-alternatives=\"de\" data-language-to-translate-into=\"en\" data-phrase-index=\"0\">Displayh\u00f6he Erkennung von Signalen: positive Halbwelle, Funkmodus<\/span><\/span><\/li>\n<li><span class=\"VIiyi\" lang=\"de\"><span class=\"JLqJ4b\" data-language-for-alternatives=\"de\" data-language-to-translate-into=\"en\" data-phrase-index=\"0\">Abmessungen (BxHxT): 80\u0445162\u044538 mm<\/span><\/span><\/li>\n<li><span class=\"VIiyi\" lang=\"de\"><span class=\"JLqJ4b\" data-language-for-alternatives=\"de\" data-language-to-translate-into=\"en\" data-phrase-index=\"0\">Gewicht, nicht mehr: 250 g (ohne Batterien)<\/span><\/span><\/li>\n<li><span class=\"VIiyi\" lang=\"de\"><span class=\"JLqJ4b\" data-language-for-alternatives=\"de\" data-language-to-translate-into=\"en\" data-phrase-index=\"0\">Mittlere Zeit zwischen Ausf\u00e4llen: nicht weniger als &#8211; 3000 Stunden<\/span><\/span><\/li>\n<\/ul>\n<p><span class=\"VIiyi\" lang=\"de\"><span class=\"JLqJ4b ChMk0b\" data-language-for-alternatives=\"de\" data-language-to-translate-into=\"en\" data-phrase-index=\"0\">Standard-Ger\u00e4tesatz:<\/span> <\/span><\/p>\n<ul>\n<li><span class=\"VIiyi\" lang=\"de\"><span class=\"JLqJ4b ChMk0b\" data-language-for-alternatives=\"de\" data-language-to-translate-into=\"en\" data-phrase-index=\"2\">Elektronikeinheit des Ultraschallfehlers NOVOTEST UD2301<\/span> <\/span><\/li>\n<li><span class=\"VIiyi\" lang=\"de\"><span class=\"JLqJ4b ChMk0b\" data-language-for-alternatives=\"de\" data-language-to-translate-into=\"en\" data-phrase-index=\"4\">Sonden 2 St\u00fcck<\/span> <\/span><\/li>\n<li><span class=\"VIiyi\" lang=\"de\"><span class=\"JLqJ4b ChMk0b\" data-language-for-alternatives=\"de\" data-language-to-translate-into=\"en\" data-phrase-index=\"6\">Kabel Lemo-Lemo 1 St\u00fcck<\/span> <span class=\"JLqJ4b ChMk0b\" data-language-for-alternatives=\"de\" data-language-to-translate-into=\"en\" data-phrase-index=\"8\">&#8211; AA-Batterien <\/span><\/span><\/li>\n<li><span class=\"VIiyi\" lang=\"de\"><span class=\"JLqJ4b ChMk0b\" data-language-for-alternatives=\"de\" data-language-to-translate-into=\"en\" data-phrase-index=\"8\">3 St\u00fcck, Ladeger\u00e4t<\/span> <\/span><\/li>\n<li><span class=\"VIiyi\" lang=\"de\"><span class=\"JLqJ4b ChMk0b\" data-language-for-alternatives=\"de\" data-language-to-translate-into=\"en\" data-phrase-index=\"10\">USB-Kabel f\u00fcr PC-Verbindung<\/span> <\/span><\/li>\n<li><span class=\"VIiyi\" lang=\"de\"><span class=\"JLqJ4b ChMk0b\" data-language-for-alternatives=\"de\" data-language-to-translate-into=\"en\" data-phrase-index=\"12\">Gebrauchsanweisung<\/span> <\/span><\/li>\n<li><span class=\"VIiyi\" lang=\"de\"><span class=\"JLqJ4b ChMk0b\" data-language-for-alternatives=\"de\" data-language-to-translate-into=\"en\" data-phrase-index=\"14\">Koffer<\/span><\/span><\/li>\n<\/ul>\n","protected":false},"excerpt":{"rendered":"<p><span class=\"VIiyi\" lang=\"de\"><span class=\"JLqJ4b ChMk0b\" data-language-for-alternatives=\"de\" data-language-to-translate-into=\"fr\" data-phrase-index=\"0\" data-number-of-phrases=\"1\">Ultraschall-Fehlerdetektor, Materialdickenmessung.<\/span><\/span><\/p>\n","protected":false},"featured_media":25604,"template":"","meta":{"_crdt_document":""},"product_brand":[],"product_cat":[312,180],"product_tag":[],"class_list":{"0":"post-25592","1":"product","2":"type-product","3":"status-publish","4":"has-post-thumbnail","6":"product_cat-dicke","7":"product_cat-messung","9":"first","10":"instock","11":"taxable","12":"shipping-taxable","13":"product-type-simple"},"yoast_head":"<!-- This site is optimized with the Yoast SEO plugin v27.3 - https:\/\/yoast.com\/product\/yoast-seo-wordpress\/ -->\n<title>Ultraschall-Fehlersuchger\u00e4t NOVOTEST UD2301 - Sysmatec<\/title>\n<meta name=\"description\" content=\"Ultraschall-Fehlerdetektor in Materialien wie Beton, Metall, Kunststoff. Messung der Materialdicke.\" \/>\n<meta name=\"robots\" content=\"index, follow, max-snippet:-1, max-image-preview:large, max-video-preview:-1\" \/>\n<link rel=\"canonical\" href=\"https:\/\/sysmatec.ch\/de\/produit\/ultraschall-fehlersuchgeraet-novotest-ud2301\/\" \/>\n<meta property=\"og:locale\" content=\"de_DE\" \/>\n<meta property=\"og:type\" content=\"article\" \/>\n<meta property=\"og:title\" content=\"Ultraschall-Fehlersuchger\u00e4t NOVOTEST UD2301 - Sysmatec\" \/>\n<meta property=\"og:description\" content=\"Ultraschall-Fehlerdetektor in Materialien wie Beton, Metall, Kunststoff. Messung der Materialdicke.\" \/>\n<meta property=\"og:url\" content=\"https:\/\/sysmatec.ch\/de\/produit\/ultraschall-fehlersuchgeraet-novotest-ud2301\/\" \/>\n<meta property=\"og:site_name\" content=\"Sysmatec\" \/>\n<meta property=\"article:modified_time\" content=\"2021-10-25T19:15:18+00:00\" \/>\n<meta property=\"og:image\" content=\"https:\/\/sysmatec.ch\/wp-content\/uploads\/2021\/07\/DetecteurDefaut_UD2301.jpg\" \/>\n\t<meta property=\"og:image:width\" content=\"1000\" \/>\n\t<meta property=\"og:image:height\" content=\"1000\" \/>\n\t<meta property=\"og:image:type\" content=\"image\/jpeg\" \/>\n<meta name=\"twitter:card\" content=\"summary_large_image\" \/>\n<meta name=\"twitter:label1\" content=\"Gesch\u00e4tzte Lesezeit\" \/>\n\t<meta name=\"twitter:data1\" content=\"2\u00a0Minuten\" \/>\n<script type=\"application\/ld+json\" class=\"yoast-schema-graph\">{\"@context\":\"https:\\\/\\\/schema.org\",\"@graph\":[{\"@type\":\"WebPage\",\"@id\":\"https:\\\/\\\/sysmatec.ch\\\/de\\\/produit\\\/ultraschall-fehlersuchgeraet-novotest-ud2301\\\/\",\"url\":\"https:\\\/\\\/sysmatec.ch\\\/de\\\/produit\\\/ultraschall-fehlersuchgeraet-novotest-ud2301\\\/\",\"name\":\"Ultraschall-Fehlersuchger\u00e4t NOVOTEST UD2301 - Sysmatec\",\"isPartOf\":{\"@id\":\"https:\\\/\\\/sysmatec.ch\\\/de\\\/#website\"},\"primaryImageOfPage\":{\"@id\":\"https:\\\/\\\/sysmatec.ch\\\/de\\\/produit\\\/ultraschall-fehlersuchgeraet-novotest-ud2301\\\/#primaryimage\"},\"image\":{\"@id\":\"https:\\\/\\\/sysmatec.ch\\\/de\\\/produit\\\/ultraschall-fehlersuchgeraet-novotest-ud2301\\\/#primaryimage\"},\"thumbnailUrl\":\"https:\\\/\\\/sysmatec.ch\\\/wp-content\\\/uploads\\\/2021\\\/07\\\/DetecteurDefaut_UD2301.jpg\",\"datePublished\":\"2021-07-15T12:54:36+00:00\",\"dateModified\":\"2021-10-25T19:15:18+00:00\",\"description\":\"Ultraschall-Fehlerdetektor in Materialien wie Beton, Metall, Kunststoff. Messung der Materialdicke.\",\"breadcrumb\":{\"@id\":\"https:\\\/\\\/sysmatec.ch\\\/de\\\/produit\\\/ultraschall-fehlersuchgeraet-novotest-ud2301\\\/#breadcrumb\"},\"inLanguage\":\"de\",\"potentialAction\":[{\"@type\":\"ReadAction\",\"target\":[\"https:\\\/\\\/sysmatec.ch\\\/de\\\/produit\\\/ultraschall-fehlersuchgeraet-novotest-ud2301\\\/\"]}]},{\"@type\":\"ImageObject\",\"inLanguage\":\"de\",\"@id\":\"https:\\\/\\\/sysmatec.ch\\\/de\\\/produit\\\/ultraschall-fehlersuchgeraet-novotest-ud2301\\\/#primaryimage\",\"url\":\"https:\\\/\\\/sysmatec.ch\\\/wp-content\\\/uploads\\\/2021\\\/07\\\/DetecteurDefaut_UD2301.jpg\",\"contentUrl\":\"https:\\\/\\\/sysmatec.ch\\\/wp-content\\\/uploads\\\/2021\\\/07\\\/DetecteurDefaut_UD2301.jpg\",\"width\":1000,\"height\":1000},{\"@type\":\"BreadcrumbList\",\"@id\":\"https:\\\/\\\/sysmatec.ch\\\/de\\\/produit\\\/ultraschall-fehlersuchgeraet-novotest-ud2301\\\/#breadcrumb\",\"itemListElement\":[{\"@type\":\"ListItem\",\"position\":1,\"name\":\"Accueil\",\"item\":\"https:\\\/\\\/sysmatec.ch\\\/de\\\/\"},{\"@type\":\"ListItem\",\"position\":2,\"name\":\"Die Aktivit\u00e4t von Sysmatec\",\"item\":\"https:\\\/\\\/sysmatec.ch\\\/de\\\/\"},{\"@type\":\"ListItem\",\"position\":3,\"name\":\"Ultraschall-Fehlersuchger\u00e4t NOVOTEST UD2301\"}]},{\"@type\":\"WebSite\",\"@id\":\"https:\\\/\\\/sysmatec.ch\\\/de\\\/#website\",\"url\":\"https:\\\/\\\/sysmatec.ch\\\/de\\\/\",\"name\":\"Sysmatec\",\"description\":\"Equipement de laboratoire et logiciels\",\"publisher\":{\"@id\":\"https:\\\/\\\/sysmatec.ch\\\/de\\\/#organization\"},\"potentialAction\":[{\"@type\":\"SearchAction\",\"target\":{\"@type\":\"EntryPoint\",\"urlTemplate\":\"https:\\\/\\\/sysmatec.ch\\\/de\\\/?s={search_term_string}\"},\"query-input\":{\"@type\":\"PropertyValueSpecification\",\"valueRequired\":true,\"valueName\":\"search_term_string\"}}],\"inLanguage\":\"de\"},{\"@type\":\"Organization\",\"@id\":\"https:\\\/\\\/sysmatec.ch\\\/de\\\/#organization\",\"name\":\"Sysmatec\",\"url\":\"https:\\\/\\\/sysmatec.ch\\\/de\\\/\",\"logo\":{\"@type\":\"ImageObject\",\"inLanguage\":\"de\",\"@id\":\"https:\\\/\\\/sysmatec.ch\\\/de\\\/#\\\/schema\\\/logo\\\/image\\\/\",\"url\":\"https:\\\/\\\/sysmatec.ch\\\/wp-content\\\/uploads\\\/2018\\\/11\\\/LogoSysmatec.jpg\",\"contentUrl\":\"https:\\\/\\\/sysmatec.ch\\\/wp-content\\\/uploads\\\/2018\\\/11\\\/LogoSysmatec.jpg\",\"width\":301,\"height\":297,\"caption\":\"Sysmatec\"},\"image\":{\"@id\":\"https:\\\/\\\/sysmatec.ch\\\/de\\\/#\\\/schema\\\/logo\\\/image\\\/\"}}]}<\/script>\n<!-- \/ Yoast SEO plugin. -->","yoast_head_json":{"title":"Ultraschall-Fehlersuchger\u00e4t NOVOTEST UD2301 - Sysmatec","description":"Ultraschall-Fehlerdetektor in Materialien wie Beton, Metall, Kunststoff. Messung der Materialdicke.","robots":{"index":"index","follow":"follow","max-snippet":"max-snippet:-1","max-image-preview":"max-image-preview:large","max-video-preview":"max-video-preview:-1"},"canonical":"https:\/\/sysmatec.ch\/de\/produit\/ultraschall-fehlersuchgeraet-novotest-ud2301\/","og_locale":"de_DE","og_type":"article","og_title":"Ultraschall-Fehlersuchger\u00e4t NOVOTEST UD2301 - Sysmatec","og_description":"Ultraschall-Fehlerdetektor in Materialien wie Beton, Metall, Kunststoff. Messung der Materialdicke.","og_url":"https:\/\/sysmatec.ch\/de\/produit\/ultraschall-fehlersuchgeraet-novotest-ud2301\/","og_site_name":"Sysmatec","article_modified_time":"2021-10-25T19:15:18+00:00","og_image":[{"width":1000,"height":1000,"url":"https:\/\/sysmatec.ch\/wp-content\/uploads\/2021\/07\/DetecteurDefaut_UD2301.jpg","type":"image\/jpeg"}],"twitter_card":"summary_large_image","twitter_misc":{"Gesch\u00e4tzte Lesezeit":"2\u00a0Minuten"},"schema":{"@context":"https:\/\/schema.org","@graph":[{"@type":"WebPage","@id":"https:\/\/sysmatec.ch\/de\/produit\/ultraschall-fehlersuchgeraet-novotest-ud2301\/","url":"https:\/\/sysmatec.ch\/de\/produit\/ultraschall-fehlersuchgeraet-novotest-ud2301\/","name":"Ultraschall-Fehlersuchger\u00e4t NOVOTEST UD2301 - Sysmatec","isPartOf":{"@id":"https:\/\/sysmatec.ch\/de\/#website"},"primaryImageOfPage":{"@id":"https:\/\/sysmatec.ch\/de\/produit\/ultraschall-fehlersuchgeraet-novotest-ud2301\/#primaryimage"},"image":{"@id":"https:\/\/sysmatec.ch\/de\/produit\/ultraschall-fehlersuchgeraet-novotest-ud2301\/#primaryimage"},"thumbnailUrl":"https:\/\/sysmatec.ch\/wp-content\/uploads\/2021\/07\/DetecteurDefaut_UD2301.jpg","datePublished":"2021-07-15T12:54:36+00:00","dateModified":"2021-10-25T19:15:18+00:00","description":"Ultraschall-Fehlerdetektor in Materialien wie Beton, Metall, Kunststoff. Messung der Materialdicke.","breadcrumb":{"@id":"https:\/\/sysmatec.ch\/de\/produit\/ultraschall-fehlersuchgeraet-novotest-ud2301\/#breadcrumb"},"inLanguage":"de","potentialAction":[{"@type":"ReadAction","target":["https:\/\/sysmatec.ch\/de\/produit\/ultraschall-fehlersuchgeraet-novotest-ud2301\/"]}]},{"@type":"ImageObject","inLanguage":"de","@id":"https:\/\/sysmatec.ch\/de\/produit\/ultraschall-fehlersuchgeraet-novotest-ud2301\/#primaryimage","url":"https:\/\/sysmatec.ch\/wp-content\/uploads\/2021\/07\/DetecteurDefaut_UD2301.jpg","contentUrl":"https:\/\/sysmatec.ch\/wp-content\/uploads\/2021\/07\/DetecteurDefaut_UD2301.jpg","width":1000,"height":1000},{"@type":"BreadcrumbList","@id":"https:\/\/sysmatec.ch\/de\/produit\/ultraschall-fehlersuchgeraet-novotest-ud2301\/#breadcrumb","itemListElement":[{"@type":"ListItem","position":1,"name":"Accueil","item":"https:\/\/sysmatec.ch\/de\/"},{"@type":"ListItem","position":2,"name":"Die Aktivit\u00e4t von Sysmatec","item":"https:\/\/sysmatec.ch\/de\/"},{"@type":"ListItem","position":3,"name":"Ultraschall-Fehlersuchger\u00e4t NOVOTEST UD2301"}]},{"@type":"WebSite","@id":"https:\/\/sysmatec.ch\/de\/#website","url":"https:\/\/sysmatec.ch\/de\/","name":"Sysmatec","description":"Equipement de laboratoire et logiciels","publisher":{"@id":"https:\/\/sysmatec.ch\/de\/#organization"},"potentialAction":[{"@type":"SearchAction","target":{"@type":"EntryPoint","urlTemplate":"https:\/\/sysmatec.ch\/de\/?s={search_term_string}"},"query-input":{"@type":"PropertyValueSpecification","valueRequired":true,"valueName":"search_term_string"}}],"inLanguage":"de"},{"@type":"Organization","@id":"https:\/\/sysmatec.ch\/de\/#organization","name":"Sysmatec","url":"https:\/\/sysmatec.ch\/de\/","logo":{"@type":"ImageObject","inLanguage":"de","@id":"https:\/\/sysmatec.ch\/de\/#\/schema\/logo\/image\/","url":"https:\/\/sysmatec.ch\/wp-content\/uploads\/2018\/11\/LogoSysmatec.jpg","contentUrl":"https:\/\/sysmatec.ch\/wp-content\/uploads\/2018\/11\/LogoSysmatec.jpg","width":301,"height":297,"caption":"Sysmatec"},"image":{"@id":"https:\/\/sysmatec.ch\/de\/#\/schema\/logo\/image\/"}}]}},"_links":{"self":[{"href":"https:\/\/sysmatec.ch\/de\/wp-json\/wp\/v2\/product\/25592","targetHints":{"allow":["GET"]}}],"collection":[{"href":"https:\/\/sysmatec.ch\/de\/wp-json\/wp\/v2\/product"}],"about":[{"href":"https:\/\/sysmatec.ch\/de\/wp-json\/wp\/v2\/types\/product"}],"wp:featuredmedia":[{"embeddable":true,"href":"https:\/\/sysmatec.ch\/de\/wp-json\/wp\/v2\/media\/25604"}],"wp:attachment":[{"href":"https:\/\/sysmatec.ch\/de\/wp-json\/wp\/v2\/media?parent=25592"}],"wp:term":[{"taxonomy":"product_brand","embeddable":true,"href":"https:\/\/sysmatec.ch\/de\/wp-json\/wp\/v2\/product_brand?post=25592"},{"taxonomy":"product_cat","embeddable":true,"href":"https:\/\/sysmatec.ch\/de\/wp-json\/wp\/v2\/product_cat?post=25592"},{"taxonomy":"product_tag","embeddable":true,"href":"https:\/\/sysmatec.ch\/de\/wp-json\/wp\/v2\/product_tag?post=25592"}],"curies":[{"name":"wp","href":"https:\/\/api.w.org\/{rel}","templated":true}]}}