{"id":25566,"date":"2021-07-15T14:15:20","date_gmt":"2021-07-15T12:15:20","guid":{"rendered":"https:\/\/sysmatec.ch\/?post_type=product&#038;p=25566"},"modified":"2021-11-04T22:09:19","modified_gmt":"2021-11-04T21:09:19","slug":"kombiniertes-haertepruefgeraet-novotest-t-ud3","status":"publish","type":"product","link":"https:\/\/sysmatec.ch\/de\/Produkt\/kombiniertes-haertepruefgeraet-novotest-t-ud3\/","title":{"rendered":"Kombiniertes H\u00e4rtepr\u00fcfger\u00e4t NOVOTEST T-UD3"},"content":{"rendered":"<p><span class=\"VIiyi\" lang=\"de\"><span class=\"JLqJ4b ChMk0b\" data-language-for-alternatives=\"de\" data-language-to-translate-into=\"en\" data-phrase-index=\"0\">Das Durometer arbeitet sowohl mit Ultraschall-Kontaktimpedanz (UCI) als auch mit dynamischen (Leeb) Sonden.<\/span> <span class=\"JLqJ4b ChMk0b\" data-language-for-alternatives=\"de\" data-language-to-translate-into=\"en\" data-phrase-index=\"1\">Der Benutzer profitiert von zwei Messmethoden \u2013 es ist das Maximum, das mit einem tragbaren H\u00e4rtepr\u00fcfger\u00e4t erreicht werden kann.<\/span><\/span><\/p>\n<p><span class=\"VIiyi\" lang=\"de\"><span class=\"JLqJ4b ChMk0b\" data-language-for-alternatives=\"de\" data-language-to-translate-into=\"en\" data-phrase-index=\"3\">Dynamische (Leeb) Sonde wird verwendet zur Messung der H\u00e4rte von NE-Metallen, Gusseisen, grobk\u00f6rnig<\/span> <span class=\"JLqJ4b ChMk0b\" data-language-for-alternatives=\"de\" data-language-to-translate-into=\"en\" data-phrase-index=\"5\">Materialien, massive Produkte usw.<\/span><\/span><\/p>\n<p><span class=\"VIiyi\" lang=\"de\"><span class=\"JLqJ4b ChMk0b\" data-language-for-alternatives=\"de\" data-language-to-translate-into=\"en\" data-phrase-index=\"7\">Die Ultraschall-Kontaktimpedanz (UCI)-Sonde wird zur Messung der H\u00e4rte von kleinen Gegenst\u00e4nden, Objekten mit d\u00fcnner Wand, komplexer Form und zur Messung der H\u00e4rte von oberfl\u00e4chengeh\u00e4rteten Schichten verwendet.<\/span><\/span><\/p>\n<h2><span class=\"VIiyi\" lang=\"de\"><span class=\"JLqJ4b ChMk0b\" data-language-for-alternatives=\"de\" data-language-to-translate-into=\"en\" data-phrase-index=\"0\">Vorteile des Durometers<\/span><\/span><\/h2>\n<p><span class=\"VIiyi\" lang=\"de\"><span class=\"JLqJ4b ChMk0b\" data-language-for-alternatives=\"de\" data-language-to-translate-into=\"en\" data-phrase-index=\"2\">H\u00e4rtemessung beliebiger Massenprodukte mit einer Dicke von 1 mm \u2013 unzug\u00e4nglich f\u00fcr die dynamischen (Leeb) <\/span><\/span><span class=\"VIiyi\" lang=\"de\"><span class=\"JLqJ4b ChMk0b\" data-language-for-alternatives=\"de\" data-language-to-translate-into=\"en\" data-phrase-index=\"2\">H\u00e4rtepr\u00fcfger\u00e4te (Kleinteile, d\u00fcnnwandige Strukturen, Rohre, Tanks, Stahlbleche, Gegenst\u00e4nde mit komplexer Form, H\u00e4rtekontrolle von Metallbeschichtungen usw.)<\/span><\/span><\/p>\n<p><span class=\"VIiyi\" lang=\"de\"><span class=\"JLqJ4b ChMk0b\" data-language-for-alternatives=\"de\" data-language-to-translate-into=\"en\" data-phrase-index=\"4\">Kleiner Abdruck nach der Messung (Spiegelfl\u00e4chen von Wellenh\u00e4lsen, Messern, Verzahnungen etc.)<\/span><\/span><\/p>\n<p><span class=\"VIiyi\" lang=\"de\"><span class=\"JLqJ4b ChMk0b\" data-language-for-alternatives=\"de\" data-language-to-translate-into=\"en\" data-phrase-index=\"6\">Messung der H\u00e4rte der oberfl\u00e4chengeh\u00e4rteten Schicht<\/span><\/span><\/p>\n<p><span class=\"VIiyi\" lang=\"de\"><span class=\"JLqJ4b ChMk0b\" data-language-for-alternatives=\"de\" data-language-to-translate-into=\"en\" data-phrase-index=\"8\">Kalibrierung jeder Skala in jedem Bereich<\/span><\/span><\/p>\n<h2><span class=\"VIiyi\" lang=\"de\"><span class=\"JLqJ4b ChMk0b\" data-language-for-alternatives=\"de\" data-language-to-translate-into=\"en\" data-phrase-index=\"0\">Spezifikation des Durometers<\/span><\/span><\/h2>\n<p><span class=\"VIiyi\" lang=\"de\"><span class=\"JLqJ4b ChMk0b\" data-language-for-alternatives=\"de\" data-language-to-translate-into=\"en\" data-phrase-index=\"2\">Messbereich HV: 230~940;<\/span> <span class=\"JLqJ4b ChMk0b\" data-language-for-alternatives=\"de\" data-language-to-translate-into=\"en\" data-phrase-index=\"3\">HRC: 20~70;<\/span> <span class=\"JLqJ4b ChMk0b\" data-language-for-alternatives=\"de\" data-language-to-translate-into=\"en\" data-phrase-index=\"4\">HB: 90~650, Zugfestigkeit, MPa 370~1740<\/span><\/span><\/p>\n<p><span class=\"VIiyi\" lang=\"de\"><span class=\"JLqJ4b ChMk0b\" data-language-for-alternatives=\"de\" data-language-to-translate-into=\"en\" data-phrase-index=\"6\">Messgenauigkeit: HV: \u00b13%HV;<\/span> <span class=\"JLqJ4b ChMk0b\" data-language-for-alternatives=\"de\" data-language-to-translate-into=\"en\" data-phrase-index=\"7\">HRC: \u00b1 1,5 % HRC;<\/span> <span class=\"JLqJ4b ChMk0b\" data-language-for-alternatives=\"de\" data-language-to-translate-into=\"en\" data-phrase-index=\"8\">HB: \u00b13% HB<\/span><\/span><\/p>\n<p><span class=\"VIiyi\" lang=\"de\"><span class=\"JLqJ4b ChMk0b\" data-language-for-alternatives=\"de\" data-language-to-translate-into=\"en\" data-phrase-index=\"10\">Eindringk\u00f6rper Diamanteindringk\u00f6rper (UCI), geh\u00e4rtete Kugel (Leeb)<\/span><\/span><\/p>\n<p><span class=\"VIiyi\" lang=\"de\"><span class=\"JLqJ4b ChMk0b\" data-language-for-alternatives=\"de\" data-language-to-translate-into=\"en\" data-phrase-index=\"12\">H\u00e4rteskala: HRC, HB, HV, HRB, HS, HL, MPa<\/span><\/span><\/p>\n<p><span class=\"VIiyi\" lang=\"de\"><span class=\"JLqJ4b ChMk0b\" data-language-for-alternatives=\"de\" data-language-to-translate-into=\"en\" data-phrase-index=\"14\">Materialien: <\/span><\/span><\/p>\n<ul>\n<li><span class=\"VIiyi\" lang=\"de\"><span class=\"JLqJ4b ChMk0b\" data-language-for-alternatives=\"de\" data-language-to-translate-into=\"en\" data-phrase-index=\"14\">Ultraschallsonde (UCI) &#8211; vorkalibriert f\u00fcr Stahl.<\/span> <\/span><\/li>\n<li><span class=\"VIiyi\" lang=\"de\"><span class=\"JLqJ4b ChMk0b\" data-language-for-alternatives=\"de\" data-language-to-translate-into=\"en\" data-phrase-index=\"15\">Dynamisch (Leeb) vorkalibriert f\u00fcr Stahl, legierten Stahl, Gusseisen, Edelstahl, Aluminium, Bronze, Messing, Kupfer.<\/span> <span class=\"JLqJ4b ChMk0b\" data-language-for-alternatives=\"de\" data-language-to-translate-into=\"en\" data-phrase-index=\"16\">&#8211; Zus\u00e4tzliche benutzerdefinierte Materialien f\u00fcr die Kalibrierung.<\/span><\/span><\/li>\n<\/ul>\n<p><span class=\"VIiyi\" lang=\"de\"><span class=\"JLqJ4b ChMk0b\" data-language-for-alternatives=\"de\" data-language-to-translate-into=\"en\" data-phrase-index=\"18\">Betriebsumgebung<\/span><\/span><\/p>\n<ul>\n<li><span class=\"VIiyi\" lang=\"de\"><span class=\"JLqJ4b ChMk0b\" data-language-for-alternatives=\"de\" data-language-to-translate-into=\"en\" data-phrase-index=\"18\">Temperatur: -20\u00b0C ~40\u00b0C<\/span><\/span><\/li>\n<li><span class=\"VIiyi\" lang=\"de\"><span class=\"JLqJ4b ChMk0b\" data-language-for-alternatives=\"de\" data-language-to-translate-into=\"en\" data-phrase-index=\"19\">Feuchtigkeit: 30%~80%R.H.<\/span><\/span><\/li>\n<\/ul>\n<p><span class=\"VIiyi\" lang=\"de\"><span class=\"JLqJ4b ChMk0b\" data-language-for-alternatives=\"de\" data-language-to-translate-into=\"en\" data-phrase-index=\"21\">Stromversorgung DC 4,5V (3 St\u00fcck Batterien AA)<\/span><\/span><\/p>\n<p><span class=\"VIiyi\" lang=\"de\"><span class=\"JLqJ4b ChMk0b\" data-language-for-alternatives=\"de\" data-language-to-translate-into=\"en\" data-phrase-index=\"23\">Akkulaufzeit: Ca.<\/span> <span class=\"JLqJ4b ChMk0b\" data-language-for-alternatives=\"de\" data-language-to-translate-into=\"en\" data-phrase-index=\"24\">10 Stunden.<\/span><\/span><\/p>\n","protected":false},"excerpt":{"rendered":"<p><span class=\"VIiyi\" lang=\"de\"><span class=\"JLqJ4b ChMk0b\" data-language-for-alternatives=\"de\" data-language-to-translate-into=\"en\" data-phrase-index=\"0\">Kombinierter H\u00e4rtepr\u00fcfer (Durometer) mit HRC-, HB-, HV-, HRB-, HS-, HL-, MPa-Skalen<\/span><\/span><\/p>\n","protected":false},"featured_media":25579,"template":"","meta":{"_crdt_document":""},"product_brand":[],"product_cat":[200],"product_tag":[],"class_list":{"0":"post-25566","1":"product","2":"type-product","3":"status-publish","4":"has-post-thumbnail","6":"product_cat-harte","8":"first","9":"instock","10":"taxable","11":"shipping-taxable","12":"product-type-simple"},"yoast_head":"<!-- This site is optimized with the Yoast SEO plugin v27.3 - https:\/\/yoast.com\/product\/yoast-seo-wordpress\/ -->\n<title>Kombiniertes H\u00e4rtepr\u00fcfger\u00e4t NOVOTEST T-UD3 - Sysmatec<\/title>\n<meta name=\"description\" content=\"H\u00e4rtepr\u00fcfer (Durometer) mit Leeb-Sonde und UCI-Sonde f\u00fcr verschiedene H\u00e4rte, HRC, HB, HV, HRB, HS, HL, MPa\" \/>\n<meta name=\"robots\" content=\"index, follow, max-snippet:-1, max-image-preview:large, max-video-preview:-1\" \/>\n<link rel=\"canonical\" href=\"https:\/\/sysmatec.ch\/de\/produit\/kombiniertes-haertepruefgeraet-novotest-t-ud3\/\" \/>\n<meta property=\"og:locale\" content=\"de_DE\" \/>\n<meta property=\"og:type\" content=\"article\" \/>\n<meta property=\"og:title\" content=\"Kombiniertes H\u00e4rtepr\u00fcfger\u00e4t NOVOTEST T-UD3 - Sysmatec\" \/>\n<meta property=\"og:description\" content=\"H\u00e4rtepr\u00fcfer (Durometer) mit Leeb-Sonde und UCI-Sonde f\u00fcr verschiedene H\u00e4rte, HRC, HB, HV, HRB, HS, HL, MPa\" \/>\n<meta property=\"og:url\" content=\"https:\/\/sysmatec.ch\/de\/produit\/kombiniertes-haertepruefgeraet-novotest-t-ud3\/\" \/>\n<meta property=\"og:site_name\" content=\"Sysmatec\" \/>\n<meta property=\"article:modified_time\" content=\"2021-11-04T21:09:19+00:00\" \/>\n<meta property=\"og:image\" content=\"https:\/\/sysmatec.ch\/wp-content\/uploads\/2021\/07\/Hardness_NovotestTUD3.jpg\" \/>\n\t<meta property=\"og:image:width\" content=\"1000\" \/>\n\t<meta property=\"og:image:height\" content=\"1000\" \/>\n\t<meta property=\"og:image:type\" content=\"image\/jpeg\" \/>\n<meta name=\"twitter:card\" content=\"summary_large_image\" \/>\n<meta name=\"twitter:label1\" content=\"Gesch\u00e4tzte Lesezeit\" \/>\n\t<meta name=\"twitter:data1\" content=\"1\u00a0Minute\" \/>\n<script type=\"application\/ld+json\" class=\"yoast-schema-graph\">{\"@context\":\"https:\\\/\\\/schema.org\",\"@graph\":[{\"@type\":\"WebPage\",\"@id\":\"https:\\\/\\\/sysmatec.ch\\\/de\\\/produit\\\/kombiniertes-haertepruefgeraet-novotest-t-ud3\\\/\",\"url\":\"https:\\\/\\\/sysmatec.ch\\\/de\\\/produit\\\/kombiniertes-haertepruefgeraet-novotest-t-ud3\\\/\",\"name\":\"Kombiniertes H\u00e4rtepr\u00fcfger\u00e4t NOVOTEST T-UD3 - Sysmatec\",\"isPartOf\":{\"@id\":\"https:\\\/\\\/sysmatec.ch\\\/de\\\/#website\"},\"primaryImageOfPage\":{\"@id\":\"https:\\\/\\\/sysmatec.ch\\\/de\\\/produit\\\/kombiniertes-haertepruefgeraet-novotest-t-ud3\\\/#primaryimage\"},\"image\":{\"@id\":\"https:\\\/\\\/sysmatec.ch\\\/de\\\/produit\\\/kombiniertes-haertepruefgeraet-novotest-t-ud3\\\/#primaryimage\"},\"thumbnailUrl\":\"https:\\\/\\\/sysmatec.ch\\\/wp-content\\\/uploads\\\/2021\\\/07\\\/Hardness_NovotestTUD3.jpg\",\"datePublished\":\"2021-07-15T12:15:20+00:00\",\"dateModified\":\"2021-11-04T21:09:19+00:00\",\"description\":\"H\u00e4rtepr\u00fcfer (Durometer) mit Leeb-Sonde und UCI-Sonde f\u00fcr verschiedene H\u00e4rte, HRC, HB, HV, HRB, HS, HL, MPa\",\"breadcrumb\":{\"@id\":\"https:\\\/\\\/sysmatec.ch\\\/de\\\/produit\\\/kombiniertes-haertepruefgeraet-novotest-t-ud3\\\/#breadcrumb\"},\"inLanguage\":\"de\",\"potentialAction\":[{\"@type\":\"ReadAction\",\"target\":[\"https:\\\/\\\/sysmatec.ch\\\/de\\\/produit\\\/kombiniertes-haertepruefgeraet-novotest-t-ud3\\\/\"]}]},{\"@type\":\"ImageObject\",\"inLanguage\":\"de\",\"@id\":\"https:\\\/\\\/sysmatec.ch\\\/de\\\/produit\\\/kombiniertes-haertepruefgeraet-novotest-t-ud3\\\/#primaryimage\",\"url\":\"https:\\\/\\\/sysmatec.ch\\\/wp-content\\\/uploads\\\/2021\\\/07\\\/Hardness_NovotestTUD3.jpg\",\"contentUrl\":\"https:\\\/\\\/sysmatec.ch\\\/wp-content\\\/uploads\\\/2021\\\/07\\\/Hardness_NovotestTUD3.jpg\",\"width\":1000,\"height\":1000},{\"@type\":\"BreadcrumbList\",\"@id\":\"https:\\\/\\\/sysmatec.ch\\\/de\\\/produit\\\/kombiniertes-haertepruefgeraet-novotest-t-ud3\\\/#breadcrumb\",\"itemListElement\":[{\"@type\":\"ListItem\",\"position\":1,\"name\":\"Accueil\",\"item\":\"https:\\\/\\\/sysmatec.ch\\\/de\\\/\"},{\"@type\":\"ListItem\",\"position\":2,\"name\":\"Die Aktivit\u00e4t von Sysmatec\",\"item\":\"https:\\\/\\\/sysmatec.ch\\\/de\\\/\"},{\"@type\":\"ListItem\",\"position\":3,\"name\":\"Kombiniertes H\u00e4rtepr\u00fcfger\u00e4t NOVOTEST T-UD3\"}]},{\"@type\":\"WebSite\",\"@id\":\"https:\\\/\\\/sysmatec.ch\\\/de\\\/#website\",\"url\":\"https:\\\/\\\/sysmatec.ch\\\/de\\\/\",\"name\":\"Sysmatec\",\"description\":\"Equipement de laboratoire et logiciels\",\"publisher\":{\"@id\":\"https:\\\/\\\/sysmatec.ch\\\/de\\\/#organization\"},\"potentialAction\":[{\"@type\":\"SearchAction\",\"target\":{\"@type\":\"EntryPoint\",\"urlTemplate\":\"https:\\\/\\\/sysmatec.ch\\\/de\\\/?s={search_term_string}\"},\"query-input\":{\"@type\":\"PropertyValueSpecification\",\"valueRequired\":true,\"valueName\":\"search_term_string\"}}],\"inLanguage\":\"de\"},{\"@type\":\"Organization\",\"@id\":\"https:\\\/\\\/sysmatec.ch\\\/de\\\/#organization\",\"name\":\"Sysmatec\",\"url\":\"https:\\\/\\\/sysmatec.ch\\\/de\\\/\",\"logo\":{\"@type\":\"ImageObject\",\"inLanguage\":\"de\",\"@id\":\"https:\\\/\\\/sysmatec.ch\\\/de\\\/#\\\/schema\\\/logo\\\/image\\\/\",\"url\":\"https:\\\/\\\/sysmatec.ch\\\/wp-content\\\/uploads\\\/2018\\\/11\\\/LogoSysmatec.jpg\",\"contentUrl\":\"https:\\\/\\\/sysmatec.ch\\\/wp-content\\\/uploads\\\/2018\\\/11\\\/LogoSysmatec.jpg\",\"width\":301,\"height\":297,\"caption\":\"Sysmatec\"},\"image\":{\"@id\":\"https:\\\/\\\/sysmatec.ch\\\/de\\\/#\\\/schema\\\/logo\\\/image\\\/\"}}]}<\/script>\n<!-- \/ Yoast SEO plugin. -->","yoast_head_json":{"title":"Kombiniertes H\u00e4rtepr\u00fcfger\u00e4t NOVOTEST T-UD3 - Sysmatec","description":"H\u00e4rtepr\u00fcfer (Durometer) mit Leeb-Sonde und UCI-Sonde f\u00fcr verschiedene H\u00e4rte, HRC, HB, HV, HRB, HS, HL, MPa","robots":{"index":"index","follow":"follow","max-snippet":"max-snippet:-1","max-image-preview":"max-image-preview:large","max-video-preview":"max-video-preview:-1"},"canonical":"https:\/\/sysmatec.ch\/de\/produit\/kombiniertes-haertepruefgeraet-novotest-t-ud3\/","og_locale":"de_DE","og_type":"article","og_title":"Kombiniertes H\u00e4rtepr\u00fcfger\u00e4t NOVOTEST T-UD3 - Sysmatec","og_description":"H\u00e4rtepr\u00fcfer (Durometer) mit Leeb-Sonde und UCI-Sonde f\u00fcr verschiedene H\u00e4rte, HRC, HB, HV, HRB, HS, HL, MPa","og_url":"https:\/\/sysmatec.ch\/de\/produit\/kombiniertes-haertepruefgeraet-novotest-t-ud3\/","og_site_name":"Sysmatec","article_modified_time":"2021-11-04T21:09:19+00:00","og_image":[{"width":1000,"height":1000,"url":"https:\/\/sysmatec.ch\/wp-content\/uploads\/2021\/07\/Hardness_NovotestTUD3.jpg","type":"image\/jpeg"}],"twitter_card":"summary_large_image","twitter_misc":{"Gesch\u00e4tzte Lesezeit":"1\u00a0Minute"},"schema":{"@context":"https:\/\/schema.org","@graph":[{"@type":"WebPage","@id":"https:\/\/sysmatec.ch\/de\/produit\/kombiniertes-haertepruefgeraet-novotest-t-ud3\/","url":"https:\/\/sysmatec.ch\/de\/produit\/kombiniertes-haertepruefgeraet-novotest-t-ud3\/","name":"Kombiniertes H\u00e4rtepr\u00fcfger\u00e4t NOVOTEST T-UD3 - Sysmatec","isPartOf":{"@id":"https:\/\/sysmatec.ch\/de\/#website"},"primaryImageOfPage":{"@id":"https:\/\/sysmatec.ch\/de\/produit\/kombiniertes-haertepruefgeraet-novotest-t-ud3\/#primaryimage"},"image":{"@id":"https:\/\/sysmatec.ch\/de\/produit\/kombiniertes-haertepruefgeraet-novotest-t-ud3\/#primaryimage"},"thumbnailUrl":"https:\/\/sysmatec.ch\/wp-content\/uploads\/2021\/07\/Hardness_NovotestTUD3.jpg","datePublished":"2021-07-15T12:15:20+00:00","dateModified":"2021-11-04T21:09:19+00:00","description":"H\u00e4rtepr\u00fcfer (Durometer) mit Leeb-Sonde und UCI-Sonde f\u00fcr verschiedene H\u00e4rte, HRC, HB, HV, HRB, HS, HL, MPa","breadcrumb":{"@id":"https:\/\/sysmatec.ch\/de\/produit\/kombiniertes-haertepruefgeraet-novotest-t-ud3\/#breadcrumb"},"inLanguage":"de","potentialAction":[{"@type":"ReadAction","target":["https:\/\/sysmatec.ch\/de\/produit\/kombiniertes-haertepruefgeraet-novotest-t-ud3\/"]}]},{"@type":"ImageObject","inLanguage":"de","@id":"https:\/\/sysmatec.ch\/de\/produit\/kombiniertes-haertepruefgeraet-novotest-t-ud3\/#primaryimage","url":"https:\/\/sysmatec.ch\/wp-content\/uploads\/2021\/07\/Hardness_NovotestTUD3.jpg","contentUrl":"https:\/\/sysmatec.ch\/wp-content\/uploads\/2021\/07\/Hardness_NovotestTUD3.jpg","width":1000,"height":1000},{"@type":"BreadcrumbList","@id":"https:\/\/sysmatec.ch\/de\/produit\/kombiniertes-haertepruefgeraet-novotest-t-ud3\/#breadcrumb","itemListElement":[{"@type":"ListItem","position":1,"name":"Accueil","item":"https:\/\/sysmatec.ch\/de\/"},{"@type":"ListItem","position":2,"name":"Die Aktivit\u00e4t von Sysmatec","item":"https:\/\/sysmatec.ch\/de\/"},{"@type":"ListItem","position":3,"name":"Kombiniertes H\u00e4rtepr\u00fcfger\u00e4t NOVOTEST T-UD3"}]},{"@type":"WebSite","@id":"https:\/\/sysmatec.ch\/de\/#website","url":"https:\/\/sysmatec.ch\/de\/","name":"Sysmatec","description":"Equipement de laboratoire et logiciels","publisher":{"@id":"https:\/\/sysmatec.ch\/de\/#organization"},"potentialAction":[{"@type":"SearchAction","target":{"@type":"EntryPoint","urlTemplate":"https:\/\/sysmatec.ch\/de\/?s={search_term_string}"},"query-input":{"@type":"PropertyValueSpecification","valueRequired":true,"valueName":"search_term_string"}}],"inLanguage":"de"},{"@type":"Organization","@id":"https:\/\/sysmatec.ch\/de\/#organization","name":"Sysmatec","url":"https:\/\/sysmatec.ch\/de\/","logo":{"@type":"ImageObject","inLanguage":"de","@id":"https:\/\/sysmatec.ch\/de\/#\/schema\/logo\/image\/","url":"https:\/\/sysmatec.ch\/wp-content\/uploads\/2018\/11\/LogoSysmatec.jpg","contentUrl":"https:\/\/sysmatec.ch\/wp-content\/uploads\/2018\/11\/LogoSysmatec.jpg","width":301,"height":297,"caption":"Sysmatec"},"image":{"@id":"https:\/\/sysmatec.ch\/de\/#\/schema\/logo\/image\/"}}]}},"_links":{"self":[{"href":"https:\/\/sysmatec.ch\/de\/wp-json\/wp\/v2\/product\/25566","targetHints":{"allow":["GET"]}}],"collection":[{"href":"https:\/\/sysmatec.ch\/de\/wp-json\/wp\/v2\/product"}],"about":[{"href":"https:\/\/sysmatec.ch\/de\/wp-json\/wp\/v2\/types\/product"}],"wp:featuredmedia":[{"embeddable":true,"href":"https:\/\/sysmatec.ch\/de\/wp-json\/wp\/v2\/media\/25579"}],"wp:attachment":[{"href":"https:\/\/sysmatec.ch\/de\/wp-json\/wp\/v2\/media?parent=25566"}],"wp:term":[{"taxonomy":"product_brand","embeddable":true,"href":"https:\/\/sysmatec.ch\/de\/wp-json\/wp\/v2\/product_brand?post=25566"},{"taxonomy":"product_cat","embeddable":true,"href":"https:\/\/sysmatec.ch\/de\/wp-json\/wp\/v2\/product_cat?post=25566"},{"taxonomy":"product_tag","embeddable":true,"href":"https:\/\/sysmatec.ch\/de\/wp-json\/wp\/v2\/product_tag?post=25566"}],"curies":[{"name":"wp","href":"https:\/\/api.w.org\/{rel}","templated":true}]}}