{"id":25554,"date":"2021-07-15T08:38:53","date_gmt":"2021-07-15T06:38:53","guid":{"rendered":"https:\/\/sysmatec.ch\/?post_type=product&#038;p=25554"},"modified":"2021-11-05T21:55:22","modified_gmt":"2021-11-05T20:55:22","slug":"schwimmer-fuer-hohe-temperaturen-und-sehr-aggressive-fluessigkeiten","status":"publish","type":"product","link":"https:\/\/sysmatec.ch\/de\/Produkt\/schwimmer-fuer-hohe-temperaturen-und-sehr-aggressive-fluessigkeiten\/","title":{"rendered":"Schwimmer f\u00fcr hohe Temperaturen und sehr aggressive Fl\u00fcssigkeiten"},"content":{"rendered":"<p><span class=\"VIiyi\" lang=\"de\"><span class=\"JLqJ4b ChMk0b\" data-language-for-alternatives=\"de\" data-language-to-translate-into=\"fr\" data-phrase-index=\"0\">Reihe von F\u00fcllstandsdetektoren f\u00fcr den Betrieb in extrem aggressiven Fl\u00fcssigkeiten wie zum Beispiel Schwefels\u00e4ure und \/ oder sehr hei\u00dfen Fl\u00fcssigkeiten mit Temperaturen bis zu 150 \u00b0 C.<\/span><\/span><\/p>\n<h2><span class=\"VIiyi\" lang=\"de\"><span class=\"JLqJ4b ChMk0b\" data-language-for-alternatives=\"de\" data-language-to-translate-into=\"fr\" data-phrase-index=\"2\">F\u00fcllstandsdetektor TUBA 125 C<\/span><\/span><\/h2>\n<ul>\n<li><span class=\"VIiyi\" lang=\"de\"><span class=\"JLqJ4b ChMk0b\" data-language-for-alternatives=\"de\" data-language-to-translate-into=\"fr\" data-phrase-index=\"4\">Schaltwinkel: 20 \u00b0<\/span><\/span><\/li>\n<li><span class=\"VIiyi\" lang=\"de\"><span class=\"JLqJ4b ChMk0b\" data-language-for-alternatives=\"de\" data-language-to-translate-into=\"fr\" data-phrase-index=\"6\">F\u00fcr leicht bewegte Fl\u00fcssigkeiten<\/span><\/span><\/li>\n<li><span class=\"VIiyi\" lang=\"de\"><span class=\"JLqJ4b ChMk0b\" data-language-for-alternatives=\"de\" data-language-to-translate-into=\"fr\" data-phrase-index=\"8\">H\u00fclle: PVDF<\/span><\/span><\/li>\n<li><span class=\"VIiyi\" lang=\"de\"><span class=\"JLqJ4b ChMk0b\" data-language-for-alternatives=\"de\" data-language-to-translate-into=\"fr\" data-phrase-index=\"10\">PTFE-Kabel<\/span><\/span><\/li>\n<li><span class=\"VIiyi\" lang=\"de\"><span class=\"JLqJ4b ChMk0b\" data-language-for-alternatives=\"de\" data-language-to-translate-into=\"fr\" data-phrase-index=\"12\">Stromversorgung: 12 bis 250 V<\/span><\/span><\/li>\n<li><span class=\"VIiyi\" lang=\"de\"><span class=\"JLqJ4b ChMk0b\" data-language-for-alternatives=\"de\" data-language-to-translate-into=\"fr\" data-phrase-index=\"14\">Schaltleistung: 16 (6) A<\/span><\/span><\/li>\n<li><span class=\"VIiyi\" lang=\"de\"><span class=\"JLqJ4b ChMk0b\" data-language-for-alternatives=\"de\" data-language-to-translate-into=\"fr\" data-phrase-index=\"16\">PVDF-Vorschaltger\u00e4t<\/span><\/span><\/li>\n<li><span class=\"VIiyi\" lang=\"de\"><span class=\"JLqJ4b ChMk0b\" data-language-for-alternatives=\"de\" data-language-to-translate-into=\"fr\" data-phrase-index=\"18\">Abmessungen: 205 mm \u00d8 40 mm<\/span><\/span><\/li>\n<\/ul>\n<h2><span class=\"VIiyi\" lang=\"de\"><span class=\"JLqJ4b ChMk0b\" data-language-for-alternatives=\"de\" data-language-to-translate-into=\"fr\" data-phrase-index=\"20\">F\u00fcllstandsdetektor TUBA 150 C<\/span><\/span><\/h2>\n<ul>\n<li><span class=\"VIiyi\" lang=\"de\"><span class=\"JLqJ4b ChMk0b\" data-language-for-alternatives=\"de\" data-language-to-translate-into=\"fr\" data-phrase-index=\"22\">Schaltwinkel: 20 \u00b0<\/span><\/span><\/li>\n<li><span class=\"VIiyi\" lang=\"de\"><span class=\"JLqJ4b ChMk0b\" data-language-for-alternatives=\"de\" data-language-to-translate-into=\"fr\" data-phrase-index=\"24\">F\u00fcr leicht bewegte Fl\u00fcssigkeiten<\/span><\/span><\/li>\n<li><span class=\"VIiyi\" lang=\"de\"><span class=\"JLqJ4b ChMk0b\" data-language-for-alternatives=\"de\" data-language-to-translate-into=\"fr\" data-phrase-index=\"26\">H\u00fclle: PTFE<\/span><\/span><\/li>\n<li><span class=\"VIiyi\" lang=\"de\"><span class=\"JLqJ4b ChMk0b\" data-language-for-alternatives=\"de\" data-language-to-translate-into=\"fr\" data-phrase-index=\"28\">FEP-Kabel<\/span><\/span><\/li>\n<li><span class=\"VIiyi\" lang=\"de\"><span class=\"JLqJ4b ChMk0b\" data-language-for-alternatives=\"de\" data-language-to-translate-into=\"fr\" data-phrase-index=\"30\">Stromversorgung: 24 bis 250 V<\/span><\/span><\/li>\n<li><span class=\"VIiyi\" lang=\"de\"><span class=\"JLqJ4b ChMk0b\" data-language-for-alternatives=\"de\" data-language-to-translate-into=\"fr\" data-phrase-index=\"32\">Schaltleistung: 1 A, 60 VA<\/span><\/span><\/li>\n<li><span class=\"VIiyi\" lang=\"de\"><span class=\"JLqJ4b ChMk0b\" data-language-for-alternatives=\"de\" data-language-to-translate-into=\"fr\" data-phrase-index=\"34\">Optionales Gewicht<\/span><\/span><\/li>\n<li><span class=\"VIiyi\" lang=\"de\"><span class=\"JLqJ4b ChMk0b\" data-language-for-alternatives=\"de\" data-language-to-translate-into=\"fr\" data-phrase-index=\"36\">Abmessungen: 130 mm \u00d8 55 mm<\/span><\/span><\/li>\n<\/ul>\n","protected":false},"excerpt":{"rendered":"<p><span class=\"VIiyi\" lang=\"de\"><span class=\"JLqJ4b ChMk0b\" data-language-for-alternatives=\"de\" data-language-to-translate-into=\"fr\" data-phrase-index=\"0\" data-number-of-phrases=\"1\">Schwimmer oder F\u00fcllstandsdetektor f\u00fcr aggressive Fl\u00fcssigkeiten, wenig bewegt, und hohe Temperaturen.<\/span><\/span><\/p>\n","protected":false},"featured_media":25558,"template":"","meta":{"_crdt_document":""},"product_brand":[],"product_cat":[236],"product_tag":[],"class_list":{"0":"post-25554","1":"product","2":"type-product","3":"status-publish","4":"has-post-thumbnail","6":"product_cat-fuellstand","8":"first","9":"instock","10":"taxable","11":"shipping-taxable","12":"product-type-simple"},"yoast_head":"<!-- This site is optimized with the Yoast SEO plugin v27.3 - https:\/\/yoast.com\/product\/yoast-seo-wordpress\/ -->\n<title>Schwimmer f\u00fcr hohe Temperaturen und sehr aggressive Fl\u00fcssigkeiten - Sysmatec<\/title>\n<meta name=\"description\" content=\"Dieser Schwimmer ist ein F\u00fcllstandsdetektor f\u00fcr aggressive Fl\u00fcssigkeiten mit hoher Temperatur zum Einbau in einen Tank oder ein Becken.\" \/>\n<meta name=\"robots\" content=\"index, follow, max-snippet:-1, max-image-preview:large, max-video-preview:-1\" \/>\n<link rel=\"canonical\" href=\"https:\/\/sysmatec.ch\/de\/produit\/schwimmer-fuer-hohe-temperaturen-und-sehr-aggressive-fluessigkeiten\/\" \/>\n<meta property=\"og:locale\" content=\"de_DE\" \/>\n<meta property=\"og:type\" content=\"article\" \/>\n<meta property=\"og:title\" content=\"Schwimmer f\u00fcr hohe Temperaturen und sehr aggressive Fl\u00fcssigkeiten - Sysmatec\" \/>\n<meta property=\"og:description\" content=\"Dieser Schwimmer ist ein F\u00fcllstandsdetektor f\u00fcr aggressive Fl\u00fcssigkeiten mit hoher Temperatur zum Einbau in einen Tank oder ein Becken.\" \/>\n<meta property=\"og:url\" content=\"https:\/\/sysmatec.ch\/de\/produit\/schwimmer-fuer-hohe-temperaturen-und-sehr-aggressive-fluessigkeiten\/\" \/>\n<meta property=\"og:site_name\" content=\"Sysmatec\" \/>\n<meta property=\"article:modified_time\" content=\"2021-11-05T20:55:22+00:00\" \/>\n<meta property=\"og:image\" content=\"https:\/\/sysmatec.ch\/wp-content\/uploads\/2021\/07\/TUBA125C.png\" \/>\n\t<meta property=\"og:image:width\" content=\"888\" \/>\n\t<meta property=\"og:image:height\" content=\"888\" \/>\n\t<meta property=\"og:image:type\" content=\"image\/png\" \/>\n<meta name=\"twitter:card\" content=\"summary_large_image\" \/>\n<meta name=\"twitter:label1\" content=\"Gesch\u00e4tzte Lesezeit\" \/>\n\t<meta name=\"twitter:data1\" content=\"1\u00a0Minute\" \/>\n<script type=\"application\/ld+json\" class=\"yoast-schema-graph\">{\"@context\":\"https:\\\/\\\/schema.org\",\"@graph\":[{\"@type\":\"WebPage\",\"@id\":\"https:\\\/\\\/sysmatec.ch\\\/de\\\/produit\\\/schwimmer-fuer-hohe-temperaturen-und-sehr-aggressive-fluessigkeiten\\\/\",\"url\":\"https:\\\/\\\/sysmatec.ch\\\/de\\\/produit\\\/schwimmer-fuer-hohe-temperaturen-und-sehr-aggressive-fluessigkeiten\\\/\",\"name\":\"Schwimmer f\u00fcr hohe Temperaturen und sehr aggressive Fl\u00fcssigkeiten - Sysmatec\",\"isPartOf\":{\"@id\":\"https:\\\/\\\/sysmatec.ch\\\/de\\\/#website\"},\"primaryImageOfPage\":{\"@id\":\"https:\\\/\\\/sysmatec.ch\\\/de\\\/produit\\\/schwimmer-fuer-hohe-temperaturen-und-sehr-aggressive-fluessigkeiten\\\/#primaryimage\"},\"image\":{\"@id\":\"https:\\\/\\\/sysmatec.ch\\\/de\\\/produit\\\/schwimmer-fuer-hohe-temperaturen-und-sehr-aggressive-fluessigkeiten\\\/#primaryimage\"},\"thumbnailUrl\":\"https:\\\/\\\/sysmatec.ch\\\/wp-content\\\/uploads\\\/2021\\\/07\\\/TUBA125C.png\",\"datePublished\":\"2021-07-15T06:38:53+00:00\",\"dateModified\":\"2021-11-05T20:55:22+00:00\",\"description\":\"Dieser Schwimmer ist ein F\u00fcllstandsdetektor f\u00fcr aggressive Fl\u00fcssigkeiten mit hoher Temperatur zum Einbau in einen Tank oder ein Becken.\",\"breadcrumb\":{\"@id\":\"https:\\\/\\\/sysmatec.ch\\\/de\\\/produit\\\/schwimmer-fuer-hohe-temperaturen-und-sehr-aggressive-fluessigkeiten\\\/#breadcrumb\"},\"inLanguage\":\"de\",\"potentialAction\":[{\"@type\":\"ReadAction\",\"target\":[\"https:\\\/\\\/sysmatec.ch\\\/de\\\/produit\\\/schwimmer-fuer-hohe-temperaturen-und-sehr-aggressive-fluessigkeiten\\\/\"]}]},{\"@type\":\"ImageObject\",\"inLanguage\":\"de\",\"@id\":\"https:\\\/\\\/sysmatec.ch\\\/de\\\/produit\\\/schwimmer-fuer-hohe-temperaturen-und-sehr-aggressive-fluessigkeiten\\\/#primaryimage\",\"url\":\"https:\\\/\\\/sysmatec.ch\\\/wp-content\\\/uploads\\\/2021\\\/07\\\/TUBA125C.png\",\"contentUrl\":\"https:\\\/\\\/sysmatec.ch\\\/wp-content\\\/uploads\\\/2021\\\/07\\\/TUBA125C.png\",\"width\":888,\"height\":888},{\"@type\":\"BreadcrumbList\",\"@id\":\"https:\\\/\\\/sysmatec.ch\\\/de\\\/produit\\\/schwimmer-fuer-hohe-temperaturen-und-sehr-aggressive-fluessigkeiten\\\/#breadcrumb\",\"itemListElement\":[{\"@type\":\"ListItem\",\"position\":1,\"name\":\"Accueil\",\"item\":\"https:\\\/\\\/sysmatec.ch\\\/de\\\/\"},{\"@type\":\"ListItem\",\"position\":2,\"name\":\"Die Aktivit\u00e4t von Sysmatec\",\"item\":\"https:\\\/\\\/sysmatec.ch\\\/de\\\/\"},{\"@type\":\"ListItem\",\"position\":3,\"name\":\"Schwimmer f\u00fcr hohe Temperaturen und sehr aggressive Fl\u00fcssigkeiten\"}]},{\"@type\":\"WebSite\",\"@id\":\"https:\\\/\\\/sysmatec.ch\\\/de\\\/#website\",\"url\":\"https:\\\/\\\/sysmatec.ch\\\/de\\\/\",\"name\":\"Sysmatec\",\"description\":\"Equipement de laboratoire et logiciels\",\"publisher\":{\"@id\":\"https:\\\/\\\/sysmatec.ch\\\/de\\\/#organization\"},\"potentialAction\":[{\"@type\":\"SearchAction\",\"target\":{\"@type\":\"EntryPoint\",\"urlTemplate\":\"https:\\\/\\\/sysmatec.ch\\\/de\\\/?s={search_term_string}\"},\"query-input\":{\"@type\":\"PropertyValueSpecification\",\"valueRequired\":true,\"valueName\":\"search_term_string\"}}],\"inLanguage\":\"de\"},{\"@type\":\"Organization\",\"@id\":\"https:\\\/\\\/sysmatec.ch\\\/de\\\/#organization\",\"name\":\"Sysmatec\",\"url\":\"https:\\\/\\\/sysmatec.ch\\\/de\\\/\",\"logo\":{\"@type\":\"ImageObject\",\"inLanguage\":\"de\",\"@id\":\"https:\\\/\\\/sysmatec.ch\\\/de\\\/#\\\/schema\\\/logo\\\/image\\\/\",\"url\":\"https:\\\/\\\/sysmatec.ch\\\/wp-content\\\/uploads\\\/2018\\\/11\\\/LogoSysmatec.jpg\",\"contentUrl\":\"https:\\\/\\\/sysmatec.ch\\\/wp-content\\\/uploads\\\/2018\\\/11\\\/LogoSysmatec.jpg\",\"width\":301,\"height\":297,\"caption\":\"Sysmatec\"},\"image\":{\"@id\":\"https:\\\/\\\/sysmatec.ch\\\/de\\\/#\\\/schema\\\/logo\\\/image\\\/\"}}]}<\/script>\n<!-- \/ Yoast SEO plugin. -->","yoast_head_json":{"title":"Schwimmer f\u00fcr hohe Temperaturen und sehr aggressive Fl\u00fcssigkeiten - Sysmatec","description":"Dieser Schwimmer ist ein F\u00fcllstandsdetektor f\u00fcr aggressive Fl\u00fcssigkeiten mit hoher Temperatur zum Einbau in einen Tank oder ein Becken.","robots":{"index":"index","follow":"follow","max-snippet":"max-snippet:-1","max-image-preview":"max-image-preview:large","max-video-preview":"max-video-preview:-1"},"canonical":"https:\/\/sysmatec.ch\/de\/produit\/schwimmer-fuer-hohe-temperaturen-und-sehr-aggressive-fluessigkeiten\/","og_locale":"de_DE","og_type":"article","og_title":"Schwimmer f\u00fcr hohe Temperaturen und sehr aggressive Fl\u00fcssigkeiten - Sysmatec","og_description":"Dieser Schwimmer ist ein F\u00fcllstandsdetektor f\u00fcr aggressive Fl\u00fcssigkeiten mit hoher Temperatur zum Einbau in einen Tank oder ein Becken.","og_url":"https:\/\/sysmatec.ch\/de\/produit\/schwimmer-fuer-hohe-temperaturen-und-sehr-aggressive-fluessigkeiten\/","og_site_name":"Sysmatec","article_modified_time":"2021-11-05T20:55:22+00:00","og_image":[{"width":888,"height":888,"url":"https:\/\/sysmatec.ch\/wp-content\/uploads\/2021\/07\/TUBA125C.png","type":"image\/png"}],"twitter_card":"summary_large_image","twitter_misc":{"Gesch\u00e4tzte Lesezeit":"1\u00a0Minute"},"schema":{"@context":"https:\/\/schema.org","@graph":[{"@type":"WebPage","@id":"https:\/\/sysmatec.ch\/de\/produit\/schwimmer-fuer-hohe-temperaturen-und-sehr-aggressive-fluessigkeiten\/","url":"https:\/\/sysmatec.ch\/de\/produit\/schwimmer-fuer-hohe-temperaturen-und-sehr-aggressive-fluessigkeiten\/","name":"Schwimmer f\u00fcr hohe Temperaturen und sehr aggressive Fl\u00fcssigkeiten - Sysmatec","isPartOf":{"@id":"https:\/\/sysmatec.ch\/de\/#website"},"primaryImageOfPage":{"@id":"https:\/\/sysmatec.ch\/de\/produit\/schwimmer-fuer-hohe-temperaturen-und-sehr-aggressive-fluessigkeiten\/#primaryimage"},"image":{"@id":"https:\/\/sysmatec.ch\/de\/produit\/schwimmer-fuer-hohe-temperaturen-und-sehr-aggressive-fluessigkeiten\/#primaryimage"},"thumbnailUrl":"https:\/\/sysmatec.ch\/wp-content\/uploads\/2021\/07\/TUBA125C.png","datePublished":"2021-07-15T06:38:53+00:00","dateModified":"2021-11-05T20:55:22+00:00","description":"Dieser Schwimmer ist ein F\u00fcllstandsdetektor f\u00fcr aggressive Fl\u00fcssigkeiten mit hoher Temperatur zum Einbau in einen Tank oder ein Becken.","breadcrumb":{"@id":"https:\/\/sysmatec.ch\/de\/produit\/schwimmer-fuer-hohe-temperaturen-und-sehr-aggressive-fluessigkeiten\/#breadcrumb"},"inLanguage":"de","potentialAction":[{"@type":"ReadAction","target":["https:\/\/sysmatec.ch\/de\/produit\/schwimmer-fuer-hohe-temperaturen-und-sehr-aggressive-fluessigkeiten\/"]}]},{"@type":"ImageObject","inLanguage":"de","@id":"https:\/\/sysmatec.ch\/de\/produit\/schwimmer-fuer-hohe-temperaturen-und-sehr-aggressive-fluessigkeiten\/#primaryimage","url":"https:\/\/sysmatec.ch\/wp-content\/uploads\/2021\/07\/TUBA125C.png","contentUrl":"https:\/\/sysmatec.ch\/wp-content\/uploads\/2021\/07\/TUBA125C.png","width":888,"height":888},{"@type":"BreadcrumbList","@id":"https:\/\/sysmatec.ch\/de\/produit\/schwimmer-fuer-hohe-temperaturen-und-sehr-aggressive-fluessigkeiten\/#breadcrumb","itemListElement":[{"@type":"ListItem","position":1,"name":"Accueil","item":"https:\/\/sysmatec.ch\/de\/"},{"@type":"ListItem","position":2,"name":"Die Aktivit\u00e4t von Sysmatec","item":"https:\/\/sysmatec.ch\/de\/"},{"@type":"ListItem","position":3,"name":"Schwimmer f\u00fcr hohe Temperaturen und sehr aggressive Fl\u00fcssigkeiten"}]},{"@type":"WebSite","@id":"https:\/\/sysmatec.ch\/de\/#website","url":"https:\/\/sysmatec.ch\/de\/","name":"Sysmatec","description":"Equipement de laboratoire et logiciels","publisher":{"@id":"https:\/\/sysmatec.ch\/de\/#organization"},"potentialAction":[{"@type":"SearchAction","target":{"@type":"EntryPoint","urlTemplate":"https:\/\/sysmatec.ch\/de\/?s={search_term_string}"},"query-input":{"@type":"PropertyValueSpecification","valueRequired":true,"valueName":"search_term_string"}}],"inLanguage":"de"},{"@type":"Organization","@id":"https:\/\/sysmatec.ch\/de\/#organization","name":"Sysmatec","url":"https:\/\/sysmatec.ch\/de\/","logo":{"@type":"ImageObject","inLanguage":"de","@id":"https:\/\/sysmatec.ch\/de\/#\/schema\/logo\/image\/","url":"https:\/\/sysmatec.ch\/wp-content\/uploads\/2018\/11\/LogoSysmatec.jpg","contentUrl":"https:\/\/sysmatec.ch\/wp-content\/uploads\/2018\/11\/LogoSysmatec.jpg","width":301,"height":297,"caption":"Sysmatec"},"image":{"@id":"https:\/\/sysmatec.ch\/de\/#\/schema\/logo\/image\/"}}]}},"_links":{"self":[{"href":"https:\/\/sysmatec.ch\/de\/wp-json\/wp\/v2\/product\/25554","targetHints":{"allow":["GET"]}}],"collection":[{"href":"https:\/\/sysmatec.ch\/de\/wp-json\/wp\/v2\/product"}],"about":[{"href":"https:\/\/sysmatec.ch\/de\/wp-json\/wp\/v2\/types\/product"}],"wp:featuredmedia":[{"embeddable":true,"href":"https:\/\/sysmatec.ch\/de\/wp-json\/wp\/v2\/media\/25558"}],"wp:attachment":[{"href":"https:\/\/sysmatec.ch\/de\/wp-json\/wp\/v2\/media?parent=25554"}],"wp:term":[{"taxonomy":"product_brand","embeddable":true,"href":"https:\/\/sysmatec.ch\/de\/wp-json\/wp\/v2\/product_brand?post=25554"},{"taxonomy":"product_cat","embeddable":true,"href":"https:\/\/sysmatec.ch\/de\/wp-json\/wp\/v2\/product_cat?post=25554"},{"taxonomy":"product_tag","embeddable":true,"href":"https:\/\/sysmatec.ch\/de\/wp-json\/wp\/v2\/product_tag?post=25554"}],"curies":[{"name":"wp","href":"https:\/\/api.w.org\/{rel}","templated":true}]}}