{"id":25456,"date":"2021-07-14T08:33:25","date_gmt":"2021-07-14T06:33:25","guid":{"rendered":"https:\/\/sysmatec.ch\/?post_type=product&#038;p=25456"},"modified":"2021-11-16T21:55:35","modified_gmt":"2021-11-16T20:55:35","slug":"oberflaechenprofilmessgeraet-srt-6223","status":"publish","type":"product","link":"https:\/\/sysmatec.ch\/de\/Produkt\/oberflaechenprofilmessgeraet-srt-6223\/","title":{"rendered":"Oberfl\u00e4chenprofilmessger\u00e4t SRT 6223"},"content":{"rendered":"<p><span class=\"VIiyi\" lang=\"de\"><span class=\"JLqJ4b ChMk0b\" data-language-for-alternatives=\"de\" data-language-to-translate-into=\"en\" data-phrase-index=\"0\">Das Oberfl\u00e4chenprofilmessger\u00e4t erf\u00fcllt die \u00a0Standards von \u00a0ASTMD-4417-B, IMOMSC.215(82), SANS5772, US \u00a0Navy \u00a0NSI \u00a0009-32, US \u00a0Navy PPI-63101-000.<\/span> <span class=\"JLqJ4b ChMk0b\" data-language-for-alternatives=\"de\" data-language-to-translate-into=\"en\" data-phrase-index=\"1\">Geeignet f\u00fcr das Labor und f\u00fcr den Einsatz unter rauen Feldbedingungen.<\/span> <span class=\"JLqJ4b ChMk0b\" data-language-for-alternatives=\"de\" data-language-to-translate-into=\"en\" data-phrase-index=\"2\">Pr\u00e4zise, sofortige und wiederholbare Ergebnisse.<\/span> <span class=\"JLqJ4b ChMk0b\" data-language-for-alternatives=\"de\" data-language-to-translate-into=\"en\" data-phrase-index=\"4\">Die Wolframcarbid-Spitze h\u00e4lt bis zu 20.000 Messwerte und kann dann vom Benutzer vor Ort leicht ausgetauscht werden.<\/span> <span class=\"JLqJ4b ChMk0b\" data-language-for-alternatives=\"de\" data-language-to-translate-into=\"en\" data-phrase-index=\"5\">Die Kosten pro Test sind deutlich niedriger als bei anderen Testmethoden.<\/span> <span class=\"JLqJ4b ChMk0b\" data-language-for-alternatives=\"de\" data-language-to-translate-into=\"en\" data-phrase-index=\"7\">Klein in der Gr\u00f6\u00dfe, leicht im Gewicht und einfach zu bedienen.<\/span> <span class=\"JLqJ4b ChMk0b\" data-language-for-alternatives=\"de\" data-language-to-translate-into=\"en\" data-phrase-index=\"9\">Manuelle oder automatische Abschaltung.<\/span> <span class=\"JLqJ4b ChMk0b\" data-language-for-alternatives=\"de\" data-language-to-translate-into=\"en\" data-phrase-index=\"11\">Metrische\/Imperiale Konvertierung.<\/span> <span class=\"JLqJ4b ChMk0b\" data-language-for-alternatives=\"de\" data-language-to-translate-into=\"en\" data-phrase-index=\"13\">Mit Durchschnittsberechnungsfunktion.<\/span> <span class=\"JLqJ4b ChMk0b\" data-language-for-alternatives=\"de\" data-language-to-translate-into=\"en\" data-phrase-index=\"15\">Verwenden Sie den USB\/RS-232-Datenausgang, um eine Verbindung mit dem PC herzustellen.<\/span> <span class=\"JLqJ4b ChMk0b\" data-language-for-alternatives=\"de\" data-language-to-translate-into=\"en\" data-phrase-index=\"17\">Bieten Sie eine Auswahl f\u00fcr die Bluetooth-Datenausgabe.<\/span> <span class=\"JLqJ4b ChMk0b\" data-language-for-alternatives=\"de\" data-language-to-translate-into=\"en\" data-phrase-index=\"19\">Spezifikation:<\/span><\/span><\/p>\n<table border=\"0\" cellspacing=\"0\" cellpadding=\"0\">\n<tbody>\n<tr>\n<td>Display<\/td>\n<td>LCD<\/td>\n<\/tr>\n<tr>\n<td>Bereich<\/td>\n<td>0~800\u00a0\u00b5m\/29.5\u00a0mils<\/td>\n<\/tr>\n<tr>\n<td>Genauigkeit<\/td>\n<td>\u00b15%or\u00b15 \u00b5m,(<span class=\"VIiyi\" lang=\"de\"><span class=\"JLqJ4b ChMk0b\" data-language-for-alternatives=\"de\" data-language-to-translate-into=\"en\" data-phrase-index=\"0\">was\u00a0der\u00a0gr\u00f6\u00dfere ist<\/span><\/span> )<\/td>\n<\/tr>\n<tr>\n<td rowspan=\"2\">Aufl\u00f6sung<\/td>\n<td>0.1\u00a0\u00b5m\/1\u00a0\u00b5m<\/td>\n<\/tr>\n<tr>\n<td>0.1mils<\/td>\n<\/tr>\n<tr>\n<td>Prinzip<\/td>\n<td>Inductance\u00a0Type<\/td>\n<\/tr>\n<tr>\n<td>Umgebungbedingungen<\/td>\n<td>Temperatur :0~50\u00baC<\/td>\n<\/tr>\n<tr>\n<td>Conditions<\/td>\n<td>Feuchte : &lt;80%RH<\/td>\n<\/tr>\n<tr>\n<td>Strompspeisung<\/td>\n<td>4&#215;1.5V\u00a0AAA(UM-4)Battery<\/td>\n<\/tr>\n<tr>\n<td>Dimension<\/td>\n<td>162x65x28\u00a0mm<\/td>\n<\/tr>\n<tr>\n<td>Gewicht<\/td>\n<td>280g<\/td>\n<\/tr>\n<tr>\n<td rowspan=\"4\">Zubeh\u00f6r<\/td>\n<td>Haupteinheit<\/td>\n<\/tr>\n<tr>\n<td><span class=\"VIiyi\" lang=\"de\"><span class=\"JLqJ4b ChMk0b\" data-language-for-alternatives=\"de\" data-language-to-translate-into=\"en\" data-phrase-index=\"0\">Standard-Musterplatte<\/span><\/span><\/td>\n<\/tr>\n<tr>\n<td><span class=\"VIiyi\" lang=\"de\"><span class=\"JLqJ4b ChMk0b\" data-language-for-alternatives=\"de\" data-language-to-translate-into=\"en\" data-phrase-index=\"0\">Tragetasche\u00a0(\u00a0B04\u00a0)<\/span><\/span><\/td>\n<\/tr>\n<tr>\n<td>Handbuch<\/td>\n<\/tr>\n<tr>\n<td rowspan=\"2\">Optionale Zubeh\u00f6r<\/td>\n<td>RS-232C Kabel mit Software<\/td>\n<\/tr>\n<tr>\n<td>Bluetooth Adapter mit Software<\/td>\n<\/tr>\n<\/tbody>\n<\/table>\n","protected":false},"excerpt":{"rendered":"<p><span class=\"VIiyi\" lang=\"de\"><span class=\"JLqJ4b ChMk0b\" data-language-for-alternatives=\"de\" data-language-to-translate-into=\"en\" data-phrase-index=\"0\">Oberfl\u00e4chenprofilmessger\u00e4t f\u00fcr den Bereich 0 bis 800 \u00b5m.<\/span><\/span><\/p>\n","protected":false},"featured_media":25472,"template":"","meta":{"_crdt_document":""},"product_brand":[],"product_cat":[312,180],"product_tag":[],"class_list":{"0":"post-25456","1":"product","2":"type-product","3":"status-publish","4":"has-post-thumbnail","6":"product_cat-dicke","7":"product_cat-messung","9":"first","10":"instock","11":"taxable","12":"shipping-taxable","13":"purchasable","14":"product-type-simple"},"yoast_head":"<!-- This site is optimized with the Yoast SEO plugin v27.3 - https:\/\/yoast.com\/product\/yoast-seo-wordpress\/ -->\n<title>Oberfl\u00e4chenprofilmessger\u00e4t SRT 6223 - Sysmatec<\/title>\n<meta name=\"description\" content=\"Das Profilometer ist ein Oberfl\u00e4chenmessger\u00e4t. Es erm\u00f6glicht Ihnen, die Unregelm\u00e4\u00dfigkeiten einer Oberfl\u00e4che leicht zu bestimmen.\" \/>\n<meta name=\"robots\" content=\"index, follow, max-snippet:-1, max-image-preview:large, max-video-preview:-1\" \/>\n<link rel=\"canonical\" href=\"https:\/\/sysmatec.ch\/de\/produit\/oberflaechenprofilmessgeraet-srt-6223\/\" \/>\n<meta property=\"og:locale\" content=\"de_DE\" \/>\n<meta property=\"og:type\" content=\"article\" \/>\n<meta property=\"og:title\" content=\"Oberfl\u00e4chenprofilmessger\u00e4t SRT 6223 - Sysmatec\" \/>\n<meta property=\"og:description\" content=\"Das Profilometer ist ein Oberfl\u00e4chenmessger\u00e4t. Es erm\u00f6glicht Ihnen, die Unregelm\u00e4\u00dfigkeiten einer Oberfl\u00e4che leicht zu bestimmen.\" \/>\n<meta property=\"og:url\" content=\"https:\/\/sysmatec.ch\/de\/produit\/oberflaechenprofilmessgeraet-srt-6223\/\" \/>\n<meta property=\"og:site_name\" content=\"Sysmatec\" \/>\n<meta property=\"article:modified_time\" content=\"2021-11-16T20:55:35+00:00\" \/>\n<meta property=\"og:image\" content=\"https:\/\/sysmatec.ch\/wp-content\/uploads\/2021\/07\/Profiliometre_HedaoSRT6223.jpg\" \/>\n\t<meta property=\"og:image:width\" content=\"560\" \/>\n\t<meta property=\"og:image:height\" content=\"560\" \/>\n\t<meta property=\"og:image:type\" content=\"image\/jpeg\" \/>\n<meta name=\"twitter:card\" content=\"summary_large_image\" \/>\n<meta name=\"twitter:label1\" content=\"Gesch\u00e4tzte Lesezeit\" \/>\n\t<meta name=\"twitter:data1\" content=\"1\u00a0Minute\" \/>\n<script type=\"application\/ld+json\" class=\"yoast-schema-graph\">{\"@context\":\"https:\\\/\\\/schema.org\",\"@graph\":[{\"@type\":\"WebPage\",\"@id\":\"https:\\\/\\\/sysmatec.ch\\\/de\\\/produit\\\/oberflaechenprofilmessgeraet-srt-6223\\\/\",\"url\":\"https:\\\/\\\/sysmatec.ch\\\/de\\\/produit\\\/oberflaechenprofilmessgeraet-srt-6223\\\/\",\"name\":\"Oberfl\u00e4chenprofilmessger\u00e4t SRT 6223 - Sysmatec\",\"isPartOf\":{\"@id\":\"https:\\\/\\\/sysmatec.ch\\\/de\\\/#website\"},\"primaryImageOfPage\":{\"@id\":\"https:\\\/\\\/sysmatec.ch\\\/de\\\/produit\\\/oberflaechenprofilmessgeraet-srt-6223\\\/#primaryimage\"},\"image\":{\"@id\":\"https:\\\/\\\/sysmatec.ch\\\/de\\\/produit\\\/oberflaechenprofilmessgeraet-srt-6223\\\/#primaryimage\"},\"thumbnailUrl\":\"https:\\\/\\\/sysmatec.ch\\\/wp-content\\\/uploads\\\/2021\\\/07\\\/Profiliometre_HedaoSRT6223.jpg\",\"datePublished\":\"2021-07-14T06:33:25+00:00\",\"dateModified\":\"2021-11-16T20:55:35+00:00\",\"description\":\"Das Profilometer ist ein Oberfl\u00e4chenmessger\u00e4t. Es erm\u00f6glicht Ihnen, die Unregelm\u00e4\u00dfigkeiten einer Oberfl\u00e4che leicht zu bestimmen.\",\"breadcrumb\":{\"@id\":\"https:\\\/\\\/sysmatec.ch\\\/de\\\/produit\\\/oberflaechenprofilmessgeraet-srt-6223\\\/#breadcrumb\"},\"inLanguage\":\"de\",\"potentialAction\":[{\"@type\":\"ReadAction\",\"target\":[\"https:\\\/\\\/sysmatec.ch\\\/de\\\/produit\\\/oberflaechenprofilmessgeraet-srt-6223\\\/\"]}]},{\"@type\":\"ImageObject\",\"inLanguage\":\"de\",\"@id\":\"https:\\\/\\\/sysmatec.ch\\\/de\\\/produit\\\/oberflaechenprofilmessgeraet-srt-6223\\\/#primaryimage\",\"url\":\"https:\\\/\\\/sysmatec.ch\\\/wp-content\\\/uploads\\\/2021\\\/07\\\/Profiliometre_HedaoSRT6223.jpg\",\"contentUrl\":\"https:\\\/\\\/sysmatec.ch\\\/wp-content\\\/uploads\\\/2021\\\/07\\\/Profiliometre_HedaoSRT6223.jpg\",\"width\":560,\"height\":560},{\"@type\":\"BreadcrumbList\",\"@id\":\"https:\\\/\\\/sysmatec.ch\\\/de\\\/produit\\\/oberflaechenprofilmessgeraet-srt-6223\\\/#breadcrumb\",\"itemListElement\":[{\"@type\":\"ListItem\",\"position\":1,\"name\":\"Accueil\",\"item\":\"https:\\\/\\\/sysmatec.ch\\\/de\\\/\"},{\"@type\":\"ListItem\",\"position\":2,\"name\":\"Die Aktivit\u00e4t von Sysmatec\",\"item\":\"https:\\\/\\\/sysmatec.ch\\\/de\\\/\"},{\"@type\":\"ListItem\",\"position\":3,\"name\":\"Oberfl\u00e4chenprofilmessger\u00e4t SRT 6223\"}]},{\"@type\":\"WebSite\",\"@id\":\"https:\\\/\\\/sysmatec.ch\\\/de\\\/#website\",\"url\":\"https:\\\/\\\/sysmatec.ch\\\/de\\\/\",\"name\":\"Sysmatec\",\"description\":\"Equipement de laboratoire et logiciels\",\"publisher\":{\"@id\":\"https:\\\/\\\/sysmatec.ch\\\/de\\\/#organization\"},\"potentialAction\":[{\"@type\":\"SearchAction\",\"target\":{\"@type\":\"EntryPoint\",\"urlTemplate\":\"https:\\\/\\\/sysmatec.ch\\\/de\\\/?s={search_term_string}\"},\"query-input\":{\"@type\":\"PropertyValueSpecification\",\"valueRequired\":true,\"valueName\":\"search_term_string\"}}],\"inLanguage\":\"de\"},{\"@type\":\"Organization\",\"@id\":\"https:\\\/\\\/sysmatec.ch\\\/de\\\/#organization\",\"name\":\"Sysmatec\",\"url\":\"https:\\\/\\\/sysmatec.ch\\\/de\\\/\",\"logo\":{\"@type\":\"ImageObject\",\"inLanguage\":\"de\",\"@id\":\"https:\\\/\\\/sysmatec.ch\\\/de\\\/#\\\/schema\\\/logo\\\/image\\\/\",\"url\":\"https:\\\/\\\/sysmatec.ch\\\/wp-content\\\/uploads\\\/2018\\\/11\\\/LogoSysmatec.jpg\",\"contentUrl\":\"https:\\\/\\\/sysmatec.ch\\\/wp-content\\\/uploads\\\/2018\\\/11\\\/LogoSysmatec.jpg\",\"width\":301,\"height\":297,\"caption\":\"Sysmatec\"},\"image\":{\"@id\":\"https:\\\/\\\/sysmatec.ch\\\/de\\\/#\\\/schema\\\/logo\\\/image\\\/\"}}]}<\/script>\n<!-- \/ Yoast SEO plugin. -->","yoast_head_json":{"title":"Oberfl\u00e4chenprofilmessger\u00e4t SRT 6223 - Sysmatec","description":"Das Profilometer ist ein Oberfl\u00e4chenmessger\u00e4t. Es erm\u00f6glicht Ihnen, die Unregelm\u00e4\u00dfigkeiten einer Oberfl\u00e4che leicht zu bestimmen.","robots":{"index":"index","follow":"follow","max-snippet":"max-snippet:-1","max-image-preview":"max-image-preview:large","max-video-preview":"max-video-preview:-1"},"canonical":"https:\/\/sysmatec.ch\/de\/produit\/oberflaechenprofilmessgeraet-srt-6223\/","og_locale":"de_DE","og_type":"article","og_title":"Oberfl\u00e4chenprofilmessger\u00e4t SRT 6223 - Sysmatec","og_description":"Das Profilometer ist ein Oberfl\u00e4chenmessger\u00e4t. Es erm\u00f6glicht Ihnen, die Unregelm\u00e4\u00dfigkeiten einer Oberfl\u00e4che leicht zu bestimmen.","og_url":"https:\/\/sysmatec.ch\/de\/produit\/oberflaechenprofilmessgeraet-srt-6223\/","og_site_name":"Sysmatec","article_modified_time":"2021-11-16T20:55:35+00:00","og_image":[{"width":560,"height":560,"url":"https:\/\/sysmatec.ch\/wp-content\/uploads\/2021\/07\/Profiliometre_HedaoSRT6223.jpg","type":"image\/jpeg"}],"twitter_card":"summary_large_image","twitter_misc":{"Gesch\u00e4tzte Lesezeit":"1\u00a0Minute"},"schema":{"@context":"https:\/\/schema.org","@graph":[{"@type":"WebPage","@id":"https:\/\/sysmatec.ch\/de\/produit\/oberflaechenprofilmessgeraet-srt-6223\/","url":"https:\/\/sysmatec.ch\/de\/produit\/oberflaechenprofilmessgeraet-srt-6223\/","name":"Oberfl\u00e4chenprofilmessger\u00e4t SRT 6223 - Sysmatec","isPartOf":{"@id":"https:\/\/sysmatec.ch\/de\/#website"},"primaryImageOfPage":{"@id":"https:\/\/sysmatec.ch\/de\/produit\/oberflaechenprofilmessgeraet-srt-6223\/#primaryimage"},"image":{"@id":"https:\/\/sysmatec.ch\/de\/produit\/oberflaechenprofilmessgeraet-srt-6223\/#primaryimage"},"thumbnailUrl":"https:\/\/sysmatec.ch\/wp-content\/uploads\/2021\/07\/Profiliometre_HedaoSRT6223.jpg","datePublished":"2021-07-14T06:33:25+00:00","dateModified":"2021-11-16T20:55:35+00:00","description":"Das Profilometer ist ein Oberfl\u00e4chenmessger\u00e4t. Es erm\u00f6glicht Ihnen, die Unregelm\u00e4\u00dfigkeiten einer Oberfl\u00e4che leicht zu bestimmen.","breadcrumb":{"@id":"https:\/\/sysmatec.ch\/de\/produit\/oberflaechenprofilmessgeraet-srt-6223\/#breadcrumb"},"inLanguage":"de","potentialAction":[{"@type":"ReadAction","target":["https:\/\/sysmatec.ch\/de\/produit\/oberflaechenprofilmessgeraet-srt-6223\/"]}]},{"@type":"ImageObject","inLanguage":"de","@id":"https:\/\/sysmatec.ch\/de\/produit\/oberflaechenprofilmessgeraet-srt-6223\/#primaryimage","url":"https:\/\/sysmatec.ch\/wp-content\/uploads\/2021\/07\/Profiliometre_HedaoSRT6223.jpg","contentUrl":"https:\/\/sysmatec.ch\/wp-content\/uploads\/2021\/07\/Profiliometre_HedaoSRT6223.jpg","width":560,"height":560},{"@type":"BreadcrumbList","@id":"https:\/\/sysmatec.ch\/de\/produit\/oberflaechenprofilmessgeraet-srt-6223\/#breadcrumb","itemListElement":[{"@type":"ListItem","position":1,"name":"Accueil","item":"https:\/\/sysmatec.ch\/de\/"},{"@type":"ListItem","position":2,"name":"Die Aktivit\u00e4t von Sysmatec","item":"https:\/\/sysmatec.ch\/de\/"},{"@type":"ListItem","position":3,"name":"Oberfl\u00e4chenprofilmessger\u00e4t SRT 6223"}]},{"@type":"WebSite","@id":"https:\/\/sysmatec.ch\/de\/#website","url":"https:\/\/sysmatec.ch\/de\/","name":"Sysmatec","description":"Equipement de laboratoire et logiciels","publisher":{"@id":"https:\/\/sysmatec.ch\/de\/#organization"},"potentialAction":[{"@type":"SearchAction","target":{"@type":"EntryPoint","urlTemplate":"https:\/\/sysmatec.ch\/de\/?s={search_term_string}"},"query-input":{"@type":"PropertyValueSpecification","valueRequired":true,"valueName":"search_term_string"}}],"inLanguage":"de"},{"@type":"Organization","@id":"https:\/\/sysmatec.ch\/de\/#organization","name":"Sysmatec","url":"https:\/\/sysmatec.ch\/de\/","logo":{"@type":"ImageObject","inLanguage":"de","@id":"https:\/\/sysmatec.ch\/de\/#\/schema\/logo\/image\/","url":"https:\/\/sysmatec.ch\/wp-content\/uploads\/2018\/11\/LogoSysmatec.jpg","contentUrl":"https:\/\/sysmatec.ch\/wp-content\/uploads\/2018\/11\/LogoSysmatec.jpg","width":301,"height":297,"caption":"Sysmatec"},"image":{"@id":"https:\/\/sysmatec.ch\/de\/#\/schema\/logo\/image\/"}}]}},"_links":{"self":[{"href":"https:\/\/sysmatec.ch\/de\/wp-json\/wp\/v2\/product\/25456","targetHints":{"allow":["GET"]}}],"collection":[{"href":"https:\/\/sysmatec.ch\/de\/wp-json\/wp\/v2\/product"}],"about":[{"href":"https:\/\/sysmatec.ch\/de\/wp-json\/wp\/v2\/types\/product"}],"wp:featuredmedia":[{"embeddable":true,"href":"https:\/\/sysmatec.ch\/de\/wp-json\/wp\/v2\/media\/25472"}],"wp:attachment":[{"href":"https:\/\/sysmatec.ch\/de\/wp-json\/wp\/v2\/media?parent=25456"}],"wp:term":[{"taxonomy":"product_brand","embeddable":true,"href":"https:\/\/sysmatec.ch\/de\/wp-json\/wp\/v2\/product_brand?post=25456"},{"taxonomy":"product_cat","embeddable":true,"href":"https:\/\/sysmatec.ch\/de\/wp-json\/wp\/v2\/product_cat?post=25456"},{"taxonomy":"product_tag","embeddable":true,"href":"https:\/\/sysmatec.ch\/de\/wp-json\/wp\/v2\/product_tag?post=25456"}],"curies":[{"name":"wp","href":"https:\/\/api.w.org\/{rel}","templated":true}]}}