{"id":25441,"date":"2021-07-13T08:55:02","date_gmt":"2021-07-13T06:55:02","guid":{"rendered":"https:\/\/sysmatec.ch\/?post_type=product&#038;p=25441"},"modified":"2021-11-17T13:30:27","modified_gmt":"2021-11-17T12:30:27","slug":"digitaler-messschieber-aus-edelstahl-hdc-04","status":"publish","type":"product","link":"https:\/\/sysmatec.ch\/de\/Produkt\/digitaler-messschieber-aus-edelstahl-hdc-04\/","title":{"rendered":"Digitaler Messschieber aus Edelstahl HDC-04"},"content":{"rendered":"<p><span class=\"VIiyi\" lang=\"de\"><span class=\"JLqJ4b ChMk0b\" data-language-for-alternatives=\"de\" data-language-to-translate-into=\"en\" data-phrase-index=\"0\">Aus Edelstahl<\/span><\/span><\/p>\n<p><span class=\"VIiyi\" lang=\"de\"><span class=\"JLqJ4b ChMk0b\" data-language-for-alternatives=\"de\" data-language-to-translate-into=\"en\" data-phrase-index=\"2\">Zwei-Wege-Messung, intern und extern<\/span><\/span><\/p>\n<p><span class=\"VIiyi\" lang=\"de\"><span class=\"JLqJ4b ChMk0b\" data-language-for-alternatives=\"de\" data-language-to-translate-into=\"en\" data-phrase-index=\"4\">Lineares kapazitives Messsystem<\/span><\/span><\/p>\n<p><span class=\"VIiyi\" lang=\"de\"><span class=\"JLqJ4b ChMk0b\" data-language-for-alternatives=\"de\" data-language-to-translate-into=\"en\" data-phrase-index=\"6\">Nullstellung in jeder Position<\/span> <span class=\"JLqJ4b ChMk0b\" data-language-for-alternatives=\"de\" data-language-to-translate-into=\"en\" data-phrase-index=\"8\">Mit gut ablesbarem gro\u00dfen LCD-Display<\/span><\/span><\/p>\n<p><span class=\"VIiyi\" lang=\"de\"><span class=\"JLqJ4b ChMk0b\" data-language-for-alternatives=\"de\" data-language-to-translate-into=\"en\" data-phrase-index=\"10\">Die minimal abzulesende Skala betr\u00e4gt 0.01 mm \/ 0.0005 Zoll<\/span><\/span><\/p>\n<p><span class=\"VIiyi\" lang=\"de\"><span class=\"JLqJ4b ChMk0b\" data-language-for-alternatives=\"de\" data-language-to-translate-into=\"en\" data-phrase-index=\"12\">Ein ideales Werkzeug f\u00fcr eine breite Palette von Industrie- und Automobilanwendungen<\/span><\/span><\/p>\n<h2><span class=\"VIiyi\" lang=\"de\"><span class=\"JLqJ4b ChMk0b\" data-language-for-alternatives=\"de\" data-language-to-translate-into=\"en\" data-phrase-index=\"0\">Messschieber Spezifikationen<\/span><\/span><\/h2>\n<ul>\n<li><span class=\"VIiyi\" lang=\"de\"><span class=\"JLqJ4b ChMk0b\" data-language-for-alternatives=\"de\" data-language-to-translate-into=\"en\" data-phrase-index=\"2\">Messbereich: 0-150 mm \/ 0-6 Zoll<\/span><\/span><\/li>\n<li><span class=\"VIiyi\" lang=\"de\"><span class=\"JLqJ4b ChMk0b\" data-language-for-alternatives=\"de\" data-language-to-translate-into=\"en\" data-phrase-index=\"4\">Aufl\u00f6sung: \u00b1 0.01 mm \/ 0.0005 Zoll<\/span><\/span><\/li>\n<li><span class=\"VIiyi\" lang=\"de\"><span class=\"JLqJ4b ChMk0b\" data-language-for-alternatives=\"de\" data-language-to-translate-into=\"en\" data-phrase-index=\"6\">Wiederholbarkeit: 0.01 mm \/ 0.0005 Zoll<\/span> <\/span><\/li>\n<li><span class=\"VIiyi\" lang=\"de\"><span class=\"JLqJ4b ChMk0b\" data-language-for-alternatives=\"de\" data-language-to-translate-into=\"en\" data-phrase-index=\"8\">Maximale Messgeschwindigkeit: 1.5 m \/ Sek. oder 60 Zoll \/ Sek.<\/span><\/span><\/li>\n<li><span class=\"VIiyi\" lang=\"de\"><span class=\"JLqJ4b ChMk0b\" data-language-for-alternatives=\"de\" data-language-to-translate-into=\"en\" data-phrase-index=\"10\">Anzeige: LCD-Bildschirm<\/span><\/span><\/li>\n<li><span class=\"VIiyi\" lang=\"de\"><span class=\"JLqJ4b ChMk0b\" data-language-for-alternatives=\"de\" data-language-to-translate-into=\"en\" data-phrase-index=\"12\">Stromversorgung: eine 1,5-V-LR44-Batterie (nicht im Lieferumfang enthalten)<\/span><\/span><\/li>\n<li><span class=\"VIiyi\" lang=\"de\"><span class=\"JLqJ4b ChMk0b\" data-language-for-alternatives=\"de\" data-language-to-translate-into=\"en\" data-phrase-index=\"14\">Gesamtgr\u00f6\u00dfe: 240*70*3 mm<\/span><\/span><\/li>\n<li><span class=\"VIiyi\" lang=\"de\"><span class=\"JLqJ4b ChMk0b\" data-language-for-alternatives=\"de\" data-language-to-translate-into=\"en\" data-phrase-index=\"16\">Automatische Abschaltung nach 5 Minuten bei jedem Vorgang<\/span><\/span><\/li>\n<\/ul>\n","protected":false},"excerpt":{"rendered":"<p><span class=\"VIiyi\" lang=\"de\"><span class=\"JLqJ4b ChMk0b\" data-language-for-alternatives=\"de\" data-language-to-translate-into=\"en\" data-phrase-index=\"0\">Hochpr\u00e4ziser Messschieber aus Edelstahl mit Anzeige und 0.01 mm Aufl\u00f6sung.<\/span><\/span><\/p>\n","protected":false},"featured_media":25445,"template":"","meta":{"_crdt_document":""},"product_brand":[],"product_cat":[203],"product_tag":[],"class_list":{"0":"post-25441","1":"product","2":"type-product","3":"status-publish","4":"has-post-thumbnail","6":"product_cat-laenge","8":"first","9":"instock","10":"taxable","11":"shipping-taxable","12":"purchasable","13":"product-type-simple"},"yoast_head":"<!-- This site is optimized with the Yoast SEO plugin v27.3 - https:\/\/yoast.com\/product\/yoast-seo-wordpress\/ -->\n<title>Digitaler Messschieber aus Edelstahl HDC-04 - Sysmatec<\/title>\n<meta name=\"description\" content=\"Messschieber, Edelstahl, L\u00e4ngenmessung, Messschieber mit LCD-Anzeige, hochpr\u00e4ziser Messschieber, Aufl\u00f6sung 0.01 mm\" \/>\n<meta name=\"robots\" content=\"index, follow, max-snippet:-1, max-image-preview:large, max-video-preview:-1\" \/>\n<link rel=\"canonical\" href=\"https:\/\/sysmatec.ch\/de\/produit\/digitaler-messschieber-aus-edelstahl-hdc-04\/\" \/>\n<meta property=\"og:locale\" content=\"de_DE\" \/>\n<meta property=\"og:type\" content=\"article\" \/>\n<meta property=\"og:title\" content=\"Digitaler Messschieber aus Edelstahl HDC-04 - Sysmatec\" \/>\n<meta property=\"og:description\" content=\"Messschieber, Edelstahl, L\u00e4ngenmessung, Messschieber mit LCD-Anzeige, hochpr\u00e4ziser Messschieber, Aufl\u00f6sung 0.01 mm\" \/>\n<meta property=\"og:url\" content=\"https:\/\/sysmatec.ch\/de\/produit\/digitaler-messschieber-aus-edelstahl-hdc-04\/\" \/>\n<meta property=\"og:site_name\" content=\"Sysmatec\" \/>\n<meta property=\"article:modified_time\" content=\"2021-11-17T12:30:27+00:00\" \/>\n<meta property=\"og:image\" content=\"https:\/\/sysmatec.ch\/wp-content\/uploads\/2021\/07\/PiedACoulisse_HedaoHDC04.jpg\" \/>\n\t<meta property=\"og:image:width\" content=\"560\" \/>\n\t<meta property=\"og:image:height\" content=\"560\" \/>\n\t<meta property=\"og:image:type\" content=\"image\/jpeg\" \/>\n<meta name=\"twitter:card\" content=\"summary_large_image\" \/>\n<meta name=\"twitter:label1\" content=\"Gesch\u00e4tzte Lesezeit\" \/>\n\t<meta name=\"twitter:data1\" content=\"1\u00a0Minute\" \/>\n<script type=\"application\/ld+json\" class=\"yoast-schema-graph\">{\"@context\":\"https:\\\/\\\/schema.org\",\"@graph\":[{\"@type\":\"WebPage\",\"@id\":\"https:\\\/\\\/sysmatec.ch\\\/de\\\/produit\\\/digitaler-messschieber-aus-edelstahl-hdc-04\\\/\",\"url\":\"https:\\\/\\\/sysmatec.ch\\\/de\\\/produit\\\/digitaler-messschieber-aus-edelstahl-hdc-04\\\/\",\"name\":\"Digitaler Messschieber aus Edelstahl HDC-04 - Sysmatec\",\"isPartOf\":{\"@id\":\"https:\\\/\\\/sysmatec.ch\\\/de\\\/#website\"},\"primaryImageOfPage\":{\"@id\":\"https:\\\/\\\/sysmatec.ch\\\/de\\\/produit\\\/digitaler-messschieber-aus-edelstahl-hdc-04\\\/#primaryimage\"},\"image\":{\"@id\":\"https:\\\/\\\/sysmatec.ch\\\/de\\\/produit\\\/digitaler-messschieber-aus-edelstahl-hdc-04\\\/#primaryimage\"},\"thumbnailUrl\":\"https:\\\/\\\/sysmatec.ch\\\/wp-content\\\/uploads\\\/2021\\\/07\\\/PiedACoulisse_HedaoHDC04.jpg\",\"datePublished\":\"2021-07-13T06:55:02+00:00\",\"dateModified\":\"2021-11-17T12:30:27+00:00\",\"description\":\"Messschieber, Edelstahl, L\u00e4ngenmessung, Messschieber mit LCD-Anzeige, hochpr\u00e4ziser Messschieber, Aufl\u00f6sung 0.01 mm\",\"breadcrumb\":{\"@id\":\"https:\\\/\\\/sysmatec.ch\\\/de\\\/produit\\\/digitaler-messschieber-aus-edelstahl-hdc-04\\\/#breadcrumb\"},\"inLanguage\":\"de\",\"potentialAction\":[{\"@type\":\"ReadAction\",\"target\":[\"https:\\\/\\\/sysmatec.ch\\\/de\\\/produit\\\/digitaler-messschieber-aus-edelstahl-hdc-04\\\/\"]}]},{\"@type\":\"ImageObject\",\"inLanguage\":\"de\",\"@id\":\"https:\\\/\\\/sysmatec.ch\\\/de\\\/produit\\\/digitaler-messschieber-aus-edelstahl-hdc-04\\\/#primaryimage\",\"url\":\"https:\\\/\\\/sysmatec.ch\\\/wp-content\\\/uploads\\\/2021\\\/07\\\/PiedACoulisse_HedaoHDC04.jpg\",\"contentUrl\":\"https:\\\/\\\/sysmatec.ch\\\/wp-content\\\/uploads\\\/2021\\\/07\\\/PiedACoulisse_HedaoHDC04.jpg\",\"width\":560,\"height\":560},{\"@type\":\"BreadcrumbList\",\"@id\":\"https:\\\/\\\/sysmatec.ch\\\/de\\\/produit\\\/digitaler-messschieber-aus-edelstahl-hdc-04\\\/#breadcrumb\",\"itemListElement\":[{\"@type\":\"ListItem\",\"position\":1,\"name\":\"Accueil\",\"item\":\"https:\\\/\\\/sysmatec.ch\\\/de\\\/\"},{\"@type\":\"ListItem\",\"position\":2,\"name\":\"Die Aktivit\u00e4t von Sysmatec\",\"item\":\"https:\\\/\\\/sysmatec.ch\\\/de\\\/\"},{\"@type\":\"ListItem\",\"position\":3,\"name\":\"Digitaler Messschieber aus Edelstahl HDC-04\"}]},{\"@type\":\"WebSite\",\"@id\":\"https:\\\/\\\/sysmatec.ch\\\/de\\\/#website\",\"url\":\"https:\\\/\\\/sysmatec.ch\\\/de\\\/\",\"name\":\"Sysmatec\",\"description\":\"Equipement de laboratoire et logiciels\",\"publisher\":{\"@id\":\"https:\\\/\\\/sysmatec.ch\\\/de\\\/#organization\"},\"potentialAction\":[{\"@type\":\"SearchAction\",\"target\":{\"@type\":\"EntryPoint\",\"urlTemplate\":\"https:\\\/\\\/sysmatec.ch\\\/de\\\/?s={search_term_string}\"},\"query-input\":{\"@type\":\"PropertyValueSpecification\",\"valueRequired\":true,\"valueName\":\"search_term_string\"}}],\"inLanguage\":\"de\"},{\"@type\":\"Organization\",\"@id\":\"https:\\\/\\\/sysmatec.ch\\\/de\\\/#organization\",\"name\":\"Sysmatec\",\"url\":\"https:\\\/\\\/sysmatec.ch\\\/de\\\/\",\"logo\":{\"@type\":\"ImageObject\",\"inLanguage\":\"de\",\"@id\":\"https:\\\/\\\/sysmatec.ch\\\/de\\\/#\\\/schema\\\/logo\\\/image\\\/\",\"url\":\"https:\\\/\\\/sysmatec.ch\\\/wp-content\\\/uploads\\\/2018\\\/11\\\/LogoSysmatec.jpg\",\"contentUrl\":\"https:\\\/\\\/sysmatec.ch\\\/wp-content\\\/uploads\\\/2018\\\/11\\\/LogoSysmatec.jpg\",\"width\":301,\"height\":297,\"caption\":\"Sysmatec\"},\"image\":{\"@id\":\"https:\\\/\\\/sysmatec.ch\\\/de\\\/#\\\/schema\\\/logo\\\/image\\\/\"}}]}<\/script>\n<!-- \/ Yoast SEO plugin. -->","yoast_head_json":{"title":"Digitaler Messschieber aus Edelstahl HDC-04 - Sysmatec","description":"Messschieber, Edelstahl, L\u00e4ngenmessung, Messschieber mit LCD-Anzeige, hochpr\u00e4ziser Messschieber, Aufl\u00f6sung 0.01 mm","robots":{"index":"index","follow":"follow","max-snippet":"max-snippet:-1","max-image-preview":"max-image-preview:large","max-video-preview":"max-video-preview:-1"},"canonical":"https:\/\/sysmatec.ch\/de\/produit\/digitaler-messschieber-aus-edelstahl-hdc-04\/","og_locale":"de_DE","og_type":"article","og_title":"Digitaler Messschieber aus Edelstahl HDC-04 - Sysmatec","og_description":"Messschieber, Edelstahl, L\u00e4ngenmessung, Messschieber mit LCD-Anzeige, hochpr\u00e4ziser Messschieber, Aufl\u00f6sung 0.01 mm","og_url":"https:\/\/sysmatec.ch\/de\/produit\/digitaler-messschieber-aus-edelstahl-hdc-04\/","og_site_name":"Sysmatec","article_modified_time":"2021-11-17T12:30:27+00:00","og_image":[{"width":560,"height":560,"url":"https:\/\/sysmatec.ch\/wp-content\/uploads\/2021\/07\/PiedACoulisse_HedaoHDC04.jpg","type":"image\/jpeg"}],"twitter_card":"summary_large_image","twitter_misc":{"Gesch\u00e4tzte Lesezeit":"1\u00a0Minute"},"schema":{"@context":"https:\/\/schema.org","@graph":[{"@type":"WebPage","@id":"https:\/\/sysmatec.ch\/de\/produit\/digitaler-messschieber-aus-edelstahl-hdc-04\/","url":"https:\/\/sysmatec.ch\/de\/produit\/digitaler-messschieber-aus-edelstahl-hdc-04\/","name":"Digitaler Messschieber aus Edelstahl HDC-04 - Sysmatec","isPartOf":{"@id":"https:\/\/sysmatec.ch\/de\/#website"},"primaryImageOfPage":{"@id":"https:\/\/sysmatec.ch\/de\/produit\/digitaler-messschieber-aus-edelstahl-hdc-04\/#primaryimage"},"image":{"@id":"https:\/\/sysmatec.ch\/de\/produit\/digitaler-messschieber-aus-edelstahl-hdc-04\/#primaryimage"},"thumbnailUrl":"https:\/\/sysmatec.ch\/wp-content\/uploads\/2021\/07\/PiedACoulisse_HedaoHDC04.jpg","datePublished":"2021-07-13T06:55:02+00:00","dateModified":"2021-11-17T12:30:27+00:00","description":"Messschieber, Edelstahl, L\u00e4ngenmessung, Messschieber mit LCD-Anzeige, hochpr\u00e4ziser Messschieber, Aufl\u00f6sung 0.01 mm","breadcrumb":{"@id":"https:\/\/sysmatec.ch\/de\/produit\/digitaler-messschieber-aus-edelstahl-hdc-04\/#breadcrumb"},"inLanguage":"de","potentialAction":[{"@type":"ReadAction","target":["https:\/\/sysmatec.ch\/de\/produit\/digitaler-messschieber-aus-edelstahl-hdc-04\/"]}]},{"@type":"ImageObject","inLanguage":"de","@id":"https:\/\/sysmatec.ch\/de\/produit\/digitaler-messschieber-aus-edelstahl-hdc-04\/#primaryimage","url":"https:\/\/sysmatec.ch\/wp-content\/uploads\/2021\/07\/PiedACoulisse_HedaoHDC04.jpg","contentUrl":"https:\/\/sysmatec.ch\/wp-content\/uploads\/2021\/07\/PiedACoulisse_HedaoHDC04.jpg","width":560,"height":560},{"@type":"BreadcrumbList","@id":"https:\/\/sysmatec.ch\/de\/produit\/digitaler-messschieber-aus-edelstahl-hdc-04\/#breadcrumb","itemListElement":[{"@type":"ListItem","position":1,"name":"Accueil","item":"https:\/\/sysmatec.ch\/de\/"},{"@type":"ListItem","position":2,"name":"Die Aktivit\u00e4t von Sysmatec","item":"https:\/\/sysmatec.ch\/de\/"},{"@type":"ListItem","position":3,"name":"Digitaler Messschieber aus Edelstahl HDC-04"}]},{"@type":"WebSite","@id":"https:\/\/sysmatec.ch\/de\/#website","url":"https:\/\/sysmatec.ch\/de\/","name":"Sysmatec","description":"Equipement de laboratoire et logiciels","publisher":{"@id":"https:\/\/sysmatec.ch\/de\/#organization"},"potentialAction":[{"@type":"SearchAction","target":{"@type":"EntryPoint","urlTemplate":"https:\/\/sysmatec.ch\/de\/?s={search_term_string}"},"query-input":{"@type":"PropertyValueSpecification","valueRequired":true,"valueName":"search_term_string"}}],"inLanguage":"de"},{"@type":"Organization","@id":"https:\/\/sysmatec.ch\/de\/#organization","name":"Sysmatec","url":"https:\/\/sysmatec.ch\/de\/","logo":{"@type":"ImageObject","inLanguage":"de","@id":"https:\/\/sysmatec.ch\/de\/#\/schema\/logo\/image\/","url":"https:\/\/sysmatec.ch\/wp-content\/uploads\/2018\/11\/LogoSysmatec.jpg","contentUrl":"https:\/\/sysmatec.ch\/wp-content\/uploads\/2018\/11\/LogoSysmatec.jpg","width":301,"height":297,"caption":"Sysmatec"},"image":{"@id":"https:\/\/sysmatec.ch\/de\/#\/schema\/logo\/image\/"}}]}},"_links":{"self":[{"href":"https:\/\/sysmatec.ch\/de\/wp-json\/wp\/v2\/product\/25441","targetHints":{"allow":["GET"]}}],"collection":[{"href":"https:\/\/sysmatec.ch\/de\/wp-json\/wp\/v2\/product"}],"about":[{"href":"https:\/\/sysmatec.ch\/de\/wp-json\/wp\/v2\/types\/product"}],"wp:featuredmedia":[{"embeddable":true,"href":"https:\/\/sysmatec.ch\/de\/wp-json\/wp\/v2\/media\/25445"}],"wp:attachment":[{"href":"https:\/\/sysmatec.ch\/de\/wp-json\/wp\/v2\/media?parent=25441"}],"wp:term":[{"taxonomy":"product_brand","embeddable":true,"href":"https:\/\/sysmatec.ch\/de\/wp-json\/wp\/v2\/product_brand?post=25441"},{"taxonomy":"product_cat","embeddable":true,"href":"https:\/\/sysmatec.ch\/de\/wp-json\/wp\/v2\/product_cat?post=25441"},{"taxonomy":"product_tag","embeddable":true,"href":"https:\/\/sysmatec.ch\/de\/wp-json\/wp\/v2\/product_tag?post=25441"}],"curies":[{"name":"wp","href":"https:\/\/api.w.org\/{rel}","templated":true}]}}