{"id":25434,"date":"2021-07-12T21:31:19","date_gmt":"2021-07-12T19:31:19","guid":{"rendered":"https:\/\/sysmatec.ch\/?post_type=product&#038;p=25434"},"modified":"2021-11-17T14:32:52","modified_gmt":"2021-11-17T13:32:52","slug":"elektromagnetischer-strahlungstester-hwt-3121","status":"publish","type":"product","link":"https:\/\/sysmatec.ch\/de\/Produkt\/elektromagnetischer-strahlungstester-hwt-3121\/","title":{"rendered":"Elektromagnetischer Strahlungstester HWT-3121"},"content":{"rendered":"<p><span class=\"VIiyi\" lang=\"de\"><span class=\"JLqJ4b ChMk0b\" data-language-for-alternatives=\"de\" data-language-to-translate-into=\"fr\" data-phrase-index=\"0\">Zwei Instrumente in einem.<\/span> <span class=\"JLqJ4b ChMk0b\" data-language-for-alternatives=\"de\" data-language-to-translate-into=\"fr\" data-phrase-index=\"1\">Das Ger\u00e4t kann gleichzeitig elektrische Feld- und Magnetfeldstrahlung testen;<\/span> <span class=\"JLqJ4b ChMk0b\" data-language-for-alternatives=\"de\" data-language-to-translate-into=\"fr\" data-phrase-index=\"2\">Ton- und Lichtalarm, wenn das Messergebnis den Sicherheitswert \u00fcberschreitet;<\/span> <span class=\"JLqJ4b ChMk0b\" data-language-for-alternatives=\"de\" data-language-to-translate-into=\"fr\" data-phrase-index=\"3\">Datensperre, One-Touch-Sperre f\u00fcr Einstrahlungswert, LCD-Grafikdisplay.<\/span><\/span><\/p>\n<table class=\"Table\" border=\"1\" cellspacing=\"0\">\n<tbody>\n<tr>\n<td rowspan=\"2\"><\/td>\n<td><span class=\"VIiyi\" lang=\"de\"><span class=\"JLqJ4b ChMk0b\" data-language-for-alternatives=\"de\" data-language-to-translate-into=\"fr\" data-phrase-index=\"0\">Elektrisches Feld<\/span><\/span><\/td>\n<td>\u00a0Mgnetisches Feld<\/td>\n<\/tr>\n<tr>\n<td>V\/m<\/td>\n<td>uT<\/td>\n<\/tr>\n<tr>\n<td>Genauigkeit<\/td>\n<td>1V\/m<\/td>\n<td>0.01uT<\/td>\n<\/tr>\n<tr>\n<td>Bereich<\/td>\n<td>1V\/m-1999V\/m<\/td>\n<td>0.01uT-99.99uT<\/td>\n<\/tr>\n<tr>\n<td>Alarme<\/td>\n<td>40V\/m<\/td>\n<td>0.4uT<\/td>\n<\/tr>\n<tr>\n<td>Display<\/td>\n<td colspan=\"2\">3~1\/2-digit\u00a0LCD<\/td>\n<\/tr>\n<tr>\n<td>Messbereich<\/td>\n<td colspan=\"2\">5Hz~3500MHz<\/td>\n<\/tr>\n<tr>\n<td>Messfequenz<\/td>\n<td colspan=\"2\">ca. 0.4 Sekunde<\/td>\n<\/tr>\n<tr>\n<td><span class=\"VIiyi\" lang=\"de\"><span class=\"JLqJ4b ChMk0b\" data-language-for-alternatives=\"de\" data-language-to-translate-into=\"fr\" data-phrase-index=\"0\">Anzeige \u00fcberschrittener Werte<\/span><\/span><\/td>\n<td colspan=\"2\"><span class=\"VIiyi\" lang=\"de\"><span class=\"JLqJ4b ChMk0b\" data-language-for-alternatives=\"de\" data-language-to-translate-into=\"fr\" data-phrase-index=\"0\">Das Display zeigt den Maximalwert an<\/span><\/span><\/td>\n<\/tr>\n<tr>\n<td><span class=\"VIiyi\" lang=\"de\"><span class=\"JLqJ4b ChMk0b\" data-language-for-alternatives=\"de\" data-language-to-translate-into=\"fr\" data-phrase-index=\"0\">Betriebstemperatur<\/span><\/span><\/td>\n<td colspan=\"2\">0\u00b0C bis 50\u00b0C<\/td>\n<\/tr>\n<tr>\n<td><span class=\"VIiyi\" lang=\"de\"><span class=\"JLqJ4b ChMk0b\" data-language-for-alternatives=\"de\" data-language-to-translate-into=\"fr\" data-phrase-index=\"0\">Betriebsfeuchte<\/span><\/span><\/td>\n<td colspan=\"2\">relative Feuchte&lt; 80%<\/td>\n<\/tr>\n<tr>\n<td><span class=\"VIiyi\" lang=\"de\"><span class=\"JLqJ4b ChMk0b\" data-language-for-alternatives=\"de\" data-language-to-translate-into=\"fr\" data-phrase-index=\"0\">Betriebsspannung<\/span><\/span><\/td>\n<td colspan=\"2\">1.7 V<\/td>\n<\/tr>\n<tr>\n<td><span class=\"VIiyi\" lang=\"de\"><span class=\"JLqJ4b ChMk0b\" data-language-for-alternatives=\"de\" data-language-to-translate-into=\"fr\" data-phrase-index=\"0\">Energieversorgung<\/span><\/span><\/td>\n<td colspan=\"2\">Lithium Batterie 3. 7V<\/td>\n<\/tr>\n<tr>\n<td>Dimension<\/td>\n<td colspan=\"2\">59.98 x 25 x 133.47mm<\/td>\n<\/tr>\n<\/tbody>\n<\/table>\n","protected":false},"excerpt":{"rendered":"<p><span class=\"VIiyi\" lang=\"de\"><span class=\"JLqJ4b ChMk0b\" data-language-for-alternatives=\"de\" data-language-to-translate-into=\"fr\" data-phrase-index=\"0\">Elektrischer und magnetischer Feldtester<\/span><\/span><\/p>\n","protected":false},"featured_media":25438,"template":"","meta":{"_crdt_document":""},"product_brand":[],"product_cat":[209],"product_tag":[],"class_list":{"0":"post-25434","1":"product","2":"type-product","3":"status-publish","4":"has-post-thumbnail","6":"product_cat-elektrisch","8":"first","9":"instock","10":"taxable","11":"shipping-taxable","12":"purchasable","13":"product-type-simple"},"yoast_head":"<!-- This site is optimized with the Yoast SEO plugin v27.3 - https:\/\/yoast.com\/product\/yoast-seo-wordpress\/ -->\n<title>Elektromagnetischer Strahlungstester HWT-3121 - Sysmatec<\/title>\n<meta name=\"description\" content=\"Dieses Ger\u00e4t kann elektrische Felder und magnetische Felder testen. Es verf\u00fcgt \u00fcber einen Ton- und Lichtalarm.\" \/>\n<meta name=\"robots\" content=\"index, follow, max-snippet:-1, max-image-preview:large, max-video-preview:-1\" \/>\n<link rel=\"canonical\" href=\"https:\/\/sysmatec.ch\/de\/produit\/elektromagnetischer-strahlungstester-hwt-3121\/\" \/>\n<meta property=\"og:locale\" content=\"de_DE\" \/>\n<meta property=\"og:type\" content=\"article\" \/>\n<meta property=\"og:title\" content=\"Elektromagnetischer Strahlungstester HWT-3121 - Sysmatec\" \/>\n<meta property=\"og:description\" content=\"Dieses Ger\u00e4t kann elektrische Felder und magnetische Felder testen. Es verf\u00fcgt \u00fcber einen Ton- und Lichtalarm.\" \/>\n<meta property=\"og:url\" content=\"https:\/\/sysmatec.ch\/de\/produit\/elektromagnetischer-strahlungstester-hwt-3121\/\" \/>\n<meta property=\"og:site_name\" content=\"Sysmatec\" \/>\n<meta property=\"article:modified_time\" content=\"2021-11-17T13:32:52+00:00\" \/>\n<meta property=\"og:image\" content=\"https:\/\/sysmatec.ch\/wp-content\/uploads\/2021\/07\/ChampMagnetique_HedaoHWT-3121.jpg\" \/>\n\t<meta property=\"og:image:width\" content=\"560\" \/>\n\t<meta property=\"og:image:height\" content=\"560\" \/>\n\t<meta property=\"og:image:type\" content=\"image\/jpeg\" \/>\n<meta name=\"twitter:card\" content=\"summary_large_image\" \/>\n<meta name=\"twitter:label1\" content=\"Gesch\u00e4tzte Lesezeit\" \/>\n\t<meta name=\"twitter:data1\" content=\"1\u00a0Minute\" \/>\n<script type=\"application\/ld+json\" class=\"yoast-schema-graph\">{\"@context\":\"https:\\\/\\\/schema.org\",\"@graph\":[{\"@type\":\"WebPage\",\"@id\":\"https:\\\/\\\/sysmatec.ch\\\/de\\\/produit\\\/elektromagnetischer-strahlungstester-hwt-3121\\\/\",\"url\":\"https:\\\/\\\/sysmatec.ch\\\/de\\\/produit\\\/elektromagnetischer-strahlungstester-hwt-3121\\\/\",\"name\":\"Elektromagnetischer Strahlungstester HWT-3121 - Sysmatec\",\"isPartOf\":{\"@id\":\"https:\\\/\\\/sysmatec.ch\\\/de\\\/#website\"},\"primaryImageOfPage\":{\"@id\":\"https:\\\/\\\/sysmatec.ch\\\/de\\\/produit\\\/elektromagnetischer-strahlungstester-hwt-3121\\\/#primaryimage\"},\"image\":{\"@id\":\"https:\\\/\\\/sysmatec.ch\\\/de\\\/produit\\\/elektromagnetischer-strahlungstester-hwt-3121\\\/#primaryimage\"},\"thumbnailUrl\":\"https:\\\/\\\/sysmatec.ch\\\/wp-content\\\/uploads\\\/2021\\\/07\\\/ChampMagnetique_HedaoHWT-3121.jpg\",\"datePublished\":\"2021-07-12T19:31:19+00:00\",\"dateModified\":\"2021-11-17T13:32:52+00:00\",\"description\":\"Dieses Ger\u00e4t kann elektrische Felder und magnetische Felder testen. Es verf\u00fcgt \u00fcber einen Ton- und Lichtalarm.\",\"breadcrumb\":{\"@id\":\"https:\\\/\\\/sysmatec.ch\\\/de\\\/produit\\\/elektromagnetischer-strahlungstester-hwt-3121\\\/#breadcrumb\"},\"inLanguage\":\"de\",\"potentialAction\":[{\"@type\":\"ReadAction\",\"target\":[\"https:\\\/\\\/sysmatec.ch\\\/de\\\/produit\\\/elektromagnetischer-strahlungstester-hwt-3121\\\/\"]}]},{\"@type\":\"ImageObject\",\"inLanguage\":\"de\",\"@id\":\"https:\\\/\\\/sysmatec.ch\\\/de\\\/produit\\\/elektromagnetischer-strahlungstester-hwt-3121\\\/#primaryimage\",\"url\":\"https:\\\/\\\/sysmatec.ch\\\/wp-content\\\/uploads\\\/2021\\\/07\\\/ChampMagnetique_HedaoHWT-3121.jpg\",\"contentUrl\":\"https:\\\/\\\/sysmatec.ch\\\/wp-content\\\/uploads\\\/2021\\\/07\\\/ChampMagnetique_HedaoHWT-3121.jpg\",\"width\":560,\"height\":560},{\"@type\":\"BreadcrumbList\",\"@id\":\"https:\\\/\\\/sysmatec.ch\\\/de\\\/produit\\\/elektromagnetischer-strahlungstester-hwt-3121\\\/#breadcrumb\",\"itemListElement\":[{\"@type\":\"ListItem\",\"position\":1,\"name\":\"Accueil\",\"item\":\"https:\\\/\\\/sysmatec.ch\\\/de\\\/\"},{\"@type\":\"ListItem\",\"position\":2,\"name\":\"Die Aktivit\u00e4t von Sysmatec\",\"item\":\"https:\\\/\\\/sysmatec.ch\\\/de\\\/\"},{\"@type\":\"ListItem\",\"position\":3,\"name\":\"Elektromagnetischer Strahlungstester HWT-3121\"}]},{\"@type\":\"WebSite\",\"@id\":\"https:\\\/\\\/sysmatec.ch\\\/de\\\/#website\",\"url\":\"https:\\\/\\\/sysmatec.ch\\\/de\\\/\",\"name\":\"Sysmatec\",\"description\":\"Equipement de laboratoire et logiciels\",\"publisher\":{\"@id\":\"https:\\\/\\\/sysmatec.ch\\\/de\\\/#organization\"},\"potentialAction\":[{\"@type\":\"SearchAction\",\"target\":{\"@type\":\"EntryPoint\",\"urlTemplate\":\"https:\\\/\\\/sysmatec.ch\\\/de\\\/?s={search_term_string}\"},\"query-input\":{\"@type\":\"PropertyValueSpecification\",\"valueRequired\":true,\"valueName\":\"search_term_string\"}}],\"inLanguage\":\"de\"},{\"@type\":\"Organization\",\"@id\":\"https:\\\/\\\/sysmatec.ch\\\/de\\\/#organization\",\"name\":\"Sysmatec\",\"url\":\"https:\\\/\\\/sysmatec.ch\\\/de\\\/\",\"logo\":{\"@type\":\"ImageObject\",\"inLanguage\":\"de\",\"@id\":\"https:\\\/\\\/sysmatec.ch\\\/de\\\/#\\\/schema\\\/logo\\\/image\\\/\",\"url\":\"https:\\\/\\\/sysmatec.ch\\\/wp-content\\\/uploads\\\/2018\\\/11\\\/LogoSysmatec.jpg\",\"contentUrl\":\"https:\\\/\\\/sysmatec.ch\\\/wp-content\\\/uploads\\\/2018\\\/11\\\/LogoSysmatec.jpg\",\"width\":301,\"height\":297,\"caption\":\"Sysmatec\"},\"image\":{\"@id\":\"https:\\\/\\\/sysmatec.ch\\\/de\\\/#\\\/schema\\\/logo\\\/image\\\/\"}}]}<\/script>\n<!-- \/ Yoast SEO plugin. -->","yoast_head_json":{"title":"Elektromagnetischer Strahlungstester HWT-3121 - Sysmatec","description":"Dieses Ger\u00e4t kann elektrische Felder und magnetische Felder testen. Es verf\u00fcgt \u00fcber einen Ton- und Lichtalarm.","robots":{"index":"index","follow":"follow","max-snippet":"max-snippet:-1","max-image-preview":"max-image-preview:large","max-video-preview":"max-video-preview:-1"},"canonical":"https:\/\/sysmatec.ch\/de\/produit\/elektromagnetischer-strahlungstester-hwt-3121\/","og_locale":"de_DE","og_type":"article","og_title":"Elektromagnetischer Strahlungstester HWT-3121 - Sysmatec","og_description":"Dieses Ger\u00e4t kann elektrische Felder und magnetische Felder testen. Es verf\u00fcgt \u00fcber einen Ton- und Lichtalarm.","og_url":"https:\/\/sysmatec.ch\/de\/produit\/elektromagnetischer-strahlungstester-hwt-3121\/","og_site_name":"Sysmatec","article_modified_time":"2021-11-17T13:32:52+00:00","og_image":[{"width":560,"height":560,"url":"https:\/\/sysmatec.ch\/wp-content\/uploads\/2021\/07\/ChampMagnetique_HedaoHWT-3121.jpg","type":"image\/jpeg"}],"twitter_card":"summary_large_image","twitter_misc":{"Gesch\u00e4tzte Lesezeit":"1\u00a0Minute"},"schema":{"@context":"https:\/\/schema.org","@graph":[{"@type":"WebPage","@id":"https:\/\/sysmatec.ch\/de\/produit\/elektromagnetischer-strahlungstester-hwt-3121\/","url":"https:\/\/sysmatec.ch\/de\/produit\/elektromagnetischer-strahlungstester-hwt-3121\/","name":"Elektromagnetischer Strahlungstester HWT-3121 - Sysmatec","isPartOf":{"@id":"https:\/\/sysmatec.ch\/de\/#website"},"primaryImageOfPage":{"@id":"https:\/\/sysmatec.ch\/de\/produit\/elektromagnetischer-strahlungstester-hwt-3121\/#primaryimage"},"image":{"@id":"https:\/\/sysmatec.ch\/de\/produit\/elektromagnetischer-strahlungstester-hwt-3121\/#primaryimage"},"thumbnailUrl":"https:\/\/sysmatec.ch\/wp-content\/uploads\/2021\/07\/ChampMagnetique_HedaoHWT-3121.jpg","datePublished":"2021-07-12T19:31:19+00:00","dateModified":"2021-11-17T13:32:52+00:00","description":"Dieses Ger\u00e4t kann elektrische Felder und magnetische Felder testen. Es verf\u00fcgt \u00fcber einen Ton- und Lichtalarm.","breadcrumb":{"@id":"https:\/\/sysmatec.ch\/de\/produit\/elektromagnetischer-strahlungstester-hwt-3121\/#breadcrumb"},"inLanguage":"de","potentialAction":[{"@type":"ReadAction","target":["https:\/\/sysmatec.ch\/de\/produit\/elektromagnetischer-strahlungstester-hwt-3121\/"]}]},{"@type":"ImageObject","inLanguage":"de","@id":"https:\/\/sysmatec.ch\/de\/produit\/elektromagnetischer-strahlungstester-hwt-3121\/#primaryimage","url":"https:\/\/sysmatec.ch\/wp-content\/uploads\/2021\/07\/ChampMagnetique_HedaoHWT-3121.jpg","contentUrl":"https:\/\/sysmatec.ch\/wp-content\/uploads\/2021\/07\/ChampMagnetique_HedaoHWT-3121.jpg","width":560,"height":560},{"@type":"BreadcrumbList","@id":"https:\/\/sysmatec.ch\/de\/produit\/elektromagnetischer-strahlungstester-hwt-3121\/#breadcrumb","itemListElement":[{"@type":"ListItem","position":1,"name":"Accueil","item":"https:\/\/sysmatec.ch\/de\/"},{"@type":"ListItem","position":2,"name":"Die Aktivit\u00e4t von Sysmatec","item":"https:\/\/sysmatec.ch\/de\/"},{"@type":"ListItem","position":3,"name":"Elektromagnetischer Strahlungstester HWT-3121"}]},{"@type":"WebSite","@id":"https:\/\/sysmatec.ch\/de\/#website","url":"https:\/\/sysmatec.ch\/de\/","name":"Sysmatec","description":"Equipement de laboratoire et logiciels","publisher":{"@id":"https:\/\/sysmatec.ch\/de\/#organization"},"potentialAction":[{"@type":"SearchAction","target":{"@type":"EntryPoint","urlTemplate":"https:\/\/sysmatec.ch\/de\/?s={search_term_string}"},"query-input":{"@type":"PropertyValueSpecification","valueRequired":true,"valueName":"search_term_string"}}],"inLanguage":"de"},{"@type":"Organization","@id":"https:\/\/sysmatec.ch\/de\/#organization","name":"Sysmatec","url":"https:\/\/sysmatec.ch\/de\/","logo":{"@type":"ImageObject","inLanguage":"de","@id":"https:\/\/sysmatec.ch\/de\/#\/schema\/logo\/image\/","url":"https:\/\/sysmatec.ch\/wp-content\/uploads\/2018\/11\/LogoSysmatec.jpg","contentUrl":"https:\/\/sysmatec.ch\/wp-content\/uploads\/2018\/11\/LogoSysmatec.jpg","width":301,"height":297,"caption":"Sysmatec"},"image":{"@id":"https:\/\/sysmatec.ch\/de\/#\/schema\/logo\/image\/"}}]}},"_links":{"self":[{"href":"https:\/\/sysmatec.ch\/de\/wp-json\/wp\/v2\/product\/25434","targetHints":{"allow":["GET"]}}],"collection":[{"href":"https:\/\/sysmatec.ch\/de\/wp-json\/wp\/v2\/product"}],"about":[{"href":"https:\/\/sysmatec.ch\/de\/wp-json\/wp\/v2\/types\/product"}],"wp:featuredmedia":[{"embeddable":true,"href":"https:\/\/sysmatec.ch\/de\/wp-json\/wp\/v2\/media\/25438"}],"wp:attachment":[{"href":"https:\/\/sysmatec.ch\/de\/wp-json\/wp\/v2\/media?parent=25434"}],"wp:term":[{"taxonomy":"product_brand","embeddable":true,"href":"https:\/\/sysmatec.ch\/de\/wp-json\/wp\/v2\/product_brand?post=25434"},{"taxonomy":"product_cat","embeddable":true,"href":"https:\/\/sysmatec.ch\/de\/wp-json\/wp\/v2\/product_cat?post=25434"},{"taxonomy":"product_tag","embeddable":true,"href":"https:\/\/sysmatec.ch\/de\/wp-json\/wp\/v2\/product_tag?post=25434"}],"curies":[{"name":"wp","href":"https:\/\/api.w.org\/{rel}","templated":true}]}}