{"id":2540,"date":"2018-12-09T20:53:18","date_gmt":"2018-12-09T19:53:18","guid":{"rendered":"https:\/\/sysmatec.ch\/produit\/enregistreur-leo-5\/"},"modified":"2023-02-24T08:43:31","modified_gmt":"2023-02-24T07:43:31","slug":"druck-datenlogger-leo-5","status":"publish","type":"product","link":"https:\/\/sysmatec.ch\/de\/Produkt\/druck-datenlogger-leo-5\/","title":{"rendered":"Druck Datenlogger Leo 5"},"content":{"rendered":"<ul>\n<li>Autonomes, batteriebetriebenes Druckmessger\u00e4t mit digitaler Anzeige, welches Druck und Temperatur \u00fcber l\u00e4ngere Zeitr\u00e4ume aufzeichnen kann.<\/li>\n<li>Betriebstemperatur: 0 bis 50 \u00b0C<\/li>\n<li>Messrate Einstellbar (k\u00fcrzestes Intervall 1x pro Sekunde)<\/li>\n<li>Speicher ca. 57 000 Messwerte mit Zeitangabe bei einem Messintervall &lt;= 5 s, ca. 28 000 Messwerte mit Zeitangabe bei einem Messintervall &gt;15 s<\/li>\n<li>Speisung 3,6 V Lithium Batterie, Typ SL-760<\/li>\n<li>Batterie-Lebensdauer bis zu 2 Jahre bei einer Speicherung alle 10 Sekunden<\/li>\n<li>Druckanschluss G 1\/4&#8220; (andere Gewinde auf Anfrage)<\/li>\n<li>Temperaturmessung Genauigkeit typ. 0,5 \u00b0C<\/li>\n<li>Schnittstelle RS485; r\u00fcckseitige Kabeldose &#8218;Fischer&#8216; passend auf PC-Konverterkabel K103-A (RS232) und K104-A (USB)<\/li>\n<li>Schutzart IP 65<\/li>\n<li>Messbereich: -1 bis 3 bar, -1 bis 30 bar, 0 bis 300 bar, 0 bis 700 bar, 0 bis 1000 bar<\/li>\n<li>capacitive button: is ideal if the whole sensor included display is placed at high pressure<\/li>\n<li>USB port for communication with a PC<\/li>\n<\/ul>\n","protected":false},"excerpt":{"rendered":"<p>Druck Datenlogger mit USB Anschluss.<\/p>\n","protected":false},"featured_media":1019,"template":"","meta":{"_crdt_document":""},"product_brand":[],"product_cat":[168,169],"product_tag":[],"class_list":{"0":"post-2540","1":"product","2":"type-product","3":"status-publish","4":"has-post-thumbnail","6":"product_cat-datenlogger","7":"product_cat-druck","9":"first","10":"instock","11":"taxable","12":"shipping-taxable","13":"product-type-simple"},"yoast_head":"<!-- This site is optimized with the Yoast SEO plugin v27.4 - https:\/\/yoast.com\/product\/yoast-seo-wordpress\/ -->\n<title>Druck Datenlogger Leo 5 - Sysmatec<\/title>\n<meta name=\"description\" content=\"Druck Datenlogger mit Display. Der Messbereich reicht von -1-3 Balken bis 0-1000 Balken. Daten\u00fcbertragung per USB-Kabel.\" \/>\n<meta name=\"robots\" content=\"index, follow, max-snippet:-1, max-image-preview:large, max-video-preview:-1\" \/>\n<link rel=\"canonical\" href=\"https:\/\/sysmatec.ch\/de\/Produkt\/druck-datenlogger-leo-5\/\" \/>\n<meta property=\"og:locale\" content=\"de_DE\" \/>\n<meta property=\"og:type\" content=\"article\" \/>\n<meta property=\"og:title\" content=\"Druck Datenlogger Leo 5 - Sysmatec\" \/>\n<meta property=\"og:description\" content=\"Druck Datenlogger mit Display. Der Messbereich reicht von -1-3 Balken bis 0-1000 Balken. Daten\u00fcbertragung per USB-Kabel.\" \/>\n<meta property=\"og:url\" content=\"https:\/\/sysmatec.ch\/de\/Produkt\/druck-datenlogger-leo-5\/\" \/>\n<meta property=\"og:site_name\" content=\"Sysmatec\" \/>\n<meta property=\"article:modified_time\" content=\"2023-02-24T07:43:31+00:00\" \/>\n<meta property=\"og:image\" content=\"https:\/\/sysmatec.ch\/wp-content\/uploads\/2018\/12\/Enregistreur-Pression-Leo5-000008.jpg\" \/>\n\t<meta property=\"og:image:width\" content=\"274\" \/>\n\t<meta property=\"og:image:height\" content=\"398\" \/>\n\t<meta property=\"og:image:type\" content=\"image\/jpeg\" \/>\n<meta name=\"twitter:card\" content=\"summary_large_image\" \/>\n<meta name=\"twitter:label1\" content=\"Gesch\u00e4tzte Lesezeit\" \/>\n\t<meta name=\"twitter:data1\" content=\"1\u00a0Minute\" \/>\n<script type=\"application\/ld+json\" class=\"yoast-schema-graph\">{\"@context\":\"https:\\\/\\\/schema.org\",\"@graph\":[{\"@type\":\"WebPage\",\"@id\":\"https:\\\/\\\/sysmatec.ch\\\/de\\\/Produkt\\\/druck-datenlogger-leo-5\\\/\",\"url\":\"https:\\\/\\\/sysmatec.ch\\\/de\\\/Produkt\\\/druck-datenlogger-leo-5\\\/\",\"name\":\"Druck Datenlogger Leo 5 - Sysmatec\",\"isPartOf\":{\"@id\":\"https:\\\/\\\/sysmatec.ch\\\/de\\\/#website\"},\"primaryImageOfPage\":{\"@id\":\"https:\\\/\\\/sysmatec.ch\\\/de\\\/Produkt\\\/druck-datenlogger-leo-5\\\/#primaryimage\"},\"image\":{\"@id\":\"https:\\\/\\\/sysmatec.ch\\\/de\\\/Produkt\\\/druck-datenlogger-leo-5\\\/#primaryimage\"},\"thumbnailUrl\":\"https:\\\/\\\/sysmatec.ch\\\/wp-content\\\/uploads\\\/2018\\\/12\\\/Enregistreur-Pression-Leo5-000008.jpg\",\"datePublished\":\"2018-12-09T19:53:18+00:00\",\"dateModified\":\"2023-02-24T07:43:31+00:00\",\"description\":\"Druck Datenlogger mit Display. Der Messbereich reicht von -1-3 Balken bis 0-1000 Balken. Daten\u00fcbertragung per USB-Kabel.\",\"breadcrumb\":{\"@id\":\"https:\\\/\\\/sysmatec.ch\\\/de\\\/Produkt\\\/druck-datenlogger-leo-5\\\/#breadcrumb\"},\"inLanguage\":\"de\",\"potentialAction\":[{\"@type\":\"ReadAction\",\"target\":[\"https:\\\/\\\/sysmatec.ch\\\/de\\\/Produkt\\\/druck-datenlogger-leo-5\\\/\"]}]},{\"@type\":\"ImageObject\",\"inLanguage\":\"de\",\"@id\":\"https:\\\/\\\/sysmatec.ch\\\/de\\\/Produkt\\\/druck-datenlogger-leo-5\\\/#primaryimage\",\"url\":\"https:\\\/\\\/sysmatec.ch\\\/wp-content\\\/uploads\\\/2018\\\/12\\\/Enregistreur-Pression-Leo5-000008.jpg\",\"contentUrl\":\"https:\\\/\\\/sysmatec.ch\\\/wp-content\\\/uploads\\\/2018\\\/12\\\/Enregistreur-Pression-Leo5-000008.jpg\",\"width\":274,\"height\":398},{\"@type\":\"BreadcrumbList\",\"@id\":\"https:\\\/\\\/sysmatec.ch\\\/de\\\/Produkt\\\/druck-datenlogger-leo-5\\\/#breadcrumb\",\"itemListElement\":[{\"@type\":\"ListItem\",\"position\":1,\"name\":\"Accueil\",\"item\":\"https:\\\/\\\/sysmatec.ch\\\/de\\\/\"},{\"@type\":\"ListItem\",\"position\":2,\"name\":\"Die Aktivit\u00e4t von Sysmatec\",\"item\":\"https:\\\/\\\/sysmatec.ch\\\/de\\\/\"},{\"@type\":\"ListItem\",\"position\":3,\"name\":\"Druck Datenlogger Leo 5\"}]},{\"@type\":\"WebSite\",\"@id\":\"https:\\\/\\\/sysmatec.ch\\\/de\\\/#website\",\"url\":\"https:\\\/\\\/sysmatec.ch\\\/de\\\/\",\"name\":\"Sysmatec\",\"description\":\"Equipement de laboratoire et logiciels\",\"publisher\":{\"@id\":\"https:\\\/\\\/sysmatec.ch\\\/de\\\/#organization\"},\"potentialAction\":[{\"@type\":\"SearchAction\",\"target\":{\"@type\":\"EntryPoint\",\"urlTemplate\":\"https:\\\/\\\/sysmatec.ch\\\/de\\\/?s={search_term_string}\"},\"query-input\":{\"@type\":\"PropertyValueSpecification\",\"valueRequired\":true,\"valueName\":\"search_term_string\"}}],\"inLanguage\":\"de\"},{\"@type\":\"Organization\",\"@id\":\"https:\\\/\\\/sysmatec.ch\\\/de\\\/#organization\",\"name\":\"Sysmatec\",\"url\":\"https:\\\/\\\/sysmatec.ch\\\/de\\\/\",\"logo\":{\"@type\":\"ImageObject\",\"inLanguage\":\"de\",\"@id\":\"https:\\\/\\\/sysmatec.ch\\\/de\\\/#\\\/schema\\\/logo\\\/image\\\/\",\"url\":\"https:\\\/\\\/sysmatec.ch\\\/wp-content\\\/uploads\\\/2018\\\/11\\\/LogoSysmatec.jpg\",\"contentUrl\":\"https:\\\/\\\/sysmatec.ch\\\/wp-content\\\/uploads\\\/2018\\\/11\\\/LogoSysmatec.jpg\",\"width\":301,\"height\":297,\"caption\":\"Sysmatec\"},\"image\":{\"@id\":\"https:\\\/\\\/sysmatec.ch\\\/de\\\/#\\\/schema\\\/logo\\\/image\\\/\"}}]}<\/script>\n<!-- \/ Yoast SEO plugin. -->","yoast_head_json":{"title":"Druck Datenlogger Leo 5 - Sysmatec","description":"Druck Datenlogger mit Display. Der Messbereich reicht von -1-3 Balken bis 0-1000 Balken. Daten\u00fcbertragung per USB-Kabel.","robots":{"index":"index","follow":"follow","max-snippet":"max-snippet:-1","max-image-preview":"max-image-preview:large","max-video-preview":"max-video-preview:-1"},"canonical":"https:\/\/sysmatec.ch\/de\/Produkt\/druck-datenlogger-leo-5\/","og_locale":"de_DE","og_type":"article","og_title":"Druck Datenlogger Leo 5 - Sysmatec","og_description":"Druck Datenlogger mit Display. Der Messbereich reicht von -1-3 Balken bis 0-1000 Balken. Daten\u00fcbertragung per USB-Kabel.","og_url":"https:\/\/sysmatec.ch\/de\/Produkt\/druck-datenlogger-leo-5\/","og_site_name":"Sysmatec","article_modified_time":"2023-02-24T07:43:31+00:00","og_image":[{"width":274,"height":398,"url":"https:\/\/sysmatec.ch\/wp-content\/uploads\/2018\/12\/Enregistreur-Pression-Leo5-000008.jpg","type":"image\/jpeg"}],"twitter_card":"summary_large_image","twitter_misc":{"Gesch\u00e4tzte Lesezeit":"1\u00a0Minute"},"schema":{"@context":"https:\/\/schema.org","@graph":[{"@type":"WebPage","@id":"https:\/\/sysmatec.ch\/de\/Produkt\/druck-datenlogger-leo-5\/","url":"https:\/\/sysmatec.ch\/de\/Produkt\/druck-datenlogger-leo-5\/","name":"Druck Datenlogger Leo 5 - Sysmatec","isPartOf":{"@id":"https:\/\/sysmatec.ch\/de\/#website"},"primaryImageOfPage":{"@id":"https:\/\/sysmatec.ch\/de\/Produkt\/druck-datenlogger-leo-5\/#primaryimage"},"image":{"@id":"https:\/\/sysmatec.ch\/de\/Produkt\/druck-datenlogger-leo-5\/#primaryimage"},"thumbnailUrl":"https:\/\/sysmatec.ch\/wp-content\/uploads\/2018\/12\/Enregistreur-Pression-Leo5-000008.jpg","datePublished":"2018-12-09T19:53:18+00:00","dateModified":"2023-02-24T07:43:31+00:00","description":"Druck Datenlogger mit Display. Der Messbereich reicht von -1-3 Balken bis 0-1000 Balken. Daten\u00fcbertragung per USB-Kabel.","breadcrumb":{"@id":"https:\/\/sysmatec.ch\/de\/Produkt\/druck-datenlogger-leo-5\/#breadcrumb"},"inLanguage":"de","potentialAction":[{"@type":"ReadAction","target":["https:\/\/sysmatec.ch\/de\/Produkt\/druck-datenlogger-leo-5\/"]}]},{"@type":"ImageObject","inLanguage":"de","@id":"https:\/\/sysmatec.ch\/de\/Produkt\/druck-datenlogger-leo-5\/#primaryimage","url":"https:\/\/sysmatec.ch\/wp-content\/uploads\/2018\/12\/Enregistreur-Pression-Leo5-000008.jpg","contentUrl":"https:\/\/sysmatec.ch\/wp-content\/uploads\/2018\/12\/Enregistreur-Pression-Leo5-000008.jpg","width":274,"height":398},{"@type":"BreadcrumbList","@id":"https:\/\/sysmatec.ch\/de\/Produkt\/druck-datenlogger-leo-5\/#breadcrumb","itemListElement":[{"@type":"ListItem","position":1,"name":"Accueil","item":"https:\/\/sysmatec.ch\/de\/"},{"@type":"ListItem","position":2,"name":"Die Aktivit\u00e4t von Sysmatec","item":"https:\/\/sysmatec.ch\/de\/"},{"@type":"ListItem","position":3,"name":"Druck Datenlogger Leo 5"}]},{"@type":"WebSite","@id":"https:\/\/sysmatec.ch\/de\/#website","url":"https:\/\/sysmatec.ch\/de\/","name":"Sysmatec","description":"Equipement de laboratoire et logiciels","publisher":{"@id":"https:\/\/sysmatec.ch\/de\/#organization"},"potentialAction":[{"@type":"SearchAction","target":{"@type":"EntryPoint","urlTemplate":"https:\/\/sysmatec.ch\/de\/?s={search_term_string}"},"query-input":{"@type":"PropertyValueSpecification","valueRequired":true,"valueName":"search_term_string"}}],"inLanguage":"de"},{"@type":"Organization","@id":"https:\/\/sysmatec.ch\/de\/#organization","name":"Sysmatec","url":"https:\/\/sysmatec.ch\/de\/","logo":{"@type":"ImageObject","inLanguage":"de","@id":"https:\/\/sysmatec.ch\/de\/#\/schema\/logo\/image\/","url":"https:\/\/sysmatec.ch\/wp-content\/uploads\/2018\/11\/LogoSysmatec.jpg","contentUrl":"https:\/\/sysmatec.ch\/wp-content\/uploads\/2018\/11\/LogoSysmatec.jpg","width":301,"height":297,"caption":"Sysmatec"},"image":{"@id":"https:\/\/sysmatec.ch\/de\/#\/schema\/logo\/image\/"}}]}},"_links":{"self":[{"href":"https:\/\/sysmatec.ch\/de\/wp-json\/wp\/v2\/product\/2540","targetHints":{"allow":["GET"]}}],"collection":[{"href":"https:\/\/sysmatec.ch\/de\/wp-json\/wp\/v2\/product"}],"about":[{"href":"https:\/\/sysmatec.ch\/de\/wp-json\/wp\/v2\/types\/product"}],"wp:featuredmedia":[{"embeddable":true,"href":"https:\/\/sysmatec.ch\/de\/wp-json\/wp\/v2\/media\/1019"}],"wp:attachment":[{"href":"https:\/\/sysmatec.ch\/de\/wp-json\/wp\/v2\/media?parent=2540"}],"wp:term":[{"taxonomy":"product_brand","embeddable":true,"href":"https:\/\/sysmatec.ch\/de\/wp-json\/wp\/v2\/product_brand?post=2540"},{"taxonomy":"product_cat","embeddable":true,"href":"https:\/\/sysmatec.ch\/de\/wp-json\/wp\/v2\/product_cat?post=2540"},{"taxonomy":"product_tag","embeddable":true,"href":"https:\/\/sysmatec.ch\/de\/wp-json\/wp\/v2\/product_tag?post=2540"}],"curies":[{"name":"wp","href":"https:\/\/api.w.org\/{rel}","templated":true}]}}