{"id":2538,"date":"2018-12-11T03:50:17","date_gmt":"2018-12-11T02:50:17","guid":{"rendered":"https:\/\/sysmatec.ch\/produit\/balance-de-poche-tee\/"},"modified":"2022-03-13T09:39:40","modified_gmt":"2022-03-13T08:39:40","slug":"taschenwaage-kern-tee","status":"publish","type":"product","link":"https:\/\/sysmatec.ch\/de\/Produkt\/taschenwaage-kern-tee\/","title":{"rendered":"Taschenwaage KERN TEE"},"content":{"rendered":"<ul>\n<li>Abdeckung aus sto\u00dffestem Kunststoff als Druck- und Staubschutz. Kann auch als Taragef\u00e4\u00df genutzt werden<\/li>\n<li>Die Taschenwaage hat eine Auto-off Funktion nach 2 min ohne Last\u00e4nderung zur Batterieschonung<\/li>\n<li>2 AAA Batterien, Transportbox und W\u00e4gegef\u00e4ss inklusive<\/li>\n<li>Abmessung: 67 x 100 x 22 mm<\/li>\n<\/ul>\n<table border=\"1\" width=\"442\" cellspacing=\"0\" cellpadding=\"2\">\n<tbody>\n<tr>\n<td>Waage Model<\/td>\n<td width=\"10%\">Ablesbarkeit<\/td>\n<td width=\"10%\">W\u00e4gebereich<\/td>\n<\/tr>\n<tr>\n<td><\/td>\n<td width=\"10%\">g<\/td>\n<td width=\"10%\">g<\/td>\n<\/tr>\n<tr>\n<td>TEE150-1<\/td>\n<td width=\"10%\">0.1<\/td>\n<td width=\"10%\">150<\/td>\n<\/tr>\n<\/tbody>\n<\/table>\n","protected":false},"excerpt":{"rendered":"<p>Taschenwaage 0 bis 150 g<\/p>\n","protected":false},"featured_media":1021,"template":"","meta":{"_crdt_document":""},"product_brand":[],"product_cat":[165,348],"product_tag":[],"class_list":{"0":"post-2538","1":"product","2":"type-product","3":"status-publish","4":"has-post-thumbnail","6":"product_cat-gewicht","7":"product_cat-tasche","9":"first","10":"instock","11":"taxable","12":"shipping-taxable","13":"purchasable","14":"product-type-simple"},"yoast_head":"<!-- This site is optimized with the Yoast SEO plugin v27.3 - https:\/\/yoast.com\/product\/yoast-seo-wordpress\/ -->\n<title>Taschenwaage KERN TEE - Sysmatec<\/title>\n<meta name=\"description\" content=\"Taschenwaage mit Deckel, der als Tablett verwendet werden kann. Bereich 0 bis 150 g mit einer Aufl\u00f6sung von 0,1 g. Batteriebetrieben.\" \/>\n<meta name=\"robots\" content=\"index, follow, max-snippet:-1, max-image-preview:large, max-video-preview:-1\" \/>\n<link rel=\"canonical\" href=\"https:\/\/sysmatec.ch\/de\/produit\/taschenwaage-kern-tee\/\" \/>\n<meta property=\"og:locale\" content=\"de_DE\" \/>\n<meta property=\"og:type\" content=\"article\" \/>\n<meta property=\"og:title\" content=\"Taschenwaage KERN TEE - Sysmatec\" \/>\n<meta property=\"og:description\" content=\"Taschenwaage mit Deckel, der als Tablett verwendet werden kann. Bereich 0 bis 150 g mit einer Aufl\u00f6sung von 0,1 g. Batteriebetrieben.\" \/>\n<meta property=\"og:url\" content=\"https:\/\/sysmatec.ch\/de\/produit\/taschenwaage-kern-tee\/\" \/>\n<meta property=\"og:site_name\" content=\"Sysmatec\" \/>\n<meta property=\"article:modified_time\" content=\"2022-03-13T08:39:40+00:00\" \/>\n<meta property=\"og:image\" content=\"https:\/\/sysmatec.ch\/wp-content\/uploads\/2018\/12\/BalanceTEE_000010.jpg\" \/>\n\t<meta property=\"og:image:width\" content=\"423\" \/>\n\t<meta property=\"og:image:height\" content=\"449\" \/>\n\t<meta property=\"og:image:type\" content=\"image\/jpeg\" \/>\n<meta name=\"twitter:card\" content=\"summary_large_image\" \/>\n<meta name=\"twitter:label1\" content=\"Gesch\u00e4tzte Lesezeit\" \/>\n\t<meta name=\"twitter:data1\" content=\"1\u00a0Minute\" \/>\n<script type=\"application\/ld+json\" class=\"yoast-schema-graph\">{\"@context\":\"https:\\\/\\\/schema.org\",\"@graph\":[{\"@type\":\"WebPage\",\"@id\":\"https:\\\/\\\/sysmatec.ch\\\/de\\\/produit\\\/taschenwaage-kern-tee\\\/\",\"url\":\"https:\\\/\\\/sysmatec.ch\\\/de\\\/produit\\\/taschenwaage-kern-tee\\\/\",\"name\":\"Taschenwaage KERN TEE - Sysmatec\",\"isPartOf\":{\"@id\":\"https:\\\/\\\/sysmatec.ch\\\/de\\\/#website\"},\"primaryImageOfPage\":{\"@id\":\"https:\\\/\\\/sysmatec.ch\\\/de\\\/produit\\\/taschenwaage-kern-tee\\\/#primaryimage\"},\"image\":{\"@id\":\"https:\\\/\\\/sysmatec.ch\\\/de\\\/produit\\\/taschenwaage-kern-tee\\\/#primaryimage\"},\"thumbnailUrl\":\"https:\\\/\\\/sysmatec.ch\\\/wp-content\\\/uploads\\\/2018\\\/12\\\/BalanceTEE_000010.jpg\",\"datePublished\":\"2018-12-11T02:50:17+00:00\",\"dateModified\":\"2022-03-13T08:39:40+00:00\",\"description\":\"Taschenwaage mit Deckel, der als Tablett verwendet werden kann. Bereich 0 bis 150 g mit einer Aufl\u00f6sung von 0,1 g. Batteriebetrieben.\",\"breadcrumb\":{\"@id\":\"https:\\\/\\\/sysmatec.ch\\\/de\\\/produit\\\/taschenwaage-kern-tee\\\/#breadcrumb\"},\"inLanguage\":\"de\",\"potentialAction\":[{\"@type\":\"ReadAction\",\"target\":[\"https:\\\/\\\/sysmatec.ch\\\/de\\\/produit\\\/taschenwaage-kern-tee\\\/\"]}]},{\"@type\":\"ImageObject\",\"inLanguage\":\"de\",\"@id\":\"https:\\\/\\\/sysmatec.ch\\\/de\\\/produit\\\/taschenwaage-kern-tee\\\/#primaryimage\",\"url\":\"https:\\\/\\\/sysmatec.ch\\\/wp-content\\\/uploads\\\/2018\\\/12\\\/BalanceTEE_000010.jpg\",\"contentUrl\":\"https:\\\/\\\/sysmatec.ch\\\/wp-content\\\/uploads\\\/2018\\\/12\\\/BalanceTEE_000010.jpg\",\"width\":423,\"height\":449,\"caption\":\"OLYMPUS DIGITAL CAMERA\"},{\"@type\":\"BreadcrumbList\",\"@id\":\"https:\\\/\\\/sysmatec.ch\\\/de\\\/produit\\\/taschenwaage-kern-tee\\\/#breadcrumb\",\"itemListElement\":[{\"@type\":\"ListItem\",\"position\":1,\"name\":\"Accueil\",\"item\":\"https:\\\/\\\/sysmatec.ch\\\/de\\\/\"},{\"@type\":\"ListItem\",\"position\":2,\"name\":\"Die Aktivit\u00e4t von Sysmatec\",\"item\":\"https:\\\/\\\/sysmatec.ch\\\/de\\\/\"},{\"@type\":\"ListItem\",\"position\":3,\"name\":\"Taschenwaage KERN TEE\"}]},{\"@type\":\"WebSite\",\"@id\":\"https:\\\/\\\/sysmatec.ch\\\/de\\\/#website\",\"url\":\"https:\\\/\\\/sysmatec.ch\\\/de\\\/\",\"name\":\"Sysmatec\",\"description\":\"Equipement de laboratoire et logiciels\",\"publisher\":{\"@id\":\"https:\\\/\\\/sysmatec.ch\\\/de\\\/#organization\"},\"potentialAction\":[{\"@type\":\"SearchAction\",\"target\":{\"@type\":\"EntryPoint\",\"urlTemplate\":\"https:\\\/\\\/sysmatec.ch\\\/de\\\/?s={search_term_string}\"},\"query-input\":{\"@type\":\"PropertyValueSpecification\",\"valueRequired\":true,\"valueName\":\"search_term_string\"}}],\"inLanguage\":\"de\"},{\"@type\":\"Organization\",\"@id\":\"https:\\\/\\\/sysmatec.ch\\\/de\\\/#organization\",\"name\":\"Sysmatec\",\"url\":\"https:\\\/\\\/sysmatec.ch\\\/de\\\/\",\"logo\":{\"@type\":\"ImageObject\",\"inLanguage\":\"de\",\"@id\":\"https:\\\/\\\/sysmatec.ch\\\/de\\\/#\\\/schema\\\/logo\\\/image\\\/\",\"url\":\"https:\\\/\\\/sysmatec.ch\\\/wp-content\\\/uploads\\\/2018\\\/11\\\/LogoSysmatec.jpg\",\"contentUrl\":\"https:\\\/\\\/sysmatec.ch\\\/wp-content\\\/uploads\\\/2018\\\/11\\\/LogoSysmatec.jpg\",\"width\":301,\"height\":297,\"caption\":\"Sysmatec\"},\"image\":{\"@id\":\"https:\\\/\\\/sysmatec.ch\\\/de\\\/#\\\/schema\\\/logo\\\/image\\\/\"}}]}<\/script>\n<!-- \/ Yoast SEO plugin. -->","yoast_head_json":{"title":"Taschenwaage KERN TEE - Sysmatec","description":"Taschenwaage mit Deckel, der als Tablett verwendet werden kann. Bereich 0 bis 150 g mit einer Aufl\u00f6sung von 0,1 g. Batteriebetrieben.","robots":{"index":"index","follow":"follow","max-snippet":"max-snippet:-1","max-image-preview":"max-image-preview:large","max-video-preview":"max-video-preview:-1"},"canonical":"https:\/\/sysmatec.ch\/de\/produit\/taschenwaage-kern-tee\/","og_locale":"de_DE","og_type":"article","og_title":"Taschenwaage KERN TEE - Sysmatec","og_description":"Taschenwaage mit Deckel, der als Tablett verwendet werden kann. Bereich 0 bis 150 g mit einer Aufl\u00f6sung von 0,1 g. Batteriebetrieben.","og_url":"https:\/\/sysmatec.ch\/de\/produit\/taschenwaage-kern-tee\/","og_site_name":"Sysmatec","article_modified_time":"2022-03-13T08:39:40+00:00","og_image":[{"width":423,"height":449,"url":"https:\/\/sysmatec.ch\/wp-content\/uploads\/2018\/12\/BalanceTEE_000010.jpg","type":"image\/jpeg"}],"twitter_card":"summary_large_image","twitter_misc":{"Gesch\u00e4tzte Lesezeit":"1\u00a0Minute"},"schema":{"@context":"https:\/\/schema.org","@graph":[{"@type":"WebPage","@id":"https:\/\/sysmatec.ch\/de\/produit\/taschenwaage-kern-tee\/","url":"https:\/\/sysmatec.ch\/de\/produit\/taschenwaage-kern-tee\/","name":"Taschenwaage KERN TEE - Sysmatec","isPartOf":{"@id":"https:\/\/sysmatec.ch\/de\/#website"},"primaryImageOfPage":{"@id":"https:\/\/sysmatec.ch\/de\/produit\/taschenwaage-kern-tee\/#primaryimage"},"image":{"@id":"https:\/\/sysmatec.ch\/de\/produit\/taschenwaage-kern-tee\/#primaryimage"},"thumbnailUrl":"https:\/\/sysmatec.ch\/wp-content\/uploads\/2018\/12\/BalanceTEE_000010.jpg","datePublished":"2018-12-11T02:50:17+00:00","dateModified":"2022-03-13T08:39:40+00:00","description":"Taschenwaage mit Deckel, der als Tablett verwendet werden kann. Bereich 0 bis 150 g mit einer Aufl\u00f6sung von 0,1 g. Batteriebetrieben.","breadcrumb":{"@id":"https:\/\/sysmatec.ch\/de\/produit\/taschenwaage-kern-tee\/#breadcrumb"},"inLanguage":"de","potentialAction":[{"@type":"ReadAction","target":["https:\/\/sysmatec.ch\/de\/produit\/taschenwaage-kern-tee\/"]}]},{"@type":"ImageObject","inLanguage":"de","@id":"https:\/\/sysmatec.ch\/de\/produit\/taschenwaage-kern-tee\/#primaryimage","url":"https:\/\/sysmatec.ch\/wp-content\/uploads\/2018\/12\/BalanceTEE_000010.jpg","contentUrl":"https:\/\/sysmatec.ch\/wp-content\/uploads\/2018\/12\/BalanceTEE_000010.jpg","width":423,"height":449,"caption":"OLYMPUS DIGITAL CAMERA"},{"@type":"BreadcrumbList","@id":"https:\/\/sysmatec.ch\/de\/produit\/taschenwaage-kern-tee\/#breadcrumb","itemListElement":[{"@type":"ListItem","position":1,"name":"Accueil","item":"https:\/\/sysmatec.ch\/de\/"},{"@type":"ListItem","position":2,"name":"Die Aktivit\u00e4t von Sysmatec","item":"https:\/\/sysmatec.ch\/de\/"},{"@type":"ListItem","position":3,"name":"Taschenwaage KERN TEE"}]},{"@type":"WebSite","@id":"https:\/\/sysmatec.ch\/de\/#website","url":"https:\/\/sysmatec.ch\/de\/","name":"Sysmatec","description":"Equipement de laboratoire et logiciels","publisher":{"@id":"https:\/\/sysmatec.ch\/de\/#organization"},"potentialAction":[{"@type":"SearchAction","target":{"@type":"EntryPoint","urlTemplate":"https:\/\/sysmatec.ch\/de\/?s={search_term_string}"},"query-input":{"@type":"PropertyValueSpecification","valueRequired":true,"valueName":"search_term_string"}}],"inLanguage":"de"},{"@type":"Organization","@id":"https:\/\/sysmatec.ch\/de\/#organization","name":"Sysmatec","url":"https:\/\/sysmatec.ch\/de\/","logo":{"@type":"ImageObject","inLanguage":"de","@id":"https:\/\/sysmatec.ch\/de\/#\/schema\/logo\/image\/","url":"https:\/\/sysmatec.ch\/wp-content\/uploads\/2018\/11\/LogoSysmatec.jpg","contentUrl":"https:\/\/sysmatec.ch\/wp-content\/uploads\/2018\/11\/LogoSysmatec.jpg","width":301,"height":297,"caption":"Sysmatec"},"image":{"@id":"https:\/\/sysmatec.ch\/de\/#\/schema\/logo\/image\/"}}]}},"_links":{"self":[{"href":"https:\/\/sysmatec.ch\/de\/wp-json\/wp\/v2\/product\/2538","targetHints":{"allow":["GET"]}}],"collection":[{"href":"https:\/\/sysmatec.ch\/de\/wp-json\/wp\/v2\/product"}],"about":[{"href":"https:\/\/sysmatec.ch\/de\/wp-json\/wp\/v2\/types\/product"}],"wp:featuredmedia":[{"embeddable":true,"href":"https:\/\/sysmatec.ch\/de\/wp-json\/wp\/v2\/media\/1021"}],"wp:attachment":[{"href":"https:\/\/sysmatec.ch\/de\/wp-json\/wp\/v2\/media?parent=2538"}],"wp:term":[{"taxonomy":"product_brand","embeddable":true,"href":"https:\/\/sysmatec.ch\/de\/wp-json\/wp\/v2\/product_brand?post=2538"},{"taxonomy":"product_cat","embeddable":true,"href":"https:\/\/sysmatec.ch\/de\/wp-json\/wp\/v2\/product_cat?post=2538"},{"taxonomy":"product_tag","embeddable":true,"href":"https:\/\/sysmatec.ch\/de\/wp-json\/wp\/v2\/product_tag?post=2538"}],"curies":[{"name":"wp","href":"https:\/\/api.w.org\/{rel}","templated":true}]}}