{"id":25370,"date":"2021-07-12T13:57:48","date_gmt":"2021-07-12T11:57:46","guid":{"rendered":"https:\/\/sysmatec.ch\/?post_type=product&#038;p=25370"},"modified":"2021-11-19T22:08:19","modified_gmt":"2021-11-19T21:08:19","slug":"ffp2-schutzmaske-mit-ventil-mb20-v","status":"publish","type":"product","link":"https:\/\/sysmatec.ch\/de\/Produkt\/ffp2-schutzmaske-mit-ventil-mb20-v\/","title":{"rendered":"FFP2 Schutzmaske mit Ventil MB20 V"},"content":{"rendered":"<p><span class=\"VIiyi\" lang=\"de\"><span class=\"JLqJ4b ChMk0b\" data-language-for-alternatives=\"de\" data-language-to-translate-into=\"fr\" data-phrase-index=\"0\">Maske FFP2 mitVentil.<\/span><\/span><\/p>\n<p><span class=\"VIiyi\" lang=\"de\"><span class=\"JLqJ4b ChMk0b\" data-language-for-alternatives=\"de\" data-language-to-translate-into=\"fr\" data-phrase-index=\"2\">10 X TLV<\/span><\/span><\/p>\n<p><span class=\"VIiyi\" lang=\"de\"><span class=\"JLqJ4b ChMk0b\" data-language-for-alternatives=\"de\" data-language-to-translate-into=\"en\" data-phrase-index=\"0\" data-number-of-phrases=\"1\">Der Schwellenwert (TLV) ist definiert als die Konzentration in der Luft, die an f\u00fcnf aufeinanderfolgenden 8-Stunden-Arbeitstagen ohne sch\u00e4dliche Auswirkungen eingeatmet werden darf.<\/span><\/span><\/p>\n<h2><span class=\"VIiyi\" lang=\"de\"><span class=\"JLqJ4b ChMk0b\" data-language-for-alternatives=\"de\" data-language-to-translate-into=\"fr\" data-phrase-index=\"0\" data-number-of-phrases=\"1\">Maskengebrauch<\/span><\/span><\/h2>\n<p><span class=\"VIiyi\" lang=\"de\"><span class=\"JLqJ4b ChMk0b\" data-language-for-alternatives=\"de\" data-language-to-translate-into=\"fr\" data-phrase-index=\"6\">Schutz von m\u00e4\u00dfig giftigen Feststoffpartikeln.<\/span> <span class=\"JLqJ4b ChMk0b\" data-language-for-alternatives=\"de\" data-language-to-translate-into=\"fr\" data-phrase-index=\"7\">Diese Produkte k\u00f6nnen in Branchen wie: Bergbau, Stahlindustrie (Ausf\u00fchrung mit Auslassventil) und Chemie verwendet werden.<\/span> <span class=\"JLqJ4b ChMk0b\" data-language-for-alternatives=\"de\" data-language-to-translate-into=\"fr\" data-phrase-index=\"8\">Die Masken k\u00f6nnen bei der Hartholzbearbeitung, der Bearbeitung von Aluminium und seinen Legierungen, der Metallerzbearbeitung und der Pulverbeschichtung verwendet werden.<\/span> <span class=\"JLqJ4b ChMk0b\" data-language-for-alternatives=\"de\" data-language-to-translate-into=\"fr\" data-phrase-index=\"9\">Schutz gegen Staub wie Kohle (mit mehr als 10 % freier Kiesels\u00e4ure), Asbest, Kupfer, Barium, Titan, Vanadium, Chrom, Mangan.<\/span><\/span><\/p>\n<p>Sehr gute Effizienz f\u00fcr PM1, PM2.5, PM4, PM10 Partikel.<\/p>\n<p><span class=\"VIiyi\" lang=\"de\"><span class=\"JLqJ4b ChMk0b\" data-language-for-alternatives=\"de\" data-language-to-translate-into=\"fr\" data-phrase-index=\"11\">CE-Norm, EN 149: 2001 + A1: 2009, Richtlinien Nr. 89\/686 \/ EWG, gem\u00e4\u00df den Verordnungen des Europ\u00e4ischen Parlaments und des Rates<\/span><\/span><\/p>\n","protected":false},"excerpt":{"rendered":"<p><span class=\"VIiyi\" lang=\"de\"><span class=\"JLqJ4b ChMk0b\" data-language-for-alternatives=\"de\" data-language-to-translate-into=\"fr\" data-phrase-index=\"0\">Einweg-FFP2-Schutzmaske mit <\/span><span class=\"JLqJ4b ChMk0b\" data-language-for-alternatives=\"de\" data-language-to-translate-into=\"fr\" data-phrase-index=\"1\">Ventil.<\/span><\/span><\/p>\n","protected":false},"featured_media":25387,"template":"","meta":{"_crdt_document":""},"product_brand":[],"product_cat":[418,279],"product_tag":[],"class_list":{"0":"post-25370","1":"product","2":"type-product","3":"status-publish","4":"has-post-thumbnail","6":"product_cat-covid19-de","7":"product_cat-verbrauchsmaterial","9":"first","10":"instock","11":"taxable","12":"shipping-taxable","13":"purchasable","14":"product-type-variable"},"yoast_head":"<!-- This site is optimized with the Yoast SEO plugin v27.4 - https:\/\/yoast.com\/product\/yoast-seo-wordpress\/ -->\n<title>FFP2 Schutzmaske mit Ventil MB20 V - Sysmatec<\/title>\n<meta name=\"description\" content=\"Einweg-Halbmaske Schutzmaske, Typ FFP2, mit Ausatmung-Ventil, die der Norm EN 149: 2001 + A1: 2009 entspricht.\" \/>\n<meta name=\"robots\" content=\"index, follow, max-snippet:-1, max-image-preview:large, max-video-preview:-1\" \/>\n<link rel=\"canonical\" href=\"https:\/\/sysmatec.ch\/de\/produit\/ffp2-schutzmaske-mit-ventil-mb20-v\/\" \/>\n<meta property=\"og:locale\" content=\"de_DE\" \/>\n<meta property=\"og:type\" content=\"article\" \/>\n<meta property=\"og:title\" content=\"FFP2 Schutzmaske mit Ventil MB20 V - Sysmatec\" \/>\n<meta property=\"og:description\" content=\"Einweg-Halbmaske Schutzmaske, Typ FFP2, mit Ausatmung-Ventil, die der Norm EN 149: 2001 + A1: 2009 entspricht.\" \/>\n<meta property=\"og:url\" content=\"https:\/\/sysmatec.ch\/de\/produit\/ffp2-schutzmaske-mit-ventil-mb20-v\/\" \/>\n<meta property=\"og:site_name\" content=\"Sysmatec\" \/>\n<meta property=\"article:modified_time\" content=\"2021-11-19T21:08:19+00:00\" \/>\n<meta property=\"og:image\" content=\"https:\/\/sysmatec.ch\/wp-content\/uploads\/2021\/07\/MasqueFFP2_MBFilter2.jpg\" \/>\n\t<meta property=\"og:image:width\" content=\"298\" \/>\n\t<meta property=\"og:image:height\" content=\"284\" \/>\n\t<meta property=\"og:image:type\" content=\"image\/jpeg\" \/>\n<meta name=\"twitter:card\" content=\"summary_large_image\" \/>\n<meta name=\"twitter:label1\" content=\"Gesch\u00e4tzte Lesezeit\" \/>\n\t<meta name=\"twitter:data1\" content=\"1\u00a0Minute\" \/>\n<script type=\"application\/ld+json\" class=\"yoast-schema-graph\">{\"@context\":\"https:\\\/\\\/schema.org\",\"@graph\":[{\"@type\":\"WebPage\",\"@id\":\"https:\\\/\\\/sysmatec.ch\\\/de\\\/produit\\\/ffp2-schutzmaske-mit-ventil-mb20-v\\\/\",\"url\":\"https:\\\/\\\/sysmatec.ch\\\/de\\\/produit\\\/ffp2-schutzmaske-mit-ventil-mb20-v\\\/\",\"name\":\"FFP2 Schutzmaske mit Ventil MB20 V - Sysmatec\",\"isPartOf\":{\"@id\":\"https:\\\/\\\/sysmatec.ch\\\/de\\\/#website\"},\"primaryImageOfPage\":{\"@id\":\"https:\\\/\\\/sysmatec.ch\\\/de\\\/produit\\\/ffp2-schutzmaske-mit-ventil-mb20-v\\\/#primaryimage\"},\"image\":{\"@id\":\"https:\\\/\\\/sysmatec.ch\\\/de\\\/produit\\\/ffp2-schutzmaske-mit-ventil-mb20-v\\\/#primaryimage\"},\"thumbnailUrl\":\"https:\\\/\\\/sysmatec.ch\\\/wp-content\\\/uploads\\\/2021\\\/07\\\/MasqueFFP2_MBFilter2.jpg\",\"datePublished\":\"2021-07-12T11:57:46+00:00\",\"dateModified\":\"2021-11-19T21:08:19+00:00\",\"description\":\"Einweg-Halbmaske Schutzmaske, Typ FFP2, mit Ausatmung-Ventil, die der Norm EN 149: 2001 + A1: 2009 entspricht.\",\"breadcrumb\":{\"@id\":\"https:\\\/\\\/sysmatec.ch\\\/de\\\/produit\\\/ffp2-schutzmaske-mit-ventil-mb20-v\\\/#breadcrumb\"},\"inLanguage\":\"de\",\"potentialAction\":[{\"@type\":\"ReadAction\",\"target\":[\"https:\\\/\\\/sysmatec.ch\\\/de\\\/produit\\\/ffp2-schutzmaske-mit-ventil-mb20-v\\\/\"]}]},{\"@type\":\"ImageObject\",\"inLanguage\":\"de\",\"@id\":\"https:\\\/\\\/sysmatec.ch\\\/de\\\/produit\\\/ffp2-schutzmaske-mit-ventil-mb20-v\\\/#primaryimage\",\"url\":\"https:\\\/\\\/sysmatec.ch\\\/wp-content\\\/uploads\\\/2021\\\/07\\\/MasqueFFP2_MBFilter2.jpg\",\"contentUrl\":\"https:\\\/\\\/sysmatec.ch\\\/wp-content\\\/uploads\\\/2021\\\/07\\\/MasqueFFP2_MBFilter2.jpg\",\"width\":298,\"height\":284},{\"@type\":\"BreadcrumbList\",\"@id\":\"https:\\\/\\\/sysmatec.ch\\\/de\\\/produit\\\/ffp2-schutzmaske-mit-ventil-mb20-v\\\/#breadcrumb\",\"itemListElement\":[{\"@type\":\"ListItem\",\"position\":1,\"name\":\"Accueil\",\"item\":\"https:\\\/\\\/sysmatec.ch\\\/de\\\/\"},{\"@type\":\"ListItem\",\"position\":2,\"name\":\"Die Aktivit\u00e4t von Sysmatec\",\"item\":\"https:\\\/\\\/sysmatec.ch\\\/de\\\/\"},{\"@type\":\"ListItem\",\"position\":3,\"name\":\"FFP2 Schutzmaske mit Ventil MB20 V\"}]},{\"@type\":\"WebSite\",\"@id\":\"https:\\\/\\\/sysmatec.ch\\\/de\\\/#website\",\"url\":\"https:\\\/\\\/sysmatec.ch\\\/de\\\/\",\"name\":\"Sysmatec\",\"description\":\"Equipement de laboratoire et logiciels\",\"publisher\":{\"@id\":\"https:\\\/\\\/sysmatec.ch\\\/de\\\/#organization\"},\"potentialAction\":[{\"@type\":\"SearchAction\",\"target\":{\"@type\":\"EntryPoint\",\"urlTemplate\":\"https:\\\/\\\/sysmatec.ch\\\/de\\\/?s={search_term_string}\"},\"query-input\":{\"@type\":\"PropertyValueSpecification\",\"valueRequired\":true,\"valueName\":\"search_term_string\"}}],\"inLanguage\":\"de\"},{\"@type\":\"Organization\",\"@id\":\"https:\\\/\\\/sysmatec.ch\\\/de\\\/#organization\",\"name\":\"Sysmatec\",\"url\":\"https:\\\/\\\/sysmatec.ch\\\/de\\\/\",\"logo\":{\"@type\":\"ImageObject\",\"inLanguage\":\"de\",\"@id\":\"https:\\\/\\\/sysmatec.ch\\\/de\\\/#\\\/schema\\\/logo\\\/image\\\/\",\"url\":\"https:\\\/\\\/sysmatec.ch\\\/wp-content\\\/uploads\\\/2018\\\/11\\\/LogoSysmatec.jpg\",\"contentUrl\":\"https:\\\/\\\/sysmatec.ch\\\/wp-content\\\/uploads\\\/2018\\\/11\\\/LogoSysmatec.jpg\",\"width\":301,\"height\":297,\"caption\":\"Sysmatec\"},\"image\":{\"@id\":\"https:\\\/\\\/sysmatec.ch\\\/de\\\/#\\\/schema\\\/logo\\\/image\\\/\"}}]}<\/script>\n<!-- \/ Yoast SEO plugin. -->","yoast_head_json":{"title":"FFP2 Schutzmaske mit Ventil MB20 V - Sysmatec","description":"Einweg-Halbmaske Schutzmaske, Typ FFP2, mit Ausatmung-Ventil, die der Norm EN 149: 2001 + A1: 2009 entspricht.","robots":{"index":"index","follow":"follow","max-snippet":"max-snippet:-1","max-image-preview":"max-image-preview:large","max-video-preview":"max-video-preview:-1"},"canonical":"https:\/\/sysmatec.ch\/de\/produit\/ffp2-schutzmaske-mit-ventil-mb20-v\/","og_locale":"de_DE","og_type":"article","og_title":"FFP2 Schutzmaske mit Ventil MB20 V - Sysmatec","og_description":"Einweg-Halbmaske Schutzmaske, Typ FFP2, mit Ausatmung-Ventil, die der Norm EN 149: 2001 + A1: 2009 entspricht.","og_url":"https:\/\/sysmatec.ch\/de\/produit\/ffp2-schutzmaske-mit-ventil-mb20-v\/","og_site_name":"Sysmatec","article_modified_time":"2021-11-19T21:08:19+00:00","og_image":[{"width":298,"height":284,"url":"https:\/\/sysmatec.ch\/wp-content\/uploads\/2021\/07\/MasqueFFP2_MBFilter2.jpg","type":"image\/jpeg"}],"twitter_card":"summary_large_image","twitter_misc":{"Gesch\u00e4tzte Lesezeit":"1\u00a0Minute"},"schema":{"@context":"https:\/\/schema.org","@graph":[{"@type":"WebPage","@id":"https:\/\/sysmatec.ch\/de\/produit\/ffp2-schutzmaske-mit-ventil-mb20-v\/","url":"https:\/\/sysmatec.ch\/de\/produit\/ffp2-schutzmaske-mit-ventil-mb20-v\/","name":"FFP2 Schutzmaske mit Ventil MB20 V - Sysmatec","isPartOf":{"@id":"https:\/\/sysmatec.ch\/de\/#website"},"primaryImageOfPage":{"@id":"https:\/\/sysmatec.ch\/de\/produit\/ffp2-schutzmaske-mit-ventil-mb20-v\/#primaryimage"},"image":{"@id":"https:\/\/sysmatec.ch\/de\/produit\/ffp2-schutzmaske-mit-ventil-mb20-v\/#primaryimage"},"thumbnailUrl":"https:\/\/sysmatec.ch\/wp-content\/uploads\/2021\/07\/MasqueFFP2_MBFilter2.jpg","datePublished":"2021-07-12T11:57:46+00:00","dateModified":"2021-11-19T21:08:19+00:00","description":"Einweg-Halbmaske Schutzmaske, Typ FFP2, mit Ausatmung-Ventil, die der Norm EN 149: 2001 + A1: 2009 entspricht.","breadcrumb":{"@id":"https:\/\/sysmatec.ch\/de\/produit\/ffp2-schutzmaske-mit-ventil-mb20-v\/#breadcrumb"},"inLanguage":"de","potentialAction":[{"@type":"ReadAction","target":["https:\/\/sysmatec.ch\/de\/produit\/ffp2-schutzmaske-mit-ventil-mb20-v\/"]}]},{"@type":"ImageObject","inLanguage":"de","@id":"https:\/\/sysmatec.ch\/de\/produit\/ffp2-schutzmaske-mit-ventil-mb20-v\/#primaryimage","url":"https:\/\/sysmatec.ch\/wp-content\/uploads\/2021\/07\/MasqueFFP2_MBFilter2.jpg","contentUrl":"https:\/\/sysmatec.ch\/wp-content\/uploads\/2021\/07\/MasqueFFP2_MBFilter2.jpg","width":298,"height":284},{"@type":"BreadcrumbList","@id":"https:\/\/sysmatec.ch\/de\/produit\/ffp2-schutzmaske-mit-ventil-mb20-v\/#breadcrumb","itemListElement":[{"@type":"ListItem","position":1,"name":"Accueil","item":"https:\/\/sysmatec.ch\/de\/"},{"@type":"ListItem","position":2,"name":"Die Aktivit\u00e4t von Sysmatec","item":"https:\/\/sysmatec.ch\/de\/"},{"@type":"ListItem","position":3,"name":"FFP2 Schutzmaske mit Ventil MB20 V"}]},{"@type":"WebSite","@id":"https:\/\/sysmatec.ch\/de\/#website","url":"https:\/\/sysmatec.ch\/de\/","name":"Sysmatec","description":"Equipement de laboratoire et logiciels","publisher":{"@id":"https:\/\/sysmatec.ch\/de\/#organization"},"potentialAction":[{"@type":"SearchAction","target":{"@type":"EntryPoint","urlTemplate":"https:\/\/sysmatec.ch\/de\/?s={search_term_string}"},"query-input":{"@type":"PropertyValueSpecification","valueRequired":true,"valueName":"search_term_string"}}],"inLanguage":"de"},{"@type":"Organization","@id":"https:\/\/sysmatec.ch\/de\/#organization","name":"Sysmatec","url":"https:\/\/sysmatec.ch\/de\/","logo":{"@type":"ImageObject","inLanguage":"de","@id":"https:\/\/sysmatec.ch\/de\/#\/schema\/logo\/image\/","url":"https:\/\/sysmatec.ch\/wp-content\/uploads\/2018\/11\/LogoSysmatec.jpg","contentUrl":"https:\/\/sysmatec.ch\/wp-content\/uploads\/2018\/11\/LogoSysmatec.jpg","width":301,"height":297,"caption":"Sysmatec"},"image":{"@id":"https:\/\/sysmatec.ch\/de\/#\/schema\/logo\/image\/"}}]}},"_links":{"self":[{"href":"https:\/\/sysmatec.ch\/de\/wp-json\/wp\/v2\/product\/25370","targetHints":{"allow":["GET"]}}],"collection":[{"href":"https:\/\/sysmatec.ch\/de\/wp-json\/wp\/v2\/product"}],"about":[{"href":"https:\/\/sysmatec.ch\/de\/wp-json\/wp\/v2\/types\/product"}],"wp:featuredmedia":[{"embeddable":true,"href":"https:\/\/sysmatec.ch\/de\/wp-json\/wp\/v2\/media\/25387"}],"wp:attachment":[{"href":"https:\/\/sysmatec.ch\/de\/wp-json\/wp\/v2\/media?parent=25370"}],"wp:term":[{"taxonomy":"product_brand","embeddable":true,"href":"https:\/\/sysmatec.ch\/de\/wp-json\/wp\/v2\/product_brand?post=25370"},{"taxonomy":"product_cat","embeddable":true,"href":"https:\/\/sysmatec.ch\/de\/wp-json\/wp\/v2\/product_cat?post=25370"},{"taxonomy":"product_tag","embeddable":true,"href":"https:\/\/sysmatec.ch\/de\/wp-json\/wp\/v2\/product_tag?post=25370"}],"curies":[{"name":"wp","href":"https:\/\/api.w.org\/{rel}","templated":true}]}}