{"id":25334,"date":"2021-07-11T10:21:05","date_gmt":"2021-07-11T08:21:05","guid":{"rendered":"https:\/\/sysmatec.ch\/?post_type=product&#038;p=25334"},"modified":"2021-11-20T21:16:20","modified_gmt":"2021-11-20T20:16:20","slug":"digitales-wasser-tester-5-in-1-fuer-ph-tds-ec-salzgehalt-temperatur-ez-9909","status":"publish","type":"product","link":"https:\/\/sysmatec.ch\/de\/Produkt\/digitales-wasser-tester-5-in-1-fuer-ph-tds-ec-salzgehalt-temperatur-ez-9909\/","title":{"rendered":"Digitales Wasser Tester 5 In 1 f\u00fcr PH \/ TDS \/ EC\/ Salzgehalt \/ Temperatur EZ-9909"},"content":{"rendered":"<p><span class=\"VIiyi\" lang=\"de\"><span class=\"JLqJ4b ChMk0b\" data-language-for-alternatives=\"de\" data-language-to-translate-into=\"fr\" data-phrase-index=\"0\">Es ist ein neues multifunktionales Wasserqualit\u00e4tspr\u00fcfger\u00e4t, das pH, TDS, Leitf\u00e4higkeit, Salzgehalt und Temperatur messen kann.<\/span> <span class=\"JLqJ4b ChMk0b\" data-language-for-alternatives=\"de\" data-language-to-translate-into=\"fr\" data-phrase-index=\"1\">Der Messbereich ist gro\u00df und breit und kann sowohl den Salzgehalt von S\u00fc\u00dfwasser als auch Meerwasser messen.<\/span><\/span><\/p>\n<table border=\"1\" cellspacing=\"0\">\n<tbody>\n<tr>\n<td><span class=\"VIiyi\" lang=\"de\"><span class=\"JLqJ4b ChMk0b\" data-language-for-alternatives=\"de\" data-language-to-translate-into=\"fr\" data-phrase-index=\"0\">Leitf\u00e4higkeit<\/span><\/span><\/td>\n<td colspan=\"2\"><span class=\"VIiyi\" lang=\"de\"><span class=\"JLqJ4b ChMk0b\" data-language-for-alternatives=\"de\" data-language-to-translate-into=\"fr\" data-phrase-index=\"0\">Messbereich: 0-10000us \/ cm;<\/span> <span class=\"JLqJ4b ChMk0b\" data-language-for-alternatives=\"de\" data-language-to-translate-into=\"fr\" data-phrase-index=\"1\">10.01-19.99 ms\/cm;<\/span> <span class=\"JLqJ4b ChMk0b\" data-language-for-alternatives=\"de\" data-language-to-translate-into=\"fr\" data-phrase-index=\"2\">20.1-400ms\/cm (automatische Reichweitenanpassung)<\/span><\/span><\/p>\n<p><span class=\"VIiyi\" lang=\"de\"><span class=\"JLqJ4b ChMk0b\" data-language-for-alternatives=\"de\" data-language-to-translate-into=\"fr\" data-phrase-index=\"4\">Aufl\u00f6sung: 1 us\/cm;<\/span> <span class=\"JLqJ4b ChMk0b\" data-language-for-alternatives=\"de\" data-language-to-translate-into=\"fr\" data-phrase-index=\"5\">0,1 ms \/ cm\u00b2<\/span> <\/span><\/p>\n<p><span class=\"VIiyi\" lang=\"de\"><span class=\"JLqJ4b ChMk0b\" data-language-for-alternatives=\"de\" data-language-to-translate-into=\"fr\" data-phrase-index=\"7\">Genauigkeit: \u00b1 2% FS<\/span><\/span><\/td>\n<\/tr>\n<tr>\n<td>TDS (Total Dissolved Solids)<\/td>\n<td colspan=\"2\"><span class=\"VIiyi\" lang=\"de\"><span class=\"JLqJ4b ChMk0b\" data-language-for-alternatives=\"de\" data-language-to-translate-into=\"fr\" data-phrase-index=\"0\">Messbereich: 0-1000 ppm;<\/span> <span class=\"JLqJ4b ChMk0b\" data-language-for-alternatives=\"de\" data-language-to-translate-into=\"fr\" data-phrase-index=\"1\">1000-10000 ppm, 10.1 bis 200.0 ppt (automatische Bereichsanpassung)<\/span><\/span><\/p>\n<p><span class=\"VIiyi\" lang=\"de\"><span class=\"JLqJ4b ChMk0b\" data-language-for-alternatives=\"de\" data-language-to-translate-into=\"fr\" data-phrase-index=\"3\">Aufl\u00f6sung: 1 ppm;<\/span> <span class=\"JLqJ4b ChMk0b\" data-language-for-alternatives=\"de\" data-language-to-translate-into=\"fr\" data-phrase-index=\"4\">0.1 ppt<\/span><\/span><\/p>\n<p><span class=\"VIiyi\" lang=\"de\"><span class=\"JLqJ4b ChMk0b\" data-language-for-alternatives=\"de\" data-language-to-translate-into=\"fr\" data-phrase-index=\"6\">Genauigkeit: + 2% FS<\/span><\/span><\/td>\n<\/tr>\n<tr>\n<td><span class=\"VIiyi\" lang=\"de\"><span class=\"JLqJ4b ChMk0b\" data-language-for-alternatives=\"de\" data-language-to-translate-into=\"fr\" data-phrase-index=\"0\">Salzgehalt<\/span><\/span><\/td>\n<td colspan=\"2\"><span class=\"VIiyi\" lang=\"de\"><span class=\"JLqJ4b ChMk0b\" data-language-for-alternatives=\"de\" data-language-to-translate-into=\"fr\" data-phrase-index=\"0\">Messbereich: 0.01% bis 25,00%<\/span><\/span><\/p>\n<p><span class=\"VIiyi\" lang=\"de\"><span class=\"JLqJ4b ChMk0b\" data-language-for-alternatives=\"de\" data-language-to-translate-into=\"fr\" data-phrase-index=\"2\">Aufl\u00f6sung: 0.01-5.00 0.01%, 5.10-25.00% 0.1%<\/span><\/span><\/p>\n<p><span class=\"VIiyi\" lang=\"de\"><span class=\"JLqJ4b ChMk0b\" data-language-for-alternatives=\"de\" data-language-to-translate-into=\"fr\" data-phrase-index=\"4\">Genauigkeit: 0.01-5.00% \u00b1 0.1%, 5.10-25.00% \u00b1 1%<\/span><\/span><\/td>\n<\/tr>\n<tr>\n<td>PH<\/td>\n<td colspan=\"2\"><span class=\"VIiyi\" lang=\"de\"><span class=\"JLqJ4b ChMk0b\" data-language-for-alternatives=\"de\" data-language-to-translate-into=\"fr\" data-phrase-index=\"0\">Messbereich: 0.01-14.00 pH<\/span> <\/span><\/p>\n<p><span class=\"VIiyi\" lang=\"de\"><span class=\"JLqJ4b ChMk0b\" data-language-for-alternatives=\"de\" data-language-to-translate-into=\"fr\" data-phrase-index=\"2\">Aufl\u00f6sung: 0.01pH<\/span><\/span><\/p>\n<p><span class=\"VIiyi\" lang=\"de\"><span class=\"JLqJ4b ChMk0b\" data-language-for-alternatives=\"de\" data-language-to-translate-into=\"fr\" data-phrase-index=\"4\">Genauigkeit: \u00b1 0.05 pH<\/span><\/span><\/td>\n<\/tr>\n<tr>\n<td>Automatic calibration<\/td>\n<td colspan=\"2\"><span class=\"VIiyi\" lang=\"de\"><span class=\"JLqJ4b ChMk0b\" data-language-for-alternatives=\"de\" data-language-to-translate-into=\"fr\" data-phrase-index=\"0\">EC: Dreipunktkalibrierung optional<\/span> <span class=\"JLqJ4b ChMk0b\" data-language-for-alternatives=\"de\" data-language-to-translate-into=\"fr\" data-phrase-index=\"2\">(1413uS \/ cm 12,88 mS \/ cm 111,8 mS \/ cm)<\/span><\/span><\/p>\n<p><span class=\"VIiyi\" lang=\"de\"><span class=\"JLqJ4b ChMk0b\" data-language-for-alternatives=\"de\" data-language-to-translate-into=\"fr\" data-phrase-index=\"4\">pH: Standardl\u00f6sung automatisch erkannt<\/span><span class=\"JLqJ4b ChMk0b\" data-language-for-alternatives=\"de\" data-language-to-translate-into=\"fr\" data-phrase-index=\"6\">(6.86 \/ 4.00 \/ 9.18), 1 Punkt \/ 2 Punkte \/ 3 Punkte Unterst\u00fctzung<\/span><\/span><\/p>\n<p><span class=\"VIiyi\" lang=\"de\"><span class=\"JLqJ4b ChMk0b\" data-language-for-alternatives=\"de\" data-language-to-translate-into=\"fr\" data-phrase-index=\"8\">Kann das Messger\u00e4t die L\u00f6sung nicht erkennen, muss die Elektrode ausgetauscht werden<\/span><\/span><\/td>\n<\/tr>\n<tr>\n<td>Temperatur<\/td>\n<td colspan=\"2\">Bereich: 0-60 \u00b0C<\/p>\n<p>Temperature\u00a0 Kompensation : ATC\u00a0\u00a00-60\u00b0C<\/td>\n<\/tr>\n<tr>\n<td>Umgebungbedingungen<\/td>\n<td colspan=\"2\">0\u00a0to\u00a060.0\u00b0C(32.0-140\u00b0F);<br \/>\nRH 0-100%<\/td>\n<\/tr>\n<tr>\n<td>Automatische Auschaltung<\/td>\n<td colspan=\"2\">5 Minuten<\/td>\n<\/tr>\n<tr>\n<td>Batterien<\/td>\n<td colspan=\"2\">3 x 1.5V(LR44)<\/td>\n<\/tr>\n<tr>\n<td>Schutzart<\/td>\n<td colspan=\"2\">IP67<\/td>\n<\/tr>\n<\/tbody>\n<\/table>\n","protected":false},"excerpt":{"rendered":"<p><span class=\"VIiyi\" lang=\"de\"><span class=\"JLqJ4b ChMk0b\" data-language-for-alternatives=\"de\" data-language-to-translate-into=\"fr\" data-phrase-index=\"0\">Digitaler Tester f\u00fcr Wasser zur Messung von Temperatur, pH, Leitf\u00e4higkeit, Salzgehalt und TDS.<\/span><\/span><\/p>\n","protected":false},"featured_media":25339,"template":"","meta":{"_crdt_document":""},"product_brand":[],"product_cat":[241,242],"product_tag":[],"class_list":{"0":"post-25334","1":"product","2":"type-product","3":"status-publish","4":"has-post-thumbnail","6":"product_cat-ph-de","7":"product_cat-redox-de","9":"first","10":"instock","11":"taxable","12":"shipping-taxable","13":"purchasable","14":"product-type-simple"},"yoast_head":"<!-- This site is optimized with the Yoast SEO plugin v27.4 - https:\/\/yoast.com\/product\/yoast-seo-wordpress\/ -->\n<title>Digitales Wasser Tester 5 In 1 f\u00fcr PH \/ TDS \/ EC\/ Salzgehalt \/ Temperatur EZ-9909 - Sysmatec<\/title>\n<meta name=\"description\" content=\"Wassertester, der folgende Messungen erm\u00f6glicht: pH, Leitf\u00e4higkeit, Salzgehalt, TDS (total gel\u00f6ste Feststoffe), Temperatur.\" \/>\n<meta name=\"robots\" content=\"index, follow, max-snippet:-1, max-image-preview:large, max-video-preview:-1\" \/>\n<link rel=\"canonical\" href=\"https:\/\/sysmatec.ch\/de\/produit\/digitales-wasser-tester-5-in-1-fuer-ph-tds-ec-salzgehalt-temperatur-ez-9909\/\" \/>\n<meta property=\"og:locale\" content=\"de_DE\" \/>\n<meta property=\"og:type\" content=\"article\" \/>\n<meta property=\"og:title\" content=\"Digitales Wasser Tester 5 In 1 f\u00fcr PH \/ TDS \/ EC\/ Salzgehalt \/ Temperatur EZ-9909 - Sysmatec\" \/>\n<meta property=\"og:description\" content=\"Wassertester, der folgende Messungen erm\u00f6glicht: pH, Leitf\u00e4higkeit, Salzgehalt, TDS (total gel\u00f6ste Feststoffe), Temperatur.\" \/>\n<meta property=\"og:url\" content=\"https:\/\/sysmatec.ch\/de\/produit\/digitales-wasser-tester-5-in-1-fuer-ph-tds-ec-salzgehalt-temperatur-ez-9909\/\" \/>\n<meta property=\"og:site_name\" content=\"Sysmatec\" \/>\n<meta property=\"article:modified_time\" content=\"2021-11-20T20:16:20+00:00\" \/>\n<meta property=\"og:image\" content=\"https:\/\/sysmatec.ch\/wp-content\/uploads\/2021\/07\/pHConductvite_Tester1.jpg\" \/>\n\t<meta property=\"og:image:width\" content=\"560\" \/>\n\t<meta property=\"og:image:height\" content=\"560\" \/>\n\t<meta property=\"og:image:type\" content=\"image\/jpeg\" \/>\n<meta name=\"twitter:card\" content=\"summary_large_image\" \/>\n<meta name=\"twitter:label1\" content=\"Gesch\u00e4tzte Lesezeit\" \/>\n\t<meta name=\"twitter:data1\" content=\"1\u00a0Minute\" \/>\n<script type=\"application\/ld+json\" class=\"yoast-schema-graph\">{\"@context\":\"https:\\\/\\\/schema.org\",\"@graph\":[{\"@type\":\"WebPage\",\"@id\":\"https:\\\/\\\/sysmatec.ch\\\/de\\\/produit\\\/digitales-wasser-tester-5-in-1-fuer-ph-tds-ec-salzgehalt-temperatur-ez-9909\\\/\",\"url\":\"https:\\\/\\\/sysmatec.ch\\\/de\\\/produit\\\/digitales-wasser-tester-5-in-1-fuer-ph-tds-ec-salzgehalt-temperatur-ez-9909\\\/\",\"name\":\"Digitales Wasser Tester 5 In 1 f\u00fcr PH \\\/ TDS \\\/ EC\\\/ Salzgehalt \\\/ Temperatur EZ-9909 - Sysmatec\",\"isPartOf\":{\"@id\":\"https:\\\/\\\/sysmatec.ch\\\/de\\\/#website\"},\"primaryImageOfPage\":{\"@id\":\"https:\\\/\\\/sysmatec.ch\\\/de\\\/produit\\\/digitales-wasser-tester-5-in-1-fuer-ph-tds-ec-salzgehalt-temperatur-ez-9909\\\/#primaryimage\"},\"image\":{\"@id\":\"https:\\\/\\\/sysmatec.ch\\\/de\\\/produit\\\/digitales-wasser-tester-5-in-1-fuer-ph-tds-ec-salzgehalt-temperatur-ez-9909\\\/#primaryimage\"},\"thumbnailUrl\":\"https:\\\/\\\/sysmatec.ch\\\/wp-content\\\/uploads\\\/2021\\\/07\\\/pHConductvite_Tester1.jpg\",\"datePublished\":\"2021-07-11T08:21:05+00:00\",\"dateModified\":\"2021-11-20T20:16:20+00:00\",\"description\":\"Wassertester, der folgende Messungen erm\u00f6glicht: pH, Leitf\u00e4higkeit, Salzgehalt, TDS (total gel\u00f6ste Feststoffe), Temperatur.\",\"breadcrumb\":{\"@id\":\"https:\\\/\\\/sysmatec.ch\\\/de\\\/produit\\\/digitales-wasser-tester-5-in-1-fuer-ph-tds-ec-salzgehalt-temperatur-ez-9909\\\/#breadcrumb\"},\"inLanguage\":\"de\",\"potentialAction\":[{\"@type\":\"ReadAction\",\"target\":[\"https:\\\/\\\/sysmatec.ch\\\/de\\\/produit\\\/digitales-wasser-tester-5-in-1-fuer-ph-tds-ec-salzgehalt-temperatur-ez-9909\\\/\"]}]},{\"@type\":\"ImageObject\",\"inLanguage\":\"de\",\"@id\":\"https:\\\/\\\/sysmatec.ch\\\/de\\\/produit\\\/digitales-wasser-tester-5-in-1-fuer-ph-tds-ec-salzgehalt-temperatur-ez-9909\\\/#primaryimage\",\"url\":\"https:\\\/\\\/sysmatec.ch\\\/wp-content\\\/uploads\\\/2021\\\/07\\\/pHConductvite_Tester1.jpg\",\"contentUrl\":\"https:\\\/\\\/sysmatec.ch\\\/wp-content\\\/uploads\\\/2021\\\/07\\\/pHConductvite_Tester1.jpg\",\"width\":560,\"height\":560},{\"@type\":\"BreadcrumbList\",\"@id\":\"https:\\\/\\\/sysmatec.ch\\\/de\\\/produit\\\/digitales-wasser-tester-5-in-1-fuer-ph-tds-ec-salzgehalt-temperatur-ez-9909\\\/#breadcrumb\",\"itemListElement\":[{\"@type\":\"ListItem\",\"position\":1,\"name\":\"Accueil\",\"item\":\"https:\\\/\\\/sysmatec.ch\\\/de\\\/\"},{\"@type\":\"ListItem\",\"position\":2,\"name\":\"Die Aktivit\u00e4t von Sysmatec\",\"item\":\"https:\\\/\\\/sysmatec.ch\\\/de\\\/\"},{\"@type\":\"ListItem\",\"position\":3,\"name\":\"Digitales Wasser Tester 5 In 1 f\u00fcr PH \\\/ TDS \\\/ EC\\\/ Salzgehalt \\\/ Temperatur EZ-9909\"}]},{\"@type\":\"WebSite\",\"@id\":\"https:\\\/\\\/sysmatec.ch\\\/de\\\/#website\",\"url\":\"https:\\\/\\\/sysmatec.ch\\\/de\\\/\",\"name\":\"Sysmatec\",\"description\":\"Equipement de laboratoire et logiciels\",\"publisher\":{\"@id\":\"https:\\\/\\\/sysmatec.ch\\\/de\\\/#organization\"},\"potentialAction\":[{\"@type\":\"SearchAction\",\"target\":{\"@type\":\"EntryPoint\",\"urlTemplate\":\"https:\\\/\\\/sysmatec.ch\\\/de\\\/?s={search_term_string}\"},\"query-input\":{\"@type\":\"PropertyValueSpecification\",\"valueRequired\":true,\"valueName\":\"search_term_string\"}}],\"inLanguage\":\"de\"},{\"@type\":\"Organization\",\"@id\":\"https:\\\/\\\/sysmatec.ch\\\/de\\\/#organization\",\"name\":\"Sysmatec\",\"url\":\"https:\\\/\\\/sysmatec.ch\\\/de\\\/\",\"logo\":{\"@type\":\"ImageObject\",\"inLanguage\":\"de\",\"@id\":\"https:\\\/\\\/sysmatec.ch\\\/de\\\/#\\\/schema\\\/logo\\\/image\\\/\",\"url\":\"https:\\\/\\\/sysmatec.ch\\\/wp-content\\\/uploads\\\/2018\\\/11\\\/LogoSysmatec.jpg\",\"contentUrl\":\"https:\\\/\\\/sysmatec.ch\\\/wp-content\\\/uploads\\\/2018\\\/11\\\/LogoSysmatec.jpg\",\"width\":301,\"height\":297,\"caption\":\"Sysmatec\"},\"image\":{\"@id\":\"https:\\\/\\\/sysmatec.ch\\\/de\\\/#\\\/schema\\\/logo\\\/image\\\/\"}}]}<\/script>\n<!-- \/ Yoast SEO plugin. -->","yoast_head_json":{"title":"Digitales Wasser Tester 5 In 1 f\u00fcr PH \/ TDS \/ EC\/ Salzgehalt \/ Temperatur EZ-9909 - Sysmatec","description":"Wassertester, der folgende Messungen erm\u00f6glicht: pH, Leitf\u00e4higkeit, Salzgehalt, TDS (total gel\u00f6ste Feststoffe), Temperatur.","robots":{"index":"index","follow":"follow","max-snippet":"max-snippet:-1","max-image-preview":"max-image-preview:large","max-video-preview":"max-video-preview:-1"},"canonical":"https:\/\/sysmatec.ch\/de\/produit\/digitales-wasser-tester-5-in-1-fuer-ph-tds-ec-salzgehalt-temperatur-ez-9909\/","og_locale":"de_DE","og_type":"article","og_title":"Digitales Wasser Tester 5 In 1 f\u00fcr PH \/ TDS \/ EC\/ Salzgehalt \/ Temperatur EZ-9909 - Sysmatec","og_description":"Wassertester, der folgende Messungen erm\u00f6glicht: pH, Leitf\u00e4higkeit, Salzgehalt, TDS (total gel\u00f6ste Feststoffe), Temperatur.","og_url":"https:\/\/sysmatec.ch\/de\/produit\/digitales-wasser-tester-5-in-1-fuer-ph-tds-ec-salzgehalt-temperatur-ez-9909\/","og_site_name":"Sysmatec","article_modified_time":"2021-11-20T20:16:20+00:00","og_image":[{"width":560,"height":560,"url":"https:\/\/sysmatec.ch\/wp-content\/uploads\/2021\/07\/pHConductvite_Tester1.jpg","type":"image\/jpeg"}],"twitter_card":"summary_large_image","twitter_misc":{"Gesch\u00e4tzte Lesezeit":"1\u00a0Minute"},"schema":{"@context":"https:\/\/schema.org","@graph":[{"@type":"WebPage","@id":"https:\/\/sysmatec.ch\/de\/produit\/digitales-wasser-tester-5-in-1-fuer-ph-tds-ec-salzgehalt-temperatur-ez-9909\/","url":"https:\/\/sysmatec.ch\/de\/produit\/digitales-wasser-tester-5-in-1-fuer-ph-tds-ec-salzgehalt-temperatur-ez-9909\/","name":"Digitales Wasser Tester 5 In 1 f\u00fcr PH \/ TDS \/ EC\/ Salzgehalt \/ Temperatur EZ-9909 - Sysmatec","isPartOf":{"@id":"https:\/\/sysmatec.ch\/de\/#website"},"primaryImageOfPage":{"@id":"https:\/\/sysmatec.ch\/de\/produit\/digitales-wasser-tester-5-in-1-fuer-ph-tds-ec-salzgehalt-temperatur-ez-9909\/#primaryimage"},"image":{"@id":"https:\/\/sysmatec.ch\/de\/produit\/digitales-wasser-tester-5-in-1-fuer-ph-tds-ec-salzgehalt-temperatur-ez-9909\/#primaryimage"},"thumbnailUrl":"https:\/\/sysmatec.ch\/wp-content\/uploads\/2021\/07\/pHConductvite_Tester1.jpg","datePublished":"2021-07-11T08:21:05+00:00","dateModified":"2021-11-20T20:16:20+00:00","description":"Wassertester, der folgende Messungen erm\u00f6glicht: pH, Leitf\u00e4higkeit, Salzgehalt, TDS (total gel\u00f6ste Feststoffe), Temperatur.","breadcrumb":{"@id":"https:\/\/sysmatec.ch\/de\/produit\/digitales-wasser-tester-5-in-1-fuer-ph-tds-ec-salzgehalt-temperatur-ez-9909\/#breadcrumb"},"inLanguage":"de","potentialAction":[{"@type":"ReadAction","target":["https:\/\/sysmatec.ch\/de\/produit\/digitales-wasser-tester-5-in-1-fuer-ph-tds-ec-salzgehalt-temperatur-ez-9909\/"]}]},{"@type":"ImageObject","inLanguage":"de","@id":"https:\/\/sysmatec.ch\/de\/produit\/digitales-wasser-tester-5-in-1-fuer-ph-tds-ec-salzgehalt-temperatur-ez-9909\/#primaryimage","url":"https:\/\/sysmatec.ch\/wp-content\/uploads\/2021\/07\/pHConductvite_Tester1.jpg","contentUrl":"https:\/\/sysmatec.ch\/wp-content\/uploads\/2021\/07\/pHConductvite_Tester1.jpg","width":560,"height":560},{"@type":"BreadcrumbList","@id":"https:\/\/sysmatec.ch\/de\/produit\/digitales-wasser-tester-5-in-1-fuer-ph-tds-ec-salzgehalt-temperatur-ez-9909\/#breadcrumb","itemListElement":[{"@type":"ListItem","position":1,"name":"Accueil","item":"https:\/\/sysmatec.ch\/de\/"},{"@type":"ListItem","position":2,"name":"Die Aktivit\u00e4t von Sysmatec","item":"https:\/\/sysmatec.ch\/de\/"},{"@type":"ListItem","position":3,"name":"Digitales Wasser Tester 5 In 1 f\u00fcr PH \/ TDS \/ EC\/ Salzgehalt \/ Temperatur EZ-9909"}]},{"@type":"WebSite","@id":"https:\/\/sysmatec.ch\/de\/#website","url":"https:\/\/sysmatec.ch\/de\/","name":"Sysmatec","description":"Equipement de laboratoire et logiciels","publisher":{"@id":"https:\/\/sysmatec.ch\/de\/#organization"},"potentialAction":[{"@type":"SearchAction","target":{"@type":"EntryPoint","urlTemplate":"https:\/\/sysmatec.ch\/de\/?s={search_term_string}"},"query-input":{"@type":"PropertyValueSpecification","valueRequired":true,"valueName":"search_term_string"}}],"inLanguage":"de"},{"@type":"Organization","@id":"https:\/\/sysmatec.ch\/de\/#organization","name":"Sysmatec","url":"https:\/\/sysmatec.ch\/de\/","logo":{"@type":"ImageObject","inLanguage":"de","@id":"https:\/\/sysmatec.ch\/de\/#\/schema\/logo\/image\/","url":"https:\/\/sysmatec.ch\/wp-content\/uploads\/2018\/11\/LogoSysmatec.jpg","contentUrl":"https:\/\/sysmatec.ch\/wp-content\/uploads\/2018\/11\/LogoSysmatec.jpg","width":301,"height":297,"caption":"Sysmatec"},"image":{"@id":"https:\/\/sysmatec.ch\/de\/#\/schema\/logo\/image\/"}}]}},"_links":{"self":[{"href":"https:\/\/sysmatec.ch\/de\/wp-json\/wp\/v2\/product\/25334","targetHints":{"allow":["GET"]}}],"collection":[{"href":"https:\/\/sysmatec.ch\/de\/wp-json\/wp\/v2\/product"}],"about":[{"href":"https:\/\/sysmatec.ch\/de\/wp-json\/wp\/v2\/types\/product"}],"wp:featuredmedia":[{"embeddable":true,"href":"https:\/\/sysmatec.ch\/de\/wp-json\/wp\/v2\/media\/25339"}],"wp:attachment":[{"href":"https:\/\/sysmatec.ch\/de\/wp-json\/wp\/v2\/media?parent=25334"}],"wp:term":[{"taxonomy":"product_brand","embeddable":true,"href":"https:\/\/sysmatec.ch\/de\/wp-json\/wp\/v2\/product_brand?post=25334"},{"taxonomy":"product_cat","embeddable":true,"href":"https:\/\/sysmatec.ch\/de\/wp-json\/wp\/v2\/product_cat?post=25334"},{"taxonomy":"product_tag","embeddable":true,"href":"https:\/\/sysmatec.ch\/de\/wp-json\/wp\/v2\/product_tag?post=25334"}],"curies":[{"name":"wp","href":"https:\/\/api.w.org\/{rel}","templated":true}]}}