{"id":25324,"date":"2021-07-10T12:06:25","date_gmt":"2021-07-10T10:06:25","guid":{"rendered":"https:\/\/sysmatec.ch\/?post_type=product&#038;p=25324"},"modified":"2021-11-20T21:26:14","modified_gmt":"2021-11-20T20:26:14","slug":"membranpumpe-fuer-fluessigkeiten-fp70","status":"publish","type":"product","link":"https:\/\/sysmatec.ch\/de\/Produkt\/membranpumpe-fuer-fluessigkeiten-fp70\/","title":{"rendered":"Membranpumpe f\u00fcr Fl\u00fcssigkeiten FP70"},"content":{"rendered":"<p><span class=\"VIiyi\" lang=\"de\"><span class=\"JLqJ4b ChMk0b\" data-language-for-alternatives=\"de\" data-language-to-translate-into=\"fr\" data-phrase-index=\"0\">Die Pumpe ist selbstansaugend mit patentierten 4-Punkt-Ventilen und trockenlauff\u00e4hig.<\/span> <span class=\"JLqJ4b ChMk0b\" data-language-for-alternatives=\"de\" data-language-to-translate-into=\"fr\" data-phrase-index=\"1\">Dar\u00fcber hinaus behandelt es Fl\u00fcssigkeiten schonend und sauber und besitzt eine hohe Chemikalienbest\u00e4ndigkeit.<\/span> <span class=\"JLqJ4b ChMk0b\" data-language-for-alternatives=\"de\" data-language-to-translate-into=\"fr\" data-phrase-index=\"2\">Dar\u00fcber hinaus l\u00e4sst sich die KNF FP 70 mit Motoren unterschiedlicher Leistungsklassen exakt an die Anforderungen anpassen, verbunden mit den sehr geringen Pulsationen der integrierten D\u00e4mpfer.<\/span><\/span><\/p>\n<table border=\"1\" width=\"100%\" cellspacing=\"0\" cellpadding=\"2\">\n<tbody>\n<tr>\n<td width=\"35%\">Typ<\/td>\n<td>Kopf<\/td>\n<td>Membran<\/td>\n<td>Ventil<\/td>\n<td><span class=\"VIiyi\" lang=\"de\"><span class=\"JLqJ4b ChMk0b\" data-language-for-alternatives=\"de\" data-language-to-translate-into=\"fr\" data-phrase-index=\"0\">D\u00e4mpfungsmembran<\/span><\/span><\/td>\n<td>Spannung<\/td>\n<td>Durchfluss(l\/min)<\/td>\n<\/tr>\n<tr>\n<td width=\"35%\">FP70 KPDC<\/td>\n<td>PP<\/td>\n<td>EPDM<\/td>\n<td>EPDM<\/td>\n<td>EPDM<\/td>\n<td>12\/24 V<\/td>\n<td>0-0.7<\/td>\n<\/tr>\n<tr>\n<td width=\"35%\">FP70 KTDC<\/td>\n<td>PP<\/td>\n<td>PTFE<\/td>\n<td>FFKM<\/td>\n<td>PTFE<\/td>\n<td>12\/24 V<\/td>\n<td>0-0.7<\/td>\n<\/tr>\n<tr>\n<td width=\"35%\">FP70 KVDC<\/td>\n<td>PP<\/td>\n<td>PTFE<\/td>\n<td>FFKM<\/td>\n<td>FFKM<\/td>\n<td>12\/24 V<\/td>\n<td>0-0.7<\/td>\n<\/tr>\n<\/tbody>\n<\/table>\n<p><span class=\"VIiyi\" lang=\"de\"><span class=\"JLqJ4b ChMk0b\" data-language-for-alternatives=\"de\" data-language-to-translate-into=\"fr\" data-phrase-index=\"0\">Fl\u00fcssigkeitsanschluss: Schraube<\/span> <\/span><\/p>\n<p><span class=\"VIiyi\" lang=\"de\"><span class=\"JLqJ4b ChMk0b\" data-language-for-alternatives=\"de\" data-language-to-translate-into=\"fr\" data-phrase-index=\"2\">Es gibt eine f\u00fcr die Lebensmittelindustrie zertifizierte FNSL-Version.<\/span> <\/span><\/p>\n<p><span class=\"VIiyi\" lang=\"de\"><span class=\"JLqJ4b ChMk0b\" data-language-for-alternatives=\"de\" data-language-to-translate-into=\"fr\" data-phrase-index=\"4\">Die Durchflussmenge kann im Bereich von 0,05 bis 0,7 l \/ min \u00fcber ein 0-5 V Eingangssignal eingestellt werden<\/span><\/span><\/p>\n","protected":false},"excerpt":{"rendered":"<p><span class=\"VIiyi\" lang=\"de\"><span class=\"JLqJ4b ChMk0b\" data-language-for-alternatives=\"de\" data-language-to-translate-into=\"fr\" data-phrase-index=\"0\">Pulsationsarme, selbstansaugende Membranpumpe f\u00fcr Fl\u00fcssigkeiten.<\/span><\/span><\/p>\n","protected":false},"featured_media":25328,"template":"","meta":{"_crdt_document":""},"product_brand":[],"product_cat":[98,99],"product_tag":[],"class_list":{"0":"post-25324","1":"product","2":"type-product","3":"status-publish","4":"has-post-thumbnail","6":"product_cat-peristaltisch","7":"product_cat-pumpe","9":"first","10":"instock","11":"taxable","12":"shipping-taxable","13":"product-type-simple"},"yoast_head":"<!-- This site is optimized with the Yoast SEO plugin v27.4 - https:\/\/yoast.com\/product\/yoast-seo-wordpress\/ -->\n<title>Membranpumpe f\u00fcr Fl\u00fcssigkeiten FP70 - Sysmatec<\/title>\n<meta name=\"description\" content=\"Membran- oder Membranpumpe f\u00fcr Fl\u00fcssigkeiten, pulsationsarm und selbstansaugend, kompakt, f\u00fcr kleine F\u00f6rdermengen.\" \/>\n<meta name=\"robots\" content=\"index, follow, max-snippet:-1, max-image-preview:large, max-video-preview:-1\" \/>\n<link rel=\"canonical\" href=\"https:\/\/sysmatec.ch\/de\/produit\/membranpumpe-fuer-fluessigkeiten-fp70\/\" \/>\n<meta property=\"og:locale\" content=\"de_DE\" \/>\n<meta property=\"og:type\" content=\"article\" \/>\n<meta property=\"og:title\" content=\"Membranpumpe f\u00fcr Fl\u00fcssigkeiten FP70 - Sysmatec\" \/>\n<meta property=\"og:description\" content=\"Membran- oder Membranpumpe f\u00fcr Fl\u00fcssigkeiten, pulsationsarm und selbstansaugend, kompakt, f\u00fcr kleine F\u00f6rdermengen.\" \/>\n<meta property=\"og:url\" content=\"https:\/\/sysmatec.ch\/de\/produit\/membranpumpe-fuer-fluessigkeiten-fp70\/\" \/>\n<meta property=\"og:site_name\" content=\"Sysmatec\" \/>\n<meta property=\"article:modified_time\" content=\"2021-11-20T20:26:14+00:00\" \/>\n<meta property=\"og:image\" content=\"https:\/\/sysmatec.ch\/wp-content\/uploads\/2021\/07\/PompeMembrane_KNFFP70.jpg\" \/>\n\t<meta property=\"og:image:width\" content=\"605\" \/>\n\t<meta property=\"og:image:height\" content=\"513\" \/>\n\t<meta property=\"og:image:type\" content=\"image\/jpeg\" \/>\n<meta name=\"twitter:card\" content=\"summary_large_image\" \/>\n<meta name=\"twitter:label1\" content=\"Gesch\u00e4tzte Lesezeit\" \/>\n\t<meta name=\"twitter:data1\" content=\"1\u00a0Minute\" \/>\n<script type=\"application\/ld+json\" class=\"yoast-schema-graph\">{\"@context\":\"https:\\\/\\\/schema.org\",\"@graph\":[{\"@type\":\"WebPage\",\"@id\":\"https:\\\/\\\/sysmatec.ch\\\/de\\\/produit\\\/membranpumpe-fuer-fluessigkeiten-fp70\\\/\",\"url\":\"https:\\\/\\\/sysmatec.ch\\\/de\\\/produit\\\/membranpumpe-fuer-fluessigkeiten-fp70\\\/\",\"name\":\"Membranpumpe f\u00fcr Fl\u00fcssigkeiten FP70 - Sysmatec\",\"isPartOf\":{\"@id\":\"https:\\\/\\\/sysmatec.ch\\\/de\\\/#website\"},\"primaryImageOfPage\":{\"@id\":\"https:\\\/\\\/sysmatec.ch\\\/de\\\/produit\\\/membranpumpe-fuer-fluessigkeiten-fp70\\\/#primaryimage\"},\"image\":{\"@id\":\"https:\\\/\\\/sysmatec.ch\\\/de\\\/produit\\\/membranpumpe-fuer-fluessigkeiten-fp70\\\/#primaryimage\"},\"thumbnailUrl\":\"https:\\\/\\\/sysmatec.ch\\\/wp-content\\\/uploads\\\/2021\\\/07\\\/PompeMembrane_KNFFP70.jpg\",\"datePublished\":\"2021-07-10T10:06:25+00:00\",\"dateModified\":\"2021-11-20T20:26:14+00:00\",\"description\":\"Membran- oder Membranpumpe f\u00fcr Fl\u00fcssigkeiten, pulsationsarm und selbstansaugend, kompakt, f\u00fcr kleine F\u00f6rdermengen.\",\"breadcrumb\":{\"@id\":\"https:\\\/\\\/sysmatec.ch\\\/de\\\/produit\\\/membranpumpe-fuer-fluessigkeiten-fp70\\\/#breadcrumb\"},\"inLanguage\":\"de\",\"potentialAction\":[{\"@type\":\"ReadAction\",\"target\":[\"https:\\\/\\\/sysmatec.ch\\\/de\\\/produit\\\/membranpumpe-fuer-fluessigkeiten-fp70\\\/\"]}]},{\"@type\":\"ImageObject\",\"inLanguage\":\"de\",\"@id\":\"https:\\\/\\\/sysmatec.ch\\\/de\\\/produit\\\/membranpumpe-fuer-fluessigkeiten-fp70\\\/#primaryimage\",\"url\":\"https:\\\/\\\/sysmatec.ch\\\/wp-content\\\/uploads\\\/2021\\\/07\\\/PompeMembrane_KNFFP70.jpg\",\"contentUrl\":\"https:\\\/\\\/sysmatec.ch\\\/wp-content\\\/uploads\\\/2021\\\/07\\\/PompeMembrane_KNFFP70.jpg\",\"width\":605,\"height\":513},{\"@type\":\"BreadcrumbList\",\"@id\":\"https:\\\/\\\/sysmatec.ch\\\/de\\\/produit\\\/membranpumpe-fuer-fluessigkeiten-fp70\\\/#breadcrumb\",\"itemListElement\":[{\"@type\":\"ListItem\",\"position\":1,\"name\":\"Accueil\",\"item\":\"https:\\\/\\\/sysmatec.ch\\\/de\\\/\"},{\"@type\":\"ListItem\",\"position\":2,\"name\":\"Die Aktivit\u00e4t von Sysmatec\",\"item\":\"https:\\\/\\\/sysmatec.ch\\\/de\\\/\"},{\"@type\":\"ListItem\",\"position\":3,\"name\":\"Membranpumpe f\u00fcr Fl\u00fcssigkeiten FP70\"}]},{\"@type\":\"WebSite\",\"@id\":\"https:\\\/\\\/sysmatec.ch\\\/de\\\/#website\",\"url\":\"https:\\\/\\\/sysmatec.ch\\\/de\\\/\",\"name\":\"Sysmatec\",\"description\":\"Equipement de laboratoire et logiciels\",\"publisher\":{\"@id\":\"https:\\\/\\\/sysmatec.ch\\\/de\\\/#organization\"},\"potentialAction\":[{\"@type\":\"SearchAction\",\"target\":{\"@type\":\"EntryPoint\",\"urlTemplate\":\"https:\\\/\\\/sysmatec.ch\\\/de\\\/?s={search_term_string}\"},\"query-input\":{\"@type\":\"PropertyValueSpecification\",\"valueRequired\":true,\"valueName\":\"search_term_string\"}}],\"inLanguage\":\"de\"},{\"@type\":\"Organization\",\"@id\":\"https:\\\/\\\/sysmatec.ch\\\/de\\\/#organization\",\"name\":\"Sysmatec\",\"url\":\"https:\\\/\\\/sysmatec.ch\\\/de\\\/\",\"logo\":{\"@type\":\"ImageObject\",\"inLanguage\":\"de\",\"@id\":\"https:\\\/\\\/sysmatec.ch\\\/de\\\/#\\\/schema\\\/logo\\\/image\\\/\",\"url\":\"https:\\\/\\\/sysmatec.ch\\\/wp-content\\\/uploads\\\/2018\\\/11\\\/LogoSysmatec.jpg\",\"contentUrl\":\"https:\\\/\\\/sysmatec.ch\\\/wp-content\\\/uploads\\\/2018\\\/11\\\/LogoSysmatec.jpg\",\"width\":301,\"height\":297,\"caption\":\"Sysmatec\"},\"image\":{\"@id\":\"https:\\\/\\\/sysmatec.ch\\\/de\\\/#\\\/schema\\\/logo\\\/image\\\/\"}}]}<\/script>\n<!-- \/ Yoast SEO plugin. -->","yoast_head_json":{"title":"Membranpumpe f\u00fcr Fl\u00fcssigkeiten FP70 - Sysmatec","description":"Membran- oder Membranpumpe f\u00fcr Fl\u00fcssigkeiten, pulsationsarm und selbstansaugend, kompakt, f\u00fcr kleine F\u00f6rdermengen.","robots":{"index":"index","follow":"follow","max-snippet":"max-snippet:-1","max-image-preview":"max-image-preview:large","max-video-preview":"max-video-preview:-1"},"canonical":"https:\/\/sysmatec.ch\/de\/produit\/membranpumpe-fuer-fluessigkeiten-fp70\/","og_locale":"de_DE","og_type":"article","og_title":"Membranpumpe f\u00fcr Fl\u00fcssigkeiten FP70 - Sysmatec","og_description":"Membran- oder Membranpumpe f\u00fcr Fl\u00fcssigkeiten, pulsationsarm und selbstansaugend, kompakt, f\u00fcr kleine F\u00f6rdermengen.","og_url":"https:\/\/sysmatec.ch\/de\/produit\/membranpumpe-fuer-fluessigkeiten-fp70\/","og_site_name":"Sysmatec","article_modified_time":"2021-11-20T20:26:14+00:00","og_image":[{"width":605,"height":513,"url":"https:\/\/sysmatec.ch\/wp-content\/uploads\/2021\/07\/PompeMembrane_KNFFP70.jpg","type":"image\/jpeg"}],"twitter_card":"summary_large_image","twitter_misc":{"Gesch\u00e4tzte Lesezeit":"1\u00a0Minute"},"schema":{"@context":"https:\/\/schema.org","@graph":[{"@type":"WebPage","@id":"https:\/\/sysmatec.ch\/de\/produit\/membranpumpe-fuer-fluessigkeiten-fp70\/","url":"https:\/\/sysmatec.ch\/de\/produit\/membranpumpe-fuer-fluessigkeiten-fp70\/","name":"Membranpumpe f\u00fcr Fl\u00fcssigkeiten FP70 - Sysmatec","isPartOf":{"@id":"https:\/\/sysmatec.ch\/de\/#website"},"primaryImageOfPage":{"@id":"https:\/\/sysmatec.ch\/de\/produit\/membranpumpe-fuer-fluessigkeiten-fp70\/#primaryimage"},"image":{"@id":"https:\/\/sysmatec.ch\/de\/produit\/membranpumpe-fuer-fluessigkeiten-fp70\/#primaryimage"},"thumbnailUrl":"https:\/\/sysmatec.ch\/wp-content\/uploads\/2021\/07\/PompeMembrane_KNFFP70.jpg","datePublished":"2021-07-10T10:06:25+00:00","dateModified":"2021-11-20T20:26:14+00:00","description":"Membran- oder Membranpumpe f\u00fcr Fl\u00fcssigkeiten, pulsationsarm und selbstansaugend, kompakt, f\u00fcr kleine F\u00f6rdermengen.","breadcrumb":{"@id":"https:\/\/sysmatec.ch\/de\/produit\/membranpumpe-fuer-fluessigkeiten-fp70\/#breadcrumb"},"inLanguage":"de","potentialAction":[{"@type":"ReadAction","target":["https:\/\/sysmatec.ch\/de\/produit\/membranpumpe-fuer-fluessigkeiten-fp70\/"]}]},{"@type":"ImageObject","inLanguage":"de","@id":"https:\/\/sysmatec.ch\/de\/produit\/membranpumpe-fuer-fluessigkeiten-fp70\/#primaryimage","url":"https:\/\/sysmatec.ch\/wp-content\/uploads\/2021\/07\/PompeMembrane_KNFFP70.jpg","contentUrl":"https:\/\/sysmatec.ch\/wp-content\/uploads\/2021\/07\/PompeMembrane_KNFFP70.jpg","width":605,"height":513},{"@type":"BreadcrumbList","@id":"https:\/\/sysmatec.ch\/de\/produit\/membranpumpe-fuer-fluessigkeiten-fp70\/#breadcrumb","itemListElement":[{"@type":"ListItem","position":1,"name":"Accueil","item":"https:\/\/sysmatec.ch\/de\/"},{"@type":"ListItem","position":2,"name":"Die Aktivit\u00e4t von Sysmatec","item":"https:\/\/sysmatec.ch\/de\/"},{"@type":"ListItem","position":3,"name":"Membranpumpe f\u00fcr Fl\u00fcssigkeiten FP70"}]},{"@type":"WebSite","@id":"https:\/\/sysmatec.ch\/de\/#website","url":"https:\/\/sysmatec.ch\/de\/","name":"Sysmatec","description":"Equipement de laboratoire et logiciels","publisher":{"@id":"https:\/\/sysmatec.ch\/de\/#organization"},"potentialAction":[{"@type":"SearchAction","target":{"@type":"EntryPoint","urlTemplate":"https:\/\/sysmatec.ch\/de\/?s={search_term_string}"},"query-input":{"@type":"PropertyValueSpecification","valueRequired":true,"valueName":"search_term_string"}}],"inLanguage":"de"},{"@type":"Organization","@id":"https:\/\/sysmatec.ch\/de\/#organization","name":"Sysmatec","url":"https:\/\/sysmatec.ch\/de\/","logo":{"@type":"ImageObject","inLanguage":"de","@id":"https:\/\/sysmatec.ch\/de\/#\/schema\/logo\/image\/","url":"https:\/\/sysmatec.ch\/wp-content\/uploads\/2018\/11\/LogoSysmatec.jpg","contentUrl":"https:\/\/sysmatec.ch\/wp-content\/uploads\/2018\/11\/LogoSysmatec.jpg","width":301,"height":297,"caption":"Sysmatec"},"image":{"@id":"https:\/\/sysmatec.ch\/de\/#\/schema\/logo\/image\/"}}]}},"_links":{"self":[{"href":"https:\/\/sysmatec.ch\/de\/wp-json\/wp\/v2\/product\/25324","targetHints":{"allow":["GET"]}}],"collection":[{"href":"https:\/\/sysmatec.ch\/de\/wp-json\/wp\/v2\/product"}],"about":[{"href":"https:\/\/sysmatec.ch\/de\/wp-json\/wp\/v2\/types\/product"}],"wp:featuredmedia":[{"embeddable":true,"href":"https:\/\/sysmatec.ch\/de\/wp-json\/wp\/v2\/media\/25328"}],"wp:attachment":[{"href":"https:\/\/sysmatec.ch\/de\/wp-json\/wp\/v2\/media?parent=25324"}],"wp:term":[{"taxonomy":"product_brand","embeddable":true,"href":"https:\/\/sysmatec.ch\/de\/wp-json\/wp\/v2\/product_brand?post=25324"},{"taxonomy":"product_cat","embeddable":true,"href":"https:\/\/sysmatec.ch\/de\/wp-json\/wp\/v2\/product_cat?post=25324"},{"taxonomy":"product_tag","embeddable":true,"href":"https:\/\/sysmatec.ch\/de\/wp-json\/wp\/v2\/product_tag?post=25324"}],"curies":[{"name":"wp","href":"https:\/\/api.w.org\/{rel}","templated":true}]}}