{"id":25247,"date":"2021-06-18T13:17:27","date_gmt":"2021-06-18T11:17:27","guid":{"rendered":"https:\/\/sysmatec.ch\/?post_type=product&#038;p=25247"},"modified":"2021-11-21T10:24:50","modified_gmt":"2021-11-21T09:24:50","slug":"temperatur-feuchtigkeits-und-lichtlogger-mit-4g-kommunikation-gs1al4g1rs","status":"publish","type":"product","link":"https:\/\/sysmatec.ch\/de\/Produkt\/temperatur-feuchtigkeits-und-lichtlogger-mit-4g-kommunikation-gs1al4g1rs\/","title":{"rendered":"Temperatur-, Feuchtigkeits- und Lichtlogger mit 4G-Kommunikation GS1AL4G1RS"},"content":{"rendered":"<p><span lang=\"de\">Dieses drahtlose, intelligente Multisensor-Ger\u00e4t kann WiFi-, GPRS- und 4G-Netzwerke verwenden. Es k\u00f6nnen externe DS18B20-Temperaturf\u00fchler oder andere RS485-F\u00fchler verwendet werden. Es profitiert von der Schutzart IP65. Es verf\u00fcgt \u00fcber interne Sensoren f\u00fcr Temperatur, Feuchtigkeit und Licht.<\/span><\/p>\n<ul>\n<li><span lang=\"de\">Materialien: schwer entflammbares ABS und PC<\/span><\/li>\n<li><span lang=\"de\">Akku: Lithium, 2900 mAh, aufladbar \u00fcber den USB-Anschluss<\/span><\/li>\n<li><span lang=\"de\">Akkulaufzeit mit SIM-Karte: 1 bis 3 Wochen<\/span><\/li>\n<li><span lang=\"de\">Abmessungen: 126 * 86 * 22,5 mm<\/span><\/li>\n<li><span lang=\"de\">Integrierter Speicher: &gt; 300 000 Werte<\/span><\/li>\n<li><span lang=\"de\">Serielle Anschl\u00fcsse: 1 * Micro-USB Typ C, 1 x Audio 1&#215;3.5<\/span><\/li>\n<li><span lang=\"de\">Externe Sensoren: DS18B20 Temperaturf\u00fchler oder RS485 Temperaturf\u00fchler<\/span><\/li>\n<li><span lang=\"de\">Interne Sensoren: Temperatur, Luftfeuchtigkeit, Umgebungslicht<\/span><\/li>\n<li><span lang=\"de\">Arten von Netzwerken: WiFi, GPRS, 4G<\/span><\/li>\n<li><span lang=\"de\">Unterst\u00fctzt Micro-SIM-Karte (15 * 12 * 0.8 mm)<\/span><\/li>\n<li><span class=\"VIiyi\" lang=\"de\"><span class=\"JLqJ4b ChMk0b\" data-language-for-alternatives=\"de\" data-language-to-translate-into=\"fr\" data-phrase-index=\"0\">M\u00f6glichkeit zum Anschluss von Temperatur-, Feuchtigkeits-, CO2-, Temperatur- + Bodenfeuchtigkeitssonden, Anemometer, pH, Leitf\u00e4higkeit, &#8230; mit einem Verl\u00e4ngerungskabel.<\/span><\/span><\/li>\n<\/ul>\n","protected":false},"excerpt":{"rendered":"<p><span class=\"VIiyi\" lang=\"de\"><span class=\"JLqJ4b ChMk0b\" data-language-for-alternatives=\"de\" data-language-to-translate-into=\"fr\" data-phrase-index=\"0\">Drahtloser Datenlogger mit 4G-Netzwerk f\u00fcr Temperatur, Luftfeuchtigkeit oder Licht.<\/span> <span class=\"JLqJ4b ChMk0b\" data-language-for-alternatives=\"de\" data-language-to-translate-into=\"fr\" data-phrase-index=\"1\">Erh\u00e4ltlich mit internen und externen Sensoren.<\/span> <span class=\"JLqJ4b ChMk0b\" data-language-for-alternatives=\"de\" data-language-to-translate-into=\"fr\" data-phrase-index=\"2\">IP65<\/span><\/span><\/p>\n","protected":false},"featured_media":25250,"template":"","meta":{"_crdt_document":""},"product_brand":[],"product_cat":[168,175,165,206,173],"product_tag":[],"class_list":{"0":"post-25247","1":"product","2":"type-product","3":"status-publish","4":"has-post-thumbnail","6":"product_cat-datenlogger","7":"product_cat-feuchte","8":"product_cat-gewicht","9":"product_cat-licht","10":"product_cat-temperatur","12":"first","13":"instock","14":"taxable","15":"shipping-taxable","16":"product-type-simple"},"yoast_head":"<!-- This site is optimized with the Yoast SEO plugin v27.4 - https:\/\/yoast.com\/product\/yoast-seo-wordpress\/ -->\n<title>Temperatur-, Feuchtigkeits- und Lichtlogger mit 4G-Kommunikation GS1AL4G1RS - Sysmatec<\/title>\n<meta name=\"description\" content=\"Temperatur-, Feuchtigkeits- und Lichtlogger mit Wifi GPRS- oder 4G-Kommunikation. Die Daten werden in der Cloud gespeichert.\" \/>\n<meta name=\"robots\" content=\"index, follow, max-snippet:-1, max-image-preview:large, max-video-preview:-1\" \/>\n<link rel=\"canonical\" href=\"https:\/\/sysmatec.ch\/de\/produit\/temperatur-feuchtigkeits-und-lichtlogger-mit-4g-kommunikation-gs1al4g1rs\/\" \/>\n<meta property=\"og:locale\" content=\"de_DE\" \/>\n<meta property=\"og:type\" content=\"article\" \/>\n<meta property=\"og:title\" content=\"Temperatur-, Feuchtigkeits- und Lichtlogger mit 4G-Kommunikation GS1AL4G1RS - Sysmatec\" \/>\n<meta property=\"og:description\" content=\"Temperatur-, Feuchtigkeits- und Lichtlogger mit Wifi GPRS- oder 4G-Kommunikation. Die Daten werden in der Cloud gespeichert.\" \/>\n<meta property=\"og:url\" content=\"https:\/\/sysmatec.ch\/de\/produit\/temperatur-feuchtigkeits-und-lichtlogger-mit-4g-kommunikation-gs1al4g1rs\/\" \/>\n<meta property=\"og:site_name\" content=\"Sysmatec\" \/>\n<meta property=\"article:modified_time\" content=\"2021-11-21T09:24:50+00:00\" \/>\n<meta property=\"og:image\" content=\"https:\/\/sysmatec.ch\/wp-content\/uploads\/2021\/06\/TemperatureDataloggerGS1-AL4G1RS.jpg\" \/>\n\t<meta property=\"og:image:width\" content=\"405\" \/>\n\t<meta property=\"og:image:height\" content=\"354\" \/>\n\t<meta property=\"og:image:type\" content=\"image\/jpeg\" \/>\n<meta name=\"twitter:card\" content=\"summary_large_image\" \/>\n<meta name=\"twitter:label1\" content=\"Gesch\u00e4tzte Lesezeit\" \/>\n\t<meta name=\"twitter:data1\" content=\"1\u00a0Minute\" \/>\n<script type=\"application\/ld+json\" class=\"yoast-schema-graph\">{\"@context\":\"https:\\\/\\\/schema.org\",\"@graph\":[{\"@type\":\"WebPage\",\"@id\":\"https:\\\/\\\/sysmatec.ch\\\/de\\\/produit\\\/temperatur-feuchtigkeits-und-lichtlogger-mit-4g-kommunikation-gs1al4g1rs\\\/\",\"url\":\"https:\\\/\\\/sysmatec.ch\\\/de\\\/produit\\\/temperatur-feuchtigkeits-und-lichtlogger-mit-4g-kommunikation-gs1al4g1rs\\\/\",\"name\":\"Temperatur-, Feuchtigkeits- und Lichtlogger mit 4G-Kommunikation GS1AL4G1RS - Sysmatec\",\"isPartOf\":{\"@id\":\"https:\\\/\\\/sysmatec.ch\\\/de\\\/#website\"},\"primaryImageOfPage\":{\"@id\":\"https:\\\/\\\/sysmatec.ch\\\/de\\\/produit\\\/temperatur-feuchtigkeits-und-lichtlogger-mit-4g-kommunikation-gs1al4g1rs\\\/#primaryimage\"},\"image\":{\"@id\":\"https:\\\/\\\/sysmatec.ch\\\/de\\\/produit\\\/temperatur-feuchtigkeits-und-lichtlogger-mit-4g-kommunikation-gs1al4g1rs\\\/#primaryimage\"},\"thumbnailUrl\":\"https:\\\/\\\/sysmatec.ch\\\/wp-content\\\/uploads\\\/2021\\\/06\\\/TemperatureDataloggerGS1-AL4G1RS.jpg\",\"datePublished\":\"2021-06-18T11:17:27+00:00\",\"dateModified\":\"2021-11-21T09:24:50+00:00\",\"description\":\"Temperatur-, Feuchtigkeits- und Lichtlogger mit Wifi GPRS- oder 4G-Kommunikation. Die Daten werden in der Cloud gespeichert.\",\"breadcrumb\":{\"@id\":\"https:\\\/\\\/sysmatec.ch\\\/de\\\/produit\\\/temperatur-feuchtigkeits-und-lichtlogger-mit-4g-kommunikation-gs1al4g1rs\\\/#breadcrumb\"},\"inLanguage\":\"de\",\"potentialAction\":[{\"@type\":\"ReadAction\",\"target\":[\"https:\\\/\\\/sysmatec.ch\\\/de\\\/produit\\\/temperatur-feuchtigkeits-und-lichtlogger-mit-4g-kommunikation-gs1al4g1rs\\\/\"]}]},{\"@type\":\"ImageObject\",\"inLanguage\":\"de\",\"@id\":\"https:\\\/\\\/sysmatec.ch\\\/de\\\/produit\\\/temperatur-feuchtigkeits-und-lichtlogger-mit-4g-kommunikation-gs1al4g1rs\\\/#primaryimage\",\"url\":\"https:\\\/\\\/sysmatec.ch\\\/wp-content\\\/uploads\\\/2021\\\/06\\\/TemperatureDataloggerGS1-AL4G1RS.jpg\",\"contentUrl\":\"https:\\\/\\\/sysmatec.ch\\\/wp-content\\\/uploads\\\/2021\\\/06\\\/TemperatureDataloggerGS1-AL4G1RS.jpg\",\"width\":405,\"height\":354},{\"@type\":\"BreadcrumbList\",\"@id\":\"https:\\\/\\\/sysmatec.ch\\\/de\\\/produit\\\/temperatur-feuchtigkeits-und-lichtlogger-mit-4g-kommunikation-gs1al4g1rs\\\/#breadcrumb\",\"itemListElement\":[{\"@type\":\"ListItem\",\"position\":1,\"name\":\"Accueil\",\"item\":\"https:\\\/\\\/sysmatec.ch\\\/de\\\/\"},{\"@type\":\"ListItem\",\"position\":2,\"name\":\"Die Aktivit\u00e4t von Sysmatec\",\"item\":\"https:\\\/\\\/sysmatec.ch\\\/de\\\/\"},{\"@type\":\"ListItem\",\"position\":3,\"name\":\"Temperatur-, Feuchtigkeits- und Lichtlogger mit 4G-Kommunikation GS1AL4G1RS\"}]},{\"@type\":\"WebSite\",\"@id\":\"https:\\\/\\\/sysmatec.ch\\\/de\\\/#website\",\"url\":\"https:\\\/\\\/sysmatec.ch\\\/de\\\/\",\"name\":\"Sysmatec\",\"description\":\"Equipement de laboratoire et logiciels\",\"publisher\":{\"@id\":\"https:\\\/\\\/sysmatec.ch\\\/de\\\/#organization\"},\"potentialAction\":[{\"@type\":\"SearchAction\",\"target\":{\"@type\":\"EntryPoint\",\"urlTemplate\":\"https:\\\/\\\/sysmatec.ch\\\/de\\\/?s={search_term_string}\"},\"query-input\":{\"@type\":\"PropertyValueSpecification\",\"valueRequired\":true,\"valueName\":\"search_term_string\"}}],\"inLanguage\":\"de\"},{\"@type\":\"Organization\",\"@id\":\"https:\\\/\\\/sysmatec.ch\\\/de\\\/#organization\",\"name\":\"Sysmatec\",\"url\":\"https:\\\/\\\/sysmatec.ch\\\/de\\\/\",\"logo\":{\"@type\":\"ImageObject\",\"inLanguage\":\"de\",\"@id\":\"https:\\\/\\\/sysmatec.ch\\\/de\\\/#\\\/schema\\\/logo\\\/image\\\/\",\"url\":\"https:\\\/\\\/sysmatec.ch\\\/wp-content\\\/uploads\\\/2018\\\/11\\\/LogoSysmatec.jpg\",\"contentUrl\":\"https:\\\/\\\/sysmatec.ch\\\/wp-content\\\/uploads\\\/2018\\\/11\\\/LogoSysmatec.jpg\",\"width\":301,\"height\":297,\"caption\":\"Sysmatec\"},\"image\":{\"@id\":\"https:\\\/\\\/sysmatec.ch\\\/de\\\/#\\\/schema\\\/logo\\\/image\\\/\"}}]}<\/script>\n<!-- \/ Yoast SEO plugin. -->","yoast_head_json":{"title":"Temperatur-, Feuchtigkeits- und Lichtlogger mit 4G-Kommunikation GS1AL4G1RS - Sysmatec","description":"Temperatur-, Feuchtigkeits- und Lichtlogger mit Wifi GPRS- oder 4G-Kommunikation. Die Daten werden in der Cloud gespeichert.","robots":{"index":"index","follow":"follow","max-snippet":"max-snippet:-1","max-image-preview":"max-image-preview:large","max-video-preview":"max-video-preview:-1"},"canonical":"https:\/\/sysmatec.ch\/de\/produit\/temperatur-feuchtigkeits-und-lichtlogger-mit-4g-kommunikation-gs1al4g1rs\/","og_locale":"de_DE","og_type":"article","og_title":"Temperatur-, Feuchtigkeits- und Lichtlogger mit 4G-Kommunikation GS1AL4G1RS - Sysmatec","og_description":"Temperatur-, Feuchtigkeits- und Lichtlogger mit Wifi GPRS- oder 4G-Kommunikation. Die Daten werden in der Cloud gespeichert.","og_url":"https:\/\/sysmatec.ch\/de\/produit\/temperatur-feuchtigkeits-und-lichtlogger-mit-4g-kommunikation-gs1al4g1rs\/","og_site_name":"Sysmatec","article_modified_time":"2021-11-21T09:24:50+00:00","og_image":[{"width":405,"height":354,"url":"https:\/\/sysmatec.ch\/wp-content\/uploads\/2021\/06\/TemperatureDataloggerGS1-AL4G1RS.jpg","type":"image\/jpeg"}],"twitter_card":"summary_large_image","twitter_misc":{"Gesch\u00e4tzte Lesezeit":"1\u00a0Minute"},"schema":{"@context":"https:\/\/schema.org","@graph":[{"@type":"WebPage","@id":"https:\/\/sysmatec.ch\/de\/produit\/temperatur-feuchtigkeits-und-lichtlogger-mit-4g-kommunikation-gs1al4g1rs\/","url":"https:\/\/sysmatec.ch\/de\/produit\/temperatur-feuchtigkeits-und-lichtlogger-mit-4g-kommunikation-gs1al4g1rs\/","name":"Temperatur-, Feuchtigkeits- und Lichtlogger mit 4G-Kommunikation GS1AL4G1RS - Sysmatec","isPartOf":{"@id":"https:\/\/sysmatec.ch\/de\/#website"},"primaryImageOfPage":{"@id":"https:\/\/sysmatec.ch\/de\/produit\/temperatur-feuchtigkeits-und-lichtlogger-mit-4g-kommunikation-gs1al4g1rs\/#primaryimage"},"image":{"@id":"https:\/\/sysmatec.ch\/de\/produit\/temperatur-feuchtigkeits-und-lichtlogger-mit-4g-kommunikation-gs1al4g1rs\/#primaryimage"},"thumbnailUrl":"https:\/\/sysmatec.ch\/wp-content\/uploads\/2021\/06\/TemperatureDataloggerGS1-AL4G1RS.jpg","datePublished":"2021-06-18T11:17:27+00:00","dateModified":"2021-11-21T09:24:50+00:00","description":"Temperatur-, Feuchtigkeits- und Lichtlogger mit Wifi GPRS- oder 4G-Kommunikation. Die Daten werden in der Cloud gespeichert.","breadcrumb":{"@id":"https:\/\/sysmatec.ch\/de\/produit\/temperatur-feuchtigkeits-und-lichtlogger-mit-4g-kommunikation-gs1al4g1rs\/#breadcrumb"},"inLanguage":"de","potentialAction":[{"@type":"ReadAction","target":["https:\/\/sysmatec.ch\/de\/produit\/temperatur-feuchtigkeits-und-lichtlogger-mit-4g-kommunikation-gs1al4g1rs\/"]}]},{"@type":"ImageObject","inLanguage":"de","@id":"https:\/\/sysmatec.ch\/de\/produit\/temperatur-feuchtigkeits-und-lichtlogger-mit-4g-kommunikation-gs1al4g1rs\/#primaryimage","url":"https:\/\/sysmatec.ch\/wp-content\/uploads\/2021\/06\/TemperatureDataloggerGS1-AL4G1RS.jpg","contentUrl":"https:\/\/sysmatec.ch\/wp-content\/uploads\/2021\/06\/TemperatureDataloggerGS1-AL4G1RS.jpg","width":405,"height":354},{"@type":"BreadcrumbList","@id":"https:\/\/sysmatec.ch\/de\/produit\/temperatur-feuchtigkeits-und-lichtlogger-mit-4g-kommunikation-gs1al4g1rs\/#breadcrumb","itemListElement":[{"@type":"ListItem","position":1,"name":"Accueil","item":"https:\/\/sysmatec.ch\/de\/"},{"@type":"ListItem","position":2,"name":"Die Aktivit\u00e4t von Sysmatec","item":"https:\/\/sysmatec.ch\/de\/"},{"@type":"ListItem","position":3,"name":"Temperatur-, Feuchtigkeits- und Lichtlogger mit 4G-Kommunikation GS1AL4G1RS"}]},{"@type":"WebSite","@id":"https:\/\/sysmatec.ch\/de\/#website","url":"https:\/\/sysmatec.ch\/de\/","name":"Sysmatec","description":"Equipement de laboratoire et logiciels","publisher":{"@id":"https:\/\/sysmatec.ch\/de\/#organization"},"potentialAction":[{"@type":"SearchAction","target":{"@type":"EntryPoint","urlTemplate":"https:\/\/sysmatec.ch\/de\/?s={search_term_string}"},"query-input":{"@type":"PropertyValueSpecification","valueRequired":true,"valueName":"search_term_string"}}],"inLanguage":"de"},{"@type":"Organization","@id":"https:\/\/sysmatec.ch\/de\/#organization","name":"Sysmatec","url":"https:\/\/sysmatec.ch\/de\/","logo":{"@type":"ImageObject","inLanguage":"de","@id":"https:\/\/sysmatec.ch\/de\/#\/schema\/logo\/image\/","url":"https:\/\/sysmatec.ch\/wp-content\/uploads\/2018\/11\/LogoSysmatec.jpg","contentUrl":"https:\/\/sysmatec.ch\/wp-content\/uploads\/2018\/11\/LogoSysmatec.jpg","width":301,"height":297,"caption":"Sysmatec"},"image":{"@id":"https:\/\/sysmatec.ch\/de\/#\/schema\/logo\/image\/"}}]}},"_links":{"self":[{"href":"https:\/\/sysmatec.ch\/de\/wp-json\/wp\/v2\/product\/25247","targetHints":{"allow":["GET"]}}],"collection":[{"href":"https:\/\/sysmatec.ch\/de\/wp-json\/wp\/v2\/product"}],"about":[{"href":"https:\/\/sysmatec.ch\/de\/wp-json\/wp\/v2\/types\/product"}],"wp:featuredmedia":[{"embeddable":true,"href":"https:\/\/sysmatec.ch\/de\/wp-json\/wp\/v2\/media\/25250"}],"wp:attachment":[{"href":"https:\/\/sysmatec.ch\/de\/wp-json\/wp\/v2\/media?parent=25247"}],"wp:term":[{"taxonomy":"product_brand","embeddable":true,"href":"https:\/\/sysmatec.ch\/de\/wp-json\/wp\/v2\/product_brand?post=25247"},{"taxonomy":"product_cat","embeddable":true,"href":"https:\/\/sysmatec.ch\/de\/wp-json\/wp\/v2\/product_cat?post=25247"},{"taxonomy":"product_tag","embeddable":true,"href":"https:\/\/sysmatec.ch\/de\/wp-json\/wp\/v2\/product_tag?post=25247"}],"curies":[{"name":"wp","href":"https:\/\/api.w.org\/{rel}","templated":true}]}}