{"id":25225,"date":"2021-05-30T21:42:40","date_gmt":"2021-05-30T19:42:39","guid":{"rendered":"https:\/\/sysmatec.ch\/?post_type=product&#038;p=25225"},"modified":"2021-11-21T10:36:54","modified_gmt":"2021-11-21T09:36:54","slug":"temperaturkalibrator-fuer-pyrometer-lbbh","status":"publish","type":"product","link":"https:\/\/sysmatec.ch\/de\/Produkt\/temperaturkalibrator-fuer-pyrometer-lbbh\/","title":{"rendered":"Temperaturkalibrator f\u00fcr Pyrometer LBBH"},"content":{"rendered":"<p><span class=\"VIiyi\" lang=\"de\"><span class=\"JLqJ4b ChMk0b\" data-language-for-alternatives=\"de\" data-language-to-translate-into=\"fr\" data-phrase-index=\"0\">Schwarzer K\u00f6rper mit gro\u00dfer Fl\u00e4che<\/span> <span class=\"JLqJ4b ChMk0b\" data-language-for-alternatives=\"de\" data-language-to-translate-into=\"fr\" data-phrase-index=\"2\">Die schwarzen K\u00f6rper dieser Serie bilden bei Tempertur zwichen 50 und 5000 \u00b0C\u00a0 eine Referenz-Infrarotquelle.<\/span> <span class=\"JLqJ4b ChMk0b\" data-language-for-alternatives=\"de\" data-language-to-translate-into=\"fr\" data-phrase-index=\"3\">Sie arbeiten im absoluten Modus oder im Differentialmodus.<\/span> <span class=\"JLqJ4b ChMk0b\" data-language-for-alternatives=\"de\" data-language-to-translate-into=\"fr\" data-phrase-index=\"4\">Sie weisen eine sehr hohe Stabilit\u00e4t auf und eignen sich besonders gut zur Charakterisierung und Validierung der Leistung einer Vielzahl von Infrarotsensoren, wie z. B. hochaufl\u00f6sende Kameras f\u00fcr Thermografie und Pyrometer.<\/span> <span class=\"JLqJ4b ChMk0b\" data-language-for-alternatives=\"de\" data-language-to-translate-into=\"fr\" data-phrase-index=\"5\">Der schwarze K\u00f6rper emittiert eine bekannte Energiemenge f\u00fcr eine unendliche Anzahl von Wellenl\u00e4ngen.<\/span> <span class=\"JLqJ4b ChMk0b\" data-language-for-alternatives=\"de\" data-language-to-translate-into=\"fr\" data-phrase-index=\"6\">Die Temperatur wird von einem hochpr\u00e4zisen PID-Regler pr\u00e4zise geregelt.<\/span><\/span><\/p>\n<p><span class=\"VIiyi\" lang=\"de\"><span class=\"JLqJ4b ChMk0b\" data-language-for-alternatives=\"de\" data-language-to-translate-into=\"fr\" data-phrase-index=\"8\">Der LBBCH hat einen au\u00dfergew\u00f6hnlich hohen Emissionsgrad von 0.98 \u00b1 0.02 und erreicht schnell seine Zieltemperatur, zum Beispiel geht er in 45 Minuten von Raumtemperatur auf +500 \u00b0C.<\/span><\/span><\/p>\n<table width=\"603\">\n<tbody>\n<tr>\n<td width=\"158\">Parameter<\/td>\n<td width=\"160\">LBB11H<\/td>\n<td width=\"149\">LBB22H<\/td>\n<td width=\"136\">LBB33H<\/td>\n<\/tr>\n<tr>\n<td><span class=\"VIiyi\" lang=\"de\"><span class=\"JLqJ4b ChMk0b\" data-language-for-alternatives=\"de\" data-language-to-translate-into=\"fr\" data-phrase-index=\"0\">Emissionsbereich<\/span><\/span><\/td>\n<td>100 x 100 mm\u00b2<\/td>\n<td>200 x 200 mm\u00b2<\/td>\n<td>300 x 300 mm\u00b2<\/td>\n<\/tr>\n<tr>\n<td>Temperaturbereich<\/td>\n<td>50 bis 500\u00b0C<\/td>\n<td>50 bis 500\u00b0C<\/td>\n<td>50 bis 500\u00b0C<\/td>\n<\/tr>\n<tr>\n<td><span class=\"VIiyi\" lang=\"de\"><span class=\"JLqJ4b ChMk0b\" data-language-for-alternatives=\"de\" data-language-to-translate-into=\"fr\" data-phrase-index=\"0\">Gleichm\u00e4\u00dfigkeit des Emissionsbereichs<\/span><\/span><\/td>\n<td>\u00b12\u00a0 bei 400 \u00b0C<\/td>\n<td>\u00b13\u00a0 bei 400 \u00b0C<\/td>\n<td>\u00b14\u00a0 bei 400 \u00b0C<\/td>\n<\/tr>\n<tr>\n<td>Emissivit\u00e4t<\/td>\n<td>0.98\u00b10.02<\/td>\n<td>0.98\u00b10.02<\/td>\n<td>0.98\u00b10.02<\/td>\n<\/tr>\n<tr>\n<td>Stabilit\u00e4t<\/td>\n<td>\u00b10.1\u00b0C<\/td>\n<td>\u00b10.1\u00b0C<\/td>\n<td>\u00b10.1\u00b0C<\/td>\n<\/tr>\n<tr>\n<td width=\"158\">Temperaturgenauigkeit<\/td>\n<td>\u00b10.5\u00b0C<\/td>\n<td>\u00b10.5\u00b0C<\/td>\n<td>\u00b10.5\u00b0C<\/td>\n<\/tr>\n<tr>\n<td>Displayaufl\u00f6sung<\/td>\n<td>0.1\u00b0C<\/td>\n<td>0.1\u00b0C<\/td>\n<td>0.1\u00b0C<\/td>\n<\/tr>\n<tr>\n<td>Regelung<\/td>\n<td>Digital self tuned PID Controller<\/td>\n<td>Digital self tuned PID Controller<\/td>\n<td>Digital self tuned PID Controller<\/td>\n<\/tr>\n<tr>\n<td>Dimension W x H x D<\/td>\n<td>300 X 320 X 190 mm<\/td>\n<td>550 x 550 x 260 mm<\/td>\n<td>550 x 550 x 260 mm<\/td>\n<\/tr>\n<tr>\n<td>Gewicht<\/td>\n<td>20 kg<\/td>\n<td>25 kg<\/td>\n<td>35 kg<\/td>\n<\/tr>\n<tr>\n<td>Verbrauch<\/td>\n<td>2 KW<\/td>\n<td>3 KW<\/td>\n<td>5 KW<\/td>\n<\/tr>\n<tr>\n<td>Stromspeisung<\/td>\n<td>230 VAC, 1 ph. 50 Hz<\/td>\n<td>230 VAC, 1 ph. 50 Hz<\/td>\n<td>230 VAC, 1 ph. 50 Hz<\/td>\n<\/tr>\n<tr>\n<td>Remote control<\/td>\n<td>Ethernet, RS-232<\/td>\n<td>Ethernet, RS-232<\/td>\n<td>Ethernet, RS-232<\/td>\n<\/tr>\n<tr>\n<td>Umgebungstemperatur<\/td>\n<td>-10\u00b0C bis +50\u00b0C<\/td>\n<td>-10\u00b0C bis +50\u00b0C<\/td>\n<td>-10\u00b0C bis +50\u00b0C<\/td>\n<\/tr>\n<\/tbody>\n<\/table>\n","protected":false},"excerpt":{"rendered":"<p><span class=\"VIiyi\" lang=\"de\"><span class=\"JLqJ4b ChMk0b\" data-language-for-alternatives=\"de\" data-language-to-translate-into=\"fr\" data-phrase-index=\"0\">Schwarzk\u00f6rper-Temperaturkalibrator f\u00fcr W\u00e4rmebildkamera und Pyrometer, Bereich 50 bis 500 \u00b0 C<\/span><\/span><\/p>\n","protected":false},"featured_media":25222,"template":"","meta":{"_crdt_document":""},"product_brand":[],"product_cat":[178,173],"product_tag":[],"class_list":{"0":"post-25225","1":"product","2":"type-product","3":"status-publish","4":"has-post-thumbnail","6":"product_cat-kalibrator","7":"product_cat-temperatur","9":"first","10":"instock","11":"taxable","12":"shipping-taxable","13":"product-type-simple"},"yoast_head":"<!-- This site is optimized with the Yoast SEO plugin v27.4 - https:\/\/yoast.com\/product\/yoast-seo-wordpress\/ -->\n<title>Temperaturkalibrator f\u00fcr Pyrometer LBBH - Sysmatec<\/title>\n<meta name=\"description\" content=\"Kalibrateur f\u00fcr Infrarot-Thermometer, Corps Noir f\u00fcr Infrarot-Kalibrierung von Pyrometern und Infrarotkameras, Temperatur 50 bis 500 \u00b0C.\" \/>\n<meta name=\"robots\" content=\"index, follow, max-snippet:-1, max-image-preview:large, max-video-preview:-1\" \/>\n<link rel=\"canonical\" href=\"https:\/\/sysmatec.ch\/de\/produit\/temperaturkalibrator-fuer-pyrometer-lbbh\/\" \/>\n<meta property=\"og:locale\" content=\"de_DE\" \/>\n<meta property=\"og:type\" content=\"article\" \/>\n<meta property=\"og:title\" content=\"Temperaturkalibrator f\u00fcr Pyrometer LBBH - Sysmatec\" \/>\n<meta property=\"og:description\" content=\"Kalibrateur f\u00fcr Infrarot-Thermometer, Corps Noir f\u00fcr Infrarot-Kalibrierung von Pyrometern und Infrarotkameras, Temperatur 50 bis 500 \u00b0C.\" \/>\n<meta property=\"og:url\" content=\"https:\/\/sysmatec.ch\/de\/produit\/temperaturkalibrator-fuer-pyrometer-lbbh\/\" \/>\n<meta property=\"og:site_name\" content=\"Sysmatec\" \/>\n<meta property=\"article:modified_time\" content=\"2021-11-21T09:36:54+00:00\" \/>\n<meta property=\"og:image\" content=\"https:\/\/sysmatec.ch\/wp-content\/uploads\/2021\/05\/CalibrateurTemperature_LBBCH.jpg\" \/>\n\t<meta property=\"og:image:width\" content=\"370\" \/>\n\t<meta property=\"og:image:height\" content=\"336\" \/>\n\t<meta property=\"og:image:type\" content=\"image\/jpeg\" \/>\n<meta name=\"twitter:card\" content=\"summary_large_image\" \/>\n<meta name=\"twitter:label1\" content=\"Gesch\u00e4tzte Lesezeit\" \/>\n\t<meta name=\"twitter:data1\" content=\"2\u00a0Minuten\" \/>\n<script type=\"application\/ld+json\" class=\"yoast-schema-graph\">{\"@context\":\"https:\\\/\\\/schema.org\",\"@graph\":[{\"@type\":\"WebPage\",\"@id\":\"https:\\\/\\\/sysmatec.ch\\\/de\\\/produit\\\/temperaturkalibrator-fuer-pyrometer-lbbh\\\/\",\"url\":\"https:\\\/\\\/sysmatec.ch\\\/de\\\/produit\\\/temperaturkalibrator-fuer-pyrometer-lbbh\\\/\",\"name\":\"Temperaturkalibrator f\u00fcr Pyrometer LBBH - Sysmatec\",\"isPartOf\":{\"@id\":\"https:\\\/\\\/sysmatec.ch\\\/de\\\/#website\"},\"primaryImageOfPage\":{\"@id\":\"https:\\\/\\\/sysmatec.ch\\\/de\\\/produit\\\/temperaturkalibrator-fuer-pyrometer-lbbh\\\/#primaryimage\"},\"image\":{\"@id\":\"https:\\\/\\\/sysmatec.ch\\\/de\\\/produit\\\/temperaturkalibrator-fuer-pyrometer-lbbh\\\/#primaryimage\"},\"thumbnailUrl\":\"https:\\\/\\\/sysmatec.ch\\\/wp-content\\\/uploads\\\/2021\\\/05\\\/CalibrateurTemperature_LBBCH.jpg\",\"datePublished\":\"2021-05-30T19:42:39+00:00\",\"dateModified\":\"2021-11-21T09:36:54+00:00\",\"description\":\"Kalibrateur f\u00fcr Infrarot-Thermometer, Corps Noir f\u00fcr Infrarot-Kalibrierung von Pyrometern und Infrarotkameras, Temperatur 50 bis 500 \u00b0C.\",\"breadcrumb\":{\"@id\":\"https:\\\/\\\/sysmatec.ch\\\/de\\\/produit\\\/temperaturkalibrator-fuer-pyrometer-lbbh\\\/#breadcrumb\"},\"inLanguage\":\"de\",\"potentialAction\":[{\"@type\":\"ReadAction\",\"target\":[\"https:\\\/\\\/sysmatec.ch\\\/de\\\/produit\\\/temperaturkalibrator-fuer-pyrometer-lbbh\\\/\"]}]},{\"@type\":\"ImageObject\",\"inLanguage\":\"de\",\"@id\":\"https:\\\/\\\/sysmatec.ch\\\/de\\\/produit\\\/temperaturkalibrator-fuer-pyrometer-lbbh\\\/#primaryimage\",\"url\":\"https:\\\/\\\/sysmatec.ch\\\/wp-content\\\/uploads\\\/2021\\\/05\\\/CalibrateurTemperature_LBBCH.jpg\",\"contentUrl\":\"https:\\\/\\\/sysmatec.ch\\\/wp-content\\\/uploads\\\/2021\\\/05\\\/CalibrateurTemperature_LBBCH.jpg\",\"width\":370,\"height\":336},{\"@type\":\"BreadcrumbList\",\"@id\":\"https:\\\/\\\/sysmatec.ch\\\/de\\\/produit\\\/temperaturkalibrator-fuer-pyrometer-lbbh\\\/#breadcrumb\",\"itemListElement\":[{\"@type\":\"ListItem\",\"position\":1,\"name\":\"Accueil\",\"item\":\"https:\\\/\\\/sysmatec.ch\\\/de\\\/\"},{\"@type\":\"ListItem\",\"position\":2,\"name\":\"Die Aktivit\u00e4t von Sysmatec\",\"item\":\"https:\\\/\\\/sysmatec.ch\\\/de\\\/\"},{\"@type\":\"ListItem\",\"position\":3,\"name\":\"Temperaturkalibrator f\u00fcr Pyrometer LBBH\"}]},{\"@type\":\"WebSite\",\"@id\":\"https:\\\/\\\/sysmatec.ch\\\/de\\\/#website\",\"url\":\"https:\\\/\\\/sysmatec.ch\\\/de\\\/\",\"name\":\"Sysmatec\",\"description\":\"Equipement de laboratoire et logiciels\",\"publisher\":{\"@id\":\"https:\\\/\\\/sysmatec.ch\\\/de\\\/#organization\"},\"potentialAction\":[{\"@type\":\"SearchAction\",\"target\":{\"@type\":\"EntryPoint\",\"urlTemplate\":\"https:\\\/\\\/sysmatec.ch\\\/de\\\/?s={search_term_string}\"},\"query-input\":{\"@type\":\"PropertyValueSpecification\",\"valueRequired\":true,\"valueName\":\"search_term_string\"}}],\"inLanguage\":\"de\"},{\"@type\":\"Organization\",\"@id\":\"https:\\\/\\\/sysmatec.ch\\\/de\\\/#organization\",\"name\":\"Sysmatec\",\"url\":\"https:\\\/\\\/sysmatec.ch\\\/de\\\/\",\"logo\":{\"@type\":\"ImageObject\",\"inLanguage\":\"de\",\"@id\":\"https:\\\/\\\/sysmatec.ch\\\/de\\\/#\\\/schema\\\/logo\\\/image\\\/\",\"url\":\"https:\\\/\\\/sysmatec.ch\\\/wp-content\\\/uploads\\\/2018\\\/11\\\/LogoSysmatec.jpg\",\"contentUrl\":\"https:\\\/\\\/sysmatec.ch\\\/wp-content\\\/uploads\\\/2018\\\/11\\\/LogoSysmatec.jpg\",\"width\":301,\"height\":297,\"caption\":\"Sysmatec\"},\"image\":{\"@id\":\"https:\\\/\\\/sysmatec.ch\\\/de\\\/#\\\/schema\\\/logo\\\/image\\\/\"}}]}<\/script>\n<!-- \/ Yoast SEO plugin. -->","yoast_head_json":{"title":"Temperaturkalibrator f\u00fcr Pyrometer LBBH - Sysmatec","description":"Kalibrateur f\u00fcr Infrarot-Thermometer, Corps Noir f\u00fcr Infrarot-Kalibrierung von Pyrometern und Infrarotkameras, Temperatur 50 bis 500 \u00b0C.","robots":{"index":"index","follow":"follow","max-snippet":"max-snippet:-1","max-image-preview":"max-image-preview:large","max-video-preview":"max-video-preview:-1"},"canonical":"https:\/\/sysmatec.ch\/de\/produit\/temperaturkalibrator-fuer-pyrometer-lbbh\/","og_locale":"de_DE","og_type":"article","og_title":"Temperaturkalibrator f\u00fcr Pyrometer LBBH - Sysmatec","og_description":"Kalibrateur f\u00fcr Infrarot-Thermometer, Corps Noir f\u00fcr Infrarot-Kalibrierung von Pyrometern und Infrarotkameras, Temperatur 50 bis 500 \u00b0C.","og_url":"https:\/\/sysmatec.ch\/de\/produit\/temperaturkalibrator-fuer-pyrometer-lbbh\/","og_site_name":"Sysmatec","article_modified_time":"2021-11-21T09:36:54+00:00","og_image":[{"width":370,"height":336,"url":"https:\/\/sysmatec.ch\/wp-content\/uploads\/2021\/05\/CalibrateurTemperature_LBBCH.jpg","type":"image\/jpeg"}],"twitter_card":"summary_large_image","twitter_misc":{"Gesch\u00e4tzte Lesezeit":"2\u00a0Minuten"},"schema":{"@context":"https:\/\/schema.org","@graph":[{"@type":"WebPage","@id":"https:\/\/sysmatec.ch\/de\/produit\/temperaturkalibrator-fuer-pyrometer-lbbh\/","url":"https:\/\/sysmatec.ch\/de\/produit\/temperaturkalibrator-fuer-pyrometer-lbbh\/","name":"Temperaturkalibrator f\u00fcr Pyrometer LBBH - Sysmatec","isPartOf":{"@id":"https:\/\/sysmatec.ch\/de\/#website"},"primaryImageOfPage":{"@id":"https:\/\/sysmatec.ch\/de\/produit\/temperaturkalibrator-fuer-pyrometer-lbbh\/#primaryimage"},"image":{"@id":"https:\/\/sysmatec.ch\/de\/produit\/temperaturkalibrator-fuer-pyrometer-lbbh\/#primaryimage"},"thumbnailUrl":"https:\/\/sysmatec.ch\/wp-content\/uploads\/2021\/05\/CalibrateurTemperature_LBBCH.jpg","datePublished":"2021-05-30T19:42:39+00:00","dateModified":"2021-11-21T09:36:54+00:00","description":"Kalibrateur f\u00fcr Infrarot-Thermometer, Corps Noir f\u00fcr Infrarot-Kalibrierung von Pyrometern und Infrarotkameras, Temperatur 50 bis 500 \u00b0C.","breadcrumb":{"@id":"https:\/\/sysmatec.ch\/de\/produit\/temperaturkalibrator-fuer-pyrometer-lbbh\/#breadcrumb"},"inLanguage":"de","potentialAction":[{"@type":"ReadAction","target":["https:\/\/sysmatec.ch\/de\/produit\/temperaturkalibrator-fuer-pyrometer-lbbh\/"]}]},{"@type":"ImageObject","inLanguage":"de","@id":"https:\/\/sysmatec.ch\/de\/produit\/temperaturkalibrator-fuer-pyrometer-lbbh\/#primaryimage","url":"https:\/\/sysmatec.ch\/wp-content\/uploads\/2021\/05\/CalibrateurTemperature_LBBCH.jpg","contentUrl":"https:\/\/sysmatec.ch\/wp-content\/uploads\/2021\/05\/CalibrateurTemperature_LBBCH.jpg","width":370,"height":336},{"@type":"BreadcrumbList","@id":"https:\/\/sysmatec.ch\/de\/produit\/temperaturkalibrator-fuer-pyrometer-lbbh\/#breadcrumb","itemListElement":[{"@type":"ListItem","position":1,"name":"Accueil","item":"https:\/\/sysmatec.ch\/de\/"},{"@type":"ListItem","position":2,"name":"Die Aktivit\u00e4t von Sysmatec","item":"https:\/\/sysmatec.ch\/de\/"},{"@type":"ListItem","position":3,"name":"Temperaturkalibrator f\u00fcr Pyrometer LBBH"}]},{"@type":"WebSite","@id":"https:\/\/sysmatec.ch\/de\/#website","url":"https:\/\/sysmatec.ch\/de\/","name":"Sysmatec","description":"Equipement de laboratoire et logiciels","publisher":{"@id":"https:\/\/sysmatec.ch\/de\/#organization"},"potentialAction":[{"@type":"SearchAction","target":{"@type":"EntryPoint","urlTemplate":"https:\/\/sysmatec.ch\/de\/?s={search_term_string}"},"query-input":{"@type":"PropertyValueSpecification","valueRequired":true,"valueName":"search_term_string"}}],"inLanguage":"de"},{"@type":"Organization","@id":"https:\/\/sysmatec.ch\/de\/#organization","name":"Sysmatec","url":"https:\/\/sysmatec.ch\/de\/","logo":{"@type":"ImageObject","inLanguage":"de","@id":"https:\/\/sysmatec.ch\/de\/#\/schema\/logo\/image\/","url":"https:\/\/sysmatec.ch\/wp-content\/uploads\/2018\/11\/LogoSysmatec.jpg","contentUrl":"https:\/\/sysmatec.ch\/wp-content\/uploads\/2018\/11\/LogoSysmatec.jpg","width":301,"height":297,"caption":"Sysmatec"},"image":{"@id":"https:\/\/sysmatec.ch\/de\/#\/schema\/logo\/image\/"}}]}},"_links":{"self":[{"href":"https:\/\/sysmatec.ch\/de\/wp-json\/wp\/v2\/product\/25225","targetHints":{"allow":["GET"]}}],"collection":[{"href":"https:\/\/sysmatec.ch\/de\/wp-json\/wp\/v2\/product"}],"about":[{"href":"https:\/\/sysmatec.ch\/de\/wp-json\/wp\/v2\/types\/product"}],"wp:featuredmedia":[{"embeddable":true,"href":"https:\/\/sysmatec.ch\/de\/wp-json\/wp\/v2\/media\/25222"}],"wp:attachment":[{"href":"https:\/\/sysmatec.ch\/de\/wp-json\/wp\/v2\/media?parent=25225"}],"wp:term":[{"taxonomy":"product_brand","embeddable":true,"href":"https:\/\/sysmatec.ch\/de\/wp-json\/wp\/v2\/product_brand?post=25225"},{"taxonomy":"product_cat","embeddable":true,"href":"https:\/\/sysmatec.ch\/de\/wp-json\/wp\/v2\/product_cat?post=25225"},{"taxonomy":"product_tag","embeddable":true,"href":"https:\/\/sysmatec.ch\/de\/wp-json\/wp\/v2\/product_tag?post=25225"}],"curies":[{"name":"wp","href":"https:\/\/api.w.org\/{rel}","templated":true}]}}