{"id":2516,"date":"2019-01-02T16:58:37","date_gmt":"2019-01-02T15:58:37","guid":{"rendered":"https:\/\/sysmatec.ch\/produit\/agitateur-pour-becher-en-ptfe-c362\/"},"modified":"2022-03-12T20:37:13","modified_gmt":"2022-03-12T19:37:13","slug":"ptfe-beakerliner","status":"publish","type":"product","link":"https:\/\/sysmatec.ch\/de\/Produkt\/ptfe-beakerliner\/","title":{"rendered":"PTFE-Beakerliner"},"content":{"rendered":"<ul>\n<li type=\"disc\">PTFE \u00fcberzogener Magnetkern (Alnico5) mittig in einem F\u00fchrungsk\u00e4fig aus PTFE montiert, universelle chemische Best\u00e4ndigkeit.<\/li>\n<li type=\"disc\">Temperaturbest\u00e4ndigkeit: -200\u00b0C bis +250\u00b0C<\/li>\n<li type=\"disc\">Chem. Best\u00e4ndigkeit: sehr gut<\/li>\n<li type=\"disc\">Vakuum: tauglich<\/li>\n<li type=\"disc\">autoclave: 121\u00b0C<\/li>\n<li type=\"disc\">Anwendungen: Keine Scherwirkung des Magnetr\u00fchrstabes am Becherboden, ruhiger Lauf in Bechergl\u00e4sern, selbst bei unebenem Boden. Der K\u00e4fig wirkt als Str\u00f6mungsbrecher und sorgt f\u00fcr eine optimale Durchmischung.<\/li>\n<\/ul>\n<table border=\"1\" width=\"607\" cellspacing=\"2\" cellpadding=\"0\">\n<tbody>\n<tr>\n<td>Referenz<\/td>\n<td>passend f\u00fcr Becher (ml)<\/td>\n<td>Total A.D. (mm)<\/td>\n<td>H\u00f6he (mm)<\/td>\n<td>Magnetr\u00fchrstab (mm)<\/td>\n<\/tr>\n<tr>\n<td>C 362-08<\/td>\n<td>250, 400<\/td>\n<td>67<\/td>\n<td>21<\/td>\n<td>50&#215;8<\/td>\n<\/tr>\n<tr>\n<td>C 362-12<\/td>\n<td>600, 800, 1000<\/td>\n<td>74<\/td>\n<td>29<\/td>\n<td>60&#215;9<\/td>\n<\/tr>\n<tr>\n<td>C 362-16<\/td>\n<td>2000<\/td>\n<td>103<\/td>\n<td>32<\/td>\n<td>80&#215;10<\/td>\n<\/tr>\n<tr>\n<td>C 362-20<\/td>\n<td>3000, 5000<\/td>\n<td>1125<\/td>\n<td>48<\/td>\n<td>106&#215;25<\/td>\n<\/tr>\n<\/tbody>\n<\/table>\n","protected":false},"excerpt":{"rendered":"<p>PTFE-Beakerliner<\/p>\n","protected":false},"featured_media":1039,"template":"","meta":{"_crdt_document":""},"product_brand":[],"product_cat":[87,84],"product_tag":[],"class_list":{"0":"post-2516","1":"product","2":"type-product","3":"status-publish","4":"has-post-thumbnail","6":"product_cat-ruehren","7":"product_cat-zubehoer","9":"first","10":"instock","11":"taxable","12":"shipping-taxable","13":"purchasable","14":"product-type-variable"},"yoast_head":"<!-- This site is optimized with the Yoast SEO plugin v27.3 - https:\/\/yoast.com\/product\/yoast-seo-wordpress\/ -->\n<title>PTFE-Beakerliner - Sysmatec<\/title>\n<meta name=\"description\" content=\"Becherr\u00fchrer aus PTFE. Hervorragende Best\u00e4ndigkeit gegen Temperatur und chemische Verbindungen. Verschiedene Gr\u00f6\u00dfen und Durchmesser.\" \/>\n<meta name=\"robots\" content=\"index, follow, max-snippet:-1, max-image-preview:large, max-video-preview:-1\" \/>\n<link rel=\"canonical\" href=\"https:\/\/sysmatec.ch\/de\/produit\/ptfe-beakerliner\/\" \/>\n<meta property=\"og:locale\" content=\"de_DE\" \/>\n<meta property=\"og:type\" content=\"article\" \/>\n<meta property=\"og:title\" content=\"PTFE-Beakerliner - Sysmatec\" \/>\n<meta property=\"og:description\" content=\"Becherr\u00fchrer aus PTFE. Hervorragende Best\u00e4ndigkeit gegen Temperatur und chemische Verbindungen. Verschiedene Gr\u00f6\u00dfen und Durchmesser.\" \/>\n<meta property=\"og:url\" content=\"https:\/\/sysmatec.ch\/de\/produit\/ptfe-beakerliner\/\" \/>\n<meta property=\"og:site_name\" content=\"Sysmatec\" \/>\n<meta property=\"article:modified_time\" content=\"2022-03-12T19:37:13+00:00\" \/>\n<meta property=\"og:image\" content=\"https:\/\/sysmatec.ch\/wp-content\/uploads\/2019\/01\/AgitateurMagnetique_BolaC362.jpg\" \/>\n\t<meta property=\"og:image:width\" content=\"186\" \/>\n\t<meta property=\"og:image:height\" content=\"137\" \/>\n\t<meta property=\"og:image:type\" content=\"image\/jpeg\" \/>\n<meta name=\"twitter:card\" content=\"summary_large_image\" \/>\n<script type=\"application\/ld+json\" class=\"yoast-schema-graph\">{\"@context\":\"https:\\\/\\\/schema.org\",\"@graph\":[{\"@type\":\"WebPage\",\"@id\":\"https:\\\/\\\/sysmatec.ch\\\/de\\\/produit\\\/ptfe-beakerliner\\\/\",\"url\":\"https:\\\/\\\/sysmatec.ch\\\/de\\\/produit\\\/ptfe-beakerliner\\\/\",\"name\":\"PTFE-Beakerliner - Sysmatec\",\"isPartOf\":{\"@id\":\"https:\\\/\\\/sysmatec.ch\\\/de\\\/#website\"},\"primaryImageOfPage\":{\"@id\":\"https:\\\/\\\/sysmatec.ch\\\/de\\\/produit\\\/ptfe-beakerliner\\\/#primaryimage\"},\"image\":{\"@id\":\"https:\\\/\\\/sysmatec.ch\\\/de\\\/produit\\\/ptfe-beakerliner\\\/#primaryimage\"},\"thumbnailUrl\":\"https:\\\/\\\/sysmatec.ch\\\/wp-content\\\/uploads\\\/2019\\\/01\\\/AgitateurMagnetique_BolaC362.jpg\",\"datePublished\":\"2019-01-02T15:58:37+00:00\",\"dateModified\":\"2022-03-12T19:37:13+00:00\",\"description\":\"Becherr\u00fchrer aus PTFE. Hervorragende Best\u00e4ndigkeit gegen Temperatur und chemische Verbindungen. Verschiedene Gr\u00f6\u00dfen und Durchmesser.\",\"breadcrumb\":{\"@id\":\"https:\\\/\\\/sysmatec.ch\\\/de\\\/produit\\\/ptfe-beakerliner\\\/#breadcrumb\"},\"inLanguage\":\"de\",\"potentialAction\":[{\"@type\":\"ReadAction\",\"target\":[\"https:\\\/\\\/sysmatec.ch\\\/de\\\/produit\\\/ptfe-beakerliner\\\/\"]}]},{\"@type\":\"ImageObject\",\"inLanguage\":\"de\",\"@id\":\"https:\\\/\\\/sysmatec.ch\\\/de\\\/produit\\\/ptfe-beakerliner\\\/#primaryimage\",\"url\":\"https:\\\/\\\/sysmatec.ch\\\/wp-content\\\/uploads\\\/2019\\\/01\\\/AgitateurMagnetique_BolaC362.jpg\",\"contentUrl\":\"https:\\\/\\\/sysmatec.ch\\\/wp-content\\\/uploads\\\/2019\\\/01\\\/AgitateurMagnetique_BolaC362.jpg\",\"width\":186,\"height\":137},{\"@type\":\"BreadcrumbList\",\"@id\":\"https:\\\/\\\/sysmatec.ch\\\/de\\\/produit\\\/ptfe-beakerliner\\\/#breadcrumb\",\"itemListElement\":[{\"@type\":\"ListItem\",\"position\":1,\"name\":\"Accueil\",\"item\":\"https:\\\/\\\/sysmatec.ch\\\/de\\\/\"},{\"@type\":\"ListItem\",\"position\":2,\"name\":\"Die Aktivit\u00e4t von Sysmatec\",\"item\":\"https:\\\/\\\/sysmatec.ch\\\/de\\\/\"},{\"@type\":\"ListItem\",\"position\":3,\"name\":\"PTFE-Beakerliner\"}]},{\"@type\":\"WebSite\",\"@id\":\"https:\\\/\\\/sysmatec.ch\\\/de\\\/#website\",\"url\":\"https:\\\/\\\/sysmatec.ch\\\/de\\\/\",\"name\":\"Sysmatec\",\"description\":\"Equipement de laboratoire et logiciels\",\"publisher\":{\"@id\":\"https:\\\/\\\/sysmatec.ch\\\/de\\\/#organization\"},\"potentialAction\":[{\"@type\":\"SearchAction\",\"target\":{\"@type\":\"EntryPoint\",\"urlTemplate\":\"https:\\\/\\\/sysmatec.ch\\\/de\\\/?s={search_term_string}\"},\"query-input\":{\"@type\":\"PropertyValueSpecification\",\"valueRequired\":true,\"valueName\":\"search_term_string\"}}],\"inLanguage\":\"de\"},{\"@type\":\"Organization\",\"@id\":\"https:\\\/\\\/sysmatec.ch\\\/de\\\/#organization\",\"name\":\"Sysmatec\",\"url\":\"https:\\\/\\\/sysmatec.ch\\\/de\\\/\",\"logo\":{\"@type\":\"ImageObject\",\"inLanguage\":\"de\",\"@id\":\"https:\\\/\\\/sysmatec.ch\\\/de\\\/#\\\/schema\\\/logo\\\/image\\\/\",\"url\":\"https:\\\/\\\/sysmatec.ch\\\/wp-content\\\/uploads\\\/2018\\\/11\\\/LogoSysmatec.jpg\",\"contentUrl\":\"https:\\\/\\\/sysmatec.ch\\\/wp-content\\\/uploads\\\/2018\\\/11\\\/LogoSysmatec.jpg\",\"width\":301,\"height\":297,\"caption\":\"Sysmatec\"},\"image\":{\"@id\":\"https:\\\/\\\/sysmatec.ch\\\/de\\\/#\\\/schema\\\/logo\\\/image\\\/\"}}]}<\/script>\n<!-- \/ Yoast SEO plugin. -->","yoast_head_json":{"title":"PTFE-Beakerliner - Sysmatec","description":"Becherr\u00fchrer aus PTFE. Hervorragende Best\u00e4ndigkeit gegen Temperatur und chemische Verbindungen. Verschiedene Gr\u00f6\u00dfen und Durchmesser.","robots":{"index":"index","follow":"follow","max-snippet":"max-snippet:-1","max-image-preview":"max-image-preview:large","max-video-preview":"max-video-preview:-1"},"canonical":"https:\/\/sysmatec.ch\/de\/produit\/ptfe-beakerliner\/","og_locale":"de_DE","og_type":"article","og_title":"PTFE-Beakerliner - Sysmatec","og_description":"Becherr\u00fchrer aus PTFE. Hervorragende Best\u00e4ndigkeit gegen Temperatur und chemische Verbindungen. Verschiedene Gr\u00f6\u00dfen und Durchmesser.","og_url":"https:\/\/sysmatec.ch\/de\/produit\/ptfe-beakerliner\/","og_site_name":"Sysmatec","article_modified_time":"2022-03-12T19:37:13+00:00","og_image":[{"width":186,"height":137,"url":"https:\/\/sysmatec.ch\/wp-content\/uploads\/2019\/01\/AgitateurMagnetique_BolaC362.jpg","type":"image\/jpeg"}],"twitter_card":"summary_large_image","schema":{"@context":"https:\/\/schema.org","@graph":[{"@type":"WebPage","@id":"https:\/\/sysmatec.ch\/de\/produit\/ptfe-beakerliner\/","url":"https:\/\/sysmatec.ch\/de\/produit\/ptfe-beakerliner\/","name":"PTFE-Beakerliner - Sysmatec","isPartOf":{"@id":"https:\/\/sysmatec.ch\/de\/#website"},"primaryImageOfPage":{"@id":"https:\/\/sysmatec.ch\/de\/produit\/ptfe-beakerliner\/#primaryimage"},"image":{"@id":"https:\/\/sysmatec.ch\/de\/produit\/ptfe-beakerliner\/#primaryimage"},"thumbnailUrl":"https:\/\/sysmatec.ch\/wp-content\/uploads\/2019\/01\/AgitateurMagnetique_BolaC362.jpg","datePublished":"2019-01-02T15:58:37+00:00","dateModified":"2022-03-12T19:37:13+00:00","description":"Becherr\u00fchrer aus PTFE. Hervorragende Best\u00e4ndigkeit gegen Temperatur und chemische Verbindungen. Verschiedene Gr\u00f6\u00dfen und Durchmesser.","breadcrumb":{"@id":"https:\/\/sysmatec.ch\/de\/produit\/ptfe-beakerliner\/#breadcrumb"},"inLanguage":"de","potentialAction":[{"@type":"ReadAction","target":["https:\/\/sysmatec.ch\/de\/produit\/ptfe-beakerliner\/"]}]},{"@type":"ImageObject","inLanguage":"de","@id":"https:\/\/sysmatec.ch\/de\/produit\/ptfe-beakerliner\/#primaryimage","url":"https:\/\/sysmatec.ch\/wp-content\/uploads\/2019\/01\/AgitateurMagnetique_BolaC362.jpg","contentUrl":"https:\/\/sysmatec.ch\/wp-content\/uploads\/2019\/01\/AgitateurMagnetique_BolaC362.jpg","width":186,"height":137},{"@type":"BreadcrumbList","@id":"https:\/\/sysmatec.ch\/de\/produit\/ptfe-beakerliner\/#breadcrumb","itemListElement":[{"@type":"ListItem","position":1,"name":"Accueil","item":"https:\/\/sysmatec.ch\/de\/"},{"@type":"ListItem","position":2,"name":"Die Aktivit\u00e4t von Sysmatec","item":"https:\/\/sysmatec.ch\/de\/"},{"@type":"ListItem","position":3,"name":"PTFE-Beakerliner"}]},{"@type":"WebSite","@id":"https:\/\/sysmatec.ch\/de\/#website","url":"https:\/\/sysmatec.ch\/de\/","name":"Sysmatec","description":"Equipement de laboratoire et logiciels","publisher":{"@id":"https:\/\/sysmatec.ch\/de\/#organization"},"potentialAction":[{"@type":"SearchAction","target":{"@type":"EntryPoint","urlTemplate":"https:\/\/sysmatec.ch\/de\/?s={search_term_string}"},"query-input":{"@type":"PropertyValueSpecification","valueRequired":true,"valueName":"search_term_string"}}],"inLanguage":"de"},{"@type":"Organization","@id":"https:\/\/sysmatec.ch\/de\/#organization","name":"Sysmatec","url":"https:\/\/sysmatec.ch\/de\/","logo":{"@type":"ImageObject","inLanguage":"de","@id":"https:\/\/sysmatec.ch\/de\/#\/schema\/logo\/image\/","url":"https:\/\/sysmatec.ch\/wp-content\/uploads\/2018\/11\/LogoSysmatec.jpg","contentUrl":"https:\/\/sysmatec.ch\/wp-content\/uploads\/2018\/11\/LogoSysmatec.jpg","width":301,"height":297,"caption":"Sysmatec"},"image":{"@id":"https:\/\/sysmatec.ch\/de\/#\/schema\/logo\/image\/"}}]}},"_links":{"self":[{"href":"https:\/\/sysmatec.ch\/de\/wp-json\/wp\/v2\/product\/2516","targetHints":{"allow":["GET"]}}],"collection":[{"href":"https:\/\/sysmatec.ch\/de\/wp-json\/wp\/v2\/product"}],"about":[{"href":"https:\/\/sysmatec.ch\/de\/wp-json\/wp\/v2\/types\/product"}],"wp:featuredmedia":[{"embeddable":true,"href":"https:\/\/sysmatec.ch\/de\/wp-json\/wp\/v2\/media\/1039"}],"wp:attachment":[{"href":"https:\/\/sysmatec.ch\/de\/wp-json\/wp\/v2\/media?parent=2516"}],"wp:term":[{"taxonomy":"product_brand","embeddable":true,"href":"https:\/\/sysmatec.ch\/de\/wp-json\/wp\/v2\/product_brand?post=2516"},{"taxonomy":"product_cat","embeddable":true,"href":"https:\/\/sysmatec.ch\/de\/wp-json\/wp\/v2\/product_cat?post=2516"},{"taxonomy":"product_tag","embeddable":true,"href":"https:\/\/sysmatec.ch\/de\/wp-json\/wp\/v2\/product_tag?post=2516"}],"curies":[{"name":"wp","href":"https:\/\/api.w.org\/{rel}","templated":true}]}}