{"id":2510,"date":"2019-01-02T17:18:56","date_gmt":"2019-01-02T16:18:56","guid":{"rendered":"https:\/\/sysmatec.ch\/produit\/agitateur-a-2-pales-en-demi-lune-c374\/"},"modified":"2022-03-12T20:26:35","modified_gmt":"2022-03-12T19:26:35","slug":"doppel-halbmond-ruehrwellen-ptfe","status":"publish","type":"product","link":"https:\/\/sysmatec.ch\/de\/Produkt\/doppel-halbmond-ruehrwellen-ptfe\/","title":{"rendered":"Doppel-Halbmond-R\u00fchrwellen, PTFE"},"content":{"rendered":"<ul>\n<li>Temperaturbest\u00e4ndigkeit: -200\u00b0C bis +250\u00b0C<\/li>\n<li>Nahezu universelle chemische Best\u00e4ndigkeit<\/li>\n<\/ul>\n<table border=\"1\" width=\"668\" cellspacing=\"2\" cellpadding=\"0\">\n<tbody>\n<tr>\n<td>Referenz<\/td>\n<td>L\u00e4nge (mm)<\/td>\n<td width=\"122\">Welle Durchmesser (mm)<\/td>\n<td width=\"152\">Spann Durchmesser (mm)<\/td>\n<td>f\u00fcr Schliff NS<\/td>\n<td>Ma\u00dfe A, B, C, D (mm)<\/td>\n<\/tr>\n<tr>\n<td>C 374-12<\/td>\n<td>350<\/td>\n<td width=\"122\">10<\/td>\n<td width=\"152\">8<\/td>\n<td>29\/32<\/td>\n<td>90 &#8211; 24 &#8211; 3 &#8211; 140<\/td>\n<\/tr>\n<tr>\n<td>C 374-14<\/td>\n<td>450<\/td>\n<td width=\"122\">10<\/td>\n<td width=\"152\">8<\/td>\n<td>29\/32<\/td>\n<td>90 &#8211; 24 &#8211; 3 &#8211; 140<\/td>\n<\/tr>\n<tr>\n<td>C 374-18<\/td>\n<td>600<\/td>\n<td width=\"122\">10<\/td>\n<td width=\"152\">8<\/td>\n<td>29\/32<\/td>\n<td>90 &#8211; 24 &#8211; 3 &#8211; 140<\/td>\n<\/tr>\n<\/tbody>\n<\/table>\n","protected":false},"excerpt":{"rendered":"<p>PTFE Doppel-Halbmond-R\u00fchrwellen<\/p>\n","protected":false},"featured_media":1043,"template":"","meta":{"_crdt_document":""},"product_brand":[],"product_cat":[87,84],"product_tag":[],"class_list":{"0":"post-2510","1":"product","2":"type-product","3":"status-publish","4":"has-post-thumbnail","6":"product_cat-ruehren","7":"product_cat-zubehoer","9":"first","10":"instock","11":"taxable","12":"shipping-taxable","13":"purchasable","14":"product-type-variable"},"yoast_head":"<!-- This site is optimized with the Yoast SEO plugin v27.4 - https:\/\/yoast.com\/product\/yoast-seo-wordpress\/ -->\n<title>Doppel-Halbmond-R\u00fchrwellen, PTFE - Sysmatec<\/title>\n<meta name=\"description\" content=\"R\u00fchrwerk mit zwei Halbmondbl\u00e4ttern aus PTFE. Die Schaufeln sind beweglich, was ihr Einsetzen in den Reaktor erleichtert. Hervorragende Chemikalien- und Temperaturbest\u00e4ndigkeit.\" \/>\n<meta name=\"robots\" content=\"index, follow, max-snippet:-1, max-image-preview:large, max-video-preview:-1\" \/>\n<link rel=\"canonical\" href=\"https:\/\/sysmatec.ch\/de\/produit\/doppel-halbmond-ruehrwellen-ptfe\/\" \/>\n<meta property=\"og:locale\" content=\"de_DE\" \/>\n<meta property=\"og:type\" content=\"article\" \/>\n<meta property=\"og:title\" content=\"Doppel-Halbmond-R\u00fchrwellen, PTFE - Sysmatec\" \/>\n<meta property=\"og:description\" content=\"R\u00fchrwerk mit zwei Halbmondbl\u00e4ttern aus PTFE. Die Schaufeln sind beweglich, was ihr Einsetzen in den Reaktor erleichtert. Hervorragende Chemikalien- und Temperaturbest\u00e4ndigkeit.\" \/>\n<meta property=\"og:url\" content=\"https:\/\/sysmatec.ch\/de\/produit\/doppel-halbmond-ruehrwellen-ptfe\/\" \/>\n<meta property=\"og:site_name\" content=\"Sysmatec\" \/>\n<meta property=\"article:modified_time\" content=\"2022-03-12T19:26:35+00:00\" \/>\n<meta property=\"og:image\" content=\"https:\/\/sysmatec.ch\/wp-content\/uploads\/2019\/01\/Agitateur1_Bola374.jpg\" \/>\n\t<meta property=\"og:image:width\" content=\"210\" \/>\n\t<meta property=\"og:image:height\" content=\"108\" \/>\n\t<meta property=\"og:image:type\" content=\"image\/jpeg\" \/>\n<meta name=\"twitter:card\" content=\"summary_large_image\" \/>\n<script type=\"application\/ld+json\" class=\"yoast-schema-graph\">{\"@context\":\"https:\\\/\\\/schema.org\",\"@graph\":[{\"@type\":\"WebPage\",\"@id\":\"https:\\\/\\\/sysmatec.ch\\\/de\\\/produit\\\/doppel-halbmond-ruehrwellen-ptfe\\\/\",\"url\":\"https:\\\/\\\/sysmatec.ch\\\/de\\\/produit\\\/doppel-halbmond-ruehrwellen-ptfe\\\/\",\"name\":\"Doppel-Halbmond-R\u00fchrwellen, PTFE - Sysmatec\",\"isPartOf\":{\"@id\":\"https:\\\/\\\/sysmatec.ch\\\/de\\\/#website\"},\"primaryImageOfPage\":{\"@id\":\"https:\\\/\\\/sysmatec.ch\\\/de\\\/produit\\\/doppel-halbmond-ruehrwellen-ptfe\\\/#primaryimage\"},\"image\":{\"@id\":\"https:\\\/\\\/sysmatec.ch\\\/de\\\/produit\\\/doppel-halbmond-ruehrwellen-ptfe\\\/#primaryimage\"},\"thumbnailUrl\":\"https:\\\/\\\/sysmatec.ch\\\/wp-content\\\/uploads\\\/2019\\\/01\\\/Agitateur1_Bola374.jpg\",\"datePublished\":\"2019-01-02T16:18:56+00:00\",\"dateModified\":\"2022-03-12T19:26:35+00:00\",\"description\":\"R\u00fchrwerk mit zwei Halbmondbl\u00e4ttern aus PTFE. Die Schaufeln sind beweglich, was ihr Einsetzen in den Reaktor erleichtert. Hervorragende Chemikalien- und Temperaturbest\u00e4ndigkeit.\",\"breadcrumb\":{\"@id\":\"https:\\\/\\\/sysmatec.ch\\\/de\\\/produit\\\/doppel-halbmond-ruehrwellen-ptfe\\\/#breadcrumb\"},\"inLanguage\":\"de\",\"potentialAction\":[{\"@type\":\"ReadAction\",\"target\":[\"https:\\\/\\\/sysmatec.ch\\\/de\\\/produit\\\/doppel-halbmond-ruehrwellen-ptfe\\\/\"]}]},{\"@type\":\"ImageObject\",\"inLanguage\":\"de\",\"@id\":\"https:\\\/\\\/sysmatec.ch\\\/de\\\/produit\\\/doppel-halbmond-ruehrwellen-ptfe\\\/#primaryimage\",\"url\":\"https:\\\/\\\/sysmatec.ch\\\/wp-content\\\/uploads\\\/2019\\\/01\\\/Agitateur1_Bola374.jpg\",\"contentUrl\":\"https:\\\/\\\/sysmatec.ch\\\/wp-content\\\/uploads\\\/2019\\\/01\\\/Agitateur1_Bola374.jpg\",\"width\":210,\"height\":108},{\"@type\":\"BreadcrumbList\",\"@id\":\"https:\\\/\\\/sysmatec.ch\\\/de\\\/produit\\\/doppel-halbmond-ruehrwellen-ptfe\\\/#breadcrumb\",\"itemListElement\":[{\"@type\":\"ListItem\",\"position\":1,\"name\":\"Accueil\",\"item\":\"https:\\\/\\\/sysmatec.ch\\\/de\\\/\"},{\"@type\":\"ListItem\",\"position\":2,\"name\":\"Die Aktivit\u00e4t von Sysmatec\",\"item\":\"https:\\\/\\\/sysmatec.ch\\\/de\\\/\"},{\"@type\":\"ListItem\",\"position\":3,\"name\":\"Doppel-Halbmond-R\u00fchrwellen, PTFE\"}]},{\"@type\":\"WebSite\",\"@id\":\"https:\\\/\\\/sysmatec.ch\\\/de\\\/#website\",\"url\":\"https:\\\/\\\/sysmatec.ch\\\/de\\\/\",\"name\":\"Sysmatec\",\"description\":\"Equipement de laboratoire et logiciels\",\"publisher\":{\"@id\":\"https:\\\/\\\/sysmatec.ch\\\/de\\\/#organization\"},\"potentialAction\":[{\"@type\":\"SearchAction\",\"target\":{\"@type\":\"EntryPoint\",\"urlTemplate\":\"https:\\\/\\\/sysmatec.ch\\\/de\\\/?s={search_term_string}\"},\"query-input\":{\"@type\":\"PropertyValueSpecification\",\"valueRequired\":true,\"valueName\":\"search_term_string\"}}],\"inLanguage\":\"de\"},{\"@type\":\"Organization\",\"@id\":\"https:\\\/\\\/sysmatec.ch\\\/de\\\/#organization\",\"name\":\"Sysmatec\",\"url\":\"https:\\\/\\\/sysmatec.ch\\\/de\\\/\",\"logo\":{\"@type\":\"ImageObject\",\"inLanguage\":\"de\",\"@id\":\"https:\\\/\\\/sysmatec.ch\\\/de\\\/#\\\/schema\\\/logo\\\/image\\\/\",\"url\":\"https:\\\/\\\/sysmatec.ch\\\/wp-content\\\/uploads\\\/2018\\\/11\\\/LogoSysmatec.jpg\",\"contentUrl\":\"https:\\\/\\\/sysmatec.ch\\\/wp-content\\\/uploads\\\/2018\\\/11\\\/LogoSysmatec.jpg\",\"width\":301,\"height\":297,\"caption\":\"Sysmatec\"},\"image\":{\"@id\":\"https:\\\/\\\/sysmatec.ch\\\/de\\\/#\\\/schema\\\/logo\\\/image\\\/\"}}]}<\/script>\n<!-- \/ Yoast SEO plugin. -->","yoast_head_json":{"title":"Doppel-Halbmond-R\u00fchrwellen, PTFE - Sysmatec","description":"R\u00fchrwerk mit zwei Halbmondbl\u00e4ttern aus PTFE. Die Schaufeln sind beweglich, was ihr Einsetzen in den Reaktor erleichtert. Hervorragende Chemikalien- und Temperaturbest\u00e4ndigkeit.","robots":{"index":"index","follow":"follow","max-snippet":"max-snippet:-1","max-image-preview":"max-image-preview:large","max-video-preview":"max-video-preview:-1"},"canonical":"https:\/\/sysmatec.ch\/de\/produit\/doppel-halbmond-ruehrwellen-ptfe\/","og_locale":"de_DE","og_type":"article","og_title":"Doppel-Halbmond-R\u00fchrwellen, PTFE - Sysmatec","og_description":"R\u00fchrwerk mit zwei Halbmondbl\u00e4ttern aus PTFE. Die Schaufeln sind beweglich, was ihr Einsetzen in den Reaktor erleichtert. Hervorragende Chemikalien- und Temperaturbest\u00e4ndigkeit.","og_url":"https:\/\/sysmatec.ch\/de\/produit\/doppel-halbmond-ruehrwellen-ptfe\/","og_site_name":"Sysmatec","article_modified_time":"2022-03-12T19:26:35+00:00","og_image":[{"width":210,"height":108,"url":"https:\/\/sysmatec.ch\/wp-content\/uploads\/2019\/01\/Agitateur1_Bola374.jpg","type":"image\/jpeg"}],"twitter_card":"summary_large_image","schema":{"@context":"https:\/\/schema.org","@graph":[{"@type":"WebPage","@id":"https:\/\/sysmatec.ch\/de\/produit\/doppel-halbmond-ruehrwellen-ptfe\/","url":"https:\/\/sysmatec.ch\/de\/produit\/doppel-halbmond-ruehrwellen-ptfe\/","name":"Doppel-Halbmond-R\u00fchrwellen, PTFE - Sysmatec","isPartOf":{"@id":"https:\/\/sysmatec.ch\/de\/#website"},"primaryImageOfPage":{"@id":"https:\/\/sysmatec.ch\/de\/produit\/doppel-halbmond-ruehrwellen-ptfe\/#primaryimage"},"image":{"@id":"https:\/\/sysmatec.ch\/de\/produit\/doppel-halbmond-ruehrwellen-ptfe\/#primaryimage"},"thumbnailUrl":"https:\/\/sysmatec.ch\/wp-content\/uploads\/2019\/01\/Agitateur1_Bola374.jpg","datePublished":"2019-01-02T16:18:56+00:00","dateModified":"2022-03-12T19:26:35+00:00","description":"R\u00fchrwerk mit zwei Halbmondbl\u00e4ttern aus PTFE. Die Schaufeln sind beweglich, was ihr Einsetzen in den Reaktor erleichtert. Hervorragende Chemikalien- und Temperaturbest\u00e4ndigkeit.","breadcrumb":{"@id":"https:\/\/sysmatec.ch\/de\/produit\/doppel-halbmond-ruehrwellen-ptfe\/#breadcrumb"},"inLanguage":"de","potentialAction":[{"@type":"ReadAction","target":["https:\/\/sysmatec.ch\/de\/produit\/doppel-halbmond-ruehrwellen-ptfe\/"]}]},{"@type":"ImageObject","inLanguage":"de","@id":"https:\/\/sysmatec.ch\/de\/produit\/doppel-halbmond-ruehrwellen-ptfe\/#primaryimage","url":"https:\/\/sysmatec.ch\/wp-content\/uploads\/2019\/01\/Agitateur1_Bola374.jpg","contentUrl":"https:\/\/sysmatec.ch\/wp-content\/uploads\/2019\/01\/Agitateur1_Bola374.jpg","width":210,"height":108},{"@type":"BreadcrumbList","@id":"https:\/\/sysmatec.ch\/de\/produit\/doppel-halbmond-ruehrwellen-ptfe\/#breadcrumb","itemListElement":[{"@type":"ListItem","position":1,"name":"Accueil","item":"https:\/\/sysmatec.ch\/de\/"},{"@type":"ListItem","position":2,"name":"Die Aktivit\u00e4t von Sysmatec","item":"https:\/\/sysmatec.ch\/de\/"},{"@type":"ListItem","position":3,"name":"Doppel-Halbmond-R\u00fchrwellen, PTFE"}]},{"@type":"WebSite","@id":"https:\/\/sysmatec.ch\/de\/#website","url":"https:\/\/sysmatec.ch\/de\/","name":"Sysmatec","description":"Equipement de laboratoire et logiciels","publisher":{"@id":"https:\/\/sysmatec.ch\/de\/#organization"},"potentialAction":[{"@type":"SearchAction","target":{"@type":"EntryPoint","urlTemplate":"https:\/\/sysmatec.ch\/de\/?s={search_term_string}"},"query-input":{"@type":"PropertyValueSpecification","valueRequired":true,"valueName":"search_term_string"}}],"inLanguage":"de"},{"@type":"Organization","@id":"https:\/\/sysmatec.ch\/de\/#organization","name":"Sysmatec","url":"https:\/\/sysmatec.ch\/de\/","logo":{"@type":"ImageObject","inLanguage":"de","@id":"https:\/\/sysmatec.ch\/de\/#\/schema\/logo\/image\/","url":"https:\/\/sysmatec.ch\/wp-content\/uploads\/2018\/11\/LogoSysmatec.jpg","contentUrl":"https:\/\/sysmatec.ch\/wp-content\/uploads\/2018\/11\/LogoSysmatec.jpg","width":301,"height":297,"caption":"Sysmatec"},"image":{"@id":"https:\/\/sysmatec.ch\/de\/#\/schema\/logo\/image\/"}}]}},"_links":{"self":[{"href":"https:\/\/sysmatec.ch\/de\/wp-json\/wp\/v2\/product\/2510","targetHints":{"allow":["GET"]}}],"collection":[{"href":"https:\/\/sysmatec.ch\/de\/wp-json\/wp\/v2\/product"}],"about":[{"href":"https:\/\/sysmatec.ch\/de\/wp-json\/wp\/v2\/types\/product"}],"wp:featuredmedia":[{"embeddable":true,"href":"https:\/\/sysmatec.ch\/de\/wp-json\/wp\/v2\/media\/1043"}],"wp:attachment":[{"href":"https:\/\/sysmatec.ch\/de\/wp-json\/wp\/v2\/media?parent=2510"}],"wp:term":[{"taxonomy":"product_brand","embeddable":true,"href":"https:\/\/sysmatec.ch\/de\/wp-json\/wp\/v2\/product_brand?post=2510"},{"taxonomy":"product_cat","embeddable":true,"href":"https:\/\/sysmatec.ch\/de\/wp-json\/wp\/v2\/product_cat?post=2510"},{"taxonomy":"product_tag","embeddable":true,"href":"https:\/\/sysmatec.ch\/de\/wp-json\/wp\/v2\/product_tag?post=2510"}],"curies":[{"name":"wp","href":"https:\/\/api.w.org\/{rel}","templated":true}]}}