{"id":25093,"date":"2021-04-11T21:18:00","date_gmt":"2021-04-11T19:17:59","guid":{"rendered":"https:\/\/sysmatec.ch\/?post_type=product&#038;p=25093"},"modified":"2021-11-21T11:29:10","modified_gmt":"2021-11-21T10:29:10","slug":"stuhlwaage-kern-mcd","status":"publish","type":"product","link":"https:\/\/sysmatec.ch\/de\/Produkt\/stuhlwaage-kern-mcd\/","title":{"rendered":"Stuhlwaage KERN MCD"},"content":{"rendered":"<ul id=\"kernList1\">\n<li>Diese Stuhlwaage ist das ideale Messinstrument f\u00fcr die Altenpflege und Paramedizin, einschlie\u00dflich Wiegungen im adip\u00f6sen Bereich bis 300 kg<\/li>\n<li>\n<div id=\"verweis_01\">\u00a0Fahrbare Ausf\u00fchrung mit 4 Rollen und besonders komfortablen Feststellbremsen hinten<\/div>\n<\/li>\n<li>Durch ihre vier R\u00e4der und das geringe Eigengewicht gew\u00e4hrleistet diese Stuhlwaage ein H\u00f6chstma\u00df an Mobilit\u00e4t im Verbringen zum Patienten. Dadurch wird eine h\u00f6here Zeiteffizienz des Klinikpersonals sowie eine verbesserte Sicherheit der Patienten erreicht, die in ihrem gewohnten Umfeld gewogen werden k\u00f6nnen.<\/li>\n<li>Die Rollen erm\u00f6glichen durch ihren gro\u00dfen Querschnitt ein bequemes \u00dcberwinden von T\u00fcrschwellen, Kanten und Spalten von Personenaufz\u00fcgen<\/li>\n<li>F\u00fcr gebrechliche Patienten bietet die bequeme, ergonomisch optimierte Sitzschale sicheren Halt w\u00e4hrend der Wiegung<\/li>\n<li>Sitzfl\u00e4che und Fu\u00dfauflagen in deutlich kontrastierendem Schwarz, dadurch ideal f\u00fcr Demenzpatienten geeignet<\/li>\n<li>\n<div id=\"verweis_02\">\u00a0Umklappbare Armlehnen und Fu\u00dfst\u00fctzen erleichtern das Platznehmen. Ideal f\u00fcr \u00fcbergewichtige Patienten oder zum barrierefreien Umsetzen bspw. vom Bett auf die Stuhlwaage<\/div>\n<\/li>\n<li>Ergonomisch angeordnete Handgriffe<\/li>\n<li><a>Hold-Funktion<\/a>: Bei unruhig sitzenden Patienten wird \u00fcber Mittelwertbildung ein stabiler W\u00e4gewert ermittelt und &#8222;eingefroren&#8220;. So bleibt gen\u00fcgend Zeit sich dem kleinen Patienten zu widmen und anschlie\u00dfend in Ruhe den W\u00e4gewert abzulesen<\/li>\n<li>BMI-Funktion zur Ermittlung von Untergewicht\/Normalgewicht\/\u00dcbergewicht<\/li>\n<li>Der praktische Batteriebetrieb mittels handels\u00fcblicher Batterien sorgt f\u00fcr gro\u00dfe Flexibilit\u00e4t und Unabh\u00e4ngigkeit von Netzadaptern, Steckdosen, Ladeger\u00e4ten etc.<\/li>\n<li>Feinanzeige: durch Tastendruck kann die\u00a0<a>Ablesbarkeit [d]<\/a>\u00a0f\u00fcr 5 Sekunden um 1 Stelle erh\u00f6ht werden<\/li>\n<\/ul>\n<table border=\"1\" width=\"437\" cellspacing=\"0\" cellpadding=\"2\">\n<tbody>\n<tr>\n<td>Waage Modell<\/td>\n<td width=\"10%\">Ablesbarkeit<\/td>\n<td width=\"10%\">W\u00e4gebereich<\/td>\n<\/tr>\n<tr>\n<td><\/td>\n<td width=\"10%\">kg<\/td>\n<td width=\"10%\">kg<\/td>\n<\/tr>\n<tr>\n<td>MCD 300K-1<\/td>\n<td width=\"10%\">0.1<\/td>\n<td width=\"10%\">300<\/td>\n<\/tr>\n<\/tbody>\n<\/table>\n","protected":false},"excerpt":{"rendered":"<p>Mobile Stuhlwaage in ergonomisch optimierter Ausf\u00fchrung f\u00fcr sicheres und bequemes Wiegen. BMI-Funktion zur Ermittlung von Untergewicht \/ Normalgewicht \/ \u00dcbergewicht<\/p>\n","protected":false},"featured_media":25098,"template":"","meta":{"_crdt_document":""},"product_brand":[],"product_cat":[165,330],"product_tag":[],"class_list":{"0":"post-25093","1":"product","2":"type-product","3":"status-publish","4":"has-post-thumbnail","6":"product_cat-gewicht","7":"product_cat-medizinisch","9":"first","10":"instock","11":"taxable","12":"shipping-taxable","13":"purchasable","14":"product-type-simple"},"yoast_head":"<!-- This site is optimized with the Yoast SEO plugin v27.3 - https:\/\/yoast.com\/product\/yoast-seo-wordpress\/ -->\n<title>Stuhlwaage KERN MCD - Sysmatec<\/title>\n<meta name=\"description\" content=\"Mobiler Wiegestuhl f\u00fcr sicheres und bequemes Wiegen. BMI-Funktion zur Berechnung von Untergewicht \/ Normalgewicht \/ \u00dcbergewicht.\" \/>\n<meta name=\"robots\" content=\"index, follow, max-snippet:-1, max-image-preview:large, max-video-preview:-1\" \/>\n<link rel=\"canonical\" href=\"https:\/\/sysmatec.ch\/de\/produit\/stuhlwaage-kern-mcd\/\" \/>\n<meta property=\"og:locale\" content=\"de_DE\" \/>\n<meta property=\"og:type\" content=\"article\" \/>\n<meta property=\"og:title\" content=\"Stuhlwaage KERN MCD - Sysmatec\" \/>\n<meta property=\"og:description\" content=\"Mobiler Wiegestuhl f\u00fcr sicheres und bequemes Wiegen. BMI-Funktion zur Berechnung von Untergewicht \/ Normalgewicht \/ \u00dcbergewicht.\" \/>\n<meta property=\"og:url\" content=\"https:\/\/sysmatec.ch\/de\/produit\/stuhlwaage-kern-mcd\/\" \/>\n<meta property=\"og:site_name\" content=\"Sysmatec\" \/>\n<meta property=\"article:modified_time\" content=\"2021-11-21T10:29:10+00:00\" \/>\n<meta property=\"og:image\" content=\"https:\/\/sysmatec.ch\/wp-content\/uploads\/2021\/04\/Balance_MCD-300K-1-scaled.jpg\" \/>\n\t<meta property=\"og:image:width\" content=\"2342\" \/>\n\t<meta property=\"og:image:height\" content=\"2560\" \/>\n\t<meta property=\"og:image:type\" content=\"image\/jpeg\" \/>\n<meta name=\"twitter:card\" content=\"summary_large_image\" \/>\n<meta name=\"twitter:label1\" content=\"Gesch\u00e4tzte Lesezeit\" \/>\n\t<meta name=\"twitter:data1\" content=\"1\u00a0Minute\" \/>\n<script type=\"application\/ld+json\" class=\"yoast-schema-graph\">{\"@context\":\"https:\\\/\\\/schema.org\",\"@graph\":[{\"@type\":\"WebPage\",\"@id\":\"https:\\\/\\\/sysmatec.ch\\\/de\\\/produit\\\/stuhlwaage-kern-mcd\\\/\",\"url\":\"https:\\\/\\\/sysmatec.ch\\\/de\\\/produit\\\/stuhlwaage-kern-mcd\\\/\",\"name\":\"Stuhlwaage KERN MCD - Sysmatec\",\"isPartOf\":{\"@id\":\"https:\\\/\\\/sysmatec.ch\\\/de\\\/#website\"},\"primaryImageOfPage\":{\"@id\":\"https:\\\/\\\/sysmatec.ch\\\/de\\\/produit\\\/stuhlwaage-kern-mcd\\\/#primaryimage\"},\"image\":{\"@id\":\"https:\\\/\\\/sysmatec.ch\\\/de\\\/produit\\\/stuhlwaage-kern-mcd\\\/#primaryimage\"},\"thumbnailUrl\":\"https:\\\/\\\/sysmatec.ch\\\/wp-content\\\/uploads\\\/2021\\\/04\\\/Balance_MCD-300K-1-scaled.jpg\",\"datePublished\":\"2021-04-11T19:17:59+00:00\",\"dateModified\":\"2021-11-21T10:29:10+00:00\",\"description\":\"Mobiler Wiegestuhl f\u00fcr sicheres und bequemes Wiegen. BMI-Funktion zur Berechnung von Untergewicht \\\/ Normalgewicht \\\/ \u00dcbergewicht.\",\"breadcrumb\":{\"@id\":\"https:\\\/\\\/sysmatec.ch\\\/de\\\/produit\\\/stuhlwaage-kern-mcd\\\/#breadcrumb\"},\"inLanguage\":\"de\",\"potentialAction\":[{\"@type\":\"ReadAction\",\"target\":[\"https:\\\/\\\/sysmatec.ch\\\/de\\\/produit\\\/stuhlwaage-kern-mcd\\\/\"]}]},{\"@type\":\"ImageObject\",\"inLanguage\":\"de\",\"@id\":\"https:\\\/\\\/sysmatec.ch\\\/de\\\/produit\\\/stuhlwaage-kern-mcd\\\/#primaryimage\",\"url\":\"https:\\\/\\\/sysmatec.ch\\\/wp-content\\\/uploads\\\/2021\\\/04\\\/Balance_MCD-300K-1-scaled.jpg\",\"contentUrl\":\"https:\\\/\\\/sysmatec.ch\\\/wp-content\\\/uploads\\\/2021\\\/04\\\/Balance_MCD-300K-1-scaled.jpg\",\"width\":2342,\"height\":2560},{\"@type\":\"BreadcrumbList\",\"@id\":\"https:\\\/\\\/sysmatec.ch\\\/de\\\/produit\\\/stuhlwaage-kern-mcd\\\/#breadcrumb\",\"itemListElement\":[{\"@type\":\"ListItem\",\"position\":1,\"name\":\"Accueil\",\"item\":\"https:\\\/\\\/sysmatec.ch\\\/de\\\/\"},{\"@type\":\"ListItem\",\"position\":2,\"name\":\"Die Aktivit\u00e4t von Sysmatec\",\"item\":\"https:\\\/\\\/sysmatec.ch\\\/de\\\/\"},{\"@type\":\"ListItem\",\"position\":3,\"name\":\"Stuhlwaage KERN MCD\"}]},{\"@type\":\"WebSite\",\"@id\":\"https:\\\/\\\/sysmatec.ch\\\/de\\\/#website\",\"url\":\"https:\\\/\\\/sysmatec.ch\\\/de\\\/\",\"name\":\"Sysmatec\",\"description\":\"Equipement de laboratoire et logiciels\",\"publisher\":{\"@id\":\"https:\\\/\\\/sysmatec.ch\\\/de\\\/#organization\"},\"potentialAction\":[{\"@type\":\"SearchAction\",\"target\":{\"@type\":\"EntryPoint\",\"urlTemplate\":\"https:\\\/\\\/sysmatec.ch\\\/de\\\/?s={search_term_string}\"},\"query-input\":{\"@type\":\"PropertyValueSpecification\",\"valueRequired\":true,\"valueName\":\"search_term_string\"}}],\"inLanguage\":\"de\"},{\"@type\":\"Organization\",\"@id\":\"https:\\\/\\\/sysmatec.ch\\\/de\\\/#organization\",\"name\":\"Sysmatec\",\"url\":\"https:\\\/\\\/sysmatec.ch\\\/de\\\/\",\"logo\":{\"@type\":\"ImageObject\",\"inLanguage\":\"de\",\"@id\":\"https:\\\/\\\/sysmatec.ch\\\/de\\\/#\\\/schema\\\/logo\\\/image\\\/\",\"url\":\"https:\\\/\\\/sysmatec.ch\\\/wp-content\\\/uploads\\\/2018\\\/11\\\/LogoSysmatec.jpg\",\"contentUrl\":\"https:\\\/\\\/sysmatec.ch\\\/wp-content\\\/uploads\\\/2018\\\/11\\\/LogoSysmatec.jpg\",\"width\":301,\"height\":297,\"caption\":\"Sysmatec\"},\"image\":{\"@id\":\"https:\\\/\\\/sysmatec.ch\\\/de\\\/#\\\/schema\\\/logo\\\/image\\\/\"}}]}<\/script>\n<!-- \/ Yoast SEO plugin. -->","yoast_head_json":{"title":"Stuhlwaage KERN MCD - Sysmatec","description":"Mobiler Wiegestuhl f\u00fcr sicheres und bequemes Wiegen. BMI-Funktion zur Berechnung von Untergewicht \/ Normalgewicht \/ \u00dcbergewicht.","robots":{"index":"index","follow":"follow","max-snippet":"max-snippet:-1","max-image-preview":"max-image-preview:large","max-video-preview":"max-video-preview:-1"},"canonical":"https:\/\/sysmatec.ch\/de\/produit\/stuhlwaage-kern-mcd\/","og_locale":"de_DE","og_type":"article","og_title":"Stuhlwaage KERN MCD - Sysmatec","og_description":"Mobiler Wiegestuhl f\u00fcr sicheres und bequemes Wiegen. BMI-Funktion zur Berechnung von Untergewicht \/ Normalgewicht \/ \u00dcbergewicht.","og_url":"https:\/\/sysmatec.ch\/de\/produit\/stuhlwaage-kern-mcd\/","og_site_name":"Sysmatec","article_modified_time":"2021-11-21T10:29:10+00:00","og_image":[{"width":2342,"height":2560,"url":"https:\/\/sysmatec.ch\/wp-content\/uploads\/2021\/04\/Balance_MCD-300K-1-scaled.jpg","type":"image\/jpeg"}],"twitter_card":"summary_large_image","twitter_misc":{"Gesch\u00e4tzte Lesezeit":"1\u00a0Minute"},"schema":{"@context":"https:\/\/schema.org","@graph":[{"@type":"WebPage","@id":"https:\/\/sysmatec.ch\/de\/produit\/stuhlwaage-kern-mcd\/","url":"https:\/\/sysmatec.ch\/de\/produit\/stuhlwaage-kern-mcd\/","name":"Stuhlwaage KERN MCD - Sysmatec","isPartOf":{"@id":"https:\/\/sysmatec.ch\/de\/#website"},"primaryImageOfPage":{"@id":"https:\/\/sysmatec.ch\/de\/produit\/stuhlwaage-kern-mcd\/#primaryimage"},"image":{"@id":"https:\/\/sysmatec.ch\/de\/produit\/stuhlwaage-kern-mcd\/#primaryimage"},"thumbnailUrl":"https:\/\/sysmatec.ch\/wp-content\/uploads\/2021\/04\/Balance_MCD-300K-1-scaled.jpg","datePublished":"2021-04-11T19:17:59+00:00","dateModified":"2021-11-21T10:29:10+00:00","description":"Mobiler Wiegestuhl f\u00fcr sicheres und bequemes Wiegen. BMI-Funktion zur Berechnung von Untergewicht \/ Normalgewicht \/ \u00dcbergewicht.","breadcrumb":{"@id":"https:\/\/sysmatec.ch\/de\/produit\/stuhlwaage-kern-mcd\/#breadcrumb"},"inLanguage":"de","potentialAction":[{"@type":"ReadAction","target":["https:\/\/sysmatec.ch\/de\/produit\/stuhlwaage-kern-mcd\/"]}]},{"@type":"ImageObject","inLanguage":"de","@id":"https:\/\/sysmatec.ch\/de\/produit\/stuhlwaage-kern-mcd\/#primaryimage","url":"https:\/\/sysmatec.ch\/wp-content\/uploads\/2021\/04\/Balance_MCD-300K-1-scaled.jpg","contentUrl":"https:\/\/sysmatec.ch\/wp-content\/uploads\/2021\/04\/Balance_MCD-300K-1-scaled.jpg","width":2342,"height":2560},{"@type":"BreadcrumbList","@id":"https:\/\/sysmatec.ch\/de\/produit\/stuhlwaage-kern-mcd\/#breadcrumb","itemListElement":[{"@type":"ListItem","position":1,"name":"Accueil","item":"https:\/\/sysmatec.ch\/de\/"},{"@type":"ListItem","position":2,"name":"Die Aktivit\u00e4t von Sysmatec","item":"https:\/\/sysmatec.ch\/de\/"},{"@type":"ListItem","position":3,"name":"Stuhlwaage KERN MCD"}]},{"@type":"WebSite","@id":"https:\/\/sysmatec.ch\/de\/#website","url":"https:\/\/sysmatec.ch\/de\/","name":"Sysmatec","description":"Equipement de laboratoire et logiciels","publisher":{"@id":"https:\/\/sysmatec.ch\/de\/#organization"},"potentialAction":[{"@type":"SearchAction","target":{"@type":"EntryPoint","urlTemplate":"https:\/\/sysmatec.ch\/de\/?s={search_term_string}"},"query-input":{"@type":"PropertyValueSpecification","valueRequired":true,"valueName":"search_term_string"}}],"inLanguage":"de"},{"@type":"Organization","@id":"https:\/\/sysmatec.ch\/de\/#organization","name":"Sysmatec","url":"https:\/\/sysmatec.ch\/de\/","logo":{"@type":"ImageObject","inLanguage":"de","@id":"https:\/\/sysmatec.ch\/de\/#\/schema\/logo\/image\/","url":"https:\/\/sysmatec.ch\/wp-content\/uploads\/2018\/11\/LogoSysmatec.jpg","contentUrl":"https:\/\/sysmatec.ch\/wp-content\/uploads\/2018\/11\/LogoSysmatec.jpg","width":301,"height":297,"caption":"Sysmatec"},"image":{"@id":"https:\/\/sysmatec.ch\/de\/#\/schema\/logo\/image\/"}}]}},"_links":{"self":[{"href":"https:\/\/sysmatec.ch\/de\/wp-json\/wp\/v2\/product\/25093","targetHints":{"allow":["GET"]}}],"collection":[{"href":"https:\/\/sysmatec.ch\/de\/wp-json\/wp\/v2\/product"}],"about":[{"href":"https:\/\/sysmatec.ch\/de\/wp-json\/wp\/v2\/types\/product"}],"wp:featuredmedia":[{"embeddable":true,"href":"https:\/\/sysmatec.ch\/de\/wp-json\/wp\/v2\/media\/25098"}],"wp:attachment":[{"href":"https:\/\/sysmatec.ch\/de\/wp-json\/wp\/v2\/media?parent=25093"}],"wp:term":[{"taxonomy":"product_brand","embeddable":true,"href":"https:\/\/sysmatec.ch\/de\/wp-json\/wp\/v2\/product_brand?post=25093"},{"taxonomy":"product_cat","embeddable":true,"href":"https:\/\/sysmatec.ch\/de\/wp-json\/wp\/v2\/product_cat?post=25093"},{"taxonomy":"product_tag","embeddable":true,"href":"https:\/\/sysmatec.ch\/de\/wp-json\/wp\/v2\/product_tag?post=25093"}],"curies":[{"name":"wp","href":"https:\/\/api.w.org\/{rel}","templated":true}]}}