{"id":25036,"date":"2021-04-10T20:35:09","date_gmt":"2021-04-10T18:35:09","guid":{"rendered":"https:\/\/sysmatec.ch\/?post_type=product&#038;p=25036"},"modified":"2021-11-21T12:03:19","modified_gmt":"2021-11-21T11:03:19","slug":"koerperanalysenwaage-mfb","status":"publish","type":"product","link":"https:\/\/sysmatec.ch\/de\/Produkt\/koerperanalysenwaage-mfb\/","title":{"rendered":"K\u00f6rperanalysenwaage MFB"},"content":{"rendered":"<div id=\"verweis_02\">\n<ul id=\"kernList1\">\n<li>Ermittlung von K\u00f6rperfett, K\u00f6rperwasser, Muskelmasse in 0,1 %-Schritten sowie des K\u00f6rpergewichts und Knochenanteils in 0,1 kg-Schritten<\/li>\n<li>Anzeige des Kalorienbedarfs zur Aufrechterhaltung des aktuellen K\u00f6rpergewichts in Abh\u00e4ngigkeit von Aktivit\u00e4tsgrad und Geschlecht<\/li>\n<li>Elegantes Design<\/li>\n<li>Stabile Glasw\u00e4geplatte mit 4 gro\u00dfen Kontaktfl\u00e4chen f\u00fcr maximale Pr\u00e4zision<\/li>\n<li>Hygienisch und leicht zu reinigen<\/li>\n<li>Besonders flache Bauweise erleichtert das Betreten<\/li>\n<li>Sicheres und rutschfreies Aufstellen durch gro\u00dfe Gummif\u00fc\u00dfe<\/li>\n<li>Einfachste Bedienung: antippen \u2013 aufstellen \u2013 ablesen<\/li>\n<li>Speicher f\u00fcr bis zu 10 Personen (Geschlecht, Alter, Gr\u00f6\u00dfe)<\/li>\n<li>Integrierte\u00a0<a>AUTO-OFF-Funktion<\/a>\u00a0zur Batterieschonung<\/li>\n<li>Einheitenumschaltung von kg auf lb m\u00f6glich<\/li>\n<li>Gro\u00dfes, kontrastreiches Display, erleichtert das Ablesen<\/li>\n<li>Lieferung in sch\u00f6ner Schmuckverpackung<\/li>\n<\/ul>\n<\/div>\n<ul id=\"kernList1\"><\/ul>\n<table border=\"1\" width=\"437\" cellspacing=\"0\" cellpadding=\"2\">\n<tbody>\n<tr>\n<td>Waage Modell<\/td>\n<td width=\"10%\">Ablesbarkeit<\/td>\n<td width=\"10%\">W\u00e4gebereich<\/td>\n<\/tr>\n<tr>\n<td><\/td>\n<td width=\"10%\">kg<\/td>\n<td width=\"10%\">kg<\/td>\n<\/tr>\n<tr>\n<td>MFB 150K100S05<\/td>\n<td width=\"10%\">0.1<\/td>\n<td width=\"10%\">182<\/td>\n<\/tr>\n<tr>\n<td><\/td>\n<td width=\"10%\"><\/td>\n<td width=\"10%\"><\/td>\n<\/tr>\n<\/tbody>\n<\/table>\n","protected":false},"excerpt":{"rendered":"<p>K\u00f6rperanalysenwaage zur Ermittlung von K\u00f6rpergewicht, K\u00f6rperfett, K\u00f6rperwasser, Muskelmasse, Knochenanteil, BMI und Grundumsatz\/Aktivit\u00e4tsumsatz.<\/p>\n","protected":false},"featured_media":25048,"template":"","meta":{"_crdt_document":""},"product_brand":[],"product_cat":[165,330],"product_tag":[],"class_list":{"0":"post-25036","1":"product","2":"type-product","3":"status-publish","4":"has-post-thumbnail","6":"product_cat-gewicht","7":"product_cat-medizinisch","9":"first","10":"instock","11":"taxable","12":"shipping-taxable","13":"purchasable","14":"product-type-variable"},"yoast_head":"<!-- This site is optimized with the Yoast SEO plugin v27.3 - https:\/\/yoast.com\/product\/yoast-seo-wordpress\/ -->\n<title>K\u00f6rperanalysenwaage MFB - Sysmatec<\/title>\n<meta name=\"description\" content=\"Personenwaage, K\u00f6rperanalysewaage, sie kann K\u00f6rpergewicht, BMI, Fett, Muskelmasse und Stoffwechselrate anzeigen.\" \/>\n<meta name=\"robots\" content=\"index, follow, max-snippet:-1, max-image-preview:large, max-video-preview:-1\" \/>\n<link rel=\"canonical\" href=\"https:\/\/sysmatec.ch\/de\/produit\/koerperanalysenwaage-mfb\/\" \/>\n<meta property=\"og:locale\" content=\"de_DE\" \/>\n<meta property=\"og:type\" content=\"article\" \/>\n<meta property=\"og:title\" content=\"K\u00f6rperanalysenwaage MFB - Sysmatec\" \/>\n<meta property=\"og:description\" content=\"Personenwaage, K\u00f6rperanalysewaage, sie kann K\u00f6rpergewicht, BMI, Fett, Muskelmasse und Stoffwechselrate anzeigen.\" \/>\n<meta property=\"og:url\" content=\"https:\/\/sysmatec.ch\/de\/produit\/koerperanalysenwaage-mfb\/\" \/>\n<meta property=\"og:site_name\" content=\"Sysmatec\" \/>\n<meta property=\"article:modified_time\" content=\"2021-11-21T11:03:19+00:00\" \/>\n<meta property=\"og:image\" content=\"https:\/\/sysmatec.ch\/wp-content\/uploads\/2021\/04\/Balance_MFB-150K100S05-scaled.jpg\" \/>\n\t<meta property=\"og:image:width\" content=\"2560\" \/>\n\t<meta property=\"og:image:height\" content=\"1832\" \/>\n\t<meta property=\"og:image:type\" content=\"image\/jpeg\" \/>\n<meta name=\"twitter:card\" content=\"summary_large_image\" \/>\n<meta name=\"twitter:label1\" content=\"Gesch\u00e4tzte Lesezeit\" \/>\n\t<meta name=\"twitter:data1\" content=\"1\u00a0Minute\" \/>\n<script type=\"application\/ld+json\" class=\"yoast-schema-graph\">{\"@context\":\"https:\\\/\\\/schema.org\",\"@graph\":[{\"@type\":\"WebPage\",\"@id\":\"https:\\\/\\\/sysmatec.ch\\\/de\\\/produit\\\/koerperanalysenwaage-mfb\\\/\",\"url\":\"https:\\\/\\\/sysmatec.ch\\\/de\\\/produit\\\/koerperanalysenwaage-mfb\\\/\",\"name\":\"K\u00f6rperanalysenwaage MFB - Sysmatec\",\"isPartOf\":{\"@id\":\"https:\\\/\\\/sysmatec.ch\\\/de\\\/#website\"},\"primaryImageOfPage\":{\"@id\":\"https:\\\/\\\/sysmatec.ch\\\/de\\\/produit\\\/koerperanalysenwaage-mfb\\\/#primaryimage\"},\"image\":{\"@id\":\"https:\\\/\\\/sysmatec.ch\\\/de\\\/produit\\\/koerperanalysenwaage-mfb\\\/#primaryimage\"},\"thumbnailUrl\":\"https:\\\/\\\/sysmatec.ch\\\/wp-content\\\/uploads\\\/2021\\\/04\\\/Balance_MFB-150K100S05-scaled.jpg\",\"datePublished\":\"2021-04-10T18:35:09+00:00\",\"dateModified\":\"2021-11-21T11:03:19+00:00\",\"description\":\"Personenwaage, K\u00f6rperanalysewaage, sie kann K\u00f6rpergewicht, BMI, Fett, Muskelmasse und Stoffwechselrate anzeigen.\",\"breadcrumb\":{\"@id\":\"https:\\\/\\\/sysmatec.ch\\\/de\\\/produit\\\/koerperanalysenwaage-mfb\\\/#breadcrumb\"},\"inLanguage\":\"de\",\"potentialAction\":[{\"@type\":\"ReadAction\",\"target\":[\"https:\\\/\\\/sysmatec.ch\\\/de\\\/produit\\\/koerperanalysenwaage-mfb\\\/\"]}]},{\"@type\":\"ImageObject\",\"inLanguage\":\"de\",\"@id\":\"https:\\\/\\\/sysmatec.ch\\\/de\\\/produit\\\/koerperanalysenwaage-mfb\\\/#primaryimage\",\"url\":\"https:\\\/\\\/sysmatec.ch\\\/wp-content\\\/uploads\\\/2021\\\/04\\\/Balance_MFB-150K100S05-scaled.jpg\",\"contentUrl\":\"https:\\\/\\\/sysmatec.ch\\\/wp-content\\\/uploads\\\/2021\\\/04\\\/Balance_MFB-150K100S05-scaled.jpg\",\"width\":2560,\"height\":1832},{\"@type\":\"BreadcrumbList\",\"@id\":\"https:\\\/\\\/sysmatec.ch\\\/de\\\/produit\\\/koerperanalysenwaage-mfb\\\/#breadcrumb\",\"itemListElement\":[{\"@type\":\"ListItem\",\"position\":1,\"name\":\"Accueil\",\"item\":\"https:\\\/\\\/sysmatec.ch\\\/de\\\/\"},{\"@type\":\"ListItem\",\"position\":2,\"name\":\"Die Aktivit\u00e4t von Sysmatec\",\"item\":\"https:\\\/\\\/sysmatec.ch\\\/de\\\/\"},{\"@type\":\"ListItem\",\"position\":3,\"name\":\"K\u00f6rperanalysenwaage MFB\"}]},{\"@type\":\"WebSite\",\"@id\":\"https:\\\/\\\/sysmatec.ch\\\/de\\\/#website\",\"url\":\"https:\\\/\\\/sysmatec.ch\\\/de\\\/\",\"name\":\"Sysmatec\",\"description\":\"Equipement de laboratoire et logiciels\",\"publisher\":{\"@id\":\"https:\\\/\\\/sysmatec.ch\\\/de\\\/#organization\"},\"potentialAction\":[{\"@type\":\"SearchAction\",\"target\":{\"@type\":\"EntryPoint\",\"urlTemplate\":\"https:\\\/\\\/sysmatec.ch\\\/de\\\/?s={search_term_string}\"},\"query-input\":{\"@type\":\"PropertyValueSpecification\",\"valueRequired\":true,\"valueName\":\"search_term_string\"}}],\"inLanguage\":\"de\"},{\"@type\":\"Organization\",\"@id\":\"https:\\\/\\\/sysmatec.ch\\\/de\\\/#organization\",\"name\":\"Sysmatec\",\"url\":\"https:\\\/\\\/sysmatec.ch\\\/de\\\/\",\"logo\":{\"@type\":\"ImageObject\",\"inLanguage\":\"de\",\"@id\":\"https:\\\/\\\/sysmatec.ch\\\/de\\\/#\\\/schema\\\/logo\\\/image\\\/\",\"url\":\"https:\\\/\\\/sysmatec.ch\\\/wp-content\\\/uploads\\\/2018\\\/11\\\/LogoSysmatec.jpg\",\"contentUrl\":\"https:\\\/\\\/sysmatec.ch\\\/wp-content\\\/uploads\\\/2018\\\/11\\\/LogoSysmatec.jpg\",\"width\":301,\"height\":297,\"caption\":\"Sysmatec\"},\"image\":{\"@id\":\"https:\\\/\\\/sysmatec.ch\\\/de\\\/#\\\/schema\\\/logo\\\/image\\\/\"}}]}<\/script>\n<!-- \/ Yoast SEO plugin. -->","yoast_head_json":{"title":"K\u00f6rperanalysenwaage MFB - Sysmatec","description":"Personenwaage, K\u00f6rperanalysewaage, sie kann K\u00f6rpergewicht, BMI, Fett, Muskelmasse und Stoffwechselrate anzeigen.","robots":{"index":"index","follow":"follow","max-snippet":"max-snippet:-1","max-image-preview":"max-image-preview:large","max-video-preview":"max-video-preview:-1"},"canonical":"https:\/\/sysmatec.ch\/de\/produit\/koerperanalysenwaage-mfb\/","og_locale":"de_DE","og_type":"article","og_title":"K\u00f6rperanalysenwaage MFB - Sysmatec","og_description":"Personenwaage, K\u00f6rperanalysewaage, sie kann K\u00f6rpergewicht, BMI, Fett, Muskelmasse und Stoffwechselrate anzeigen.","og_url":"https:\/\/sysmatec.ch\/de\/produit\/koerperanalysenwaage-mfb\/","og_site_name":"Sysmatec","article_modified_time":"2021-11-21T11:03:19+00:00","og_image":[{"width":2560,"height":1832,"url":"https:\/\/sysmatec.ch\/wp-content\/uploads\/2021\/04\/Balance_MFB-150K100S05-scaled.jpg","type":"image\/jpeg"}],"twitter_card":"summary_large_image","twitter_misc":{"Gesch\u00e4tzte Lesezeit":"1\u00a0Minute"},"schema":{"@context":"https:\/\/schema.org","@graph":[{"@type":"WebPage","@id":"https:\/\/sysmatec.ch\/de\/produit\/koerperanalysenwaage-mfb\/","url":"https:\/\/sysmatec.ch\/de\/produit\/koerperanalysenwaage-mfb\/","name":"K\u00f6rperanalysenwaage MFB - Sysmatec","isPartOf":{"@id":"https:\/\/sysmatec.ch\/de\/#website"},"primaryImageOfPage":{"@id":"https:\/\/sysmatec.ch\/de\/produit\/koerperanalysenwaage-mfb\/#primaryimage"},"image":{"@id":"https:\/\/sysmatec.ch\/de\/produit\/koerperanalysenwaage-mfb\/#primaryimage"},"thumbnailUrl":"https:\/\/sysmatec.ch\/wp-content\/uploads\/2021\/04\/Balance_MFB-150K100S05-scaled.jpg","datePublished":"2021-04-10T18:35:09+00:00","dateModified":"2021-11-21T11:03:19+00:00","description":"Personenwaage, K\u00f6rperanalysewaage, sie kann K\u00f6rpergewicht, BMI, Fett, Muskelmasse und Stoffwechselrate anzeigen.","breadcrumb":{"@id":"https:\/\/sysmatec.ch\/de\/produit\/koerperanalysenwaage-mfb\/#breadcrumb"},"inLanguage":"de","potentialAction":[{"@type":"ReadAction","target":["https:\/\/sysmatec.ch\/de\/produit\/koerperanalysenwaage-mfb\/"]}]},{"@type":"ImageObject","inLanguage":"de","@id":"https:\/\/sysmatec.ch\/de\/produit\/koerperanalysenwaage-mfb\/#primaryimage","url":"https:\/\/sysmatec.ch\/wp-content\/uploads\/2021\/04\/Balance_MFB-150K100S05-scaled.jpg","contentUrl":"https:\/\/sysmatec.ch\/wp-content\/uploads\/2021\/04\/Balance_MFB-150K100S05-scaled.jpg","width":2560,"height":1832},{"@type":"BreadcrumbList","@id":"https:\/\/sysmatec.ch\/de\/produit\/koerperanalysenwaage-mfb\/#breadcrumb","itemListElement":[{"@type":"ListItem","position":1,"name":"Accueil","item":"https:\/\/sysmatec.ch\/de\/"},{"@type":"ListItem","position":2,"name":"Die Aktivit\u00e4t von Sysmatec","item":"https:\/\/sysmatec.ch\/de\/"},{"@type":"ListItem","position":3,"name":"K\u00f6rperanalysenwaage MFB"}]},{"@type":"WebSite","@id":"https:\/\/sysmatec.ch\/de\/#website","url":"https:\/\/sysmatec.ch\/de\/","name":"Sysmatec","description":"Equipement de laboratoire et logiciels","publisher":{"@id":"https:\/\/sysmatec.ch\/de\/#organization"},"potentialAction":[{"@type":"SearchAction","target":{"@type":"EntryPoint","urlTemplate":"https:\/\/sysmatec.ch\/de\/?s={search_term_string}"},"query-input":{"@type":"PropertyValueSpecification","valueRequired":true,"valueName":"search_term_string"}}],"inLanguage":"de"},{"@type":"Organization","@id":"https:\/\/sysmatec.ch\/de\/#organization","name":"Sysmatec","url":"https:\/\/sysmatec.ch\/de\/","logo":{"@type":"ImageObject","inLanguage":"de","@id":"https:\/\/sysmatec.ch\/de\/#\/schema\/logo\/image\/","url":"https:\/\/sysmatec.ch\/wp-content\/uploads\/2018\/11\/LogoSysmatec.jpg","contentUrl":"https:\/\/sysmatec.ch\/wp-content\/uploads\/2018\/11\/LogoSysmatec.jpg","width":301,"height":297,"caption":"Sysmatec"},"image":{"@id":"https:\/\/sysmatec.ch\/de\/#\/schema\/logo\/image\/"}}]}},"_links":{"self":[{"href":"https:\/\/sysmatec.ch\/de\/wp-json\/wp\/v2\/product\/25036","targetHints":{"allow":["GET"]}}],"collection":[{"href":"https:\/\/sysmatec.ch\/de\/wp-json\/wp\/v2\/product"}],"about":[{"href":"https:\/\/sysmatec.ch\/de\/wp-json\/wp\/v2\/types\/product"}],"wp:featuredmedia":[{"embeddable":true,"href":"https:\/\/sysmatec.ch\/de\/wp-json\/wp\/v2\/media\/25048"}],"wp:attachment":[{"href":"https:\/\/sysmatec.ch\/de\/wp-json\/wp\/v2\/media?parent=25036"}],"wp:term":[{"taxonomy":"product_brand","embeddable":true,"href":"https:\/\/sysmatec.ch\/de\/wp-json\/wp\/v2\/product_brand?post=25036"},{"taxonomy":"product_cat","embeddable":true,"href":"https:\/\/sysmatec.ch\/de\/wp-json\/wp\/v2\/product_cat?post=25036"},{"taxonomy":"product_tag","embeddable":true,"href":"https:\/\/sysmatec.ch\/de\/wp-json\/wp\/v2\/product_tag?post=25036"}],"curies":[{"name":"wp","href":"https:\/\/api.w.org\/{rel}","templated":true}]}}