{"id":25020,"date":"2021-04-10T17:23:43","date_gmt":"2021-04-10T15:23:43","guid":{"rendered":"https:\/\/sysmatec.ch\/?post_type=product&#038;p=25020"},"modified":"2021-11-21T12:17:53","modified_gmt":"2021-11-21T11:17:53","slug":"mechanische-personenwaage-mgc","status":"publish","type":"product","link":"https:\/\/sysmatec.ch\/de\/Produkt\/mechanische-personenwaage-mgc\/","title":{"rendered":"Mechanische Personenwaage MGC"},"content":{"rendered":"<div id=\"verweis_02\">\n<ul id=\"kernList1\">\n<li>Zeitloses Design<\/li>\n<li>Gro\u00dfe, \u00fcbersichtlich abzulesende Kreisskala<\/li>\n<li>Gro\u00dfe Trittfl\u00e4che mit rutschfreier Oberfl\u00e4che aus Kunststoff<\/li>\n<li>Sicheres und rutschfreies Aufstellen durch Gummif\u00fc\u00dfe<\/li>\n<li>Einfachste Bedienung: aufstellen &#8211; ablesen<\/li>\n<li>Bequeme Justierung der Anzeige \u00fcber Stellrad<\/li>\n<li>Lieferung in sch\u00f6ner Schmuckverpackung<\/li>\n<\/ul>\n<\/div>\n<ul id=\"kernList1\"><\/ul>\n<table border=\"1\" width=\"437\" cellspacing=\"0\" cellpadding=\"2\">\n<tbody>\n<tr>\n<td>Waage Modell<\/td>\n<td width=\"10%\">Ablesbarkeit<\/td>\n<td width=\"10%\">W\u00e4gebereich<\/td>\n<\/tr>\n<tr>\n<td><\/td>\n<td width=\"10%\">kg<\/td>\n<td width=\"10%\">kg<\/td>\n<\/tr>\n<tr>\n<td>MGC 100K-1S05<\/td>\n<td width=\"10%\">1<\/td>\n<td width=\"10%\">150<\/td>\n<\/tr>\n<tr>\n<td><\/td>\n<td width=\"10%\"><\/td>\n<td width=\"10%\"><\/td>\n<\/tr>\n<\/tbody>\n<\/table>\n","protected":false},"excerpt":{"rendered":"<p>Mechanische Personenwaage, gro\u00dfe, \u00fcbersichtlich abzulesende Kreisskala, funktioniert ohne Batterie und ohne Stromspeisung<\/p>\n","protected":false},"featured_media":25032,"template":"","meta":{"_crdt_document":""},"product_brand":[],"product_cat":[165,330],"product_tag":[],"class_list":{"0":"post-25020","1":"product","2":"type-product","3":"status-publish","4":"has-post-thumbnail","6":"product_cat-gewicht","7":"product_cat-medizinisch","9":"first","10":"instock","11":"taxable","12":"shipping-taxable","13":"purchasable","14":"product-type-variable"},"yoast_head":"<!-- This site is optimized with the Yoast SEO plugin v27.3 - https:\/\/yoast.com\/product\/yoast-seo-wordpress\/ -->\n<title>Mechanische Personenwaage MGC - Sysmatec<\/title>\n<meta name=\"description\" content=\"Mechanische Personen Waage. Mechanische medizinische Waage, einfach zu bedienen, mit Anti-Rutsch-Beschichtung, Bereich von 0 bis 150 kg\" \/>\n<meta name=\"robots\" content=\"index, follow, max-snippet:-1, max-image-preview:large, max-video-preview:-1\" \/>\n<link rel=\"canonical\" href=\"https:\/\/sysmatec.ch\/de\/produit\/mechanische-personenwaage-mgc\/\" \/>\n<meta property=\"og:locale\" content=\"de_DE\" \/>\n<meta property=\"og:type\" content=\"article\" \/>\n<meta property=\"og:title\" content=\"Mechanische Personenwaage MGC - Sysmatec\" \/>\n<meta property=\"og:description\" content=\"Mechanische Personen Waage. Mechanische medizinische Waage, einfach zu bedienen, mit Anti-Rutsch-Beschichtung, Bereich von 0 bis 150 kg\" \/>\n<meta property=\"og:url\" content=\"https:\/\/sysmatec.ch\/de\/produit\/mechanische-personenwaage-mgc\/\" \/>\n<meta property=\"og:site_name\" content=\"Sysmatec\" \/>\n<meta property=\"article:modified_time\" content=\"2021-11-21T11:17:53+00:00\" \/>\n<meta property=\"og:image\" content=\"https:\/\/sysmatec.ch\/wp-content\/uploads\/2021\/04\/Balance_MGC-100K-1S05-scaled.jpg\" \/>\n\t<meta property=\"og:image:width\" content=\"2560\" \/>\n\t<meta property=\"og:image:height\" content=\"2404\" \/>\n\t<meta property=\"og:image:type\" content=\"image\/jpeg\" \/>\n<meta name=\"twitter:card\" content=\"summary_large_image\" \/>\n<meta name=\"twitter:label1\" content=\"Gesch\u00e4tzte Lesezeit\" \/>\n\t<meta name=\"twitter:data1\" content=\"1\u00a0Minute\" \/>\n<script type=\"application\/ld+json\" class=\"yoast-schema-graph\">{\"@context\":\"https:\\\/\\\/schema.org\",\"@graph\":[{\"@type\":\"WebPage\",\"@id\":\"https:\\\/\\\/sysmatec.ch\\\/de\\\/produit\\\/mechanische-personenwaage-mgc\\\/\",\"url\":\"https:\\\/\\\/sysmatec.ch\\\/de\\\/produit\\\/mechanische-personenwaage-mgc\\\/\",\"name\":\"Mechanische Personenwaage MGC - Sysmatec\",\"isPartOf\":{\"@id\":\"https:\\\/\\\/sysmatec.ch\\\/de\\\/#website\"},\"primaryImageOfPage\":{\"@id\":\"https:\\\/\\\/sysmatec.ch\\\/de\\\/produit\\\/mechanische-personenwaage-mgc\\\/#primaryimage\"},\"image\":{\"@id\":\"https:\\\/\\\/sysmatec.ch\\\/de\\\/produit\\\/mechanische-personenwaage-mgc\\\/#primaryimage\"},\"thumbnailUrl\":\"https:\\\/\\\/sysmatec.ch\\\/wp-content\\\/uploads\\\/2021\\\/04\\\/Balance_MGC-100K-1S05-scaled.jpg\",\"datePublished\":\"2021-04-10T15:23:43+00:00\",\"dateModified\":\"2021-11-21T11:17:53+00:00\",\"description\":\"Mechanische Personen Waage. Mechanische medizinische Waage, einfach zu bedienen, mit Anti-Rutsch-Beschichtung, Bereich von 0 bis 150 kg\",\"breadcrumb\":{\"@id\":\"https:\\\/\\\/sysmatec.ch\\\/de\\\/produit\\\/mechanische-personenwaage-mgc\\\/#breadcrumb\"},\"inLanguage\":\"de\",\"potentialAction\":[{\"@type\":\"ReadAction\",\"target\":[\"https:\\\/\\\/sysmatec.ch\\\/de\\\/produit\\\/mechanische-personenwaage-mgc\\\/\"]}]},{\"@type\":\"ImageObject\",\"inLanguage\":\"de\",\"@id\":\"https:\\\/\\\/sysmatec.ch\\\/de\\\/produit\\\/mechanische-personenwaage-mgc\\\/#primaryimage\",\"url\":\"https:\\\/\\\/sysmatec.ch\\\/wp-content\\\/uploads\\\/2021\\\/04\\\/Balance_MGC-100K-1S05-scaled.jpg\",\"contentUrl\":\"https:\\\/\\\/sysmatec.ch\\\/wp-content\\\/uploads\\\/2021\\\/04\\\/Balance_MGC-100K-1S05-scaled.jpg\",\"width\":2560,\"height\":2404},{\"@type\":\"BreadcrumbList\",\"@id\":\"https:\\\/\\\/sysmatec.ch\\\/de\\\/produit\\\/mechanische-personenwaage-mgc\\\/#breadcrumb\",\"itemListElement\":[{\"@type\":\"ListItem\",\"position\":1,\"name\":\"Accueil\",\"item\":\"https:\\\/\\\/sysmatec.ch\\\/de\\\/\"},{\"@type\":\"ListItem\",\"position\":2,\"name\":\"Die Aktivit\u00e4t von Sysmatec\",\"item\":\"https:\\\/\\\/sysmatec.ch\\\/de\\\/\"},{\"@type\":\"ListItem\",\"position\":3,\"name\":\"Mechanische Personenwaage MGC\"}]},{\"@type\":\"WebSite\",\"@id\":\"https:\\\/\\\/sysmatec.ch\\\/de\\\/#website\",\"url\":\"https:\\\/\\\/sysmatec.ch\\\/de\\\/\",\"name\":\"Sysmatec\",\"description\":\"Equipement de laboratoire et logiciels\",\"publisher\":{\"@id\":\"https:\\\/\\\/sysmatec.ch\\\/de\\\/#organization\"},\"potentialAction\":[{\"@type\":\"SearchAction\",\"target\":{\"@type\":\"EntryPoint\",\"urlTemplate\":\"https:\\\/\\\/sysmatec.ch\\\/de\\\/?s={search_term_string}\"},\"query-input\":{\"@type\":\"PropertyValueSpecification\",\"valueRequired\":true,\"valueName\":\"search_term_string\"}}],\"inLanguage\":\"de\"},{\"@type\":\"Organization\",\"@id\":\"https:\\\/\\\/sysmatec.ch\\\/de\\\/#organization\",\"name\":\"Sysmatec\",\"url\":\"https:\\\/\\\/sysmatec.ch\\\/de\\\/\",\"logo\":{\"@type\":\"ImageObject\",\"inLanguage\":\"de\",\"@id\":\"https:\\\/\\\/sysmatec.ch\\\/de\\\/#\\\/schema\\\/logo\\\/image\\\/\",\"url\":\"https:\\\/\\\/sysmatec.ch\\\/wp-content\\\/uploads\\\/2018\\\/11\\\/LogoSysmatec.jpg\",\"contentUrl\":\"https:\\\/\\\/sysmatec.ch\\\/wp-content\\\/uploads\\\/2018\\\/11\\\/LogoSysmatec.jpg\",\"width\":301,\"height\":297,\"caption\":\"Sysmatec\"},\"image\":{\"@id\":\"https:\\\/\\\/sysmatec.ch\\\/de\\\/#\\\/schema\\\/logo\\\/image\\\/\"}}]}<\/script>\n<!-- \/ Yoast SEO plugin. -->","yoast_head_json":{"title":"Mechanische Personenwaage MGC - Sysmatec","description":"Mechanische Personen Waage. Mechanische medizinische Waage, einfach zu bedienen, mit Anti-Rutsch-Beschichtung, Bereich von 0 bis 150 kg","robots":{"index":"index","follow":"follow","max-snippet":"max-snippet:-1","max-image-preview":"max-image-preview:large","max-video-preview":"max-video-preview:-1"},"canonical":"https:\/\/sysmatec.ch\/de\/produit\/mechanische-personenwaage-mgc\/","og_locale":"de_DE","og_type":"article","og_title":"Mechanische Personenwaage MGC - Sysmatec","og_description":"Mechanische Personen Waage. Mechanische medizinische Waage, einfach zu bedienen, mit Anti-Rutsch-Beschichtung, Bereich von 0 bis 150 kg","og_url":"https:\/\/sysmatec.ch\/de\/produit\/mechanische-personenwaage-mgc\/","og_site_name":"Sysmatec","article_modified_time":"2021-11-21T11:17:53+00:00","og_image":[{"width":2560,"height":2404,"url":"https:\/\/sysmatec.ch\/wp-content\/uploads\/2021\/04\/Balance_MGC-100K-1S05-scaled.jpg","type":"image\/jpeg"}],"twitter_card":"summary_large_image","twitter_misc":{"Gesch\u00e4tzte Lesezeit":"1\u00a0Minute"},"schema":{"@context":"https:\/\/schema.org","@graph":[{"@type":"WebPage","@id":"https:\/\/sysmatec.ch\/de\/produit\/mechanische-personenwaage-mgc\/","url":"https:\/\/sysmatec.ch\/de\/produit\/mechanische-personenwaage-mgc\/","name":"Mechanische Personenwaage MGC - Sysmatec","isPartOf":{"@id":"https:\/\/sysmatec.ch\/de\/#website"},"primaryImageOfPage":{"@id":"https:\/\/sysmatec.ch\/de\/produit\/mechanische-personenwaage-mgc\/#primaryimage"},"image":{"@id":"https:\/\/sysmatec.ch\/de\/produit\/mechanische-personenwaage-mgc\/#primaryimage"},"thumbnailUrl":"https:\/\/sysmatec.ch\/wp-content\/uploads\/2021\/04\/Balance_MGC-100K-1S05-scaled.jpg","datePublished":"2021-04-10T15:23:43+00:00","dateModified":"2021-11-21T11:17:53+00:00","description":"Mechanische Personen Waage. Mechanische medizinische Waage, einfach zu bedienen, mit Anti-Rutsch-Beschichtung, Bereich von 0 bis 150 kg","breadcrumb":{"@id":"https:\/\/sysmatec.ch\/de\/produit\/mechanische-personenwaage-mgc\/#breadcrumb"},"inLanguage":"de","potentialAction":[{"@type":"ReadAction","target":["https:\/\/sysmatec.ch\/de\/produit\/mechanische-personenwaage-mgc\/"]}]},{"@type":"ImageObject","inLanguage":"de","@id":"https:\/\/sysmatec.ch\/de\/produit\/mechanische-personenwaage-mgc\/#primaryimage","url":"https:\/\/sysmatec.ch\/wp-content\/uploads\/2021\/04\/Balance_MGC-100K-1S05-scaled.jpg","contentUrl":"https:\/\/sysmatec.ch\/wp-content\/uploads\/2021\/04\/Balance_MGC-100K-1S05-scaled.jpg","width":2560,"height":2404},{"@type":"BreadcrumbList","@id":"https:\/\/sysmatec.ch\/de\/produit\/mechanische-personenwaage-mgc\/#breadcrumb","itemListElement":[{"@type":"ListItem","position":1,"name":"Accueil","item":"https:\/\/sysmatec.ch\/de\/"},{"@type":"ListItem","position":2,"name":"Die Aktivit\u00e4t von Sysmatec","item":"https:\/\/sysmatec.ch\/de\/"},{"@type":"ListItem","position":3,"name":"Mechanische Personenwaage MGC"}]},{"@type":"WebSite","@id":"https:\/\/sysmatec.ch\/de\/#website","url":"https:\/\/sysmatec.ch\/de\/","name":"Sysmatec","description":"Equipement de laboratoire et logiciels","publisher":{"@id":"https:\/\/sysmatec.ch\/de\/#organization"},"potentialAction":[{"@type":"SearchAction","target":{"@type":"EntryPoint","urlTemplate":"https:\/\/sysmatec.ch\/de\/?s={search_term_string}"},"query-input":{"@type":"PropertyValueSpecification","valueRequired":true,"valueName":"search_term_string"}}],"inLanguage":"de"},{"@type":"Organization","@id":"https:\/\/sysmatec.ch\/de\/#organization","name":"Sysmatec","url":"https:\/\/sysmatec.ch\/de\/","logo":{"@type":"ImageObject","inLanguage":"de","@id":"https:\/\/sysmatec.ch\/de\/#\/schema\/logo\/image\/","url":"https:\/\/sysmatec.ch\/wp-content\/uploads\/2018\/11\/LogoSysmatec.jpg","contentUrl":"https:\/\/sysmatec.ch\/wp-content\/uploads\/2018\/11\/LogoSysmatec.jpg","width":301,"height":297,"caption":"Sysmatec"},"image":{"@id":"https:\/\/sysmatec.ch\/de\/#\/schema\/logo\/image\/"}}]}},"_links":{"self":[{"href":"https:\/\/sysmatec.ch\/de\/wp-json\/wp\/v2\/product\/25020","targetHints":{"allow":["GET"]}}],"collection":[{"href":"https:\/\/sysmatec.ch\/de\/wp-json\/wp\/v2\/product"}],"about":[{"href":"https:\/\/sysmatec.ch\/de\/wp-json\/wp\/v2\/types\/product"}],"wp:featuredmedia":[{"embeddable":true,"href":"https:\/\/sysmatec.ch\/de\/wp-json\/wp\/v2\/media\/25032"}],"wp:attachment":[{"href":"https:\/\/sysmatec.ch\/de\/wp-json\/wp\/v2\/media?parent=25020"}],"wp:term":[{"taxonomy":"product_brand","embeddable":true,"href":"https:\/\/sysmatec.ch\/de\/wp-json\/wp\/v2\/product_brand?post=25020"},{"taxonomy":"product_cat","embeddable":true,"href":"https:\/\/sysmatec.ch\/de\/wp-json\/wp\/v2\/product_cat?post=25020"},{"taxonomy":"product_tag","embeddable":true,"href":"https:\/\/sysmatec.ch\/de\/wp-json\/wp\/v2\/product_tag?post=25020"}],"curies":[{"name":"wp","href":"https:\/\/api.w.org\/{rel}","templated":true}]}}