{"id":24977,"date":"2021-04-10T10:46:46","date_gmt":"2021-04-10T08:46:46","guid":{"rendered":"https:\/\/sysmatec.ch\/?post_type=product&#038;p=24977"},"modified":"2021-11-21T21:09:26","modified_gmt":"2021-11-21T20:09:26","slug":"personenwaage-mpk-mpl","status":"publish","type":"product","link":"https:\/\/sysmatec.ch\/de\/Produkt\/personenwaage-mpk-mpl\/","title":{"rendered":"Personenwaage MPK\/MPL"},"content":{"rendered":"<div id=\"verweis_02\">\n<ul id=\"kernList1\">\n<li>Diese Personenwaage ist das ideale Messinstrument f\u00fcr die Altenpflege, Paramedizin, Fitnessclubs oder den Privatbereich, einschlie\u00dflich Wiegungen im adip\u00f6sen Bereich bis 250 kg<\/li>\n<li>Durch das fest mit der Waage verbundene Stativ ist das Auswerteger\u00e4t bequem zu bedienen und und der W\u00e4gewert auch bei ung\u00fcnstigen Lichtverh\u00e4ltnissen gut abzulesen<\/li>\n<li>Stabile Glasw\u00e4geplatte f\u00fcr einen sicheren und bequemen Stand<\/li>\n<li>Hygienisch und leicht zu reinigen<\/li>\n<li>\n<div id=\"verweis_01\">\u00a0Besonders flache Bauweise erleichtert das Betreten<\/div>\n<\/li>\n<li>Einfachste Bedienung: antippen \u2013 aufstellen \u2013 ablesen<\/li>\n<li>Integrierte\u00a0<a>AUTO-OFF-Funktion<\/a>\u00a0zur Batterieschonung<\/li>\n<li>Nur MPL: BMI-Funktion zur Ermittlung von Untergewicht\/Normalgewicht\/\u00dcbergewicht<\/li>\n<li>\n<div id=\"verweis_02\">\u00a0Gro\u00dfes, kontrastreiches Display, erleichtert das Ablesen<\/div>\n<\/li>\n<\/ul>\n<\/div>\n<ul id=\"kernList1\"><\/ul>\n<table border=\"1\" width=\"437\" cellspacing=\"0\" cellpadding=\"2\">\n<tbody>\n<tr>\n<td>Waage Modell<\/td>\n<td width=\"10%\">Ablesbarkeit<\/td>\n<td width=\"10%\">Weighing range<\/td>\n<\/tr>\n<tr>\n<td><\/td>\n<td width=\"10%\">kg<\/td>\n<td width=\"10%\">kg<\/td>\n<\/tr>\n<tr>\n<td>MPK 200K-1P<\/td>\n<td width=\"10%\">0.1<\/td>\n<td width=\"10%\">250<\/td>\n<\/tr>\n<tr>\n<td>MPL 200K-1P<\/td>\n<td width=\"10%\">0.1<\/td>\n<td width=\"10%\">250<\/td>\n<\/tr>\n<\/tbody>\n<\/table>\n","protected":false},"excerpt":{"rendered":"<p><span class=\"VIiyi\" lang=\"de\"><span class=\"JLqJ4b ChMk0b\" data-language-for-alternatives=\"de\" data-language-to-translate-into=\"fr\" data-phrase-index=\"0\">Mobile Personenwaage mit Batteriebetrieb und IMC-Funktion f\u00fcr den professionellen Einsatz im Bereich der ltenpflege, Paramedizin, Fitnessclubs oder den Privatbereich.<\/span> <span class=\"JLqJ4b ChMk0b\" data-language-for-alternatives=\"de\" data-language-to-translate-into=\"fr\" data-phrase-index=\"1\">Mit Stativ, Version MPL mit BMI Berechnung.<\/span><\/span><\/p>\n","protected":false},"featured_media":24986,"template":"","meta":{"_crdt_document":""},"product_brand":[],"product_cat":[165,330],"product_tag":[],"class_list":{"0":"post-24977","1":"product","2":"type-product","3":"status-publish","4":"has-post-thumbnail","6":"product_cat-gewicht","7":"product_cat-medizinisch","9":"first","10":"instock","11":"taxable","12":"shipping-taxable","13":"purchasable","14":"product-type-variable"},"yoast_head":"<!-- This site is optimized with the Yoast SEO plugin v27.3 - https:\/\/yoast.com\/product\/yoast-seo-wordpress\/ -->\n<title>Personenwaage MPK\/MPL - Sysmatec<\/title>\n<meta name=\"description\" content=\"Medizinische Patientenwaage mit gro\u00dfer Plattform und erh\u00f6htem Display. MPL-Version mit BMI-Berechnung (Body-Mass-Index).\" \/>\n<meta name=\"robots\" content=\"index, follow, max-snippet:-1, max-image-preview:large, max-video-preview:-1\" \/>\n<link rel=\"canonical\" href=\"https:\/\/sysmatec.ch\/de\/produit\/personenwaage-mpk-mpl\/\" \/>\n<meta property=\"og:locale\" content=\"de_DE\" \/>\n<meta property=\"og:type\" content=\"article\" \/>\n<meta property=\"og:title\" content=\"Personenwaage MPK\/MPL - Sysmatec\" \/>\n<meta property=\"og:description\" content=\"Medizinische Patientenwaage mit gro\u00dfer Plattform und erh\u00f6htem Display. MPL-Version mit BMI-Berechnung (Body-Mass-Index).\" \/>\n<meta property=\"og:url\" content=\"https:\/\/sysmatec.ch\/de\/produit\/personenwaage-mpk-mpl\/\" \/>\n<meta property=\"og:site_name\" content=\"Sysmatec\" \/>\n<meta property=\"article:modified_time\" content=\"2021-11-21T20:09:26+00:00\" \/>\n<meta property=\"og:image\" content=\"https:\/\/sysmatec.ch\/wp-content\/uploads\/2021\/04\/Balance_MPK-200K-1P-scaled.jpg\" \/>\n\t<meta property=\"og:image:width\" content=\"1270\" \/>\n\t<meta property=\"og:image:height\" content=\"2560\" \/>\n\t<meta property=\"og:image:type\" content=\"image\/jpeg\" \/>\n<meta name=\"twitter:card\" content=\"summary_large_image\" \/>\n<meta name=\"twitter:label1\" content=\"Gesch\u00e4tzte Lesezeit\" \/>\n\t<meta name=\"twitter:data1\" content=\"1\u00a0Minute\" \/>\n<script type=\"application\/ld+json\" class=\"yoast-schema-graph\">{\"@context\":\"https:\\\/\\\/schema.org\",\"@graph\":[{\"@type\":\"WebPage\",\"@id\":\"https:\\\/\\\/sysmatec.ch\\\/de\\\/produit\\\/personenwaage-mpk-mpl\\\/\",\"url\":\"https:\\\/\\\/sysmatec.ch\\\/de\\\/produit\\\/personenwaage-mpk-mpl\\\/\",\"name\":\"Personenwaage MPK\\\/MPL - Sysmatec\",\"isPartOf\":{\"@id\":\"https:\\\/\\\/sysmatec.ch\\\/de\\\/#website\"},\"primaryImageOfPage\":{\"@id\":\"https:\\\/\\\/sysmatec.ch\\\/de\\\/produit\\\/personenwaage-mpk-mpl\\\/#primaryimage\"},\"image\":{\"@id\":\"https:\\\/\\\/sysmatec.ch\\\/de\\\/produit\\\/personenwaage-mpk-mpl\\\/#primaryimage\"},\"thumbnailUrl\":\"https:\\\/\\\/sysmatec.ch\\\/wp-content\\\/uploads\\\/2021\\\/04\\\/Balance_MPK-200K-1P-scaled.jpg\",\"datePublished\":\"2021-04-10T08:46:46+00:00\",\"dateModified\":\"2021-11-21T20:09:26+00:00\",\"description\":\"Medizinische Patientenwaage mit gro\u00dfer Plattform und erh\u00f6htem Display. MPL-Version mit BMI-Berechnung (Body-Mass-Index).\",\"breadcrumb\":{\"@id\":\"https:\\\/\\\/sysmatec.ch\\\/de\\\/produit\\\/personenwaage-mpk-mpl\\\/#breadcrumb\"},\"inLanguage\":\"de\",\"potentialAction\":[{\"@type\":\"ReadAction\",\"target\":[\"https:\\\/\\\/sysmatec.ch\\\/de\\\/produit\\\/personenwaage-mpk-mpl\\\/\"]}]},{\"@type\":\"ImageObject\",\"inLanguage\":\"de\",\"@id\":\"https:\\\/\\\/sysmatec.ch\\\/de\\\/produit\\\/personenwaage-mpk-mpl\\\/#primaryimage\",\"url\":\"https:\\\/\\\/sysmatec.ch\\\/wp-content\\\/uploads\\\/2021\\\/04\\\/Balance_MPK-200K-1P-scaled.jpg\",\"contentUrl\":\"https:\\\/\\\/sysmatec.ch\\\/wp-content\\\/uploads\\\/2021\\\/04\\\/Balance_MPK-200K-1P-scaled.jpg\",\"width\":1270,\"height\":2560},{\"@type\":\"BreadcrumbList\",\"@id\":\"https:\\\/\\\/sysmatec.ch\\\/de\\\/produit\\\/personenwaage-mpk-mpl\\\/#breadcrumb\",\"itemListElement\":[{\"@type\":\"ListItem\",\"position\":1,\"name\":\"Accueil\",\"item\":\"https:\\\/\\\/sysmatec.ch\\\/de\\\/\"},{\"@type\":\"ListItem\",\"position\":2,\"name\":\"Die Aktivit\u00e4t von Sysmatec\",\"item\":\"https:\\\/\\\/sysmatec.ch\\\/de\\\/\"},{\"@type\":\"ListItem\",\"position\":3,\"name\":\"Personenwaage MPK\\\/MPL\"}]},{\"@type\":\"WebSite\",\"@id\":\"https:\\\/\\\/sysmatec.ch\\\/de\\\/#website\",\"url\":\"https:\\\/\\\/sysmatec.ch\\\/de\\\/\",\"name\":\"Sysmatec\",\"description\":\"Equipement de laboratoire et logiciels\",\"publisher\":{\"@id\":\"https:\\\/\\\/sysmatec.ch\\\/de\\\/#organization\"},\"potentialAction\":[{\"@type\":\"SearchAction\",\"target\":{\"@type\":\"EntryPoint\",\"urlTemplate\":\"https:\\\/\\\/sysmatec.ch\\\/de\\\/?s={search_term_string}\"},\"query-input\":{\"@type\":\"PropertyValueSpecification\",\"valueRequired\":true,\"valueName\":\"search_term_string\"}}],\"inLanguage\":\"de\"},{\"@type\":\"Organization\",\"@id\":\"https:\\\/\\\/sysmatec.ch\\\/de\\\/#organization\",\"name\":\"Sysmatec\",\"url\":\"https:\\\/\\\/sysmatec.ch\\\/de\\\/\",\"logo\":{\"@type\":\"ImageObject\",\"inLanguage\":\"de\",\"@id\":\"https:\\\/\\\/sysmatec.ch\\\/de\\\/#\\\/schema\\\/logo\\\/image\\\/\",\"url\":\"https:\\\/\\\/sysmatec.ch\\\/wp-content\\\/uploads\\\/2018\\\/11\\\/LogoSysmatec.jpg\",\"contentUrl\":\"https:\\\/\\\/sysmatec.ch\\\/wp-content\\\/uploads\\\/2018\\\/11\\\/LogoSysmatec.jpg\",\"width\":301,\"height\":297,\"caption\":\"Sysmatec\"},\"image\":{\"@id\":\"https:\\\/\\\/sysmatec.ch\\\/de\\\/#\\\/schema\\\/logo\\\/image\\\/\"}}]}<\/script>\n<!-- \/ Yoast SEO plugin. -->","yoast_head_json":{"title":"Personenwaage MPK\/MPL - Sysmatec","description":"Medizinische Patientenwaage mit gro\u00dfer Plattform und erh\u00f6htem Display. MPL-Version mit BMI-Berechnung (Body-Mass-Index).","robots":{"index":"index","follow":"follow","max-snippet":"max-snippet:-1","max-image-preview":"max-image-preview:large","max-video-preview":"max-video-preview:-1"},"canonical":"https:\/\/sysmatec.ch\/de\/produit\/personenwaage-mpk-mpl\/","og_locale":"de_DE","og_type":"article","og_title":"Personenwaage MPK\/MPL - Sysmatec","og_description":"Medizinische Patientenwaage mit gro\u00dfer Plattform und erh\u00f6htem Display. MPL-Version mit BMI-Berechnung (Body-Mass-Index).","og_url":"https:\/\/sysmatec.ch\/de\/produit\/personenwaage-mpk-mpl\/","og_site_name":"Sysmatec","article_modified_time":"2021-11-21T20:09:26+00:00","og_image":[{"width":1270,"height":2560,"url":"https:\/\/sysmatec.ch\/wp-content\/uploads\/2021\/04\/Balance_MPK-200K-1P-scaled.jpg","type":"image\/jpeg"}],"twitter_card":"summary_large_image","twitter_misc":{"Gesch\u00e4tzte Lesezeit":"1\u00a0Minute"},"schema":{"@context":"https:\/\/schema.org","@graph":[{"@type":"WebPage","@id":"https:\/\/sysmatec.ch\/de\/produit\/personenwaage-mpk-mpl\/","url":"https:\/\/sysmatec.ch\/de\/produit\/personenwaage-mpk-mpl\/","name":"Personenwaage MPK\/MPL - Sysmatec","isPartOf":{"@id":"https:\/\/sysmatec.ch\/de\/#website"},"primaryImageOfPage":{"@id":"https:\/\/sysmatec.ch\/de\/produit\/personenwaage-mpk-mpl\/#primaryimage"},"image":{"@id":"https:\/\/sysmatec.ch\/de\/produit\/personenwaage-mpk-mpl\/#primaryimage"},"thumbnailUrl":"https:\/\/sysmatec.ch\/wp-content\/uploads\/2021\/04\/Balance_MPK-200K-1P-scaled.jpg","datePublished":"2021-04-10T08:46:46+00:00","dateModified":"2021-11-21T20:09:26+00:00","description":"Medizinische Patientenwaage mit gro\u00dfer Plattform und erh\u00f6htem Display. MPL-Version mit BMI-Berechnung (Body-Mass-Index).","breadcrumb":{"@id":"https:\/\/sysmatec.ch\/de\/produit\/personenwaage-mpk-mpl\/#breadcrumb"},"inLanguage":"de","potentialAction":[{"@type":"ReadAction","target":["https:\/\/sysmatec.ch\/de\/produit\/personenwaage-mpk-mpl\/"]}]},{"@type":"ImageObject","inLanguage":"de","@id":"https:\/\/sysmatec.ch\/de\/produit\/personenwaage-mpk-mpl\/#primaryimage","url":"https:\/\/sysmatec.ch\/wp-content\/uploads\/2021\/04\/Balance_MPK-200K-1P-scaled.jpg","contentUrl":"https:\/\/sysmatec.ch\/wp-content\/uploads\/2021\/04\/Balance_MPK-200K-1P-scaled.jpg","width":1270,"height":2560},{"@type":"BreadcrumbList","@id":"https:\/\/sysmatec.ch\/de\/produit\/personenwaage-mpk-mpl\/#breadcrumb","itemListElement":[{"@type":"ListItem","position":1,"name":"Accueil","item":"https:\/\/sysmatec.ch\/de\/"},{"@type":"ListItem","position":2,"name":"Die Aktivit\u00e4t von Sysmatec","item":"https:\/\/sysmatec.ch\/de\/"},{"@type":"ListItem","position":3,"name":"Personenwaage MPK\/MPL"}]},{"@type":"WebSite","@id":"https:\/\/sysmatec.ch\/de\/#website","url":"https:\/\/sysmatec.ch\/de\/","name":"Sysmatec","description":"Equipement de laboratoire et logiciels","publisher":{"@id":"https:\/\/sysmatec.ch\/de\/#organization"},"potentialAction":[{"@type":"SearchAction","target":{"@type":"EntryPoint","urlTemplate":"https:\/\/sysmatec.ch\/de\/?s={search_term_string}"},"query-input":{"@type":"PropertyValueSpecification","valueRequired":true,"valueName":"search_term_string"}}],"inLanguage":"de"},{"@type":"Organization","@id":"https:\/\/sysmatec.ch\/de\/#organization","name":"Sysmatec","url":"https:\/\/sysmatec.ch\/de\/","logo":{"@type":"ImageObject","inLanguage":"de","@id":"https:\/\/sysmatec.ch\/de\/#\/schema\/logo\/image\/","url":"https:\/\/sysmatec.ch\/wp-content\/uploads\/2018\/11\/LogoSysmatec.jpg","contentUrl":"https:\/\/sysmatec.ch\/wp-content\/uploads\/2018\/11\/LogoSysmatec.jpg","width":301,"height":297,"caption":"Sysmatec"},"image":{"@id":"https:\/\/sysmatec.ch\/de\/#\/schema\/logo\/image\/"}}]}},"_links":{"self":[{"href":"https:\/\/sysmatec.ch\/de\/wp-json\/wp\/v2\/product\/24977","targetHints":{"allow":["GET"]}}],"collection":[{"href":"https:\/\/sysmatec.ch\/de\/wp-json\/wp\/v2\/product"}],"about":[{"href":"https:\/\/sysmatec.ch\/de\/wp-json\/wp\/v2\/types\/product"}],"wp:featuredmedia":[{"embeddable":true,"href":"https:\/\/sysmatec.ch\/de\/wp-json\/wp\/v2\/media\/24986"}],"wp:attachment":[{"href":"https:\/\/sysmatec.ch\/de\/wp-json\/wp\/v2\/media?parent=24977"}],"wp:term":[{"taxonomy":"product_brand","embeddable":true,"href":"https:\/\/sysmatec.ch\/de\/wp-json\/wp\/v2\/product_brand?post=24977"},{"taxonomy":"product_cat","embeddable":true,"href":"https:\/\/sysmatec.ch\/de\/wp-json\/wp\/v2\/product_cat?post=24977"},{"taxonomy":"product_tag","embeddable":true,"href":"https:\/\/sysmatec.ch\/de\/wp-json\/wp\/v2\/product_tag?post=24977"}],"curies":[{"name":"wp","href":"https:\/\/api.w.org\/{rel}","templated":true}]}}