{"id":2496,"date":"2019-01-02T19:17:04","date_gmt":"2019-01-02T18:17:04","guid":{"rendered":"https:\/\/sysmatec.ch\/produit\/agitateur-magnetique-ika-topolino\/"},"modified":"2022-03-12T18:48:24","modified_gmt":"2022-03-12T17:48:24","slug":"magnetruehrer-ika-topolino","status":"publish","type":"product","link":"https:\/\/sysmatec.ch\/de\/Produkt\/magnetruehrer-ika-topolino\/","title":{"rendered":"Magnetr\u00fchrer IKA Topolino"},"content":{"rendered":"<p>Besonders g\u00fcnstiger Kleinstmagnetr\u00fchrer f\u00fcr R\u00fchrmengen bis zu 250 ml.<\/p>\n<p>Langlebiger, b\u00fcrstenloser Motor<\/p>\n<p>Stufenlos einstellbarer Drehzahlbereich<\/p>\n<p>Gute Magnetanbindung<\/p>\n<p>Technische Daten<\/p>\n<ul>\n<li type=\"disc\">R\u00fchrstellenanzahl: 1<\/li>\n<li type=\"disc\">R\u00fchrmenge max. (H2O): 0.25 l<\/li>\n<li type=\"disc\">Motorleistung Aufnahme: 1 W<\/li>\n<li type=\"disc\">Motorleistung Abgabe: 0.8 W<\/li>\n<li type=\"disc\">Drehzahlbereich: 300 &#8211; 1800 rpm<\/li>\n<li type=\"disc\">R\u00fchrst\u00e4bchenl\u00e4nge: max. 30 mm<\/li>\n<li type=\"disc\">Einstellm\u00f6glichkeit: Drehzahl Stufenlos<\/li>\n<li type=\"disc\">Aufstellfl\u00e4che Werkstoff Kunststoff (PP)<\/li>\n<li type=\"disc\">Aufstellfl\u00e4che: Abmessungen \u00d8 80 mm<\/li>\n<li type=\"disc\">Abmessungen (B x H x T): 95 x 37 x 115 mm<\/li>\n<li type=\"disc\">Gewicht: 0.32 kg<\/li>\n<li type=\"disc\">Zul\u00e4ssiger Umgebungstemperaturbereich: 5 &#8211; 40 \u00b0C<\/li>\n<li type=\"disc\">Zul\u00e4ssige Relative Feuchte: 80 %<\/li>\n<li type=\"disc\">Schutzart nach DIN EN 60529: IP 21<\/li>\n<li type=\"disc\">RS 232 Schnittstelle: nein<\/li>\n<li type=\"disc\">Analogausgang: nein<\/li>\n<li type=\"disc\">Spannung: 100 &#8211; 240 V, 50\/60 Hz<\/li>\n<li type=\"disc\">Ger\u00e4teaufnahmeleistung: 10 W<\/li>\n<\/ul>\n","protected":false},"excerpt":{"rendered":"<p>Magnetr\u00fchrer, Max 250 mL<\/p>\n","protected":false},"featured_media":1067,"template":"","meta":{"_crdt_document":""},"product_brand":[],"product_cat":[161,87],"product_tag":[],"class_list":{"0":"post-2496","1":"product","2":"type-product","3":"status-publish","4":"has-post-thumbnail","6":"product_cat-magnet","7":"product_cat-ruehren","9":"first","10":"instock","11":"taxable","12":"shipping-taxable","13":"purchasable","14":"product-type-simple"},"yoast_head":"<!-- This site is optimized with the Yoast SEO plugin v27.4 - https:\/\/yoast.com\/product\/yoast-seo-wordpress\/ -->\n<title>Magnetr\u00fchrer IKA Topolino - Sysmatec<\/title>\n<meta name=\"description\" content=\"Kompakter Magnetr\u00fchrer mit einem Fassungsverm\u00f6gen von 0,25 L. R\u00fchrgeschwindigkeiten von 300 bis 1800 U\/min. Mit einer Kunststoffplatte versehen.\" \/>\n<meta name=\"robots\" content=\"index, follow, max-snippet:-1, max-image-preview:large, max-video-preview:-1\" \/>\n<link rel=\"canonical\" href=\"https:\/\/sysmatec.ch\/de\/produit\/magnetruehrer-ika-topolino\/\" \/>\n<meta property=\"og:locale\" content=\"de_DE\" \/>\n<meta property=\"og:type\" content=\"article\" \/>\n<meta property=\"og:title\" content=\"Magnetr\u00fchrer IKA Topolino - Sysmatec\" \/>\n<meta property=\"og:description\" content=\"Kompakter Magnetr\u00fchrer mit einem Fassungsverm\u00f6gen von 0,25 L. R\u00fchrgeschwindigkeiten von 300 bis 1800 U\/min. Mit einer Kunststoffplatte versehen.\" \/>\n<meta property=\"og:url\" content=\"https:\/\/sysmatec.ch\/de\/produit\/magnetruehrer-ika-topolino\/\" \/>\n<meta property=\"og:site_name\" content=\"Sysmatec\" \/>\n<meta property=\"article:modified_time\" content=\"2022-03-12T17:48:24+00:00\" \/>\n<meta property=\"og:image\" content=\"https:\/\/sysmatec.ch\/wp-content\/uploads\/2019\/01\/Agitateur_IKATopolino.jpg\" \/>\n\t<meta property=\"og:image:width\" content=\"191\" \/>\n\t<meta property=\"og:image:height\" content=\"191\" \/>\n\t<meta property=\"og:image:type\" content=\"image\/jpeg\" \/>\n<meta name=\"twitter:card\" content=\"summary_large_image\" \/>\n<script type=\"application\/ld+json\" class=\"yoast-schema-graph\">{\"@context\":\"https:\\\/\\\/schema.org\",\"@graph\":[{\"@type\":\"WebPage\",\"@id\":\"https:\\\/\\\/sysmatec.ch\\\/de\\\/produit\\\/magnetruehrer-ika-topolino\\\/\",\"url\":\"https:\\\/\\\/sysmatec.ch\\\/de\\\/produit\\\/magnetruehrer-ika-topolino\\\/\",\"name\":\"Magnetr\u00fchrer IKA Topolino - Sysmatec\",\"isPartOf\":{\"@id\":\"https:\\\/\\\/sysmatec.ch\\\/de\\\/#website\"},\"primaryImageOfPage\":{\"@id\":\"https:\\\/\\\/sysmatec.ch\\\/de\\\/produit\\\/magnetruehrer-ika-topolino\\\/#primaryimage\"},\"image\":{\"@id\":\"https:\\\/\\\/sysmatec.ch\\\/de\\\/produit\\\/magnetruehrer-ika-topolino\\\/#primaryimage\"},\"thumbnailUrl\":\"https:\\\/\\\/sysmatec.ch\\\/wp-content\\\/uploads\\\/2019\\\/01\\\/Agitateur_IKATopolino.jpg\",\"datePublished\":\"2019-01-02T18:17:04+00:00\",\"dateModified\":\"2022-03-12T17:48:24+00:00\",\"description\":\"Kompakter Magnetr\u00fchrer mit einem Fassungsverm\u00f6gen von 0,25 L. R\u00fchrgeschwindigkeiten von 300 bis 1800 U\\\/min. Mit einer Kunststoffplatte versehen.\",\"breadcrumb\":{\"@id\":\"https:\\\/\\\/sysmatec.ch\\\/de\\\/produit\\\/magnetruehrer-ika-topolino\\\/#breadcrumb\"},\"inLanguage\":\"de\",\"potentialAction\":[{\"@type\":\"ReadAction\",\"target\":[\"https:\\\/\\\/sysmatec.ch\\\/de\\\/produit\\\/magnetruehrer-ika-topolino\\\/\"]}]},{\"@type\":\"ImageObject\",\"inLanguage\":\"de\",\"@id\":\"https:\\\/\\\/sysmatec.ch\\\/de\\\/produit\\\/magnetruehrer-ika-topolino\\\/#primaryimage\",\"url\":\"https:\\\/\\\/sysmatec.ch\\\/wp-content\\\/uploads\\\/2019\\\/01\\\/Agitateur_IKATopolino.jpg\",\"contentUrl\":\"https:\\\/\\\/sysmatec.ch\\\/wp-content\\\/uploads\\\/2019\\\/01\\\/Agitateur_IKATopolino.jpg\",\"width\":191,\"height\":191},{\"@type\":\"BreadcrumbList\",\"@id\":\"https:\\\/\\\/sysmatec.ch\\\/de\\\/produit\\\/magnetruehrer-ika-topolino\\\/#breadcrumb\",\"itemListElement\":[{\"@type\":\"ListItem\",\"position\":1,\"name\":\"Accueil\",\"item\":\"https:\\\/\\\/sysmatec.ch\\\/de\\\/\"},{\"@type\":\"ListItem\",\"position\":2,\"name\":\"Die Aktivit\u00e4t von Sysmatec\",\"item\":\"https:\\\/\\\/sysmatec.ch\\\/de\\\/\"},{\"@type\":\"ListItem\",\"position\":3,\"name\":\"Magnetr\u00fchrer IKA Topolino\"}]},{\"@type\":\"WebSite\",\"@id\":\"https:\\\/\\\/sysmatec.ch\\\/de\\\/#website\",\"url\":\"https:\\\/\\\/sysmatec.ch\\\/de\\\/\",\"name\":\"Sysmatec\",\"description\":\"Equipement de laboratoire et logiciels\",\"publisher\":{\"@id\":\"https:\\\/\\\/sysmatec.ch\\\/de\\\/#organization\"},\"potentialAction\":[{\"@type\":\"SearchAction\",\"target\":{\"@type\":\"EntryPoint\",\"urlTemplate\":\"https:\\\/\\\/sysmatec.ch\\\/de\\\/?s={search_term_string}\"},\"query-input\":{\"@type\":\"PropertyValueSpecification\",\"valueRequired\":true,\"valueName\":\"search_term_string\"}}],\"inLanguage\":\"de\"},{\"@type\":\"Organization\",\"@id\":\"https:\\\/\\\/sysmatec.ch\\\/de\\\/#organization\",\"name\":\"Sysmatec\",\"url\":\"https:\\\/\\\/sysmatec.ch\\\/de\\\/\",\"logo\":{\"@type\":\"ImageObject\",\"inLanguage\":\"de\",\"@id\":\"https:\\\/\\\/sysmatec.ch\\\/de\\\/#\\\/schema\\\/logo\\\/image\\\/\",\"url\":\"https:\\\/\\\/sysmatec.ch\\\/wp-content\\\/uploads\\\/2018\\\/11\\\/LogoSysmatec.jpg\",\"contentUrl\":\"https:\\\/\\\/sysmatec.ch\\\/wp-content\\\/uploads\\\/2018\\\/11\\\/LogoSysmatec.jpg\",\"width\":301,\"height\":297,\"caption\":\"Sysmatec\"},\"image\":{\"@id\":\"https:\\\/\\\/sysmatec.ch\\\/de\\\/#\\\/schema\\\/logo\\\/image\\\/\"}}]}<\/script>\n<!-- \/ Yoast SEO plugin. -->","yoast_head_json":{"title":"Magnetr\u00fchrer IKA Topolino - Sysmatec","description":"Kompakter Magnetr\u00fchrer mit einem Fassungsverm\u00f6gen von 0,25 L. R\u00fchrgeschwindigkeiten von 300 bis 1800 U\/min. Mit einer Kunststoffplatte versehen.","robots":{"index":"index","follow":"follow","max-snippet":"max-snippet:-1","max-image-preview":"max-image-preview:large","max-video-preview":"max-video-preview:-1"},"canonical":"https:\/\/sysmatec.ch\/de\/produit\/magnetruehrer-ika-topolino\/","og_locale":"de_DE","og_type":"article","og_title":"Magnetr\u00fchrer IKA Topolino - Sysmatec","og_description":"Kompakter Magnetr\u00fchrer mit einem Fassungsverm\u00f6gen von 0,25 L. R\u00fchrgeschwindigkeiten von 300 bis 1800 U\/min. Mit einer Kunststoffplatte versehen.","og_url":"https:\/\/sysmatec.ch\/de\/produit\/magnetruehrer-ika-topolino\/","og_site_name":"Sysmatec","article_modified_time":"2022-03-12T17:48:24+00:00","og_image":[{"width":191,"height":191,"url":"https:\/\/sysmatec.ch\/wp-content\/uploads\/2019\/01\/Agitateur_IKATopolino.jpg","type":"image\/jpeg"}],"twitter_card":"summary_large_image","schema":{"@context":"https:\/\/schema.org","@graph":[{"@type":"WebPage","@id":"https:\/\/sysmatec.ch\/de\/produit\/magnetruehrer-ika-topolino\/","url":"https:\/\/sysmatec.ch\/de\/produit\/magnetruehrer-ika-topolino\/","name":"Magnetr\u00fchrer IKA Topolino - Sysmatec","isPartOf":{"@id":"https:\/\/sysmatec.ch\/de\/#website"},"primaryImageOfPage":{"@id":"https:\/\/sysmatec.ch\/de\/produit\/magnetruehrer-ika-topolino\/#primaryimage"},"image":{"@id":"https:\/\/sysmatec.ch\/de\/produit\/magnetruehrer-ika-topolino\/#primaryimage"},"thumbnailUrl":"https:\/\/sysmatec.ch\/wp-content\/uploads\/2019\/01\/Agitateur_IKATopolino.jpg","datePublished":"2019-01-02T18:17:04+00:00","dateModified":"2022-03-12T17:48:24+00:00","description":"Kompakter Magnetr\u00fchrer mit einem Fassungsverm\u00f6gen von 0,25 L. R\u00fchrgeschwindigkeiten von 300 bis 1800 U\/min. Mit einer Kunststoffplatte versehen.","breadcrumb":{"@id":"https:\/\/sysmatec.ch\/de\/produit\/magnetruehrer-ika-topolino\/#breadcrumb"},"inLanguage":"de","potentialAction":[{"@type":"ReadAction","target":["https:\/\/sysmatec.ch\/de\/produit\/magnetruehrer-ika-topolino\/"]}]},{"@type":"ImageObject","inLanguage":"de","@id":"https:\/\/sysmatec.ch\/de\/produit\/magnetruehrer-ika-topolino\/#primaryimage","url":"https:\/\/sysmatec.ch\/wp-content\/uploads\/2019\/01\/Agitateur_IKATopolino.jpg","contentUrl":"https:\/\/sysmatec.ch\/wp-content\/uploads\/2019\/01\/Agitateur_IKATopolino.jpg","width":191,"height":191},{"@type":"BreadcrumbList","@id":"https:\/\/sysmatec.ch\/de\/produit\/magnetruehrer-ika-topolino\/#breadcrumb","itemListElement":[{"@type":"ListItem","position":1,"name":"Accueil","item":"https:\/\/sysmatec.ch\/de\/"},{"@type":"ListItem","position":2,"name":"Die Aktivit\u00e4t von Sysmatec","item":"https:\/\/sysmatec.ch\/de\/"},{"@type":"ListItem","position":3,"name":"Magnetr\u00fchrer IKA Topolino"}]},{"@type":"WebSite","@id":"https:\/\/sysmatec.ch\/de\/#website","url":"https:\/\/sysmatec.ch\/de\/","name":"Sysmatec","description":"Equipement de laboratoire et logiciels","publisher":{"@id":"https:\/\/sysmatec.ch\/de\/#organization"},"potentialAction":[{"@type":"SearchAction","target":{"@type":"EntryPoint","urlTemplate":"https:\/\/sysmatec.ch\/de\/?s={search_term_string}"},"query-input":{"@type":"PropertyValueSpecification","valueRequired":true,"valueName":"search_term_string"}}],"inLanguage":"de"},{"@type":"Organization","@id":"https:\/\/sysmatec.ch\/de\/#organization","name":"Sysmatec","url":"https:\/\/sysmatec.ch\/de\/","logo":{"@type":"ImageObject","inLanguage":"de","@id":"https:\/\/sysmatec.ch\/de\/#\/schema\/logo\/image\/","url":"https:\/\/sysmatec.ch\/wp-content\/uploads\/2018\/11\/LogoSysmatec.jpg","contentUrl":"https:\/\/sysmatec.ch\/wp-content\/uploads\/2018\/11\/LogoSysmatec.jpg","width":301,"height":297,"caption":"Sysmatec"},"image":{"@id":"https:\/\/sysmatec.ch\/de\/#\/schema\/logo\/image\/"}}]}},"_links":{"self":[{"href":"https:\/\/sysmatec.ch\/de\/wp-json\/wp\/v2\/product\/2496","targetHints":{"allow":["GET"]}}],"collection":[{"href":"https:\/\/sysmatec.ch\/de\/wp-json\/wp\/v2\/product"}],"about":[{"href":"https:\/\/sysmatec.ch\/de\/wp-json\/wp\/v2\/types\/product"}],"wp:featuredmedia":[{"embeddable":true,"href":"https:\/\/sysmatec.ch\/de\/wp-json\/wp\/v2\/media\/1067"}],"wp:attachment":[{"href":"https:\/\/sysmatec.ch\/de\/wp-json\/wp\/v2\/media?parent=2496"}],"wp:term":[{"taxonomy":"product_brand","embeddable":true,"href":"https:\/\/sysmatec.ch\/de\/wp-json\/wp\/v2\/product_brand?post=2496"},{"taxonomy":"product_cat","embeddable":true,"href":"https:\/\/sysmatec.ch\/de\/wp-json\/wp\/v2\/product_cat?post=2496"},{"taxonomy":"product_tag","embeddable":true,"href":"https:\/\/sysmatec.ch\/de\/wp-json\/wp\/v2\/product_tag?post=2496"}],"curies":[{"name":"wp","href":"https:\/\/api.w.org\/{rel}","templated":true}]}}