{"id":24911,"date":"2021-04-09T14:40:35","date_gmt":"2021-04-09T12:40:36","guid":{"rendered":"https:\/\/sysmatec.ch\/?post_type=product&#038;p=24911"},"modified":"2021-11-21T21:18:51","modified_gmt":"2021-11-21T20:18:51","slug":"personenwaage-kern-mps","status":"publish","type":"product","link":"https:\/\/sysmatec.ch\/de\/Produkt\/personenwaage-kern-mps\/","title":{"rendered":"Personenwaage KERN MPS"},"content":{"rendered":"<ul>\n<li>Eichklasse III (<a>Eichung<\/a>\u00a0optional)<\/li>\n<li>Medizinzulassung nach 93\/42\/EWG<\/li>\n<li>Praktische Zweitanzeige an der Waagenr\u00fcckseite, dadurch bequem vom Patienten und dem Arzt oder Pflegepersonal ablesbar<\/li>\n<li>Das Modell MPE-HM verf\u00fcgt \u00fcber einen elegant im Stativ integrierten, ausziehbaren Gr\u00f6\u00dfenmessstab, mit einem Kopfanschlag aus Kunststoff und einem Messbereich von 88 &#8211; 205 cm<\/li>\n<li>Die ergonomisch optimierte Bauform und die robuste Ausf\u00fchrung pr\u00e4destinieren diese Serie f\u00fcr den t\u00e4glichen Gebrauch im professionellen Umfeld<\/li>\n<li>Hygienisch und leicht zu reinigen<\/li>\n<li>Sicheres und rutschfreies Aufstellen durch h\u00f6henverstellbare Gummif\u00fc\u00dfe<\/li>\n<li>Libelle zum exakten\u00a0<a>Nivellieren<\/a>\u00a0der Waage serienm\u00e4\u00dfig<\/li>\n<li>Gro\u00dfe Trittfl\u00e4che mit rutschfreier und abriebfester Oberfl\u00e4che aus Kunststoff, f\u00fcr optimale Standsicherheit des Patienten<\/li>\n<li><a>Hold-Funktion<\/a>: Bei unruhig stehenden Patienten wird \u00fcber Mittelwertbildung ein stabiler W\u00e4gewert ermittelt und \u201eeingefroren\u201c. So bleibt gen\u00fcgend Zeit, sich dem Patienten zu widmen und anschlie\u00dfend in Ruhe den W\u00e4gewert abzulesen<\/li>\n<li>Mutter-Kind-Funktion: das durch W\u00e4gung ermittelte Gewicht der Mutter wird per Knopfdruck auf Null gestellt. Anschlie\u00dfend werden Mutter und Kind gemeinsam gewogen. Das Gewicht des Kindes wird nun direkt im Display angezeigt. Besonders angenehm f\u00fcr Kleinkinder, die dadurch sicher und geborgen auf dem Arm der Mutter gewogen werden k\u00f6nnen<\/li>\n<li>BMI-Funktion zur Ermittlung von Untergewicht\/Normalgewicht\/\u00dcbergewicht<\/li>\n<li>Bequem zu transportieren dank der beiden integrierten Transportrollen<\/li>\n<li>Feinanzeige: durch Tastendruck kann die\u00a0<a>Ablesbarkeit [d]<\/a>\u00a0f\u00fcr 5 Sekunden um 1 Stelle erh\u00f6ht werden<\/li>\n<li>Batterie- und Netzbetrieb m\u00f6glich, Akkubetrieb optional<\/li>\n<li>In den meisten L\u00e4nder ist bei Waagen mit Zweckbestimmung als Medizinprodukt die <a>Eichung<\/a>\u00a0gesetzlich vorgeschrieben, bitte gleich mitbestellen. Hierzu ben\u00f6tigen wir Aufstellungsort und PLZ.<\/li>\n<\/ul>\n<table border=\"1\" width=\"437\" cellspacing=\"0\" cellpadding=\"2\">\n<tbody>\n<tr>\n<td>Waage Model<\/td>\n<td width=\"10%\">Ablesbarkeit<\/td>\n<td width=\"10%\">W\u00e4gebereich<\/td>\n<\/tr>\n<tr>\n<td><\/td>\n<td width=\"10%\">kg<\/td>\n<td width=\"10%\">kg<\/td>\n<\/tr>\n<tr>\n<td>MPS 200K100M<\/td>\n<td width=\"10%\">0.1<\/td>\n<td width=\"10%\">200<\/td>\n<\/tr>\n<tr>\n<td>MPS 200K100PM<\/td>\n<td width=\"10%\">0.1<\/td>\n<td width=\"10%\">200<\/td>\n<\/tr>\n<\/tbody>\n<\/table>\n","protected":false},"excerpt":{"rendered":"<p><span class=\"VIiyi\" lang=\"de\"><span class=\"JLqJ4b ChMk0b\" data-language-for-alternatives=\"de\" data-language-to-translate-into=\"fr\" data-phrase-index=\"0\">Mobile Personenwaage mit Batteriebetrieb und BMI-Funktion sowie Kalibrierung und \u00e4rztliche Zulassung f\u00fcr den professionellen Einsatz im Bereich der medizinischen Diagnostik. Gr\u00f6\u00dfenmessstab als Option.<\/span><\/span><\/p>\n","protected":false},"featured_media":24923,"template":"","meta":{"_crdt_document":""},"product_brand":[],"product_cat":[165,330],"product_tag":[],"class_list":{"0":"post-24911","1":"product","2":"type-product","3":"status-publish","4":"has-post-thumbnail","6":"product_cat-gewicht","7":"product_cat-medizinisch","9":"first","10":"instock","11":"taxable","12":"shipping-taxable","13":"purchasable","14":"product-type-variable"},"yoast_head":"<!-- This site is optimized with the Yoast SEO plugin v27.3 - https:\/\/yoast.com\/product\/yoast-seo-wordpress\/ -->\n<title>Personenwaage KERN MPS - Sysmatec<\/title>\n<meta name=\"description\" content=\"Medizinische Patientenwaage mit gro\u00dfer Plattform und erh\u00f6htem Display. Diese Skala bestimmt den BMI (Body-Mass-Index).\" \/>\n<meta name=\"robots\" content=\"index, follow, max-snippet:-1, max-image-preview:large, max-video-preview:-1\" \/>\n<link rel=\"canonical\" href=\"https:\/\/sysmatec.ch\/de\/produit\/personenwaage-kern-mps\/\" \/>\n<meta property=\"og:locale\" content=\"de_DE\" \/>\n<meta property=\"og:type\" content=\"article\" \/>\n<meta property=\"og:title\" content=\"Personenwaage KERN MPS - Sysmatec\" \/>\n<meta property=\"og:description\" content=\"Medizinische Patientenwaage mit gro\u00dfer Plattform und erh\u00f6htem Display. Diese Skala bestimmt den BMI (Body-Mass-Index).\" \/>\n<meta property=\"og:url\" content=\"https:\/\/sysmatec.ch\/de\/produit\/personenwaage-kern-mps\/\" \/>\n<meta property=\"og:site_name\" content=\"Sysmatec\" \/>\n<meta property=\"article:modified_time\" content=\"2021-11-21T20:18:51+00:00\" \/>\n<meta property=\"og:image\" content=\"https:\/\/sysmatec.ch\/wp-content\/uploads\/2021\/04\/Balance_MPS-200K100PM-scaled.jpg\" \/>\n\t<meta property=\"og:image:width\" content=\"1201\" \/>\n\t<meta property=\"og:image:height\" content=\"2560\" \/>\n\t<meta property=\"og:image:type\" content=\"image\/jpeg\" \/>\n<meta name=\"twitter:card\" content=\"summary_large_image\" \/>\n<meta name=\"twitter:label1\" content=\"Gesch\u00e4tzte Lesezeit\" \/>\n\t<meta name=\"twitter:data1\" content=\"2\u00a0Minuten\" \/>\n<script type=\"application\/ld+json\" class=\"yoast-schema-graph\">{\"@context\":\"https:\\\/\\\/schema.org\",\"@graph\":[{\"@type\":\"WebPage\",\"@id\":\"https:\\\/\\\/sysmatec.ch\\\/de\\\/produit\\\/personenwaage-kern-mps\\\/\",\"url\":\"https:\\\/\\\/sysmatec.ch\\\/de\\\/produit\\\/personenwaage-kern-mps\\\/\",\"name\":\"Personenwaage KERN MPS - Sysmatec\",\"isPartOf\":{\"@id\":\"https:\\\/\\\/sysmatec.ch\\\/de\\\/#website\"},\"primaryImageOfPage\":{\"@id\":\"https:\\\/\\\/sysmatec.ch\\\/de\\\/produit\\\/personenwaage-kern-mps\\\/#primaryimage\"},\"image\":{\"@id\":\"https:\\\/\\\/sysmatec.ch\\\/de\\\/produit\\\/personenwaage-kern-mps\\\/#primaryimage\"},\"thumbnailUrl\":\"https:\\\/\\\/sysmatec.ch\\\/wp-content\\\/uploads\\\/2021\\\/04\\\/Balance_MPS-200K100PM-scaled.jpg\",\"datePublished\":\"2021-04-09T12:40:36+00:00\",\"dateModified\":\"2021-11-21T20:18:51+00:00\",\"description\":\"Medizinische Patientenwaage mit gro\u00dfer Plattform und erh\u00f6htem Display. Diese Skala bestimmt den BMI (Body-Mass-Index).\",\"breadcrumb\":{\"@id\":\"https:\\\/\\\/sysmatec.ch\\\/de\\\/produit\\\/personenwaage-kern-mps\\\/#breadcrumb\"},\"inLanguage\":\"de\",\"potentialAction\":[{\"@type\":\"ReadAction\",\"target\":[\"https:\\\/\\\/sysmatec.ch\\\/de\\\/produit\\\/personenwaage-kern-mps\\\/\"]}]},{\"@type\":\"ImageObject\",\"inLanguage\":\"de\",\"@id\":\"https:\\\/\\\/sysmatec.ch\\\/de\\\/produit\\\/personenwaage-kern-mps\\\/#primaryimage\",\"url\":\"https:\\\/\\\/sysmatec.ch\\\/wp-content\\\/uploads\\\/2021\\\/04\\\/Balance_MPS-200K100PM-scaled.jpg\",\"contentUrl\":\"https:\\\/\\\/sysmatec.ch\\\/wp-content\\\/uploads\\\/2021\\\/04\\\/Balance_MPS-200K100PM-scaled.jpg\",\"width\":1201,\"height\":2560},{\"@type\":\"BreadcrumbList\",\"@id\":\"https:\\\/\\\/sysmatec.ch\\\/de\\\/produit\\\/personenwaage-kern-mps\\\/#breadcrumb\",\"itemListElement\":[{\"@type\":\"ListItem\",\"position\":1,\"name\":\"Accueil\",\"item\":\"https:\\\/\\\/sysmatec.ch\\\/de\\\/\"},{\"@type\":\"ListItem\",\"position\":2,\"name\":\"Die Aktivit\u00e4t von Sysmatec\",\"item\":\"https:\\\/\\\/sysmatec.ch\\\/de\\\/\"},{\"@type\":\"ListItem\",\"position\":3,\"name\":\"Personenwaage KERN MPS\"}]},{\"@type\":\"WebSite\",\"@id\":\"https:\\\/\\\/sysmatec.ch\\\/de\\\/#website\",\"url\":\"https:\\\/\\\/sysmatec.ch\\\/de\\\/\",\"name\":\"Sysmatec\",\"description\":\"Equipement de laboratoire et logiciels\",\"publisher\":{\"@id\":\"https:\\\/\\\/sysmatec.ch\\\/de\\\/#organization\"},\"potentialAction\":[{\"@type\":\"SearchAction\",\"target\":{\"@type\":\"EntryPoint\",\"urlTemplate\":\"https:\\\/\\\/sysmatec.ch\\\/de\\\/?s={search_term_string}\"},\"query-input\":{\"@type\":\"PropertyValueSpecification\",\"valueRequired\":true,\"valueName\":\"search_term_string\"}}],\"inLanguage\":\"de\"},{\"@type\":\"Organization\",\"@id\":\"https:\\\/\\\/sysmatec.ch\\\/de\\\/#organization\",\"name\":\"Sysmatec\",\"url\":\"https:\\\/\\\/sysmatec.ch\\\/de\\\/\",\"logo\":{\"@type\":\"ImageObject\",\"inLanguage\":\"de\",\"@id\":\"https:\\\/\\\/sysmatec.ch\\\/de\\\/#\\\/schema\\\/logo\\\/image\\\/\",\"url\":\"https:\\\/\\\/sysmatec.ch\\\/wp-content\\\/uploads\\\/2018\\\/11\\\/LogoSysmatec.jpg\",\"contentUrl\":\"https:\\\/\\\/sysmatec.ch\\\/wp-content\\\/uploads\\\/2018\\\/11\\\/LogoSysmatec.jpg\",\"width\":301,\"height\":297,\"caption\":\"Sysmatec\"},\"image\":{\"@id\":\"https:\\\/\\\/sysmatec.ch\\\/de\\\/#\\\/schema\\\/logo\\\/image\\\/\"}}]}<\/script>\n<!-- \/ Yoast SEO plugin. -->","yoast_head_json":{"title":"Personenwaage KERN MPS - Sysmatec","description":"Medizinische Patientenwaage mit gro\u00dfer Plattform und erh\u00f6htem Display. Diese Skala bestimmt den BMI (Body-Mass-Index).","robots":{"index":"index","follow":"follow","max-snippet":"max-snippet:-1","max-image-preview":"max-image-preview:large","max-video-preview":"max-video-preview:-1"},"canonical":"https:\/\/sysmatec.ch\/de\/produit\/personenwaage-kern-mps\/","og_locale":"de_DE","og_type":"article","og_title":"Personenwaage KERN MPS - Sysmatec","og_description":"Medizinische Patientenwaage mit gro\u00dfer Plattform und erh\u00f6htem Display. Diese Skala bestimmt den BMI (Body-Mass-Index).","og_url":"https:\/\/sysmatec.ch\/de\/produit\/personenwaage-kern-mps\/","og_site_name":"Sysmatec","article_modified_time":"2021-11-21T20:18:51+00:00","og_image":[{"width":1201,"height":2560,"url":"https:\/\/sysmatec.ch\/wp-content\/uploads\/2021\/04\/Balance_MPS-200K100PM-scaled.jpg","type":"image\/jpeg"}],"twitter_card":"summary_large_image","twitter_misc":{"Gesch\u00e4tzte Lesezeit":"2\u00a0Minuten"},"schema":{"@context":"https:\/\/schema.org","@graph":[{"@type":"WebPage","@id":"https:\/\/sysmatec.ch\/de\/produit\/personenwaage-kern-mps\/","url":"https:\/\/sysmatec.ch\/de\/produit\/personenwaage-kern-mps\/","name":"Personenwaage KERN MPS - Sysmatec","isPartOf":{"@id":"https:\/\/sysmatec.ch\/de\/#website"},"primaryImageOfPage":{"@id":"https:\/\/sysmatec.ch\/de\/produit\/personenwaage-kern-mps\/#primaryimage"},"image":{"@id":"https:\/\/sysmatec.ch\/de\/produit\/personenwaage-kern-mps\/#primaryimage"},"thumbnailUrl":"https:\/\/sysmatec.ch\/wp-content\/uploads\/2021\/04\/Balance_MPS-200K100PM-scaled.jpg","datePublished":"2021-04-09T12:40:36+00:00","dateModified":"2021-11-21T20:18:51+00:00","description":"Medizinische Patientenwaage mit gro\u00dfer Plattform und erh\u00f6htem Display. Diese Skala bestimmt den BMI (Body-Mass-Index).","breadcrumb":{"@id":"https:\/\/sysmatec.ch\/de\/produit\/personenwaage-kern-mps\/#breadcrumb"},"inLanguage":"de","potentialAction":[{"@type":"ReadAction","target":["https:\/\/sysmatec.ch\/de\/produit\/personenwaage-kern-mps\/"]}]},{"@type":"ImageObject","inLanguage":"de","@id":"https:\/\/sysmatec.ch\/de\/produit\/personenwaage-kern-mps\/#primaryimage","url":"https:\/\/sysmatec.ch\/wp-content\/uploads\/2021\/04\/Balance_MPS-200K100PM-scaled.jpg","contentUrl":"https:\/\/sysmatec.ch\/wp-content\/uploads\/2021\/04\/Balance_MPS-200K100PM-scaled.jpg","width":1201,"height":2560},{"@type":"BreadcrumbList","@id":"https:\/\/sysmatec.ch\/de\/produit\/personenwaage-kern-mps\/#breadcrumb","itemListElement":[{"@type":"ListItem","position":1,"name":"Accueil","item":"https:\/\/sysmatec.ch\/de\/"},{"@type":"ListItem","position":2,"name":"Die Aktivit\u00e4t von Sysmatec","item":"https:\/\/sysmatec.ch\/de\/"},{"@type":"ListItem","position":3,"name":"Personenwaage KERN MPS"}]},{"@type":"WebSite","@id":"https:\/\/sysmatec.ch\/de\/#website","url":"https:\/\/sysmatec.ch\/de\/","name":"Sysmatec","description":"Equipement de laboratoire et logiciels","publisher":{"@id":"https:\/\/sysmatec.ch\/de\/#organization"},"potentialAction":[{"@type":"SearchAction","target":{"@type":"EntryPoint","urlTemplate":"https:\/\/sysmatec.ch\/de\/?s={search_term_string}"},"query-input":{"@type":"PropertyValueSpecification","valueRequired":true,"valueName":"search_term_string"}}],"inLanguage":"de"},{"@type":"Organization","@id":"https:\/\/sysmatec.ch\/de\/#organization","name":"Sysmatec","url":"https:\/\/sysmatec.ch\/de\/","logo":{"@type":"ImageObject","inLanguage":"de","@id":"https:\/\/sysmatec.ch\/de\/#\/schema\/logo\/image\/","url":"https:\/\/sysmatec.ch\/wp-content\/uploads\/2018\/11\/LogoSysmatec.jpg","contentUrl":"https:\/\/sysmatec.ch\/wp-content\/uploads\/2018\/11\/LogoSysmatec.jpg","width":301,"height":297,"caption":"Sysmatec"},"image":{"@id":"https:\/\/sysmatec.ch\/de\/#\/schema\/logo\/image\/"}}]}},"_links":{"self":[{"href":"https:\/\/sysmatec.ch\/de\/wp-json\/wp\/v2\/product\/24911","targetHints":{"allow":["GET"]}}],"collection":[{"href":"https:\/\/sysmatec.ch\/de\/wp-json\/wp\/v2\/product"}],"about":[{"href":"https:\/\/sysmatec.ch\/de\/wp-json\/wp\/v2\/types\/product"}],"wp:featuredmedia":[{"embeddable":true,"href":"https:\/\/sysmatec.ch\/de\/wp-json\/wp\/v2\/media\/24923"}],"wp:attachment":[{"href":"https:\/\/sysmatec.ch\/de\/wp-json\/wp\/v2\/media?parent=24911"}],"wp:term":[{"taxonomy":"product_brand","embeddable":true,"href":"https:\/\/sysmatec.ch\/de\/wp-json\/wp\/v2\/product_brand?post=24911"},{"taxonomy":"product_cat","embeddable":true,"href":"https:\/\/sysmatec.ch\/de\/wp-json\/wp\/v2\/product_cat?post=24911"},{"taxonomy":"product_tag","embeddable":true,"href":"https:\/\/sysmatec.ch\/de\/wp-json\/wp\/v2\/product_tag?post=24911"}],"curies":[{"name":"wp","href":"https:\/\/api.w.org\/{rel}","templated":true}]}}