{"id":2480,"date":"2019-01-02T22:37:53","date_gmt":"2019-01-02T21:37:53","guid":{"rendered":"https:\/\/sysmatec.ch\/produit\/agitateur-magnetique-mr1\/"},"modified":"2022-03-12T17:31:50","modified_gmt":"2022-03-12T16:31:50","slug":"magnetruehrer-c-mag-mr1","status":"publish","type":"product","link":"https:\/\/sysmatec.ch\/de\/Produkt\/magnetruehrer-c-mag-mr1\/","title":{"rendered":"Magnetr\u00fchrer C-MAG MR1"},"content":{"rendered":"<p>Leistungsstarke Magnetr\u00fchrer ohne Heizung.<\/p>\n<p>Flaches, standfestes Edelstahlgeh\u00e4use<\/p>\n<p>Blockierfester Motor<\/p>\n<p>Drehzahl stufenlos einstellbar<\/p>\n<p>Zeitschaltuhr 0 &#8211; 56 min mit Dauerschaltung<\/p>\n<p>Technische Daten<\/p>\n<ul>\n<li type=\"disc\">R\u00fchrstellenanzahl 1<\/li>\n<li type=\"disc\">Drehzahlanzeige LCD<\/li>\n<li type=\"disc\">R\u00fchrst\u00e4bchenl\u00e4nge max. 80 mm (Midi), 155 mm (Maxi )<\/li>\n<li type=\"disc\">Aufstellfl\u00e4che Werkstoff Edelstahl 1.4301<\/li>\n<li type=\"disc\">Zul\u00e4ssiger Umgebungstemperaturbereich 5 &#8211; 40 \u00b0C<\/li>\n<li type=\"disc\">Zul\u00e4ssige Relative Feuchte 80 %<\/li>\n<li type=\"disc\">Schutzart nach DIN EN 60529 IP 21<\/li>\n<li type=\"disc\">Spannung 230 \/ 100 &#8211; 120 \/ 100 V, 50\/60 Hz<\/li>\n<\/ul>\n<table border=\"1\" width=\"679\" cellspacing=\"2\" cellpadding=\"0\">\n<tbody>\n<tr>\n<td>Referenz<\/td>\n<td width=\"81\">R\u00fchrmenge max. (L H2O)<\/td>\n<td width=\"93\">Drehzahlbereich (rpm)<\/td>\n<td width=\"120\">Aufstellfl\u00e4che Abmessungen (mm)<\/td>\n<td width=\"105\">Abmessungen (B x H x T) (mm)<\/td>\n<td width=\"55\">Gewicht (kg)<\/td>\n<td>Ger\u00e4teaufnahmeleistung (W)<\/td>\n<\/tr>\n<tr>\n<td>Midi MR1<\/td>\n<td width=\"81\">50<\/td>\n<td width=\"93\">0 &#8211; 1000<\/td>\n<td width=\"120\">350 x 350<\/td>\n<td width=\"105\">360 x 110 x 430<\/td>\n<td width=\"55\">10.7<\/td>\n<td>70<\/td>\n<\/tr>\n<tr>\n<td>Maxi MR1<\/td>\n<td width=\"81\">150<\/td>\n<td width=\"93\">0 &#8211; 600<\/td>\n<td width=\"120\">500 x 500<\/td>\n<td width=\"105\">505 x 110 x 585<\/td>\n<td width=\"55\">16<\/td>\n<td>80<\/td>\n<\/tr>\n<\/tbody>\n<\/table>\n","protected":false},"excerpt":{"rendered":"<p>Magnetr\u00fchrer mit gro\u00dfem Fassungsverm\u00f6gen.<\/p>\n","protected":false},"featured_media":1081,"template":"","meta":{"_crdt_document":""},"product_brand":[],"product_cat":[161,87],"product_tag":[],"class_list":{"0":"post-2480","1":"product","2":"type-product","3":"status-publish","4":"has-post-thumbnail","6":"product_cat-magnet","7":"product_cat-ruehren","9":"first","10":"instock","11":"taxable","12":"shipping-taxable","13":"purchasable","14":"product-type-variable"},"yoast_head":"<!-- This site is optimized with the Yoast SEO plugin v27.3 - https:\/\/yoast.com\/product\/yoast-seo-wordpress\/ -->\n<title>Magnetr\u00fchrer C-MAG MR1 - Sysmatec<\/title>\n<meta name=\"description\" content=\"Magnetr\u00fchrer mit gro\u00dfem Fassungsverm\u00f6gen, 50 und 100 l. R\u00fchrgeschwindigkeiten von 0 bis 1000 U\/min. Ausgestattet mit einer gro\u00dfen Edelstahlplatte.\" \/>\n<meta name=\"robots\" content=\"index, follow, max-snippet:-1, max-image-preview:large, max-video-preview:-1\" \/>\n<link rel=\"canonical\" href=\"https:\/\/sysmatec.ch\/de\/produit\/magnetruehrer-c-mag-mr1\/\" \/>\n<meta property=\"og:locale\" content=\"de_DE\" \/>\n<meta property=\"og:type\" content=\"article\" \/>\n<meta property=\"og:title\" content=\"Magnetr\u00fchrer C-MAG MR1 - Sysmatec\" \/>\n<meta property=\"og:description\" content=\"Magnetr\u00fchrer mit gro\u00dfem Fassungsverm\u00f6gen, 50 und 100 l. R\u00fchrgeschwindigkeiten von 0 bis 1000 U\/min. Ausgestattet mit einer gro\u00dfen Edelstahlplatte.\" \/>\n<meta property=\"og:url\" content=\"https:\/\/sysmatec.ch\/de\/produit\/magnetruehrer-c-mag-mr1\/\" \/>\n<meta property=\"og:site_name\" content=\"Sysmatec\" \/>\n<meta property=\"article:modified_time\" content=\"2022-03-12T16:31:50+00:00\" \/>\n<meta property=\"og:image\" content=\"https:\/\/sysmatec.ch\/wp-content\/uploads\/2019\/01\/Agitateur_IKAMR1Digital.jpg\" \/>\n\t<meta property=\"og:image:width\" content=\"197\" \/>\n\t<meta property=\"og:image:height\" content=\"102\" \/>\n\t<meta property=\"og:image:type\" content=\"image\/jpeg\" \/>\n<meta name=\"twitter:card\" content=\"summary_large_image\" \/>\n<script type=\"application\/ld+json\" class=\"yoast-schema-graph\">{\"@context\":\"https:\\\/\\\/schema.org\",\"@graph\":[{\"@type\":\"WebPage\",\"@id\":\"https:\\\/\\\/sysmatec.ch\\\/de\\\/produit\\\/magnetruehrer-c-mag-mr1\\\/\",\"url\":\"https:\\\/\\\/sysmatec.ch\\\/de\\\/produit\\\/magnetruehrer-c-mag-mr1\\\/\",\"name\":\"Magnetr\u00fchrer C-MAG MR1 - Sysmatec\",\"isPartOf\":{\"@id\":\"https:\\\/\\\/sysmatec.ch\\\/de\\\/#website\"},\"primaryImageOfPage\":{\"@id\":\"https:\\\/\\\/sysmatec.ch\\\/de\\\/produit\\\/magnetruehrer-c-mag-mr1\\\/#primaryimage\"},\"image\":{\"@id\":\"https:\\\/\\\/sysmatec.ch\\\/de\\\/produit\\\/magnetruehrer-c-mag-mr1\\\/#primaryimage\"},\"thumbnailUrl\":\"https:\\\/\\\/sysmatec.ch\\\/wp-content\\\/uploads\\\/2019\\\/01\\\/Agitateur_IKAMR1Digital.jpg\",\"datePublished\":\"2019-01-02T21:37:53+00:00\",\"dateModified\":\"2022-03-12T16:31:50+00:00\",\"description\":\"Magnetr\u00fchrer mit gro\u00dfem Fassungsverm\u00f6gen, 50 und 100 l. R\u00fchrgeschwindigkeiten von 0 bis 1000 U\\\/min. Ausgestattet mit einer gro\u00dfen Edelstahlplatte.\",\"breadcrumb\":{\"@id\":\"https:\\\/\\\/sysmatec.ch\\\/de\\\/produit\\\/magnetruehrer-c-mag-mr1\\\/#breadcrumb\"},\"inLanguage\":\"de\",\"potentialAction\":[{\"@type\":\"ReadAction\",\"target\":[\"https:\\\/\\\/sysmatec.ch\\\/de\\\/produit\\\/magnetruehrer-c-mag-mr1\\\/\"]}]},{\"@type\":\"ImageObject\",\"inLanguage\":\"de\",\"@id\":\"https:\\\/\\\/sysmatec.ch\\\/de\\\/produit\\\/magnetruehrer-c-mag-mr1\\\/#primaryimage\",\"url\":\"https:\\\/\\\/sysmatec.ch\\\/wp-content\\\/uploads\\\/2019\\\/01\\\/Agitateur_IKAMR1Digital.jpg\",\"contentUrl\":\"https:\\\/\\\/sysmatec.ch\\\/wp-content\\\/uploads\\\/2019\\\/01\\\/Agitateur_IKAMR1Digital.jpg\",\"width\":197,\"height\":102},{\"@type\":\"BreadcrumbList\",\"@id\":\"https:\\\/\\\/sysmatec.ch\\\/de\\\/produit\\\/magnetruehrer-c-mag-mr1\\\/#breadcrumb\",\"itemListElement\":[{\"@type\":\"ListItem\",\"position\":1,\"name\":\"Accueil\",\"item\":\"https:\\\/\\\/sysmatec.ch\\\/de\\\/\"},{\"@type\":\"ListItem\",\"position\":2,\"name\":\"Die Aktivit\u00e4t von Sysmatec\",\"item\":\"https:\\\/\\\/sysmatec.ch\\\/de\\\/\"},{\"@type\":\"ListItem\",\"position\":3,\"name\":\"Magnetr\u00fchrer C-MAG MR1\"}]},{\"@type\":\"WebSite\",\"@id\":\"https:\\\/\\\/sysmatec.ch\\\/de\\\/#website\",\"url\":\"https:\\\/\\\/sysmatec.ch\\\/de\\\/\",\"name\":\"Sysmatec\",\"description\":\"Equipement de laboratoire et logiciels\",\"publisher\":{\"@id\":\"https:\\\/\\\/sysmatec.ch\\\/de\\\/#organization\"},\"potentialAction\":[{\"@type\":\"SearchAction\",\"target\":{\"@type\":\"EntryPoint\",\"urlTemplate\":\"https:\\\/\\\/sysmatec.ch\\\/de\\\/?s={search_term_string}\"},\"query-input\":{\"@type\":\"PropertyValueSpecification\",\"valueRequired\":true,\"valueName\":\"search_term_string\"}}],\"inLanguage\":\"de\"},{\"@type\":\"Organization\",\"@id\":\"https:\\\/\\\/sysmatec.ch\\\/de\\\/#organization\",\"name\":\"Sysmatec\",\"url\":\"https:\\\/\\\/sysmatec.ch\\\/de\\\/\",\"logo\":{\"@type\":\"ImageObject\",\"inLanguage\":\"de\",\"@id\":\"https:\\\/\\\/sysmatec.ch\\\/de\\\/#\\\/schema\\\/logo\\\/image\\\/\",\"url\":\"https:\\\/\\\/sysmatec.ch\\\/wp-content\\\/uploads\\\/2018\\\/11\\\/LogoSysmatec.jpg\",\"contentUrl\":\"https:\\\/\\\/sysmatec.ch\\\/wp-content\\\/uploads\\\/2018\\\/11\\\/LogoSysmatec.jpg\",\"width\":301,\"height\":297,\"caption\":\"Sysmatec\"},\"image\":{\"@id\":\"https:\\\/\\\/sysmatec.ch\\\/de\\\/#\\\/schema\\\/logo\\\/image\\\/\"}}]}<\/script>\n<!-- \/ Yoast SEO plugin. -->","yoast_head_json":{"title":"Magnetr\u00fchrer C-MAG MR1 - Sysmatec","description":"Magnetr\u00fchrer mit gro\u00dfem Fassungsverm\u00f6gen, 50 und 100 l. R\u00fchrgeschwindigkeiten von 0 bis 1000 U\/min. Ausgestattet mit einer gro\u00dfen Edelstahlplatte.","robots":{"index":"index","follow":"follow","max-snippet":"max-snippet:-1","max-image-preview":"max-image-preview:large","max-video-preview":"max-video-preview:-1"},"canonical":"https:\/\/sysmatec.ch\/de\/produit\/magnetruehrer-c-mag-mr1\/","og_locale":"de_DE","og_type":"article","og_title":"Magnetr\u00fchrer C-MAG MR1 - Sysmatec","og_description":"Magnetr\u00fchrer mit gro\u00dfem Fassungsverm\u00f6gen, 50 und 100 l. R\u00fchrgeschwindigkeiten von 0 bis 1000 U\/min. Ausgestattet mit einer gro\u00dfen Edelstahlplatte.","og_url":"https:\/\/sysmatec.ch\/de\/produit\/magnetruehrer-c-mag-mr1\/","og_site_name":"Sysmatec","article_modified_time":"2022-03-12T16:31:50+00:00","og_image":[{"width":197,"height":102,"url":"https:\/\/sysmatec.ch\/wp-content\/uploads\/2019\/01\/Agitateur_IKAMR1Digital.jpg","type":"image\/jpeg"}],"twitter_card":"summary_large_image","schema":{"@context":"https:\/\/schema.org","@graph":[{"@type":"WebPage","@id":"https:\/\/sysmatec.ch\/de\/produit\/magnetruehrer-c-mag-mr1\/","url":"https:\/\/sysmatec.ch\/de\/produit\/magnetruehrer-c-mag-mr1\/","name":"Magnetr\u00fchrer C-MAG MR1 - Sysmatec","isPartOf":{"@id":"https:\/\/sysmatec.ch\/de\/#website"},"primaryImageOfPage":{"@id":"https:\/\/sysmatec.ch\/de\/produit\/magnetruehrer-c-mag-mr1\/#primaryimage"},"image":{"@id":"https:\/\/sysmatec.ch\/de\/produit\/magnetruehrer-c-mag-mr1\/#primaryimage"},"thumbnailUrl":"https:\/\/sysmatec.ch\/wp-content\/uploads\/2019\/01\/Agitateur_IKAMR1Digital.jpg","datePublished":"2019-01-02T21:37:53+00:00","dateModified":"2022-03-12T16:31:50+00:00","description":"Magnetr\u00fchrer mit gro\u00dfem Fassungsverm\u00f6gen, 50 und 100 l. R\u00fchrgeschwindigkeiten von 0 bis 1000 U\/min. Ausgestattet mit einer gro\u00dfen Edelstahlplatte.","breadcrumb":{"@id":"https:\/\/sysmatec.ch\/de\/produit\/magnetruehrer-c-mag-mr1\/#breadcrumb"},"inLanguage":"de","potentialAction":[{"@type":"ReadAction","target":["https:\/\/sysmatec.ch\/de\/produit\/magnetruehrer-c-mag-mr1\/"]}]},{"@type":"ImageObject","inLanguage":"de","@id":"https:\/\/sysmatec.ch\/de\/produit\/magnetruehrer-c-mag-mr1\/#primaryimage","url":"https:\/\/sysmatec.ch\/wp-content\/uploads\/2019\/01\/Agitateur_IKAMR1Digital.jpg","contentUrl":"https:\/\/sysmatec.ch\/wp-content\/uploads\/2019\/01\/Agitateur_IKAMR1Digital.jpg","width":197,"height":102},{"@type":"BreadcrumbList","@id":"https:\/\/sysmatec.ch\/de\/produit\/magnetruehrer-c-mag-mr1\/#breadcrumb","itemListElement":[{"@type":"ListItem","position":1,"name":"Accueil","item":"https:\/\/sysmatec.ch\/de\/"},{"@type":"ListItem","position":2,"name":"Die Aktivit\u00e4t von Sysmatec","item":"https:\/\/sysmatec.ch\/de\/"},{"@type":"ListItem","position":3,"name":"Magnetr\u00fchrer C-MAG MR1"}]},{"@type":"WebSite","@id":"https:\/\/sysmatec.ch\/de\/#website","url":"https:\/\/sysmatec.ch\/de\/","name":"Sysmatec","description":"Equipement de laboratoire et logiciels","publisher":{"@id":"https:\/\/sysmatec.ch\/de\/#organization"},"potentialAction":[{"@type":"SearchAction","target":{"@type":"EntryPoint","urlTemplate":"https:\/\/sysmatec.ch\/de\/?s={search_term_string}"},"query-input":{"@type":"PropertyValueSpecification","valueRequired":true,"valueName":"search_term_string"}}],"inLanguage":"de"},{"@type":"Organization","@id":"https:\/\/sysmatec.ch\/de\/#organization","name":"Sysmatec","url":"https:\/\/sysmatec.ch\/de\/","logo":{"@type":"ImageObject","inLanguage":"de","@id":"https:\/\/sysmatec.ch\/de\/#\/schema\/logo\/image\/","url":"https:\/\/sysmatec.ch\/wp-content\/uploads\/2018\/11\/LogoSysmatec.jpg","contentUrl":"https:\/\/sysmatec.ch\/wp-content\/uploads\/2018\/11\/LogoSysmatec.jpg","width":301,"height":297,"caption":"Sysmatec"},"image":{"@id":"https:\/\/sysmatec.ch\/de\/#\/schema\/logo\/image\/"}}]}},"_links":{"self":[{"href":"https:\/\/sysmatec.ch\/de\/wp-json\/wp\/v2\/product\/2480","targetHints":{"allow":["GET"]}}],"collection":[{"href":"https:\/\/sysmatec.ch\/de\/wp-json\/wp\/v2\/product"}],"about":[{"href":"https:\/\/sysmatec.ch\/de\/wp-json\/wp\/v2\/types\/product"}],"wp:featuredmedia":[{"embeddable":true,"href":"https:\/\/sysmatec.ch\/de\/wp-json\/wp\/v2\/media\/1081"}],"wp:attachment":[{"href":"https:\/\/sysmatec.ch\/de\/wp-json\/wp\/v2\/media?parent=2480"}],"wp:term":[{"taxonomy":"product_brand","embeddable":true,"href":"https:\/\/sysmatec.ch\/de\/wp-json\/wp\/v2\/product_brand?post=2480"},{"taxonomy":"product_cat","embeddable":true,"href":"https:\/\/sysmatec.ch\/de\/wp-json\/wp\/v2\/product_cat?post=2480"},{"taxonomy":"product_tag","embeddable":true,"href":"https:\/\/sysmatec.ch\/de\/wp-json\/wp\/v2\/product_tag?post=2480"}],"curies":[{"name":"wp","href":"https:\/\/api.w.org\/{rel}","templated":true}]}}