{"id":24780,"date":"2021-04-07T20:11:33","date_gmt":"2021-04-07T18:11:33","guid":{"rendered":"https:\/\/sysmatec.ch\/?post_type=product&#038;p=24780"},"modified":"2021-11-22T21:52:45","modified_gmt":"2021-11-22T20:52:45","slug":"kranwaage-hfm","status":"publish","type":"product","link":"https:\/\/sysmatec.ch\/de\/Produkt\/kranwaage-hfm\/","title":{"rendered":"Kranwaage HFM"},"content":{"rendered":"<ul id=\"kernList1\">\n<li>\n<div id=\"verweis_01\">Die Waage entspricht mit dem Pr\u00fcfzeichen T\u00dcV den Anforderungen der Norm EN 13155 (Lose Lastaufnehmer\/Bruchsicherheit) und EN 61010-1 (Elektrische Sicherheit)<\/div>\n<\/li>\n<li>Profiger\u00e4t f\u00fcr robuste Anwendungen in Produktion, Qualit\u00e4tskontrolle, Logistik etc. Durch die stabile Konstruktion und robuste Ausf\u00fchrung ideal geeignet f\u00fcr den dauerhaften Einsatz im industriellen Umfeld<\/li>\n<li>Hohe Mobilit\u00e4t: dank Akkubetrieb, kompakter Bauweise und geringem Eigengewicht geeignet zum Einsatz an mehreren Standorten (Produktion, Lager, Versand, etc.)<\/li>\n<li>Anpassung an unruhige Umgebungsbedingungen durch \u00c4nderung der Ablesbarkeit<\/li>\n<li>Feinanzeige: durch Tastendruck kann die\u00a0<a>Ablesbarkeit [d]<\/a>\u00a0f\u00fcr 5 Sekunden um 1 Stelle erh\u00f6ht werden, nur bei Modellen mit\u00a0<a>Eichzulassung<\/a><\/li>\n<li><a>Hold-Funktion<\/a>: bei W\u00e4gestillstand wird die Gewichtsanzeige automatisch bis zur Bet\u00e4tigung der HOLD-Taste \u201eeingefroren\u201c<\/li>\n<li>Tarieren: R\u00fccksetzen der Anzeige auf \u201e0\u201c bei belasteter Waage. Jetzt werden entnommene bzw. hinzugef\u00fcgte Lasten direkt angezeigt<\/li>\n<li>Haken mit Sicherheitsverschluss, drehbar<\/li>\n<li>\n<div id=\"verweis_02\">\u00a0Funk-Fernbedienung serienm\u00e4\u00dfig. Reichweite ca. 20 m. Alle Funktionen sind anw\u00e4hlbar (ausgenommen ON\/OFF). B\u00d7T\u00d7H 48\u00d710\u00d795 mm. Batterien inklusive, 2\u00d71,5 V AAA<\/div>\n<\/li>\n<li>Akkubetrieb intern, serienm\u00e4\u00dfig, Betriebsdauer bis zu 50 h ohne\u00a0<a>Hinterleuchtung<\/a>, Ladezeit ca. 14 h<\/li>\n<li>\u00dcberlegene Displaygr\u00f6\u00dfe, Ziffernh\u00f6he 30 mm, leuchtstark mit hohem Kontrast f\u00fcr bequemes Ablesen des W\u00e4gewertes auch bei ung\u00fcnstigen Lichtverh\u00e4ltnissen<\/li>\n<\/ul>\n<table border=\"1\" width=\"511\" cellspacing=\"0\" cellpadding=\"2\">\n<tbody>\n<tr>\n<td>Waage Modell<\/td>\n<td width=\"10%\">Ablesbarkeit<\/td>\n<td width=\"10%\">W\u00e4gebereich<\/td>\n<\/tr>\n<tr>\n<td><\/td>\n<td width=\"10%\">g<\/td>\n<td width=\"10%\">kg<\/td>\n<\/tr>\n<tr>\n<td>HFM 1T0.1<\/td>\n<td width=\"10%\">100<\/td>\n<td width=\"10%\">1000<\/td>\n<\/tr>\n<tr>\n<td>HFM 3T0.5<\/td>\n<td width=\"10%\">500<\/td>\n<td width=\"10%\">3000<\/td>\n<\/tr>\n<tr>\n<td>HFM 5T0.5<\/td>\n<td width=\"10%\">500<\/td>\n<td width=\"10%\">5000<\/td>\n<\/tr>\n<tr>\n<td>HFM 10T1<\/td>\n<td width=\"10%\">1000<\/td>\n<td width=\"10%\">10000<\/td>\n<\/tr>\n<\/tbody>\n<\/table>\n","protected":false},"excerpt":{"rendered":"<p><span class=\"VIiyi\" lang=\"de\"><span class=\"JLqJ4b ChMk0b\" data-language-for-alternatives=\"de\" data-language-to-translate-into=\"fr\" data-phrase-index=\"0\">Kranwaage mit Haken f\u00fcr Gewicht von 0-1000 kg bis 0-10000 kg, Akkubetrieb intern f\u00fcr den mobilen Einsatz. Mit Funk-Ferbedienung und leuchtstarkem LED-Display.<\/span><\/span><\/p>\n","protected":false},"featured_media":24826,"template":"","meta":{"_crdt_document":""},"product_brand":[],"product_cat":[165,343],"product_tag":[],"class_list":{"0":"post-24780","1":"product","2":"type-product","3":"status-publish","4":"has-post-thumbnail","6":"product_cat-gewicht","7":"product_cat-mobile-de","9":"first","10":"instock","11":"taxable","12":"shipping-taxable","13":"purchasable","14":"product-type-variable"},"yoast_head":"<!-- This site is optimized with the Yoast SEO plugin v27.3 - https:\/\/yoast.com\/product\/yoast-seo-wordpress\/ -->\n<title>Kranwaage HFM - Sysmatec<\/title>\n<meta name=\"description\" content=\"Dynamometer oder Kranwaage mit beleuchtetem Display, mit Fernbedienung, verschiedene Ausf\u00fchrungen f\u00fcr den Bereich von 0 bis 10 Tonnen.\" \/>\n<meta name=\"robots\" content=\"index, follow, max-snippet:-1, max-image-preview:large, max-video-preview:-1\" \/>\n<link rel=\"canonical\" href=\"https:\/\/sysmatec.ch\/de\/produit\/kranwaage-hfm\/\" \/>\n<meta property=\"og:locale\" content=\"de_DE\" \/>\n<meta property=\"og:type\" content=\"article\" \/>\n<meta property=\"og:title\" content=\"Kranwaage HFM - Sysmatec\" \/>\n<meta property=\"og:description\" content=\"Dynamometer oder Kranwaage mit beleuchtetem Display, mit Fernbedienung, verschiedene Ausf\u00fchrungen f\u00fcr den Bereich von 0 bis 10 Tonnen.\" \/>\n<meta property=\"og:url\" content=\"https:\/\/sysmatec.ch\/de\/produit\/kranwaage-hfm\/\" \/>\n<meta property=\"og:site_name\" content=\"Sysmatec\" \/>\n<meta property=\"article:modified_time\" content=\"2021-11-22T20:52:45+00:00\" \/>\n<meta property=\"og:image\" content=\"https:\/\/sysmatec.ch\/wp-content\/uploads\/2021\/04\/Balance_HFM-ROT-_BIS_3000KG-scaled.jpg\" \/>\n\t<meta property=\"og:image:width\" content=\"1278\" \/>\n\t<meta property=\"og:image:height\" content=\"2560\" \/>\n\t<meta property=\"og:image:type\" content=\"image\/jpeg\" \/>\n<meta name=\"twitter:card\" content=\"summary_large_image\" \/>\n<meta name=\"twitter:label1\" content=\"Gesch\u00e4tzte Lesezeit\" \/>\n\t<meta name=\"twitter:data1\" content=\"1\u00a0Minute\" \/>\n<script type=\"application\/ld+json\" class=\"yoast-schema-graph\">{\"@context\":\"https:\\\/\\\/schema.org\",\"@graph\":[{\"@type\":\"WebPage\",\"@id\":\"https:\\\/\\\/sysmatec.ch\\\/de\\\/produit\\\/kranwaage-hfm\\\/\",\"url\":\"https:\\\/\\\/sysmatec.ch\\\/de\\\/produit\\\/kranwaage-hfm\\\/\",\"name\":\"Kranwaage HFM - Sysmatec\",\"isPartOf\":{\"@id\":\"https:\\\/\\\/sysmatec.ch\\\/de\\\/#website\"},\"primaryImageOfPage\":{\"@id\":\"https:\\\/\\\/sysmatec.ch\\\/de\\\/produit\\\/kranwaage-hfm\\\/#primaryimage\"},\"image\":{\"@id\":\"https:\\\/\\\/sysmatec.ch\\\/de\\\/produit\\\/kranwaage-hfm\\\/#primaryimage\"},\"thumbnailUrl\":\"https:\\\/\\\/sysmatec.ch\\\/wp-content\\\/uploads\\\/2021\\\/04\\\/Balance_HFM-ROT-_BIS_3000KG-scaled.jpg\",\"datePublished\":\"2021-04-07T18:11:33+00:00\",\"dateModified\":\"2021-11-22T20:52:45+00:00\",\"description\":\"Dynamometer oder Kranwaage mit beleuchtetem Display, mit Fernbedienung, verschiedene Ausf\u00fchrungen f\u00fcr den Bereich von 0 bis 10 Tonnen.\",\"breadcrumb\":{\"@id\":\"https:\\\/\\\/sysmatec.ch\\\/de\\\/produit\\\/kranwaage-hfm\\\/#breadcrumb\"},\"inLanguage\":\"de\",\"potentialAction\":[{\"@type\":\"ReadAction\",\"target\":[\"https:\\\/\\\/sysmatec.ch\\\/de\\\/produit\\\/kranwaage-hfm\\\/\"]}]},{\"@type\":\"ImageObject\",\"inLanguage\":\"de\",\"@id\":\"https:\\\/\\\/sysmatec.ch\\\/de\\\/produit\\\/kranwaage-hfm\\\/#primaryimage\",\"url\":\"https:\\\/\\\/sysmatec.ch\\\/wp-content\\\/uploads\\\/2021\\\/04\\\/Balance_HFM-ROT-_BIS_3000KG-scaled.jpg\",\"contentUrl\":\"https:\\\/\\\/sysmatec.ch\\\/wp-content\\\/uploads\\\/2021\\\/04\\\/Balance_HFM-ROT-_BIS_3000KG-scaled.jpg\",\"width\":1278,\"height\":2560},{\"@type\":\"BreadcrumbList\",\"@id\":\"https:\\\/\\\/sysmatec.ch\\\/de\\\/produit\\\/kranwaage-hfm\\\/#breadcrumb\",\"itemListElement\":[{\"@type\":\"ListItem\",\"position\":1,\"name\":\"Accueil\",\"item\":\"https:\\\/\\\/sysmatec.ch\\\/de\\\/\"},{\"@type\":\"ListItem\",\"position\":2,\"name\":\"Die Aktivit\u00e4t von Sysmatec\",\"item\":\"https:\\\/\\\/sysmatec.ch\\\/de\\\/\"},{\"@type\":\"ListItem\",\"position\":3,\"name\":\"Kranwaage HFM\"}]},{\"@type\":\"WebSite\",\"@id\":\"https:\\\/\\\/sysmatec.ch\\\/de\\\/#website\",\"url\":\"https:\\\/\\\/sysmatec.ch\\\/de\\\/\",\"name\":\"Sysmatec\",\"description\":\"Equipement de laboratoire et logiciels\",\"publisher\":{\"@id\":\"https:\\\/\\\/sysmatec.ch\\\/de\\\/#organization\"},\"potentialAction\":[{\"@type\":\"SearchAction\",\"target\":{\"@type\":\"EntryPoint\",\"urlTemplate\":\"https:\\\/\\\/sysmatec.ch\\\/de\\\/?s={search_term_string}\"},\"query-input\":{\"@type\":\"PropertyValueSpecification\",\"valueRequired\":true,\"valueName\":\"search_term_string\"}}],\"inLanguage\":\"de\"},{\"@type\":\"Organization\",\"@id\":\"https:\\\/\\\/sysmatec.ch\\\/de\\\/#organization\",\"name\":\"Sysmatec\",\"url\":\"https:\\\/\\\/sysmatec.ch\\\/de\\\/\",\"logo\":{\"@type\":\"ImageObject\",\"inLanguage\":\"de\",\"@id\":\"https:\\\/\\\/sysmatec.ch\\\/de\\\/#\\\/schema\\\/logo\\\/image\\\/\",\"url\":\"https:\\\/\\\/sysmatec.ch\\\/wp-content\\\/uploads\\\/2018\\\/11\\\/LogoSysmatec.jpg\",\"contentUrl\":\"https:\\\/\\\/sysmatec.ch\\\/wp-content\\\/uploads\\\/2018\\\/11\\\/LogoSysmatec.jpg\",\"width\":301,\"height\":297,\"caption\":\"Sysmatec\"},\"image\":{\"@id\":\"https:\\\/\\\/sysmatec.ch\\\/de\\\/#\\\/schema\\\/logo\\\/image\\\/\"}}]}<\/script>\n<!-- \/ Yoast SEO plugin. -->","yoast_head_json":{"title":"Kranwaage HFM - Sysmatec","description":"Dynamometer oder Kranwaage mit beleuchtetem Display, mit Fernbedienung, verschiedene Ausf\u00fchrungen f\u00fcr den Bereich von 0 bis 10 Tonnen.","robots":{"index":"index","follow":"follow","max-snippet":"max-snippet:-1","max-image-preview":"max-image-preview:large","max-video-preview":"max-video-preview:-1"},"canonical":"https:\/\/sysmatec.ch\/de\/produit\/kranwaage-hfm\/","og_locale":"de_DE","og_type":"article","og_title":"Kranwaage HFM - Sysmatec","og_description":"Dynamometer oder Kranwaage mit beleuchtetem Display, mit Fernbedienung, verschiedene Ausf\u00fchrungen f\u00fcr den Bereich von 0 bis 10 Tonnen.","og_url":"https:\/\/sysmatec.ch\/de\/produit\/kranwaage-hfm\/","og_site_name":"Sysmatec","article_modified_time":"2021-11-22T20:52:45+00:00","og_image":[{"width":1278,"height":2560,"url":"https:\/\/sysmatec.ch\/wp-content\/uploads\/2021\/04\/Balance_HFM-ROT-_BIS_3000KG-scaled.jpg","type":"image\/jpeg"}],"twitter_card":"summary_large_image","twitter_misc":{"Gesch\u00e4tzte Lesezeit":"1\u00a0Minute"},"schema":{"@context":"https:\/\/schema.org","@graph":[{"@type":"WebPage","@id":"https:\/\/sysmatec.ch\/de\/produit\/kranwaage-hfm\/","url":"https:\/\/sysmatec.ch\/de\/produit\/kranwaage-hfm\/","name":"Kranwaage HFM - Sysmatec","isPartOf":{"@id":"https:\/\/sysmatec.ch\/de\/#website"},"primaryImageOfPage":{"@id":"https:\/\/sysmatec.ch\/de\/produit\/kranwaage-hfm\/#primaryimage"},"image":{"@id":"https:\/\/sysmatec.ch\/de\/produit\/kranwaage-hfm\/#primaryimage"},"thumbnailUrl":"https:\/\/sysmatec.ch\/wp-content\/uploads\/2021\/04\/Balance_HFM-ROT-_BIS_3000KG-scaled.jpg","datePublished":"2021-04-07T18:11:33+00:00","dateModified":"2021-11-22T20:52:45+00:00","description":"Dynamometer oder Kranwaage mit beleuchtetem Display, mit Fernbedienung, verschiedene Ausf\u00fchrungen f\u00fcr den Bereich von 0 bis 10 Tonnen.","breadcrumb":{"@id":"https:\/\/sysmatec.ch\/de\/produit\/kranwaage-hfm\/#breadcrumb"},"inLanguage":"de","potentialAction":[{"@type":"ReadAction","target":["https:\/\/sysmatec.ch\/de\/produit\/kranwaage-hfm\/"]}]},{"@type":"ImageObject","inLanguage":"de","@id":"https:\/\/sysmatec.ch\/de\/produit\/kranwaage-hfm\/#primaryimage","url":"https:\/\/sysmatec.ch\/wp-content\/uploads\/2021\/04\/Balance_HFM-ROT-_BIS_3000KG-scaled.jpg","contentUrl":"https:\/\/sysmatec.ch\/wp-content\/uploads\/2021\/04\/Balance_HFM-ROT-_BIS_3000KG-scaled.jpg","width":1278,"height":2560},{"@type":"BreadcrumbList","@id":"https:\/\/sysmatec.ch\/de\/produit\/kranwaage-hfm\/#breadcrumb","itemListElement":[{"@type":"ListItem","position":1,"name":"Accueil","item":"https:\/\/sysmatec.ch\/de\/"},{"@type":"ListItem","position":2,"name":"Die Aktivit\u00e4t von Sysmatec","item":"https:\/\/sysmatec.ch\/de\/"},{"@type":"ListItem","position":3,"name":"Kranwaage HFM"}]},{"@type":"WebSite","@id":"https:\/\/sysmatec.ch\/de\/#website","url":"https:\/\/sysmatec.ch\/de\/","name":"Sysmatec","description":"Equipement de laboratoire et logiciels","publisher":{"@id":"https:\/\/sysmatec.ch\/de\/#organization"},"potentialAction":[{"@type":"SearchAction","target":{"@type":"EntryPoint","urlTemplate":"https:\/\/sysmatec.ch\/de\/?s={search_term_string}"},"query-input":{"@type":"PropertyValueSpecification","valueRequired":true,"valueName":"search_term_string"}}],"inLanguage":"de"},{"@type":"Organization","@id":"https:\/\/sysmatec.ch\/de\/#organization","name":"Sysmatec","url":"https:\/\/sysmatec.ch\/de\/","logo":{"@type":"ImageObject","inLanguage":"de","@id":"https:\/\/sysmatec.ch\/de\/#\/schema\/logo\/image\/","url":"https:\/\/sysmatec.ch\/wp-content\/uploads\/2018\/11\/LogoSysmatec.jpg","contentUrl":"https:\/\/sysmatec.ch\/wp-content\/uploads\/2018\/11\/LogoSysmatec.jpg","width":301,"height":297,"caption":"Sysmatec"},"image":{"@id":"https:\/\/sysmatec.ch\/de\/#\/schema\/logo\/image\/"}}]}},"_links":{"self":[{"href":"https:\/\/sysmatec.ch\/de\/wp-json\/wp\/v2\/product\/24780","targetHints":{"allow":["GET"]}}],"collection":[{"href":"https:\/\/sysmatec.ch\/de\/wp-json\/wp\/v2\/product"}],"about":[{"href":"https:\/\/sysmatec.ch\/de\/wp-json\/wp\/v2\/types\/product"}],"wp:featuredmedia":[{"embeddable":true,"href":"https:\/\/sysmatec.ch\/de\/wp-json\/wp\/v2\/media\/24826"}],"wp:attachment":[{"href":"https:\/\/sysmatec.ch\/de\/wp-json\/wp\/v2\/media?parent=24780"}],"wp:term":[{"taxonomy":"product_brand","embeddable":true,"href":"https:\/\/sysmatec.ch\/de\/wp-json\/wp\/v2\/product_brand?post=24780"},{"taxonomy":"product_cat","embeddable":true,"href":"https:\/\/sysmatec.ch\/de\/wp-json\/wp\/v2\/product_cat?post=24780"},{"taxonomy":"product_tag","embeddable":true,"href":"https:\/\/sysmatec.ch\/de\/wp-json\/wp\/v2\/product_tag?post=24780"}],"curies":[{"name":"wp","href":"https:\/\/api.w.org\/{rel}","templated":true}]}}