{"id":2477,"date":"2019-01-02T22:43:01","date_gmt":"2019-01-02T21:43:01","guid":{"rendered":"https:\/\/sysmatec.ch\/produit\/agitateur-magnetique-multiposte-ika-ro5-ro010-ro015\/"},"modified":"2022-03-12T17:25:51","modified_gmt":"2022-03-12T16:25:51","slug":"magnetruehrer-ika-ro5-ro10-ro15","status":"publish","type":"product","link":"https:\/\/sysmatec.ch\/de\/Produkt\/magnetruehrer-ika-ro5-ro10-ro15\/","title":{"rendered":"Magnetr\u00fchrer IKA RO5\/RO10\/RO15"},"content":{"rendered":"<p>Digitaler Mehrstellenmagnetr\u00fchrer mit 5-15 synchron laufenden R\u00fchrstellen ohne Heizung. Dank ger\u00e4uschloser Spulenantriebstechnik sind die Drehzahlen an allen R\u00fchrstellen identisch. So k\u00f6nnen Reihenuntersuchungen unter reproduzierbaren Bedingungen durchgef\u00fchrt werden. Die Drehzahlen bleiben auch bei Lastwechsel konstant. Die geschlossene und kompakte Bauform macht das Reinigenleicht und sch\u00fctzt das Ger\u00e4t gegen das Eindringen von Fl\u00fcssigkeiten. Eine abnehmbare transparente Antirutschfolie ist im Lieferumfang enthalten.<\/p>\n<p>Einstellbare Drehrichtungsumkehr<\/p>\n<p>Eco-Mode f\u00fcr eine geringe Erw\u00e4rmung der Oberfl\u00e4che<\/p>\n<p>Verschlei\u00dffreier Spulenantrieb<\/p>\n<p>Einfache Bedienung durch Folientastatur<\/p>\n<p>F\u00fcr Dauerbetrieb geeignet<\/p>\n<p>Technische Daten<\/p>\n<ul>\n<li type=\"disc\">R\u00fchrmenge max. pro R\u00fchrstelle (H2O): 0.4 l<\/li>\n<li type=\"disc\">R\u00fchrstellenabstand: 90 mm<\/li>\n<li type=\"disc\">Drehzahlabweichung der einzelnen R\u00fchrstellen: 0 %<\/li>\n<li type=\"disc\">R\u00fchrmenge max. (H2O): 2 l<\/li>\n<li type=\"disc\">Drehzahlanzeige: LED &#8211; Zeile<\/li>\n<li type=\"disc\">Drehzahlbereich: 0 &#8211; 1200 rpm<\/li>\n<li type=\"disc\">R\u00fchrst\u00e4bchenl\u00e4nge: max. 30 mm<\/li>\n<li type=\"disc\">Einstellm\u00f6glichkeit Drehzahl: 10 RPM Schritte<\/li>\n<li type=\"disc\">Aufstellfl\u00e4che Werkstoff: Edelstahl 1.4301<\/li>\n<li type=\"disc\">Zul\u00e4ssiger Umgebungstemperaturbereich: 5 &#8211; 40 \u00b0C<\/li>\n<li type=\"disc\">Zul\u00e4ssige Relative Feuchte 80 %<\/li>\n<li type=\"disc\">Schutzart nach DIN EN 60529: IP 40<\/li>\n<li type=\"disc\">Spannung: 100 &#8211; 240 V, 50\/60 Hz<\/li>\n<li type=\"disc\">Gleichspannung 24 V=<\/li>\n<\/ul>\n<table border=\"1\" width=\"654\" cellspacing=\"2\" cellpadding=\"0\">\n<tbody>\n<tr>\n<td>Referenz<\/td>\n<td width=\"103\">R\u00fchrstellenanzahl<\/td>\n<td width=\"128\">Aufstellfl\u00e4che Abmessungen (mm)<\/td>\n<td width=\"115\">Abmessungen (B x H x T) (mm)<\/td>\n<td width=\"99\">Gewicht (kg)<\/td>\n<td>Ger\u00e4teaufnahmeleistung (W)<\/td>\n<\/tr>\n<tr>\n<td>RO5<\/td>\n<td width=\"103\">5<\/td>\n<td width=\"128\">120 x 470<\/td>\n<td width=\"115\">120 x 60 x 570<\/td>\n<td width=\"99\">3<\/td>\n<td>13<\/td>\n<\/tr>\n<tr>\n<td>RO10<\/td>\n<td width=\"103\">10<\/td>\n<td width=\"128\">190 x 470<\/td>\n<td width=\"115\">190 x 60 x 570<\/td>\n<td width=\"99\">5<\/td>\n<td>25<\/td>\n<\/tr>\n<tr>\n<td>RO15<\/td>\n<td width=\"103\">15<\/td>\n<td width=\"128\">280 x 470<\/td>\n<td width=\"115\">280 x 60 x 570<\/td>\n<td width=\"99\">7<\/td>\n<td>40<\/td>\n<\/tr>\n<\/tbody>\n<\/table>\n","protected":false},"excerpt":{"rendered":"<p>Mehrstellen-Magnetr\u00fchrer f\u00fcr 5, 10 und 15 Stellen.<\/p>\n","protected":false},"featured_media":1083,"template":"","meta":{"_crdt_document":""},"product_brand":[],"product_cat":[161,87],"product_tag":[],"class_list":{"0":"post-2477","1":"product","2":"type-product","3":"status-publish","4":"has-post-thumbnail","6":"product_cat-magnet","7":"product_cat-ruehren","9":"first","10":"instock","11":"taxable","12":"shipping-taxable","13":"purchasable","14":"product-type-variable"},"yoast_head":"<!-- This site is optimized with the Yoast SEO plugin v27.3 - https:\/\/yoast.com\/product\/yoast-seo-wordpress\/ -->\n<title>Magnetr\u00fchrer IKA RO5\/RO10\/RO15 - Sysmatec<\/title>\n<meta name=\"description\" content=\"Mehrstellen-Magnetr\u00fchrer f\u00fcr 5, 10 und 15 Stellen. R\u00fchrgeschwindigkeiten von 0 bis 1200 U\/min. Kapazit\u00e4t von 0,4 ml pro Pfosten.\" \/>\n<meta name=\"robots\" content=\"index, follow, max-snippet:-1, max-image-preview:large, max-video-preview:-1\" \/>\n<link rel=\"canonical\" href=\"https:\/\/sysmatec.ch\/de\/produit\/magnetruehrer-ika-ro5-ro10-ro15\/\" \/>\n<meta property=\"og:locale\" content=\"de_DE\" \/>\n<meta property=\"og:type\" content=\"article\" \/>\n<meta property=\"og:title\" content=\"Magnetr\u00fchrer IKA RO5\/RO10\/RO15 - Sysmatec\" \/>\n<meta property=\"og:description\" content=\"Mehrstellen-Magnetr\u00fchrer f\u00fcr 5, 10 und 15 Stellen. R\u00fchrgeschwindigkeiten von 0 bis 1200 U\/min. Kapazit\u00e4t von 0,4 ml pro Pfosten.\" \/>\n<meta property=\"og:url\" content=\"https:\/\/sysmatec.ch\/de\/produit\/magnetruehrer-ika-ro5-ro10-ro15\/\" \/>\n<meta property=\"og:site_name\" content=\"Sysmatec\" \/>\n<meta property=\"article:modified_time\" content=\"2022-03-12T16:25:51+00:00\" \/>\n<meta property=\"og:image\" content=\"https:\/\/sysmatec.ch\/wp-content\/uploads\/2019\/01\/Agitateur_IKARO5.jpg\" \/>\n\t<meta property=\"og:image:width\" content=\"196\" \/>\n\t<meta property=\"og:image:height\" content=\"110\" \/>\n\t<meta property=\"og:image:type\" content=\"image\/jpeg\" \/>\n<meta name=\"twitter:card\" content=\"summary_large_image\" \/>\n<meta name=\"twitter:label1\" content=\"Gesch\u00e4tzte Lesezeit\" \/>\n\t<meta name=\"twitter:data1\" content=\"1\u00a0Minute\" \/>\n<script type=\"application\/ld+json\" class=\"yoast-schema-graph\">{\"@context\":\"https:\\\/\\\/schema.org\",\"@graph\":[{\"@type\":\"WebPage\",\"@id\":\"https:\\\/\\\/sysmatec.ch\\\/de\\\/produit\\\/magnetruehrer-ika-ro5-ro10-ro15\\\/\",\"url\":\"https:\\\/\\\/sysmatec.ch\\\/de\\\/produit\\\/magnetruehrer-ika-ro5-ro10-ro15\\\/\",\"name\":\"Magnetr\u00fchrer IKA RO5\\\/RO10\\\/RO15 - Sysmatec\",\"isPartOf\":{\"@id\":\"https:\\\/\\\/sysmatec.ch\\\/de\\\/#website\"},\"primaryImageOfPage\":{\"@id\":\"https:\\\/\\\/sysmatec.ch\\\/de\\\/produit\\\/magnetruehrer-ika-ro5-ro10-ro15\\\/#primaryimage\"},\"image\":{\"@id\":\"https:\\\/\\\/sysmatec.ch\\\/de\\\/produit\\\/magnetruehrer-ika-ro5-ro10-ro15\\\/#primaryimage\"},\"thumbnailUrl\":\"https:\\\/\\\/sysmatec.ch\\\/wp-content\\\/uploads\\\/2019\\\/01\\\/Agitateur_IKARO5.jpg\",\"datePublished\":\"2019-01-02T21:43:01+00:00\",\"dateModified\":\"2022-03-12T16:25:51+00:00\",\"description\":\"Mehrstellen-Magnetr\u00fchrer f\u00fcr 5, 10 und 15 Stellen. R\u00fchrgeschwindigkeiten von 0 bis 1200 U\\\/min. Kapazit\u00e4t von 0,4 ml pro Pfosten.\",\"breadcrumb\":{\"@id\":\"https:\\\/\\\/sysmatec.ch\\\/de\\\/produit\\\/magnetruehrer-ika-ro5-ro10-ro15\\\/#breadcrumb\"},\"inLanguage\":\"de\",\"potentialAction\":[{\"@type\":\"ReadAction\",\"target\":[\"https:\\\/\\\/sysmatec.ch\\\/de\\\/produit\\\/magnetruehrer-ika-ro5-ro10-ro15\\\/\"]}]},{\"@type\":\"ImageObject\",\"inLanguage\":\"de\",\"@id\":\"https:\\\/\\\/sysmatec.ch\\\/de\\\/produit\\\/magnetruehrer-ika-ro5-ro10-ro15\\\/#primaryimage\",\"url\":\"https:\\\/\\\/sysmatec.ch\\\/wp-content\\\/uploads\\\/2019\\\/01\\\/Agitateur_IKARO5.jpg\",\"contentUrl\":\"https:\\\/\\\/sysmatec.ch\\\/wp-content\\\/uploads\\\/2019\\\/01\\\/Agitateur_IKARO5.jpg\",\"width\":196,\"height\":110},{\"@type\":\"BreadcrumbList\",\"@id\":\"https:\\\/\\\/sysmatec.ch\\\/de\\\/produit\\\/magnetruehrer-ika-ro5-ro10-ro15\\\/#breadcrumb\",\"itemListElement\":[{\"@type\":\"ListItem\",\"position\":1,\"name\":\"Accueil\",\"item\":\"https:\\\/\\\/sysmatec.ch\\\/de\\\/\"},{\"@type\":\"ListItem\",\"position\":2,\"name\":\"Die Aktivit\u00e4t von Sysmatec\",\"item\":\"https:\\\/\\\/sysmatec.ch\\\/de\\\/\"},{\"@type\":\"ListItem\",\"position\":3,\"name\":\"Magnetr\u00fchrer IKA RO5\\\/RO10\\\/RO15\"}]},{\"@type\":\"WebSite\",\"@id\":\"https:\\\/\\\/sysmatec.ch\\\/de\\\/#website\",\"url\":\"https:\\\/\\\/sysmatec.ch\\\/de\\\/\",\"name\":\"Sysmatec\",\"description\":\"Equipement de laboratoire et logiciels\",\"publisher\":{\"@id\":\"https:\\\/\\\/sysmatec.ch\\\/de\\\/#organization\"},\"potentialAction\":[{\"@type\":\"SearchAction\",\"target\":{\"@type\":\"EntryPoint\",\"urlTemplate\":\"https:\\\/\\\/sysmatec.ch\\\/de\\\/?s={search_term_string}\"},\"query-input\":{\"@type\":\"PropertyValueSpecification\",\"valueRequired\":true,\"valueName\":\"search_term_string\"}}],\"inLanguage\":\"de\"},{\"@type\":\"Organization\",\"@id\":\"https:\\\/\\\/sysmatec.ch\\\/de\\\/#organization\",\"name\":\"Sysmatec\",\"url\":\"https:\\\/\\\/sysmatec.ch\\\/de\\\/\",\"logo\":{\"@type\":\"ImageObject\",\"inLanguage\":\"de\",\"@id\":\"https:\\\/\\\/sysmatec.ch\\\/de\\\/#\\\/schema\\\/logo\\\/image\\\/\",\"url\":\"https:\\\/\\\/sysmatec.ch\\\/wp-content\\\/uploads\\\/2018\\\/11\\\/LogoSysmatec.jpg\",\"contentUrl\":\"https:\\\/\\\/sysmatec.ch\\\/wp-content\\\/uploads\\\/2018\\\/11\\\/LogoSysmatec.jpg\",\"width\":301,\"height\":297,\"caption\":\"Sysmatec\"},\"image\":{\"@id\":\"https:\\\/\\\/sysmatec.ch\\\/de\\\/#\\\/schema\\\/logo\\\/image\\\/\"}}]}<\/script>\n<!-- \/ Yoast SEO plugin. -->","yoast_head_json":{"title":"Magnetr\u00fchrer IKA RO5\/RO10\/RO15 - Sysmatec","description":"Mehrstellen-Magnetr\u00fchrer f\u00fcr 5, 10 und 15 Stellen. R\u00fchrgeschwindigkeiten von 0 bis 1200 U\/min. Kapazit\u00e4t von 0,4 ml pro Pfosten.","robots":{"index":"index","follow":"follow","max-snippet":"max-snippet:-1","max-image-preview":"max-image-preview:large","max-video-preview":"max-video-preview:-1"},"canonical":"https:\/\/sysmatec.ch\/de\/produit\/magnetruehrer-ika-ro5-ro10-ro15\/","og_locale":"de_DE","og_type":"article","og_title":"Magnetr\u00fchrer IKA RO5\/RO10\/RO15 - Sysmatec","og_description":"Mehrstellen-Magnetr\u00fchrer f\u00fcr 5, 10 und 15 Stellen. R\u00fchrgeschwindigkeiten von 0 bis 1200 U\/min. Kapazit\u00e4t von 0,4 ml pro Pfosten.","og_url":"https:\/\/sysmatec.ch\/de\/produit\/magnetruehrer-ika-ro5-ro10-ro15\/","og_site_name":"Sysmatec","article_modified_time":"2022-03-12T16:25:51+00:00","og_image":[{"width":196,"height":110,"url":"https:\/\/sysmatec.ch\/wp-content\/uploads\/2019\/01\/Agitateur_IKARO5.jpg","type":"image\/jpeg"}],"twitter_card":"summary_large_image","twitter_misc":{"Gesch\u00e4tzte Lesezeit":"1\u00a0Minute"},"schema":{"@context":"https:\/\/schema.org","@graph":[{"@type":"WebPage","@id":"https:\/\/sysmatec.ch\/de\/produit\/magnetruehrer-ika-ro5-ro10-ro15\/","url":"https:\/\/sysmatec.ch\/de\/produit\/magnetruehrer-ika-ro5-ro10-ro15\/","name":"Magnetr\u00fchrer IKA RO5\/RO10\/RO15 - Sysmatec","isPartOf":{"@id":"https:\/\/sysmatec.ch\/de\/#website"},"primaryImageOfPage":{"@id":"https:\/\/sysmatec.ch\/de\/produit\/magnetruehrer-ika-ro5-ro10-ro15\/#primaryimage"},"image":{"@id":"https:\/\/sysmatec.ch\/de\/produit\/magnetruehrer-ika-ro5-ro10-ro15\/#primaryimage"},"thumbnailUrl":"https:\/\/sysmatec.ch\/wp-content\/uploads\/2019\/01\/Agitateur_IKARO5.jpg","datePublished":"2019-01-02T21:43:01+00:00","dateModified":"2022-03-12T16:25:51+00:00","description":"Mehrstellen-Magnetr\u00fchrer f\u00fcr 5, 10 und 15 Stellen. R\u00fchrgeschwindigkeiten von 0 bis 1200 U\/min. Kapazit\u00e4t von 0,4 ml pro Pfosten.","breadcrumb":{"@id":"https:\/\/sysmatec.ch\/de\/produit\/magnetruehrer-ika-ro5-ro10-ro15\/#breadcrumb"},"inLanguage":"de","potentialAction":[{"@type":"ReadAction","target":["https:\/\/sysmatec.ch\/de\/produit\/magnetruehrer-ika-ro5-ro10-ro15\/"]}]},{"@type":"ImageObject","inLanguage":"de","@id":"https:\/\/sysmatec.ch\/de\/produit\/magnetruehrer-ika-ro5-ro10-ro15\/#primaryimage","url":"https:\/\/sysmatec.ch\/wp-content\/uploads\/2019\/01\/Agitateur_IKARO5.jpg","contentUrl":"https:\/\/sysmatec.ch\/wp-content\/uploads\/2019\/01\/Agitateur_IKARO5.jpg","width":196,"height":110},{"@type":"BreadcrumbList","@id":"https:\/\/sysmatec.ch\/de\/produit\/magnetruehrer-ika-ro5-ro10-ro15\/#breadcrumb","itemListElement":[{"@type":"ListItem","position":1,"name":"Accueil","item":"https:\/\/sysmatec.ch\/de\/"},{"@type":"ListItem","position":2,"name":"Die Aktivit\u00e4t von Sysmatec","item":"https:\/\/sysmatec.ch\/de\/"},{"@type":"ListItem","position":3,"name":"Magnetr\u00fchrer IKA RO5\/RO10\/RO15"}]},{"@type":"WebSite","@id":"https:\/\/sysmatec.ch\/de\/#website","url":"https:\/\/sysmatec.ch\/de\/","name":"Sysmatec","description":"Equipement de laboratoire et logiciels","publisher":{"@id":"https:\/\/sysmatec.ch\/de\/#organization"},"potentialAction":[{"@type":"SearchAction","target":{"@type":"EntryPoint","urlTemplate":"https:\/\/sysmatec.ch\/de\/?s={search_term_string}"},"query-input":{"@type":"PropertyValueSpecification","valueRequired":true,"valueName":"search_term_string"}}],"inLanguage":"de"},{"@type":"Organization","@id":"https:\/\/sysmatec.ch\/de\/#organization","name":"Sysmatec","url":"https:\/\/sysmatec.ch\/de\/","logo":{"@type":"ImageObject","inLanguage":"de","@id":"https:\/\/sysmatec.ch\/de\/#\/schema\/logo\/image\/","url":"https:\/\/sysmatec.ch\/wp-content\/uploads\/2018\/11\/LogoSysmatec.jpg","contentUrl":"https:\/\/sysmatec.ch\/wp-content\/uploads\/2018\/11\/LogoSysmatec.jpg","width":301,"height":297,"caption":"Sysmatec"},"image":{"@id":"https:\/\/sysmatec.ch\/de\/#\/schema\/logo\/image\/"}}]}},"_links":{"self":[{"href":"https:\/\/sysmatec.ch\/de\/wp-json\/wp\/v2\/product\/2477","targetHints":{"allow":["GET"]}}],"collection":[{"href":"https:\/\/sysmatec.ch\/de\/wp-json\/wp\/v2\/product"}],"about":[{"href":"https:\/\/sysmatec.ch\/de\/wp-json\/wp\/v2\/types\/product"}],"wp:featuredmedia":[{"embeddable":true,"href":"https:\/\/sysmatec.ch\/de\/wp-json\/wp\/v2\/media\/1083"}],"wp:attachment":[{"href":"https:\/\/sysmatec.ch\/de\/wp-json\/wp\/v2\/media?parent=2477"}],"wp:term":[{"taxonomy":"product_brand","embeddable":true,"href":"https:\/\/sysmatec.ch\/de\/wp-json\/wp\/v2\/product_brand?post=2477"},{"taxonomy":"product_cat","embeddable":true,"href":"https:\/\/sysmatec.ch\/de\/wp-json\/wp\/v2\/product_cat?post=2477"},{"taxonomy":"product_tag","embeddable":true,"href":"https:\/\/sysmatec.ch\/de\/wp-json\/wp\/v2\/product_tag?post=2477"}],"curies":[{"name":"wp","href":"https:\/\/api.w.org\/{rel}","templated":true}]}}