{"id":2472,"date":"2019-01-03T10:20:46","date_gmt":"2019-01-03T09:20:46","guid":{"rendered":"https:\/\/sysmatec.ch\/produit\/agitateur-magnetique-avec-chauffage-c-mag-hs\/"},"modified":"2022-03-12T16:47:18","modified_gmt":"2022-03-12T15:47:18","slug":"magnetruehrer-mit-heizung-c-mag-hs","status":"publish","type":"product","link":"https:\/\/sysmatec.ch\/de\/Produkt\/magnetruehrer-mit-heizung-c-mag-hs\/","title":{"rendered":"Magnetr\u00fchrer mit Heizung C-MAG HS"},"content":{"rendered":"<p>Magnetr\u00fchrer mit Heizung und Heizplatte aus Glaskeramik, diese zeichnet sich durch eine sehr gute chemische Best\u00e4ndigkeit aus.<\/p>\n<p>Fester Sicherheitskreis von 550 \u00b0C<\/p>\n<p>Hot Top indicator &gt;&gt; Warnung bei hei\u00dfer Oberfl\u00e4che zum Schutz vor Verbrennungen<\/p>\n<p>Abgesetzte Bedienfl\u00e4che zum Schutz vor auslaufenden Fl\u00fcssigkeiten<\/p>\n<p>Technische Daten<\/p>\n<ul>\n<li type=\"disc\">R\u00fchrstellenanzahl 1<\/li>\n<li type=\"disc\">Drehzahlanzeige Skala<\/li>\n<li type=\"disc\">Drehzahlbereich 100 &#8211; 1500 rpm<\/li>\n<li type=\"disc\">Aufheizgeschwindigkeit (1 l H2O im H15) 2.5 K\/min<\/li>\n<li type=\"disc\">Heiztemperaturbereich 50 &#8211; 500 \u00b0C<\/li>\n<li type=\"disc\">Einstellm\u00f6glichkeit Heiztemperatur LED<\/li>\n<li type=\"disc\">Einstellgenauigkeit Heiztemperatur 10 \u00b1K<\/li>\n<li type=\"disc\">Einstellm\u00f6glichkeit Drehzahl Skala 0 &#8211; 6<\/li>\n<li type=\"disc\">Sicherheitskreis fest 550 \u00b0C<\/li>\n<li type=\"disc\">Aufstellfl\u00e4che Werkstoff Keramik<\/li>\n<li type=\"disc\">Zul\u00e4ssiger Umgebungstemperaturbereich 5 &#8211; 40 \u00b0C<\/li>\n<li type=\"disc\">Zul\u00e4ssige Relative Feuchte 80 %<\/li>\n<li type=\"disc\">Schutzart nach DIN EN 60529 IP 21<\/li>\n<li type=\"disc\">Spannung 230 \/ 120 \/ 100 V, 50\/60 Hz<\/li>\n<\/ul>\n<table border=\"1\" width=\"640\" cellspacing=\"2\" cellpadding=\"0\">\n<tbody>\n<tr>\n<td>Referenz<\/td>\n<td width=\"101\">R\u00fchrmenge max. (H2O)<\/td>\n<td width=\"124\">Aufstellfl\u00e4che Abmessungen (mm)<\/td>\n<td width=\"109\">Abmessungen (B x H x T) (mm)<\/td>\n<td width=\"99\">Gewicht (kg)<\/td>\n<td>Ger\u00e4teaufnahmeleistung (W)<\/td>\n<\/tr>\n<tr>\n<td>HS4<\/td>\n<td width=\"101\">5<\/td>\n<td width=\"124\">100 x 100<\/td>\n<td width=\"109\">150 x 105 x 260<\/td>\n<td width=\"99\">3<\/td>\n<td>270<\/td>\n<\/tr>\n<tr>\n<td>HS7<\/td>\n<td width=\"101\">10<\/td>\n<td width=\"124\">180 x 180<\/td>\n<td width=\"109\">220 x 105 x 330<\/td>\n<td width=\"99\">5<\/td>\n<td>1020<\/td>\n<\/tr>\n<tr>\n<td>HS10<\/td>\n<td width=\"101\">15<\/td>\n<td width=\"124\">260 x 260<\/td>\n<td width=\"109\">300 x 105 x 415<\/td>\n<td width=\"99\">6<\/td>\n<td>1520<\/td>\n<\/tr>\n<\/tbody>\n<\/table>\n","protected":false},"excerpt":{"rendered":"<p>Magnetr\u00fchrer mit Heizung<\/p>\n","protected":false},"featured_media":1087,"template":"","meta":{"_crdt_document":""},"product_brand":[],"product_cat":[161,87],"product_tag":[],"class_list":{"0":"post-2472","1":"product","2":"type-product","3":"status-publish","4":"has-post-thumbnail","6":"product_cat-magnet","7":"product_cat-ruehren","9":"first","10":"instock","11":"taxable","12":"shipping-taxable","13":"purchasable","14":"product-type-variable"},"yoast_head":"<!-- This site is optimized with the Yoast SEO plugin v27.3 - https:\/\/yoast.com\/product\/yoast-seo-wordpress\/ -->\n<title>Magnetr\u00fchrer mit Heizung C-MAG HS - Sysmatec<\/title>\n<meta name=\"description\" content=\"Beheizter Magnetr\u00fchrer. R\u00fchrgeschwindigkeiten von 100 bis 1.500 U\/min. Heizbereich von 50 bis 500\u00b0C.\" \/>\n<meta name=\"robots\" content=\"index, follow, max-snippet:-1, max-image-preview:large, max-video-preview:-1\" \/>\n<link rel=\"canonical\" href=\"https:\/\/sysmatec.ch\/de\/produit\/magnetruehrer-mit-heizung-c-mag-hs\/\" \/>\n<meta property=\"og:locale\" content=\"de_DE\" \/>\n<meta property=\"og:type\" content=\"article\" \/>\n<meta property=\"og:title\" content=\"Magnetr\u00fchrer mit Heizung C-MAG HS - Sysmatec\" \/>\n<meta property=\"og:description\" content=\"Beheizter Magnetr\u00fchrer. R\u00fchrgeschwindigkeiten von 100 bis 1.500 U\/min. Heizbereich von 50 bis 500\u00b0C.\" \/>\n<meta property=\"og:url\" content=\"https:\/\/sysmatec.ch\/de\/produit\/magnetruehrer-mit-heizung-c-mag-hs\/\" \/>\n<meta property=\"og:site_name\" content=\"Sysmatec\" \/>\n<meta property=\"article:modified_time\" content=\"2022-03-12T15:47:18+00:00\" \/>\n<meta property=\"og:image\" content=\"https:\/\/sysmatec.ch\/wp-content\/uploads\/2019\/01\/Agitateur_IKACMAGHS.jpg\" \/>\n\t<meta property=\"og:image:width\" content=\"196\" \/>\n\t<meta property=\"og:image:height\" content=\"136\" \/>\n\t<meta property=\"og:image:type\" content=\"image\/jpeg\" \/>\n<meta name=\"twitter:card\" content=\"summary_large_image\" \/>\n<meta name=\"twitter:label1\" content=\"Gesch\u00e4tzte Lesezeit\" \/>\n\t<meta name=\"twitter:data1\" content=\"1\u00a0Minute\" \/>\n<script type=\"application\/ld+json\" class=\"yoast-schema-graph\">{\"@context\":\"https:\\\/\\\/schema.org\",\"@graph\":[{\"@type\":\"WebPage\",\"@id\":\"https:\\\/\\\/sysmatec.ch\\\/de\\\/produit\\\/magnetruehrer-mit-heizung-c-mag-hs\\\/\",\"url\":\"https:\\\/\\\/sysmatec.ch\\\/de\\\/produit\\\/magnetruehrer-mit-heizung-c-mag-hs\\\/\",\"name\":\"Magnetr\u00fchrer mit Heizung C-MAG HS - Sysmatec\",\"isPartOf\":{\"@id\":\"https:\\\/\\\/sysmatec.ch\\\/de\\\/#website\"},\"primaryImageOfPage\":{\"@id\":\"https:\\\/\\\/sysmatec.ch\\\/de\\\/produit\\\/magnetruehrer-mit-heizung-c-mag-hs\\\/#primaryimage\"},\"image\":{\"@id\":\"https:\\\/\\\/sysmatec.ch\\\/de\\\/produit\\\/magnetruehrer-mit-heizung-c-mag-hs\\\/#primaryimage\"},\"thumbnailUrl\":\"https:\\\/\\\/sysmatec.ch\\\/wp-content\\\/uploads\\\/2019\\\/01\\\/Agitateur_IKACMAGHS.jpg\",\"datePublished\":\"2019-01-03T09:20:46+00:00\",\"dateModified\":\"2022-03-12T15:47:18+00:00\",\"description\":\"Beheizter Magnetr\u00fchrer. R\u00fchrgeschwindigkeiten von 100 bis 1.500 U\\\/min. Heizbereich von 50 bis 500\u00b0C.\",\"breadcrumb\":{\"@id\":\"https:\\\/\\\/sysmatec.ch\\\/de\\\/produit\\\/magnetruehrer-mit-heizung-c-mag-hs\\\/#breadcrumb\"},\"inLanguage\":\"de\",\"potentialAction\":[{\"@type\":\"ReadAction\",\"target\":[\"https:\\\/\\\/sysmatec.ch\\\/de\\\/produit\\\/magnetruehrer-mit-heizung-c-mag-hs\\\/\"]}]},{\"@type\":\"ImageObject\",\"inLanguage\":\"de\",\"@id\":\"https:\\\/\\\/sysmatec.ch\\\/de\\\/produit\\\/magnetruehrer-mit-heizung-c-mag-hs\\\/#primaryimage\",\"url\":\"https:\\\/\\\/sysmatec.ch\\\/wp-content\\\/uploads\\\/2019\\\/01\\\/Agitateur_IKACMAGHS.jpg\",\"contentUrl\":\"https:\\\/\\\/sysmatec.ch\\\/wp-content\\\/uploads\\\/2019\\\/01\\\/Agitateur_IKACMAGHS.jpg\",\"width\":196,\"height\":136},{\"@type\":\"BreadcrumbList\",\"@id\":\"https:\\\/\\\/sysmatec.ch\\\/de\\\/produit\\\/magnetruehrer-mit-heizung-c-mag-hs\\\/#breadcrumb\",\"itemListElement\":[{\"@type\":\"ListItem\",\"position\":1,\"name\":\"Accueil\",\"item\":\"https:\\\/\\\/sysmatec.ch\\\/de\\\/\"},{\"@type\":\"ListItem\",\"position\":2,\"name\":\"Die Aktivit\u00e4t von Sysmatec\",\"item\":\"https:\\\/\\\/sysmatec.ch\\\/de\\\/\"},{\"@type\":\"ListItem\",\"position\":3,\"name\":\"Magnetr\u00fchrer mit Heizung C-MAG HS\"}]},{\"@type\":\"WebSite\",\"@id\":\"https:\\\/\\\/sysmatec.ch\\\/de\\\/#website\",\"url\":\"https:\\\/\\\/sysmatec.ch\\\/de\\\/\",\"name\":\"Sysmatec\",\"description\":\"Equipement de laboratoire et logiciels\",\"publisher\":{\"@id\":\"https:\\\/\\\/sysmatec.ch\\\/de\\\/#organization\"},\"potentialAction\":[{\"@type\":\"SearchAction\",\"target\":{\"@type\":\"EntryPoint\",\"urlTemplate\":\"https:\\\/\\\/sysmatec.ch\\\/de\\\/?s={search_term_string}\"},\"query-input\":{\"@type\":\"PropertyValueSpecification\",\"valueRequired\":true,\"valueName\":\"search_term_string\"}}],\"inLanguage\":\"de\"},{\"@type\":\"Organization\",\"@id\":\"https:\\\/\\\/sysmatec.ch\\\/de\\\/#organization\",\"name\":\"Sysmatec\",\"url\":\"https:\\\/\\\/sysmatec.ch\\\/de\\\/\",\"logo\":{\"@type\":\"ImageObject\",\"inLanguage\":\"de\",\"@id\":\"https:\\\/\\\/sysmatec.ch\\\/de\\\/#\\\/schema\\\/logo\\\/image\\\/\",\"url\":\"https:\\\/\\\/sysmatec.ch\\\/wp-content\\\/uploads\\\/2018\\\/11\\\/LogoSysmatec.jpg\",\"contentUrl\":\"https:\\\/\\\/sysmatec.ch\\\/wp-content\\\/uploads\\\/2018\\\/11\\\/LogoSysmatec.jpg\",\"width\":301,\"height\":297,\"caption\":\"Sysmatec\"},\"image\":{\"@id\":\"https:\\\/\\\/sysmatec.ch\\\/de\\\/#\\\/schema\\\/logo\\\/image\\\/\"}}]}<\/script>\n<!-- \/ Yoast SEO plugin. -->","yoast_head_json":{"title":"Magnetr\u00fchrer mit Heizung C-MAG HS - Sysmatec","description":"Beheizter Magnetr\u00fchrer. R\u00fchrgeschwindigkeiten von 100 bis 1.500 U\/min. Heizbereich von 50 bis 500\u00b0C.","robots":{"index":"index","follow":"follow","max-snippet":"max-snippet:-1","max-image-preview":"max-image-preview:large","max-video-preview":"max-video-preview:-1"},"canonical":"https:\/\/sysmatec.ch\/de\/produit\/magnetruehrer-mit-heizung-c-mag-hs\/","og_locale":"de_DE","og_type":"article","og_title":"Magnetr\u00fchrer mit Heizung C-MAG HS - Sysmatec","og_description":"Beheizter Magnetr\u00fchrer. R\u00fchrgeschwindigkeiten von 100 bis 1.500 U\/min. Heizbereich von 50 bis 500\u00b0C.","og_url":"https:\/\/sysmatec.ch\/de\/produit\/magnetruehrer-mit-heizung-c-mag-hs\/","og_site_name":"Sysmatec","article_modified_time":"2022-03-12T15:47:18+00:00","og_image":[{"width":196,"height":136,"url":"https:\/\/sysmatec.ch\/wp-content\/uploads\/2019\/01\/Agitateur_IKACMAGHS.jpg","type":"image\/jpeg"}],"twitter_card":"summary_large_image","twitter_misc":{"Gesch\u00e4tzte Lesezeit":"1\u00a0Minute"},"schema":{"@context":"https:\/\/schema.org","@graph":[{"@type":"WebPage","@id":"https:\/\/sysmatec.ch\/de\/produit\/magnetruehrer-mit-heizung-c-mag-hs\/","url":"https:\/\/sysmatec.ch\/de\/produit\/magnetruehrer-mit-heizung-c-mag-hs\/","name":"Magnetr\u00fchrer mit Heizung C-MAG HS - Sysmatec","isPartOf":{"@id":"https:\/\/sysmatec.ch\/de\/#website"},"primaryImageOfPage":{"@id":"https:\/\/sysmatec.ch\/de\/produit\/magnetruehrer-mit-heizung-c-mag-hs\/#primaryimage"},"image":{"@id":"https:\/\/sysmatec.ch\/de\/produit\/magnetruehrer-mit-heizung-c-mag-hs\/#primaryimage"},"thumbnailUrl":"https:\/\/sysmatec.ch\/wp-content\/uploads\/2019\/01\/Agitateur_IKACMAGHS.jpg","datePublished":"2019-01-03T09:20:46+00:00","dateModified":"2022-03-12T15:47:18+00:00","description":"Beheizter Magnetr\u00fchrer. R\u00fchrgeschwindigkeiten von 100 bis 1.500 U\/min. Heizbereich von 50 bis 500\u00b0C.","breadcrumb":{"@id":"https:\/\/sysmatec.ch\/de\/produit\/magnetruehrer-mit-heizung-c-mag-hs\/#breadcrumb"},"inLanguage":"de","potentialAction":[{"@type":"ReadAction","target":["https:\/\/sysmatec.ch\/de\/produit\/magnetruehrer-mit-heizung-c-mag-hs\/"]}]},{"@type":"ImageObject","inLanguage":"de","@id":"https:\/\/sysmatec.ch\/de\/produit\/magnetruehrer-mit-heizung-c-mag-hs\/#primaryimage","url":"https:\/\/sysmatec.ch\/wp-content\/uploads\/2019\/01\/Agitateur_IKACMAGHS.jpg","contentUrl":"https:\/\/sysmatec.ch\/wp-content\/uploads\/2019\/01\/Agitateur_IKACMAGHS.jpg","width":196,"height":136},{"@type":"BreadcrumbList","@id":"https:\/\/sysmatec.ch\/de\/produit\/magnetruehrer-mit-heizung-c-mag-hs\/#breadcrumb","itemListElement":[{"@type":"ListItem","position":1,"name":"Accueil","item":"https:\/\/sysmatec.ch\/de\/"},{"@type":"ListItem","position":2,"name":"Die Aktivit\u00e4t von Sysmatec","item":"https:\/\/sysmatec.ch\/de\/"},{"@type":"ListItem","position":3,"name":"Magnetr\u00fchrer mit Heizung C-MAG HS"}]},{"@type":"WebSite","@id":"https:\/\/sysmatec.ch\/de\/#website","url":"https:\/\/sysmatec.ch\/de\/","name":"Sysmatec","description":"Equipement de laboratoire et logiciels","publisher":{"@id":"https:\/\/sysmatec.ch\/de\/#organization"},"potentialAction":[{"@type":"SearchAction","target":{"@type":"EntryPoint","urlTemplate":"https:\/\/sysmatec.ch\/de\/?s={search_term_string}"},"query-input":{"@type":"PropertyValueSpecification","valueRequired":true,"valueName":"search_term_string"}}],"inLanguage":"de"},{"@type":"Organization","@id":"https:\/\/sysmatec.ch\/de\/#organization","name":"Sysmatec","url":"https:\/\/sysmatec.ch\/de\/","logo":{"@type":"ImageObject","inLanguage":"de","@id":"https:\/\/sysmatec.ch\/de\/#\/schema\/logo\/image\/","url":"https:\/\/sysmatec.ch\/wp-content\/uploads\/2018\/11\/LogoSysmatec.jpg","contentUrl":"https:\/\/sysmatec.ch\/wp-content\/uploads\/2018\/11\/LogoSysmatec.jpg","width":301,"height":297,"caption":"Sysmatec"},"image":{"@id":"https:\/\/sysmatec.ch\/de\/#\/schema\/logo\/image\/"}}]}},"_links":{"self":[{"href":"https:\/\/sysmatec.ch\/de\/wp-json\/wp\/v2\/product\/2472","targetHints":{"allow":["GET"]}}],"collection":[{"href":"https:\/\/sysmatec.ch\/de\/wp-json\/wp\/v2\/product"}],"about":[{"href":"https:\/\/sysmatec.ch\/de\/wp-json\/wp\/v2\/types\/product"}],"wp:featuredmedia":[{"embeddable":true,"href":"https:\/\/sysmatec.ch\/de\/wp-json\/wp\/v2\/media\/1087"}],"wp:attachment":[{"href":"https:\/\/sysmatec.ch\/de\/wp-json\/wp\/v2\/media?parent=2472"}],"wp:term":[{"taxonomy":"product_brand","embeddable":true,"href":"https:\/\/sysmatec.ch\/de\/wp-json\/wp\/v2\/product_brand?post=2472"},{"taxonomy":"product_cat","embeddable":true,"href":"https:\/\/sysmatec.ch\/de\/wp-json\/wp\/v2\/product_cat?post=2472"},{"taxonomy":"product_tag","embeddable":true,"href":"https:\/\/sysmatec.ch\/de\/wp-json\/wp\/v2\/product_tag?post=2472"}],"curies":[{"name":"wp","href":"https:\/\/api.w.org\/{rel}","templated":true}]}}