{"id":24714,"date":"2021-04-07T18:39:12","date_gmt":"2021-04-07T16:39:12","guid":{"rendered":"https:\/\/sysmatec.ch\/?post_type=product&#038;p=24714"},"modified":"2021-11-22T21:58:11","modified_gmt":"2021-11-22T20:58:11","slug":"kranwaage-hfc","status":"publish","type":"product","link":"https:\/\/sysmatec.ch\/de\/Produkt\/kranwaage-hfc\/","title":{"rendered":"Kranwaage HFC"},"content":{"rendered":"<ul id=\"kernList1\">\n<li>\n<div id=\"verweis_01\">Die Waage entspricht mit dem Pr\u00fcfzeichen T\u00dcV den Anforderungen der Norm EN 13155 (Lose Lastaufnehmer\/Bruchsicherheit) und EN 61010-1 (Elektrische Sicherheit)<\/div>\n<\/li>\n<li>Die hochwertige Verarbeitung, das geringe Eigengewicht und die kompakten Abmessungen machen diese Kranwaage (Zugkraftmessger\u00e4t) zu einem unverzichtbaren Messger\u00e4t in der Industrie, auf Baustellen, in Frachtzentren, Hafenanlagen etc.<\/li>\n<li>Durch die kompakte Bauform auch gut geeignet zum platzsparenden Einbau in Anlagen etc.<\/li>\n<li>Spitzenlast-Anzeige (<a>Peak<\/a>-Hold)<\/li>\n<li><a>Hold-Funktion<\/a>: bei W\u00e4gestillstand wird die Gewichtsanzeige automatisch bis zur Bet\u00e4tigung der HOLD-Taste \u201eeingefroren\u201c<\/li>\n<li>Tarieren: R\u00fccksetzen der Anzeige auf \u201e0\u201c bei belasteter Waage. Jetzt werden entnommene bzw. hinzugef\u00fcgte Lasten direkt angezeigt<\/li>\n<li>Auswerteger\u00e4t mit integriertem Funkmodul, das der Anwender dank der praktischen Handschlaufe stets bei sich tragen kann. So k\u00f6nnen die W\u00e4gedaten auch bei gro\u00dfer Entfernung zum Lastaufnehmer (Zugkraftmessung) oder bei ung\u00fcnstigen Lichtverh\u00e4ltnissen stets ideal vom Anwender am Auswerteger\u00e4t abgelesen werden. Serienm\u00e4\u00dfig. Reichweite bis zu 100 m. Alle Funktionen sind anw\u00e4hlbar. LCD-Display, Ziffernh\u00f6he 23 mm, Akkubetrieb intern, serienm\u00e4\u00dfig. Betriebsdauer bis zu 80 h ohne\u00a0<a>Hinterleuchtung<\/a>, Ladezeit ca. 12 h. Kann nachbestellt werden,\u00a0KERN HFC-A01<\/li>\n<li>Abmessungen Geh\u00e4use (Auswerteger\u00e4t) B\u00d7T\u00d7H 88\u00d764\u00d7256 mm<\/li>\n<li>Material &amp; Ausf\u00fchrung von Geh\u00e4use\/Lastaufnehmer, Modelle mit\n<ul id=\"kernList2\">\n<li>[Max] \u2264 3 t: Aluminium\/Edelstahlbuchse<\/li>\n<li>[Max] &gt; 3 t: Stahl\/Stahl<\/li>\n<\/ul>\n<\/li>\n<\/ul>\n<table border=\"1\" width=\"511\" cellspacing=\"0\" cellpadding=\"2\">\n<tbody>\n<tr>\n<td>Waage Modell<\/td>\n<td width=\"10%\">Abelesbarkeit<\/td>\n<td width=\"10%\">W\u00e4gebereich<\/td>\n<\/tr>\n<tr>\n<td><\/td>\n<td width=\"10%\">g<\/td>\n<td width=\"10%\">kg<\/td>\n<\/tr>\n<tr>\n<td>HFC 600K-1<\/td>\n<td width=\"10%\">200<\/td>\n<td width=\"10%\">600<\/td>\n<\/tr>\n<tr>\n<td>HFC 1T-4<\/td>\n<td width=\"10%\">500<\/td>\n<td width=\"10%\">1000<\/td>\n<\/tr>\n<tr>\n<td>HFC 3T-3<\/td>\n<td width=\"10%\">1000<\/td>\n<td width=\"10%\">3000<\/td>\n<\/tr>\n<tr>\n<td>HFC 5T-3<\/td>\n<td width=\"10%\">2000<\/td>\n<td width=\"10%\">5000<\/td>\n<\/tr>\n<tr>\n<td>HFC 10T-3<\/td>\n<td width=\"10%\">5000<\/td>\n<td width=\"10%\">10000<\/td>\n<\/tr>\n<\/tbody>\n<\/table>\n","protected":false},"excerpt":{"rendered":"<p><span class=\"VIiyi\" lang=\"de\"><span class=\"JLqJ4b ChMk0b\" data-language-for-alternatives=\"de\" data-language-to-translate-into=\"fr\" data-phrase-index=\"0\">Kranwaage mit Haken f\u00fcr Gewicht von 0-600 kg bis 0-10000 kg, batteriebetrieben f\u00fcr den mobilen Einsatz. Mit Auswerteger\u00e4t mit integriertem Funkmodul. Kompakt<\/span><\/span><\/p>\n","protected":false},"featured_media":24763,"template":"","meta":{"_crdt_document":""},"product_brand":[],"product_cat":[165,343],"product_tag":[],"class_list":{"0":"post-24714","1":"product","2":"type-product","3":"status-publish","4":"has-post-thumbnail","6":"product_cat-gewicht","7":"product_cat-mobile-de","9":"first","10":"instock","11":"taxable","12":"shipping-taxable","13":"purchasable","14":"product-type-variable"},"yoast_head":"<!-- This site is optimized with the Yoast SEO plugin v27.3 - https:\/\/yoast.com\/product\/yoast-seo-wordpress\/ -->\n<title>Kranwaage HFC - Sysmatec<\/title>\n<meta name=\"description\" content=\"Dynamometer oder Kranwaage mit hintergrundbeleuchtetem Display auf der Fernbedienung, verschiedene Versionen f\u00fcr den Bereich von 0 bis 10 Tonnen.\" \/>\n<meta name=\"robots\" content=\"index, follow, max-snippet:-1, max-image-preview:large, max-video-preview:-1\" \/>\n<link rel=\"canonical\" href=\"https:\/\/sysmatec.ch\/de\/produit\/kranwaage-hfc\/\" \/>\n<meta property=\"og:locale\" content=\"de_DE\" \/>\n<meta property=\"og:type\" content=\"article\" \/>\n<meta property=\"og:title\" content=\"Kranwaage HFC - Sysmatec\" \/>\n<meta property=\"og:description\" content=\"Dynamometer oder Kranwaage mit hintergrundbeleuchtetem Display auf der Fernbedienung, verschiedene Versionen f\u00fcr den Bereich von 0 bis 10 Tonnen.\" \/>\n<meta property=\"og:url\" content=\"https:\/\/sysmatec.ch\/de\/produit\/kranwaage-hfc\/\" \/>\n<meta property=\"og:site_name\" content=\"Sysmatec\" \/>\n<meta property=\"article:modified_time\" content=\"2021-11-22T20:58:11+00:00\" \/>\n<meta property=\"og:image\" content=\"https:\/\/sysmatec.ch\/wp-content\/uploads\/2021\/04\/Balance_HFC-scaled.jpg\" \/>\n\t<meta property=\"og:image:width\" content=\"2560\" \/>\n\t<meta property=\"og:image:height\" content=\"1475\" \/>\n\t<meta property=\"og:image:type\" content=\"image\/jpeg\" \/>\n<meta name=\"twitter:card\" content=\"summary_large_image\" \/>\n<meta name=\"twitter:label1\" content=\"Gesch\u00e4tzte Lesezeit\" \/>\n\t<meta name=\"twitter:data1\" content=\"1\u00a0Minute\" \/>\n<script type=\"application\/ld+json\" class=\"yoast-schema-graph\">{\"@context\":\"https:\\\/\\\/schema.org\",\"@graph\":[{\"@type\":\"WebPage\",\"@id\":\"https:\\\/\\\/sysmatec.ch\\\/de\\\/produit\\\/kranwaage-hfc\\\/\",\"url\":\"https:\\\/\\\/sysmatec.ch\\\/de\\\/produit\\\/kranwaage-hfc\\\/\",\"name\":\"Kranwaage HFC - Sysmatec\",\"isPartOf\":{\"@id\":\"https:\\\/\\\/sysmatec.ch\\\/de\\\/#website\"},\"primaryImageOfPage\":{\"@id\":\"https:\\\/\\\/sysmatec.ch\\\/de\\\/produit\\\/kranwaage-hfc\\\/#primaryimage\"},\"image\":{\"@id\":\"https:\\\/\\\/sysmatec.ch\\\/de\\\/produit\\\/kranwaage-hfc\\\/#primaryimage\"},\"thumbnailUrl\":\"https:\\\/\\\/sysmatec.ch\\\/wp-content\\\/uploads\\\/2021\\\/04\\\/Balance_HFC-scaled.jpg\",\"datePublished\":\"2021-04-07T16:39:12+00:00\",\"dateModified\":\"2021-11-22T20:58:11+00:00\",\"description\":\"Dynamometer oder Kranwaage mit hintergrundbeleuchtetem Display auf der Fernbedienung, verschiedene Versionen f\u00fcr den Bereich von 0 bis 10 Tonnen.\",\"breadcrumb\":{\"@id\":\"https:\\\/\\\/sysmatec.ch\\\/de\\\/produit\\\/kranwaage-hfc\\\/#breadcrumb\"},\"inLanguage\":\"de\",\"potentialAction\":[{\"@type\":\"ReadAction\",\"target\":[\"https:\\\/\\\/sysmatec.ch\\\/de\\\/produit\\\/kranwaage-hfc\\\/\"]}]},{\"@type\":\"ImageObject\",\"inLanguage\":\"de\",\"@id\":\"https:\\\/\\\/sysmatec.ch\\\/de\\\/produit\\\/kranwaage-hfc\\\/#primaryimage\",\"url\":\"https:\\\/\\\/sysmatec.ch\\\/wp-content\\\/uploads\\\/2021\\\/04\\\/Balance_HFC-scaled.jpg\",\"contentUrl\":\"https:\\\/\\\/sysmatec.ch\\\/wp-content\\\/uploads\\\/2021\\\/04\\\/Balance_HFC-scaled.jpg\",\"width\":2560,\"height\":1475},{\"@type\":\"BreadcrumbList\",\"@id\":\"https:\\\/\\\/sysmatec.ch\\\/de\\\/produit\\\/kranwaage-hfc\\\/#breadcrumb\",\"itemListElement\":[{\"@type\":\"ListItem\",\"position\":1,\"name\":\"Accueil\",\"item\":\"https:\\\/\\\/sysmatec.ch\\\/de\\\/\"},{\"@type\":\"ListItem\",\"position\":2,\"name\":\"Die Aktivit\u00e4t von Sysmatec\",\"item\":\"https:\\\/\\\/sysmatec.ch\\\/de\\\/\"},{\"@type\":\"ListItem\",\"position\":3,\"name\":\"Kranwaage HFC\"}]},{\"@type\":\"WebSite\",\"@id\":\"https:\\\/\\\/sysmatec.ch\\\/de\\\/#website\",\"url\":\"https:\\\/\\\/sysmatec.ch\\\/de\\\/\",\"name\":\"Sysmatec\",\"description\":\"Equipement de laboratoire et logiciels\",\"publisher\":{\"@id\":\"https:\\\/\\\/sysmatec.ch\\\/de\\\/#organization\"},\"potentialAction\":[{\"@type\":\"SearchAction\",\"target\":{\"@type\":\"EntryPoint\",\"urlTemplate\":\"https:\\\/\\\/sysmatec.ch\\\/de\\\/?s={search_term_string}\"},\"query-input\":{\"@type\":\"PropertyValueSpecification\",\"valueRequired\":true,\"valueName\":\"search_term_string\"}}],\"inLanguage\":\"de\"},{\"@type\":\"Organization\",\"@id\":\"https:\\\/\\\/sysmatec.ch\\\/de\\\/#organization\",\"name\":\"Sysmatec\",\"url\":\"https:\\\/\\\/sysmatec.ch\\\/de\\\/\",\"logo\":{\"@type\":\"ImageObject\",\"inLanguage\":\"de\",\"@id\":\"https:\\\/\\\/sysmatec.ch\\\/de\\\/#\\\/schema\\\/logo\\\/image\\\/\",\"url\":\"https:\\\/\\\/sysmatec.ch\\\/wp-content\\\/uploads\\\/2018\\\/11\\\/LogoSysmatec.jpg\",\"contentUrl\":\"https:\\\/\\\/sysmatec.ch\\\/wp-content\\\/uploads\\\/2018\\\/11\\\/LogoSysmatec.jpg\",\"width\":301,\"height\":297,\"caption\":\"Sysmatec\"},\"image\":{\"@id\":\"https:\\\/\\\/sysmatec.ch\\\/de\\\/#\\\/schema\\\/logo\\\/image\\\/\"}}]}<\/script>\n<!-- \/ Yoast SEO plugin. -->","yoast_head_json":{"title":"Kranwaage HFC - Sysmatec","description":"Dynamometer oder Kranwaage mit hintergrundbeleuchtetem Display auf der Fernbedienung, verschiedene Versionen f\u00fcr den Bereich von 0 bis 10 Tonnen.","robots":{"index":"index","follow":"follow","max-snippet":"max-snippet:-1","max-image-preview":"max-image-preview:large","max-video-preview":"max-video-preview:-1"},"canonical":"https:\/\/sysmatec.ch\/de\/produit\/kranwaage-hfc\/","og_locale":"de_DE","og_type":"article","og_title":"Kranwaage HFC - Sysmatec","og_description":"Dynamometer oder Kranwaage mit hintergrundbeleuchtetem Display auf der Fernbedienung, verschiedene Versionen f\u00fcr den Bereich von 0 bis 10 Tonnen.","og_url":"https:\/\/sysmatec.ch\/de\/produit\/kranwaage-hfc\/","og_site_name":"Sysmatec","article_modified_time":"2021-11-22T20:58:11+00:00","og_image":[{"width":2560,"height":1475,"url":"https:\/\/sysmatec.ch\/wp-content\/uploads\/2021\/04\/Balance_HFC-scaled.jpg","type":"image\/jpeg"}],"twitter_card":"summary_large_image","twitter_misc":{"Gesch\u00e4tzte Lesezeit":"1\u00a0Minute"},"schema":{"@context":"https:\/\/schema.org","@graph":[{"@type":"WebPage","@id":"https:\/\/sysmatec.ch\/de\/produit\/kranwaage-hfc\/","url":"https:\/\/sysmatec.ch\/de\/produit\/kranwaage-hfc\/","name":"Kranwaage HFC - Sysmatec","isPartOf":{"@id":"https:\/\/sysmatec.ch\/de\/#website"},"primaryImageOfPage":{"@id":"https:\/\/sysmatec.ch\/de\/produit\/kranwaage-hfc\/#primaryimage"},"image":{"@id":"https:\/\/sysmatec.ch\/de\/produit\/kranwaage-hfc\/#primaryimage"},"thumbnailUrl":"https:\/\/sysmatec.ch\/wp-content\/uploads\/2021\/04\/Balance_HFC-scaled.jpg","datePublished":"2021-04-07T16:39:12+00:00","dateModified":"2021-11-22T20:58:11+00:00","description":"Dynamometer oder Kranwaage mit hintergrundbeleuchtetem Display auf der Fernbedienung, verschiedene Versionen f\u00fcr den Bereich von 0 bis 10 Tonnen.","breadcrumb":{"@id":"https:\/\/sysmatec.ch\/de\/produit\/kranwaage-hfc\/#breadcrumb"},"inLanguage":"de","potentialAction":[{"@type":"ReadAction","target":["https:\/\/sysmatec.ch\/de\/produit\/kranwaage-hfc\/"]}]},{"@type":"ImageObject","inLanguage":"de","@id":"https:\/\/sysmatec.ch\/de\/produit\/kranwaage-hfc\/#primaryimage","url":"https:\/\/sysmatec.ch\/wp-content\/uploads\/2021\/04\/Balance_HFC-scaled.jpg","contentUrl":"https:\/\/sysmatec.ch\/wp-content\/uploads\/2021\/04\/Balance_HFC-scaled.jpg","width":2560,"height":1475},{"@type":"BreadcrumbList","@id":"https:\/\/sysmatec.ch\/de\/produit\/kranwaage-hfc\/#breadcrumb","itemListElement":[{"@type":"ListItem","position":1,"name":"Accueil","item":"https:\/\/sysmatec.ch\/de\/"},{"@type":"ListItem","position":2,"name":"Die Aktivit\u00e4t von Sysmatec","item":"https:\/\/sysmatec.ch\/de\/"},{"@type":"ListItem","position":3,"name":"Kranwaage HFC"}]},{"@type":"WebSite","@id":"https:\/\/sysmatec.ch\/de\/#website","url":"https:\/\/sysmatec.ch\/de\/","name":"Sysmatec","description":"Equipement de laboratoire et logiciels","publisher":{"@id":"https:\/\/sysmatec.ch\/de\/#organization"},"potentialAction":[{"@type":"SearchAction","target":{"@type":"EntryPoint","urlTemplate":"https:\/\/sysmatec.ch\/de\/?s={search_term_string}"},"query-input":{"@type":"PropertyValueSpecification","valueRequired":true,"valueName":"search_term_string"}}],"inLanguage":"de"},{"@type":"Organization","@id":"https:\/\/sysmatec.ch\/de\/#organization","name":"Sysmatec","url":"https:\/\/sysmatec.ch\/de\/","logo":{"@type":"ImageObject","inLanguage":"de","@id":"https:\/\/sysmatec.ch\/de\/#\/schema\/logo\/image\/","url":"https:\/\/sysmatec.ch\/wp-content\/uploads\/2018\/11\/LogoSysmatec.jpg","contentUrl":"https:\/\/sysmatec.ch\/wp-content\/uploads\/2018\/11\/LogoSysmatec.jpg","width":301,"height":297,"caption":"Sysmatec"},"image":{"@id":"https:\/\/sysmatec.ch\/de\/#\/schema\/logo\/image\/"}}]}},"_links":{"self":[{"href":"https:\/\/sysmatec.ch\/de\/wp-json\/wp\/v2\/product\/24714","targetHints":{"allow":["GET"]}}],"collection":[{"href":"https:\/\/sysmatec.ch\/de\/wp-json\/wp\/v2\/product"}],"about":[{"href":"https:\/\/sysmatec.ch\/de\/wp-json\/wp\/v2\/types\/product"}],"wp:featuredmedia":[{"embeddable":true,"href":"https:\/\/sysmatec.ch\/de\/wp-json\/wp\/v2\/media\/24763"}],"wp:attachment":[{"href":"https:\/\/sysmatec.ch\/de\/wp-json\/wp\/v2\/media?parent=24714"}],"wp:term":[{"taxonomy":"product_brand","embeddable":true,"href":"https:\/\/sysmatec.ch\/de\/wp-json\/wp\/v2\/product_brand?post=24714"},{"taxonomy":"product_cat","embeddable":true,"href":"https:\/\/sysmatec.ch\/de\/wp-json\/wp\/v2\/product_cat?post=24714"},{"taxonomy":"product_tag","embeddable":true,"href":"https:\/\/sysmatec.ch\/de\/wp-json\/wp\/v2\/product_tag?post=24714"}],"curies":[{"name":"wp","href":"https:\/\/api.w.org\/{rel}","templated":true}]}}