{"id":2468,"date":"2019-01-03T10:36:41","date_gmt":"2019-01-03T09:36:41","guid":{"rendered":"https:\/\/sysmatec.ch\/produit\/agitateur-magnetique-multiposte-avec-chauffage-ika-rt5-rt10-rt15\/"},"modified":"2022-03-12T16:19:52","modified_gmt":"2022-03-12T15:19:52","slug":"magnetruehrer-mit-heizung-ika-rt5-rt10-rt15","status":"publish","type":"product","link":"https:\/\/sysmatec.ch\/de\/Produkt\/magnetruehrer-mit-heizung-ika-rt5-rt10-rt15\/","title":{"rendered":"Magnetr\u00fchrer mit Heizung IKA RT5\/RT10\/RT15"},"content":{"rendered":"<p>Die RT 5\/10\/15 power sind leistungsstarke Mehrstellenmagnetr\u00fchrer mit 5-15 R\u00fchrstellen und integrierter Temperierfolie. Die gleichm\u00e4\u00dfige Temperaturverteilung auf der Heizplatte erm\u00f6glicht es, Reihenuntersuchungen durchzuf\u00fchren.<\/p>\n<p>Synchron laufende R\u00fchrstellen<\/p>\n<p>Absolute Vergleichbarkeit der Versuchsbedingungen der einzelnen Proben<\/p>\n<p>Technische Daten<\/p>\n<ul>\n<li type=\"disc\">R\u00fchrmenge max. pro R\u00fchrstelle (H2O) 0.4 l<\/li>\n<li type=\"disc\">R\u00fchrstellenabstand 90 mm<\/li>\n<li type=\"disc\">Drehzahlabweichung der einzelnen R\u00fchrstellen 5 %<\/li>\n<li type=\"disc\">Motorleistung Aufnahme 21.6 W<\/li>\n<li type=\"disc\">Motorleistung Abgabe 5.4 W<\/li>\n<li type=\"disc\">Drehzahlbereich 0 &#8211; 1100 rpm<\/li>\n<li type=\"disc\">R\u00fchrst\u00e4bchenl\u00e4nge max. 30 mm<\/li>\n<li type=\"disc\">Heiztemperaturbereich Raumtemp. &#8211; 120 \u00b0C<\/li>\n<li type=\"disc\">Mediumstemperatur max. (je nach Gef\u00e4\u00df) 70 \u00b0C<\/li>\n<li type=\"disc\">Einstellm\u00f6glichkeit Heiztemperatur Skala 1-10<\/li>\n<li type=\"disc\">Einstellm\u00f6glichkeit Drehzahl Skala 1-10<\/li>\n<li type=\"disc\">Temperaturkonstanz im Medium 2 \u00b1K<\/li>\n<li type=\"disc\">Aufstellfl\u00e4che Werkstoff Silikonfolie<\/li>\n<li type=\"disc\">Zul\u00e4ssiger Umgebungstemperaturbereich 5 &#8211; 40 \u00b0C<\/li>\n<li type=\"disc\">Zul\u00e4ssige Relative Feuchte 80 %<\/li>\n<li type=\"disc\">Schutzart nach DIN EN 60529 IP 42<\/li>\n<li type=\"disc\">Spannung 230 \/ 115 \/ 100 V, 50\/60 Hz<\/li>\n<\/ul>\n<table border=\"1\" width=\"640\" cellspacing=\"2\" cellpadding=\"0\">\n<tbody>\n<tr>\n<td>Referenz<\/td>\n<td width=\"101\">R\u00fchrstellenanzahl<\/td>\n<td width=\"124\">Aufstellfl\u00e4che Abmessungen (mm)<\/td>\n<td width=\"109\">Abmessungen (B x H x T) (mm)<\/td>\n<td width=\"99\">Gewicht (kg)<\/td>\n<td>Ger\u00e4teaufnahmeleistung (W)<\/td>\n<\/tr>\n<tr>\n<td>RT5<\/td>\n<td width=\"101\">5<\/td>\n<td width=\"124\">120 x 450<\/td>\n<td width=\"109\">138 x 65 x 552<\/td>\n<td width=\"99\">3<\/td>\n<td>185<\/td>\n<\/tr>\n<tr>\n<td>RT10<\/td>\n<td width=\"101\">10<\/td>\n<td width=\"124\">180 x 450<\/td>\n<td width=\"109\">198 x 65 x 552<\/td>\n<td width=\"99\">4.2<\/td>\n<td>395<\/td>\n<\/tr>\n<tr>\n<td>RT15<\/td>\n<td width=\"101\">15<\/td>\n<td width=\"124\">270 x 450<\/td>\n<td width=\"109\">288 x 65 x 552<\/td>\n<td width=\"99\">6<\/td>\n<td>600<\/td>\n<\/tr>\n<\/tbody>\n<\/table>\n","protected":false},"excerpt":{"rendered":"<p>Magnetr\u00fchrer mit Heizung<\/p>\n","protected":false},"featured_media":1091,"template":"","meta":{"_crdt_document":""},"product_brand":[],"product_cat":[161,87],"product_tag":[],"class_list":{"0":"post-2468","1":"product","2":"type-product","3":"status-publish","4":"has-post-thumbnail","6":"product_cat-magnet","7":"product_cat-ruehren","9":"first","10":"instock","11":"taxable","12":"shipping-taxable","13":"purchasable","14":"product-type-variable"},"yoast_head":"<!-- This site is optimized with the Yoast SEO plugin v27.3 - https:\/\/yoast.com\/product\/yoast-seo-wordpress\/ -->\n<title>Magnetr\u00fchrer mit Heizung IKA RT5\/RT10\/RT15 - Sysmatec<\/title>\n<meta name=\"description\" content=\"Mehrstellen-Magnetr\u00fchrer mit einem Fassungsverm\u00f6gen von 0,4 Liter. R\u00fchrgeschwindigkeiten von 0 bis 1100 U\/min. Aufheizen auf 120\u00b0C.\" \/>\n<meta name=\"robots\" content=\"index, follow, max-snippet:-1, max-image-preview:large, max-video-preview:-1\" \/>\n<link rel=\"canonical\" href=\"https:\/\/sysmatec.ch\/de\/produit\/magnetruehrer-mit-heizung-ika-rt5-rt10-rt15\/\" \/>\n<meta property=\"og:locale\" content=\"de_DE\" \/>\n<meta property=\"og:type\" content=\"article\" \/>\n<meta property=\"og:title\" content=\"Magnetr\u00fchrer mit Heizung IKA RT5\/RT10\/RT15 - Sysmatec\" \/>\n<meta property=\"og:description\" content=\"Mehrstellen-Magnetr\u00fchrer mit einem Fassungsverm\u00f6gen von 0,4 Liter. R\u00fchrgeschwindigkeiten von 0 bis 1100 U\/min. Aufheizen auf 120\u00b0C.\" \/>\n<meta property=\"og:url\" content=\"https:\/\/sysmatec.ch\/de\/produit\/magnetruehrer-mit-heizung-ika-rt5-rt10-rt15\/\" \/>\n<meta property=\"og:site_name\" content=\"Sysmatec\" \/>\n<meta property=\"article:modified_time\" content=\"2022-03-12T15:19:52+00:00\" \/>\n<meta property=\"og:image\" content=\"https:\/\/sysmatec.ch\/wp-content\/uploads\/2019\/01\/Agitateur_IKART5.jpg\" \/>\n\t<meta property=\"og:image:width\" content=\"196\" \/>\n\t<meta property=\"og:image:height\" content=\"231\" \/>\n\t<meta property=\"og:image:type\" content=\"image\/jpeg\" \/>\n<meta name=\"twitter:card\" content=\"summary_large_image\" \/>\n<meta name=\"twitter:label1\" content=\"Gesch\u00e4tzte Lesezeit\" \/>\n\t<meta name=\"twitter:data1\" content=\"1\u00a0Minute\" \/>\n<script type=\"application\/ld+json\" class=\"yoast-schema-graph\">{\"@context\":\"https:\\\/\\\/schema.org\",\"@graph\":[{\"@type\":\"WebPage\",\"@id\":\"https:\\\/\\\/sysmatec.ch\\\/de\\\/produit\\\/magnetruehrer-mit-heizung-ika-rt5-rt10-rt15\\\/\",\"url\":\"https:\\\/\\\/sysmatec.ch\\\/de\\\/produit\\\/magnetruehrer-mit-heizung-ika-rt5-rt10-rt15\\\/\",\"name\":\"Magnetr\u00fchrer mit Heizung IKA RT5\\\/RT10\\\/RT15 - Sysmatec\",\"isPartOf\":{\"@id\":\"https:\\\/\\\/sysmatec.ch\\\/de\\\/#website\"},\"primaryImageOfPage\":{\"@id\":\"https:\\\/\\\/sysmatec.ch\\\/de\\\/produit\\\/magnetruehrer-mit-heizung-ika-rt5-rt10-rt15\\\/#primaryimage\"},\"image\":{\"@id\":\"https:\\\/\\\/sysmatec.ch\\\/de\\\/produit\\\/magnetruehrer-mit-heizung-ika-rt5-rt10-rt15\\\/#primaryimage\"},\"thumbnailUrl\":\"https:\\\/\\\/sysmatec.ch\\\/wp-content\\\/uploads\\\/2019\\\/01\\\/Agitateur_IKART5.jpg\",\"datePublished\":\"2019-01-03T09:36:41+00:00\",\"dateModified\":\"2022-03-12T15:19:52+00:00\",\"description\":\"Mehrstellen-Magnetr\u00fchrer mit einem Fassungsverm\u00f6gen von 0,4 Liter. R\u00fchrgeschwindigkeiten von 0 bis 1100 U\\\/min. Aufheizen auf 120\u00b0C.\",\"breadcrumb\":{\"@id\":\"https:\\\/\\\/sysmatec.ch\\\/de\\\/produit\\\/magnetruehrer-mit-heizung-ika-rt5-rt10-rt15\\\/#breadcrumb\"},\"inLanguage\":\"de\",\"potentialAction\":[{\"@type\":\"ReadAction\",\"target\":[\"https:\\\/\\\/sysmatec.ch\\\/de\\\/produit\\\/magnetruehrer-mit-heizung-ika-rt5-rt10-rt15\\\/\"]}]},{\"@type\":\"ImageObject\",\"inLanguage\":\"de\",\"@id\":\"https:\\\/\\\/sysmatec.ch\\\/de\\\/produit\\\/magnetruehrer-mit-heizung-ika-rt5-rt10-rt15\\\/#primaryimage\",\"url\":\"https:\\\/\\\/sysmatec.ch\\\/wp-content\\\/uploads\\\/2019\\\/01\\\/Agitateur_IKART5.jpg\",\"contentUrl\":\"https:\\\/\\\/sysmatec.ch\\\/wp-content\\\/uploads\\\/2019\\\/01\\\/Agitateur_IKART5.jpg\",\"width\":196,\"height\":231},{\"@type\":\"BreadcrumbList\",\"@id\":\"https:\\\/\\\/sysmatec.ch\\\/de\\\/produit\\\/magnetruehrer-mit-heizung-ika-rt5-rt10-rt15\\\/#breadcrumb\",\"itemListElement\":[{\"@type\":\"ListItem\",\"position\":1,\"name\":\"Accueil\",\"item\":\"https:\\\/\\\/sysmatec.ch\\\/de\\\/\"},{\"@type\":\"ListItem\",\"position\":2,\"name\":\"Die Aktivit\u00e4t von Sysmatec\",\"item\":\"https:\\\/\\\/sysmatec.ch\\\/de\\\/\"},{\"@type\":\"ListItem\",\"position\":3,\"name\":\"Magnetr\u00fchrer mit Heizung IKA RT5\\\/RT10\\\/RT15\"}]},{\"@type\":\"WebSite\",\"@id\":\"https:\\\/\\\/sysmatec.ch\\\/de\\\/#website\",\"url\":\"https:\\\/\\\/sysmatec.ch\\\/de\\\/\",\"name\":\"Sysmatec\",\"description\":\"Equipement de laboratoire et logiciels\",\"publisher\":{\"@id\":\"https:\\\/\\\/sysmatec.ch\\\/de\\\/#organization\"},\"potentialAction\":[{\"@type\":\"SearchAction\",\"target\":{\"@type\":\"EntryPoint\",\"urlTemplate\":\"https:\\\/\\\/sysmatec.ch\\\/de\\\/?s={search_term_string}\"},\"query-input\":{\"@type\":\"PropertyValueSpecification\",\"valueRequired\":true,\"valueName\":\"search_term_string\"}}],\"inLanguage\":\"de\"},{\"@type\":\"Organization\",\"@id\":\"https:\\\/\\\/sysmatec.ch\\\/de\\\/#organization\",\"name\":\"Sysmatec\",\"url\":\"https:\\\/\\\/sysmatec.ch\\\/de\\\/\",\"logo\":{\"@type\":\"ImageObject\",\"inLanguage\":\"de\",\"@id\":\"https:\\\/\\\/sysmatec.ch\\\/de\\\/#\\\/schema\\\/logo\\\/image\\\/\",\"url\":\"https:\\\/\\\/sysmatec.ch\\\/wp-content\\\/uploads\\\/2018\\\/11\\\/LogoSysmatec.jpg\",\"contentUrl\":\"https:\\\/\\\/sysmatec.ch\\\/wp-content\\\/uploads\\\/2018\\\/11\\\/LogoSysmatec.jpg\",\"width\":301,\"height\":297,\"caption\":\"Sysmatec\"},\"image\":{\"@id\":\"https:\\\/\\\/sysmatec.ch\\\/de\\\/#\\\/schema\\\/logo\\\/image\\\/\"}}]}<\/script>\n<!-- \/ Yoast SEO plugin. -->","yoast_head_json":{"title":"Magnetr\u00fchrer mit Heizung IKA RT5\/RT10\/RT15 - Sysmatec","description":"Mehrstellen-Magnetr\u00fchrer mit einem Fassungsverm\u00f6gen von 0,4 Liter. R\u00fchrgeschwindigkeiten von 0 bis 1100 U\/min. Aufheizen auf 120\u00b0C.","robots":{"index":"index","follow":"follow","max-snippet":"max-snippet:-1","max-image-preview":"max-image-preview:large","max-video-preview":"max-video-preview:-1"},"canonical":"https:\/\/sysmatec.ch\/de\/produit\/magnetruehrer-mit-heizung-ika-rt5-rt10-rt15\/","og_locale":"de_DE","og_type":"article","og_title":"Magnetr\u00fchrer mit Heizung IKA RT5\/RT10\/RT15 - Sysmatec","og_description":"Mehrstellen-Magnetr\u00fchrer mit einem Fassungsverm\u00f6gen von 0,4 Liter. R\u00fchrgeschwindigkeiten von 0 bis 1100 U\/min. Aufheizen auf 120\u00b0C.","og_url":"https:\/\/sysmatec.ch\/de\/produit\/magnetruehrer-mit-heizung-ika-rt5-rt10-rt15\/","og_site_name":"Sysmatec","article_modified_time":"2022-03-12T15:19:52+00:00","og_image":[{"width":196,"height":231,"url":"https:\/\/sysmatec.ch\/wp-content\/uploads\/2019\/01\/Agitateur_IKART5.jpg","type":"image\/jpeg"}],"twitter_card":"summary_large_image","twitter_misc":{"Gesch\u00e4tzte Lesezeit":"1\u00a0Minute"},"schema":{"@context":"https:\/\/schema.org","@graph":[{"@type":"WebPage","@id":"https:\/\/sysmatec.ch\/de\/produit\/magnetruehrer-mit-heizung-ika-rt5-rt10-rt15\/","url":"https:\/\/sysmatec.ch\/de\/produit\/magnetruehrer-mit-heizung-ika-rt5-rt10-rt15\/","name":"Magnetr\u00fchrer mit Heizung IKA RT5\/RT10\/RT15 - Sysmatec","isPartOf":{"@id":"https:\/\/sysmatec.ch\/de\/#website"},"primaryImageOfPage":{"@id":"https:\/\/sysmatec.ch\/de\/produit\/magnetruehrer-mit-heizung-ika-rt5-rt10-rt15\/#primaryimage"},"image":{"@id":"https:\/\/sysmatec.ch\/de\/produit\/magnetruehrer-mit-heizung-ika-rt5-rt10-rt15\/#primaryimage"},"thumbnailUrl":"https:\/\/sysmatec.ch\/wp-content\/uploads\/2019\/01\/Agitateur_IKART5.jpg","datePublished":"2019-01-03T09:36:41+00:00","dateModified":"2022-03-12T15:19:52+00:00","description":"Mehrstellen-Magnetr\u00fchrer mit einem Fassungsverm\u00f6gen von 0,4 Liter. R\u00fchrgeschwindigkeiten von 0 bis 1100 U\/min. Aufheizen auf 120\u00b0C.","breadcrumb":{"@id":"https:\/\/sysmatec.ch\/de\/produit\/magnetruehrer-mit-heizung-ika-rt5-rt10-rt15\/#breadcrumb"},"inLanguage":"de","potentialAction":[{"@type":"ReadAction","target":["https:\/\/sysmatec.ch\/de\/produit\/magnetruehrer-mit-heizung-ika-rt5-rt10-rt15\/"]}]},{"@type":"ImageObject","inLanguage":"de","@id":"https:\/\/sysmatec.ch\/de\/produit\/magnetruehrer-mit-heizung-ika-rt5-rt10-rt15\/#primaryimage","url":"https:\/\/sysmatec.ch\/wp-content\/uploads\/2019\/01\/Agitateur_IKART5.jpg","contentUrl":"https:\/\/sysmatec.ch\/wp-content\/uploads\/2019\/01\/Agitateur_IKART5.jpg","width":196,"height":231},{"@type":"BreadcrumbList","@id":"https:\/\/sysmatec.ch\/de\/produit\/magnetruehrer-mit-heizung-ika-rt5-rt10-rt15\/#breadcrumb","itemListElement":[{"@type":"ListItem","position":1,"name":"Accueil","item":"https:\/\/sysmatec.ch\/de\/"},{"@type":"ListItem","position":2,"name":"Die Aktivit\u00e4t von Sysmatec","item":"https:\/\/sysmatec.ch\/de\/"},{"@type":"ListItem","position":3,"name":"Magnetr\u00fchrer mit Heizung IKA RT5\/RT10\/RT15"}]},{"@type":"WebSite","@id":"https:\/\/sysmatec.ch\/de\/#website","url":"https:\/\/sysmatec.ch\/de\/","name":"Sysmatec","description":"Equipement de laboratoire et logiciels","publisher":{"@id":"https:\/\/sysmatec.ch\/de\/#organization"},"potentialAction":[{"@type":"SearchAction","target":{"@type":"EntryPoint","urlTemplate":"https:\/\/sysmatec.ch\/de\/?s={search_term_string}"},"query-input":{"@type":"PropertyValueSpecification","valueRequired":true,"valueName":"search_term_string"}}],"inLanguage":"de"},{"@type":"Organization","@id":"https:\/\/sysmatec.ch\/de\/#organization","name":"Sysmatec","url":"https:\/\/sysmatec.ch\/de\/","logo":{"@type":"ImageObject","inLanguage":"de","@id":"https:\/\/sysmatec.ch\/de\/#\/schema\/logo\/image\/","url":"https:\/\/sysmatec.ch\/wp-content\/uploads\/2018\/11\/LogoSysmatec.jpg","contentUrl":"https:\/\/sysmatec.ch\/wp-content\/uploads\/2018\/11\/LogoSysmatec.jpg","width":301,"height":297,"caption":"Sysmatec"},"image":{"@id":"https:\/\/sysmatec.ch\/de\/#\/schema\/logo\/image\/"}}]}},"_links":{"self":[{"href":"https:\/\/sysmatec.ch\/de\/wp-json\/wp\/v2\/product\/2468","targetHints":{"allow":["GET"]}}],"collection":[{"href":"https:\/\/sysmatec.ch\/de\/wp-json\/wp\/v2\/product"}],"about":[{"href":"https:\/\/sysmatec.ch\/de\/wp-json\/wp\/v2\/types\/product"}],"wp:featuredmedia":[{"embeddable":true,"href":"https:\/\/sysmatec.ch\/de\/wp-json\/wp\/v2\/media\/1091"}],"wp:attachment":[{"href":"https:\/\/sysmatec.ch\/de\/wp-json\/wp\/v2\/media?parent=2468"}],"wp:term":[{"taxonomy":"product_brand","embeddable":true,"href":"https:\/\/sysmatec.ch\/de\/wp-json\/wp\/v2\/product_brand?post=2468"},{"taxonomy":"product_cat","embeddable":true,"href":"https:\/\/sysmatec.ch\/de\/wp-json\/wp\/v2\/product_cat?post=2468"},{"taxonomy":"product_tag","embeddable":true,"href":"https:\/\/sysmatec.ch\/de\/wp-json\/wp\/v2\/product_tag?post=2468"}],"curies":[{"name":"wp","href":"https:\/\/api.w.org\/{rel}","templated":true}]}}