{"id":2463,"date":"2019-01-03T10:45:57","date_gmt":"2019-01-03T09:45:57","guid":{"rendered":"https:\/\/sysmatec.ch\/produit\/agitateur-a-plaque-chauffante-capprondo\/"},"modified":"2022-03-12T16:05:32","modified_gmt":"2022-03-12T15:05:32","slug":"capprondo-heizplattenruehrer","status":"publish","type":"product","link":"https:\/\/sysmatec.ch\/de\/Produkt\/capprondo-heizplattenruehrer\/","title":{"rendered":"CappRondo Heizplattenr\u00fchrer"},"content":{"rendered":"<p>Dieser Heizplattenr\u00fchrer hat eine Tragf\u00e4higkeit von 20 Litern. Die Heizfunktion des Heizplattenr\u00fchrers erm\u00f6glicht die Verarbeitung der Proben bei einer Temperatur im Bereich von Raumtemperatur bis 550 \u00b0 C.<\/p>\n<p>Drei Heizmodi: schnell, progressiv und genau sind auf diesem Ger\u00e4t verf\u00fcgbar. Die Oberfl\u00e4che der Platte besteht aus robuster nanokristalliner Glaskeramik und gew\u00e4hrleistet einen totalen Widerstand gegen Fl\u00fcssigkeitsspritzer oder Thermoschocks.<\/p>\n<p>Er arbeitet mit einer variablen Drehzahl von 200 bis 2200 U \/ min, die in Intervallen von 10 U \/ min und innerhalb von 1 bis 999 Minuten programmiert werden kann. Dar\u00fcber hinaus bietet der CappRondo Heizplattenr\u00fchrer eine kontinuierliche und stufenlose Arbeitsweise.<\/p>\n<p>Der BLDC-Motor (b\u00fcrstenloser Gleichstrom) bietet eine lange Lebensdauer ohne Wartung bei konstanter Drehzahl, selbst bei variablem Lastgewicht. Die Verwendung des Kochplattenr\u00fchrers ist dank des gro\u00dfen und intuitiven Bildschirms einfach und bietet einen \u00dcberblick \u00fcber alle Parameter und erm\u00f6glicht eine einfache und bequeme Bedienung.<\/p>\n<p>Sie k\u00f6nnen bis zu 99 einzelne Protokolle programmieren und den programmierbaren Run-Pause-Run-Pulsmodus von 30 bis 99 Sekunden konfigurieren.<\/p>\n<p>Spezifikationen<\/p>\n<ul>\n<li type=\"disc\">Drehzahlbereich: 200-2.200 U \/ min in Schritten von 10 U \/ min<\/li>\n<li type=\"disc\">Temperaturbereich: von Raumtemperatur bis 550 \u00b0 C<\/li>\n<li type=\"disc\">Motortyp: B\u00fcrstenloser DC-Motor<\/li>\n<li type=\"disc\">Material der oberen Platte: nanokristalline Glaskeramik<\/li>\n<li type=\"disc\">Abmessungen der oberen Platte: 180&#215;180 mm<\/li>\n<li type=\"disc\">Einstellen der Zeit: 1-999 Minuten oder unendlich<\/li>\n<li type=\"disc\">Programmierbare Modi: bis zu 99 einzelne Protokolle<\/li>\n<li type=\"disc\">Pulsmodus: programmierbar von 30 bis 99 Sekunden.<\/li>\n<li type=\"disc\">Abmessungen (BxTxH): 220x330x115mm<\/li>\n<li type=\"disc\">Gewicht: 4.5 kg<\/li>\n<li type=\"disc\">Schutzklasse: IP 21<\/li>\n<\/ul>\n","protected":false},"excerpt":{"rendered":"<p><span class=\"VIiyi\" lang=\"de\"><span class=\"JLqJ4b ChMk0b\" data-language-for-alternatives=\"de\" data-language-to-translate-into=\"fr\" data-phrase-index=\"4\" data-number-of-phrases=\"5\">Magnetr\u00fchrer mit Heizung bis 550\u00b0C.<\/span><\/span><\/p>\n","protected":false},"featured_media":1095,"template":"","meta":{"_crdt_document":""},"product_brand":[],"product_cat":[161,87],"product_tag":[],"class_list":{"0":"post-2463","1":"product","2":"type-product","3":"status-publish","4":"has-post-thumbnail","6":"product_cat-magnet","7":"product_cat-ruehren","9":"first","10":"instock","11":"taxable","12":"shipping-taxable","13":"purchasable","14":"product-type-simple"},"yoast_head":"<!-- This site is optimized with the Yoast SEO plugin v27.3 - https:\/\/yoast.com\/product\/yoast-seo-wordpress\/ -->\n<title>CappRondo Heizplattenr\u00fchrer - Sysmatec<\/title>\n<meta name=\"description\" content=\"Heizplattenr\u00fchrer hat ein Fassungsverm\u00f6gen von 20 Litern. Temperaturgeregelt bis 550\u00b0C. R\u00fchrgeschwindigkeiten von 200 bis 2.200 U\/min.\" \/>\n<meta name=\"robots\" content=\"index, follow, max-snippet:-1, max-image-preview:large, max-video-preview:-1\" \/>\n<link rel=\"canonical\" href=\"https:\/\/sysmatec.ch\/de\/produit\/capprondo-heizplattenruehrer\/\" \/>\n<meta property=\"og:locale\" content=\"de_DE\" \/>\n<meta property=\"og:type\" content=\"article\" \/>\n<meta property=\"og:title\" content=\"CappRondo Heizplattenr\u00fchrer - Sysmatec\" \/>\n<meta property=\"og:description\" content=\"Heizplattenr\u00fchrer hat ein Fassungsverm\u00f6gen von 20 Litern. Temperaturgeregelt bis 550\u00b0C. R\u00fchrgeschwindigkeiten von 200 bis 2.200 U\/min.\" \/>\n<meta property=\"og:url\" content=\"https:\/\/sysmatec.ch\/de\/produit\/capprondo-heizplattenruehrer\/\" \/>\n<meta property=\"og:site_name\" content=\"Sysmatec\" \/>\n<meta property=\"article:modified_time\" content=\"2022-03-12T15:05:32+00:00\" \/>\n<meta property=\"og:image\" content=\"https:\/\/sysmatec.ch\/wp-content\/uploads\/2019\/01\/Agitateur_CappRondoHotPlate.jpg\" \/>\n\t<meta property=\"og:image:width\" content=\"188\" \/>\n\t<meta property=\"og:image:height\" content=\"322\" \/>\n\t<meta property=\"og:image:type\" content=\"image\/jpeg\" \/>\n<meta name=\"twitter:card\" content=\"summary_large_image\" \/>\n<meta name=\"twitter:label1\" content=\"Gesch\u00e4tzte Lesezeit\" \/>\n\t<meta name=\"twitter:data1\" content=\"1\u00a0Minute\" \/>\n<script type=\"application\/ld+json\" class=\"yoast-schema-graph\">{\"@context\":\"https:\\\/\\\/schema.org\",\"@graph\":[{\"@type\":\"WebPage\",\"@id\":\"https:\\\/\\\/sysmatec.ch\\\/de\\\/produit\\\/capprondo-heizplattenruehrer\\\/\",\"url\":\"https:\\\/\\\/sysmatec.ch\\\/de\\\/produit\\\/capprondo-heizplattenruehrer\\\/\",\"name\":\"CappRondo Heizplattenr\u00fchrer - Sysmatec\",\"isPartOf\":{\"@id\":\"https:\\\/\\\/sysmatec.ch\\\/de\\\/#website\"},\"primaryImageOfPage\":{\"@id\":\"https:\\\/\\\/sysmatec.ch\\\/de\\\/produit\\\/capprondo-heizplattenruehrer\\\/#primaryimage\"},\"image\":{\"@id\":\"https:\\\/\\\/sysmatec.ch\\\/de\\\/produit\\\/capprondo-heizplattenruehrer\\\/#primaryimage\"},\"thumbnailUrl\":\"https:\\\/\\\/sysmatec.ch\\\/wp-content\\\/uploads\\\/2019\\\/01\\\/Agitateur_CappRondoHotPlate.jpg\",\"datePublished\":\"2019-01-03T09:45:57+00:00\",\"dateModified\":\"2022-03-12T15:05:32+00:00\",\"description\":\"Heizplattenr\u00fchrer hat ein Fassungsverm\u00f6gen von 20 Litern. Temperaturgeregelt bis 550\u00b0C. R\u00fchrgeschwindigkeiten von 200 bis 2.200 U\\\/min.\",\"breadcrumb\":{\"@id\":\"https:\\\/\\\/sysmatec.ch\\\/de\\\/produit\\\/capprondo-heizplattenruehrer\\\/#breadcrumb\"},\"inLanguage\":\"de\",\"potentialAction\":[{\"@type\":\"ReadAction\",\"target\":[\"https:\\\/\\\/sysmatec.ch\\\/de\\\/produit\\\/capprondo-heizplattenruehrer\\\/\"]}]},{\"@type\":\"ImageObject\",\"inLanguage\":\"de\",\"@id\":\"https:\\\/\\\/sysmatec.ch\\\/de\\\/produit\\\/capprondo-heizplattenruehrer\\\/#primaryimage\",\"url\":\"https:\\\/\\\/sysmatec.ch\\\/wp-content\\\/uploads\\\/2019\\\/01\\\/Agitateur_CappRondoHotPlate.jpg\",\"contentUrl\":\"https:\\\/\\\/sysmatec.ch\\\/wp-content\\\/uploads\\\/2019\\\/01\\\/Agitateur_CappRondoHotPlate.jpg\",\"width\":188,\"height\":322},{\"@type\":\"BreadcrumbList\",\"@id\":\"https:\\\/\\\/sysmatec.ch\\\/de\\\/produit\\\/capprondo-heizplattenruehrer\\\/#breadcrumb\",\"itemListElement\":[{\"@type\":\"ListItem\",\"position\":1,\"name\":\"Accueil\",\"item\":\"https:\\\/\\\/sysmatec.ch\\\/de\\\/\"},{\"@type\":\"ListItem\",\"position\":2,\"name\":\"Die Aktivit\u00e4t von Sysmatec\",\"item\":\"https:\\\/\\\/sysmatec.ch\\\/de\\\/\"},{\"@type\":\"ListItem\",\"position\":3,\"name\":\"CappRondo Heizplattenr\u00fchrer\"}]},{\"@type\":\"WebSite\",\"@id\":\"https:\\\/\\\/sysmatec.ch\\\/de\\\/#website\",\"url\":\"https:\\\/\\\/sysmatec.ch\\\/de\\\/\",\"name\":\"Sysmatec\",\"description\":\"Equipement de laboratoire et logiciels\",\"publisher\":{\"@id\":\"https:\\\/\\\/sysmatec.ch\\\/de\\\/#organization\"},\"potentialAction\":[{\"@type\":\"SearchAction\",\"target\":{\"@type\":\"EntryPoint\",\"urlTemplate\":\"https:\\\/\\\/sysmatec.ch\\\/de\\\/?s={search_term_string}\"},\"query-input\":{\"@type\":\"PropertyValueSpecification\",\"valueRequired\":true,\"valueName\":\"search_term_string\"}}],\"inLanguage\":\"de\"},{\"@type\":\"Organization\",\"@id\":\"https:\\\/\\\/sysmatec.ch\\\/de\\\/#organization\",\"name\":\"Sysmatec\",\"url\":\"https:\\\/\\\/sysmatec.ch\\\/de\\\/\",\"logo\":{\"@type\":\"ImageObject\",\"inLanguage\":\"de\",\"@id\":\"https:\\\/\\\/sysmatec.ch\\\/de\\\/#\\\/schema\\\/logo\\\/image\\\/\",\"url\":\"https:\\\/\\\/sysmatec.ch\\\/wp-content\\\/uploads\\\/2018\\\/11\\\/LogoSysmatec.jpg\",\"contentUrl\":\"https:\\\/\\\/sysmatec.ch\\\/wp-content\\\/uploads\\\/2018\\\/11\\\/LogoSysmatec.jpg\",\"width\":301,\"height\":297,\"caption\":\"Sysmatec\"},\"image\":{\"@id\":\"https:\\\/\\\/sysmatec.ch\\\/de\\\/#\\\/schema\\\/logo\\\/image\\\/\"}}]}<\/script>\n<!-- \/ Yoast SEO plugin. -->","yoast_head_json":{"title":"CappRondo Heizplattenr\u00fchrer - Sysmatec","description":"Heizplattenr\u00fchrer hat ein Fassungsverm\u00f6gen von 20 Litern. Temperaturgeregelt bis 550\u00b0C. R\u00fchrgeschwindigkeiten von 200 bis 2.200 U\/min.","robots":{"index":"index","follow":"follow","max-snippet":"max-snippet:-1","max-image-preview":"max-image-preview:large","max-video-preview":"max-video-preview:-1"},"canonical":"https:\/\/sysmatec.ch\/de\/produit\/capprondo-heizplattenruehrer\/","og_locale":"de_DE","og_type":"article","og_title":"CappRondo Heizplattenr\u00fchrer - Sysmatec","og_description":"Heizplattenr\u00fchrer hat ein Fassungsverm\u00f6gen von 20 Litern. Temperaturgeregelt bis 550\u00b0C. R\u00fchrgeschwindigkeiten von 200 bis 2.200 U\/min.","og_url":"https:\/\/sysmatec.ch\/de\/produit\/capprondo-heizplattenruehrer\/","og_site_name":"Sysmatec","article_modified_time":"2022-03-12T15:05:32+00:00","og_image":[{"width":188,"height":322,"url":"https:\/\/sysmatec.ch\/wp-content\/uploads\/2019\/01\/Agitateur_CappRondoHotPlate.jpg","type":"image\/jpeg"}],"twitter_card":"summary_large_image","twitter_misc":{"Gesch\u00e4tzte Lesezeit":"1\u00a0Minute"},"schema":{"@context":"https:\/\/schema.org","@graph":[{"@type":"WebPage","@id":"https:\/\/sysmatec.ch\/de\/produit\/capprondo-heizplattenruehrer\/","url":"https:\/\/sysmatec.ch\/de\/produit\/capprondo-heizplattenruehrer\/","name":"CappRondo Heizplattenr\u00fchrer - Sysmatec","isPartOf":{"@id":"https:\/\/sysmatec.ch\/de\/#website"},"primaryImageOfPage":{"@id":"https:\/\/sysmatec.ch\/de\/produit\/capprondo-heizplattenruehrer\/#primaryimage"},"image":{"@id":"https:\/\/sysmatec.ch\/de\/produit\/capprondo-heizplattenruehrer\/#primaryimage"},"thumbnailUrl":"https:\/\/sysmatec.ch\/wp-content\/uploads\/2019\/01\/Agitateur_CappRondoHotPlate.jpg","datePublished":"2019-01-03T09:45:57+00:00","dateModified":"2022-03-12T15:05:32+00:00","description":"Heizplattenr\u00fchrer hat ein Fassungsverm\u00f6gen von 20 Litern. Temperaturgeregelt bis 550\u00b0C. R\u00fchrgeschwindigkeiten von 200 bis 2.200 U\/min.","breadcrumb":{"@id":"https:\/\/sysmatec.ch\/de\/produit\/capprondo-heizplattenruehrer\/#breadcrumb"},"inLanguage":"de","potentialAction":[{"@type":"ReadAction","target":["https:\/\/sysmatec.ch\/de\/produit\/capprondo-heizplattenruehrer\/"]}]},{"@type":"ImageObject","inLanguage":"de","@id":"https:\/\/sysmatec.ch\/de\/produit\/capprondo-heizplattenruehrer\/#primaryimage","url":"https:\/\/sysmatec.ch\/wp-content\/uploads\/2019\/01\/Agitateur_CappRondoHotPlate.jpg","contentUrl":"https:\/\/sysmatec.ch\/wp-content\/uploads\/2019\/01\/Agitateur_CappRondoHotPlate.jpg","width":188,"height":322},{"@type":"BreadcrumbList","@id":"https:\/\/sysmatec.ch\/de\/produit\/capprondo-heizplattenruehrer\/#breadcrumb","itemListElement":[{"@type":"ListItem","position":1,"name":"Accueil","item":"https:\/\/sysmatec.ch\/de\/"},{"@type":"ListItem","position":2,"name":"Die Aktivit\u00e4t von Sysmatec","item":"https:\/\/sysmatec.ch\/de\/"},{"@type":"ListItem","position":3,"name":"CappRondo Heizplattenr\u00fchrer"}]},{"@type":"WebSite","@id":"https:\/\/sysmatec.ch\/de\/#website","url":"https:\/\/sysmatec.ch\/de\/","name":"Sysmatec","description":"Equipement de laboratoire et logiciels","publisher":{"@id":"https:\/\/sysmatec.ch\/de\/#organization"},"potentialAction":[{"@type":"SearchAction","target":{"@type":"EntryPoint","urlTemplate":"https:\/\/sysmatec.ch\/de\/?s={search_term_string}"},"query-input":{"@type":"PropertyValueSpecification","valueRequired":true,"valueName":"search_term_string"}}],"inLanguage":"de"},{"@type":"Organization","@id":"https:\/\/sysmatec.ch\/de\/#organization","name":"Sysmatec","url":"https:\/\/sysmatec.ch\/de\/","logo":{"@type":"ImageObject","inLanguage":"de","@id":"https:\/\/sysmatec.ch\/de\/#\/schema\/logo\/image\/","url":"https:\/\/sysmatec.ch\/wp-content\/uploads\/2018\/11\/LogoSysmatec.jpg","contentUrl":"https:\/\/sysmatec.ch\/wp-content\/uploads\/2018\/11\/LogoSysmatec.jpg","width":301,"height":297,"caption":"Sysmatec"},"image":{"@id":"https:\/\/sysmatec.ch\/de\/#\/schema\/logo\/image\/"}}]}},"_links":{"self":[{"href":"https:\/\/sysmatec.ch\/de\/wp-json\/wp\/v2\/product\/2463","targetHints":{"allow":["GET"]}}],"collection":[{"href":"https:\/\/sysmatec.ch\/de\/wp-json\/wp\/v2\/product"}],"about":[{"href":"https:\/\/sysmatec.ch\/de\/wp-json\/wp\/v2\/types\/product"}],"wp:featuredmedia":[{"embeddable":true,"href":"https:\/\/sysmatec.ch\/de\/wp-json\/wp\/v2\/media\/1095"}],"wp:attachment":[{"href":"https:\/\/sysmatec.ch\/de\/wp-json\/wp\/v2\/media?parent=2463"}],"wp:term":[{"taxonomy":"product_brand","embeddable":true,"href":"https:\/\/sysmatec.ch\/de\/wp-json\/wp\/v2\/product_brand?post=2463"},{"taxonomy":"product_cat","embeddable":true,"href":"https:\/\/sysmatec.ch\/de\/wp-json\/wp\/v2\/product_cat?post=2463"},{"taxonomy":"product_tag","embeddable":true,"href":"https:\/\/sysmatec.ch\/de\/wp-json\/wp\/v2\/product_tag?post=2463"}],"curies":[{"name":"wp","href":"https:\/\/api.w.org\/{rel}","templated":true}]}}