{"id":2454,"date":"2019-01-03T11:25:29","date_gmt":"2019-01-03T10:25:29","guid":{"rendered":"https:\/\/sysmatec.ch\/produit\/agitateur-pour-microplaques-rondo-shaker\/"},"modified":"2022-03-12T14:23:12","modified_gmt":"2022-03-12T13:23:12","slug":"mikroplatten-schuettler-rondo-shaker","status":"publish","type":"product","link":"https:\/\/sysmatec.ch\/de\/Produkt\/mikroplatten-schuettler-rondo-shaker\/","title":{"rendered":"Mikroplatten Sch\u00fcttler Rondo Shaker"},"content":{"rendered":"<p>Der Capp Rondo Plattensch\u00fcttler ist sehr kompakt. Er wurde speziell entwickelt, um eine ausgezeichnete Rundsch\u00fctteln f\u00fcr eine gute Durchmischung in jede Vertiefung. Der Drehzahlbereich geht von 300 bis 1800 RPM RPM mit Kreisbewegung von 1 mm Radius.<\/p>\n<p>Der Sch\u00fcttler ist mit verschiedeneausgeliefert: Rohr Haltezubeh\u00f6r zu 20 Mikrotubuli von 1.5 \/ 2 ml, austauschbaren Klemmen f\u00fcr eine Vielzahl von Mikroplatten und Kulturplatten.<\/p>\n<p>Er ist die ideale Wahl f\u00fcr eine Vielzahl von Anwendungen, einschlie\u00dflich PCR, ELISA, Enzym-Immunoassays, Protein-Synthese und pharmazeutische Profilierung!<\/p>\n","protected":false},"excerpt":{"rendered":"<p>Mikroplatten Sch\u00fcttler<\/p>\n","protected":false},"featured_media":1107,"template":"","meta":{"_crdt_document":""},"product_brand":[],"product_cat":[159,87],"product_tag":[],"class_list":{"0":"post-2454","1":"product","2":"type-product","3":"status-publish","4":"has-post-thumbnail","6":"product_cat-kultur","7":"product_cat-ruehren","9":"first","10":"instock","11":"taxable","12":"shipping-taxable","13":"product-type-simple"},"yoast_head":"<!-- This site is optimized with the Yoast SEO plugin v27.4 - https:\/\/yoast.com\/product\/yoast-seo-wordpress\/ -->\n<title>Mikroplatten Sch\u00fcttler Rondo Shaker - Sysmatec<\/title>\n<meta name=\"description\" content=\"R\u00fchrer zum R\u00fchren einer Mikrotiterplatte, mit einem Orbital von 1 mm bei R\u00fchrgeschwindigkeiten zwischen 300 bis 1800 U\/min.\" \/>\n<meta name=\"robots\" content=\"index, follow, max-snippet:-1, max-image-preview:large, max-video-preview:-1\" \/>\n<link rel=\"canonical\" href=\"https:\/\/sysmatec.ch\/de\/produit\/mikroplatten-schuettler-rondo-shaker\/\" \/>\n<meta property=\"og:locale\" content=\"de_DE\" \/>\n<meta property=\"og:type\" content=\"article\" \/>\n<meta property=\"og:title\" content=\"Mikroplatten Sch\u00fcttler Rondo Shaker - Sysmatec\" \/>\n<meta property=\"og:description\" content=\"R\u00fchrer zum R\u00fchren einer Mikrotiterplatte, mit einem Orbital von 1 mm bei R\u00fchrgeschwindigkeiten zwischen 300 bis 1800 U\/min.\" \/>\n<meta property=\"og:url\" content=\"https:\/\/sysmatec.ch\/de\/produit\/mikroplatten-schuettler-rondo-shaker\/\" \/>\n<meta property=\"og:site_name\" content=\"Sysmatec\" \/>\n<meta property=\"article:modified_time\" content=\"2022-03-12T13:23:12+00:00\" \/>\n<meta property=\"og:image\" content=\"https:\/\/sysmatec.ch\/wp-content\/uploads\/2019\/01\/Agitateur_CappRondoShaker.jpg\" \/>\n\t<meta property=\"og:image:width\" content=\"176\" \/>\n\t<meta property=\"og:image:height\" content=\"177\" \/>\n\t<meta property=\"og:image:type\" content=\"image\/jpeg\" \/>\n<meta name=\"twitter:card\" content=\"summary_large_image\" \/>\n<script type=\"application\/ld+json\" class=\"yoast-schema-graph\">{\"@context\":\"https:\\\/\\\/schema.org\",\"@graph\":[{\"@type\":\"WebPage\",\"@id\":\"https:\\\/\\\/sysmatec.ch\\\/de\\\/produit\\\/mikroplatten-schuettler-rondo-shaker\\\/\",\"url\":\"https:\\\/\\\/sysmatec.ch\\\/de\\\/produit\\\/mikroplatten-schuettler-rondo-shaker\\\/\",\"name\":\"Mikroplatten Sch\u00fcttler Rondo Shaker - Sysmatec\",\"isPartOf\":{\"@id\":\"https:\\\/\\\/sysmatec.ch\\\/de\\\/#website\"},\"primaryImageOfPage\":{\"@id\":\"https:\\\/\\\/sysmatec.ch\\\/de\\\/produit\\\/mikroplatten-schuettler-rondo-shaker\\\/#primaryimage\"},\"image\":{\"@id\":\"https:\\\/\\\/sysmatec.ch\\\/de\\\/produit\\\/mikroplatten-schuettler-rondo-shaker\\\/#primaryimage\"},\"thumbnailUrl\":\"https:\\\/\\\/sysmatec.ch\\\/wp-content\\\/uploads\\\/2019\\\/01\\\/Agitateur_CappRondoShaker.jpg\",\"datePublished\":\"2019-01-03T10:25:29+00:00\",\"dateModified\":\"2022-03-12T13:23:12+00:00\",\"description\":\"R\u00fchrer zum R\u00fchren einer Mikrotiterplatte, mit einem Orbital von 1 mm bei R\u00fchrgeschwindigkeiten zwischen 300 bis 1800 U\\\/min.\",\"breadcrumb\":{\"@id\":\"https:\\\/\\\/sysmatec.ch\\\/de\\\/produit\\\/mikroplatten-schuettler-rondo-shaker\\\/#breadcrumb\"},\"inLanguage\":\"de\",\"potentialAction\":[{\"@type\":\"ReadAction\",\"target\":[\"https:\\\/\\\/sysmatec.ch\\\/de\\\/produit\\\/mikroplatten-schuettler-rondo-shaker\\\/\"]}]},{\"@type\":\"ImageObject\",\"inLanguage\":\"de\",\"@id\":\"https:\\\/\\\/sysmatec.ch\\\/de\\\/produit\\\/mikroplatten-schuettler-rondo-shaker\\\/#primaryimage\",\"url\":\"https:\\\/\\\/sysmatec.ch\\\/wp-content\\\/uploads\\\/2019\\\/01\\\/Agitateur_CappRondoShaker.jpg\",\"contentUrl\":\"https:\\\/\\\/sysmatec.ch\\\/wp-content\\\/uploads\\\/2019\\\/01\\\/Agitateur_CappRondoShaker.jpg\",\"width\":176,\"height\":177},{\"@type\":\"BreadcrumbList\",\"@id\":\"https:\\\/\\\/sysmatec.ch\\\/de\\\/produit\\\/mikroplatten-schuettler-rondo-shaker\\\/#breadcrumb\",\"itemListElement\":[{\"@type\":\"ListItem\",\"position\":1,\"name\":\"Accueil\",\"item\":\"https:\\\/\\\/sysmatec.ch\\\/de\\\/\"},{\"@type\":\"ListItem\",\"position\":2,\"name\":\"Die Aktivit\u00e4t von Sysmatec\",\"item\":\"https:\\\/\\\/sysmatec.ch\\\/de\\\/\"},{\"@type\":\"ListItem\",\"position\":3,\"name\":\"Mikroplatten Sch\u00fcttler Rondo Shaker\"}]},{\"@type\":\"WebSite\",\"@id\":\"https:\\\/\\\/sysmatec.ch\\\/de\\\/#website\",\"url\":\"https:\\\/\\\/sysmatec.ch\\\/de\\\/\",\"name\":\"Sysmatec\",\"description\":\"Equipement de laboratoire et logiciels\",\"publisher\":{\"@id\":\"https:\\\/\\\/sysmatec.ch\\\/de\\\/#organization\"},\"potentialAction\":[{\"@type\":\"SearchAction\",\"target\":{\"@type\":\"EntryPoint\",\"urlTemplate\":\"https:\\\/\\\/sysmatec.ch\\\/de\\\/?s={search_term_string}\"},\"query-input\":{\"@type\":\"PropertyValueSpecification\",\"valueRequired\":true,\"valueName\":\"search_term_string\"}}],\"inLanguage\":\"de\"},{\"@type\":\"Organization\",\"@id\":\"https:\\\/\\\/sysmatec.ch\\\/de\\\/#organization\",\"name\":\"Sysmatec\",\"url\":\"https:\\\/\\\/sysmatec.ch\\\/de\\\/\",\"logo\":{\"@type\":\"ImageObject\",\"inLanguage\":\"de\",\"@id\":\"https:\\\/\\\/sysmatec.ch\\\/de\\\/#\\\/schema\\\/logo\\\/image\\\/\",\"url\":\"https:\\\/\\\/sysmatec.ch\\\/wp-content\\\/uploads\\\/2018\\\/11\\\/LogoSysmatec.jpg\",\"contentUrl\":\"https:\\\/\\\/sysmatec.ch\\\/wp-content\\\/uploads\\\/2018\\\/11\\\/LogoSysmatec.jpg\",\"width\":301,\"height\":297,\"caption\":\"Sysmatec\"},\"image\":{\"@id\":\"https:\\\/\\\/sysmatec.ch\\\/de\\\/#\\\/schema\\\/logo\\\/image\\\/\"}}]}<\/script>\n<!-- \/ Yoast SEO plugin. -->","yoast_head_json":{"title":"Mikroplatten Sch\u00fcttler Rondo Shaker - Sysmatec","description":"R\u00fchrer zum R\u00fchren einer Mikrotiterplatte, mit einem Orbital von 1 mm bei R\u00fchrgeschwindigkeiten zwischen 300 bis 1800 U\/min.","robots":{"index":"index","follow":"follow","max-snippet":"max-snippet:-1","max-image-preview":"max-image-preview:large","max-video-preview":"max-video-preview:-1"},"canonical":"https:\/\/sysmatec.ch\/de\/produit\/mikroplatten-schuettler-rondo-shaker\/","og_locale":"de_DE","og_type":"article","og_title":"Mikroplatten Sch\u00fcttler Rondo Shaker - Sysmatec","og_description":"R\u00fchrer zum R\u00fchren einer Mikrotiterplatte, mit einem Orbital von 1 mm bei R\u00fchrgeschwindigkeiten zwischen 300 bis 1800 U\/min.","og_url":"https:\/\/sysmatec.ch\/de\/produit\/mikroplatten-schuettler-rondo-shaker\/","og_site_name":"Sysmatec","article_modified_time":"2022-03-12T13:23:12+00:00","og_image":[{"width":176,"height":177,"url":"https:\/\/sysmatec.ch\/wp-content\/uploads\/2019\/01\/Agitateur_CappRondoShaker.jpg","type":"image\/jpeg"}],"twitter_card":"summary_large_image","schema":{"@context":"https:\/\/schema.org","@graph":[{"@type":"WebPage","@id":"https:\/\/sysmatec.ch\/de\/produit\/mikroplatten-schuettler-rondo-shaker\/","url":"https:\/\/sysmatec.ch\/de\/produit\/mikroplatten-schuettler-rondo-shaker\/","name":"Mikroplatten Sch\u00fcttler Rondo Shaker - Sysmatec","isPartOf":{"@id":"https:\/\/sysmatec.ch\/de\/#website"},"primaryImageOfPage":{"@id":"https:\/\/sysmatec.ch\/de\/produit\/mikroplatten-schuettler-rondo-shaker\/#primaryimage"},"image":{"@id":"https:\/\/sysmatec.ch\/de\/produit\/mikroplatten-schuettler-rondo-shaker\/#primaryimage"},"thumbnailUrl":"https:\/\/sysmatec.ch\/wp-content\/uploads\/2019\/01\/Agitateur_CappRondoShaker.jpg","datePublished":"2019-01-03T10:25:29+00:00","dateModified":"2022-03-12T13:23:12+00:00","description":"R\u00fchrer zum R\u00fchren einer Mikrotiterplatte, mit einem Orbital von 1 mm bei R\u00fchrgeschwindigkeiten zwischen 300 bis 1800 U\/min.","breadcrumb":{"@id":"https:\/\/sysmatec.ch\/de\/produit\/mikroplatten-schuettler-rondo-shaker\/#breadcrumb"},"inLanguage":"de","potentialAction":[{"@type":"ReadAction","target":["https:\/\/sysmatec.ch\/de\/produit\/mikroplatten-schuettler-rondo-shaker\/"]}]},{"@type":"ImageObject","inLanguage":"de","@id":"https:\/\/sysmatec.ch\/de\/produit\/mikroplatten-schuettler-rondo-shaker\/#primaryimage","url":"https:\/\/sysmatec.ch\/wp-content\/uploads\/2019\/01\/Agitateur_CappRondoShaker.jpg","contentUrl":"https:\/\/sysmatec.ch\/wp-content\/uploads\/2019\/01\/Agitateur_CappRondoShaker.jpg","width":176,"height":177},{"@type":"BreadcrumbList","@id":"https:\/\/sysmatec.ch\/de\/produit\/mikroplatten-schuettler-rondo-shaker\/#breadcrumb","itemListElement":[{"@type":"ListItem","position":1,"name":"Accueil","item":"https:\/\/sysmatec.ch\/de\/"},{"@type":"ListItem","position":2,"name":"Die Aktivit\u00e4t von Sysmatec","item":"https:\/\/sysmatec.ch\/de\/"},{"@type":"ListItem","position":3,"name":"Mikroplatten Sch\u00fcttler Rondo Shaker"}]},{"@type":"WebSite","@id":"https:\/\/sysmatec.ch\/de\/#website","url":"https:\/\/sysmatec.ch\/de\/","name":"Sysmatec","description":"Equipement de laboratoire et logiciels","publisher":{"@id":"https:\/\/sysmatec.ch\/de\/#organization"},"potentialAction":[{"@type":"SearchAction","target":{"@type":"EntryPoint","urlTemplate":"https:\/\/sysmatec.ch\/de\/?s={search_term_string}"},"query-input":{"@type":"PropertyValueSpecification","valueRequired":true,"valueName":"search_term_string"}}],"inLanguage":"de"},{"@type":"Organization","@id":"https:\/\/sysmatec.ch\/de\/#organization","name":"Sysmatec","url":"https:\/\/sysmatec.ch\/de\/","logo":{"@type":"ImageObject","inLanguage":"de","@id":"https:\/\/sysmatec.ch\/de\/#\/schema\/logo\/image\/","url":"https:\/\/sysmatec.ch\/wp-content\/uploads\/2018\/11\/LogoSysmatec.jpg","contentUrl":"https:\/\/sysmatec.ch\/wp-content\/uploads\/2018\/11\/LogoSysmatec.jpg","width":301,"height":297,"caption":"Sysmatec"},"image":{"@id":"https:\/\/sysmatec.ch\/de\/#\/schema\/logo\/image\/"}}]}},"_links":{"self":[{"href":"https:\/\/sysmatec.ch\/de\/wp-json\/wp\/v2\/product\/2454","targetHints":{"allow":["GET"]}}],"collection":[{"href":"https:\/\/sysmatec.ch\/de\/wp-json\/wp\/v2\/product"}],"about":[{"href":"https:\/\/sysmatec.ch\/de\/wp-json\/wp\/v2\/types\/product"}],"wp:featuredmedia":[{"embeddable":true,"href":"https:\/\/sysmatec.ch\/de\/wp-json\/wp\/v2\/media\/1107"}],"wp:attachment":[{"href":"https:\/\/sysmatec.ch\/de\/wp-json\/wp\/v2\/media?parent=2454"}],"wp:term":[{"taxonomy":"product_brand","embeddable":true,"href":"https:\/\/sysmatec.ch\/de\/wp-json\/wp\/v2\/product_brand?post=2454"},{"taxonomy":"product_cat","embeddable":true,"href":"https:\/\/sysmatec.ch\/de\/wp-json\/wp\/v2\/product_cat?post=2454"},{"taxonomy":"product_tag","embeddable":true,"href":"https:\/\/sysmatec.ch\/de\/wp-json\/wp\/v2\/product_tag?post=2454"}],"curies":[{"name":"wp","href":"https:\/\/api.w.org\/{rel}","templated":true}]}}