{"id":2452,"date":"2019-01-03T11:31:46","date_gmt":"2019-01-03T10:31:46","guid":{"rendered":"https:\/\/sysmatec.ch\/produit\/agitateur-orbital-de-microplaques-capprondo\/"},"modified":"2022-03-12T14:19:11","modified_gmt":"2022-03-12T13:19:11","slug":"capprondo-orbital-mikroplattenschuettler","status":"publish","type":"product","link":"https:\/\/sysmatec.ch\/de\/Produkt\/capprondo-orbital-mikroplattenschuettler\/","title":{"rendered":"CappRondo Orbital-Mikroplattensch\u00fcttler"},"content":{"rendered":"<p>Es erm\u00f6glicht ein gleichm\u00e4\u00dfiges Mischen f\u00fcr bis zu 4 einzelnen Mikroplatten verschiedener Typen. Dieser Mikroplattenmischer ist kompatibel mit der Mehrheit der g\u00e4ngigen Mikroplatten. Dank der 3 mm orbitalen Bewegung sorgt der Mikroplattenmischer f\u00fcr ultimative Mischleistung. Ausgestattet mit dem b\u00fcrstenlosen DC-Motor ist der Mikroplatten Mischer wartungsfrei und ideal f\u00fcr l\u00e4ngere L\u00e4ufe.<\/p>\n<p>Der CappRondo Mikroplattenmischer arbeitet mit variabler Geschwindigkeit von 200 bis 1200 U \/ min. Kleine und kompakte Bauweise erfordert minimalen Tischraum und die Digitalanzeige gibt dem Anwender einen \u00dcberblick \u00fcber die Geschwindigkeits- und Zeiteinstellungen. CappRondo Orbital-Mikroplattensch\u00fcttler k\u00f6nnen zum Mischen im Zeitintervall von 1 bis 999 Minuten oder ohne zeitliche Begrenzung (unendlichen Modus) programmiert werden.<\/p>\n<p>Ausgestattet mit Gummi-O-Ringen, bietet der Orbital-Mikroplattensch\u00fcttler den ultimativen Griff f\u00fcr alle 4 Platten.<\/p>\n<p>Das Laden, Entladen und Zugreifen auf einzelne Platten erfolgt m\u00fchelos.<\/p>\n<p>Der Pulsmodus des CappRondo Mikroplattenmischers erm\u00f6glicht ein kontinuierliches Mischen im Uhrzeigersinn und gegen den Uhrzeigersinn. Die Mischrichtung \u00e4ndert sich in einem Zeitintervall von 30 bis 90 Sekunden.<\/p>\n","protected":false},"excerpt":{"rendered":"<p>Orbital-Mikroplattensch\u00fcttler<\/p>\n","protected":false},"featured_media":1105,"template":"","meta":{"_crdt_document":""},"product_brand":[],"product_cat":[159,87],"product_tag":[],"class_list":{"0":"post-2452","1":"product","2":"type-product","3":"status-publish","4":"has-post-thumbnail","6":"product_cat-kultur","7":"product_cat-ruehren","9":"first","10":"instock","11":"taxable","12":"shipping-taxable","13":"product-type-simple"},"yoast_head":"<!-- This site is optimized with the Yoast SEO plugin v27.4 - https:\/\/yoast.com\/product\/yoast-seo-wordpress\/ -->\n<title>CappRondo Orbital-Mikroplattensch\u00fcttler - Sysmatec<\/title>\n<meta name=\"description\" content=\"R\u00fchrwerk zum gleichzeitigen R\u00fchren von vier Mikroplatten mit einem Orbital von 3 mm und R\u00fchrgeschwindigkeiten zwischen 200 und 1200 U\/min.\" \/>\n<meta name=\"robots\" content=\"index, follow, max-snippet:-1, max-image-preview:large, max-video-preview:-1\" \/>\n<link rel=\"canonical\" href=\"https:\/\/sysmatec.ch\/de\/produit\/capprondo-orbital-mikroplattenschuettler\/\" \/>\n<meta property=\"og:locale\" content=\"de_DE\" \/>\n<meta property=\"og:type\" content=\"article\" \/>\n<meta property=\"og:title\" content=\"CappRondo Orbital-Mikroplattensch\u00fcttler - Sysmatec\" \/>\n<meta property=\"og:description\" content=\"R\u00fchrwerk zum gleichzeitigen R\u00fchren von vier Mikroplatten mit einem Orbital von 3 mm und R\u00fchrgeschwindigkeiten zwischen 200 und 1200 U\/min.\" \/>\n<meta property=\"og:url\" content=\"https:\/\/sysmatec.ch\/de\/produit\/capprondo-orbital-mikroplattenschuettler\/\" \/>\n<meta property=\"og:site_name\" content=\"Sysmatec\" \/>\n<meta property=\"article:modified_time\" content=\"2022-03-12T13:19:11+00:00\" \/>\n<meta property=\"og:image\" content=\"https:\/\/sysmatec.ch\/wp-content\/uploads\/2019\/01\/Agitateur_CappRondoMixer2.jpg\" \/>\n\t<meta property=\"og:image:width\" content=\"181\" \/>\n\t<meta property=\"og:image:height\" content=\"133\" \/>\n\t<meta property=\"og:image:type\" content=\"image\/jpeg\" \/>\n<meta name=\"twitter:card\" content=\"summary_large_image\" \/>\n<meta name=\"twitter:label1\" content=\"Gesch\u00e4tzte Lesezeit\" \/>\n\t<meta name=\"twitter:data1\" content=\"1\u00a0Minute\" \/>\n<script type=\"application\/ld+json\" class=\"yoast-schema-graph\">{\"@context\":\"https:\\\/\\\/schema.org\",\"@graph\":[{\"@type\":\"WebPage\",\"@id\":\"https:\\\/\\\/sysmatec.ch\\\/de\\\/produit\\\/capprondo-orbital-mikroplattenschuettler\\\/\",\"url\":\"https:\\\/\\\/sysmatec.ch\\\/de\\\/produit\\\/capprondo-orbital-mikroplattenschuettler\\\/\",\"name\":\"CappRondo Orbital-Mikroplattensch\u00fcttler - Sysmatec\",\"isPartOf\":{\"@id\":\"https:\\\/\\\/sysmatec.ch\\\/de\\\/#website\"},\"primaryImageOfPage\":{\"@id\":\"https:\\\/\\\/sysmatec.ch\\\/de\\\/produit\\\/capprondo-orbital-mikroplattenschuettler\\\/#primaryimage\"},\"image\":{\"@id\":\"https:\\\/\\\/sysmatec.ch\\\/de\\\/produit\\\/capprondo-orbital-mikroplattenschuettler\\\/#primaryimage\"},\"thumbnailUrl\":\"https:\\\/\\\/sysmatec.ch\\\/wp-content\\\/uploads\\\/2019\\\/01\\\/Agitateur_CappRondoMixer2.jpg\",\"datePublished\":\"2019-01-03T10:31:46+00:00\",\"dateModified\":\"2022-03-12T13:19:11+00:00\",\"description\":\"R\u00fchrwerk zum gleichzeitigen R\u00fchren von vier Mikroplatten mit einem Orbital von 3 mm und R\u00fchrgeschwindigkeiten zwischen 200 und 1200 U\\\/min.\",\"breadcrumb\":{\"@id\":\"https:\\\/\\\/sysmatec.ch\\\/de\\\/produit\\\/capprondo-orbital-mikroplattenschuettler\\\/#breadcrumb\"},\"inLanguage\":\"de\",\"potentialAction\":[{\"@type\":\"ReadAction\",\"target\":[\"https:\\\/\\\/sysmatec.ch\\\/de\\\/produit\\\/capprondo-orbital-mikroplattenschuettler\\\/\"]}]},{\"@type\":\"ImageObject\",\"inLanguage\":\"de\",\"@id\":\"https:\\\/\\\/sysmatec.ch\\\/de\\\/produit\\\/capprondo-orbital-mikroplattenschuettler\\\/#primaryimage\",\"url\":\"https:\\\/\\\/sysmatec.ch\\\/wp-content\\\/uploads\\\/2019\\\/01\\\/Agitateur_CappRondoMixer2.jpg\",\"contentUrl\":\"https:\\\/\\\/sysmatec.ch\\\/wp-content\\\/uploads\\\/2019\\\/01\\\/Agitateur_CappRondoMixer2.jpg\",\"width\":181,\"height\":133},{\"@type\":\"BreadcrumbList\",\"@id\":\"https:\\\/\\\/sysmatec.ch\\\/de\\\/produit\\\/capprondo-orbital-mikroplattenschuettler\\\/#breadcrumb\",\"itemListElement\":[{\"@type\":\"ListItem\",\"position\":1,\"name\":\"Accueil\",\"item\":\"https:\\\/\\\/sysmatec.ch\\\/de\\\/\"},{\"@type\":\"ListItem\",\"position\":2,\"name\":\"Die Aktivit\u00e4t von Sysmatec\",\"item\":\"https:\\\/\\\/sysmatec.ch\\\/de\\\/\"},{\"@type\":\"ListItem\",\"position\":3,\"name\":\"CappRondo Orbital-Mikroplattensch\u00fcttler\"}]},{\"@type\":\"WebSite\",\"@id\":\"https:\\\/\\\/sysmatec.ch\\\/de\\\/#website\",\"url\":\"https:\\\/\\\/sysmatec.ch\\\/de\\\/\",\"name\":\"Sysmatec\",\"description\":\"Equipement de laboratoire et logiciels\",\"publisher\":{\"@id\":\"https:\\\/\\\/sysmatec.ch\\\/de\\\/#organization\"},\"potentialAction\":[{\"@type\":\"SearchAction\",\"target\":{\"@type\":\"EntryPoint\",\"urlTemplate\":\"https:\\\/\\\/sysmatec.ch\\\/de\\\/?s={search_term_string}\"},\"query-input\":{\"@type\":\"PropertyValueSpecification\",\"valueRequired\":true,\"valueName\":\"search_term_string\"}}],\"inLanguage\":\"de\"},{\"@type\":\"Organization\",\"@id\":\"https:\\\/\\\/sysmatec.ch\\\/de\\\/#organization\",\"name\":\"Sysmatec\",\"url\":\"https:\\\/\\\/sysmatec.ch\\\/de\\\/\",\"logo\":{\"@type\":\"ImageObject\",\"inLanguage\":\"de\",\"@id\":\"https:\\\/\\\/sysmatec.ch\\\/de\\\/#\\\/schema\\\/logo\\\/image\\\/\",\"url\":\"https:\\\/\\\/sysmatec.ch\\\/wp-content\\\/uploads\\\/2018\\\/11\\\/LogoSysmatec.jpg\",\"contentUrl\":\"https:\\\/\\\/sysmatec.ch\\\/wp-content\\\/uploads\\\/2018\\\/11\\\/LogoSysmatec.jpg\",\"width\":301,\"height\":297,\"caption\":\"Sysmatec\"},\"image\":{\"@id\":\"https:\\\/\\\/sysmatec.ch\\\/de\\\/#\\\/schema\\\/logo\\\/image\\\/\"}}]}<\/script>\n<!-- \/ Yoast SEO plugin. -->","yoast_head_json":{"title":"CappRondo Orbital-Mikroplattensch\u00fcttler - Sysmatec","description":"R\u00fchrwerk zum gleichzeitigen R\u00fchren von vier Mikroplatten mit einem Orbital von 3 mm und R\u00fchrgeschwindigkeiten zwischen 200 und 1200 U\/min.","robots":{"index":"index","follow":"follow","max-snippet":"max-snippet:-1","max-image-preview":"max-image-preview:large","max-video-preview":"max-video-preview:-1"},"canonical":"https:\/\/sysmatec.ch\/de\/produit\/capprondo-orbital-mikroplattenschuettler\/","og_locale":"de_DE","og_type":"article","og_title":"CappRondo Orbital-Mikroplattensch\u00fcttler - Sysmatec","og_description":"R\u00fchrwerk zum gleichzeitigen R\u00fchren von vier Mikroplatten mit einem Orbital von 3 mm und R\u00fchrgeschwindigkeiten zwischen 200 und 1200 U\/min.","og_url":"https:\/\/sysmatec.ch\/de\/produit\/capprondo-orbital-mikroplattenschuettler\/","og_site_name":"Sysmatec","article_modified_time":"2022-03-12T13:19:11+00:00","og_image":[{"width":181,"height":133,"url":"https:\/\/sysmatec.ch\/wp-content\/uploads\/2019\/01\/Agitateur_CappRondoMixer2.jpg","type":"image\/jpeg"}],"twitter_card":"summary_large_image","twitter_misc":{"Gesch\u00e4tzte Lesezeit":"1\u00a0Minute"},"schema":{"@context":"https:\/\/schema.org","@graph":[{"@type":"WebPage","@id":"https:\/\/sysmatec.ch\/de\/produit\/capprondo-orbital-mikroplattenschuettler\/","url":"https:\/\/sysmatec.ch\/de\/produit\/capprondo-orbital-mikroplattenschuettler\/","name":"CappRondo Orbital-Mikroplattensch\u00fcttler - Sysmatec","isPartOf":{"@id":"https:\/\/sysmatec.ch\/de\/#website"},"primaryImageOfPage":{"@id":"https:\/\/sysmatec.ch\/de\/produit\/capprondo-orbital-mikroplattenschuettler\/#primaryimage"},"image":{"@id":"https:\/\/sysmatec.ch\/de\/produit\/capprondo-orbital-mikroplattenschuettler\/#primaryimage"},"thumbnailUrl":"https:\/\/sysmatec.ch\/wp-content\/uploads\/2019\/01\/Agitateur_CappRondoMixer2.jpg","datePublished":"2019-01-03T10:31:46+00:00","dateModified":"2022-03-12T13:19:11+00:00","description":"R\u00fchrwerk zum gleichzeitigen R\u00fchren von vier Mikroplatten mit einem Orbital von 3 mm und R\u00fchrgeschwindigkeiten zwischen 200 und 1200 U\/min.","breadcrumb":{"@id":"https:\/\/sysmatec.ch\/de\/produit\/capprondo-orbital-mikroplattenschuettler\/#breadcrumb"},"inLanguage":"de","potentialAction":[{"@type":"ReadAction","target":["https:\/\/sysmatec.ch\/de\/produit\/capprondo-orbital-mikroplattenschuettler\/"]}]},{"@type":"ImageObject","inLanguage":"de","@id":"https:\/\/sysmatec.ch\/de\/produit\/capprondo-orbital-mikroplattenschuettler\/#primaryimage","url":"https:\/\/sysmatec.ch\/wp-content\/uploads\/2019\/01\/Agitateur_CappRondoMixer2.jpg","contentUrl":"https:\/\/sysmatec.ch\/wp-content\/uploads\/2019\/01\/Agitateur_CappRondoMixer2.jpg","width":181,"height":133},{"@type":"BreadcrumbList","@id":"https:\/\/sysmatec.ch\/de\/produit\/capprondo-orbital-mikroplattenschuettler\/#breadcrumb","itemListElement":[{"@type":"ListItem","position":1,"name":"Accueil","item":"https:\/\/sysmatec.ch\/de\/"},{"@type":"ListItem","position":2,"name":"Die Aktivit\u00e4t von Sysmatec","item":"https:\/\/sysmatec.ch\/de\/"},{"@type":"ListItem","position":3,"name":"CappRondo Orbital-Mikroplattensch\u00fcttler"}]},{"@type":"WebSite","@id":"https:\/\/sysmatec.ch\/de\/#website","url":"https:\/\/sysmatec.ch\/de\/","name":"Sysmatec","description":"Equipement de laboratoire et logiciels","publisher":{"@id":"https:\/\/sysmatec.ch\/de\/#organization"},"potentialAction":[{"@type":"SearchAction","target":{"@type":"EntryPoint","urlTemplate":"https:\/\/sysmatec.ch\/de\/?s={search_term_string}"},"query-input":{"@type":"PropertyValueSpecification","valueRequired":true,"valueName":"search_term_string"}}],"inLanguage":"de"},{"@type":"Organization","@id":"https:\/\/sysmatec.ch\/de\/#organization","name":"Sysmatec","url":"https:\/\/sysmatec.ch\/de\/","logo":{"@type":"ImageObject","inLanguage":"de","@id":"https:\/\/sysmatec.ch\/de\/#\/schema\/logo\/image\/","url":"https:\/\/sysmatec.ch\/wp-content\/uploads\/2018\/11\/LogoSysmatec.jpg","contentUrl":"https:\/\/sysmatec.ch\/wp-content\/uploads\/2018\/11\/LogoSysmatec.jpg","width":301,"height":297,"caption":"Sysmatec"},"image":{"@id":"https:\/\/sysmatec.ch\/de\/#\/schema\/logo\/image\/"}}]}},"_links":{"self":[{"href":"https:\/\/sysmatec.ch\/de\/wp-json\/wp\/v2\/product\/2452","targetHints":{"allow":["GET"]}}],"collection":[{"href":"https:\/\/sysmatec.ch\/de\/wp-json\/wp\/v2\/product"}],"about":[{"href":"https:\/\/sysmatec.ch\/de\/wp-json\/wp\/v2\/types\/product"}],"wp:featuredmedia":[{"embeddable":true,"href":"https:\/\/sysmatec.ch\/de\/wp-json\/wp\/v2\/media\/1105"}],"wp:attachment":[{"href":"https:\/\/sysmatec.ch\/de\/wp-json\/wp\/v2\/media?parent=2452"}],"wp:term":[{"taxonomy":"product_brand","embeddable":true,"href":"https:\/\/sysmatec.ch\/de\/wp-json\/wp\/v2\/product_brand?post=2452"},{"taxonomy":"product_cat","embeddable":true,"href":"https:\/\/sysmatec.ch\/de\/wp-json\/wp\/v2\/product_cat?post=2452"},{"taxonomy":"product_tag","embeddable":true,"href":"https:\/\/sysmatec.ch\/de\/wp-json\/wp\/v2\/product_tag?post=2452"}],"curies":[{"name":"wp","href":"https:\/\/api.w.org\/{rel}","templated":true}]}}