{"id":24476,"date":"2021-04-06T21:06:55","date_gmt":"2021-04-06T19:06:55","guid":{"rendered":"https:\/\/sysmatec.ch\/?post_type=product&#038;p=24476"},"modified":"2021-11-24T21:48:27","modified_gmt":"2021-11-24T20:48:27","slug":"kranwaage-hcd","status":"publish","type":"product","link":"https:\/\/sysmatec.ch\/de\/Produkt\/kranwaage-hcd\/","title":{"rendered":"Kranwaage HCD"},"content":{"rendered":"<ul id=\"kernList1\">\n<li>Vollwertige Kranwaage f\u00fcr untere bis mittlere Lastbereiche. Die massive Ausf\u00fchrung sorgt f\u00fcr ein Plus an Sicherheit (T\u00dcV gepr\u00fcft). Dank des gro\u00dfen LCD-Displays und der serienm\u00e4\u00dfig mitgelieferten Fernbedienung auch aus gr\u00f6\u00dferer Entfernung sicher abzulesen und zu bedienen<\/li>\n<li>\n<div id=\"verweis_01\">\u00a0Die Waagen entsprechen mit dem Pr\u00fcfzeichen T\u00dcV den Anforderungen der Norm EN 13155 (Lose Lastaufnehmer) und EN 61010-1 (Elektrische Sicherheit)<\/div>\n<\/li>\n<li>Hohe Mobilit\u00e4t: Dank Batteriebetrieb und kompakter, leichter Bauweise geeignet zum Einsatz an mehreren Standorten (Produktion, Lager, Versand)<\/li>\n<li><a>Hold-Funktion<\/a>: bei W\u00e4gestillstand wird die Gewichtsanzeige automatisch bis zur Bet\u00e4tigung der HOLD-Taste &#8220;eingefroren&#8220;<\/li>\n<li>Tarieren: R\u00fccksetzen der Anzeige auf \u201e0\u201c bei belasteter Waage. Jetzt werden entnommene bzw. hinzugef\u00fcgte Lasten direkt angezeigt<\/li>\n<li>Batteriestandsanzeige, optisch durch LED<\/li>\n<li>Gro\u00dfes, kontrastreiches Display, erleichtert das Ablesen<\/li>\n<li><a>Stand-by-Funktion<\/a>: Automatische Abschaltung der Anzeige nach 5 min ohne Last\u00e4nderung. Automatische Aktivierung bei beliebigem Tastendruck<\/li>\n<li>Haken mit Sicherheitsverschluss, drehbar<\/li>\n<li>\n<div id=\"verweis_02\">\u00a0Infrarot-Fernbedienung serienm\u00e4\u00dfig. Funkreichweite bis zu 20 m. Alle Funktionen sind anw\u00e4hlbar. Batterien inklusive<\/div>\n<\/li>\n<\/ul>\n<table border=\"1\" width=\"511\" cellspacing=\"0\" cellpadding=\"2\">\n<tbody>\n<tr>\n<td>Waage Modell<\/td>\n<td width=\"10%\">Ablesbarkeit<\/td>\n<td width=\"10%\">W\u00e4gebereich<\/td>\n<\/tr>\n<tr>\n<td><\/td>\n<td width=\"10%\">g<\/td>\n<td width=\"10%\">kg<\/td>\n<\/tr>\n<tr>\n<td>HCD 60K-2<\/td>\n<td width=\"10%\">20<\/td>\n<td width=\"10%\">60<\/td>\n<\/tr>\n<tr>\n<td>HCD 100K-2<\/td>\n<td width=\"10%\">50<\/td>\n<td width=\"10%\">150<\/td>\n<\/tr>\n<tr>\n<td>HCD 300K-1<\/td>\n<td width=\"10%\">100<\/td>\n<td width=\"10%\">300<\/td>\n<\/tr>\n<tr>\n<td>HCD 100K-2D<\/td>\n<td width=\"10%\">20\/50<\/td>\n<td width=\"10%\">60\/150<\/td>\n<\/tr>\n<tr>\n<td>HCD 300K-2D<\/td>\n<td width=\"10%\">50\/100<\/td>\n<td width=\"10%\">150\/300<\/td>\n<\/tr>\n<\/tbody>\n<\/table>\n","protected":false},"excerpt":{"rendered":"<p><span class=\"VIiyi\" lang=\"de\"><span class=\"JLqJ4b ChMk0b\" data-language-for-alternatives=\"de\" data-language-to-translate-into=\"fr\" data-phrase-index=\"0\">Kranwaage mit Haken f\u00fcr Gewicht von 0-60 kg bis 0-300 kg, batteriebetrieben f\u00fcr den mobilen Einsatz. Ideal f\u00fcr die schnelle Kontrollwiegung.<\/span><\/span><\/p>\n","protected":false},"featured_media":24531,"template":"","meta":{"_crdt_document":""},"product_brand":[],"product_cat":[165,343],"product_tag":[],"class_list":{"0":"post-24476","1":"product","2":"type-product","3":"status-publish","4":"has-post-thumbnail","6":"product_cat-gewicht","7":"product_cat-mobile-de","9":"first","10":"instock","11":"taxable","12":"shipping-taxable","13":"purchasable","14":"product-type-variable"},"yoast_head":"<!-- This site is optimized with the Yoast SEO plugin v27.3 - https:\/\/yoast.com\/product\/yoast-seo-wordpress\/ -->\n<title>Kranwaage HCD - Sysmatec<\/title>\n<meta name=\"description\" content=\"Dynamometer oder Kranwaage mit hintergrundbeleuchtetem Display, verschiedene Ausf\u00fchrungen f\u00fcr den Bereich von 0 bis 300 kg.\" \/>\n<meta name=\"robots\" content=\"index, follow, max-snippet:-1, max-image-preview:large, max-video-preview:-1\" \/>\n<link rel=\"canonical\" href=\"https:\/\/sysmatec.ch\/de\/produit\/kranwaage-hcd\/\" \/>\n<meta property=\"og:locale\" content=\"de_DE\" \/>\n<meta property=\"og:type\" content=\"article\" \/>\n<meta property=\"og:title\" content=\"Kranwaage HCD - Sysmatec\" \/>\n<meta property=\"og:description\" content=\"Dynamometer oder Kranwaage mit hintergrundbeleuchtetem Display, verschiedene Ausf\u00fchrungen f\u00fcr den Bereich von 0 bis 300 kg.\" \/>\n<meta property=\"og:url\" content=\"https:\/\/sysmatec.ch\/de\/produit\/kranwaage-hcd\/\" \/>\n<meta property=\"og:site_name\" content=\"Sysmatec\" \/>\n<meta property=\"article:modified_time\" content=\"2021-11-24T20:48:27+00:00\" \/>\n<meta property=\"og:image\" content=\"https:\/\/sysmatec.ch\/wp-content\/uploads\/2021\/04\/Balance_HCD-60K-2-scaled.jpg\" \/>\n\t<meta property=\"og:image:width\" content=\"1769\" \/>\n\t<meta property=\"og:image:height\" content=\"2560\" \/>\n\t<meta property=\"og:image:type\" content=\"image\/jpeg\" \/>\n<meta name=\"twitter:card\" content=\"summary_large_image\" \/>\n<meta name=\"twitter:label1\" content=\"Gesch\u00e4tzte Lesezeit\" \/>\n\t<meta name=\"twitter:data1\" content=\"1\u00a0Minute\" \/>\n<script type=\"application\/ld+json\" class=\"yoast-schema-graph\">{\"@context\":\"https:\\\/\\\/schema.org\",\"@graph\":[{\"@type\":\"WebPage\",\"@id\":\"https:\\\/\\\/sysmatec.ch\\\/de\\\/produit\\\/kranwaage-hcd\\\/\",\"url\":\"https:\\\/\\\/sysmatec.ch\\\/de\\\/produit\\\/kranwaage-hcd\\\/\",\"name\":\"Kranwaage HCD - Sysmatec\",\"isPartOf\":{\"@id\":\"https:\\\/\\\/sysmatec.ch\\\/de\\\/#website\"},\"primaryImageOfPage\":{\"@id\":\"https:\\\/\\\/sysmatec.ch\\\/de\\\/produit\\\/kranwaage-hcd\\\/#primaryimage\"},\"image\":{\"@id\":\"https:\\\/\\\/sysmatec.ch\\\/de\\\/produit\\\/kranwaage-hcd\\\/#primaryimage\"},\"thumbnailUrl\":\"https:\\\/\\\/sysmatec.ch\\\/wp-content\\\/uploads\\\/2021\\\/04\\\/Balance_HCD-60K-2-scaled.jpg\",\"datePublished\":\"2021-04-06T19:06:55+00:00\",\"dateModified\":\"2021-11-24T20:48:27+00:00\",\"description\":\"Dynamometer oder Kranwaage mit hintergrundbeleuchtetem Display, verschiedene Ausf\u00fchrungen f\u00fcr den Bereich von 0 bis 300 kg.\",\"breadcrumb\":{\"@id\":\"https:\\\/\\\/sysmatec.ch\\\/de\\\/produit\\\/kranwaage-hcd\\\/#breadcrumb\"},\"inLanguage\":\"de\",\"potentialAction\":[{\"@type\":\"ReadAction\",\"target\":[\"https:\\\/\\\/sysmatec.ch\\\/de\\\/produit\\\/kranwaage-hcd\\\/\"]}]},{\"@type\":\"ImageObject\",\"inLanguage\":\"de\",\"@id\":\"https:\\\/\\\/sysmatec.ch\\\/de\\\/produit\\\/kranwaage-hcd\\\/#primaryimage\",\"url\":\"https:\\\/\\\/sysmatec.ch\\\/wp-content\\\/uploads\\\/2021\\\/04\\\/Balance_HCD-60K-2-scaled.jpg\",\"contentUrl\":\"https:\\\/\\\/sysmatec.ch\\\/wp-content\\\/uploads\\\/2021\\\/04\\\/Balance_HCD-60K-2-scaled.jpg\",\"width\":1769,\"height\":2560},{\"@type\":\"BreadcrumbList\",\"@id\":\"https:\\\/\\\/sysmatec.ch\\\/de\\\/produit\\\/kranwaage-hcd\\\/#breadcrumb\",\"itemListElement\":[{\"@type\":\"ListItem\",\"position\":1,\"name\":\"Accueil\",\"item\":\"https:\\\/\\\/sysmatec.ch\\\/de\\\/\"},{\"@type\":\"ListItem\",\"position\":2,\"name\":\"Die Aktivit\u00e4t von Sysmatec\",\"item\":\"https:\\\/\\\/sysmatec.ch\\\/de\\\/\"},{\"@type\":\"ListItem\",\"position\":3,\"name\":\"Kranwaage HCD\"}]},{\"@type\":\"WebSite\",\"@id\":\"https:\\\/\\\/sysmatec.ch\\\/de\\\/#website\",\"url\":\"https:\\\/\\\/sysmatec.ch\\\/de\\\/\",\"name\":\"Sysmatec\",\"description\":\"Equipement de laboratoire et logiciels\",\"publisher\":{\"@id\":\"https:\\\/\\\/sysmatec.ch\\\/de\\\/#organization\"},\"potentialAction\":[{\"@type\":\"SearchAction\",\"target\":{\"@type\":\"EntryPoint\",\"urlTemplate\":\"https:\\\/\\\/sysmatec.ch\\\/de\\\/?s={search_term_string}\"},\"query-input\":{\"@type\":\"PropertyValueSpecification\",\"valueRequired\":true,\"valueName\":\"search_term_string\"}}],\"inLanguage\":\"de\"},{\"@type\":\"Organization\",\"@id\":\"https:\\\/\\\/sysmatec.ch\\\/de\\\/#organization\",\"name\":\"Sysmatec\",\"url\":\"https:\\\/\\\/sysmatec.ch\\\/de\\\/\",\"logo\":{\"@type\":\"ImageObject\",\"inLanguage\":\"de\",\"@id\":\"https:\\\/\\\/sysmatec.ch\\\/de\\\/#\\\/schema\\\/logo\\\/image\\\/\",\"url\":\"https:\\\/\\\/sysmatec.ch\\\/wp-content\\\/uploads\\\/2018\\\/11\\\/LogoSysmatec.jpg\",\"contentUrl\":\"https:\\\/\\\/sysmatec.ch\\\/wp-content\\\/uploads\\\/2018\\\/11\\\/LogoSysmatec.jpg\",\"width\":301,\"height\":297,\"caption\":\"Sysmatec\"},\"image\":{\"@id\":\"https:\\\/\\\/sysmatec.ch\\\/de\\\/#\\\/schema\\\/logo\\\/image\\\/\"}}]}<\/script>\n<!-- \/ Yoast SEO plugin. -->","yoast_head_json":{"title":"Kranwaage HCD - Sysmatec","description":"Dynamometer oder Kranwaage mit hintergrundbeleuchtetem Display, verschiedene Ausf\u00fchrungen f\u00fcr den Bereich von 0 bis 300 kg.","robots":{"index":"index","follow":"follow","max-snippet":"max-snippet:-1","max-image-preview":"max-image-preview:large","max-video-preview":"max-video-preview:-1"},"canonical":"https:\/\/sysmatec.ch\/de\/produit\/kranwaage-hcd\/","og_locale":"de_DE","og_type":"article","og_title":"Kranwaage HCD - Sysmatec","og_description":"Dynamometer oder Kranwaage mit hintergrundbeleuchtetem Display, verschiedene Ausf\u00fchrungen f\u00fcr den Bereich von 0 bis 300 kg.","og_url":"https:\/\/sysmatec.ch\/de\/produit\/kranwaage-hcd\/","og_site_name":"Sysmatec","article_modified_time":"2021-11-24T20:48:27+00:00","og_image":[{"width":1769,"height":2560,"url":"https:\/\/sysmatec.ch\/wp-content\/uploads\/2021\/04\/Balance_HCD-60K-2-scaled.jpg","type":"image\/jpeg"}],"twitter_card":"summary_large_image","twitter_misc":{"Gesch\u00e4tzte Lesezeit":"1\u00a0Minute"},"schema":{"@context":"https:\/\/schema.org","@graph":[{"@type":"WebPage","@id":"https:\/\/sysmatec.ch\/de\/produit\/kranwaage-hcd\/","url":"https:\/\/sysmatec.ch\/de\/produit\/kranwaage-hcd\/","name":"Kranwaage HCD - Sysmatec","isPartOf":{"@id":"https:\/\/sysmatec.ch\/de\/#website"},"primaryImageOfPage":{"@id":"https:\/\/sysmatec.ch\/de\/produit\/kranwaage-hcd\/#primaryimage"},"image":{"@id":"https:\/\/sysmatec.ch\/de\/produit\/kranwaage-hcd\/#primaryimage"},"thumbnailUrl":"https:\/\/sysmatec.ch\/wp-content\/uploads\/2021\/04\/Balance_HCD-60K-2-scaled.jpg","datePublished":"2021-04-06T19:06:55+00:00","dateModified":"2021-11-24T20:48:27+00:00","description":"Dynamometer oder Kranwaage mit hintergrundbeleuchtetem Display, verschiedene Ausf\u00fchrungen f\u00fcr den Bereich von 0 bis 300 kg.","breadcrumb":{"@id":"https:\/\/sysmatec.ch\/de\/produit\/kranwaage-hcd\/#breadcrumb"},"inLanguage":"de","potentialAction":[{"@type":"ReadAction","target":["https:\/\/sysmatec.ch\/de\/produit\/kranwaage-hcd\/"]}]},{"@type":"ImageObject","inLanguage":"de","@id":"https:\/\/sysmatec.ch\/de\/produit\/kranwaage-hcd\/#primaryimage","url":"https:\/\/sysmatec.ch\/wp-content\/uploads\/2021\/04\/Balance_HCD-60K-2-scaled.jpg","contentUrl":"https:\/\/sysmatec.ch\/wp-content\/uploads\/2021\/04\/Balance_HCD-60K-2-scaled.jpg","width":1769,"height":2560},{"@type":"BreadcrumbList","@id":"https:\/\/sysmatec.ch\/de\/produit\/kranwaage-hcd\/#breadcrumb","itemListElement":[{"@type":"ListItem","position":1,"name":"Accueil","item":"https:\/\/sysmatec.ch\/de\/"},{"@type":"ListItem","position":2,"name":"Die Aktivit\u00e4t von Sysmatec","item":"https:\/\/sysmatec.ch\/de\/"},{"@type":"ListItem","position":3,"name":"Kranwaage HCD"}]},{"@type":"WebSite","@id":"https:\/\/sysmatec.ch\/de\/#website","url":"https:\/\/sysmatec.ch\/de\/","name":"Sysmatec","description":"Equipement de laboratoire et logiciels","publisher":{"@id":"https:\/\/sysmatec.ch\/de\/#organization"},"potentialAction":[{"@type":"SearchAction","target":{"@type":"EntryPoint","urlTemplate":"https:\/\/sysmatec.ch\/de\/?s={search_term_string}"},"query-input":{"@type":"PropertyValueSpecification","valueRequired":true,"valueName":"search_term_string"}}],"inLanguage":"de"},{"@type":"Organization","@id":"https:\/\/sysmatec.ch\/de\/#organization","name":"Sysmatec","url":"https:\/\/sysmatec.ch\/de\/","logo":{"@type":"ImageObject","inLanguage":"de","@id":"https:\/\/sysmatec.ch\/de\/#\/schema\/logo\/image\/","url":"https:\/\/sysmatec.ch\/wp-content\/uploads\/2018\/11\/LogoSysmatec.jpg","contentUrl":"https:\/\/sysmatec.ch\/wp-content\/uploads\/2018\/11\/LogoSysmatec.jpg","width":301,"height":297,"caption":"Sysmatec"},"image":{"@id":"https:\/\/sysmatec.ch\/de\/#\/schema\/logo\/image\/"}}]}},"_links":{"self":[{"href":"https:\/\/sysmatec.ch\/de\/wp-json\/wp\/v2\/product\/24476","targetHints":{"allow":["GET"]}}],"collection":[{"href":"https:\/\/sysmatec.ch\/de\/wp-json\/wp\/v2\/product"}],"about":[{"href":"https:\/\/sysmatec.ch\/de\/wp-json\/wp\/v2\/types\/product"}],"wp:featuredmedia":[{"embeddable":true,"href":"https:\/\/sysmatec.ch\/de\/wp-json\/wp\/v2\/media\/24531"}],"wp:attachment":[{"href":"https:\/\/sysmatec.ch\/de\/wp-json\/wp\/v2\/media?parent=24476"}],"wp:term":[{"taxonomy":"product_brand","embeddable":true,"href":"https:\/\/sysmatec.ch\/de\/wp-json\/wp\/v2\/product_brand?post=24476"},{"taxonomy":"product_cat","embeddable":true,"href":"https:\/\/sysmatec.ch\/de\/wp-json\/wp\/v2\/product_cat?post=24476"},{"taxonomy":"product_tag","embeddable":true,"href":"https:\/\/sysmatec.ch\/de\/wp-json\/wp\/v2\/product_tag?post=24476"}],"curies":[{"name":"wp","href":"https:\/\/api.w.org\/{rel}","templated":true}]}}