{"id":24448,"date":"2021-04-06T20:43:50","date_gmt":"2021-04-06T18:43:50","guid":{"rendered":"https:\/\/sysmatec.ch\/?post_type=product&#038;p=24448"},"modified":"2021-11-24T21:55:58","modified_gmt":"2021-11-24T20:55:58","slug":"haengewaage-hcn","status":"publish","type":"product","link":"https:\/\/sysmatec.ch\/de\/Produkt\/haengewaage-hcn\/","title":{"rendered":"H\u00e4ngewaage  HCN"},"content":{"rendered":"<ul id=\"kernList1\">\n<li>\n<div id=\"verweis_01\">Die Waagen entsprechen mit dem Pr\u00fcfzeichen T\u00dcV den Anforderungen der Norm EN 13155 (Lose Lastaufnehmer) und EN 61010-1 (Elektrische Sicherheit)<\/div>\n<\/li>\n<li>Ideal f\u00fcr die schnelle Kontrollwiegung im Warenein- und -ausgang<\/li>\n<li>Unverzichtbar auch im Privatbereich zur Gewichtsbestimmung von Fischen, Wild, Fr\u00fcchten, Fahrradteilen, Koffern etc.<\/li>\n<li><a>Hold-Funktion<\/a>: Zum bequemen Ablesen des W\u00e4gewerts kann die Anzeige auf verschiedene Weise \u201eeingefroren\u201c werden. Entweder automatisch bei W\u00e4gestillstand oder manuell durch Dr\u00fccken der Hold-Taste<\/li>\n<li>Spitzenlast-Anzeige (<a>Peak<\/a>-Hold), Messfrequenz 5 Hz<\/li>\n<li>Geh\u00e4use Edelstahl, IP65: Gesch\u00fctzt gegen Staub und Spritzwasser<\/li>\n<li>\n<div id=\"verweis_02\">\u00a0Zweitanzeige an der Waagenr\u00fcckseite<\/div>\n<\/li>\n<li>Startbereit: Batterien inklusive, 2\u00d71.5 V AA, Betriebsdauer bis zu 200 h<\/li>\n<\/ul>\n<table border=\"1\" width=\"511\" cellspacing=\"0\" cellpadding=\"2\">\n<tbody>\n<tr>\n<td>Waage Model<\/td>\n<td width=\"10%\">Ablesbarkeit<\/td>\n<td width=\"10%\">W\u00e4gebereich<\/td>\n<\/tr>\n<tr>\n<td><\/td>\n<td width=\"10%\">g<\/td>\n<td width=\"10%\">kg<\/td>\n<\/tr>\n<tr>\n<td>HCN 50K100IP<\/td>\n<td width=\"10%\">50<\/td>\n<td width=\"10%\">100<\/td>\n<\/tr>\n<tr>\n<td>HCN 100K200IP<\/td>\n<td width=\"10%\">100<\/td>\n<td width=\"10%\">200<\/td>\n<\/tr>\n<tr>\n<td>HCN 200K500IP<\/td>\n<td width=\"10%\">200<\/td>\n<td width=\"10%\">500<\/td>\n<\/tr>\n<\/tbody>\n<\/table>\n","protected":false},"excerpt":{"rendered":"<p><span class=\"VIiyi\" lang=\"de\"><span class=\"JLqJ4b ChMk0b\" data-language-for-alternatives=\"de\" data-language-to-translate-into=\"fr\" data-phrase-index=\"0\">H\u00e4ngewaage mit Haken f\u00fcr Gewicht von 0-50 kg bis 0-500 kg, batteriebetrieben f\u00fcr den mobilen Einsatz. Ideal f\u00fcr die schnelle Kontrollwiegung.<\/span><\/span><\/p>\n","protected":false},"featured_media":24464,"template":"","meta":{"_crdt_document":""},"product_brand":[],"product_cat":[165,343],"product_tag":[],"class_list":{"0":"post-24448","1":"product","2":"type-product","3":"status-publish","4":"has-post-thumbnail","6":"product_cat-gewicht","7":"product_cat-mobile-de","9":"first","10":"instock","11":"taxable","12":"shipping-taxable","13":"purchasable","14":"product-type-variable"},"yoast_head":"<!-- This site is optimized with the Yoast SEO plugin v27.3 - https:\/\/yoast.com\/product\/yoast-seo-wordpress\/ -->\n<title>H\u00e4ngewaage HCN - Sysmatec<\/title>\n<meta name=\"description\" content=\"Dynamometer oder H\u00e4ngewaage mit hintergrundbeleuchtetem Display, verschiedene Ausf\u00fchrungen f\u00fcr den Bereich von 0 bis 300 kg.\" \/>\n<meta name=\"robots\" content=\"index, follow, max-snippet:-1, max-image-preview:large, max-video-preview:-1\" \/>\n<link rel=\"canonical\" href=\"https:\/\/sysmatec.ch\/de\/produit\/haengewaage-hcn\/\" \/>\n<meta property=\"og:locale\" content=\"de_DE\" \/>\n<meta property=\"og:type\" content=\"article\" \/>\n<meta property=\"og:title\" content=\"H\u00e4ngewaage HCN - Sysmatec\" \/>\n<meta property=\"og:description\" content=\"Dynamometer oder H\u00e4ngewaage mit hintergrundbeleuchtetem Display, verschiedene Ausf\u00fchrungen f\u00fcr den Bereich von 0 bis 300 kg.\" \/>\n<meta property=\"og:url\" content=\"https:\/\/sysmatec.ch\/de\/produit\/haengewaage-hcn\/\" \/>\n<meta property=\"og:site_name\" content=\"Sysmatec\" \/>\n<meta property=\"article:modified_time\" content=\"2021-11-24T20:55:58+00:00\" \/>\n<meta property=\"og:image\" content=\"https:\/\/sysmatec.ch\/wp-content\/uploads\/2021\/04\/Balance_HCN-50K100IP-401x1024.jpg\" \/>\n\t<meta property=\"og:image:width\" content=\"401\" \/>\n\t<meta property=\"og:image:height\" content=\"1024\" \/>\n\t<meta property=\"og:image:type\" content=\"image\/jpeg\" \/>\n<meta name=\"twitter:card\" content=\"summary_large_image\" \/>\n<meta name=\"twitter:label1\" content=\"Gesch\u00e4tzte Lesezeit\" \/>\n\t<meta name=\"twitter:data1\" content=\"1\u00a0Minute\" \/>\n<script type=\"application\/ld+json\" class=\"yoast-schema-graph\">{\"@context\":\"https:\\\/\\\/schema.org\",\"@graph\":[{\"@type\":\"WebPage\",\"@id\":\"https:\\\/\\\/sysmatec.ch\\\/de\\\/produit\\\/haengewaage-hcn\\\/\",\"url\":\"https:\\\/\\\/sysmatec.ch\\\/de\\\/produit\\\/haengewaage-hcn\\\/\",\"name\":\"H\u00e4ngewaage HCN - Sysmatec\",\"isPartOf\":{\"@id\":\"https:\\\/\\\/sysmatec.ch\\\/de\\\/#website\"},\"primaryImageOfPage\":{\"@id\":\"https:\\\/\\\/sysmatec.ch\\\/de\\\/produit\\\/haengewaage-hcn\\\/#primaryimage\"},\"image\":{\"@id\":\"https:\\\/\\\/sysmatec.ch\\\/de\\\/produit\\\/haengewaage-hcn\\\/#primaryimage\"},\"thumbnailUrl\":\"https:\\\/\\\/sysmatec.ch\\\/wp-content\\\/uploads\\\/2021\\\/04\\\/Balance_HCN-50K100IP-scaled.jpg\",\"datePublished\":\"2021-04-06T18:43:50+00:00\",\"dateModified\":\"2021-11-24T20:55:58+00:00\",\"description\":\"Dynamometer oder H\u00e4ngewaage mit hintergrundbeleuchtetem Display, verschiedene Ausf\u00fchrungen f\u00fcr den Bereich von 0 bis 300 kg.\",\"breadcrumb\":{\"@id\":\"https:\\\/\\\/sysmatec.ch\\\/de\\\/produit\\\/haengewaage-hcn\\\/#breadcrumb\"},\"inLanguage\":\"de\",\"potentialAction\":[{\"@type\":\"ReadAction\",\"target\":[\"https:\\\/\\\/sysmatec.ch\\\/de\\\/produit\\\/haengewaage-hcn\\\/\"]}]},{\"@type\":\"ImageObject\",\"inLanguage\":\"de\",\"@id\":\"https:\\\/\\\/sysmatec.ch\\\/de\\\/produit\\\/haengewaage-hcn\\\/#primaryimage\",\"url\":\"https:\\\/\\\/sysmatec.ch\\\/wp-content\\\/uploads\\\/2021\\\/04\\\/Balance_HCN-50K100IP-scaled.jpg\",\"contentUrl\":\"https:\\\/\\\/sysmatec.ch\\\/wp-content\\\/uploads\\\/2021\\\/04\\\/Balance_HCN-50K100IP-scaled.jpg\",\"width\":1002,\"height\":2560},{\"@type\":\"BreadcrumbList\",\"@id\":\"https:\\\/\\\/sysmatec.ch\\\/de\\\/produit\\\/haengewaage-hcn\\\/#breadcrumb\",\"itemListElement\":[{\"@type\":\"ListItem\",\"position\":1,\"name\":\"Accueil\",\"item\":\"https:\\\/\\\/sysmatec.ch\\\/de\\\/\"},{\"@type\":\"ListItem\",\"position\":2,\"name\":\"Die Aktivit\u00e4t von Sysmatec\",\"item\":\"https:\\\/\\\/sysmatec.ch\\\/de\\\/\"},{\"@type\":\"ListItem\",\"position\":3,\"name\":\"H\u00e4ngewaage HCN\"}]},{\"@type\":\"WebSite\",\"@id\":\"https:\\\/\\\/sysmatec.ch\\\/de\\\/#website\",\"url\":\"https:\\\/\\\/sysmatec.ch\\\/de\\\/\",\"name\":\"Sysmatec\",\"description\":\"Equipement de laboratoire et logiciels\",\"publisher\":{\"@id\":\"https:\\\/\\\/sysmatec.ch\\\/de\\\/#organization\"},\"potentialAction\":[{\"@type\":\"SearchAction\",\"target\":{\"@type\":\"EntryPoint\",\"urlTemplate\":\"https:\\\/\\\/sysmatec.ch\\\/de\\\/?s={search_term_string}\"},\"query-input\":{\"@type\":\"PropertyValueSpecification\",\"valueRequired\":true,\"valueName\":\"search_term_string\"}}],\"inLanguage\":\"de\"},{\"@type\":\"Organization\",\"@id\":\"https:\\\/\\\/sysmatec.ch\\\/de\\\/#organization\",\"name\":\"Sysmatec\",\"url\":\"https:\\\/\\\/sysmatec.ch\\\/de\\\/\",\"logo\":{\"@type\":\"ImageObject\",\"inLanguage\":\"de\",\"@id\":\"https:\\\/\\\/sysmatec.ch\\\/de\\\/#\\\/schema\\\/logo\\\/image\\\/\",\"url\":\"https:\\\/\\\/sysmatec.ch\\\/wp-content\\\/uploads\\\/2018\\\/11\\\/LogoSysmatec.jpg\",\"contentUrl\":\"https:\\\/\\\/sysmatec.ch\\\/wp-content\\\/uploads\\\/2018\\\/11\\\/LogoSysmatec.jpg\",\"width\":301,\"height\":297,\"caption\":\"Sysmatec\"},\"image\":{\"@id\":\"https:\\\/\\\/sysmatec.ch\\\/de\\\/#\\\/schema\\\/logo\\\/image\\\/\"}}]}<\/script>\n<!-- \/ Yoast SEO plugin. -->","yoast_head_json":{"title":"H\u00e4ngewaage HCN - Sysmatec","description":"Dynamometer oder H\u00e4ngewaage mit hintergrundbeleuchtetem Display, verschiedene Ausf\u00fchrungen f\u00fcr den Bereich von 0 bis 300 kg.","robots":{"index":"index","follow":"follow","max-snippet":"max-snippet:-1","max-image-preview":"max-image-preview:large","max-video-preview":"max-video-preview:-1"},"canonical":"https:\/\/sysmatec.ch\/de\/produit\/haengewaage-hcn\/","og_locale":"de_DE","og_type":"article","og_title":"H\u00e4ngewaage HCN - Sysmatec","og_description":"Dynamometer oder H\u00e4ngewaage mit hintergrundbeleuchtetem Display, verschiedene Ausf\u00fchrungen f\u00fcr den Bereich von 0 bis 300 kg.","og_url":"https:\/\/sysmatec.ch\/de\/produit\/haengewaage-hcn\/","og_site_name":"Sysmatec","article_modified_time":"2021-11-24T20:55:58+00:00","og_image":[{"width":401,"height":1024,"url":"https:\/\/sysmatec.ch\/wp-content\/uploads\/2021\/04\/Balance_HCN-50K100IP-401x1024.jpg","type":"image\/jpeg"}],"twitter_card":"summary_large_image","twitter_misc":{"Gesch\u00e4tzte Lesezeit":"1\u00a0Minute"},"schema":{"@context":"https:\/\/schema.org","@graph":[{"@type":"WebPage","@id":"https:\/\/sysmatec.ch\/de\/produit\/haengewaage-hcn\/","url":"https:\/\/sysmatec.ch\/de\/produit\/haengewaage-hcn\/","name":"H\u00e4ngewaage HCN - Sysmatec","isPartOf":{"@id":"https:\/\/sysmatec.ch\/de\/#website"},"primaryImageOfPage":{"@id":"https:\/\/sysmatec.ch\/de\/produit\/haengewaage-hcn\/#primaryimage"},"image":{"@id":"https:\/\/sysmatec.ch\/de\/produit\/haengewaage-hcn\/#primaryimage"},"thumbnailUrl":"https:\/\/sysmatec.ch\/wp-content\/uploads\/2021\/04\/Balance_HCN-50K100IP-scaled.jpg","datePublished":"2021-04-06T18:43:50+00:00","dateModified":"2021-11-24T20:55:58+00:00","description":"Dynamometer oder H\u00e4ngewaage mit hintergrundbeleuchtetem Display, verschiedene Ausf\u00fchrungen f\u00fcr den Bereich von 0 bis 300 kg.","breadcrumb":{"@id":"https:\/\/sysmatec.ch\/de\/produit\/haengewaage-hcn\/#breadcrumb"},"inLanguage":"de","potentialAction":[{"@type":"ReadAction","target":["https:\/\/sysmatec.ch\/de\/produit\/haengewaage-hcn\/"]}]},{"@type":"ImageObject","inLanguage":"de","@id":"https:\/\/sysmatec.ch\/de\/produit\/haengewaage-hcn\/#primaryimage","url":"https:\/\/sysmatec.ch\/wp-content\/uploads\/2021\/04\/Balance_HCN-50K100IP-scaled.jpg","contentUrl":"https:\/\/sysmatec.ch\/wp-content\/uploads\/2021\/04\/Balance_HCN-50K100IP-scaled.jpg","width":1002,"height":2560},{"@type":"BreadcrumbList","@id":"https:\/\/sysmatec.ch\/de\/produit\/haengewaage-hcn\/#breadcrumb","itemListElement":[{"@type":"ListItem","position":1,"name":"Accueil","item":"https:\/\/sysmatec.ch\/de\/"},{"@type":"ListItem","position":2,"name":"Die Aktivit\u00e4t von Sysmatec","item":"https:\/\/sysmatec.ch\/de\/"},{"@type":"ListItem","position":3,"name":"H\u00e4ngewaage HCN"}]},{"@type":"WebSite","@id":"https:\/\/sysmatec.ch\/de\/#website","url":"https:\/\/sysmatec.ch\/de\/","name":"Sysmatec","description":"Equipement de laboratoire et logiciels","publisher":{"@id":"https:\/\/sysmatec.ch\/de\/#organization"},"potentialAction":[{"@type":"SearchAction","target":{"@type":"EntryPoint","urlTemplate":"https:\/\/sysmatec.ch\/de\/?s={search_term_string}"},"query-input":{"@type":"PropertyValueSpecification","valueRequired":true,"valueName":"search_term_string"}}],"inLanguage":"de"},{"@type":"Organization","@id":"https:\/\/sysmatec.ch\/de\/#organization","name":"Sysmatec","url":"https:\/\/sysmatec.ch\/de\/","logo":{"@type":"ImageObject","inLanguage":"de","@id":"https:\/\/sysmatec.ch\/de\/#\/schema\/logo\/image\/","url":"https:\/\/sysmatec.ch\/wp-content\/uploads\/2018\/11\/LogoSysmatec.jpg","contentUrl":"https:\/\/sysmatec.ch\/wp-content\/uploads\/2018\/11\/LogoSysmatec.jpg","width":301,"height":297,"caption":"Sysmatec"},"image":{"@id":"https:\/\/sysmatec.ch\/de\/#\/schema\/logo\/image\/"}}]}},"_links":{"self":[{"href":"https:\/\/sysmatec.ch\/de\/wp-json\/wp\/v2\/product\/24448","targetHints":{"allow":["GET"]}}],"collection":[{"href":"https:\/\/sysmatec.ch\/de\/wp-json\/wp\/v2\/product"}],"about":[{"href":"https:\/\/sysmatec.ch\/de\/wp-json\/wp\/v2\/types\/product"}],"wp:featuredmedia":[{"embeddable":true,"href":"https:\/\/sysmatec.ch\/de\/wp-json\/wp\/v2\/media\/24464"}],"wp:attachment":[{"href":"https:\/\/sysmatec.ch\/de\/wp-json\/wp\/v2\/media?parent=24448"}],"wp:term":[{"taxonomy":"product_brand","embeddable":true,"href":"https:\/\/sysmatec.ch\/de\/wp-json\/wp\/v2\/product_brand?post=24448"},{"taxonomy":"product_cat","embeddable":true,"href":"https:\/\/sysmatec.ch\/de\/wp-json\/wp\/v2\/product_cat?post=24448"},{"taxonomy":"product_tag","embeddable":true,"href":"https:\/\/sysmatec.ch\/de\/wp-json\/wp\/v2\/product_tag?post=24448"}],"curies":[{"name":"wp","href":"https:\/\/api.w.org\/{rel}","templated":true}]}}