{"id":2439,"date":"2019-01-03T17:57:33","date_gmt":"2019-01-03T16:57:33","guid":{"rendered":"https:\/\/sysmatec.ch\/produit\/agitateur-incubateur-orbital-es20\/"},"modified":"2022-03-12T11:46:53","modified_gmt":"2022-03-12T10:46:53","slug":"orbitalschuettler-inkubator-es20","status":"publish","type":"product","link":"https:\/\/sysmatec.ch\/de\/Produkt\/orbitalschuettler-inkubator-es20\/","title":{"rendered":"Orbitalsch\u00fcttler-Inkubator ES20"},"content":{"rendered":"<p>Es ist ein kompakter Inkubator, der f\u00fcr das Mischen biologischer Fl\u00fcssigkeiten sowie f\u00fcr die Inkubation und Kultivierung von biologischen Fl\u00fcssigkeiten verwendet wird.<\/p>\n<p>Der mikroprozessorgesteuerte Temperaturregler h\u00e4lt eine konstante Temperatur in der Inkubatorkammer aufrecht. Die Zwangszirkulation der erw\u00e4rmten Luft in der transparenten Plexiglaskammer garantiert eine homogene Temperaturverteilung. Die abnehmbare Konstruktion erleichtert den Transport.<\/p>\n<p>Orbitalsch\u00fctteln wird durch den digitalen Controller und die digitale Zeiteinstellung gesteuert. Das Ger\u00e4t ist mit dem Direktantriebssystem f\u00fcr einen langzeitstabilen und zuverl\u00e4ssigen Betrieb (bis zu 30 Tage) ausgestattet.<\/p>\n<p>Der Inkubator ist extrem einfach zu bedienen, mit einer sehr einfachen Konfiguration von Temperatur, Geschwindigkeit und Zeit, mit dem zweizeiligen Display und der Statusanzeige, die deutlich die Soll- und Istwerte f\u00fcr anzeigt jeder der drei Parameter.<\/p>\n<p>F\u00fcnf austauschbare Plattformen sind f\u00fcr Zell- oder Bakterienkulturen oder einige Laborglasger\u00e4te f\u00fcr jeden Prozessprobenvorbereitungsprozess verf\u00fcgbar.<\/p>\n<p>Spezifikationen<\/p>\n<ul>\n<li type=\"disc\">Temperatureinstellbereich: + 25 \u00b0 C bis + 42 \u00b0 C<\/li>\n<li type=\"disc\">Temperaturregelbereich: 5 \u00b0 C \u00fcber Umgebungstemperatur bis + 42 \u00b0 C<\/li>\n<li type=\"disc\">Einstellaufl\u00f6sung: 0.1 \u00b0 C \/ 1 U \/ min<\/li>\n<li type=\"disc\">Stabilit\u00e4t bei Temperatur: \u00b1 0.5 \u00b0 C<\/li>\n<li type=\"disc\">Geschwindigkeitsregelbereich: 50 bis 250 U \/ min<\/li>\n<li type=\"disc\">Umlaufbahn: 10 mm<\/li>\n<li type=\"disc\">Anzeige: LCD, 2 x 16 Zeichen<\/li>\n<li type=\"disc\">Digitale Zeiteinstellung: 1 min bis 96 h \/ non-stop<\/li>\n<li type=\"disc\">Dicke der Plexiglasw\u00e4nde: 7 mm<\/li>\n<li type=\"disc\">Belastbarkeit: 2.5 kg<\/li>\n<li type=\"disc\">Gesamtabmessungen (L \u00d7 B \u00d7 H): 340x340x435 mm<\/li>\n<li type=\"disc\">Innenkammerabmessungen: 305 \u00d7 260 \u00d7 250 mm<\/li>\n<li type=\"disc\">Gewicht: 13.2 kg<\/li>\n<li type=\"disc\">Nennbetriebsspannung: 230 V, 50\/60 Hz oder 120 V, 50\/60 Hz<\/li>\n<li type=\"disc\">Leistungsaufnahme (230V \/ 120V): 160W (0.7A) \/ 170W (1.6A)<\/li>\n<\/ul>\n","protected":false},"excerpt":{"rendered":"<p>Orbitalsch\u00fcttler-Inkubator<\/p>\n","protected":false},"featured_media":1115,"template":"","meta":{"_crdt_document":""},"product_brand":[],"product_cat":[159,87],"product_tag":[],"class_list":{"0":"post-2439","1":"product","2":"type-product","3":"status-publish","4":"has-post-thumbnail","6":"product_cat-kultur","7":"product_cat-ruehren","9":"first","10":"instock","11":"taxable","12":"shipping-taxable","13":"product-type-simple"},"yoast_head":"<!-- This site is optimized with the Yoast SEO plugin v27.4 - https:\/\/yoast.com\/product\/yoast-seo-wordpress\/ -->\n<title>Orbitalsch\u00fcttler-Inkubator ES20 - Sysmatec<\/title>\n<meta name=\"description\" content=\"Orbitalsch\u00fcttler-Inkubator. Temperaturregulierung bis 42\u00b0C. R\u00fchrgeschwindigkeit von 50 bis 250 U\/min.\" \/>\n<meta name=\"robots\" content=\"index, follow, max-snippet:-1, max-image-preview:large, max-video-preview:-1\" \/>\n<link rel=\"canonical\" href=\"https:\/\/sysmatec.ch\/de\/produit\/orbitalschuettler-inkubator-es20\/\" \/>\n<meta property=\"og:locale\" content=\"de_DE\" \/>\n<meta property=\"og:type\" content=\"article\" \/>\n<meta property=\"og:title\" content=\"Orbitalsch\u00fcttler-Inkubator ES20 - Sysmatec\" \/>\n<meta property=\"og:description\" content=\"Orbitalsch\u00fcttler-Inkubator. Temperaturregulierung bis 42\u00b0C. R\u00fchrgeschwindigkeit von 50 bis 250 U\/min.\" \/>\n<meta property=\"og:url\" content=\"https:\/\/sysmatec.ch\/de\/produit\/orbitalschuettler-inkubator-es20\/\" \/>\n<meta property=\"og:site_name\" content=\"Sysmatec\" \/>\n<meta property=\"article:modified_time\" content=\"2022-03-12T10:46:53+00:00\" \/>\n<meta property=\"og:image\" content=\"https:\/\/sysmatec.ch\/wp-content\/uploads\/2019\/01\/Agitateur_BiosanrES20_1.jpg\" \/>\n\t<meta property=\"og:image:width\" content=\"187\" \/>\n\t<meta property=\"og:image:height\" content=\"233\" \/>\n\t<meta property=\"og:image:type\" content=\"image\/jpeg\" \/>\n<meta name=\"twitter:card\" content=\"summary_large_image\" \/>\n<meta name=\"twitter:label1\" content=\"Gesch\u00e4tzte Lesezeit\" \/>\n\t<meta name=\"twitter:data1\" content=\"1\u00a0Minute\" \/>\n<script type=\"application\/ld+json\" class=\"yoast-schema-graph\">{\"@context\":\"https:\\\/\\\/schema.org\",\"@graph\":[{\"@type\":\"WebPage\",\"@id\":\"https:\\\/\\\/sysmatec.ch\\\/de\\\/produit\\\/orbitalschuettler-inkubator-es20\\\/\",\"url\":\"https:\\\/\\\/sysmatec.ch\\\/de\\\/produit\\\/orbitalschuettler-inkubator-es20\\\/\",\"name\":\"Orbitalsch\u00fcttler-Inkubator ES20 - Sysmatec\",\"isPartOf\":{\"@id\":\"https:\\\/\\\/sysmatec.ch\\\/de\\\/#website\"},\"primaryImageOfPage\":{\"@id\":\"https:\\\/\\\/sysmatec.ch\\\/de\\\/produit\\\/orbitalschuettler-inkubator-es20\\\/#primaryimage\"},\"image\":{\"@id\":\"https:\\\/\\\/sysmatec.ch\\\/de\\\/produit\\\/orbitalschuettler-inkubator-es20\\\/#primaryimage\"},\"thumbnailUrl\":\"https:\\\/\\\/sysmatec.ch\\\/wp-content\\\/uploads\\\/2019\\\/01\\\/Agitateur_BiosanrES20_1.jpg\",\"datePublished\":\"2019-01-03T16:57:33+00:00\",\"dateModified\":\"2022-03-12T10:46:53+00:00\",\"description\":\"Orbitalsch\u00fcttler-Inkubator. Temperaturregulierung bis 42\u00b0C. R\u00fchrgeschwindigkeit von 50 bis 250 U\\\/min.\",\"breadcrumb\":{\"@id\":\"https:\\\/\\\/sysmatec.ch\\\/de\\\/produit\\\/orbitalschuettler-inkubator-es20\\\/#breadcrumb\"},\"inLanguage\":\"de\",\"potentialAction\":[{\"@type\":\"ReadAction\",\"target\":[\"https:\\\/\\\/sysmatec.ch\\\/de\\\/produit\\\/orbitalschuettler-inkubator-es20\\\/\"]}]},{\"@type\":\"ImageObject\",\"inLanguage\":\"de\",\"@id\":\"https:\\\/\\\/sysmatec.ch\\\/de\\\/produit\\\/orbitalschuettler-inkubator-es20\\\/#primaryimage\",\"url\":\"https:\\\/\\\/sysmatec.ch\\\/wp-content\\\/uploads\\\/2019\\\/01\\\/Agitateur_BiosanrES20_1.jpg\",\"contentUrl\":\"https:\\\/\\\/sysmatec.ch\\\/wp-content\\\/uploads\\\/2019\\\/01\\\/Agitateur_BiosanrES20_1.jpg\",\"width\":187,\"height\":233},{\"@type\":\"BreadcrumbList\",\"@id\":\"https:\\\/\\\/sysmatec.ch\\\/de\\\/produit\\\/orbitalschuettler-inkubator-es20\\\/#breadcrumb\",\"itemListElement\":[{\"@type\":\"ListItem\",\"position\":1,\"name\":\"Accueil\",\"item\":\"https:\\\/\\\/sysmatec.ch\\\/de\\\/\"},{\"@type\":\"ListItem\",\"position\":2,\"name\":\"Die Aktivit\u00e4t von Sysmatec\",\"item\":\"https:\\\/\\\/sysmatec.ch\\\/de\\\/\"},{\"@type\":\"ListItem\",\"position\":3,\"name\":\"Orbitalsch\u00fcttler-Inkubator ES20\"}]},{\"@type\":\"WebSite\",\"@id\":\"https:\\\/\\\/sysmatec.ch\\\/de\\\/#website\",\"url\":\"https:\\\/\\\/sysmatec.ch\\\/de\\\/\",\"name\":\"Sysmatec\",\"description\":\"Equipement de laboratoire et logiciels\",\"publisher\":{\"@id\":\"https:\\\/\\\/sysmatec.ch\\\/de\\\/#organization\"},\"potentialAction\":[{\"@type\":\"SearchAction\",\"target\":{\"@type\":\"EntryPoint\",\"urlTemplate\":\"https:\\\/\\\/sysmatec.ch\\\/de\\\/?s={search_term_string}\"},\"query-input\":{\"@type\":\"PropertyValueSpecification\",\"valueRequired\":true,\"valueName\":\"search_term_string\"}}],\"inLanguage\":\"de\"},{\"@type\":\"Organization\",\"@id\":\"https:\\\/\\\/sysmatec.ch\\\/de\\\/#organization\",\"name\":\"Sysmatec\",\"url\":\"https:\\\/\\\/sysmatec.ch\\\/de\\\/\",\"logo\":{\"@type\":\"ImageObject\",\"inLanguage\":\"de\",\"@id\":\"https:\\\/\\\/sysmatec.ch\\\/de\\\/#\\\/schema\\\/logo\\\/image\\\/\",\"url\":\"https:\\\/\\\/sysmatec.ch\\\/wp-content\\\/uploads\\\/2018\\\/11\\\/LogoSysmatec.jpg\",\"contentUrl\":\"https:\\\/\\\/sysmatec.ch\\\/wp-content\\\/uploads\\\/2018\\\/11\\\/LogoSysmatec.jpg\",\"width\":301,\"height\":297,\"caption\":\"Sysmatec\"},\"image\":{\"@id\":\"https:\\\/\\\/sysmatec.ch\\\/de\\\/#\\\/schema\\\/logo\\\/image\\\/\"}}]}<\/script>\n<!-- \/ Yoast SEO plugin. -->","yoast_head_json":{"title":"Orbitalsch\u00fcttler-Inkubator ES20 - Sysmatec","description":"Orbitalsch\u00fcttler-Inkubator. Temperaturregulierung bis 42\u00b0C. R\u00fchrgeschwindigkeit von 50 bis 250 U\/min.","robots":{"index":"index","follow":"follow","max-snippet":"max-snippet:-1","max-image-preview":"max-image-preview:large","max-video-preview":"max-video-preview:-1"},"canonical":"https:\/\/sysmatec.ch\/de\/produit\/orbitalschuettler-inkubator-es20\/","og_locale":"de_DE","og_type":"article","og_title":"Orbitalsch\u00fcttler-Inkubator ES20 - Sysmatec","og_description":"Orbitalsch\u00fcttler-Inkubator. Temperaturregulierung bis 42\u00b0C. R\u00fchrgeschwindigkeit von 50 bis 250 U\/min.","og_url":"https:\/\/sysmatec.ch\/de\/produit\/orbitalschuettler-inkubator-es20\/","og_site_name":"Sysmatec","article_modified_time":"2022-03-12T10:46:53+00:00","og_image":[{"width":187,"height":233,"url":"https:\/\/sysmatec.ch\/wp-content\/uploads\/2019\/01\/Agitateur_BiosanrES20_1.jpg","type":"image\/jpeg"}],"twitter_card":"summary_large_image","twitter_misc":{"Gesch\u00e4tzte Lesezeit":"1\u00a0Minute"},"schema":{"@context":"https:\/\/schema.org","@graph":[{"@type":"WebPage","@id":"https:\/\/sysmatec.ch\/de\/produit\/orbitalschuettler-inkubator-es20\/","url":"https:\/\/sysmatec.ch\/de\/produit\/orbitalschuettler-inkubator-es20\/","name":"Orbitalsch\u00fcttler-Inkubator ES20 - Sysmatec","isPartOf":{"@id":"https:\/\/sysmatec.ch\/de\/#website"},"primaryImageOfPage":{"@id":"https:\/\/sysmatec.ch\/de\/produit\/orbitalschuettler-inkubator-es20\/#primaryimage"},"image":{"@id":"https:\/\/sysmatec.ch\/de\/produit\/orbitalschuettler-inkubator-es20\/#primaryimage"},"thumbnailUrl":"https:\/\/sysmatec.ch\/wp-content\/uploads\/2019\/01\/Agitateur_BiosanrES20_1.jpg","datePublished":"2019-01-03T16:57:33+00:00","dateModified":"2022-03-12T10:46:53+00:00","description":"Orbitalsch\u00fcttler-Inkubator. Temperaturregulierung bis 42\u00b0C. R\u00fchrgeschwindigkeit von 50 bis 250 U\/min.","breadcrumb":{"@id":"https:\/\/sysmatec.ch\/de\/produit\/orbitalschuettler-inkubator-es20\/#breadcrumb"},"inLanguage":"de","potentialAction":[{"@type":"ReadAction","target":["https:\/\/sysmatec.ch\/de\/produit\/orbitalschuettler-inkubator-es20\/"]}]},{"@type":"ImageObject","inLanguage":"de","@id":"https:\/\/sysmatec.ch\/de\/produit\/orbitalschuettler-inkubator-es20\/#primaryimage","url":"https:\/\/sysmatec.ch\/wp-content\/uploads\/2019\/01\/Agitateur_BiosanrES20_1.jpg","contentUrl":"https:\/\/sysmatec.ch\/wp-content\/uploads\/2019\/01\/Agitateur_BiosanrES20_1.jpg","width":187,"height":233},{"@type":"BreadcrumbList","@id":"https:\/\/sysmatec.ch\/de\/produit\/orbitalschuettler-inkubator-es20\/#breadcrumb","itemListElement":[{"@type":"ListItem","position":1,"name":"Accueil","item":"https:\/\/sysmatec.ch\/de\/"},{"@type":"ListItem","position":2,"name":"Die Aktivit\u00e4t von Sysmatec","item":"https:\/\/sysmatec.ch\/de\/"},{"@type":"ListItem","position":3,"name":"Orbitalsch\u00fcttler-Inkubator ES20"}]},{"@type":"WebSite","@id":"https:\/\/sysmatec.ch\/de\/#website","url":"https:\/\/sysmatec.ch\/de\/","name":"Sysmatec","description":"Equipement de laboratoire et logiciels","publisher":{"@id":"https:\/\/sysmatec.ch\/de\/#organization"},"potentialAction":[{"@type":"SearchAction","target":{"@type":"EntryPoint","urlTemplate":"https:\/\/sysmatec.ch\/de\/?s={search_term_string}"},"query-input":{"@type":"PropertyValueSpecification","valueRequired":true,"valueName":"search_term_string"}}],"inLanguage":"de"},{"@type":"Organization","@id":"https:\/\/sysmatec.ch\/de\/#organization","name":"Sysmatec","url":"https:\/\/sysmatec.ch\/de\/","logo":{"@type":"ImageObject","inLanguage":"de","@id":"https:\/\/sysmatec.ch\/de\/#\/schema\/logo\/image\/","url":"https:\/\/sysmatec.ch\/wp-content\/uploads\/2018\/11\/LogoSysmatec.jpg","contentUrl":"https:\/\/sysmatec.ch\/wp-content\/uploads\/2018\/11\/LogoSysmatec.jpg","width":301,"height":297,"caption":"Sysmatec"},"image":{"@id":"https:\/\/sysmatec.ch\/de\/#\/schema\/logo\/image\/"}}]}},"_links":{"self":[{"href":"https:\/\/sysmatec.ch\/de\/wp-json\/wp\/v2\/product\/2439","targetHints":{"allow":["GET"]}}],"collection":[{"href":"https:\/\/sysmatec.ch\/de\/wp-json\/wp\/v2\/product"}],"about":[{"href":"https:\/\/sysmatec.ch\/de\/wp-json\/wp\/v2\/types\/product"}],"wp:featuredmedia":[{"embeddable":true,"href":"https:\/\/sysmatec.ch\/de\/wp-json\/wp\/v2\/media\/1115"}],"wp:attachment":[{"href":"https:\/\/sysmatec.ch\/de\/wp-json\/wp\/v2\/media?parent=2439"}],"wp:term":[{"taxonomy":"product_brand","embeddable":true,"href":"https:\/\/sysmatec.ch\/de\/wp-json\/wp\/v2\/product_brand?post=2439"},{"taxonomy":"product_cat","embeddable":true,"href":"https:\/\/sysmatec.ch\/de\/wp-json\/wp\/v2\/product_cat?post=2439"},{"taxonomy":"product_tag","embeddable":true,"href":"https:\/\/sysmatec.ch\/de\/wp-json\/wp\/v2\/product_tag?post=2439"}],"curies":[{"name":"wp","href":"https:\/\/api.w.org\/{rel}","templated":true}]}}