{"id":2436,"date":"2019-01-03T18:04:47","date_gmt":"2019-01-03T17:04:47","guid":{"rendered":"https:\/\/sysmatec.ch\/produit\/agitateur-incubateur-orbital-e20-60\/"},"modified":"2022-03-12T11:43:35","modified_gmt":"2022-03-12T10:43:35","slug":"orbitalschuettler-inkubator-e20-60","status":"publish","type":"product","link":"https:\/\/sysmatec.ch\/de\/Produkt\/orbitalschuettler-inkubator-e20-60\/","title":{"rendered":"Orbitalsch\u00fcttler-Inkubator E20 \/ 60"},"content":{"rendered":"<p>Dieser Inkubator gesch\u00fcttelt f\u00fcr Biotech- und pharmazeutische Labors ist eine professionelle Ausr\u00fcstung f\u00fcr die Kultivierung von Mikroorganismen und eukaryotische Zellen, einschlie\u00dflich Tierzellen, Pflanzen und Insekten. Es ist auch m\u00f6glich, thermophile Bakterien in diesem Ger\u00e4t zu z\u00fcchten.<\/p>\n<p>Der Orbitalsch\u00fcttler E20 \/ 60 ist mit einem Direktantrieb f\u00fcr die Bewegung der Plattform ausgestattet. Er bietet einen zuverl\u00e4ssigen und stabilen Betrieb f\u00fcr die Langzeitversuche, die f\u00fcr das Zellwachstum erforderlich sind.<\/p>\n<p>Dieser Inkubator ES-20\/60 fungiert als ein milder oder intensiver Mischer f\u00fcr die Beh\u00e4lter auf der Plattform.<\/p>\n<p>Der integrierte, ger\u00e4uscharme, hitzebest\u00e4ndige b\u00fcrstenlose L\u00fcfter sorgt f\u00fcr eine pr\u00e4zise Temperaturverteilung in der Kammer (einstellbar bis + 80 \u00b0 C). Die innere Kammer besteht aus rostfreiem Stahl. Modernster Motor, neueste W\u00e4rmed\u00e4mmstoffe, progressiver Start der Plattformbewegung und PID-Temperaturregelung reduzieren den Energieverbrauch und machen den Inkubator trotz seiner relativen Gr\u00f6\u00dfe hocheffizient<\/p>\n<p>Spezifikationen<\/p>\n<ul>\n<li type=\"disc\">Geschwindigkeitsregelbereich: 50 bis 250 U \/ min (Schrittweite 10 U \/ min)<\/li>\n<li type=\"disc\">Temperatureinstellbereich: + 25 \u00b0 C bis + 80 \u00b0 C<\/li>\n<li type=\"disc\">Temperaturregelbereich: 10 \u00b0 C \u00fcber Umgebungstemperatur bis + 80 \u00b0 C<\/li>\n<li type=\"disc\">Temperatureinstellungsaufl\u00f6sung: 0.1 \u00b0 C<\/li>\n<li type=\"disc\">Stabilit\u00e4t bei Temperatur: \u00b1 0.5 \u00b0 C<\/li>\n<li type=\"disc\">Maximale Belastung: 8 kg<\/li>\n<li type=\"disc\">Umlaufbahn: 20 mm<\/li>\n<li type=\"disc\">Digitale Zeiteinstellung: 1 min bis 96 h \/ kein Stopp (1 min Inkrement)<\/li>\n<li type=\"disc\">Anzeige: LCD, 2 \u00d7 16 Zeichen<\/li>\n<li type=\"disc\">Maximale Dauerbetriebszeit: 30 Tage<\/li>\n<li type=\"disc\">Gesamtabmessungen (L \u00d7 B \u00d7 H): 590 \u00d7 525 \u00d7 510 mm<\/li>\n<li type=\"disc\">Abmessungen der inneren Kammer: 460 \u00d7 350 \u00d7 400 mm<\/li>\n<li type=\"disc\">Gewicht: 41.1 kg<\/li>\n<li type=\"disc\">Nennbetriebsspannung: 230 V, 50\/60 Hz oder 120 V, 50\/60 Hz<\/li>\n<li type=\"disc\">Leistungsaufnahme (230 V \/ 120 V): 450 W (2 A) \/ 450 W (4.5 A)<\/li>\n<\/ul>\n<p>Der Sch\u00fcttler kann mit verschiedenen Platten und Zubeh\u00f6r f\u00fcr Reagenzgl\u00e4ser und Flaschen unterschiedlicher Gr\u00f6\u00dfe ausgestattet werden.<\/p>\n","protected":false},"excerpt":{"rendered":"<p>Orbitalsch\u00fcttler-Inkubator<\/p>\n","protected":false},"featured_media":1117,"template":"","meta":{"_crdt_document":""},"product_brand":[],"product_cat":[159,87],"product_tag":[],"class_list":{"0":"post-2436","1":"product","2":"type-product","3":"status-publish","4":"has-post-thumbnail","6":"product_cat-kultur","7":"product_cat-ruehren","9":"first","10":"instock","11":"taxable","12":"shipping-taxable","13":"product-type-simple"},"yoast_head":"<!-- This site is optimized with the Yoast SEO plugin v27.4 - https:\/\/yoast.com\/product\/yoast-seo-wordpress\/ -->\n<title>Orbitalsch\u00fcttler-Inkubator E20 \/ 60 - Sysmatec<\/title>\n<meta name=\"description\" content=\"Orbitalsch\u00fcttler-Inkubator. Temperaturregelung bis zu 80\u00b0C. R\u00fchrgeschwindigkeit einstellbar von 50 bis 250 U\/min.\" \/>\n<meta name=\"robots\" content=\"index, follow, max-snippet:-1, max-image-preview:large, max-video-preview:-1\" \/>\n<link rel=\"canonical\" href=\"https:\/\/sysmatec.ch\/de\/produit\/orbitalschuettler-inkubator-e20-60\/\" \/>\n<meta property=\"og:locale\" content=\"de_DE\" \/>\n<meta property=\"og:type\" content=\"article\" \/>\n<meta property=\"og:title\" content=\"Orbitalsch\u00fcttler-Inkubator E20 \/ 60 - Sysmatec\" \/>\n<meta property=\"og:description\" content=\"Orbitalsch\u00fcttler-Inkubator. Temperaturregelung bis zu 80\u00b0C. R\u00fchrgeschwindigkeit einstellbar von 50 bis 250 U\/min.\" \/>\n<meta property=\"og:url\" content=\"https:\/\/sysmatec.ch\/de\/produit\/orbitalschuettler-inkubator-e20-60\/\" \/>\n<meta property=\"og:site_name\" content=\"Sysmatec\" \/>\n<meta property=\"article:modified_time\" content=\"2022-03-12T10:43:35+00:00\" \/>\n<meta property=\"og:image\" content=\"https:\/\/sysmatec.ch\/wp-content\/uploads\/2019\/01\/Agitateur_BiosanES2060_1.jpg\" \/>\n\t<meta property=\"og:image:width\" content=\"186\" \/>\n\t<meta property=\"og:image:height\" content=\"177\" \/>\n\t<meta property=\"og:image:type\" content=\"image\/jpeg\" \/>\n<meta name=\"twitter:card\" content=\"summary_large_image\" \/>\n<meta name=\"twitter:label1\" content=\"Gesch\u00e4tzte Lesezeit\" \/>\n\t<meta name=\"twitter:data1\" content=\"1\u00a0Minute\" \/>\n<script type=\"application\/ld+json\" class=\"yoast-schema-graph\">{\"@context\":\"https:\\\/\\\/schema.org\",\"@graph\":[{\"@type\":\"WebPage\",\"@id\":\"https:\\\/\\\/sysmatec.ch\\\/de\\\/produit\\\/orbitalschuettler-inkubator-e20-60\\\/\",\"url\":\"https:\\\/\\\/sysmatec.ch\\\/de\\\/produit\\\/orbitalschuettler-inkubator-e20-60\\\/\",\"name\":\"Orbitalsch\u00fcttler-Inkubator E20 \\\/ 60 - Sysmatec\",\"isPartOf\":{\"@id\":\"https:\\\/\\\/sysmatec.ch\\\/de\\\/#website\"},\"primaryImageOfPage\":{\"@id\":\"https:\\\/\\\/sysmatec.ch\\\/de\\\/produit\\\/orbitalschuettler-inkubator-e20-60\\\/#primaryimage\"},\"image\":{\"@id\":\"https:\\\/\\\/sysmatec.ch\\\/de\\\/produit\\\/orbitalschuettler-inkubator-e20-60\\\/#primaryimage\"},\"thumbnailUrl\":\"https:\\\/\\\/sysmatec.ch\\\/wp-content\\\/uploads\\\/2019\\\/01\\\/Agitateur_BiosanES2060_1.jpg\",\"datePublished\":\"2019-01-03T17:04:47+00:00\",\"dateModified\":\"2022-03-12T10:43:35+00:00\",\"description\":\"Orbitalsch\u00fcttler-Inkubator. Temperaturregelung bis zu 80\u00b0C. R\u00fchrgeschwindigkeit einstellbar von 50 bis 250 U\\\/min.\",\"breadcrumb\":{\"@id\":\"https:\\\/\\\/sysmatec.ch\\\/de\\\/produit\\\/orbitalschuettler-inkubator-e20-60\\\/#breadcrumb\"},\"inLanguage\":\"de\",\"potentialAction\":[{\"@type\":\"ReadAction\",\"target\":[\"https:\\\/\\\/sysmatec.ch\\\/de\\\/produit\\\/orbitalschuettler-inkubator-e20-60\\\/\"]}]},{\"@type\":\"ImageObject\",\"inLanguage\":\"de\",\"@id\":\"https:\\\/\\\/sysmatec.ch\\\/de\\\/produit\\\/orbitalschuettler-inkubator-e20-60\\\/#primaryimage\",\"url\":\"https:\\\/\\\/sysmatec.ch\\\/wp-content\\\/uploads\\\/2019\\\/01\\\/Agitateur_BiosanES2060_1.jpg\",\"contentUrl\":\"https:\\\/\\\/sysmatec.ch\\\/wp-content\\\/uploads\\\/2019\\\/01\\\/Agitateur_BiosanES2060_1.jpg\",\"width\":186,\"height\":177},{\"@type\":\"BreadcrumbList\",\"@id\":\"https:\\\/\\\/sysmatec.ch\\\/de\\\/produit\\\/orbitalschuettler-inkubator-e20-60\\\/#breadcrumb\",\"itemListElement\":[{\"@type\":\"ListItem\",\"position\":1,\"name\":\"Accueil\",\"item\":\"https:\\\/\\\/sysmatec.ch\\\/de\\\/\"},{\"@type\":\"ListItem\",\"position\":2,\"name\":\"Die Aktivit\u00e4t von Sysmatec\",\"item\":\"https:\\\/\\\/sysmatec.ch\\\/de\\\/\"},{\"@type\":\"ListItem\",\"position\":3,\"name\":\"Orbitalsch\u00fcttler-Inkubator E20 \\\/ 60\"}]},{\"@type\":\"WebSite\",\"@id\":\"https:\\\/\\\/sysmatec.ch\\\/de\\\/#website\",\"url\":\"https:\\\/\\\/sysmatec.ch\\\/de\\\/\",\"name\":\"Sysmatec\",\"description\":\"Equipement de laboratoire et logiciels\",\"publisher\":{\"@id\":\"https:\\\/\\\/sysmatec.ch\\\/de\\\/#organization\"},\"potentialAction\":[{\"@type\":\"SearchAction\",\"target\":{\"@type\":\"EntryPoint\",\"urlTemplate\":\"https:\\\/\\\/sysmatec.ch\\\/de\\\/?s={search_term_string}\"},\"query-input\":{\"@type\":\"PropertyValueSpecification\",\"valueRequired\":true,\"valueName\":\"search_term_string\"}}],\"inLanguage\":\"de\"},{\"@type\":\"Organization\",\"@id\":\"https:\\\/\\\/sysmatec.ch\\\/de\\\/#organization\",\"name\":\"Sysmatec\",\"url\":\"https:\\\/\\\/sysmatec.ch\\\/de\\\/\",\"logo\":{\"@type\":\"ImageObject\",\"inLanguage\":\"de\",\"@id\":\"https:\\\/\\\/sysmatec.ch\\\/de\\\/#\\\/schema\\\/logo\\\/image\\\/\",\"url\":\"https:\\\/\\\/sysmatec.ch\\\/wp-content\\\/uploads\\\/2018\\\/11\\\/LogoSysmatec.jpg\",\"contentUrl\":\"https:\\\/\\\/sysmatec.ch\\\/wp-content\\\/uploads\\\/2018\\\/11\\\/LogoSysmatec.jpg\",\"width\":301,\"height\":297,\"caption\":\"Sysmatec\"},\"image\":{\"@id\":\"https:\\\/\\\/sysmatec.ch\\\/de\\\/#\\\/schema\\\/logo\\\/image\\\/\"}}]}<\/script>\n<!-- \/ Yoast SEO plugin. -->","yoast_head_json":{"title":"Orbitalsch\u00fcttler-Inkubator E20 \/ 60 - Sysmatec","description":"Orbitalsch\u00fcttler-Inkubator. Temperaturregelung bis zu 80\u00b0C. R\u00fchrgeschwindigkeit einstellbar von 50 bis 250 U\/min.","robots":{"index":"index","follow":"follow","max-snippet":"max-snippet:-1","max-image-preview":"max-image-preview:large","max-video-preview":"max-video-preview:-1"},"canonical":"https:\/\/sysmatec.ch\/de\/produit\/orbitalschuettler-inkubator-e20-60\/","og_locale":"de_DE","og_type":"article","og_title":"Orbitalsch\u00fcttler-Inkubator E20 \/ 60 - Sysmatec","og_description":"Orbitalsch\u00fcttler-Inkubator. Temperaturregelung bis zu 80\u00b0C. R\u00fchrgeschwindigkeit einstellbar von 50 bis 250 U\/min.","og_url":"https:\/\/sysmatec.ch\/de\/produit\/orbitalschuettler-inkubator-e20-60\/","og_site_name":"Sysmatec","article_modified_time":"2022-03-12T10:43:35+00:00","og_image":[{"width":186,"height":177,"url":"https:\/\/sysmatec.ch\/wp-content\/uploads\/2019\/01\/Agitateur_BiosanES2060_1.jpg","type":"image\/jpeg"}],"twitter_card":"summary_large_image","twitter_misc":{"Gesch\u00e4tzte Lesezeit":"1\u00a0Minute"},"schema":{"@context":"https:\/\/schema.org","@graph":[{"@type":"WebPage","@id":"https:\/\/sysmatec.ch\/de\/produit\/orbitalschuettler-inkubator-e20-60\/","url":"https:\/\/sysmatec.ch\/de\/produit\/orbitalschuettler-inkubator-e20-60\/","name":"Orbitalsch\u00fcttler-Inkubator E20 \/ 60 - Sysmatec","isPartOf":{"@id":"https:\/\/sysmatec.ch\/de\/#website"},"primaryImageOfPage":{"@id":"https:\/\/sysmatec.ch\/de\/produit\/orbitalschuettler-inkubator-e20-60\/#primaryimage"},"image":{"@id":"https:\/\/sysmatec.ch\/de\/produit\/orbitalschuettler-inkubator-e20-60\/#primaryimage"},"thumbnailUrl":"https:\/\/sysmatec.ch\/wp-content\/uploads\/2019\/01\/Agitateur_BiosanES2060_1.jpg","datePublished":"2019-01-03T17:04:47+00:00","dateModified":"2022-03-12T10:43:35+00:00","description":"Orbitalsch\u00fcttler-Inkubator. Temperaturregelung bis zu 80\u00b0C. R\u00fchrgeschwindigkeit einstellbar von 50 bis 250 U\/min.","breadcrumb":{"@id":"https:\/\/sysmatec.ch\/de\/produit\/orbitalschuettler-inkubator-e20-60\/#breadcrumb"},"inLanguage":"de","potentialAction":[{"@type":"ReadAction","target":["https:\/\/sysmatec.ch\/de\/produit\/orbitalschuettler-inkubator-e20-60\/"]}]},{"@type":"ImageObject","inLanguage":"de","@id":"https:\/\/sysmatec.ch\/de\/produit\/orbitalschuettler-inkubator-e20-60\/#primaryimage","url":"https:\/\/sysmatec.ch\/wp-content\/uploads\/2019\/01\/Agitateur_BiosanES2060_1.jpg","contentUrl":"https:\/\/sysmatec.ch\/wp-content\/uploads\/2019\/01\/Agitateur_BiosanES2060_1.jpg","width":186,"height":177},{"@type":"BreadcrumbList","@id":"https:\/\/sysmatec.ch\/de\/produit\/orbitalschuettler-inkubator-e20-60\/#breadcrumb","itemListElement":[{"@type":"ListItem","position":1,"name":"Accueil","item":"https:\/\/sysmatec.ch\/de\/"},{"@type":"ListItem","position":2,"name":"Die Aktivit\u00e4t von Sysmatec","item":"https:\/\/sysmatec.ch\/de\/"},{"@type":"ListItem","position":3,"name":"Orbitalsch\u00fcttler-Inkubator E20 \/ 60"}]},{"@type":"WebSite","@id":"https:\/\/sysmatec.ch\/de\/#website","url":"https:\/\/sysmatec.ch\/de\/","name":"Sysmatec","description":"Equipement de laboratoire et logiciels","publisher":{"@id":"https:\/\/sysmatec.ch\/de\/#organization"},"potentialAction":[{"@type":"SearchAction","target":{"@type":"EntryPoint","urlTemplate":"https:\/\/sysmatec.ch\/de\/?s={search_term_string}"},"query-input":{"@type":"PropertyValueSpecification","valueRequired":true,"valueName":"search_term_string"}}],"inLanguage":"de"},{"@type":"Organization","@id":"https:\/\/sysmatec.ch\/de\/#organization","name":"Sysmatec","url":"https:\/\/sysmatec.ch\/de\/","logo":{"@type":"ImageObject","inLanguage":"de","@id":"https:\/\/sysmatec.ch\/de\/#\/schema\/logo\/image\/","url":"https:\/\/sysmatec.ch\/wp-content\/uploads\/2018\/11\/LogoSysmatec.jpg","contentUrl":"https:\/\/sysmatec.ch\/wp-content\/uploads\/2018\/11\/LogoSysmatec.jpg","width":301,"height":297,"caption":"Sysmatec"},"image":{"@id":"https:\/\/sysmatec.ch\/de\/#\/schema\/logo\/image\/"}}]}},"_links":{"self":[{"href":"https:\/\/sysmatec.ch\/de\/wp-json\/wp\/v2\/product\/2436","targetHints":{"allow":["GET"]}}],"collection":[{"href":"https:\/\/sysmatec.ch\/de\/wp-json\/wp\/v2\/product"}],"about":[{"href":"https:\/\/sysmatec.ch\/de\/wp-json\/wp\/v2\/types\/product"}],"wp:featuredmedia":[{"embeddable":true,"href":"https:\/\/sysmatec.ch\/de\/wp-json\/wp\/v2\/media\/1117"}],"wp:attachment":[{"href":"https:\/\/sysmatec.ch\/de\/wp-json\/wp\/v2\/media?parent=2436"}],"wp:term":[{"taxonomy":"product_brand","embeddable":true,"href":"https:\/\/sysmatec.ch\/de\/wp-json\/wp\/v2\/product_brand?post=2436"},{"taxonomy":"product_cat","embeddable":true,"href":"https:\/\/sysmatec.ch\/de\/wp-json\/wp\/v2\/product_cat?post=2436"},{"taxonomy":"product_tag","embeddable":true,"href":"https:\/\/sysmatec.ch\/de\/wp-json\/wp\/v2\/product_tag?post=2436"}],"curies":[{"name":"wp","href":"https:\/\/api.w.org\/{rel}","templated":true}]}}