{"id":2434,"date":"2019-01-03T18:09:03","date_gmt":"2019-01-03T17:09:03","guid":{"rendered":"https:\/\/sysmatec.ch\/produit\/agitateur-basculant-3d-capprondo\/"},"modified":"2022-03-12T11:37:06","modified_gmt":"2022-03-12T10:37:06","slug":"approndo-3d-schuettler","status":"publish","type":"product","link":"https:\/\/sysmatec.ch\/de\/Produkt\/approndo-3d-schuettler\/","title":{"rendered":"AppRondo 3D Sch\u00fcttler"},"content":{"rendered":"<p>Der CappRondo 3D-Sch\u00fcttler wird von der BLDC-Technologie (Brushless DC Motor Technology) angetrieben und arbeitet in einem variablen Drehzahlbereich von 10 bis 120 U \/ min und bietet somit einen stabilen, ger\u00e4uscharmen und wartungsfreien Betrieb. Dank dieser Eigenschaften ist der CappRondo 3D Shaker die richtige Wahl f\u00fcr alle Anwendungen, die l\u00e4ngere Laufsitzungen erfordern.<\/p>\n<p>Die dreidimensionale Schwing- und Taumelbewegung des 3D CappRondo Shakers sorgt f\u00fcr ein homogenes Mischen.<\/p>\n<p>Sie k\u00f6nnen bis zu 9 einzelne Protokolle speichern, oder den Run-Pause-Run-Pulsmodus mit einem programmierbaren Zeitintervall von 30 bis 99 Sekunden verwenden. Die Laufzeit des CappRondo 3D Shakers kann auf 1 bis 999 Minuten oder kontinuierlich im Unendlich-Modus programmiert werden.<\/p>\n<p>Um die Stabilit\u00e4t auf der Werkbank zu gew\u00e4hrleisten, ist der CappRondo 3D Shaker mit rutschfesten Gummif\u00fc\u00dfen ausgestattet und eine mit Stollen versehene Gummimatte wird mitgeliefert. Optional kann ein mattiertes Klebepad bestellt werden.<\/p>\n<p>Der CappRondo 3D-Sch\u00fcttler ist leicht zu reinigen und entspricht der Schutzklasse IP 21.<\/p>\n<ul>\n<li type=\"disc\">Gewicht (Kapazit\u00e4t): 5kg<\/li>\n<li type=\"disc\">Drehzahlbereich: 10-120 U \/ min<\/li>\n<li type=\"disc\">Motortyp: BLDC (b\u00fcrstenloser Gleichstrommotor)<\/li>\n<li type=\"disc\">Bewegung: Neigung 7 \u00b0<\/li>\n<li type=\"disc\">Laufzeit: 1-999 Minuten oder unendlich<\/li>\n<li type=\"disc\">Programmierbarer Modus: bis zu 9 benutzerdefinierte Protokolle<\/li>\n<li type=\"disc\">Puls-Modus: Programmierbare Lauf-Pause-Lauf von 30 bis 99 Sekunden.<\/li>\n<li type=\"disc\">Anzeige: 7 LED Segment<\/li>\n<li type=\"disc\">Zubeh\u00f6r: Gummimatte (im Lieferumfang enthalten), Sticky Matte Pad (optional)<\/li>\n<li type=\"disc\">Plattengr\u00f6\u00dfe: 350x350mm<\/li>\n<\/ul>\n","protected":false},"excerpt":{"rendered":"<p>3D Sch\u00fcttler<\/p>\n","protected":false},"featured_media":1119,"template":"","meta":{"_crdt_document":""},"product_brand":[],"product_cat":[159,87],"product_tag":[],"class_list":{"0":"post-2434","1":"product","2":"type-product","3":"status-publish","4":"has-post-thumbnail","6":"product_cat-kultur","7":"product_cat-ruehren","9":"first","10":"instock","11":"taxable","12":"shipping-taxable","13":"product-type-simple"},"yoast_head":"<!-- This site is optimized with the Yoast SEO plugin v27.4 - https:\/\/yoast.com\/product\/yoast-seo-wordpress\/ -->\n<title>AppRondo 3D Sch\u00fcttler - Sysmatec<\/title>\n<meta name=\"description\" content=\"3D Sch\u00fcttler mit Kippbewegung des R\u00fchrers hin und her, um eine Wellenbewegung zu erzeugen. Drehzahlbereich 10 bis 120 U\/min.\" \/>\n<meta name=\"robots\" content=\"index, follow, max-snippet:-1, max-image-preview:large, max-video-preview:-1\" \/>\n<link rel=\"canonical\" href=\"https:\/\/sysmatec.ch\/de\/produit\/approndo-3d-schuettler\/\" \/>\n<meta property=\"og:locale\" content=\"de_DE\" \/>\n<meta property=\"og:type\" content=\"article\" \/>\n<meta property=\"og:title\" content=\"AppRondo 3D Sch\u00fcttler - Sysmatec\" \/>\n<meta property=\"og:description\" content=\"3D Sch\u00fcttler mit Kippbewegung des R\u00fchrers hin und her, um eine Wellenbewegung zu erzeugen. Drehzahlbereich 10 bis 120 U\/min.\" \/>\n<meta property=\"og:url\" content=\"https:\/\/sysmatec.ch\/de\/produit\/approndo-3d-schuettler\/\" \/>\n<meta property=\"og:site_name\" content=\"Sysmatec\" \/>\n<meta property=\"article:modified_time\" content=\"2022-03-12T10:37:06+00:00\" \/>\n<meta property=\"og:image\" content=\"https:\/\/sysmatec.ch\/wp-content\/uploads\/2019\/01\/Agitateur_CappRondo3DShaker.jpg\" \/>\n\t<meta property=\"og:image:width\" content=\"185\" \/>\n\t<meta property=\"og:image:height\" content=\"156\" \/>\n\t<meta property=\"og:image:type\" content=\"image\/jpeg\" \/>\n<meta name=\"twitter:card\" content=\"summary_large_image\" \/>\n<meta name=\"twitter:label1\" content=\"Gesch\u00e4tzte Lesezeit\" \/>\n\t<meta name=\"twitter:data1\" content=\"1\u00a0Minute\" \/>\n<script type=\"application\/ld+json\" class=\"yoast-schema-graph\">{\"@context\":\"https:\\\/\\\/schema.org\",\"@graph\":[{\"@type\":\"WebPage\",\"@id\":\"https:\\\/\\\/sysmatec.ch\\\/de\\\/produit\\\/approndo-3d-schuettler\\\/\",\"url\":\"https:\\\/\\\/sysmatec.ch\\\/de\\\/produit\\\/approndo-3d-schuettler\\\/\",\"name\":\"AppRondo 3D Sch\u00fcttler - Sysmatec\",\"isPartOf\":{\"@id\":\"https:\\\/\\\/sysmatec.ch\\\/de\\\/#website\"},\"primaryImageOfPage\":{\"@id\":\"https:\\\/\\\/sysmatec.ch\\\/de\\\/produit\\\/approndo-3d-schuettler\\\/#primaryimage\"},\"image\":{\"@id\":\"https:\\\/\\\/sysmatec.ch\\\/de\\\/produit\\\/approndo-3d-schuettler\\\/#primaryimage\"},\"thumbnailUrl\":\"https:\\\/\\\/sysmatec.ch\\\/wp-content\\\/uploads\\\/2019\\\/01\\\/Agitateur_CappRondo3DShaker.jpg\",\"datePublished\":\"2019-01-03T17:09:03+00:00\",\"dateModified\":\"2022-03-12T10:37:06+00:00\",\"description\":\"3D Sch\u00fcttler mit Kippbewegung des R\u00fchrers hin und her, um eine Wellenbewegung zu erzeugen. Drehzahlbereich 10 bis 120 U\\\/min.\",\"breadcrumb\":{\"@id\":\"https:\\\/\\\/sysmatec.ch\\\/de\\\/produit\\\/approndo-3d-schuettler\\\/#breadcrumb\"},\"inLanguage\":\"de\",\"potentialAction\":[{\"@type\":\"ReadAction\",\"target\":[\"https:\\\/\\\/sysmatec.ch\\\/de\\\/produit\\\/approndo-3d-schuettler\\\/\"]}]},{\"@type\":\"ImageObject\",\"inLanguage\":\"de\",\"@id\":\"https:\\\/\\\/sysmatec.ch\\\/de\\\/produit\\\/approndo-3d-schuettler\\\/#primaryimage\",\"url\":\"https:\\\/\\\/sysmatec.ch\\\/wp-content\\\/uploads\\\/2019\\\/01\\\/Agitateur_CappRondo3DShaker.jpg\",\"contentUrl\":\"https:\\\/\\\/sysmatec.ch\\\/wp-content\\\/uploads\\\/2019\\\/01\\\/Agitateur_CappRondo3DShaker.jpg\",\"width\":185,\"height\":156},{\"@type\":\"BreadcrumbList\",\"@id\":\"https:\\\/\\\/sysmatec.ch\\\/de\\\/produit\\\/approndo-3d-schuettler\\\/#breadcrumb\",\"itemListElement\":[{\"@type\":\"ListItem\",\"position\":1,\"name\":\"Accueil\",\"item\":\"https:\\\/\\\/sysmatec.ch\\\/de\\\/\"},{\"@type\":\"ListItem\",\"position\":2,\"name\":\"Die Aktivit\u00e4t von Sysmatec\",\"item\":\"https:\\\/\\\/sysmatec.ch\\\/de\\\/\"},{\"@type\":\"ListItem\",\"position\":3,\"name\":\"AppRondo 3D Sch\u00fcttler\"}]},{\"@type\":\"WebSite\",\"@id\":\"https:\\\/\\\/sysmatec.ch\\\/de\\\/#website\",\"url\":\"https:\\\/\\\/sysmatec.ch\\\/de\\\/\",\"name\":\"Sysmatec\",\"description\":\"Equipement de laboratoire et logiciels\",\"publisher\":{\"@id\":\"https:\\\/\\\/sysmatec.ch\\\/de\\\/#organization\"},\"potentialAction\":[{\"@type\":\"SearchAction\",\"target\":{\"@type\":\"EntryPoint\",\"urlTemplate\":\"https:\\\/\\\/sysmatec.ch\\\/de\\\/?s={search_term_string}\"},\"query-input\":{\"@type\":\"PropertyValueSpecification\",\"valueRequired\":true,\"valueName\":\"search_term_string\"}}],\"inLanguage\":\"de\"},{\"@type\":\"Organization\",\"@id\":\"https:\\\/\\\/sysmatec.ch\\\/de\\\/#organization\",\"name\":\"Sysmatec\",\"url\":\"https:\\\/\\\/sysmatec.ch\\\/de\\\/\",\"logo\":{\"@type\":\"ImageObject\",\"inLanguage\":\"de\",\"@id\":\"https:\\\/\\\/sysmatec.ch\\\/de\\\/#\\\/schema\\\/logo\\\/image\\\/\",\"url\":\"https:\\\/\\\/sysmatec.ch\\\/wp-content\\\/uploads\\\/2018\\\/11\\\/LogoSysmatec.jpg\",\"contentUrl\":\"https:\\\/\\\/sysmatec.ch\\\/wp-content\\\/uploads\\\/2018\\\/11\\\/LogoSysmatec.jpg\",\"width\":301,\"height\":297,\"caption\":\"Sysmatec\"},\"image\":{\"@id\":\"https:\\\/\\\/sysmatec.ch\\\/de\\\/#\\\/schema\\\/logo\\\/image\\\/\"}}]}<\/script>\n<!-- \/ Yoast SEO plugin. -->","yoast_head_json":{"title":"AppRondo 3D Sch\u00fcttler - Sysmatec","description":"3D Sch\u00fcttler mit Kippbewegung des R\u00fchrers hin und her, um eine Wellenbewegung zu erzeugen. Drehzahlbereich 10 bis 120 U\/min.","robots":{"index":"index","follow":"follow","max-snippet":"max-snippet:-1","max-image-preview":"max-image-preview:large","max-video-preview":"max-video-preview:-1"},"canonical":"https:\/\/sysmatec.ch\/de\/produit\/approndo-3d-schuettler\/","og_locale":"de_DE","og_type":"article","og_title":"AppRondo 3D Sch\u00fcttler - Sysmatec","og_description":"3D Sch\u00fcttler mit Kippbewegung des R\u00fchrers hin und her, um eine Wellenbewegung zu erzeugen. Drehzahlbereich 10 bis 120 U\/min.","og_url":"https:\/\/sysmatec.ch\/de\/produit\/approndo-3d-schuettler\/","og_site_name":"Sysmatec","article_modified_time":"2022-03-12T10:37:06+00:00","og_image":[{"width":185,"height":156,"url":"https:\/\/sysmatec.ch\/wp-content\/uploads\/2019\/01\/Agitateur_CappRondo3DShaker.jpg","type":"image\/jpeg"}],"twitter_card":"summary_large_image","twitter_misc":{"Gesch\u00e4tzte Lesezeit":"1\u00a0Minute"},"schema":{"@context":"https:\/\/schema.org","@graph":[{"@type":"WebPage","@id":"https:\/\/sysmatec.ch\/de\/produit\/approndo-3d-schuettler\/","url":"https:\/\/sysmatec.ch\/de\/produit\/approndo-3d-schuettler\/","name":"AppRondo 3D Sch\u00fcttler - Sysmatec","isPartOf":{"@id":"https:\/\/sysmatec.ch\/de\/#website"},"primaryImageOfPage":{"@id":"https:\/\/sysmatec.ch\/de\/produit\/approndo-3d-schuettler\/#primaryimage"},"image":{"@id":"https:\/\/sysmatec.ch\/de\/produit\/approndo-3d-schuettler\/#primaryimage"},"thumbnailUrl":"https:\/\/sysmatec.ch\/wp-content\/uploads\/2019\/01\/Agitateur_CappRondo3DShaker.jpg","datePublished":"2019-01-03T17:09:03+00:00","dateModified":"2022-03-12T10:37:06+00:00","description":"3D Sch\u00fcttler mit Kippbewegung des R\u00fchrers hin und her, um eine Wellenbewegung zu erzeugen. Drehzahlbereich 10 bis 120 U\/min.","breadcrumb":{"@id":"https:\/\/sysmatec.ch\/de\/produit\/approndo-3d-schuettler\/#breadcrumb"},"inLanguage":"de","potentialAction":[{"@type":"ReadAction","target":["https:\/\/sysmatec.ch\/de\/produit\/approndo-3d-schuettler\/"]}]},{"@type":"ImageObject","inLanguage":"de","@id":"https:\/\/sysmatec.ch\/de\/produit\/approndo-3d-schuettler\/#primaryimage","url":"https:\/\/sysmatec.ch\/wp-content\/uploads\/2019\/01\/Agitateur_CappRondo3DShaker.jpg","contentUrl":"https:\/\/sysmatec.ch\/wp-content\/uploads\/2019\/01\/Agitateur_CappRondo3DShaker.jpg","width":185,"height":156},{"@type":"BreadcrumbList","@id":"https:\/\/sysmatec.ch\/de\/produit\/approndo-3d-schuettler\/#breadcrumb","itemListElement":[{"@type":"ListItem","position":1,"name":"Accueil","item":"https:\/\/sysmatec.ch\/de\/"},{"@type":"ListItem","position":2,"name":"Die Aktivit\u00e4t von Sysmatec","item":"https:\/\/sysmatec.ch\/de\/"},{"@type":"ListItem","position":3,"name":"AppRondo 3D Sch\u00fcttler"}]},{"@type":"WebSite","@id":"https:\/\/sysmatec.ch\/de\/#website","url":"https:\/\/sysmatec.ch\/de\/","name":"Sysmatec","description":"Equipement de laboratoire et logiciels","publisher":{"@id":"https:\/\/sysmatec.ch\/de\/#organization"},"potentialAction":[{"@type":"SearchAction","target":{"@type":"EntryPoint","urlTemplate":"https:\/\/sysmatec.ch\/de\/?s={search_term_string}"},"query-input":{"@type":"PropertyValueSpecification","valueRequired":true,"valueName":"search_term_string"}}],"inLanguage":"de"},{"@type":"Organization","@id":"https:\/\/sysmatec.ch\/de\/#organization","name":"Sysmatec","url":"https:\/\/sysmatec.ch\/de\/","logo":{"@type":"ImageObject","inLanguage":"de","@id":"https:\/\/sysmatec.ch\/de\/#\/schema\/logo\/image\/","url":"https:\/\/sysmatec.ch\/wp-content\/uploads\/2018\/11\/LogoSysmatec.jpg","contentUrl":"https:\/\/sysmatec.ch\/wp-content\/uploads\/2018\/11\/LogoSysmatec.jpg","width":301,"height":297,"caption":"Sysmatec"},"image":{"@id":"https:\/\/sysmatec.ch\/de\/#\/schema\/logo\/image\/"}}]}},"_links":{"self":[{"href":"https:\/\/sysmatec.ch\/de\/wp-json\/wp\/v2\/product\/2434","targetHints":{"allow":["GET"]}}],"collection":[{"href":"https:\/\/sysmatec.ch\/de\/wp-json\/wp\/v2\/product"}],"about":[{"href":"https:\/\/sysmatec.ch\/de\/wp-json\/wp\/v2\/types\/product"}],"wp:featuredmedia":[{"embeddable":true,"href":"https:\/\/sysmatec.ch\/de\/wp-json\/wp\/v2\/media\/1119"}],"wp:attachment":[{"href":"https:\/\/sysmatec.ch\/de\/wp-json\/wp\/v2\/media?parent=2434"}],"wp:term":[{"taxonomy":"product_brand","embeddable":true,"href":"https:\/\/sysmatec.ch\/de\/wp-json\/wp\/v2\/product_brand?post=2434"},{"taxonomy":"product_cat","embeddable":true,"href":"https:\/\/sysmatec.ch\/de\/wp-json\/wp\/v2\/product_cat?post=2434"},{"taxonomy":"product_tag","embeddable":true,"href":"https:\/\/sysmatec.ch\/de\/wp-json\/wp\/v2\/product_tag?post=2434"}],"curies":[{"name":"wp","href":"https:\/\/api.w.org\/{rel}","templated":true}]}}