{"id":2431,"date":"2019-01-03T18:14:48","date_gmt":"2019-01-03T17:14:48","guid":{"rendered":"https:\/\/sysmatec.ch\/produit\/agitateur-basculant-asrl\/"},"modified":"2022-03-12T10:32:54","modified_gmt":"2022-03-12T09:32:54","slug":"see-saege-welle-schuettler-asrl","status":"publish","type":"product","link":"https:\/\/sysmatec.ch\/de\/Produkt\/see-saege-welle-schuettler-asrl\/","title":{"rendered":"See-S\u00e4ge (Welle) Sch\u00fcttler ASRL"},"content":{"rendered":"<p>hier wird einen wellenartige Mischprozess erzeugt. Diese Sch\u00fcttler sind oft f\u00fcr das Mischen verschiedener Flach Flaschen, wie Kulturflaschen, Petrischalen usw.., eingesetzt<\/p>\n<p>Technische Daten<\/p>\n<table border=\"1\" width=\"670\" cellspacing=\"2\" cellpadding=\"0\">\n<tbody>\n<tr>\n<td>Modell<\/td>\n<td>ASRL-3<\/td>\n<td>ASRL-4<\/td>\n<td>ASRM-7<\/td>\n<td>ASRM-8<\/td>\n<\/tr>\n<tr>\n<td>Geschwindigkeit (rpm)<\/td>\n<td>5 bis 70<\/td>\n<td>5 bis 70<\/td>\n<td>35 bis 70<\/td>\n<td>35 bis 70<\/td>\n<\/tr>\n<tr>\n<td>Platform<\/td>\n<td>335x335mm<\/td>\n<td>335x335mm<\/td>\n<td>235x235mm<\/td>\n<td>235x235mm<\/td>\n<\/tr>\n<tr>\n<td>Kippwinkel (degree)<\/td>\n<td>7<\/td>\n<td>7<\/td>\n<td>7<\/td>\n<td>7<\/td>\n<\/tr>\n<tr>\n<td>Maximum Gewich (Kg)<\/td>\n<td>10<\/td>\n<td>10<\/td>\n<td>10<\/td>\n<td>10<\/td>\n<\/tr>\n<tr>\n<td>Timer (min)<\/td>\n<td>120<\/td>\n<td>540<\/td>\n<td>120<\/td>\n<td>540<\/td>\n<\/tr>\n<tr>\n<td>Dimension<\/td>\n<td>360x420x270mm<\/td>\n<td>360x420x270mm<\/td>\n<td>240x300x160mm<\/td>\n<td>240x300x160mm<\/td>\n<\/tr>\n<tr>\n<td>Arbeitstemperatur<\/td>\n<td>+4\u00b0C bis +40\u00b0C<\/td>\n<td>+4\u00b0C bis +40\u00b0C<\/td>\n<td>+4\u00b0C bis +40\u00b0C<\/td>\n<td>+4\u00b0C bis +40\u00b0C<\/td>\n<\/tr>\n<tr>\n<td>Max. Feuchte (%)<\/td>\n<td>80<\/td>\n<td>80<\/td>\n<td>80<\/td>\n<td>80<\/td>\n<\/tr>\n<tr>\n<td>Netto Gewicht (Kg)<\/td>\n<td>10<\/td>\n<td>10<\/td>\n<td>6<\/td>\n<td>6<\/td>\n<\/tr>\n<tr>\n<td>Stromspeisung<\/td>\n<td>230V, 50Hz, 50W<\/td>\n<td>230V, 50Hz, 50W<\/td>\n<td>230V, 50Hz, 50W<\/td>\n<td>230V, 50Hz, 50W<\/td>\n<\/tr>\n<\/tbody>\n<\/table>\n","protected":false},"excerpt":{"rendered":"<p><span class=\"VIiyi\" lang=\"de\"><span class=\"JLqJ4b ChMk0b\" data-language-for-alternatives=\"de\" data-language-to-translate-into=\"fr\" data-phrase-index=\"3\" data-number-of-phrases=\"4\">Kippr\u00fchrer mit einstellbarer Drehzahl 5 bis 70 U\/min.<\/span><\/span><\/p>\n","protected":false},"featured_media":1121,"template":"","meta":{"_crdt_document":""},"product_brand":[],"product_cat":[159,87],"product_tag":[],"class_list":{"0":"post-2431","1":"product","2":"type-product","3":"status-publish","4":"has-post-thumbnail","6":"product_cat-kultur","7":"product_cat-ruehren","9":"first","10":"instock","11":"taxable","12":"shipping-taxable","13":"product-type-simple"},"yoast_head":"<!-- This site is optimized with the Yoast SEO plugin v27.3 - https:\/\/yoast.com\/product\/yoast-seo-wordpress\/ -->\n<title>See-S\u00e4ge (Welle) Sch\u00fcttler ASRL - Sysmatec<\/title>\n<meta name=\"description\" content=\"Kippbewegung des R\u00fchrers hin und her, um eine Wellenbewegung zu erzeugen. Drehzahlbereich 5 bis 70 U\/min.\" \/>\n<meta name=\"robots\" content=\"index, follow, max-snippet:-1, max-image-preview:large, max-video-preview:-1\" \/>\n<link rel=\"canonical\" href=\"https:\/\/sysmatec.ch\/de\/produit\/see-saege-welle-schuettler-asrl\/\" \/>\n<meta property=\"og:locale\" content=\"de_DE\" \/>\n<meta property=\"og:type\" content=\"article\" \/>\n<meta property=\"og:title\" content=\"See-S\u00e4ge (Welle) Sch\u00fcttler ASRL - Sysmatec\" \/>\n<meta property=\"og:description\" content=\"Kippbewegung des R\u00fchrers hin und her, um eine Wellenbewegung zu erzeugen. Drehzahlbereich 5 bis 70 U\/min.\" \/>\n<meta property=\"og:url\" content=\"https:\/\/sysmatec.ch\/de\/produit\/see-saege-welle-schuettler-asrl\/\" \/>\n<meta property=\"og:site_name\" content=\"Sysmatec\" \/>\n<meta property=\"article:modified_time\" content=\"2022-03-12T09:32:54+00:00\" \/>\n<meta property=\"og:image\" content=\"https:\/\/sysmatec.ch\/wp-content\/uploads\/2019\/01\/Agitateur_AELabAMSL-1.jpg\" \/>\n\t<meta property=\"og:image:width\" content=\"189\" \/>\n\t<meta property=\"og:image:height\" content=\"146\" \/>\n\t<meta property=\"og:image:type\" content=\"image\/jpeg\" \/>\n<meta name=\"twitter:card\" content=\"summary_large_image\" \/>\n<script type=\"application\/ld+json\" class=\"yoast-schema-graph\">{\"@context\":\"https:\\\/\\\/schema.org\",\"@graph\":[{\"@type\":\"WebPage\",\"@id\":\"https:\\\/\\\/sysmatec.ch\\\/de\\\/produit\\\/see-saege-welle-schuettler-asrl\\\/\",\"url\":\"https:\\\/\\\/sysmatec.ch\\\/de\\\/produit\\\/see-saege-welle-schuettler-asrl\\\/\",\"name\":\"See-S\u00e4ge (Welle) Sch\u00fcttler ASRL - Sysmatec\",\"isPartOf\":{\"@id\":\"https:\\\/\\\/sysmatec.ch\\\/de\\\/#website\"},\"primaryImageOfPage\":{\"@id\":\"https:\\\/\\\/sysmatec.ch\\\/de\\\/produit\\\/see-saege-welle-schuettler-asrl\\\/#primaryimage\"},\"image\":{\"@id\":\"https:\\\/\\\/sysmatec.ch\\\/de\\\/produit\\\/see-saege-welle-schuettler-asrl\\\/#primaryimage\"},\"thumbnailUrl\":\"https:\\\/\\\/sysmatec.ch\\\/wp-content\\\/uploads\\\/2019\\\/01\\\/Agitateur_AELabAMSL-1.jpg\",\"datePublished\":\"2019-01-03T17:14:48+00:00\",\"dateModified\":\"2022-03-12T09:32:54+00:00\",\"description\":\"Kippbewegung des R\u00fchrers hin und her, um eine Wellenbewegung zu erzeugen. Drehzahlbereich 5 bis 70 U\\\/min.\",\"breadcrumb\":{\"@id\":\"https:\\\/\\\/sysmatec.ch\\\/de\\\/produit\\\/see-saege-welle-schuettler-asrl\\\/#breadcrumb\"},\"inLanguage\":\"de\",\"potentialAction\":[{\"@type\":\"ReadAction\",\"target\":[\"https:\\\/\\\/sysmatec.ch\\\/de\\\/produit\\\/see-saege-welle-schuettler-asrl\\\/\"]}]},{\"@type\":\"ImageObject\",\"inLanguage\":\"de\",\"@id\":\"https:\\\/\\\/sysmatec.ch\\\/de\\\/produit\\\/see-saege-welle-schuettler-asrl\\\/#primaryimage\",\"url\":\"https:\\\/\\\/sysmatec.ch\\\/wp-content\\\/uploads\\\/2019\\\/01\\\/Agitateur_AELabAMSL-1.jpg\",\"contentUrl\":\"https:\\\/\\\/sysmatec.ch\\\/wp-content\\\/uploads\\\/2019\\\/01\\\/Agitateur_AELabAMSL-1.jpg\",\"width\":189,\"height\":146},{\"@type\":\"BreadcrumbList\",\"@id\":\"https:\\\/\\\/sysmatec.ch\\\/de\\\/produit\\\/see-saege-welle-schuettler-asrl\\\/#breadcrumb\",\"itemListElement\":[{\"@type\":\"ListItem\",\"position\":1,\"name\":\"Accueil\",\"item\":\"https:\\\/\\\/sysmatec.ch\\\/de\\\/\"},{\"@type\":\"ListItem\",\"position\":2,\"name\":\"Die Aktivit\u00e4t von Sysmatec\",\"item\":\"https:\\\/\\\/sysmatec.ch\\\/de\\\/\"},{\"@type\":\"ListItem\",\"position\":3,\"name\":\"See-S\u00e4ge (Welle) Sch\u00fcttler ASRL\"}]},{\"@type\":\"WebSite\",\"@id\":\"https:\\\/\\\/sysmatec.ch\\\/de\\\/#website\",\"url\":\"https:\\\/\\\/sysmatec.ch\\\/de\\\/\",\"name\":\"Sysmatec\",\"description\":\"Equipement de laboratoire et logiciels\",\"publisher\":{\"@id\":\"https:\\\/\\\/sysmatec.ch\\\/de\\\/#organization\"},\"potentialAction\":[{\"@type\":\"SearchAction\",\"target\":{\"@type\":\"EntryPoint\",\"urlTemplate\":\"https:\\\/\\\/sysmatec.ch\\\/de\\\/?s={search_term_string}\"},\"query-input\":{\"@type\":\"PropertyValueSpecification\",\"valueRequired\":true,\"valueName\":\"search_term_string\"}}],\"inLanguage\":\"de\"},{\"@type\":\"Organization\",\"@id\":\"https:\\\/\\\/sysmatec.ch\\\/de\\\/#organization\",\"name\":\"Sysmatec\",\"url\":\"https:\\\/\\\/sysmatec.ch\\\/de\\\/\",\"logo\":{\"@type\":\"ImageObject\",\"inLanguage\":\"de\",\"@id\":\"https:\\\/\\\/sysmatec.ch\\\/de\\\/#\\\/schema\\\/logo\\\/image\\\/\",\"url\":\"https:\\\/\\\/sysmatec.ch\\\/wp-content\\\/uploads\\\/2018\\\/11\\\/LogoSysmatec.jpg\",\"contentUrl\":\"https:\\\/\\\/sysmatec.ch\\\/wp-content\\\/uploads\\\/2018\\\/11\\\/LogoSysmatec.jpg\",\"width\":301,\"height\":297,\"caption\":\"Sysmatec\"},\"image\":{\"@id\":\"https:\\\/\\\/sysmatec.ch\\\/de\\\/#\\\/schema\\\/logo\\\/image\\\/\"}}]}<\/script>\n<!-- \/ Yoast SEO plugin. -->","yoast_head_json":{"title":"See-S\u00e4ge (Welle) Sch\u00fcttler ASRL - Sysmatec","description":"Kippbewegung des R\u00fchrers hin und her, um eine Wellenbewegung zu erzeugen. Drehzahlbereich 5 bis 70 U\/min.","robots":{"index":"index","follow":"follow","max-snippet":"max-snippet:-1","max-image-preview":"max-image-preview:large","max-video-preview":"max-video-preview:-1"},"canonical":"https:\/\/sysmatec.ch\/de\/produit\/see-saege-welle-schuettler-asrl\/","og_locale":"de_DE","og_type":"article","og_title":"See-S\u00e4ge (Welle) Sch\u00fcttler ASRL - Sysmatec","og_description":"Kippbewegung des R\u00fchrers hin und her, um eine Wellenbewegung zu erzeugen. Drehzahlbereich 5 bis 70 U\/min.","og_url":"https:\/\/sysmatec.ch\/de\/produit\/see-saege-welle-schuettler-asrl\/","og_site_name":"Sysmatec","article_modified_time":"2022-03-12T09:32:54+00:00","og_image":[{"width":189,"height":146,"url":"https:\/\/sysmatec.ch\/wp-content\/uploads\/2019\/01\/Agitateur_AELabAMSL-1.jpg","type":"image\/jpeg"}],"twitter_card":"summary_large_image","schema":{"@context":"https:\/\/schema.org","@graph":[{"@type":"WebPage","@id":"https:\/\/sysmatec.ch\/de\/produit\/see-saege-welle-schuettler-asrl\/","url":"https:\/\/sysmatec.ch\/de\/produit\/see-saege-welle-schuettler-asrl\/","name":"See-S\u00e4ge (Welle) Sch\u00fcttler ASRL - Sysmatec","isPartOf":{"@id":"https:\/\/sysmatec.ch\/de\/#website"},"primaryImageOfPage":{"@id":"https:\/\/sysmatec.ch\/de\/produit\/see-saege-welle-schuettler-asrl\/#primaryimage"},"image":{"@id":"https:\/\/sysmatec.ch\/de\/produit\/see-saege-welle-schuettler-asrl\/#primaryimage"},"thumbnailUrl":"https:\/\/sysmatec.ch\/wp-content\/uploads\/2019\/01\/Agitateur_AELabAMSL-1.jpg","datePublished":"2019-01-03T17:14:48+00:00","dateModified":"2022-03-12T09:32:54+00:00","description":"Kippbewegung des R\u00fchrers hin und her, um eine Wellenbewegung zu erzeugen. Drehzahlbereich 5 bis 70 U\/min.","breadcrumb":{"@id":"https:\/\/sysmatec.ch\/de\/produit\/see-saege-welle-schuettler-asrl\/#breadcrumb"},"inLanguage":"de","potentialAction":[{"@type":"ReadAction","target":["https:\/\/sysmatec.ch\/de\/produit\/see-saege-welle-schuettler-asrl\/"]}]},{"@type":"ImageObject","inLanguage":"de","@id":"https:\/\/sysmatec.ch\/de\/produit\/see-saege-welle-schuettler-asrl\/#primaryimage","url":"https:\/\/sysmatec.ch\/wp-content\/uploads\/2019\/01\/Agitateur_AELabAMSL-1.jpg","contentUrl":"https:\/\/sysmatec.ch\/wp-content\/uploads\/2019\/01\/Agitateur_AELabAMSL-1.jpg","width":189,"height":146},{"@type":"BreadcrumbList","@id":"https:\/\/sysmatec.ch\/de\/produit\/see-saege-welle-schuettler-asrl\/#breadcrumb","itemListElement":[{"@type":"ListItem","position":1,"name":"Accueil","item":"https:\/\/sysmatec.ch\/de\/"},{"@type":"ListItem","position":2,"name":"Die Aktivit\u00e4t von Sysmatec","item":"https:\/\/sysmatec.ch\/de\/"},{"@type":"ListItem","position":3,"name":"See-S\u00e4ge (Welle) Sch\u00fcttler ASRL"}]},{"@type":"WebSite","@id":"https:\/\/sysmatec.ch\/de\/#website","url":"https:\/\/sysmatec.ch\/de\/","name":"Sysmatec","description":"Equipement de laboratoire et logiciels","publisher":{"@id":"https:\/\/sysmatec.ch\/de\/#organization"},"potentialAction":[{"@type":"SearchAction","target":{"@type":"EntryPoint","urlTemplate":"https:\/\/sysmatec.ch\/de\/?s={search_term_string}"},"query-input":{"@type":"PropertyValueSpecification","valueRequired":true,"valueName":"search_term_string"}}],"inLanguage":"de"},{"@type":"Organization","@id":"https:\/\/sysmatec.ch\/de\/#organization","name":"Sysmatec","url":"https:\/\/sysmatec.ch\/de\/","logo":{"@type":"ImageObject","inLanguage":"de","@id":"https:\/\/sysmatec.ch\/de\/#\/schema\/logo\/image\/","url":"https:\/\/sysmatec.ch\/wp-content\/uploads\/2018\/11\/LogoSysmatec.jpg","contentUrl":"https:\/\/sysmatec.ch\/wp-content\/uploads\/2018\/11\/LogoSysmatec.jpg","width":301,"height":297,"caption":"Sysmatec"},"image":{"@id":"https:\/\/sysmatec.ch\/de\/#\/schema\/logo\/image\/"}}]}},"_links":{"self":[{"href":"https:\/\/sysmatec.ch\/de\/wp-json\/wp\/v2\/product\/2431","targetHints":{"allow":["GET"]}}],"collection":[{"href":"https:\/\/sysmatec.ch\/de\/wp-json\/wp\/v2\/product"}],"about":[{"href":"https:\/\/sysmatec.ch\/de\/wp-json\/wp\/v2\/types\/product"}],"wp:featuredmedia":[{"embeddable":true,"href":"https:\/\/sysmatec.ch\/de\/wp-json\/wp\/v2\/media\/1121"}],"wp:attachment":[{"href":"https:\/\/sysmatec.ch\/de\/wp-json\/wp\/v2\/media?parent=2431"}],"wp:term":[{"taxonomy":"product_brand","embeddable":true,"href":"https:\/\/sysmatec.ch\/de\/wp-json\/wp\/v2\/product_brand?post=2431"},{"taxonomy":"product_cat","embeddable":true,"href":"https:\/\/sysmatec.ch\/de\/wp-json\/wp\/v2\/product_cat?post=2431"},{"taxonomy":"product_tag","embeddable":true,"href":"https:\/\/sysmatec.ch\/de\/wp-json\/wp\/v2\/product_tag?post=2431"}],"curies":[{"name":"wp","href":"https:\/\/api.w.org\/{rel}","templated":true}]}}